{"id":3720,"date":"2018-04-06T07:29:27","date_gmt":"2018-04-06T07:29:27","guid":{"rendered":"http:\/\/templatetoaster.com\/magento"},"modified":"2019-08-12T07:58:14","modified_gmt":"2019-08-12T07:58:14","slug":"magento","status":"publish","type":"page","link":"https:\/\/templatetoaster.com\/de\/magento","title":{"rendered":"Wie man TemplateToaster generierte Themes auf Magento hochl\u00e4dt, installiert und konfiguriert."},"content":{"rendered":"<div class=\"tt_documentation_instruction_row row\">\n<h1 class=\"heading_border\">Wie man TemplateToaster generierte Themes auf Magento hochl\u00e4dt, installiert und konfiguriert.<\/h1>\n<div class=\"demo_row1 even row\">\n<div class=\"demo_video_cms\" style=\"background-position: 137px -62px;\"><\/div>\n<h2>Magento 1.9<\/h2>\n<div class=\"row\">\n<div class=\"col-md-6 col-sm-6 col-xs-12\">\n<div class=\"vedio_bg\">\n<div class=\"tt_video_modal\">\n<p><a href=\"https:\/\/youtu.be\/tmMFYqDKsrk\"><img decoding=\"async\" src=\"https:\/\/templatetoaster.com\/wp-content\/uploads\/2018\/02\/youtube.png\" \/><\/a><\/p>\n<div class=\"video-content\">\n<h3>Wie man Magento 1.9 Themes in TemplateToaster erstellt<\/h3>\n<\/div>\n<\/div>\n<\/div>\n<\/div>\n<div class=\"col-md-6 col-sm-6 col-xs-12\">\n<div class=\"vedio_bg\">\n<div class=\"tt_video_modal\">\n<p><a href=\"https:\/\/youtu.be\/D6KBdP3kdjg\"><img decoding=\"async\" src=\"https:\/\/templatetoaster.com\/wp-content\/uploads\/2018\/02\/youtube.png\" \/><\/a><\/p>\n<div class=\"video-content\">\n<h3>Wie man mit TemplateToaster generierte Themes auf Magento 1.9 hochl\u00e4dt.<\/h3>\n<\/div>\n<\/div>\n<\/div>\n<\/div>\n<div class=\"clearfix visible-lg-block visible-md-block\"><\/div>\n<\/div>\n<\/div>\n<div class=\"demo_row1 even row\">\n<div class=\"demo_video_cms\" style=\"background-position: 137px -62px;\"><\/div>\n<h2> Magento 2.0<\/h2>\n<div class=\"row\">\n<div class=\"col-md-6 col-sm-6 col-xs-12\">\n<div class=\"vedio_bg\">\n<div class=\"tt_video_modal\">\n<p><a href=\"https:\/\/youtu.be\/tmMFYqDKsrk\"><img decoding=\"async\" src=\"https:\/\/templatetoaster.com\/wp-content\/uploads\/2018\/02\/youtube.png\" \/><\/a><\/p>\n<div class=\"video-content\">\n<h3>Wie man Magento 2.0 Themes in TemplateToaster erstellt<\/h3>\n<\/div>\n<\/div>\n<\/div>\n<\/div>\n<div class=\"col-md-6 col-sm-6 col-xs-12\">\n<div class=\"vedio_bg\">\n<div class=\"tt_video_modal\">\n<p><a href=\"https:\/\/youtu.be\/yz75jq66vn4\"><img decoding=\"async\" src=\"https:\/\/templatetoaster.com\/wp-content\/uploads\/2018\/02\/youtube.png\" \/><\/a><\/p>\n<div class=\"video-content\">\n<h3>Wie man mit TemplateToaster generierte Themes auf Magento 2.0 hochl\u00e4dt.<\/h3>\n<\/div>\n<\/div>\n<\/div>\n<\/div>\n<div class=\"clearfix visible-lg-block visible-md-block\"><\/div>\n<\/div>\n<\/div>\n<div class=\"basic\">\n<div class=\"basic-step\">\n<h3 style=\"margin-bottom: 15px;\"><a href=\"#magento1.9\">Magento Theme Installationsanleitung f\u00fcr Magento 1.9<br \/>\n<\/a><\/h3>\n<h3 style=\"margin-bottom: 15px;\"><a href=\"#magento1.9\">Magento Theme Installationsanleitung f\u00fcr Magento 2.0<\/a><\/h3>\n<p><a name=\"magento1.9\"><\/a><\/p>\n<h4 style=\"margin: 15px 0px 10px;\">1. Theme Dateien kopieren<\/h4>\n<ol>\n<li>Auf XAMPP, WAMPP etc. (Wenn du das Magento Theme auf dem lokalen PC installieren m\u00f6chtest)<\/li>\n<li> Exportiere das Design als.zip-Datei.<\/li>\n<li> Entpacke die Zip-Datei in den Magento-Root-Ordner.<\/li>\n<li>Auf dem Hosting-Server (Wenn du das Magento Theme auf dem Server installieren m\u00f6chtest)<\/li>\n<li> Exportiere das Design als Ordner.<\/li>\n<li> Lade den Inhalt des Ordners in das Stammverzeichnis von\u00a0 \u00a0 \u00a0 \u00a0 \u00a0 \u00a0 \u00a0 Magento hoch. Bitte beachte den folgenden Screenshot.<\/li>\n<\/ol>\n<\/div>\n<\/div>\n<div class=\"basic\">\n<div class=\"basic-step\">\n<h4>2. Gehen Sie wie folgt vor:<\/h4>\n<ol>\n<li>\u00d6ffne dein Magento-Administrationspanel und gehe zu System &gt; Design Section.<\/li>\n<li>Auf dem erscheinenden Bildschirm klicke oben rechts in der oberen Ecke auf die Schaltfl\u00e4che &#8222;Neues Design hinzuf\u00fcgen&#8220; (oder auf die Schaltfl\u00e4che &#8222;Design\u00e4nderung hinzuf\u00fcgen&#8220;).<\/li>\n<li>W\u00e4hle im Feld &#8222;Benutzerdefiniertes Design&#8220; Ihr neu installiertes Design aus.<\/li>\n<li>Klicke auf die Schaltfl\u00e4che &#8222;Speichern&#8220;, um die \u00c4nderungen zu \u00fcbernehmen.<\/li>\n<li> Erstelle eine Kategorie als Unterkategorie zu deiner Standardkategorie f\u00fcr das Theme. Diese muss inaktiv sein, um in der Hauptnavigation ausgeblendet werden zu k\u00f6nnen. Diese Kategorie ist f\u00fcr &#8222;Produkte auf der Startseite&#8220; vorgesehen. Merke dir die ID dieser Kategorie. Siehe das Bild unten.<\/h6>\n<li>\u00a0Sobald die Kategorie erstellt ist, ist es gut, mehrere Produkte hinzuzuf\u00fcgen.<\/li>\n<\/ol>\n<p>&nbsp;<\/p>\n<p><img decoding=\"async\" class=\"img-responsive center-block\" src=\"https:\/\/templatetoaster.com\/wp-content\/uploads\/2012\/03\/images\/pf\/1.jpg\" alt=\"\" \/><\/p>\n<p>&nbsp;<\/p>\n<p><img decoding=\"async\" class=\"img-responsive center-block\" src=\"https:\/\/templatetoaster.com\/wp-content\/uploads\/2012\/03\/images\/pf\/3.jpg\" alt=\"\" \/><\/p>\n<\/div>\n<\/div>\n<div class=\"basic\">\n<div class=\"basic-step\">\n<h3>Startseite bearbeiten<\/h3>\n<p>Gehen Sie zu CMS-&gt;Seiten und Bearbeiten\/Hinzuf\u00fcgen der Startseite. Zum Inhalt gehen und hinzuf\u00fcgen<\/p>\n<p>{{block type=&#8220;catalog\/product_list&#8220; category_id=&#8220;HomeProductsCategoryID&#8220; template=&#8220;catalog\/product\/list.phtml&#8220;}}}}<br \/>\nVergiss nicht, &#8222;HomeProductsCategoryID&#8220; durch die ID einer der erstellten Kategorien zu ersetzen.<\/p>\n<p>&nbsp;<\/p>\n<div class=\"divider_border\"><\/div>\n<p>&nbsp;\n<\/p><\/div>\n<\/div>\n<div class=\"basic\">\n<div class=\"basic-step\">\n<h3 style=\"margin-bottom: 15px;\">Hinzuf\u00fcgen\/Erstellen eines statischen Blocks (optional)<\/h3>\n<ol class=\"decimal\">\n<li>Logge dich in die Administration deines Magento-Shops ein.<\/li>\n<li>Navigiere zu CMS&gt;Statische Bl\u00f6cke<\/li>\n<li>Klicke auf Neuen Block hinzuf\u00fcgen in der oberen rechten Ecke.<\/li>\n<li>Gebe deinem Block einen Blocktitel.<\/li>\n<li>Gib deinem Block eine Kennung, mit der man den Block aufrufen kann. Stelle sicher, dass der Kennung nur Kleinbuchstaben enth\u00e4lt und durch Unterstriche getrennt ist, um der Nomenklatur von Magento zu folgen, z.B. your_block_id.<\/li>\n<li>W\u00e4hle, zu welcher Filialansicht der Block geh\u00f6rt. Lasse es einfach bei Alle Store Views, es sei denn, du hast einen guten Grund, den Status nicht auf Aktiviert zu setzen.<\/li>\n<li>Gebe dein HTML in das Feld Inhalt ein.<\/li>\n<li>Klicke auf Block speichern oder Speichern und Bearbeiten fortsetzen, um deine Einstellungen zu speichern.<\/li>\n<\/ol>\n<\/div>\n<\/div>\n<div class=\"basic\">\n<div class=\"basic-step\">\n<h3 style=\"margin-bottom: 15px;\">Block in xml hinzuf\u00fcgen (Optional)<\/h3>\n<pre>  \r\n&lt;reference name=\"BlockReferenceName\"&gt;\r\n   &lt;block type=\"cms\/block\" name\"your_block_id\" before=\"_\"&gt;\r\n\t&lt;action method=\"setBlockId\"&gt;\r\n\t   &lt;block_id&gt;your_block_id &lt;\/block_id&gt;\r\n\t&lt;\/action&gt;\r\n  &lt;\/block&gt;\r\n&lt;reference&gt;\r\n<\/pre>\n<p>&nbsp;<\/p>\n<ol class=\"decimal\">\n<li>\u00d6ffnen Sie die cms.xml aus app &gt; design &gt; frontend &gt; default &gt; dein_theme &gt; Layoutordner.<\/li>\n<li>Entkommentiere den obigen Code. &#8222;BlockReferenceName&#8220; ist der Name des Bereichs, in dem der statische Block platziert werden muss.<\/li>\n<li>Dieser Code platziert den Block &#8222;your_block_id&#8220;, den du im Admin erstellt hast, \u00fcber den Inhalt der Kategorieseiten (beachte das Attribut before=&#8220;-&#8222;, das sicherstellt, dass dein Block vor dem Rest des Inhalts angezeigt wird).<\/li>\n<li>Um weitere Bl\u00f6cke hinzuzuf\u00fcgen, f\u00fcge diese \u00fcber dem Code ein und weise den entsprechenden &#8222;BlockReferenceName&#8220; und &#8222;your_block_id&#8220; zu.<\/li>\n<\/ol>\n<\/div>\n<\/div>\n<div class=\"basic\">\n<div class=\"basic-step\">\n<h3 style=\"margin-bottom: 15px;\">Magento Theme Installationsanleitung f\u00fcr Magento 2.0<\/h3>\n<ol>\n<li>Nachdem du mit dem Design eines Magento 2 Themes fertig bist, kannst du den Themenordner exportieren:<\/li>\n<li>Klicke auf das Magento-Symbol oben rechts im TemplateToaster (siehe Magento1.png) oder w\u00e4hle Datei -&gt; Export.<\/li>\n<li>Es \u00f6ffnet sich ein Popup mit dem Namen &#8222;Export Magento Theme&#8220; (siehe Magento1.png) -&gt; Durchsuchen Sie den Pfad zum Speichern des exportieren des Ordners -&gt; W\u00e4hle Version 2.x aus -&gt; klicke auf die Schaltfl\u00e4che Export im Popup.<\/li>\n<li>Der Themenordner wird in den ausgew\u00e4hlten Pfad exportiert.<\/li>\n<li>Suche und \u00f6ffne den Ordner Exported Magento theme -&gt;<\/li>\n<li>Kopiere den Ordner &#8222;app&#8220; aus dem Ordner theme (siehe Magento2.png).<\/li>\n<li>Gehe in den Magento 2-Installationsordner Ihres Systems -&gt; Kopierten &#8222;app&#8220;-Ordner in ihn einf\u00fcgen (siehe Magento3.png).<\/li>\n<li>Gehe nun zu Magento 2 Dashboard -&gt; Admin -&gt; Store -&gt; Konfiguration (siehe Magento4.png).<\/li>\n<li>W\u00e4hle unter Konfiguration -&gt; Gehe zu Allgemein -&gt; Design -&gt; Design Theme -&gt; W\u00e4hlen Sie das Design aus der Dropdown-Liste &#8222;Design Theme&#8220; (siehe Magento5.png) -&gt;<\/li>\n<li>Klicke auf die Schaltfl\u00e4che &#8222;Konfiguration speichern&#8220; (siehe Magento6.png).<\/li>\n<li>Die Meldung &#8222;Sie haben die Konfiguration gespeichert&#8220; erscheint, jetzt ist dein Design als Standard festgelegt (siehe Magento7.png).<\/li>\n<\/ol>\n<\/div>\n<\/div>\n<div class=\"basic\">\n<div class=\"basic-step\">\n<a href=\"https:\/\/templatetoaster.com\/wp-content\/uploads\/2013\/05\/step1.jpg\"><img loading=\"lazy\" decoding=\"async\" class=\"aligncenter size-medium wp-image-3066\" src=\"https:\/\/templatetoaster.com\/wp-content\/uploads\/2013\/05\/step1.jpg\" alt=\"Upload and install manegento 2 template step 1\" width=\"823\" height=\"523\" \/><\/a><\/p>\n<p><a href=\"https:\/\/templatetoaster.com\/wp-content\/uploads\/2013\/05\/step2.jpg\"><img loading=\"lazy\" decoding=\"async\" class=\"aligncenter size-full wp-image-3067\" src=\"https:\/\/templatetoaster.com\/wp-content\/uploads\/2013\/05\/step2.jpg\" alt=\"Upload and install manegento 2 template step 2\" width=\"823\" height=\"523\" srcset=\"https:\/\/templatetoaster.com\/wp-content\/uploads\/2013\/05\/step2.jpg 823w, https:\/\/templatetoaster.com\/wp-content\/uploads\/2013\/05\/step2-600x381.jpg 600w, https:\/\/templatetoaster.com\/wp-content\/uploads\/2013\/05\/step2-300x191.jpg 300w\" sizes=\"(max-width: 823px) 100vw, 823px\" \/><\/a><\/p>\n<p><a href=\"https:\/\/templatetoaster.com\/wp-content\/uploads\/2013\/05\/step3.jpg\"><img loading=\"lazy\" decoding=\"async\" class=\"aligncenter size-full wp-image-3068\" src=\"https:\/\/templatetoaster.com\/wp-content\/uploads\/2013\/05\/step3.jpg\" alt=\"Upload and install manegento 2 template step 3\" width=\"823\" height=\"348\" srcset=\"https:\/\/templatetoaster.com\/wp-content\/uploads\/2013\/05\/step3.jpg 823w, https:\/\/templatetoaster.com\/wp-content\/uploads\/2013\/05\/step3-600x254.jpg 600w, https:\/\/templatetoaster.com\/wp-content\/uploads\/2013\/05\/step3-300x127.jpg 300w\" sizes=\"(max-width: 823px) 100vw, 823px\" \/><\/a><\/p>\n<p><a href=\"https:\/\/templatetoaster.com\/wp-content\/uploads\/2013\/05\/step4.jpg\"><img loading=\"lazy\" decoding=\"async\" class=\"aligncenter size-full wp-image-3069\" src=\"https:\/\/templatetoaster.com\/wp-content\/uploads\/2013\/05\/step4.jpg\" alt=\"Upload and install manegento 2 template step 4\" width=\"823\" height=\"368\" srcset=\"https:\/\/templatetoaster.com\/wp-content\/uploads\/2013\/05\/step4.jpg 823w, https:\/\/templatetoaster.com\/wp-content\/uploads\/2013\/05\/step4-600x268.jpg 600w, https:\/\/templatetoaster.com\/wp-content\/uploads\/2013\/05\/step4-300x134.jpg 300w\" sizes=\"(max-width: 823px) 100vw, 823px\" \/><\/a><\/p>\n<p><a href=\"https:\/\/templatetoaster.com\/wp-content\/uploads\/2013\/05\/step5.jpg\"><img loading=\"lazy\" decoding=\"async\" class=\"aligncenter size-full wp-image-3070\" src=\"https:\/\/templatetoaster.com\/wp-content\/uploads\/2013\/05\/step5.jpg\" alt=\"Upload and install manegento 2 template step 5\" width=\"823\" height=\"625\" srcset=\"https:\/\/templatetoaster.com\/wp-content\/uploads\/2013\/05\/step5.jpg 823w, https:\/\/templatetoaster.com\/wp-content\/uploads\/2013\/05\/step5-600x456.jpg 600w, https:\/\/templatetoaster.com\/wp-content\/uploads\/2013\/05\/step5-300x228.jpg 300w\" sizes=\"(max-width: 823px) 100vw, 823px\" \/><\/a><\/p>\n<p><a href=\"https:\/\/templatetoaster.com\/wp-content\/uploads\/2013\/05\/step6.jpg\"><img loading=\"lazy\" decoding=\"async\" class=\"aligncenter size-full wp-image-3071\" src=\"https:\/\/templatetoaster.com\/wp-content\/uploads\/2013\/05\/step6.jpg\" alt=\"Upload and install manegento 2 template step 6\" width=\"823\" height=\"444\" srcset=\"https:\/\/templatetoaster.com\/wp-content\/uploads\/2013\/05\/step6.jpg 823w, https:\/\/templatetoaster.com\/wp-content\/uploads\/2013\/05\/step6-600x324.jpg 600w, https:\/\/templatetoaster.com\/wp-content\/uploads\/2013\/05\/step6-300x162.jpg 300w\" sizes=\"(max-width: 823px) 100vw, 823px\" \/><\/a><\/p>\n<p><a href=\"https:\/\/templatetoaster.com\/wp-content\/uploads\/2013\/05\/step7.jpg\"><img loading=\"lazy\" decoding=\"async\" class=\"aligncenter size-full wp-image-3072\" src=\"https:\/\/templatetoaster.com\/wp-content\/uploads\/2013\/05\/step7.jpg\" alt=\"Upload and install manegento 2 template step 7\" width=\"823\" height=\"517\" srcset=\"https:\/\/templatetoaster.com\/wp-content\/uploads\/2013\/05\/step7.jpg 823w, https:\/\/templatetoaster.com\/wp-content\/uploads\/2013\/05\/step7-600x377.jpg 600w, https:\/\/templatetoaster.com\/wp-content\/uploads\/2013\/05\/step7-300x188.jpg 300w\" sizes=\"(max-width: 823px) 100vw, 823px\" \/><\/a><\/p>\n<\/div>\n<\/div>\n<\/div>\n","protected":false},"excerpt":{"rendered":"<p>Wie man TemplateToaster generierte Themes auf Magento hochl\u00e4dt, installiert und konfiguriert. Magento 1.9 Wie man Magento 1.9 Themes in TemplateToaster erstellt Wie man mit TemplateToaster generierte Themes auf Magento 1.9 hochl\u00e4dt. Magento 2.0 Wie man Magento 2.0 Themes in TemplateToaster &hellip; <a href=\"https:\/\/templatetoaster.com\/de\/magento\">Continue Reading<span class=\"meta-nav\">&rarr;<\/span><\/a><\/p>\n","protected":false},"author":1,"featured_media":0,"parent":0,"menu_order":0,"comment_status":"closed","ping_status":"closed","template":"PageTemplate1.php","meta":{"footnotes":""},"yoast_head":"<!-- This site is optimized with the Yoast SEO plugin v23.5 - https:\/\/yoast.com\/wordpress\/plugins\/seo\/ -->\n<title>Wie man TemplateToaster generierte Themes auf Magento hochl\u00e4dt, installiert und konfiguriert. - TemplateToaster<\/title>\n<meta name=\"description\" content=\"Anleitung zum Hochladen und Installieren von TemplateToaster generierten Themen auf der Magento-Website.\" \/>\n<meta name=\"robots\" content=\"index, follow, max-snippet:-1, max-image-preview:large, max-video-preview:-1\" \/>\n<link rel=\"canonical\" href=\"https:\/\/templatetoaster.com\/de\/magento\" \/>\n<meta property=\"og:locale\" content=\"de_DE\" \/>\n<meta property=\"og:type\" content=\"article\" \/>\n<meta property=\"og:title\" content=\"Wie man TemplateToaster generierte Themes auf Magento hochl\u00e4dt, installiert und konfiguriert. - TemplateToaster\" \/>\n<meta property=\"og:description\" content=\"Anleitung zum Hochladen und Installieren von TemplateToaster generierten Themen auf der Magento-Website.\" \/>\n<meta property=\"og:url\" content=\"https:\/\/templatetoaster.com\/de\/magento\" \/>\n<meta property=\"og:site_name\" content=\"TemplateToaster\" \/>\n<meta property=\"article:publisher\" content=\"https:\/\/www.facebook.com\/TemplateToaster\" \/>\n<meta property=\"article:modified_time\" content=\"2019-08-12T07:58:14+00:00\" \/>\n<meta property=\"og:image\" content=\"https:\/\/templatetoaster.com\/wp-content\/uploads\/2018\/02\/youtube.png\" \/>\n<meta name=\"twitter:card\" content=\"summary_large_image\" \/>\n<meta name=\"twitter:site\" content=\"@templatetoaster\" \/>\n<meta name=\"twitter:label1\" content=\"Gesch\u00e4tzte Lesezeit\" \/>\n\t<meta name=\"twitter:data1\" content=\"4 Minuten\" \/>\n<script type=\"application\/ld+json\" class=\"yoast-schema-graph\">{\"@context\":\"https:\/\/schema.org\",\"@graph\":[{\"@type\":\"WebPage\",\"@id\":\"https:\/\/templatetoaster.com\/de\/magento\",\"url\":\"https:\/\/templatetoaster.com\/de\/magento\",\"name\":\"Wie man TemplateToaster generierte Themes auf Magento hochl\u00e4dt, installiert und konfiguriert. - TemplateToaster\",\"isPartOf\":{\"@id\":\"https:\/\/templatetoaster.com\/#website\"},\"primaryImageOfPage\":{\"@id\":\"https:\/\/templatetoaster.com\/de\/magento#primaryimage\"},\"image\":{\"@id\":\"https:\/\/templatetoaster.com\/de\/magento#primaryimage\"},\"thumbnailUrl\":\"https:\/\/templatetoaster.com\/wp-content\/uploads\/2018\/02\/youtube.png\",\"datePublished\":\"2018-04-06T07:29:27+00:00\",\"dateModified\":\"2019-08-12T07:58:14+00:00\",\"description\":\"Anleitung zum Hochladen und Installieren von TemplateToaster generierten Themen auf der Magento-Website.\",\"breadcrumb\":{\"@id\":\"https:\/\/templatetoaster.com\/de\/magento#breadcrumb\"},\"inLanguage\":\"de-DE\",\"potentialAction\":[{\"@type\":\"ReadAction\",\"target\":[\"https:\/\/templatetoaster.com\/de\/magento\"]}]},{\"@type\":\"ImageObject\",\"inLanguage\":\"de-DE\",\"@id\":\"https:\/\/templatetoaster.com\/de\/magento#primaryimage\",\"url\":\"https:\/\/templatetoaster.com\/wp-content\/uploads\/2018\/02\/youtube.png\",\"contentUrl\":\"https:\/\/templatetoaster.com\/wp-content\/uploads\/2018\/02\/youtube.png\"},{\"@type\":\"BreadcrumbList\",\"@id\":\"https:\/\/templatetoaster.com\/de\/magento#breadcrumb\",\"itemListElement\":[{\"@type\":\"ListItem\",\"position\":1,\"name\":\"Home\",\"item\":\"https:\/\/templatetoaster.com\/de\"},{\"@type\":\"ListItem\",\"position\":2,\"name\":\"Wie man TemplateToaster generierte Themes auf Magento hochl\u00e4dt, installiert und konfiguriert.\"}]},{\"@type\":\"WebSite\",\"@id\":\"https:\/\/templatetoaster.com\/#website\",\"url\":\"https:\/\/templatetoaster.com\/\",\"name\":\"TemplateToaster\",\"description\":\"\",\"publisher\":{\"@id\":\"https:\/\/templatetoaster.com\/#organization\"},\"inLanguage\":\"de-DE\"},{\"@type\":\"Organization\",\"@id\":\"https:\/\/templatetoaster.com\/#organization\",\"name\":\"TemplateToaster\",\"url\":\"https:\/\/templatetoaster.com\/\",\"logo\":{\"@type\":\"ImageObject\",\"inLanguage\":\"de-DE\",\"@id\":\"https:\/\/templatetoaster.com\/#\/schema\/logo\/image\/\",\"url\":\"https:\/\/templatetoaster.com\/wp-content\/uploads\/2019\/11\/TemplateToaster_Logo.jpg\",\"contentUrl\":\"https:\/\/templatetoaster.com\/wp-content\/uploads\/2019\/11\/TemplateToaster_Logo.jpg\",\"width\":85,\"height\":85,\"caption\":\"TemplateToaster\"},\"image\":{\"@id\":\"https:\/\/templatetoaster.com\/#\/schema\/logo\/image\/\"},\"sameAs\":[\"https:\/\/www.facebook.com\/TemplateToaster\",\"https:\/\/x.com\/templatetoaster\",\"https:\/\/www.instagram.com\/templatetoaster\/\",\"https:\/\/www.linkedin.com\/company\/templatetoaster\/\",\"https:\/\/www.pinterest.com\/templatetoaster\/\",\"https:\/\/www.youtube.com\/@TemplateToaster\"]}]}<\/script>\n<!-- \/ Yoast SEO plugin. -->","yoast_head_json":{"title":"Wie man TemplateToaster generierte Themes auf Magento hochl\u00e4dt, installiert und konfiguriert. - TemplateToaster","description":"Anleitung zum Hochladen und Installieren von TemplateToaster generierten Themen auf der Magento-Website.","robots":{"index":"index","follow":"follow","max-snippet":"max-snippet:-1","max-image-preview":"max-image-preview:large","max-video-preview":"max-video-preview:-1"},"canonical":"https:\/\/templatetoaster.com\/de\/magento","og_locale":"de_DE","og_type":"article","og_title":"Wie man TemplateToaster generierte Themes auf Magento hochl\u00e4dt, installiert und konfiguriert. - TemplateToaster","og_description":"Anleitung zum Hochladen und Installieren von TemplateToaster generierten Themen auf der Magento-Website.","og_url":"https:\/\/templatetoaster.com\/de\/magento","og_site_name":"TemplateToaster","article_publisher":"https:\/\/www.facebook.com\/TemplateToaster","article_modified_time":"2019-08-12T07:58:14+00:00","og_image":[{"url":"https:\/\/templatetoaster.com\/wp-content\/uploads\/2018\/02\/youtube.png"}],"twitter_card":"summary_large_image","twitter_site":"@templatetoaster","twitter_misc":{"Gesch\u00e4tzte Lesezeit":"4 Minuten"},"schema":{"@context":"https:\/\/schema.org","@graph":[{"@type":"WebPage","@id":"https:\/\/templatetoaster.com\/de\/magento","url":"https:\/\/templatetoaster.com\/de\/magento","name":"Wie man TemplateToaster generierte Themes auf Magento hochl\u00e4dt, installiert und konfiguriert. - TemplateToaster","isPartOf":{"@id":"https:\/\/templatetoaster.com\/#website"},"primaryImageOfPage":{"@id":"https:\/\/templatetoaster.com\/de\/magento#primaryimage"},"image":{"@id":"https:\/\/templatetoaster.com\/de\/magento#primaryimage"},"thumbnailUrl":"https:\/\/templatetoaster.com\/wp-content\/uploads\/2018\/02\/youtube.png","datePublished":"2018-04-06T07:29:27+00:00","dateModified":"2019-08-12T07:58:14+00:00","description":"Anleitung zum Hochladen und Installieren von TemplateToaster generierten Themen auf der Magento-Website.","breadcrumb":{"@id":"https:\/\/templatetoaster.com\/de\/magento#breadcrumb"},"inLanguage":"de-DE","potentialAction":[{"@type":"ReadAction","target":["https:\/\/templatetoaster.com\/de\/magento"]}]},{"@type":"ImageObject","inLanguage":"de-DE","@id":"https:\/\/templatetoaster.com\/de\/magento#primaryimage","url":"https:\/\/templatetoaster.com\/wp-content\/uploads\/2018\/02\/youtube.png","contentUrl":"https:\/\/templatetoaster.com\/wp-content\/uploads\/2018\/02\/youtube.png"},{"@type":"BreadcrumbList","@id":"https:\/\/templatetoaster.com\/de\/magento#breadcrumb","itemListElement":[{"@type":"ListItem","position":1,"name":"Home","item":"https:\/\/templatetoaster.com\/de"},{"@type":"ListItem","position":2,"name":"Wie man TemplateToaster generierte Themes auf Magento hochl\u00e4dt, installiert und konfiguriert."}]},{"@type":"WebSite","@id":"https:\/\/templatetoaster.com\/#website","url":"https:\/\/templatetoaster.com\/","name":"TemplateToaster","description":"","publisher":{"@id":"https:\/\/templatetoaster.com\/#organization"},"inLanguage":"de-DE"},{"@type":"Organization","@id":"https:\/\/templatetoaster.com\/#organization","name":"TemplateToaster","url":"https:\/\/templatetoaster.com\/","logo":{"@type":"ImageObject","inLanguage":"de-DE","@id":"https:\/\/templatetoaster.com\/#\/schema\/logo\/image\/","url":"https:\/\/templatetoaster.com\/wp-content\/uploads\/2019\/11\/TemplateToaster_Logo.jpg","contentUrl":"https:\/\/templatetoaster.com\/wp-content\/uploads\/2019\/11\/TemplateToaster_Logo.jpg","width":85,"height":85,"caption":"TemplateToaster"},"image":{"@id":"https:\/\/templatetoaster.com\/#\/schema\/logo\/image\/"},"sameAs":["https:\/\/www.facebook.com\/TemplateToaster","https:\/\/x.com\/templatetoaster","https:\/\/www.instagram.com\/templatetoaster\/","https:\/\/www.linkedin.com\/company\/templatetoaster\/","https:\/\/www.pinterest.com\/templatetoaster\/","https:\/\/www.youtube.com\/@TemplateToaster"]}]}},"_links":{"self":[{"href":"https:\/\/templatetoaster.com\/de\/wp-json\/wp\/v2\/pages\/3720"}],"collection":[{"href":"https:\/\/templatetoaster.com\/de\/wp-json\/wp\/v2\/pages"}],"about":[{"href":"https:\/\/templatetoaster.com\/de\/wp-json\/wp\/v2\/types\/page"}],"author":[{"embeddable":true,"href":"https:\/\/templatetoaster.com\/de\/wp-json\/wp\/v2\/users\/1"}],"replies":[{"embeddable":true,"href":"https:\/\/templatetoaster.com\/de\/wp-json\/wp\/v2\/comments?post=3720"}],"version-history":[{"count":3,"href":"https:\/\/templatetoaster.com\/de\/wp-json\/wp\/v2\/pages\/3720\/revisions"}],"predecessor-version":[{"id":64110,"href":"https:\/\/templatetoaster.com\/de\/wp-json\/wp\/v2\/pages\/3720\/revisions\/64110"}],"wp:attachment":[{"href":"https:\/\/templatetoaster.com\/de\/wp-json\/wp\/v2\/media?parent=3720"}],"curies":[{"name":"wp","href":"https:\/\/api.w.org\/{rel}","templated":true}]}}