{"id":3714,"date":"2018-04-06T06:48:29","date_gmt":"2018-04-06T06:48:29","guid":{"rendered":"http:\/\/templatetoaster.com\/how-to-activate-templatetoaster"},"modified":"2018-04-06T06:48:29","modified_gmt":"2018-04-06T06:48:29","slug":"how-to-activate-templatetoaster","status":"publish","type":"page","link":"https:\/\/templatetoaster.com\/de\/how-to-activate-templatetoaster","title":{"rendered":"how-to-activate-templatetoaster"},"content":{"rendered":"<p><h1 class=\"heading_border\">So aktivieren Sie TemplateToaster<\/h1>\n<p><\/p>\n<div class=\"border1-scr\" style=\"width:1170px;margin:auto;text-align:center\">\n<h2>SCHRITT 1 : <span style=\"font-size:18px\">\u00d6ffnen TemplateToaster und W\u00e4hlen Sie eine beliebige Option aus dem Startbildschirm.<\/span><\/h2>\n<p><img decoding=\"async\" src=\"\/wp-content\/uploads\/2016\/03\/screen_short_1.jpg\" class=\"center-block\" style=\"border:1px solid #dadada\" \/><\/p>\n<h2>SCHRITT 2 : <span style=\"font-size:18px\">Sie k\u00f6nnen Ihre Vorlage von Grund auf neu erstellen, indem Sie diese Option ausw\u00e4hlen.<\/span><\/h2>\n<p><img decoding=\"async\" src=\"\/wp-content\/uploads\/2016\/03\/screen_short_2.jpg\" class=\"center-block\" style=\"border:1px solid #dadada\" \/><\/p>\n<h2>SCHRITT 3 : <span style=\"font-size:18px\">Jetzt ein Farbschema und Typografie f\u00fcr Ihr Projekt w\u00e4hlen.<\/span><\/h2>\n<p><img decoding=\"async\" src=\"\/wp-content\/uploads\/2016\/03\/screen_short_3.jpg\" class=\"center-block\" style=\"border:1px solid #dadada\" \/><\/p>\n<h2>SCHRITT 4 : <span style=\"font-size:18px\">W\u00e4hlen Sie eine Vorlage aus der Mustervorlagen und passen das Design nach Ihren W\u00fcnschen.<\/span><\/h2>\n<p><img decoding=\"async\" src=\"\/wp-content\/uploads\/2016\/03\/screen_short_4.jpg\" class=\"center-block\" style=\"border:1px solid #dadada\" \/><\/p>\n<h2>SCHRITT 5 : <span style=\"font-size:18px\">Klicken Sie auf die Start-Taste Ihr Projekt zu starten, sobald Sie das Farbschema und Typografie w\u00e4hlen.<\/span><\/h2>\n<p><img decoding=\"async\" src=\"\/wp-content\/uploads\/2016\/03\/screen_short_5.jpg\" class=\"center-block\" style=\"border:1px solid #dadada\" \/><\/p>\n<h2>SCHRITT 6 : <span style=\"font-size:18px\">Gehe-Men\u00fc Datei. Klicken Sie auf Aktivierungsoption.<\/span><\/h2>\n<p><img decoding=\"async\" src=\"\/wp-content\/uploads\/2016\/03\/screen_short_6.jpg\" class=\"center-block\" style=\"border:1px solid #dadada\" \/><\/p>\n<h2>SCHRITT 7 : <span style=\"font-size:18px\">Geben Sie den erworbenen Aktivierungsschl\u00fcssel und klicken Sie auf Schaltfl\u00e4che Aktivieren.<\/span><\/h2>\n<p><img decoding=\"async\" src=\"\/wp-content\/uploads\/2016\/03\/screen_short_7.jpg\" class=\"center-block\" style=\"border:1px solid #dadada\" \/><\/p>\n<h2>SCHRITT 8<\/h2>\n<p><img decoding=\"async\" src=\"\/wp-content\/uploads\/2016\/03\/screen_short_8.jpg\" class=\"center-block\" style=\"border:1px solid #dadada\" \/><\/p>\n<\/div>\n","protected":false},"excerpt":{"rendered":"<p>So aktivieren Sie TemplateToaster SCHRITT 1 : \u00d6ffnen TemplateToaster und W\u00e4hlen Sie eine beliebige Option aus dem Startbildschirm. SCHRITT 2 : Sie k\u00f6nnen Ihre Vorlage von Grund auf neu erstellen, indem Sie diese Option ausw\u00e4hlen. SCHRITT 3 : Jetzt ein &hellip; <a href=\"https:\/\/templatetoaster.com\/de\/how-to-activate-templatetoaster\">Continue Reading<span class=\"meta-nav\">&rarr;<\/span><\/a><\/p>\n","protected":false},"author":103,"featured_media":0,"parent":0,"menu_order":0,"comment_status":"closed","ping_status":"open","template":"","meta":{"footnotes":""},"yoast_head":"<!-- This site is optimized with the Yoast SEO plugin v23.5 - https:\/\/yoast.com\/wordpress\/plugins\/seo\/ -->\n<title>how-to-activate-templatetoaster - TemplateToaster<\/title>\n<meta name=\"robots\" content=\"noindex, follow\" \/>\n<meta property=\"og:locale\" content=\"de_DE\" \/>\n<meta property=\"og:type\" content=\"article\" \/>\n<meta property=\"og:title\" content=\"how-to-activate-templatetoaster - TemplateToaster\" \/>\n<meta property=\"og:description\" content=\"So aktivieren Sie TemplateToaster SCHRITT 1 : \u00d6ffnen TemplateToaster und W\u00e4hlen Sie eine beliebige Option aus dem Startbildschirm. SCHRITT 2 : Sie k\u00f6nnen Ihre Vorlage von Grund auf neu erstellen, indem Sie diese Option ausw\u00e4hlen. SCHRITT 3 : Jetzt ein &hellip; Continue Reading&rarr;\" \/>\n<meta property=\"og:url\" content=\"https:\/\/templatetoaster.com\/de\/how-to-activate-templatetoaster\" \/>\n<meta property=\"og:site_name\" content=\"TemplateToaster\" \/>\n<meta property=\"article:publisher\" content=\"https:\/\/www.facebook.com\/TemplateToaster\" \/>\n<meta property=\"og:image\" content=\"https:\/\/templatetoaster.com\/wp-content\/uploads\/2015\/07\/TemplateToaster-325X325.png\" \/>\n\t<meta property=\"og:image:width\" content=\"325\" \/>\n\t<meta property=\"og:image:height\" content=\"325\" \/>\n\t<meta property=\"og:image:type\" content=\"image\/png\" \/>\n<meta name=\"twitter:card\" content=\"summary_large_image\" \/>\n<meta name=\"twitter:site\" content=\"@templatetoaster\" \/>\n<meta name=\"twitter:label1\" content=\"Gesch\u00e4tzte Lesezeit\" \/>\n\t<meta name=\"twitter:data1\" content=\"1 Minute\" \/>\n<script type=\"application\/ld+json\" class=\"yoast-schema-graph\">{\"@context\":\"https:\/\/schema.org\",\"@graph\":[{\"@type\":\"WebPage\",\"@id\":\"https:\/\/templatetoaster.com\/de\/how-to-activate-templatetoaster\",\"url\":\"https:\/\/templatetoaster.com\/de\/how-to-activate-templatetoaster\",\"name\":\"how-to-activate-templatetoaster - TemplateToaster\",\"isPartOf\":{\"@id\":\"https:\/\/templatetoaster.com\/#website\"},\"datePublished\":\"2018-04-06T06:48:29+00:00\",\"dateModified\":\"2018-04-06T06:48:29+00:00\",\"breadcrumb\":{\"@id\":\"https:\/\/templatetoaster.com\/de\/how-to-activate-templatetoaster#breadcrumb\"},\"inLanguage\":\"de-DE\",\"potentialAction\":[{\"@type\":\"ReadAction\",\"target\":[\"https:\/\/templatetoaster.com\/de\/how-to-activate-templatetoaster\"]}]},{\"@type\":\"BreadcrumbList\",\"@id\":\"https:\/\/templatetoaster.com\/de\/how-to-activate-templatetoaster#breadcrumb\",\"itemListElement\":[{\"@type\":\"ListItem\",\"position\":1,\"name\":\"Home\",\"item\":\"https:\/\/templatetoaster.com\/de\"},{\"@type\":\"ListItem\",\"position\":2,\"name\":\"how-to-activate-templatetoaster\"}]},{\"@type\":\"WebSite\",\"@id\":\"https:\/\/templatetoaster.com\/#website\",\"url\":\"https:\/\/templatetoaster.com\/\",\"name\":\"TemplateToaster\",\"description\":\"\",\"publisher\":{\"@id\":\"https:\/\/templatetoaster.com\/#organization\"},\"inLanguage\":\"de-DE\"},{\"@type\":\"Organization\",\"@id\":\"https:\/\/templatetoaster.com\/#organization\",\"name\":\"TemplateToaster\",\"url\":\"https:\/\/templatetoaster.com\/\",\"logo\":{\"@type\":\"ImageObject\",\"inLanguage\":\"de-DE\",\"@id\":\"https:\/\/templatetoaster.com\/#\/schema\/logo\/image\/\",\"url\":\"https:\/\/templatetoaster.com\/wp-content\/uploads\/2019\/11\/TemplateToaster_Logo.jpg\",\"contentUrl\":\"https:\/\/templatetoaster.com\/wp-content\/uploads\/2019\/11\/TemplateToaster_Logo.jpg\",\"width\":85,\"height\":85,\"caption\":\"TemplateToaster\"},\"image\":{\"@id\":\"https:\/\/templatetoaster.com\/#\/schema\/logo\/image\/\"},\"sameAs\":[\"https:\/\/www.facebook.com\/TemplateToaster\",\"https:\/\/x.com\/templatetoaster\",\"https:\/\/www.instagram.com\/templatetoaster\/\",\"https:\/\/www.linkedin.com\/company\/templatetoaster\/\",\"https:\/\/www.pinterest.com\/templatetoaster\/\",\"https:\/\/www.youtube.com\/@TemplateToaster\"]}]}<\/script>\n<!-- \/ Yoast SEO plugin. -->","yoast_head_json":{"title":"how-to-activate-templatetoaster - TemplateToaster","robots":{"index":"noindex","follow":"follow"},"og_locale":"de_DE","og_type":"article","og_title":"how-to-activate-templatetoaster - TemplateToaster","og_description":"So aktivieren Sie TemplateToaster SCHRITT 1 : \u00d6ffnen TemplateToaster und W\u00e4hlen Sie eine beliebige Option aus dem Startbildschirm. SCHRITT 2 : Sie k\u00f6nnen Ihre Vorlage von Grund auf neu erstellen, indem Sie diese Option ausw\u00e4hlen. SCHRITT 3 : Jetzt ein &hellip; Continue Reading&rarr;","og_url":"https:\/\/templatetoaster.com\/de\/how-to-activate-templatetoaster","og_site_name":"TemplateToaster","article_publisher":"https:\/\/www.facebook.com\/TemplateToaster","og_image":[{"width":325,"height":325,"url":"https:\/\/templatetoaster.com\/wp-content\/uploads\/2015\/07\/TemplateToaster-325X325.png","type":"image\/png"}],"twitter_card":"summary_large_image","twitter_site":"@templatetoaster","twitter_misc":{"Gesch\u00e4tzte Lesezeit":"1 Minute"},"schema":{"@context":"https:\/\/schema.org","@graph":[{"@type":"WebPage","@id":"https:\/\/templatetoaster.com\/de\/how-to-activate-templatetoaster","url":"https:\/\/templatetoaster.com\/de\/how-to-activate-templatetoaster","name":"how-to-activate-templatetoaster - TemplateToaster","isPartOf":{"@id":"https:\/\/templatetoaster.com\/#website"},"datePublished":"2018-04-06T06:48:29+00:00","dateModified":"2018-04-06T06:48:29+00:00","breadcrumb":{"@id":"https:\/\/templatetoaster.com\/de\/how-to-activate-templatetoaster#breadcrumb"},"inLanguage":"de-DE","potentialAction":[{"@type":"ReadAction","target":["https:\/\/templatetoaster.com\/de\/how-to-activate-templatetoaster"]}]},{"@type":"BreadcrumbList","@id":"https:\/\/templatetoaster.com\/de\/how-to-activate-templatetoaster#breadcrumb","itemListElement":[{"@type":"ListItem","position":1,"name":"Home","item":"https:\/\/templatetoaster.com\/de"},{"@type":"ListItem","position":2,"name":"how-to-activate-templatetoaster"}]},{"@type":"WebSite","@id":"https:\/\/templatetoaster.com\/#website","url":"https:\/\/templatetoaster.com\/","name":"TemplateToaster","description":"","publisher":{"@id":"https:\/\/templatetoaster.com\/#organization"},"inLanguage":"de-DE"},{"@type":"Organization","@id":"https:\/\/templatetoaster.com\/#organization","name":"TemplateToaster","url":"https:\/\/templatetoaster.com\/","logo":{"@type":"ImageObject","inLanguage":"de-DE","@id":"https:\/\/templatetoaster.com\/#\/schema\/logo\/image\/","url":"https:\/\/templatetoaster.com\/wp-content\/uploads\/2019\/11\/TemplateToaster_Logo.jpg","contentUrl":"https:\/\/templatetoaster.com\/wp-content\/uploads\/2019\/11\/TemplateToaster_Logo.jpg","width":85,"height":85,"caption":"TemplateToaster"},"image":{"@id":"https:\/\/templatetoaster.com\/#\/schema\/logo\/image\/"},"sameAs":["https:\/\/www.facebook.com\/TemplateToaster","https:\/\/x.com\/templatetoaster","https:\/\/www.instagram.com\/templatetoaster\/","https:\/\/www.linkedin.com\/company\/templatetoaster\/","https:\/\/www.pinterest.com\/templatetoaster\/","https:\/\/www.youtube.com\/@TemplateToaster"]}]}},"_links":{"self":[{"href":"https:\/\/templatetoaster.com\/de\/wp-json\/wp\/v2\/pages\/3714"}],"collection":[{"href":"https:\/\/templatetoaster.com\/de\/wp-json\/wp\/v2\/pages"}],"about":[{"href":"https:\/\/templatetoaster.com\/de\/wp-json\/wp\/v2\/types\/page"}],"author":[{"embeddable":true,"href":"https:\/\/templatetoaster.com\/de\/wp-json\/wp\/v2\/users\/103"}],"replies":[{"embeddable":true,"href":"https:\/\/templatetoaster.com\/de\/wp-json\/wp\/v2\/comments?post=3714"}],"version-history":[{"count":0,"href":"https:\/\/templatetoaster.com\/de\/wp-json\/wp\/v2\/pages\/3714\/revisions"}],"wp:attachment":[{"href":"https:\/\/templatetoaster.com\/de\/wp-json\/wp\/v2\/media?parent=3714"}],"curies":[{"name":"wp","href":"https:\/\/api.w.org\/{rel}","templated":true}]}}