{"id":3486,"date":"2018-04-04T09:13:44","date_gmt":"2018-04-04T09:13:44","guid":{"rendered":"http:\/\/templatetoaster.com?page_id=3486"},"modified":"2019-09-09T05:56:42","modified_gmt":"2019-09-09T05:56:42","slug":"bootstrap","status":"publish","type":"page","link":"https:\/\/templatetoaster.com\/de\/bootstrap","title":{"rendered":"Bootstrap Website Erstellen | Bootstrap Erstellen"},"content":{"rendered":"<div class=\"remove_collapsing_margins\"><\/div>\n<div class=\"section1 wp-theme-generator\">\n<div style=\"margin: 115px 0 16px;\">\n<div class=\"section1-inner\">\n<h1>Bootstrap Website Erstellen und Bootstrap Theme Erstellen<\/h1>\n<p class=\"text-center\">Basiert auf dem Bootstrap-Framework. Es fungiert als perfekte Bootstrap erstellen, um besonders reaktionsschnelle Websites zu erstellen. Website mit bootstrap erstellen<\/p>\n<\/div>\n<div style=\"text-align: center;\"><a class=\"btn download_btn\" href=\"https:\/\/templatetoaster.com\/de\/download\">Jetzt downloaden<\/a><\/div>\n<div class=\"clearfix\"><\/div>\n<\/div>\n<\/div>\n<p><!--- What is TemplateToaster Section --><\/p>\n<div class=\"section2 wp-theme-generator\">\n<div class=\"section2-inner-bs\">\n<h2>Warum sollte man website mit bootstrap erstellen mit Templatetoaster<\/h2>\n<p>Es ist perfekt in das Rastersystem von Bootstrap integriert, um optimale Ergebnisse zu erzielen. Dar\u00fcber hinaus ist diese desktopbasierte Software ausschlie\u00dflich f\u00fcr die Erstellung hochprofessioneller Websites mit bestm\u00f6glichem Benutzererlebnis konzipiert. Dieser Bootstrap-Editor bietet eine problemlose Bedienbarkeit f\u00fcr Amateure und Profis. Es erm\u00f6glicht dir, deine Traumwebsite m\u00fchelos von Grund auf neu zu erstellen. Alles, was du brauchst, ist eine Vision f\u00fcr deine Website und TemplateToaster wird Bootstrap website erstellen<\/p>\n<\/div>\n<div class=\"row section2-bs\">\n<div class=\"col-lg-4 col-md-4 col-sm-6 col-xs-12\">\n<div style=\"padding: 20px;\">\n<div class=\"text-center\">\n<div class=\"wp_feature landing_page_svg\" style=\"margin-right: 10px; display: inline-block; float: none; vertical-align: middle; background-position: -155px -1600px; width: 75px;\"><\/div>\n<\/div>\n<h3 style=\"margin: 20px 0px 10px; text-align: center;\">Code Standardisierung<\/h3>\n<p class=\"text-center\">Das Bootstrap Framework ist bekannt f\u00fcr seinen standardisierten sauberen Code. Es h\u00e4lt sich daran und generiert atemberaubende Designs basierend auf dem Bootstrap-Framework.<\/p>\n<\/div>\n<\/div>\n<div class=\"clearfix visible-xs-block\"><\/div>\n<div class=\"col-lg-4 col-md-4 col-sm-6 col-xs-12\">\n<div style=\"padding: 20px;\">\n<div class=\"text-center\">\n<div class=\"wp_feature landing_page_svg\" style=\"margin-right: 10px; display: inline-block; float: none; vertical-align: middle; background-position: -165px -153px; width: 65px;\"><\/div>\n<\/div>\n<h3 style=\"margin: 20px 0 10px; text-align: center;\">Bootstrap template erstellen mit Vertraute Benutzeroberfl\u00e4che<\/h3>\n<p class=\"text-center\">Heutzutage ist fast jeder Webdesigner mit Bootstrap vertraut, es hat sich im Laufe der Zeit weiterentwickelt. Mit Templatetoaster Bootstrap erstellen.<\/p>\n<\/div>\n<\/div>\n<div class=\"clearfix visible-sm-block visible-xs-block\"><\/div>\n<div class=\"col-lg-4 col-md-4 col-sm-6 col-xs-12\">\n<div style=\"padding: 20px;\">\n<div class=\"text-center\">\n<div class=\"wp_feature landing_page_svg\" style=\"margin-right: 10px; display: inline-block; float: none; vertical-align: middle; background-position: -10px -242px; width: 65px;\"><\/div>\n<\/div>\n<h3 style=\"margin: 20px 0 10px; text-align: center;\">Anpassungsf\u00e4higkeit<\/h3>\n<p>Die Anpassungsf\u00e4higkeit von Bootstrap spiegelt sich in es wider und macht Ihr Website-Ger\u00e4t benutzerfreundlicher als je zuvor.<\/p>\n<p>Wir sind bestens ger\u00fcstet, die Kompatibilit\u00e4t mit Bootstrap 4 zu gew\u00e4hrleisten, sobald dieses auf den Markt kommt.<\/p>\n<\/div>\n<\/div>\n<\/div>\n<\/div>\n<p><!--- section 3 starts --><\/p>\n<div class=\"section3 wp-theme-generator\">\n<div class=\"section3-inner\">\n<h2>So funktioniert dieser Bootstrap Baukasten?<\/h2>\n<div class=\"row\">\n<div class=\"col-lg-4 col-md-4 col-sm-6 col-xs-12\">\n<div class=\"media\">\n<div class=\"landing_page_svg\" style=\"background-position: 20px -690px; display: block; height: 115px; margin: auto; width: 142px;\"><\/div>\n<h3 class=\"text-center\">Bootstrap Baukasten herunterladen<\/h3>\n<p class=\"text-center\">Dir wird eine unbefristete Testversion angeboten. Lade diesen Bootstrap Baukasten herunter, installiere ihn und beginne mit ihm.<\/p>\n<\/div>\n<\/div>\n<div class=\"clearfix visible-xs-block\"><\/div>\n<div class=\"col-lg-4 col-md-4 col-sm-6 col-xs-12\">\n<div class=\"media\">\n<div class=\"landing_page_svg\" style=\"background-position: -115px -690px; display: block; height: 115px; margin: auto; width: 142px;\"><\/div>\n<h3 class=\"text-center\">Themes \/ Templates \/ Websites gestalten<\/h3>\n<p class=\"text-center\">Gestalte nach deinen Anforderungen; du kannst von Grund auf neu beginnen oder jede dir zur Verf\u00fcgung stehende Mustervorlage anpassen.<\/p>\n<\/div>\n<\/div>\n<div class=\"clearfix visible-sm-block visible-xs-block\"><\/div>\n<div class=\"col-lg-4 col-md-4 col-sm-6 col-xs-12\">\n<div class=\"media\">\n<div class=\"landing_page_svg\" style=\"background-position: -240px -690px; display: block; height: 115px; margin: auto; width: 142px;\"><\/div>\n<h3 class=\"text-center\">Exportieren und Hochladen<\/h3>\n<p class=\"text-center\">Sobald du das Design fertiggestellt hast, exportiere die Themendateien und lade sie auf deinem Hosting-Server hoch.<\/p>\n<\/div>\n<\/div>\n<div class=\"clearfix visible-lg-block visible-md-block visible-sm-block visible-xs-block\"><\/div>\n<\/div>\n<\/div>\n<\/div>\n<div class=\"video-section wp-theme-generator\">\n<div class=\"container\">\n<h2 style=\"text-transform: none;\">Bootstrap Builder Demo<\/h2>\n<div class=\"youtube-video-place embed-responsive embed-responsive-4by3 \" data-yt-url=\"https:\/\/www.youtube.com\/embed\/PRbnZjCqasE?rel=0&amp;showinfo=0&amp;autoplay=1\">\n<p><img loading=\"lazy\" decoding=\"async\" class=\"alignnone size-full wp-image-65355\" src=\"https:\/\/templatetoaster.com\/wp-content\/uploads\/2019\/08\/Bootstrap-Builder-Demo.jpg\" alt=\"Bootstrap Builder\" width=\"1366\" height=\"728\" srcset=\"https:\/\/templatetoaster.com\/wp-content\/uploads\/2019\/08\/Bootstrap-Builder-Demo.jpg 1366w, https:\/\/templatetoaster.com\/wp-content\/uploads\/2019\/08\/Bootstrap-Builder-Demo-1000x533.jpg 1000w, https:\/\/templatetoaster.com\/wp-content\/uploads\/2019\/08\/Bootstrap-Builder-Demo-300x160.jpg 300w, https:\/\/templatetoaster.com\/wp-content\/uploads\/2019\/08\/Bootstrap-Builder-Demo-768x409.jpg 768w, https:\/\/templatetoaster.com\/wp-content\/uploads\/2019\/08\/Bootstrap-Builder-Demo-1024x546.jpg 1024w\" sizes=\"(max-width: 1366px) 100vw, 1366px\" \/><\/p>\n<div class=\"play-youtube-video\">\n<div class=\"landing_page_svg\"><\/div>\n<\/div>\n<\/div>\n<\/div>\n<\/div>\n<p><!--- section 6 starts --><\/p>\n<div class=\"section6 wp-theme-generator\" style=\"padding: 50px 10px; background-color: #f1f4f8;\">\n<div style=\"margin: 70px 0px 20px;\">\n<h2>Drag and Drop Bootstrap Baukasten funktioniert mit allen CMS-Systemen.<\/h2>\n<div class=\"section-center\" style=\"padding-bottom: 20px;\">\n<div class=\"main-cms-section\">\n<div class=\"cms-section\">\n<div class=\"text-center\">\n<div class=\"wp_feature landing_page_svg\" style=\"width: 120px; height: 120px; background-position: -85px -250px;\"><\/div>\n<\/div>\n<\/div>\n<div class=\"cms-section\">\n<div class=\"text-center\">\n<div class=\"wp_feature landing_page_svg\" style=\"width: 150px; height: 120px; background-position: -200px -250px;\"><\/div>\n<\/div>\n<\/div>\n<\/div>\n<div class=\"other-cms-section\">\n<div class=\"cms-section\">\n<div class=\"text-center\">\n<div class=\"wp_feature landing_page_svg\" style=\"width: 110px; height: 100px; background-position: 20px -380px;\"><\/div>\n<\/div>\n<\/div>\n<div class=\"cms-section\">\n<div class=\"text-center\">\n<div class=\"wp_feature landing_page_svg\" style=\"width: 110px; height: 102px; background-position: -68px -380px;\"><\/div>\n<\/div>\n<\/div>\n<div class=\"cms-section\">\n<div class=\"text-center\">\n<div class=\"wp_feature landing_page_svg\" style=\"width: 110px; height: 102px; background-position: -160px -380px;\"><\/div>\n<\/div>\n<\/div>\n<div class=\"cms-section\">\n<div class=\"text-center\">\n<div class=\"wp_feature landing_page_svg\" style=\"width: 110px; height: 100px; background-position: -260px -380px;\"><\/div>\n<\/div>\n<\/div>\n<div class=\"cms-section\">\n<div class=\"text-center\">\n<div class=\"wp_feature landing_page_svg\" style=\"width: 110px; height: 100px; background-position: -0px -495px;\"><\/div>\n<\/div>\n<\/div>\n<div class=\"cms-section\">\n<div class=\"text-center\">\n<div class=\"wp_feature landing_page_svg\" style=\"width: 110px; height: 100px; background-position: -125px -495px;\"><\/div>\n<\/div>\n<\/div>\n<div class=\"cms-section\">\n<div class=\"text-center\">\n<div class=\"wp_feature landing_page_svg\" style=\"width: 110px; height: 100px; background-position: -240px -495px;\"><\/div>\n<\/div>\n<\/div>\n<div class=\"cms-section\">\n<div class=\"text-center\">\n<div class=\"wp_feature landing_page_svg\" style=\"width: 110px; height: 100px; background-position: -0px -600px;\"><\/div>\n<\/div>\n<\/div>\n<div class=\"section6-bs os-content\">\n<p>Der TemplateToaster Bootstrap Baukasten funktioniert wunderbar, um benutzerdefinierte Designs, Vorlagen f\u00fcr alle g\u00e4ngigen CMS-Systeme zu erstellen, einschlie\u00dflich WordPress. Entwickeln Sie Bootstrap-basierte Designs f\u00fcr WordPress, fehlerfrei, ohne sich Sorgen machen zu m\u00fcssen, dass die Funktionalit\u00e4t, Reaktionsf\u00e4higkeit von Bootstrap beeintr\u00e4chtigt wird.<\/p>\n<p>Es ist ziemlich unkompliziert, Bootstrap-basierte Templates f\u00fcr andere g\u00e4ngige CMS wie Joomla, Drupal zu erstellen. Ebenso kann es Bootstrap-basierte Designs f\u00fcr E-Commerce-Websites mit Magento, Prestashop, Virtuemart, Opencart erstellen. Dar\u00fcber hinaus ist es sogar kompatibel mit einfachem HTML, Blogger.<\/p>\n<p>Es wird pr\u00e4zise in das Bootstrap-Framework eingebettet. Ziel ist es, ein optimales Benutzererlebnis auf jedem Ger\u00e4t zu gew\u00e4hrleisten. Damit ist es eine geeignete Wahl als perfekter Bootstrap Website Baukasten. Bootstrap theme erstellen mit es im Handumdrehen Ihre Traumwebsite erstellen.<\/p>\n<\/div>\n<\/div>\n<\/div>\n<div style=\"text-align: center; margin-top: 30px;\"><a class=\"btn download_btn\" href=\"https:\/\/templatetoaster.com\/de\/download\">Jetzt downloaden<\/a><\/div>\n<\/div>\n<\/div>\n","protected":false},"excerpt":{"rendered":"<p>Bootstrap Website Erstellen und Bootstrap Theme Erstellen Basiert auf dem Bootstrap-Framework. Es fungiert als perfekte Bootstrap erstellen, um besonders reaktionsschnelle Websites zu erstellen. Website mit bootstrap erstellen Jetzt downloaden Warum sollte man website mit bootstrap erstellen mit Templatetoaster Es ist &hellip; <a href=\"https:\/\/templatetoaster.com\/de\/bootstrap\">Continue Reading<span class=\"meta-nav\">&rarr;<\/span><\/a><\/p>\n","protected":false},"author":1,"featured_media":0,"parent":0,"menu_order":0,"comment_status":"closed","ping_status":"closed","template":"","meta":{"footnotes":""},"yoast_head":"<!-- This site is optimized with the Yoast SEO plugin v23.5 - https:\/\/yoast.com\/wordpress\/plugins\/seo\/ -->\n<title>Bootstrap Website Erstellen | Bootstrap Erstellen - TemplateToaster<\/title>\n<meta name=\"description\" content=\"Bootstrap Website Erstellen. Bootstrap Theme Erstellen software. der beste Bootstrap Baukasten. Bootstrap Erstellen\" \/>\n<meta name=\"robots\" content=\"index, follow, max-snippet:-1, max-image-preview:large, max-video-preview:-1\" \/>\n<link rel=\"canonical\" href=\"https:\/\/templatetoaster.com\/de\/bootstrap\" \/>\n<meta property=\"og:locale\" content=\"de_DE\" \/>\n<meta property=\"og:type\" content=\"article\" \/>\n<meta property=\"og:title\" content=\"Bootstrap Website Erstellen | Bootstrap Erstellen - TemplateToaster\" \/>\n<meta property=\"og:description\" content=\"Bootstrap Website Erstellen. Bootstrap Theme Erstellen software. der beste Bootstrap Baukasten. Bootstrap Erstellen\" \/>\n<meta property=\"og:url\" content=\"https:\/\/templatetoaster.com\/de\/bootstrap\" \/>\n<meta property=\"og:site_name\" content=\"TemplateToaster\" \/>\n<meta property=\"article:publisher\" content=\"https:\/\/www.facebook.com\/TemplateToaster\" \/>\n<meta property=\"article:modified_time\" content=\"2019-09-09T05:56:42+00:00\" \/>\n<meta property=\"og:image\" content=\"https:\/\/templatetoaster.com\/wp-content\/uploads\/2019\/08\/Bootstrap-Builder-Demo.jpg\" \/>\n<meta name=\"twitter:card\" content=\"summary_large_image\" \/>\n<meta name=\"twitter:site\" content=\"@templatetoaster\" \/>\n<meta name=\"twitter:label1\" content=\"Gesch\u00e4tzte Lesezeit\" \/>\n\t<meta name=\"twitter:data1\" content=\"2 Minuten\" \/>\n<script type=\"application\/ld+json\" class=\"yoast-schema-graph\">{\"@context\":\"https:\/\/schema.org\",\"@graph\":[{\"@type\":\"WebPage\",\"@id\":\"https:\/\/templatetoaster.com\/de\/bootstrap\",\"url\":\"https:\/\/templatetoaster.com\/de\/bootstrap\",\"name\":\"Bootstrap Website Erstellen | Bootstrap Erstellen - TemplateToaster\",\"isPartOf\":{\"@id\":\"https:\/\/templatetoaster.com\/#website\"},\"primaryImageOfPage\":{\"@id\":\"https:\/\/templatetoaster.com\/de\/bootstrap#primaryimage\"},\"image\":{\"@id\":\"https:\/\/templatetoaster.com\/de\/bootstrap#primaryimage\"},\"thumbnailUrl\":\"https:\/\/templatetoaster.com\/wp-content\/uploads\/2019\/08\/Bootstrap-Builder-Demo.jpg\",\"datePublished\":\"2018-04-04T09:13:44+00:00\",\"dateModified\":\"2019-09-09T05:56:42+00:00\",\"description\":\"Bootstrap Website Erstellen. Bootstrap Theme Erstellen software. der beste Bootstrap Baukasten. Bootstrap Erstellen\",\"breadcrumb\":{\"@id\":\"https:\/\/templatetoaster.com\/de\/bootstrap#breadcrumb\"},\"inLanguage\":\"de-DE\",\"potentialAction\":[{\"@type\":\"ReadAction\",\"target\":[\"https:\/\/templatetoaster.com\/de\/bootstrap\"]}]},{\"@type\":\"ImageObject\",\"inLanguage\":\"de-DE\",\"@id\":\"https:\/\/templatetoaster.com\/de\/bootstrap#primaryimage\",\"url\":\"https:\/\/templatetoaster.com\/wp-content\/uploads\/2019\/08\/Bootstrap-Builder-Demo.jpg\",\"contentUrl\":\"https:\/\/templatetoaster.com\/wp-content\/uploads\/2019\/08\/Bootstrap-Builder-Demo.jpg\"},{\"@type\":\"BreadcrumbList\",\"@id\":\"https:\/\/templatetoaster.com\/de\/bootstrap#breadcrumb\",\"itemListElement\":[{\"@type\":\"ListItem\",\"position\":1,\"name\":\"Home\",\"item\":\"https:\/\/templatetoaster.com\/de\"},{\"@type\":\"ListItem\",\"position\":2,\"name\":\"Bootstrap Website Erstellen | Bootstrap Erstellen\"}]},{\"@type\":\"WebSite\",\"@id\":\"https:\/\/templatetoaster.com\/#website\",\"url\":\"https:\/\/templatetoaster.com\/\",\"name\":\"TemplateToaster\",\"description\":\"\",\"publisher\":{\"@id\":\"https:\/\/templatetoaster.com\/#organization\"},\"inLanguage\":\"de-DE\"},{\"@type\":\"Organization\",\"@id\":\"https:\/\/templatetoaster.com\/#organization\",\"name\":\"TemplateToaster\",\"url\":\"https:\/\/templatetoaster.com\/\",\"logo\":{\"@type\":\"ImageObject\",\"inLanguage\":\"de-DE\",\"@id\":\"https:\/\/templatetoaster.com\/#\/schema\/logo\/image\/\",\"url\":\"https:\/\/templatetoaster.com\/wp-content\/uploads\/2019\/11\/TemplateToaster_Logo.jpg\",\"contentUrl\":\"https:\/\/templatetoaster.com\/wp-content\/uploads\/2019\/11\/TemplateToaster_Logo.jpg\",\"width\":85,\"height\":85,\"caption\":\"TemplateToaster\"},\"image\":{\"@id\":\"https:\/\/templatetoaster.com\/#\/schema\/logo\/image\/\"},\"sameAs\":[\"https:\/\/www.facebook.com\/TemplateToaster\",\"https:\/\/x.com\/templatetoaster\",\"https:\/\/www.instagram.com\/templatetoaster\/\",\"https:\/\/www.linkedin.com\/company\/templatetoaster\/\",\"https:\/\/www.pinterest.com\/templatetoaster\/\",\"https:\/\/www.youtube.com\/@TemplateToaster\"]}]}<\/script>\n<!-- \/ Yoast SEO plugin. -->","yoast_head_json":{"title":"Bootstrap Website Erstellen | Bootstrap Erstellen - TemplateToaster","description":"Bootstrap Website Erstellen. Bootstrap Theme Erstellen software. der beste Bootstrap Baukasten. Bootstrap Erstellen","robots":{"index":"index","follow":"follow","max-snippet":"max-snippet:-1","max-image-preview":"max-image-preview:large","max-video-preview":"max-video-preview:-1"},"canonical":"https:\/\/templatetoaster.com\/de\/bootstrap","og_locale":"de_DE","og_type":"article","og_title":"Bootstrap Website Erstellen | Bootstrap Erstellen - TemplateToaster","og_description":"Bootstrap Website Erstellen. Bootstrap Theme Erstellen software. der beste Bootstrap Baukasten. Bootstrap Erstellen","og_url":"https:\/\/templatetoaster.com\/de\/bootstrap","og_site_name":"TemplateToaster","article_publisher":"https:\/\/www.facebook.com\/TemplateToaster","article_modified_time":"2019-09-09T05:56:42+00:00","og_image":[{"url":"https:\/\/templatetoaster.com\/wp-content\/uploads\/2019\/08\/Bootstrap-Builder-Demo.jpg"}],"twitter_card":"summary_large_image","twitter_site":"@templatetoaster","twitter_misc":{"Gesch\u00e4tzte Lesezeit":"2 Minuten"},"schema":{"@context":"https:\/\/schema.org","@graph":[{"@type":"WebPage","@id":"https:\/\/templatetoaster.com\/de\/bootstrap","url":"https:\/\/templatetoaster.com\/de\/bootstrap","name":"Bootstrap Website Erstellen | Bootstrap Erstellen - TemplateToaster","isPartOf":{"@id":"https:\/\/templatetoaster.com\/#website"},"primaryImageOfPage":{"@id":"https:\/\/templatetoaster.com\/de\/bootstrap#primaryimage"},"image":{"@id":"https:\/\/templatetoaster.com\/de\/bootstrap#primaryimage"},"thumbnailUrl":"https:\/\/templatetoaster.com\/wp-content\/uploads\/2019\/08\/Bootstrap-Builder-Demo.jpg","datePublished":"2018-04-04T09:13:44+00:00","dateModified":"2019-09-09T05:56:42+00:00","description":"Bootstrap Website Erstellen. Bootstrap Theme Erstellen software. der beste Bootstrap Baukasten. Bootstrap Erstellen","breadcrumb":{"@id":"https:\/\/templatetoaster.com\/de\/bootstrap#breadcrumb"},"inLanguage":"de-DE","potentialAction":[{"@type":"ReadAction","target":["https:\/\/templatetoaster.com\/de\/bootstrap"]}]},{"@type":"ImageObject","inLanguage":"de-DE","@id":"https:\/\/templatetoaster.com\/de\/bootstrap#primaryimage","url":"https:\/\/templatetoaster.com\/wp-content\/uploads\/2019\/08\/Bootstrap-Builder-Demo.jpg","contentUrl":"https:\/\/templatetoaster.com\/wp-content\/uploads\/2019\/08\/Bootstrap-Builder-Demo.jpg"},{"@type":"BreadcrumbList","@id":"https:\/\/templatetoaster.com\/de\/bootstrap#breadcrumb","itemListElement":[{"@type":"ListItem","position":1,"name":"Home","item":"https:\/\/templatetoaster.com\/de"},{"@type":"ListItem","position":2,"name":"Bootstrap Website Erstellen | Bootstrap Erstellen"}]},{"@type":"WebSite","@id":"https:\/\/templatetoaster.com\/#website","url":"https:\/\/templatetoaster.com\/","name":"TemplateToaster","description":"","publisher":{"@id":"https:\/\/templatetoaster.com\/#organization"},"inLanguage":"de-DE"},{"@type":"Organization","@id":"https:\/\/templatetoaster.com\/#organization","name":"TemplateToaster","url":"https:\/\/templatetoaster.com\/","logo":{"@type":"ImageObject","inLanguage":"de-DE","@id":"https:\/\/templatetoaster.com\/#\/schema\/logo\/image\/","url":"https:\/\/templatetoaster.com\/wp-content\/uploads\/2019\/11\/TemplateToaster_Logo.jpg","contentUrl":"https:\/\/templatetoaster.com\/wp-content\/uploads\/2019\/11\/TemplateToaster_Logo.jpg","width":85,"height":85,"caption":"TemplateToaster"},"image":{"@id":"https:\/\/templatetoaster.com\/#\/schema\/logo\/image\/"},"sameAs":["https:\/\/www.facebook.com\/TemplateToaster","https:\/\/x.com\/templatetoaster","https:\/\/www.instagram.com\/templatetoaster\/","https:\/\/www.linkedin.com\/company\/templatetoaster\/","https:\/\/www.pinterest.com\/templatetoaster\/","https:\/\/www.youtube.com\/@TemplateToaster"]}]}},"_links":{"self":[{"href":"https:\/\/templatetoaster.com\/de\/wp-json\/wp\/v2\/pages\/3486"}],"collection":[{"href":"https:\/\/templatetoaster.com\/de\/wp-json\/wp\/v2\/pages"}],"about":[{"href":"https:\/\/templatetoaster.com\/de\/wp-json\/wp\/v2\/types\/page"}],"author":[{"embeddable":true,"href":"https:\/\/templatetoaster.com\/de\/wp-json\/wp\/v2\/users\/1"}],"replies":[{"embeddable":true,"href":"https:\/\/templatetoaster.com\/de\/wp-json\/wp\/v2\/comments?post=3486"}],"version-history":[{"count":5,"href":"https:\/\/templatetoaster.com\/de\/wp-json\/wp\/v2\/pages\/3486\/revisions"}],"predecessor-version":[{"id":66980,"href":"https:\/\/templatetoaster.com\/de\/wp-json\/wp\/v2\/pages\/3486\/revisions\/66980"}],"wp:attachment":[{"href":"https:\/\/templatetoaster.com\/de\/wp-json\/wp\/v2\/media?parent=3486"}],"curies":[{"name":"wp","href":"https:\/\/api.w.org\/{rel}","templated":true}]}}