{"id":3460,"date":"2018-04-04T07:18:13","date_gmt":"2018-04-04T07:18:13","guid":{"rendered":"http:\/\/templatetoaster.com?page_id=3460"},"modified":"2019-08-09T08:51:06","modified_gmt":"2019-08-09T08:51:06","slug":"affiliates","status":"publish","type":"page","link":"https:\/\/templatetoaster.com\/de\/affiliates","title":{"rendered":"Affiliate Programm"},"content":{"rendered":"<div class=\"tt_affiliates_row row\">&nbsp;<\/p>\n<h1 class=\"heading_border\">TemplateToaster Partnerprogramm<\/h1>\n<h4 class=\"joomla\">Werben Sie f\u00fcr TemplateToaster auf Ihrer Website und lassen Sie sich daf\u00fcr bezahlen!<\/h4>\n<p class=\"wordpress\">Hol dir <strong>16%<\/strong> Provision auf jeden von dir geworbenen Verkauf, das sind ca. $25 f\u00fcr die TemplateToaster Professional Edition. Werde noch heute TemplateToaster-Partner! Unsere Softwareprodukte sind \u00fcber das Avangate Affiliate Netzwerk erh\u00e4ltlich. Um mit dem Verkauf zu beginnen, musst du lediglich Produktinformationen und &#8222;Jetzt kaufen&#8220;-Links auf deiner Website einblenden.<\/p>\n<h4 class=\"joomla\">Garantierte Affiliate-Kommission<\/h4>\n<p class=\"wordpress\">Wenn ein Besucher einem Link oder Banner von deiner Website folgt, verfolgt Avangate deine Affiliate-ID 120 Kalendertage lang. Das sind 4 Monate, in denen jede Bestellung desselben Benutzers Ihre Affiliate-Provision garantiert.<\/p>\n<h4 class=\"joomla\">Es ist kinderleicht wie 1, 2, 3&#8230;..<\/h4>\n<p class=\"wordpress\">Avangate k\u00fcmmert sich um den Bestellprozess, die Produktlieferung und den Kundensupport.<br \/>\n&#8211; Du musst keine Software auf deinen Servern speichern oder die Lizenzen im Auge behalten.<br \/>\n&#8211; Es gibt keine Probleme im Zusammenhang mit der Rechnungsstellung oder Zahlungen von Kunden.<br \/>\n&#8211; Keine Einrichtungsgeb\u00fchr, keine Startkosten, keine versteckten Leistungsziele, die es zu erreichen gilt!<br \/>\nDu wirst auch von umfassenden Affiliate-Berichten profitieren, die dir genau zeigen, wie du abschneidest.<\/p>\n<h4 class=\"joomla\">Monatliche Zahlungen<\/h4>\n<p class=\"wordpress\">Du bekommst deine Provisionen jeden Monat, entweder auf deine Avangate Prepaid Debit MasterCard oder per \u00dcberweisung, Scheck oder PayPal.<\/p>\n<h4 class=\"joomla\">Beginne jetzt mit dem Verkauf!<\/h4>\n<p class=\"wordpress\"><em>Benutze jeden verf\u00fcgbaren Werbekanal, den du hast &#8211; Website, Newsletter, etc!<\/em> Denke daran &#8211; je mehr Empfehlungslinks du erstellst, desto mehr Chancen hast du, mit deiner Website Geld zu verdienen!<\/p>\n<p style=\"text-align: center; clear: both;\"><a class=\"btn download_button btn-feature\" href=\"https:\/\/www.avangate.com\/affiliates\/sign-up.php?merchant=TEMPLATT&amp;template=Default+Template&amp;lang=en\">Melde dich jetzt an<\/a><\/p>\n<\/div>\n","protected":false},"excerpt":{"rendered":"<p>&nbsp; TemplateToaster Partnerprogramm Werben Sie f\u00fcr TemplateToaster auf Ihrer Website und lassen Sie sich daf\u00fcr bezahlen! Hol dir 16% Provision auf jeden von dir geworbenen Verkauf, das sind ca. $25 f\u00fcr die TemplateToaster Professional Edition. Werde noch heute TemplateToaster-Partner! Unsere &hellip; <a href=\"https:\/\/templatetoaster.com\/de\/affiliates\">Continue Reading<span class=\"meta-nav\">&rarr;<\/span><\/a><\/p>\n","protected":false},"author":1,"featured_media":0,"parent":0,"menu_order":0,"comment_status":"closed","ping_status":"closed","template":"PageTemplate1.php","meta":{"footnotes":""},"yoast_head":"<!-- This site is optimized with the Yoast SEO plugin v23.5 - https:\/\/yoast.com\/wordpress\/plugins\/seo\/ -->\n<title>Affiliate Programm - TemplateToaster<\/title>\n<meta name=\"description\" content=\"Registriere dich als unser Partner, um mit sehr wenig Aufwand eine wunderbare Provision zu verdienen.\" \/>\n<meta name=\"robots\" content=\"index, follow, max-snippet:-1, max-image-preview:large, max-video-preview:-1\" \/>\n<link rel=\"canonical\" href=\"https:\/\/templatetoaster.com\/de\/affiliates\" \/>\n<meta property=\"og:locale\" content=\"de_DE\" \/>\n<meta property=\"og:type\" content=\"article\" \/>\n<meta property=\"og:title\" content=\"Affiliate Programm - TemplateToaster\" \/>\n<meta property=\"og:description\" content=\"Registriere dich als unser Partner, um mit sehr wenig Aufwand eine wunderbare Provision zu verdienen.\" \/>\n<meta property=\"og:url\" content=\"https:\/\/templatetoaster.com\/de\/affiliates\" \/>\n<meta property=\"og:site_name\" content=\"TemplateToaster\" \/>\n<meta property=\"article:publisher\" content=\"https:\/\/www.facebook.com\/TemplateToaster\" \/>\n<meta property=\"article:modified_time\" content=\"2019-08-09T08:51:06+00:00\" \/>\n<meta property=\"og:image\" content=\"https:\/\/templatetoaster.com\/wp-content\/uploads\/2015\/07\/TemplateToaster-325X325.png\" \/>\n\t<meta property=\"og:image:width\" content=\"325\" \/>\n\t<meta property=\"og:image:height\" content=\"325\" \/>\n\t<meta property=\"og:image:type\" content=\"image\/png\" \/>\n<meta name=\"twitter:card\" content=\"summary_large_image\" \/>\n<meta name=\"twitter:site\" content=\"@templatetoaster\" \/>\n<meta name=\"twitter:label1\" content=\"Gesch\u00e4tzte Lesezeit\" \/>\n\t<meta name=\"twitter:data1\" content=\"1 Minute\" \/>\n<script type=\"application\/ld+json\" class=\"yoast-schema-graph\">{\"@context\":\"https:\/\/schema.org\",\"@graph\":[{\"@type\":\"WebPage\",\"@id\":\"https:\/\/templatetoaster.com\/de\/affiliates\",\"url\":\"https:\/\/templatetoaster.com\/de\/affiliates\",\"name\":\"Affiliate Programm - TemplateToaster\",\"isPartOf\":{\"@id\":\"https:\/\/templatetoaster.com\/#website\"},\"datePublished\":\"2018-04-04T07:18:13+00:00\",\"dateModified\":\"2019-08-09T08:51:06+00:00\",\"description\":\"Registriere dich als unser Partner, um mit sehr wenig Aufwand eine wunderbare Provision zu verdienen.\",\"breadcrumb\":{\"@id\":\"https:\/\/templatetoaster.com\/de\/affiliates#breadcrumb\"},\"inLanguage\":\"de-DE\",\"potentialAction\":[{\"@type\":\"ReadAction\",\"target\":[\"https:\/\/templatetoaster.com\/de\/affiliates\"]}]},{\"@type\":\"BreadcrumbList\",\"@id\":\"https:\/\/templatetoaster.com\/de\/affiliates#breadcrumb\",\"itemListElement\":[{\"@type\":\"ListItem\",\"position\":1,\"name\":\"Home\",\"item\":\"https:\/\/templatetoaster.com\/de\"},{\"@type\":\"ListItem\",\"position\":2,\"name\":\"Affiliate Programm\"}]},{\"@type\":\"WebSite\",\"@id\":\"https:\/\/templatetoaster.com\/#website\",\"url\":\"https:\/\/templatetoaster.com\/\",\"name\":\"TemplateToaster\",\"description\":\"\",\"publisher\":{\"@id\":\"https:\/\/templatetoaster.com\/#organization\"},\"inLanguage\":\"de-DE\"},{\"@type\":\"Organization\",\"@id\":\"https:\/\/templatetoaster.com\/#organization\",\"name\":\"TemplateToaster\",\"url\":\"https:\/\/templatetoaster.com\/\",\"logo\":{\"@type\":\"ImageObject\",\"inLanguage\":\"de-DE\",\"@id\":\"https:\/\/templatetoaster.com\/#\/schema\/logo\/image\/\",\"url\":\"https:\/\/templatetoaster.com\/wp-content\/uploads\/2019\/11\/TemplateToaster_Logo.jpg\",\"contentUrl\":\"https:\/\/templatetoaster.com\/wp-content\/uploads\/2019\/11\/TemplateToaster_Logo.jpg\",\"width\":85,\"height\":85,\"caption\":\"TemplateToaster\"},\"image\":{\"@id\":\"https:\/\/templatetoaster.com\/#\/schema\/logo\/image\/\"},\"sameAs\":[\"https:\/\/www.facebook.com\/TemplateToaster\",\"https:\/\/x.com\/templatetoaster\",\"https:\/\/www.instagram.com\/templatetoaster\/\",\"https:\/\/www.linkedin.com\/company\/templatetoaster\/\",\"https:\/\/www.pinterest.com\/templatetoaster\/\",\"https:\/\/www.youtube.com\/@TemplateToaster\"]}]}<\/script>\n<!-- \/ Yoast SEO plugin. -->","yoast_head_json":{"title":"Affiliate Programm - TemplateToaster","description":"Registriere dich als unser Partner, um mit sehr wenig Aufwand eine wunderbare Provision zu verdienen.","robots":{"index":"index","follow":"follow","max-snippet":"max-snippet:-1","max-image-preview":"max-image-preview:large","max-video-preview":"max-video-preview:-1"},"canonical":"https:\/\/templatetoaster.com\/de\/affiliates","og_locale":"de_DE","og_type":"article","og_title":"Affiliate Programm - TemplateToaster","og_description":"Registriere dich als unser Partner, um mit sehr wenig Aufwand eine wunderbare Provision zu verdienen.","og_url":"https:\/\/templatetoaster.com\/de\/affiliates","og_site_name":"TemplateToaster","article_publisher":"https:\/\/www.facebook.com\/TemplateToaster","article_modified_time":"2019-08-09T08:51:06+00:00","og_image":[{"width":325,"height":325,"url":"https:\/\/templatetoaster.com\/wp-content\/uploads\/2015\/07\/TemplateToaster-325X325.png","type":"image\/png"}],"twitter_card":"summary_large_image","twitter_site":"@templatetoaster","twitter_misc":{"Gesch\u00e4tzte Lesezeit":"1 Minute"},"schema":{"@context":"https:\/\/schema.org","@graph":[{"@type":"WebPage","@id":"https:\/\/templatetoaster.com\/de\/affiliates","url":"https:\/\/templatetoaster.com\/de\/affiliates","name":"Affiliate Programm - TemplateToaster","isPartOf":{"@id":"https:\/\/templatetoaster.com\/#website"},"datePublished":"2018-04-04T07:18:13+00:00","dateModified":"2019-08-09T08:51:06+00:00","description":"Registriere dich als unser Partner, um mit sehr wenig Aufwand eine wunderbare Provision zu verdienen.","breadcrumb":{"@id":"https:\/\/templatetoaster.com\/de\/affiliates#breadcrumb"},"inLanguage":"de-DE","potentialAction":[{"@type":"ReadAction","target":["https:\/\/templatetoaster.com\/de\/affiliates"]}]},{"@type":"BreadcrumbList","@id":"https:\/\/templatetoaster.com\/de\/affiliates#breadcrumb","itemListElement":[{"@type":"ListItem","position":1,"name":"Home","item":"https:\/\/templatetoaster.com\/de"},{"@type":"ListItem","position":2,"name":"Affiliate Programm"}]},{"@type":"WebSite","@id":"https:\/\/templatetoaster.com\/#website","url":"https:\/\/templatetoaster.com\/","name":"TemplateToaster","description":"","publisher":{"@id":"https:\/\/templatetoaster.com\/#organization"},"inLanguage":"de-DE"},{"@type":"Organization","@id":"https:\/\/templatetoaster.com\/#organization","name":"TemplateToaster","url":"https:\/\/templatetoaster.com\/","logo":{"@type":"ImageObject","inLanguage":"de-DE","@id":"https:\/\/templatetoaster.com\/#\/schema\/logo\/image\/","url":"https:\/\/templatetoaster.com\/wp-content\/uploads\/2019\/11\/TemplateToaster_Logo.jpg","contentUrl":"https:\/\/templatetoaster.com\/wp-content\/uploads\/2019\/11\/TemplateToaster_Logo.jpg","width":85,"height":85,"caption":"TemplateToaster"},"image":{"@id":"https:\/\/templatetoaster.com\/#\/schema\/logo\/image\/"},"sameAs":["https:\/\/www.facebook.com\/TemplateToaster","https:\/\/x.com\/templatetoaster","https:\/\/www.instagram.com\/templatetoaster\/","https:\/\/www.linkedin.com\/company\/templatetoaster\/","https:\/\/www.pinterest.com\/templatetoaster\/","https:\/\/www.youtube.com\/@TemplateToaster"]}]}},"_links":{"self":[{"href":"https:\/\/templatetoaster.com\/de\/wp-json\/wp\/v2\/pages\/3460"}],"collection":[{"href":"https:\/\/templatetoaster.com\/de\/wp-json\/wp\/v2\/pages"}],"about":[{"href":"https:\/\/templatetoaster.com\/de\/wp-json\/wp\/v2\/types\/page"}],"author":[{"embeddable":true,"href":"https:\/\/templatetoaster.com\/de\/wp-json\/wp\/v2\/users\/1"}],"replies":[{"embeddable":true,"href":"https:\/\/templatetoaster.com\/de\/wp-json\/wp\/v2\/comments?post=3460"}],"version-history":[{"count":3,"href":"https:\/\/templatetoaster.com\/de\/wp-json\/wp\/v2\/pages\/3460\/revisions"}],"predecessor-version":[{"id":63977,"href":"https:\/\/templatetoaster.com\/de\/wp-json\/wp\/v2\/pages\/3460\/revisions\/63977"}],"wp:attachment":[{"href":"https:\/\/templatetoaster.com\/de\/wp-json\/wp\/v2\/media?parent=3460"}],"curies":[{"name":"wp","href":"https:\/\/api.w.org\/{rel}","templated":true}]}}