{"id":3456,"date":"2018-04-04T07:13:49","date_gmt":"2018-04-04T07:13:49","guid":{"rendered":"http:\/\/templatetoaster.com?page_id=3456"},"modified":"2019-08-10T04:54:05","modified_gmt":"2019-08-10T04:54:05","slug":"testimonials","status":"publish","type":"page","link":"https:\/\/templatetoaster.com\/de\/testimonials","title":{"rendered":"Referenzen"},"content":{"rendered":"<div class=\"tt_testimonial-row row\">&nbsp;<\/p>\n<h1 class=\"heading_border\" style=\"background-size: 168px 1px;\">Referenzen<\/h1>\n<h2 class=\"text-center\" style=\"margin-bottom: 0;\"><em>Was unsere Kunden \u00fcber uns sagen<\/em><\/h2>\n<div class=\"col-md-12\">\n<div class=\"testmonial\">\n<div class=\"testmonial_veiws\">\n<p>Ihr verhaltet Euch f\u00fcr solch ein fantastisches Produkt erstaunlich ruhig. Ich bin sofort zum Kauf bereit und trenne mich hoffentlich von meinem bisherigen Theme-Generator. Ich frage mich tats\u00e4chlich. warum Sie dieses Produkt nicht mehr f\u00f6rdern?!<\/p>\n<\/div>\n<div class=\"author\"><\/div>\n<h3>MW-Brower<\/h3>\n<\/div>\n<\/div>\n<div class=\"col-md-12\">\n<div class=\"testmonial\">\n<div class=\"testmonial_veiws\">\n<p>ICH BIN BEEINDRUCKT! Ich habe gerade meinen Computer mit der neuesten Version aktualisiert und herumprobiert. Ich kann es kaum erwarten das Template, das ich f\u00fcr die Website meines Freundes entwerfe, fertig zu stellen.<\/p>\n<\/div>\n<div class=\"author\"><\/div>\n<h3>John Akers<\/h3>\n<\/div>\n<\/div>\n<div class=\"col-md-12\">\n<div class=\"testmonial\">\n<div class=\"testmonial_veiws\">\n<p>Ich bef\u00fcrchte, dass noch mehr Menschen dieses Tool entdecken werden, und feststellen, wie genial es ist, weil es in meinen Augen weniger Arbeit \/ mehr Kunden bedeutet !!!! TemplateToaster ist DAS BESTE Theme Building-Tool, das ich je verwendet habe. Punkt.<\/p>\n<\/div>\n<div class=\"author\"><\/div>\n<h3>dnsplus<\/h3>\n<\/div>\n<\/div>\n<div class=\"col-md-12\">\n<div class=\"testmonial\">\n<div class=\"testmonial_veiws\">\n<p>Ich habe dieses Programm vor ein paar Tagen entdeckt, w\u00e4hrend das Surfen im Forum von einem anderen Programm Template-Editor. Ich mag, TemplateToaster wirklich, nachdem ich es seit ein paar Stunden nutze. Es hat eine Menge von Funktionen, die ich seit einiger, suchte (Ich konzentriere mich auf WordPress-Templates). Gro\u00dfartige Software, Ich werde es auf jeden Fall n\u00e4her verfolgen. Alles Gute,<\/p>\n<\/div>\n<div class=\"author\"><\/div>\n<h3>Arnold<\/h3>\n<\/div>\n<\/div>\n<div class=\"col-md-12\">\n<div class=\"testmonial\">\n<div class=\"testmonial_veiws\">\n<p>Ich mag die Drag &amp;amp; Drop-Features, die diese Anwendung hat, da dies den bisher vorhandenen Anwendungen fehlt. Es w\u00e4re sch\u00f6n, TemplateToaster wachsen zu sehen, um ein wettbewerbsf\u00e4higes Produkt zu werden.<\/p>\n<\/div>\n<div class=\"author\"><\/div>\n<h3>Rommel<\/h3>\n<\/div>\n<\/div>\n<div class=\"col-md-12\">\n<div class=\"testmonial\">\n<div class=\"testmonial_veiws\">\n<p>Erstaunliche Software. Support ist immer verf\u00fcgbar. Ich habe es f\u00fcr mein erstes Projekt selbst gezahlt. Ein &#8222;must-have&#8220; f\u00fcr ernsthafte Webdesigner. Daumen hoch!<\/p>\n<\/div>\n<div class=\"author\"><\/div>\n<h3>Dave<\/h3>\n<\/div>\n<\/div>\n<div class=\"col-md-12\">\n<div class=\"testmonial\">\n<div class=\"testmonial_veiws\">\n<p>Ich bin in diesem Bereich seit 15 Jahren und habe fast jede Web-Design-Software da drau\u00dfen verwendet , aber jedes Werkzeug verblasst im Vergleich mit TemplateToaster.<\/p>\n<\/div>\n<div class=\"author\"><\/div>\n<h3>Nick<\/h3>\n<\/div>\n<\/div>\n<div class=\"col-md-12\">\n<div class=\"testmonial\">\n<div class=\"testmonial_veiws\">\n<p>Danke, Suchte seit Jahren so etwas wie das!<\/p>\n<\/div>\n<div class=\"author\"><\/div>\n<h3>Antonella<\/h3>\n<\/div>\n<\/div>\n<div class=\"col-md-12\">\n<div class=\"testmonial\">\n<div class=\"testmonial_veiws\">\n<p>Ich schw\u00e4rme f\u00fcr diese Software. Ich habe in den letzten 7 Jahren, und das ist die st\u00e4rkste Theme-Design-Software, die jemals geschaffen wurde! Ich nutze sie in ALL meinen WordPress-Design-Projekten.<\/p>\n<\/div>\n<div class=\"author\"><\/div>\n<h3>Oliver<\/h3>\n<\/div>\n<\/div>\n<div class=\"col-md-12\">\n<div class=\"testmonial\">\n<div class=\"testmonial_veiws\">\n<p>Ihr habt einen gro\u00dfen Fan, Ich werde bald TT mit meinen Freunden teilen!!<\/p>\n<\/div>\n<div class=\"author\"><\/div>\n<h3>Bill P<\/h3>\n<\/div>\n<\/div>\n<div class=\"col-md-12\">\n<div class=\"testmonial\">\n<div class=\"testmonial_veiws\">\n<p>Habe gerade ie Templatetoaster Professional Edition-Lizenz gekauft und ich bin sehr beeindruckt. Die Software ist einfach zu bedienen, und produziert dennoch qualitative Templates. Ich sah TT mehrere Monate zuvor und suchte nach etwas vergleichbarem und ich muss Ihnen sagen, nichts kommt dem nahe. Vielen Dank, dass meine Arbeit ein wenig leichter geworden ist.<\/p>\n<\/div>\n<div class=\"author\"><\/div>\n<h3>Judith<\/h3>\n<\/div>\n<\/div>\n<div class=\"col-md-12\">\n<div class=\"testmonial\">\n<div class=\"testmonial_veiws\">\n<p>TemplateToaster hat sich wirklich auf unserer Mannstunden senken f\u00fcr die Konzeption und die Webseiten pflegen. Diese Zeit kann jetzt f\u00fcr andere Aufgaben verwendet werden. Danke!!<\/p>\n<\/div>\n<div class=\"author\"><\/div>\n<h3>Alexander Schulz<\/h3>\n<\/div>\n<\/div>\n<div class=\"col-md-12\">\n<div class=\"testmonial\">\n<div class=\"testmonial_veiws\">\n<p>Erstens, lassen Sie mich sagen, dass ich TemplateToaster lieben. Ich arbeite mit einer kleinen Web-Design-Einrichtung hier in den Niederlanden, Ich erhalte etwa 2 bis 5 Joomla Templates Bestellungen und besch\u00e4ftige 3 Web-Designer. Fr\u00fcher hatten wir M\u00fche, den Bedarf zu decken, Danke TemplateToaster, Nun k\u00f6nnen wir noch mehr Bestellungen annehmen und k\u00f6nnen unseren Kunden g\u00fcnstigere Preise anbieten.<\/p>\n<\/div>\n<div class=\"author\"><\/div>\n<h3>Louis De Vries<\/h3>\n<\/div>\n<\/div>\n<div class=\"col-md-12\">\n<div class=\"testmonial\">\n<div class=\"testmonial_veiws\">\n<p>Ich wollte mich nur daf\u00fcr beanken, dass Ihr Unternehmen ein so tolles Produkt erstellt hat.<\/p>\n<\/div>\n<div class=\"author\"><\/div>\n<h3>Justin<\/h3>\n<\/div>\n<\/div>\n<div class=\"col-md-12\">\n<div class=\"testmonial\">\n<div class=\"testmonial_veiws\">\n<p>Ich wollte nur sagen, &#8222;Tolles Produkt!!&#8220;Ich h\u00f6rte es nur wenige Tage zur\u00fcck von einem meiner Freundin, und meine Lizenz gestern gekauft, nachdem ich es eine halbe Stunde getestet hatte. Vielen Dank f\u00fcr die tolle Software.<\/p>\n<\/div>\n<div class=\"author\"><\/div>\n<h3>Andreas M\u00fcller<\/h3>\n<\/div>\n<\/div>\n<div class=\"col-md-12\">\n<div class=\"testmonial\">\n<div class=\"testmonial_veiws\">\n<p>Dank noch einmal daf\u00fcr, so ein tolles Produkt!<\/p>\n<\/div>\n<div class=\"author\"><\/div>\n<h3>Dirk<\/h3>\n<\/div>\n<\/div>\n<div class=\"col-md-12\">\n<div class=\"testmonial\">\n<div class=\"testmonial_veiws\">\n<p>Ich habe noch nie so ein brillantes Produkt-Support in meiner Web-Design-Karriere gesehen 14 Jahren. Tats\u00e4chlich 4 Upates innerhalb einer Woche, macht weiter so Jungs, ihr seid die besten.<\/p>\n<\/div>\n<div class=\"author\"><\/div>\n<h3>Sam Hall<\/h3>\n<\/div>\n<\/div>\n<div class=\"col-md-12\">\n<div class=\"testmonial\">\n<div class=\"testmonial_veiws\">\n<p>I bin zahlende Kunde und ich gerade das neueste Update heruntergeladen, und wollte nur sagen, WOW, Sieht super aus, Ich habe alle paar Tage aktualisiert, und es wird immer besser, aber das ist eine gro\u00dfartige Verbesserung, Ich habe auch Ihre Konkurrenten-version. Ich mag es eine Vorlage zu erstellen und sie auf meine Bed\u00fcrfnisse anszupassen! Bisher ein sehr gl\u00fccklicher Camper!<\/p>\n<\/div>\n<div class=\"author\"><\/div>\n<h3>Dave<\/h3>\n<\/div>\n<\/div>\n<p style=\"clear: both; text-align: center; padding-top: 25px;\"><a class=\"btn btn-default\" href=\"\/support\">\u00dcbermitteln Sie Ihre Empfehlung oder Feedback<\/a><\/p>\n<\/div>\n","protected":false},"excerpt":{"rendered":"<p>&nbsp; Referenzen Was unsere Kunden \u00fcber uns sagen Ihr verhaltet Euch f\u00fcr solch ein fantastisches Produkt erstaunlich ruhig. Ich bin sofort zum Kauf bereit und trenne mich hoffentlich von meinem bisherigen Theme-Generator. Ich frage mich tats\u00e4chlich. warum Sie dieses Produkt &hellip; <a href=\"https:\/\/templatetoaster.com\/de\/testimonials\">Continue Reading<span class=\"meta-nav\">&rarr;<\/span><\/a><\/p>\n","protected":false},"author":1,"featured_media":0,"parent":0,"menu_order":0,"comment_status":"closed","ping_status":"closed","template":"PageTemplate1.php","meta":{"footnotes":""},"yoast_head":"<!-- This site is optimized with the Yoast SEO plugin v23.5 - https:\/\/yoast.com\/wordpress\/plugins\/seo\/ -->\n<title>Referenzen - TemplateToaster<\/title>\n<meta name=\"description\" content=\"Einige Referenzen und Feedback geschrieben an TemplateToaster von unseren gl\u00fccklichen Benutzern und Kunden.\" \/>\n<meta name=\"robots\" content=\"index, follow, max-snippet:-1, max-image-preview:large, max-video-preview:-1\" \/>\n<link rel=\"canonical\" href=\"https:\/\/templatetoaster.com\/de\/testimonials\" \/>\n<meta property=\"og:locale\" content=\"de_DE\" \/>\n<meta property=\"og:type\" content=\"article\" \/>\n<meta property=\"og:title\" content=\"Referenzen - TemplateToaster\" \/>\n<meta property=\"og:description\" content=\"Einige Referenzen und Feedback geschrieben an TemplateToaster von unseren gl\u00fccklichen Benutzern und Kunden.\" \/>\n<meta property=\"og:url\" content=\"https:\/\/templatetoaster.com\/de\/testimonials\" \/>\n<meta property=\"og:site_name\" content=\"TemplateToaster\" \/>\n<meta property=\"article:publisher\" content=\"https:\/\/www.facebook.com\/TemplateToaster\" \/>\n<meta property=\"article:modified_time\" content=\"2019-08-10T04:54:05+00:00\" \/>\n<meta property=\"og:image\" content=\"https:\/\/templatetoaster.com\/wp-content\/uploads\/2015\/07\/TemplateToaster-325X325.png\" \/>\n\t<meta property=\"og:image:width\" content=\"325\" \/>\n\t<meta property=\"og:image:height\" content=\"325\" \/>\n\t<meta property=\"og:image:type\" content=\"image\/png\" \/>\n<meta name=\"twitter:card\" content=\"summary_large_image\" \/>\n<meta name=\"twitter:site\" content=\"@templatetoaster\" \/>\n<meta name=\"twitter:label1\" content=\"Gesch\u00e4tzte Lesezeit\" \/>\n\t<meta name=\"twitter:data1\" content=\"3 Minuten\" \/>\n<script type=\"application\/ld+json\" class=\"yoast-schema-graph\">{\"@context\":\"https:\/\/schema.org\",\"@graph\":[{\"@type\":\"WebPage\",\"@id\":\"https:\/\/templatetoaster.com\/de\/testimonials\",\"url\":\"https:\/\/templatetoaster.com\/de\/testimonials\",\"name\":\"Referenzen - TemplateToaster\",\"isPartOf\":{\"@id\":\"https:\/\/templatetoaster.com\/#website\"},\"datePublished\":\"2018-04-04T07:13:49+00:00\",\"dateModified\":\"2019-08-10T04:54:05+00:00\",\"description\":\"Einige Referenzen und Feedback geschrieben an TemplateToaster von unseren gl\u00fccklichen Benutzern und Kunden.\",\"breadcrumb\":{\"@id\":\"https:\/\/templatetoaster.com\/de\/testimonials#breadcrumb\"},\"inLanguage\":\"de-DE\",\"potentialAction\":[{\"@type\":\"ReadAction\",\"target\":[\"https:\/\/templatetoaster.com\/de\/testimonials\"]}]},{\"@type\":\"BreadcrumbList\",\"@id\":\"https:\/\/templatetoaster.com\/de\/testimonials#breadcrumb\",\"itemListElement\":[{\"@type\":\"ListItem\",\"position\":1,\"name\":\"Home\",\"item\":\"https:\/\/templatetoaster.com\/de\"},{\"@type\":\"ListItem\",\"position\":2,\"name\":\"Referenzen\"}]},{\"@type\":\"WebSite\",\"@id\":\"https:\/\/templatetoaster.com\/#website\",\"url\":\"https:\/\/templatetoaster.com\/\",\"name\":\"TemplateToaster\",\"description\":\"\",\"publisher\":{\"@id\":\"https:\/\/templatetoaster.com\/#organization\"},\"inLanguage\":\"de-DE\"},{\"@type\":\"Organization\",\"@id\":\"https:\/\/templatetoaster.com\/#organization\",\"name\":\"TemplateToaster\",\"url\":\"https:\/\/templatetoaster.com\/\",\"logo\":{\"@type\":\"ImageObject\",\"inLanguage\":\"de-DE\",\"@id\":\"https:\/\/templatetoaster.com\/#\/schema\/logo\/image\/\",\"url\":\"https:\/\/templatetoaster.com\/wp-content\/uploads\/2019\/11\/TemplateToaster_Logo.jpg\",\"contentUrl\":\"https:\/\/templatetoaster.com\/wp-content\/uploads\/2019\/11\/TemplateToaster_Logo.jpg\",\"width\":85,\"height\":85,\"caption\":\"TemplateToaster\"},\"image\":{\"@id\":\"https:\/\/templatetoaster.com\/#\/schema\/logo\/image\/\"},\"sameAs\":[\"https:\/\/www.facebook.com\/TemplateToaster\",\"https:\/\/x.com\/templatetoaster\",\"https:\/\/www.instagram.com\/templatetoaster\/\",\"https:\/\/www.linkedin.com\/company\/templatetoaster\/\",\"https:\/\/www.pinterest.com\/templatetoaster\/\",\"https:\/\/www.youtube.com\/@TemplateToaster\"]}]}<\/script>\n<!-- \/ Yoast SEO plugin. -->","yoast_head_json":{"title":"Referenzen - TemplateToaster","description":"Einige Referenzen und Feedback geschrieben an TemplateToaster von unseren gl\u00fccklichen Benutzern und Kunden.","robots":{"index":"index","follow":"follow","max-snippet":"max-snippet:-1","max-image-preview":"max-image-preview:large","max-video-preview":"max-video-preview:-1"},"canonical":"https:\/\/templatetoaster.com\/de\/testimonials","og_locale":"de_DE","og_type":"article","og_title":"Referenzen - TemplateToaster","og_description":"Einige Referenzen und Feedback geschrieben an TemplateToaster von unseren gl\u00fccklichen Benutzern und Kunden.","og_url":"https:\/\/templatetoaster.com\/de\/testimonials","og_site_name":"TemplateToaster","article_publisher":"https:\/\/www.facebook.com\/TemplateToaster","article_modified_time":"2019-08-10T04:54:05+00:00","og_image":[{"width":325,"height":325,"url":"https:\/\/templatetoaster.com\/wp-content\/uploads\/2015\/07\/TemplateToaster-325X325.png","type":"image\/png"}],"twitter_card":"summary_large_image","twitter_site":"@templatetoaster","twitter_misc":{"Gesch\u00e4tzte Lesezeit":"3 Minuten"},"schema":{"@context":"https:\/\/schema.org","@graph":[{"@type":"WebPage","@id":"https:\/\/templatetoaster.com\/de\/testimonials","url":"https:\/\/templatetoaster.com\/de\/testimonials","name":"Referenzen - TemplateToaster","isPartOf":{"@id":"https:\/\/templatetoaster.com\/#website"},"datePublished":"2018-04-04T07:13:49+00:00","dateModified":"2019-08-10T04:54:05+00:00","description":"Einige Referenzen und Feedback geschrieben an TemplateToaster von unseren gl\u00fccklichen Benutzern und Kunden.","breadcrumb":{"@id":"https:\/\/templatetoaster.com\/de\/testimonials#breadcrumb"},"inLanguage":"de-DE","potentialAction":[{"@type":"ReadAction","target":["https:\/\/templatetoaster.com\/de\/testimonials"]}]},{"@type":"BreadcrumbList","@id":"https:\/\/templatetoaster.com\/de\/testimonials#breadcrumb","itemListElement":[{"@type":"ListItem","position":1,"name":"Home","item":"https:\/\/templatetoaster.com\/de"},{"@type":"ListItem","position":2,"name":"Referenzen"}]},{"@type":"WebSite","@id":"https:\/\/templatetoaster.com\/#website","url":"https:\/\/templatetoaster.com\/","name":"TemplateToaster","description":"","publisher":{"@id":"https:\/\/templatetoaster.com\/#organization"},"inLanguage":"de-DE"},{"@type":"Organization","@id":"https:\/\/templatetoaster.com\/#organization","name":"TemplateToaster","url":"https:\/\/templatetoaster.com\/","logo":{"@type":"ImageObject","inLanguage":"de-DE","@id":"https:\/\/templatetoaster.com\/#\/schema\/logo\/image\/","url":"https:\/\/templatetoaster.com\/wp-content\/uploads\/2019\/11\/TemplateToaster_Logo.jpg","contentUrl":"https:\/\/templatetoaster.com\/wp-content\/uploads\/2019\/11\/TemplateToaster_Logo.jpg","width":85,"height":85,"caption":"TemplateToaster"},"image":{"@id":"https:\/\/templatetoaster.com\/#\/schema\/logo\/image\/"},"sameAs":["https:\/\/www.facebook.com\/TemplateToaster","https:\/\/x.com\/templatetoaster","https:\/\/www.instagram.com\/templatetoaster\/","https:\/\/www.linkedin.com\/company\/templatetoaster\/","https:\/\/www.pinterest.com\/templatetoaster\/","https:\/\/www.youtube.com\/@TemplateToaster"]}]}},"_links":{"self":[{"href":"https:\/\/templatetoaster.com\/de\/wp-json\/wp\/v2\/pages\/3456"}],"collection":[{"href":"https:\/\/templatetoaster.com\/de\/wp-json\/wp\/v2\/pages"}],"about":[{"href":"https:\/\/templatetoaster.com\/de\/wp-json\/wp\/v2\/types\/page"}],"author":[{"embeddable":true,"href":"https:\/\/templatetoaster.com\/de\/wp-json\/wp\/v2\/users\/1"}],"replies":[{"embeddable":true,"href":"https:\/\/templatetoaster.com\/de\/wp-json\/wp\/v2\/comments?post=3456"}],"version-history":[{"count":3,"href":"https:\/\/templatetoaster.com\/de\/wp-json\/wp\/v2\/pages\/3456\/revisions"}],"predecessor-version":[{"id":64015,"href":"https:\/\/templatetoaster.com\/de\/wp-json\/wp\/v2\/pages\/3456\/revisions\/64015"}],"wp:attachment":[{"href":"https:\/\/templatetoaster.com\/de\/wp-json\/wp\/v2\/media?parent=3456"}],"curies":[{"name":"wp","href":"https:\/\/api.w.org\/{rel}","templated":true}]}}