{"id":3454,"date":"2018-04-04T07:01:11","date_gmt":"2018-04-04T07:01:11","guid":{"rendered":"http:\/\/templatetoaster.com?page_id=3454"},"modified":"2018-11-19T12:31:50","modified_gmt":"2018-11-19T12:31:50","slug":"our-standards","status":"publish","type":"page","link":"https:\/\/templatetoaster.com\/de\/our-standards","title":{"rendered":"Unsere Standards"},"content":{"rendered":"<div class=\"ttr_our_features_row_main row\">\n<h1 class=\"heading_border\" style=\"background-size:335px 1px;\">Unsere Standards<\/h1>\n<div class=\"ttr_our_features_row row odd first\">\n<div class=\"container\">\n<div class=\"ttr_our_features_col col1\">\n\t  <img decoding=\"async\" src=\"https:\/\/templatetoaster.com\/wp-content\/uploads\/2018\/10\/responsive-web-design.jpg\" class=\"img-responsive center-block\" alt=\"\"><\/div>\n<div class=\"ttr_our_features_col col2\">\n<h3 style=\"margin: 0px;\">Responsive Webdesign<\/h3>\n<p style=\"padding-left: 0px;\">TemplateToaster unterst\u00fctzt Responsive Web Design(RWD), d.h. Ihre Website wird auf jedem Ger\u00e4t einwandfrei angezeigt, einschlie\u00dflich, aber nicht beschr\u00e4nkt auf Apple-Ger\u00e4te, Android-Ger\u00e4te, Blackberry-Ger\u00e4te, Windows-Telefone, gro\u00dfe Bildschirme, kleine Tablets, gro\u00dfe Tablets, Desktops und so weiter.<\/p>\n<\/div>\n<\/div>\n<\/div>\n<div class=\"ttr_our_features_row row even\">\n<div class=\"container\">\n<div class=\"ttr_our_features_col col1\">\n<h3 style=\"margin: 0px;\">Browser-Kompatibilit\u00e4t<\/h3>\n<p>TemplateToaster unterst\u00fctzt alle g\u00e4ngigen Web-Browser einschlie\u00dflich aber nicht beschr\u00e4nkt auf Internet Explorer, Firefox, Chrome, Opera, Safari und alle mobilen Browser.<\/p>\n<\/div>\n<div class=\"ttr_our_features_col col2\">\n<img decoding=\"async\" src=\"https:\/\/templatetoaster.com\/wp-content\/uploads\/2018\/10\/browser-compatibility.png\" class=\"img-responsive center-block\" alt=\"\"><\/div>\n<\/div>\n<\/div>\n<div class=\"ttr_our_features_row row odd\">\n<div class=\"container\">\n<div class=\"ttr_our_features_col col1\">\n    <img decoding=\"async\" src=\"https:\/\/templatetoaster.com\/wp-content\/uploads\/2018\/10\/bootstrap-framework-support.png\" class=\"img-responsive center-block\" alt=\"\">\n\t<\/div>\n<div class=\"ttr_our_features_col col2\">\n<h3 style=\"margin:0px;\">Bootstrap-Framework-Unterst\u00fctzung<\/h3>\n<p style=\"padding-left: 0px;\">TemplateToaster unterst\u00fctzt jetzt BootStrap, d.h. alle erzeugten Templates, Themes und Websites werden BootStrap-basiert sein. Du kannst auch alle standardm\u00e4\u00dfigen BootStrap-Steuerelemente direkt in TemplateToaster \u00e4ndern.<\/p>\n<\/div>\n<\/div>\n<\/div>\n<div class=\"ttr_our_features_row row even\">\n<div class=\"container\">\n<div class=\"ttr_our_features_col col1\">\n<h3 style=\"margin: 0px;\">Dot Net und WPF-basierte Software<\/h3>\n<p>TemplateToaster wurde unter Verwendung von Microsoft dot Net- und WPF-Frameworks entwickelt und garantiert die perfekte Mischung aus Leistung und Standardisierung.<\/p>\n<\/div>\n<div class=\"ttr_our_features_col col2\">\n\t  <img decoding=\"async\" src=\"https:\/\/templatetoaster.com\/wp-content\/uploads\/2018\/10\/dot-net-and-wpf-based-software.png\" class=\"img-responsive center-block\" alt=\"\"><\/div>\n<\/div>\n<\/div>\n<div class=\"ttr_our_features_row row odd\">\n<div class=\"container\">\n<div class=\"ttr_our_features_col col1\">\n\t  <img decoding=\"async\" src=\"https:\/\/templatetoaster.com\/wp-content\/uploads\/2018\/10\/high-page-speed.png\" class=\"img-responsive center-block\" alt=\"\"><\/div>\n<div class=\"ttr_our_features_col col2\">\n<h3 style=\"margin: 0px;\">Hochgeschwindigkeits-Seite<\/h3>\n<p style=\"padding-left: 0px;\">TemplateToaster implementiert die neuesten Industriestandards, um die Geschwindigkeit der Vorlage\/Theme\/Website zu erh\u00f6hen. Du kannst die Seitengeschwindigkeit von TemplateToaster.com mit Google Page Speed oder dem Pingdom Tool \u00fcberpr\u00fcfen.<\/p>\n<\/div>\n<\/div>\n<\/div>\n<div class=\"ttr_our_features_row row even\">\n<div class=\"container\">\n<div class=\"ttr_our_features_col col1\">\n<h3 style=\"margin:0px;\">WordPress Theme Check Plugin Pass<\/h3>\n<p class=\"feature-text\">WordPress Themes, die in TemplateToaster entworfen wurden, bestehen das WordPress Theme Check Plugin, d.h. die WordPress Themes, die Du in TemplateToaster entworfen hast, sind fehlerfrei und bestehen aus hochwertigem Industriestandard-Code.<\/p>\n<\/div>\n<div class=\"ttr_our_features_col col2\">\n\t\t<img decoding=\"async\" src=\"https:\/\/templatetoaster.com\/wp-content\/uploads\/2018\/10\/wordpress-theme-check-plugin-pass.png\" class=\"img-responsive center-block\" alt=\"\"><\/div>\n<\/div>\n<\/div>\n<div class=\"ttr_our_features_row row odd\">\n<div class=\"container\">\n<div class=\"ttr_our_features_col col1\">\n\t\t<img decoding=\"async\" src=\"https:\/\/templatetoaster.com\/wp-content\/uploads\/2018\/10\/w3c-valid-output.png\" class=\"img-responsive center-block drop_drag\" alt=\"\"> <\/div>\n<div class=\"ttr_our_features_col col2\">\n<h3 style=\"margin:0px;\"> W3C g\u00fcltige Ausgabe<\/h3>\n<p style=\"padding-left: 0px;\">TemplateToaster generiert den Industriestandard HTML5\/CSS3, der die W3C-Standards erf\u00fcllen sollte.<\/p>\n<\/div>\n<\/div>\n<\/div>\n<div class=\"ttr_our_features_row row even\">\n<div class=\"container\">\n<div class=\"ttr_our_features_col col1\">\n<h3 style=\"margin: 0px;\">WordPress Thema Coding Standards<\/h3>\n<p class=\"feature-text\">Sie alle kennen vielleicht die WordPress Theme Coding Empfehlungen, Richtlinien und Standards. Eines der TemplateToaster Themes befindet sich im WordPress Theme Repository, jetzt kannst du erahnen, wie hochwertig die Ausgabe von TemplateToaster ist.<\/p>\n<\/div>\n<div class=\"ttr_our_features_col col2\">\n\t\t<img decoding=\"async\" src=\"https:\/\/templatetoaster.com\/wp-content\/uploads\/2018\/10\/wordpress-theme-coding-standards.png\" class=\"img-responsive center-block\" alt=\"\"><\/div>\n<\/div>\n<\/div>\n<div class=\"ttr_our_features_row_button row\">\n<div class=\"container\">\n<a class=\"btn download_button btn-feature\" href=\"https:\/\/templatetoaster.com\/de\/download\">Kostenlose Testversion downloaden<\/a>\n<\/div>\n<\/div>\n<\/div>\n","protected":false},"excerpt":{"rendered":"<p>Unsere Standards Responsive Webdesign TemplateToaster unterst\u00fctzt Responsive Web Design(RWD), d.h. Ihre Website wird auf jedem Ger\u00e4t einwandfrei angezeigt, einschlie\u00dflich, aber nicht beschr\u00e4nkt auf Apple-Ger\u00e4te, Android-Ger\u00e4te, Blackberry-Ger\u00e4te, Windows-Telefone, gro\u00dfe Bildschirme, kleine Tablets, gro\u00dfe Tablets, Desktops und so weiter. Browser-Kompatibilit\u00e4t TemplateToaster unterst\u00fctzt &hellip; <a href=\"https:\/\/templatetoaster.com\/de\/our-standards\">Continue Reading<span class=\"meta-nav\">&rarr;<\/span><\/a><\/p>\n","protected":false},"author":1,"featured_media":0,"parent":0,"menu_order":0,"comment_status":"closed","ping_status":"closed","template":"","meta":{"footnotes":""},"yoast_head":"<!-- This site is optimized with the Yoast SEO plugin v23.5 - https:\/\/yoast.com\/wordpress\/plugins\/seo\/ -->\n<title>Unsere Standards - TemplateToaster<\/title>\n<meta name=\"description\" content=\"TemplateToaster ist eine Software mit hohen Standards, schauen wir uns einige davon an.\" \/>\n<meta name=\"robots\" content=\"index, follow, max-snippet:-1, max-image-preview:large, max-video-preview:-1\" \/>\n<link rel=\"canonical\" href=\"https:\/\/templatetoaster.com\/de\/our-standards\" \/>\n<meta property=\"og:locale\" content=\"de_DE\" \/>\n<meta property=\"og:type\" content=\"article\" \/>\n<meta property=\"og:title\" content=\"Unsere Standards - TemplateToaster\" \/>\n<meta property=\"og:description\" content=\"TemplateToaster ist eine Software mit hohen Standards, schauen wir uns einige davon an.\" \/>\n<meta property=\"og:url\" content=\"https:\/\/templatetoaster.com\/de\/our-standards\" \/>\n<meta property=\"og:site_name\" content=\"TemplateToaster\" \/>\n<meta property=\"article:publisher\" content=\"https:\/\/www.facebook.com\/TemplateToaster\" \/>\n<meta property=\"article:modified_time\" content=\"2018-11-19T12:31:50+00:00\" \/>\n<meta property=\"og:image\" content=\"https:\/\/templatetoaster.com\/wp-content\/uploads\/2018\/10\/responsive-web-design.jpg\" \/>\n<meta name=\"twitter:card\" content=\"summary_large_image\" \/>\n<meta name=\"twitter:site\" content=\"@templatetoaster\" \/>\n<meta name=\"twitter:label1\" content=\"Gesch\u00e4tzte Lesezeit\" \/>\n\t<meta name=\"twitter:data1\" content=\"1 Minute\" \/>\n<script type=\"application\/ld+json\" class=\"yoast-schema-graph\">{\"@context\":\"https:\/\/schema.org\",\"@graph\":[{\"@type\":\"WebPage\",\"@id\":\"https:\/\/templatetoaster.com\/de\/our-standards\",\"url\":\"https:\/\/templatetoaster.com\/de\/our-standards\",\"name\":\"Unsere Standards - TemplateToaster\",\"isPartOf\":{\"@id\":\"https:\/\/templatetoaster.com\/#website\"},\"primaryImageOfPage\":{\"@id\":\"https:\/\/templatetoaster.com\/de\/our-standards#primaryimage\"},\"image\":{\"@id\":\"https:\/\/templatetoaster.com\/de\/our-standards#primaryimage\"},\"thumbnailUrl\":\"https:\/\/templatetoaster.com\/wp-content\/uploads\/2018\/10\/responsive-web-design.jpg\",\"datePublished\":\"2018-04-04T07:01:11+00:00\",\"dateModified\":\"2018-11-19T12:31:50+00:00\",\"description\":\"TemplateToaster ist eine Software mit hohen Standards, schauen wir uns einige davon an.\",\"breadcrumb\":{\"@id\":\"https:\/\/templatetoaster.com\/de\/our-standards#breadcrumb\"},\"inLanguage\":\"de-DE\",\"potentialAction\":[{\"@type\":\"ReadAction\",\"target\":[\"https:\/\/templatetoaster.com\/de\/our-standards\"]}]},{\"@type\":\"ImageObject\",\"inLanguage\":\"de-DE\",\"@id\":\"https:\/\/templatetoaster.com\/de\/our-standards#primaryimage\",\"url\":\"https:\/\/templatetoaster.com\/wp-content\/uploads\/2018\/10\/responsive-web-design.jpg\",\"contentUrl\":\"https:\/\/templatetoaster.com\/wp-content\/uploads\/2018\/10\/responsive-web-design.jpg\"},{\"@type\":\"BreadcrumbList\",\"@id\":\"https:\/\/templatetoaster.com\/de\/our-standards#breadcrumb\",\"itemListElement\":[{\"@type\":\"ListItem\",\"position\":1,\"name\":\"Home\",\"item\":\"https:\/\/templatetoaster.com\/de\"},{\"@type\":\"ListItem\",\"position\":2,\"name\":\"Unsere Standards\"}]},{\"@type\":\"WebSite\",\"@id\":\"https:\/\/templatetoaster.com\/#website\",\"url\":\"https:\/\/templatetoaster.com\/\",\"name\":\"TemplateToaster\",\"description\":\"\",\"publisher\":{\"@id\":\"https:\/\/templatetoaster.com\/#organization\"},\"inLanguage\":\"de-DE\"},{\"@type\":\"Organization\",\"@id\":\"https:\/\/templatetoaster.com\/#organization\",\"name\":\"TemplateToaster\",\"url\":\"https:\/\/templatetoaster.com\/\",\"logo\":{\"@type\":\"ImageObject\",\"inLanguage\":\"de-DE\",\"@id\":\"https:\/\/templatetoaster.com\/#\/schema\/logo\/image\/\",\"url\":\"https:\/\/templatetoaster.com\/wp-content\/uploads\/2019\/11\/TemplateToaster_Logo.jpg\",\"contentUrl\":\"https:\/\/templatetoaster.com\/wp-content\/uploads\/2019\/11\/TemplateToaster_Logo.jpg\",\"width\":85,\"height\":85,\"caption\":\"TemplateToaster\"},\"image\":{\"@id\":\"https:\/\/templatetoaster.com\/#\/schema\/logo\/image\/\"},\"sameAs\":[\"https:\/\/www.facebook.com\/TemplateToaster\",\"https:\/\/x.com\/templatetoaster\",\"https:\/\/www.instagram.com\/templatetoaster\/\",\"https:\/\/www.linkedin.com\/company\/templatetoaster\/\",\"https:\/\/www.pinterest.com\/templatetoaster\/\",\"https:\/\/www.youtube.com\/@TemplateToaster\"]}]}<\/script>\n<!-- \/ Yoast SEO plugin. -->","yoast_head_json":{"title":"Unsere Standards - TemplateToaster","description":"TemplateToaster ist eine Software mit hohen Standards, schauen wir uns einige davon an.","robots":{"index":"index","follow":"follow","max-snippet":"max-snippet:-1","max-image-preview":"max-image-preview:large","max-video-preview":"max-video-preview:-1"},"canonical":"https:\/\/templatetoaster.com\/de\/our-standards","og_locale":"de_DE","og_type":"article","og_title":"Unsere Standards - TemplateToaster","og_description":"TemplateToaster ist eine Software mit hohen Standards, schauen wir uns einige davon an.","og_url":"https:\/\/templatetoaster.com\/de\/our-standards","og_site_name":"TemplateToaster","article_publisher":"https:\/\/www.facebook.com\/TemplateToaster","article_modified_time":"2018-11-19T12:31:50+00:00","og_image":[{"url":"https:\/\/templatetoaster.com\/wp-content\/uploads\/2018\/10\/responsive-web-design.jpg"}],"twitter_card":"summary_large_image","twitter_site":"@templatetoaster","twitter_misc":{"Gesch\u00e4tzte Lesezeit":"1 Minute"},"schema":{"@context":"https:\/\/schema.org","@graph":[{"@type":"WebPage","@id":"https:\/\/templatetoaster.com\/de\/our-standards","url":"https:\/\/templatetoaster.com\/de\/our-standards","name":"Unsere Standards - TemplateToaster","isPartOf":{"@id":"https:\/\/templatetoaster.com\/#website"},"primaryImageOfPage":{"@id":"https:\/\/templatetoaster.com\/de\/our-standards#primaryimage"},"image":{"@id":"https:\/\/templatetoaster.com\/de\/our-standards#primaryimage"},"thumbnailUrl":"https:\/\/templatetoaster.com\/wp-content\/uploads\/2018\/10\/responsive-web-design.jpg","datePublished":"2018-04-04T07:01:11+00:00","dateModified":"2018-11-19T12:31:50+00:00","description":"TemplateToaster ist eine Software mit hohen Standards, schauen wir uns einige davon an.","breadcrumb":{"@id":"https:\/\/templatetoaster.com\/de\/our-standards#breadcrumb"},"inLanguage":"de-DE","potentialAction":[{"@type":"ReadAction","target":["https:\/\/templatetoaster.com\/de\/our-standards"]}]},{"@type":"ImageObject","inLanguage":"de-DE","@id":"https:\/\/templatetoaster.com\/de\/our-standards#primaryimage","url":"https:\/\/templatetoaster.com\/wp-content\/uploads\/2018\/10\/responsive-web-design.jpg","contentUrl":"https:\/\/templatetoaster.com\/wp-content\/uploads\/2018\/10\/responsive-web-design.jpg"},{"@type":"BreadcrumbList","@id":"https:\/\/templatetoaster.com\/de\/our-standards#breadcrumb","itemListElement":[{"@type":"ListItem","position":1,"name":"Home","item":"https:\/\/templatetoaster.com\/de"},{"@type":"ListItem","position":2,"name":"Unsere Standards"}]},{"@type":"WebSite","@id":"https:\/\/templatetoaster.com\/#website","url":"https:\/\/templatetoaster.com\/","name":"TemplateToaster","description":"","publisher":{"@id":"https:\/\/templatetoaster.com\/#organization"},"inLanguage":"de-DE"},{"@type":"Organization","@id":"https:\/\/templatetoaster.com\/#organization","name":"TemplateToaster","url":"https:\/\/templatetoaster.com\/","logo":{"@type":"ImageObject","inLanguage":"de-DE","@id":"https:\/\/templatetoaster.com\/#\/schema\/logo\/image\/","url":"https:\/\/templatetoaster.com\/wp-content\/uploads\/2019\/11\/TemplateToaster_Logo.jpg","contentUrl":"https:\/\/templatetoaster.com\/wp-content\/uploads\/2019\/11\/TemplateToaster_Logo.jpg","width":85,"height":85,"caption":"TemplateToaster"},"image":{"@id":"https:\/\/templatetoaster.com\/#\/schema\/logo\/image\/"},"sameAs":["https:\/\/www.facebook.com\/TemplateToaster","https:\/\/x.com\/templatetoaster","https:\/\/www.instagram.com\/templatetoaster\/","https:\/\/www.linkedin.com\/company\/templatetoaster\/","https:\/\/www.pinterest.com\/templatetoaster\/","https:\/\/www.youtube.com\/@TemplateToaster"]}]}},"_links":{"self":[{"href":"https:\/\/templatetoaster.com\/de\/wp-json\/wp\/v2\/pages\/3454"}],"collection":[{"href":"https:\/\/templatetoaster.com\/de\/wp-json\/wp\/v2\/pages"}],"about":[{"href":"https:\/\/templatetoaster.com\/de\/wp-json\/wp\/v2\/types\/page"}],"author":[{"embeddable":true,"href":"https:\/\/templatetoaster.com\/de\/wp-json\/wp\/v2\/users\/1"}],"replies":[{"embeddable":true,"href":"https:\/\/templatetoaster.com\/de\/wp-json\/wp\/v2\/comments?post=3454"}],"version-history":[{"count":5,"href":"https:\/\/templatetoaster.com\/de\/wp-json\/wp\/v2\/pages\/3454\/revisions"}],"predecessor-version":[{"id":5817,"href":"https:\/\/templatetoaster.com\/de\/wp-json\/wp\/v2\/pages\/3454\/revisions\/5817"}],"wp:attachment":[{"href":"https:\/\/templatetoaster.com\/de\/wp-json\/wp\/v2\/media?parent=3454"}],"curies":[{"name":"wp","href":"https:\/\/api.w.org\/{rel}","templated":true}]}}