{"id":3452,"date":"2018-04-04T06:58:49","date_gmt":"2018-04-04T06:58:49","guid":{"rendered":"http:\/\/templatetoaster.com?page_id=3452"},"modified":"2018-11-14T13:34:31","modified_gmt":"2018-11-14T13:34:31","slug":"terms-of-use","status":"publish","type":"page","link":"https:\/\/templatetoaster.com\/de\/terms-of-use","title":{"rendered":"AGB"},"content":{"rendered":"<div class=\"tt_terms_of_use_row row\">\n<h1 class=\"heading_border\">AGBs<\/h1>\n<p>Willkommen bei TemplateToaster, wenn du diese Webseite weiterhin nutzt, akzeptierst du unsere Allgemeinen Gesch\u00e4ftsbedingungen, die in Verbindung mit unserer Datenschutzerkl\u00e4rung unsere Zusammenarbeit mit dir definieren. Bitte nutze unsere Webseite nicht, wenn du mit den folgenden Allgemeinen Gesch\u00e4ftsbedingungen nicht einverstanden bist.<\/p>\n<ul class=\"download_points terms\">\n<li>Der Inhalt dieser Webseite, der zu Informationszwecken dient, kann sich jederzeit und ohne vorherige Ank\u00fcndigung \u00e4ndern.<\/li>\n<li>Unsere Website verwendet Cookies f\u00fcr eine bessere Leistung.<\/li>\n<li>Weder TemplateToaster noch Dritte \u00fcbernehmen eine Garantie f\u00fcr die Aktualit\u00e4t, Richtigkeit, Vollst\u00e4ndigkeit oder Eignung der dort verf\u00fcgbaren Inhalte. Wir versuchen unser Bestes, aber Sie erkennen an, dass der Inhalt Fehler enthalten kann.<\/li>\n<li>Der Inhalt dieser Website ist nicht auf Layouts, Grafiken, Designs beschr\u00e4nkt und unterliegt dem Urheberrecht und ist Eigentum von uns, Vervielf\u00e4ltigungen davon sind strengstens verboten.<\/li>\n<li>Alle anderen Namen und Logos sind Marken ihrer jeweiligen Eigent\u00fcmer; TemplateToaster wird von Joomla-, WordPress- und Drupal-Projekten nicht unterst\u00fctzt.<\/li>\n<li>Wir k\u00f6nnen einige externe Links auf dieser Website bereitstellen, diese Links dienen Ihrer Benutzerfreundlichkeit und weiteren Informationen, und es bedeutet nicht, dass wir diese Webseiten unterst\u00fctzen oder dass sie uns unterst\u00fctzen, und wir sind nicht verantwortlich f\u00fcr die Richtigkeit der auf diesen Webseiten bereitgestellten Inhalte.<\/li>\n<li>F\u00fcr die Nutzungsbedingungen der TemplateToaster Software lesen Sie bitte bei der Installation die EULA (Endbenutzer-Lizenzvereinbarung).<\/li>\n<li>Bitte besuchen Sie unsere <a href=\"https:\/\/templatetoaster.com\/faqs\">FAQ Seite<\/a> f\u00fcr weitere Details und Hilfe.<\/li>\n<\/ul>\n<\/div>\n","protected":false},"excerpt":{"rendered":"<p>AGBs Willkommen bei TemplateToaster, wenn du diese Webseite weiterhin nutzt, akzeptierst du unsere Allgemeinen Gesch\u00e4ftsbedingungen, die in Verbindung mit unserer Datenschutzerkl\u00e4rung unsere Zusammenarbeit mit dir definieren. Bitte nutze unsere Webseite nicht, wenn du mit den folgenden Allgemeinen Gesch\u00e4ftsbedingungen nicht einverstanden &hellip; <a href=\"https:\/\/templatetoaster.com\/de\/terms-of-use\">Continue Reading<span class=\"meta-nav\">&rarr;<\/span><\/a><\/p>\n","protected":false},"author":1,"featured_media":0,"parent":0,"menu_order":0,"comment_status":"closed","ping_status":"closed","template":"PageTemplate1.php","meta":{"footnotes":""},"yoast_head":"<!-- This site is optimized with the Yoast SEO plugin v23.5 - https:\/\/yoast.com\/wordpress\/plugins\/seo\/ -->\n<title>AGB - TemplateToaster<\/title>\n<meta name=\"description\" content=\"TemplateToaster AGBs\" \/>\n<meta name=\"robots\" content=\"index, follow, max-snippet:-1, max-image-preview:large, max-video-preview:-1\" \/>\n<link rel=\"canonical\" href=\"https:\/\/templatetoaster.com\/de\/terms-of-use\" \/>\n<meta property=\"og:locale\" content=\"de_DE\" \/>\n<meta property=\"og:type\" content=\"article\" \/>\n<meta property=\"og:title\" content=\"AGB - TemplateToaster\" \/>\n<meta property=\"og:description\" content=\"TemplateToaster AGBs\" \/>\n<meta property=\"og:url\" content=\"https:\/\/templatetoaster.com\/de\/terms-of-use\" \/>\n<meta property=\"og:site_name\" content=\"TemplateToaster\" \/>\n<meta property=\"article:publisher\" content=\"https:\/\/www.facebook.com\/TemplateToaster\" \/>\n<meta property=\"article:modified_time\" content=\"2018-11-14T13:34:31+00:00\" \/>\n<meta property=\"og:image\" content=\"https:\/\/templatetoaster.com\/wp-content\/uploads\/2015\/07\/TemplateToaster-325X325.png\" \/>\n\t<meta property=\"og:image:width\" content=\"325\" \/>\n\t<meta property=\"og:image:height\" content=\"325\" \/>\n\t<meta property=\"og:image:type\" content=\"image\/png\" \/>\n<meta name=\"twitter:card\" content=\"summary_large_image\" \/>\n<meta name=\"twitter:site\" content=\"@templatetoaster\" \/>\n<meta name=\"twitter:label1\" content=\"Gesch\u00e4tzte Lesezeit\" \/>\n\t<meta name=\"twitter:data1\" content=\"1 Minute\" \/>\n<script type=\"application\/ld+json\" class=\"yoast-schema-graph\">{\"@context\":\"https:\/\/schema.org\",\"@graph\":[{\"@type\":\"WebPage\",\"@id\":\"https:\/\/templatetoaster.com\/de\/terms-of-use\",\"url\":\"https:\/\/templatetoaster.com\/de\/terms-of-use\",\"name\":\"AGB - TemplateToaster\",\"isPartOf\":{\"@id\":\"https:\/\/templatetoaster.com\/#website\"},\"datePublished\":\"2018-04-04T06:58:49+00:00\",\"dateModified\":\"2018-11-14T13:34:31+00:00\",\"description\":\"TemplateToaster AGBs\",\"breadcrumb\":{\"@id\":\"https:\/\/templatetoaster.com\/de\/terms-of-use#breadcrumb\"},\"inLanguage\":\"de-DE\",\"potentialAction\":[{\"@type\":\"ReadAction\",\"target\":[\"https:\/\/templatetoaster.com\/de\/terms-of-use\"]}]},{\"@type\":\"BreadcrumbList\",\"@id\":\"https:\/\/templatetoaster.com\/de\/terms-of-use#breadcrumb\",\"itemListElement\":[{\"@type\":\"ListItem\",\"position\":1,\"name\":\"Home\",\"item\":\"https:\/\/templatetoaster.com\/de\"},{\"@type\":\"ListItem\",\"position\":2,\"name\":\"AGB\"}]},{\"@type\":\"WebSite\",\"@id\":\"https:\/\/templatetoaster.com\/#website\",\"url\":\"https:\/\/templatetoaster.com\/\",\"name\":\"TemplateToaster\",\"description\":\"\",\"publisher\":{\"@id\":\"https:\/\/templatetoaster.com\/#organization\"},\"inLanguage\":\"de-DE\"},{\"@type\":\"Organization\",\"@id\":\"https:\/\/templatetoaster.com\/#organization\",\"name\":\"TemplateToaster\",\"url\":\"https:\/\/templatetoaster.com\/\",\"logo\":{\"@type\":\"ImageObject\",\"inLanguage\":\"de-DE\",\"@id\":\"https:\/\/templatetoaster.com\/#\/schema\/logo\/image\/\",\"url\":\"https:\/\/templatetoaster.com\/wp-content\/uploads\/2019\/11\/TemplateToaster_Logo.jpg\",\"contentUrl\":\"https:\/\/templatetoaster.com\/wp-content\/uploads\/2019\/11\/TemplateToaster_Logo.jpg\",\"width\":85,\"height\":85,\"caption\":\"TemplateToaster\"},\"image\":{\"@id\":\"https:\/\/templatetoaster.com\/#\/schema\/logo\/image\/\"},\"sameAs\":[\"https:\/\/www.facebook.com\/TemplateToaster\",\"https:\/\/x.com\/templatetoaster\",\"https:\/\/www.instagram.com\/templatetoaster\/\",\"https:\/\/www.linkedin.com\/company\/templatetoaster\/\",\"https:\/\/www.pinterest.com\/templatetoaster\/\",\"https:\/\/www.youtube.com\/@TemplateToaster\"]}]}<\/script>\n<!-- \/ Yoast SEO plugin. -->","yoast_head_json":{"title":"AGB - TemplateToaster","description":"TemplateToaster AGBs","robots":{"index":"index","follow":"follow","max-snippet":"max-snippet:-1","max-image-preview":"max-image-preview:large","max-video-preview":"max-video-preview:-1"},"canonical":"https:\/\/templatetoaster.com\/de\/terms-of-use","og_locale":"de_DE","og_type":"article","og_title":"AGB - TemplateToaster","og_description":"TemplateToaster AGBs","og_url":"https:\/\/templatetoaster.com\/de\/terms-of-use","og_site_name":"TemplateToaster","article_publisher":"https:\/\/www.facebook.com\/TemplateToaster","article_modified_time":"2018-11-14T13:34:31+00:00","og_image":[{"width":325,"height":325,"url":"https:\/\/templatetoaster.com\/wp-content\/uploads\/2015\/07\/TemplateToaster-325X325.png","type":"image\/png"}],"twitter_card":"summary_large_image","twitter_site":"@templatetoaster","twitter_misc":{"Gesch\u00e4tzte Lesezeit":"1 Minute"},"schema":{"@context":"https:\/\/schema.org","@graph":[{"@type":"WebPage","@id":"https:\/\/templatetoaster.com\/de\/terms-of-use","url":"https:\/\/templatetoaster.com\/de\/terms-of-use","name":"AGB - TemplateToaster","isPartOf":{"@id":"https:\/\/templatetoaster.com\/#website"},"datePublished":"2018-04-04T06:58:49+00:00","dateModified":"2018-11-14T13:34:31+00:00","description":"TemplateToaster AGBs","breadcrumb":{"@id":"https:\/\/templatetoaster.com\/de\/terms-of-use#breadcrumb"},"inLanguage":"de-DE","potentialAction":[{"@type":"ReadAction","target":["https:\/\/templatetoaster.com\/de\/terms-of-use"]}]},{"@type":"BreadcrumbList","@id":"https:\/\/templatetoaster.com\/de\/terms-of-use#breadcrumb","itemListElement":[{"@type":"ListItem","position":1,"name":"Home","item":"https:\/\/templatetoaster.com\/de"},{"@type":"ListItem","position":2,"name":"AGB"}]},{"@type":"WebSite","@id":"https:\/\/templatetoaster.com\/#website","url":"https:\/\/templatetoaster.com\/","name":"TemplateToaster","description":"","publisher":{"@id":"https:\/\/templatetoaster.com\/#organization"},"inLanguage":"de-DE"},{"@type":"Organization","@id":"https:\/\/templatetoaster.com\/#organization","name":"TemplateToaster","url":"https:\/\/templatetoaster.com\/","logo":{"@type":"ImageObject","inLanguage":"de-DE","@id":"https:\/\/templatetoaster.com\/#\/schema\/logo\/image\/","url":"https:\/\/templatetoaster.com\/wp-content\/uploads\/2019\/11\/TemplateToaster_Logo.jpg","contentUrl":"https:\/\/templatetoaster.com\/wp-content\/uploads\/2019\/11\/TemplateToaster_Logo.jpg","width":85,"height":85,"caption":"TemplateToaster"},"image":{"@id":"https:\/\/templatetoaster.com\/#\/schema\/logo\/image\/"},"sameAs":["https:\/\/www.facebook.com\/TemplateToaster","https:\/\/x.com\/templatetoaster","https:\/\/www.instagram.com\/templatetoaster\/","https:\/\/www.linkedin.com\/company\/templatetoaster\/","https:\/\/www.pinterest.com\/templatetoaster\/","https:\/\/www.youtube.com\/@TemplateToaster"]}]}},"_links":{"self":[{"href":"https:\/\/templatetoaster.com\/de\/wp-json\/wp\/v2\/pages\/3452"}],"collection":[{"href":"https:\/\/templatetoaster.com\/de\/wp-json\/wp\/v2\/pages"}],"about":[{"href":"https:\/\/templatetoaster.com\/de\/wp-json\/wp\/v2\/types\/page"}],"author":[{"embeddable":true,"href":"https:\/\/templatetoaster.com\/de\/wp-json\/wp\/v2\/users\/1"}],"replies":[{"embeddable":true,"href":"https:\/\/templatetoaster.com\/de\/wp-json\/wp\/v2\/comments?post=3452"}],"version-history":[{"count":2,"href":"https:\/\/templatetoaster.com\/de\/wp-json\/wp\/v2\/pages\/3452\/revisions"}],"predecessor-version":[{"id":5752,"href":"https:\/\/templatetoaster.com\/de\/wp-json\/wp\/v2\/pages\/3452\/revisions\/5752"}],"wp:attachment":[{"href":"https:\/\/templatetoaster.com\/de\/wp-json\/wp\/v2\/media?parent=3452"}],"curies":[{"name":"wp","href":"https:\/\/api.w.org\/{rel}","templated":true}]}}