{"id":3450,"date":"2018-04-04T06:56:01","date_gmt":"2018-04-04T06:56:01","guid":{"rendered":"http:\/\/templatetoaster.com?page_id=3450"},"modified":"2018-11-14T13:40:05","modified_gmt":"2018-11-14T13:40:05","slug":"privacy-policy","status":"publish","type":"page","link":"https:\/\/templatetoaster.com\/de\/privacy-policy","title":{"rendered":"Datenschutzerkl\u00e4rung"},"content":{"rendered":"<div class=\"tt_privacy_policy_row row\">\n<h1 class=\"heading_border\">TemplateToaster Datenschutzerkl\u00e4rung<\/h1>\n<p>TemplateToaster verpflichtet sich, sicherzustellen, dass die von Ihnen erfassten Informationen v\u00f6llig anonym und gesch\u00fctzt sind, wir geben diese Informationen niemals an Dritte weiter.<\/p>\n<p>&nbsp;<\/p>\n<p>Welche Art von Informationen wir sammeln: Wir erfassen Ihre E-Mail-Adresse und Ihren Namen bei Ihrer Registrierung, wir verwenden diese Informationen zur Pflege Ihres Kontos f\u00fcr zuk\u00fcnftige Kommunikationen zur Aktivierung \/ Deaktivierung Ihrer Lizenz und so weiter. Unsere Website kann auch Cookies in Ihrem Browser speichern, um die Leistung zu verbessern.<\/p>\n<p>&nbsp;<\/p>\n<p>Sicherheit: Wir stellen sicher, dass die von Ihnen erfassten Daten physisch, digital und elektronisch vor unbefugtem Zugriff gesch\u00fctzt sind und au\u00dferdem geben wir diese personenbezogenen Daten niemals an Dritte weiter. Wir werden Ihre personenbezogenen Daten nicht verkaufen, weitergeben oder vermieten, es sei denn, dies ist gesetzlich vorgeschrieben.<\/p>\n<\/div>\n","protected":false},"excerpt":{"rendered":"<p>TemplateToaster Datenschutzerkl\u00e4rung TemplateToaster verpflichtet sich, sicherzustellen, dass die von Ihnen erfassten Informationen v\u00f6llig anonym und gesch\u00fctzt sind, wir geben diese Informationen niemals an Dritte weiter. &nbsp; Welche Art von Informationen wir sammeln: Wir erfassen Ihre E-Mail-Adresse und Ihren Namen bei &hellip; <a href=\"https:\/\/templatetoaster.com\/de\/privacy-policy\">Continue Reading<span class=\"meta-nav\">&rarr;<\/span><\/a><\/p>\n","protected":false},"author":1,"featured_media":0,"parent":0,"menu_order":0,"comment_status":"closed","ping_status":"closed","template":"PageTemplate1.php","meta":{"footnotes":""},"yoast_head":"<!-- This site is optimized with the Yoast SEO plugin v23.5 - https:\/\/yoast.com\/wordpress\/plugins\/seo\/ -->\n<title>Datenschutzerkl\u00e4rung - TemplateToaster<\/title>\n<meta name=\"description\" content=\"Wir geben Ihre pers\u00f6nlichen Informationen, einschlie\u00dflich Namen und E-Mail-Adresse etc. nicht an Dritte weiter.\" \/>\n<meta name=\"robots\" content=\"index, follow, max-snippet:-1, max-image-preview:large, max-video-preview:-1\" \/>\n<link rel=\"canonical\" href=\"https:\/\/templatetoaster.com\/de\/privacy-policy\" \/>\n<meta property=\"og:locale\" content=\"de_DE\" \/>\n<meta property=\"og:type\" content=\"article\" \/>\n<meta property=\"og:title\" content=\"Datenschutzerkl\u00e4rung - TemplateToaster\" \/>\n<meta property=\"og:description\" content=\"Wir geben Ihre pers\u00f6nlichen Informationen, einschlie\u00dflich Namen und E-Mail-Adresse etc. nicht an Dritte weiter.\" \/>\n<meta property=\"og:url\" content=\"https:\/\/templatetoaster.com\/de\/privacy-policy\" \/>\n<meta property=\"og:site_name\" content=\"TemplateToaster\" \/>\n<meta property=\"article:publisher\" content=\"https:\/\/www.facebook.com\/TemplateToaster\" \/>\n<meta property=\"article:modified_time\" content=\"2018-11-14T13:40:05+00:00\" \/>\n<meta property=\"og:image\" content=\"https:\/\/templatetoaster.com\/wp-content\/uploads\/2015\/07\/TemplateToaster-325X325.png\" \/>\n\t<meta property=\"og:image:width\" content=\"325\" \/>\n\t<meta property=\"og:image:height\" content=\"325\" \/>\n\t<meta property=\"og:image:type\" content=\"image\/png\" \/>\n<meta name=\"twitter:card\" content=\"summary_large_image\" \/>\n<meta name=\"twitter:site\" content=\"@templatetoaster\" \/>\n<meta name=\"twitter:label1\" content=\"Gesch\u00e4tzte Lesezeit\" \/>\n\t<meta name=\"twitter:data1\" content=\"1 Minute\" \/>\n<script type=\"application\/ld+json\" class=\"yoast-schema-graph\">{\"@context\":\"https:\/\/schema.org\",\"@graph\":[{\"@type\":\"WebPage\",\"@id\":\"https:\/\/templatetoaster.com\/de\/privacy-policy\",\"url\":\"https:\/\/templatetoaster.com\/de\/privacy-policy\",\"name\":\"Datenschutzerkl\u00e4rung - TemplateToaster\",\"isPartOf\":{\"@id\":\"https:\/\/templatetoaster.com\/#website\"},\"datePublished\":\"2018-04-04T06:56:01+00:00\",\"dateModified\":\"2018-11-14T13:40:05+00:00\",\"description\":\"Wir geben Ihre pers\u00f6nlichen Informationen, einschlie\u00dflich Namen und E-Mail-Adresse etc. nicht an Dritte weiter.\",\"breadcrumb\":{\"@id\":\"https:\/\/templatetoaster.com\/de\/privacy-policy#breadcrumb\"},\"inLanguage\":\"de-DE\",\"potentialAction\":[{\"@type\":\"ReadAction\",\"target\":[\"https:\/\/templatetoaster.com\/de\/privacy-policy\"]}]},{\"@type\":\"BreadcrumbList\",\"@id\":\"https:\/\/templatetoaster.com\/de\/privacy-policy#breadcrumb\",\"itemListElement\":[{\"@type\":\"ListItem\",\"position\":1,\"name\":\"Home\",\"item\":\"https:\/\/templatetoaster.com\/de\"},{\"@type\":\"ListItem\",\"position\":2,\"name\":\"Datenschutzerkl\u00e4rung\"}]},{\"@type\":\"WebSite\",\"@id\":\"https:\/\/templatetoaster.com\/#website\",\"url\":\"https:\/\/templatetoaster.com\/\",\"name\":\"TemplateToaster\",\"description\":\"\",\"publisher\":{\"@id\":\"https:\/\/templatetoaster.com\/#organization\"},\"inLanguage\":\"de-DE\"},{\"@type\":\"Organization\",\"@id\":\"https:\/\/templatetoaster.com\/#organization\",\"name\":\"TemplateToaster\",\"url\":\"https:\/\/templatetoaster.com\/\",\"logo\":{\"@type\":\"ImageObject\",\"inLanguage\":\"de-DE\",\"@id\":\"https:\/\/templatetoaster.com\/#\/schema\/logo\/image\/\",\"url\":\"https:\/\/templatetoaster.com\/wp-content\/uploads\/2019\/11\/TemplateToaster_Logo.jpg\",\"contentUrl\":\"https:\/\/templatetoaster.com\/wp-content\/uploads\/2019\/11\/TemplateToaster_Logo.jpg\",\"width\":85,\"height\":85,\"caption\":\"TemplateToaster\"},\"image\":{\"@id\":\"https:\/\/templatetoaster.com\/#\/schema\/logo\/image\/\"},\"sameAs\":[\"https:\/\/www.facebook.com\/TemplateToaster\",\"https:\/\/x.com\/templatetoaster\",\"https:\/\/www.instagram.com\/templatetoaster\/\",\"https:\/\/www.linkedin.com\/company\/templatetoaster\/\",\"https:\/\/www.pinterest.com\/templatetoaster\/\",\"https:\/\/www.youtube.com\/@TemplateToaster\"]}]}<\/script>\n<!-- \/ Yoast SEO plugin. -->","yoast_head_json":{"title":"Datenschutzerkl\u00e4rung - TemplateToaster","description":"Wir geben Ihre pers\u00f6nlichen Informationen, einschlie\u00dflich Namen und E-Mail-Adresse etc. nicht an Dritte weiter.","robots":{"index":"index","follow":"follow","max-snippet":"max-snippet:-1","max-image-preview":"max-image-preview:large","max-video-preview":"max-video-preview:-1"},"canonical":"https:\/\/templatetoaster.com\/de\/privacy-policy","og_locale":"de_DE","og_type":"article","og_title":"Datenschutzerkl\u00e4rung - TemplateToaster","og_description":"Wir geben Ihre pers\u00f6nlichen Informationen, einschlie\u00dflich Namen und E-Mail-Adresse etc. nicht an Dritte weiter.","og_url":"https:\/\/templatetoaster.com\/de\/privacy-policy","og_site_name":"TemplateToaster","article_publisher":"https:\/\/www.facebook.com\/TemplateToaster","article_modified_time":"2018-11-14T13:40:05+00:00","og_image":[{"width":325,"height":325,"url":"https:\/\/templatetoaster.com\/wp-content\/uploads\/2015\/07\/TemplateToaster-325X325.png","type":"image\/png"}],"twitter_card":"summary_large_image","twitter_site":"@templatetoaster","twitter_misc":{"Gesch\u00e4tzte Lesezeit":"1 Minute"},"schema":{"@context":"https:\/\/schema.org","@graph":[{"@type":"WebPage","@id":"https:\/\/templatetoaster.com\/de\/privacy-policy","url":"https:\/\/templatetoaster.com\/de\/privacy-policy","name":"Datenschutzerkl\u00e4rung - TemplateToaster","isPartOf":{"@id":"https:\/\/templatetoaster.com\/#website"},"datePublished":"2018-04-04T06:56:01+00:00","dateModified":"2018-11-14T13:40:05+00:00","description":"Wir geben Ihre pers\u00f6nlichen Informationen, einschlie\u00dflich Namen und E-Mail-Adresse etc. nicht an Dritte weiter.","breadcrumb":{"@id":"https:\/\/templatetoaster.com\/de\/privacy-policy#breadcrumb"},"inLanguage":"de-DE","potentialAction":[{"@type":"ReadAction","target":["https:\/\/templatetoaster.com\/de\/privacy-policy"]}]},{"@type":"BreadcrumbList","@id":"https:\/\/templatetoaster.com\/de\/privacy-policy#breadcrumb","itemListElement":[{"@type":"ListItem","position":1,"name":"Home","item":"https:\/\/templatetoaster.com\/de"},{"@type":"ListItem","position":2,"name":"Datenschutzerkl\u00e4rung"}]},{"@type":"WebSite","@id":"https:\/\/templatetoaster.com\/#website","url":"https:\/\/templatetoaster.com\/","name":"TemplateToaster","description":"","publisher":{"@id":"https:\/\/templatetoaster.com\/#organization"},"inLanguage":"de-DE"},{"@type":"Organization","@id":"https:\/\/templatetoaster.com\/#organization","name":"TemplateToaster","url":"https:\/\/templatetoaster.com\/","logo":{"@type":"ImageObject","inLanguage":"de-DE","@id":"https:\/\/templatetoaster.com\/#\/schema\/logo\/image\/","url":"https:\/\/templatetoaster.com\/wp-content\/uploads\/2019\/11\/TemplateToaster_Logo.jpg","contentUrl":"https:\/\/templatetoaster.com\/wp-content\/uploads\/2019\/11\/TemplateToaster_Logo.jpg","width":85,"height":85,"caption":"TemplateToaster"},"image":{"@id":"https:\/\/templatetoaster.com\/#\/schema\/logo\/image\/"},"sameAs":["https:\/\/www.facebook.com\/TemplateToaster","https:\/\/x.com\/templatetoaster","https:\/\/www.instagram.com\/templatetoaster\/","https:\/\/www.linkedin.com\/company\/templatetoaster\/","https:\/\/www.pinterest.com\/templatetoaster\/","https:\/\/www.youtube.com\/@TemplateToaster"]}]}},"_links":{"self":[{"href":"https:\/\/templatetoaster.com\/de\/wp-json\/wp\/v2\/pages\/3450"}],"collection":[{"href":"https:\/\/templatetoaster.com\/de\/wp-json\/wp\/v2\/pages"}],"about":[{"href":"https:\/\/templatetoaster.com\/de\/wp-json\/wp\/v2\/types\/page"}],"author":[{"embeddable":true,"href":"https:\/\/templatetoaster.com\/de\/wp-json\/wp\/v2\/users\/1"}],"replies":[{"embeddable":true,"href":"https:\/\/templatetoaster.com\/de\/wp-json\/wp\/v2\/comments?post=3450"}],"version-history":[{"count":2,"href":"https:\/\/templatetoaster.com\/de\/wp-json\/wp\/v2\/pages\/3450\/revisions"}],"predecessor-version":[{"id":5753,"href":"https:\/\/templatetoaster.com\/de\/wp-json\/wp\/v2\/pages\/3450\/revisions\/5753"}],"wp:attachment":[{"href":"https:\/\/templatetoaster.com\/de\/wp-json\/wp\/v2\/media?parent=3450"}],"curies":[{"name":"wp","href":"https:\/\/api.w.org\/{rel}","templated":true}]}}