{"id":3446,"date":"2018-04-04T06:48:45","date_gmt":"2018-04-04T06:48:45","guid":{"rendered":"http:\/\/templatetoaster.com?page_id=3446"},"modified":"2019-08-09T07:54:27","modified_gmt":"2019-08-09T07:54:27","slug":"faqs","status":"publish","type":"page","link":"https:\/\/templatetoaster.com\/de\/faqs","title":{"rendered":"H\u00e4ufig gestellte Fragen"},"content":{"rendered":"<div class=\"tt_faq_row row\">\n<h1 class=\"heading_border\" style=\"padding-top: 40px;\">H\u00e4ufig gestellte Fragen<\/h1>\n<h4 class=\"joomla\">F: Kann ich TemplateToaster von einem Computer auf einen anderen verschieben?<\/h4>\n<p class=\"wordpress\">A: Ja, deaktiviere einfach TemplateToaster vom aktuellen Computer, installiere es auf einem neuen Computer und schon kannst du es mit deinem erworbenen Lizenzschl\u00fcssel wieder aktivieren.<\/p>\n<h4 class=\"joomla\">F: Kann ich die Software auf mehr als einem Computer installieren?<\/h4>\n<p class=\"wordpress\">A: Auf Wunsch unserer namhaften Kunden bieten wir jetzt zwei Aktivierungen an, aber beide Computer sollten einer einzigen Person geh\u00f6ren.<\/p>\n<h4 class=\"joomla\">F: Kann ich meine Lizenz verkaufen?<\/h4>\n<p class=\"wordpress\">A: Ja, du kannst deinen Lizenzschl\u00fcssel an jeden verkaufen oder \u00fcbertragen. Du kannst die Eigentumsdaten wie Name oder E-Mail auf deiner Profilseite jederzeit \u00e4ndern.<\/p>\n<h4 class=\"joomla\">F: Kann ich die mit TemplateToaster erstellten Vorlagen oder Templates verkaufen?<\/h4>\n<p class=\"wordpress\">A: Sicher, du kannst die exportierten Vorlagen an die gew\u00fcnschte Anzahl von Personen verkaufen.<\/p>\n<h4 class=\"joomla\">F: Gibt es eine dom\u00e4nenbezogene Einschr\u00e4nkung?<\/h4>\n<p class=\"wordpress\">A: Nein, es gibt keine Einschr\u00e4nkung bez\u00fcglich &#8222;Domain&#8220; oder &#8222;Anzahl der Seiten&#8220;, du kannst so viele Vorlagen oder Themes und f\u00fcr so viele Webseiten erstellen, wie du m\u00f6chtest.<\/p>\n<h4 class=\"joomla\">F: Was passiert, wenn mein Computer abst\u00fcrzt?<\/h4>\n<p class=\"wordpress\">A: Repariere einfach deinen Computer, formatiere oder installiere das Betriebssystem bei Bedarf neu, installiere TemplateToaster neu und das Programm sollte dir automatisch erlauben, es zu reaktivieren.<\/p>\n<h4 class=\"joomla\">F: Ihre Zahlungsmethoden passen nicht zu mir?<\/h4>\n<p class=\"wordpress\">A: Wir haben einige zus\u00e4tzliche Zahlungsmethoden, bitte kontaktiere uns daf\u00fcr.<\/p>\n<h4 class=\"joomla\">F: Enth\u00e4lt TemplateToaster Vorlagen?<\/h4>\n<p class=\"wordpress\">A: Nein, TemplateToaster enth\u00e4lt grunds\u00e4tzlich keine Vorlage, es erstellt ein eigenes Design oder Vorlagen im laufenden Betrieb.<\/p>\n<h4 class=\"joomla\">F: Ich habe eine Testversion installiert, muss ich nach dem Kauf eine andere Version installieren?<\/h4>\n<p class=\"wordpress\">A: Nein, du musst deine bestehende Testversion mit deinem erworbenen Lizenzschl\u00fcssel aktivieren.<\/p>\n<h4 class=\"joomla\">F: Gibt es ein Zeitlimit f\u00fcr die Testversion?<\/h4>\n<p class=\"wordpress\">A: Nein, TemplateToaster Testversion ist nicht zeitgebunden, aber es wird ein Wasserzeichen der &#8220; Testversion &#8220; \u00fcber die gesamte exportierte Vorlage erstellt.<\/p>\n<h4 class=\"joomla\">F: Kann ich von der Standard auf die Professional Edition upgraden?<\/h4>\n<p class=\"wordpress\">A: Ja, du kannst von der Standard auf die Professional Edition <a href=\"https:\/\/templatetoaster.com\/login\">upgraden<\/a>, indem du die Preisdifferenz bezahlst. Nach dem Upgrade der Zahlungsbest\u00e4tigung startest du TemplateToaster, gehst zu Datei-&gt;Aktivierung-&gt;Deaktivieren, gehst jetzt zu Datei-&gt;Einstellungen-&gt;Professionelle Edition ausw\u00e4hlen und aktivierst sie dann mit deinem vorhandenen Schl\u00fcssel.<\/p>\n<h4 class=\"joomla\">F: Bieten Sie eine Geld-zur\u00fcck-Garantie an?<\/h4>\n<p class=\"wordpress\">A: Nein, da wir eine unbegrenzte Testversion zur Verf\u00fcgung stellen und dir empfehlen, TemplateToaster vor dem Kauf zu testen.<\/p>\n<h4 class=\"joomla\">F: Wie viele Browser unterst\u00fctzen Sie?<\/h4>\n<p class=\"wordpress\">A: Wir unterst\u00fctzen alle g\u00e4ngigen Browser wie Firefox, Chrome, Internet Explorer, Opera, Safari etc.<\/p>\n<h4 class=\"joomla\">F: Sind die exportierten Vorlagen W3C konform?<\/h4>\n<p class=\"wordpress\">A: Ja, XHTML und CSS der exportierten Vorlage(n) entsprechen dem W3C-Standard.<\/p>\n<h4 class=\"joomla\">F: Sind exportierte Vorlagen suchmaschinenfreundlich?<\/h4>\n<p class=\"wordpress\">A: Ja, TemplateToaster implementiert organische SEO-Techniken f\u00fcr h\u00f6here Rankings.<\/p>\n<h4 class=\"joomla\">F: Wie kann man TemplateToaster aktualisieren?<\/h4>\n<p class=\"wordpress\">A: Lade die neueste Version von unserer <a href=\"https:\/\/templatetoaster.com\/de\/download\">Download<\/a>-Seite herunter und doppelklicke auf die heruntergeladene Setup-Datei, diese wird automatisch das Upgrade durchf\u00fchren.<\/p>\n<h4 class=\"joomla\">F: In wie vielen Sprachen ist die Benutzeroberfl\u00e4che von TemplateToaster verf\u00fcgbar?<\/h4>\n<p class=\"wordpress\">A: Die Benutzeroberfl\u00e4che von TemplateToaster ist in 8 Sprachen verf\u00fcgbar, bitte besuche die folgende <a href=\"https:\/\/templatetoaster.com\/de\/download\">Seite<\/a>\u00a0f\u00fcr weitere Informationen.<\/p>\n<h4 class=\"joomla\">F: In wie vielen Sprachen funktionieren die exportierten Webseiten und Vorlagen?<\/h4>\n<p class=\"wordpress\">A: Vorlagen und Webseiten, die aus TemplateToaster exportiert werden, sind sprachenunabh\u00e4ngig, du kannst sie in jeder Sprache verwenden.<\/p>\n<h4 class=\"joomla\">F: Wann l\u00e4uft meine Kopie von TemplateToaster ab?<\/h4>\n<p>A: Du kannst deine gekaufte TemplateToaster-Version ein Leben lang verwenden. Wir bieten kostenlose Updates f\u00fcr ein Jahr mit jeder Lizenz an, das bedeutet, dass du innerhalb eines Jahres auf alle freigegebenen Versionen upgraden kannst, danach kannst du entweder dein Abonnement aktualisieren oder deine gekaufte Version weiter verwenden. Die j\u00e4hrliche Verl\u00e4ngerung der Updates (falls erforderlich) kostet Sie 40% des Produktpreises.<\/p>\n<h4 class=\"joomla\">F: Gibt es Einschr\u00e4nkungen bei der Verwendung der TemplateToaster Bilder Bibliothek?<\/h4>\n<p class=\"wordpress\">A: Du kannst die Stock Images in deinen pers\u00f6nlichen und den Vorlagen deines Kunden verwenden, aber nicht in den Vorlagen, die du als Massen-Download kostenlos zur Verf\u00fcgung stellst.<\/p>\n<h4>F: Ich kann nicht auf alle Funktionen von TemplateToaster? zugreifen.<\/h4>\n<p class=\"wordpress\">A: Wenn du die Professional Edition gekauft hast und beim Zugriff auf die erweiterten Optionen eine Nachricht erh\u00e4ltst &#8222;Diese Funktion ist in der laufenden Edition nicht verf\u00fcgbar. Wechseln Sie zu einer h\u00f6heren Version&#8220;, gehe einfach zu Datei-&gt;Aktivierung-&gt;Deaktivieren von TemplateToaster, gehe nun zu Datei-&gt;Einstellungen und w\u00e4hle Professional Edition und reaktiviere TemplateToaster.<\/p>\n<h4 class=\"joomla\">F: Gibt es in der Testversion eine Einschr\u00e4nkung?<\/h4>\n<p class=\"wordpress\">A: Die Testversion f\u00fcgt Wasserzeichen auf den exportierten Vorlagen hinzu und du kannst deine Projekte nicht als.ttr-Datei f\u00fcr die zuk\u00fcnftige Bearbeitung speichern, aber du kannst die Vorlagen f\u00fcr die Installation auf deinem CMS wie WordPress, Joomla usw. exportieren.<\/p>\n<h4 class=\"joomla\">F: Kann ich Vorlagen\/ Webseiten\/Themes f\u00fcr meine Kunden gestalten?<\/h4>\n<p class=\"wordpress\">A: Sicher, es gibt keine solche Einschr\u00e4nkung, du kannst f\u00fcr deine Kunden gestalten.<\/p>\n<h4 class=\"joomla\">F: Was ist die maximal unterst\u00fctzte benutzerdefinierte Bildgr\u00f6\u00dfe?<\/h4>\n<p class=\"wordpress\">A: TemplateToaster v6 unterst\u00fctzt bis zu 2000 px Bilder, aber du kannst jede Bildgr\u00f6\u00dfe in v7 verwenden.<\/p>\n<h4 class=\"joomla\">F: Ihre Demo-Videos haben keinen Ton.<\/h4>\n<p class=\"wordpress\">A: Derzeit haben wir Kunden auf der ganzen Welt, die verschiedene Sprachen sprechen, so dass der Klang nicht realisierbar ist. Wenn du in den Videos keine L\u00f6sung findest, kannst du <a href=\"https:\/\/templatetoaster.com\/support\" target=\"_blank\" rel=\"noopener\">hier deine Fragen<\/a> stellen.<\/p>\n<\/div>\n","protected":false},"excerpt":{"rendered":"<p>H\u00e4ufig gestellte Fragen F: Kann ich TemplateToaster von einem Computer auf einen anderen verschieben? A: Ja, deaktiviere einfach TemplateToaster vom aktuellen Computer, installiere es auf einem neuen Computer und schon kannst du es mit deinem erworbenen Lizenzschl\u00fcssel wieder aktivieren. F: &hellip; <a href=\"https:\/\/templatetoaster.com\/de\/faqs\">Continue Reading<span class=\"meta-nav\">&rarr;<\/span><\/a><\/p>\n","protected":false},"author":1,"featured_media":0,"parent":0,"menu_order":0,"comment_status":"closed","ping_status":"closed","template":"PageTemplate1.php","meta":{"footnotes":""},"yoast_head":"<!-- This site is optimized with the Yoast SEO plugin v23.5 - https:\/\/yoast.com\/wordpress\/plugins\/seo\/ -->\n<title>H\u00e4ufig gestellte Fragen - TemplateToaster<\/title>\n<meta name=\"description\" content=\"Wir haben hier alle wichtigen h\u00e4ufig gestellten Fragen (FAQs) aufgelistet.\" \/>\n<meta name=\"robots\" content=\"index, follow, max-snippet:-1, max-image-preview:large, max-video-preview:-1\" \/>\n<link rel=\"canonical\" href=\"https:\/\/templatetoaster.com\/de\/faqs\" \/>\n<meta property=\"og:locale\" content=\"de_DE\" \/>\n<meta property=\"og:type\" content=\"article\" \/>\n<meta property=\"og:title\" content=\"H\u00e4ufig gestellte Fragen - TemplateToaster\" \/>\n<meta property=\"og:description\" content=\"Wir haben hier alle wichtigen h\u00e4ufig gestellten Fragen (FAQs) aufgelistet.\" \/>\n<meta property=\"og:url\" content=\"https:\/\/templatetoaster.com\/de\/faqs\" \/>\n<meta property=\"og:site_name\" content=\"TemplateToaster\" \/>\n<meta property=\"article:publisher\" content=\"https:\/\/www.facebook.com\/TemplateToaster\" \/>\n<meta property=\"article:modified_time\" content=\"2019-08-09T07:54:27+00:00\" \/>\n<meta property=\"og:image\" content=\"https:\/\/templatetoaster.com\/wp-content\/uploads\/2015\/07\/TemplateToaster-325X325.png\" \/>\n\t<meta property=\"og:image:width\" content=\"325\" \/>\n\t<meta property=\"og:image:height\" content=\"325\" \/>\n\t<meta property=\"og:image:type\" content=\"image\/png\" \/>\n<meta name=\"twitter:card\" content=\"summary_large_image\" \/>\n<meta name=\"twitter:site\" content=\"@templatetoaster\" \/>\n<meta name=\"twitter:label1\" content=\"Gesch\u00e4tzte Lesezeit\" \/>\n\t<meta name=\"twitter:data1\" content=\"4 Minuten\" \/>\n<script type=\"application\/ld+json\" class=\"yoast-schema-graph\">{\"@context\":\"https:\/\/schema.org\",\"@graph\":[{\"@type\":\"WebPage\",\"@id\":\"https:\/\/templatetoaster.com\/de\/faqs\",\"url\":\"https:\/\/templatetoaster.com\/de\/faqs\",\"name\":\"H\u00e4ufig gestellte Fragen - TemplateToaster\",\"isPartOf\":{\"@id\":\"https:\/\/templatetoaster.com\/#website\"},\"datePublished\":\"2018-04-04T06:48:45+00:00\",\"dateModified\":\"2019-08-09T07:54:27+00:00\",\"description\":\"Wir haben hier alle wichtigen h\u00e4ufig gestellten Fragen (FAQs) aufgelistet.\",\"breadcrumb\":{\"@id\":\"https:\/\/templatetoaster.com\/de\/faqs#breadcrumb\"},\"inLanguage\":\"de-DE\",\"potentialAction\":[{\"@type\":\"ReadAction\",\"target\":[\"https:\/\/templatetoaster.com\/de\/faqs\"]}]},{\"@type\":\"BreadcrumbList\",\"@id\":\"https:\/\/templatetoaster.com\/de\/faqs#breadcrumb\",\"itemListElement\":[{\"@type\":\"ListItem\",\"position\":1,\"name\":\"Home\",\"item\":\"https:\/\/templatetoaster.com\/de\"},{\"@type\":\"ListItem\",\"position\":2,\"name\":\"H\u00e4ufig gestellte Fragen\"}]},{\"@type\":\"WebSite\",\"@id\":\"https:\/\/templatetoaster.com\/#website\",\"url\":\"https:\/\/templatetoaster.com\/\",\"name\":\"TemplateToaster\",\"description\":\"\",\"publisher\":{\"@id\":\"https:\/\/templatetoaster.com\/#organization\"},\"inLanguage\":\"de-DE\"},{\"@type\":\"Organization\",\"@id\":\"https:\/\/templatetoaster.com\/#organization\",\"name\":\"TemplateToaster\",\"url\":\"https:\/\/templatetoaster.com\/\",\"logo\":{\"@type\":\"ImageObject\",\"inLanguage\":\"de-DE\",\"@id\":\"https:\/\/templatetoaster.com\/#\/schema\/logo\/image\/\",\"url\":\"https:\/\/templatetoaster.com\/wp-content\/uploads\/2019\/11\/TemplateToaster_Logo.jpg\",\"contentUrl\":\"https:\/\/templatetoaster.com\/wp-content\/uploads\/2019\/11\/TemplateToaster_Logo.jpg\",\"width\":85,\"height\":85,\"caption\":\"TemplateToaster\"},\"image\":{\"@id\":\"https:\/\/templatetoaster.com\/#\/schema\/logo\/image\/\"},\"sameAs\":[\"https:\/\/www.facebook.com\/TemplateToaster\",\"https:\/\/x.com\/templatetoaster\",\"https:\/\/www.instagram.com\/templatetoaster\/\",\"https:\/\/www.linkedin.com\/company\/templatetoaster\/\",\"https:\/\/www.pinterest.com\/templatetoaster\/\",\"https:\/\/www.youtube.com\/@TemplateToaster\"]}]}<\/script>\n<!-- \/ Yoast SEO plugin. -->","yoast_head_json":{"title":"H\u00e4ufig gestellte Fragen - TemplateToaster","description":"Wir haben hier alle wichtigen h\u00e4ufig gestellten Fragen (FAQs) aufgelistet.","robots":{"index":"index","follow":"follow","max-snippet":"max-snippet:-1","max-image-preview":"max-image-preview:large","max-video-preview":"max-video-preview:-1"},"canonical":"https:\/\/templatetoaster.com\/de\/faqs","og_locale":"de_DE","og_type":"article","og_title":"H\u00e4ufig gestellte Fragen - TemplateToaster","og_description":"Wir haben hier alle wichtigen h\u00e4ufig gestellten Fragen (FAQs) aufgelistet.","og_url":"https:\/\/templatetoaster.com\/de\/faqs","og_site_name":"TemplateToaster","article_publisher":"https:\/\/www.facebook.com\/TemplateToaster","article_modified_time":"2019-08-09T07:54:27+00:00","og_image":[{"width":325,"height":325,"url":"https:\/\/templatetoaster.com\/wp-content\/uploads\/2015\/07\/TemplateToaster-325X325.png","type":"image\/png"}],"twitter_card":"summary_large_image","twitter_site":"@templatetoaster","twitter_misc":{"Gesch\u00e4tzte Lesezeit":"4 Minuten"},"schema":{"@context":"https:\/\/schema.org","@graph":[{"@type":"WebPage","@id":"https:\/\/templatetoaster.com\/de\/faqs","url":"https:\/\/templatetoaster.com\/de\/faqs","name":"H\u00e4ufig gestellte Fragen - TemplateToaster","isPartOf":{"@id":"https:\/\/templatetoaster.com\/#website"},"datePublished":"2018-04-04T06:48:45+00:00","dateModified":"2019-08-09T07:54:27+00:00","description":"Wir haben hier alle wichtigen h\u00e4ufig gestellten Fragen (FAQs) aufgelistet.","breadcrumb":{"@id":"https:\/\/templatetoaster.com\/de\/faqs#breadcrumb"},"inLanguage":"de-DE","potentialAction":[{"@type":"ReadAction","target":["https:\/\/templatetoaster.com\/de\/faqs"]}]},{"@type":"BreadcrumbList","@id":"https:\/\/templatetoaster.com\/de\/faqs#breadcrumb","itemListElement":[{"@type":"ListItem","position":1,"name":"Home","item":"https:\/\/templatetoaster.com\/de"},{"@type":"ListItem","position":2,"name":"H\u00e4ufig gestellte Fragen"}]},{"@type":"WebSite","@id":"https:\/\/templatetoaster.com\/#website","url":"https:\/\/templatetoaster.com\/","name":"TemplateToaster","description":"","publisher":{"@id":"https:\/\/templatetoaster.com\/#organization"},"inLanguage":"de-DE"},{"@type":"Organization","@id":"https:\/\/templatetoaster.com\/#organization","name":"TemplateToaster","url":"https:\/\/templatetoaster.com\/","logo":{"@type":"ImageObject","inLanguage":"de-DE","@id":"https:\/\/templatetoaster.com\/#\/schema\/logo\/image\/","url":"https:\/\/templatetoaster.com\/wp-content\/uploads\/2019\/11\/TemplateToaster_Logo.jpg","contentUrl":"https:\/\/templatetoaster.com\/wp-content\/uploads\/2019\/11\/TemplateToaster_Logo.jpg","width":85,"height":85,"caption":"TemplateToaster"},"image":{"@id":"https:\/\/templatetoaster.com\/#\/schema\/logo\/image\/"},"sameAs":["https:\/\/www.facebook.com\/TemplateToaster","https:\/\/x.com\/templatetoaster","https:\/\/www.instagram.com\/templatetoaster\/","https:\/\/www.linkedin.com\/company\/templatetoaster\/","https:\/\/www.pinterest.com\/templatetoaster\/","https:\/\/www.youtube.com\/@TemplateToaster"]}]}},"_links":{"self":[{"href":"https:\/\/templatetoaster.com\/de\/wp-json\/wp\/v2\/pages\/3446"}],"collection":[{"href":"https:\/\/templatetoaster.com\/de\/wp-json\/wp\/v2\/pages"}],"about":[{"href":"https:\/\/templatetoaster.com\/de\/wp-json\/wp\/v2\/types\/page"}],"author":[{"embeddable":true,"href":"https:\/\/templatetoaster.com\/de\/wp-json\/wp\/v2\/users\/1"}],"replies":[{"embeddable":true,"href":"https:\/\/templatetoaster.com\/de\/wp-json\/wp\/v2\/comments?post=3446"}],"version-history":[{"count":5,"href":"https:\/\/templatetoaster.com\/de\/wp-json\/wp\/v2\/pages\/3446\/revisions"}],"predecessor-version":[{"id":8719,"href":"https:\/\/templatetoaster.com\/de\/wp-json\/wp\/v2\/pages\/3446\/revisions\/8719"}],"wp:attachment":[{"href":"https:\/\/templatetoaster.com\/de\/wp-json\/wp\/v2\/media?parent=3446"}],"curies":[{"name":"wp","href":"https:\/\/api.w.org\/{rel}","templated":true}]}}