{"id":3435,"date":"2018-04-04T06:30:50","date_gmt":"2018-04-04T06:30:50","guid":{"rendered":"http:\/\/templatetoaster.com?page_id=3435"},"modified":"2019-09-18T11:46:10","modified_gmt":"2019-09-18T11:46:10","slug":"documentation","status":"publish","type":"page","link":"https:\/\/templatetoaster.com\/de\/documentation","title":{"rendered":"Anleitung"},"content":{"rendered":"<div class=\"documentation-main row\">\n<div class=\"documentation-tt row first-child\">\n<h1>TemplateToaster Anleitung<\/h1>\n<\/div>\n<div class=\"documentation-tt row last-child\">\n<div class=\"feature_container\">\n<div class=\"col-md-12 col-sm-12 col-xs-12\">\n<div class=\"basic-documentation\">\n<div class=\"basic\" style=\"margin: 5px 0px;\">\n<div class=\"documentation-ui\">\n<div class=\"basic-step\">\n<div class=\"col-md-3 col-sm-3 col-xs-12\">\n<div class=\"documentation-sprite explained\" style=\"height: 52px;width: 52px;\"><\/div>\n<p class=\"text-center\"><a href=\"https:\/\/kb.templatetoaster.com\/\">TemplateToaster Benutzeroberfl\u00e4che <span>online erkl\u00e4rt<\/span><\/a><\/p>\n<\/div>\n<div class=\"clearfix visible-xs-block\"><\/div>\n<div class=\"col-md-3 col-sm-3 col-xs-12\">\n<div class=\"documentation-sprite documentation\" style=\"height: 52px; width: 52px;\"><\/div>\n<p class=\"text-center\"><a href=\"https:\/\/templatetoaster.com\/downloads\/Documentation.pdf\">TemplateToaster Benutzer Anleitung als <span>PDF<\/span> <\/a><\/p>\n<\/div>\n<div class=\"clearfix visible-xs-block\"><\/div>\n<div class=\"col-md-3 col-sm-3 col-xs-12\">\n<div class=\"documentation-sprite demo-video\" style=\"height: 52px;width: 52px;\"><\/div>\n<p class=\"text-center\"><a href=\"https:\/\/templatetoaster.com\/de\/demo\">Erkl\u00e4rende Video Tutorials mit Demo <span>Videos<\/span> <\/a><\/p>\n<\/div>\n<div class=\"clearfix visible-xs-block\"><\/div>\n<div class=\"col-md-3 col-sm-3 col-xs-12\">\n<div class=\"documentation-sprite screenshots\" style=\"height: 52px;width: 52px;\"><\/div>\n<p class=\"text-center\"><a href=\"https:\/\/templatetoaster.com\/de\/screenshots\">TemplateToaster Benutzeroberfl\u00e4che <span>Screenshot Bilder<\/span><\/a><\/p>\n<\/div>\n<div class=\"clearfix visible-lg-block visible-md-block visible-sm-block visible-xs-block\"><\/div>\n<\/div>\n<\/div>\n<\/div>\n<\/div>\n<\/div>\n<\/div>\n<\/div>\n<div class=\"documentation-tt row\">\n<div class=\"feature_container\">\n<div class=\"col-md-12 col-sm-12 col-xs-12\">\n<div class=\"basic upload_template\">\n<h2 class=\"media-heading\">Template hochladen, Installations und Konfigurationsanleitung<\/h2>\n<ul class=\"cms-provide text-center\">\n<li><a href=\"https:\/\/templatetoaster.com\/de\/wordpress\"><span class=\"documentation-sprite wordpress\" style=\"height: 50px;width: 55px;\"><\/span>WordPress Themes<\/a><\/li>\n<li><a href=\"https:\/\/templatetoaster.com\/de\/joomla\"><span class=\"documentation-sprite joomla\" style=\"height: 50px;width: 55px;\"><\/span>Joomla Templates<\/a><\/li>\n<li><a href=\"https:\/\/templatetoaster.com\/de\/drupal\"><span class=\"documentation-sprite drupal\" style=\"height: 50px;width: 55px;\"><\/span>Drupal Themes<\/a><\/li>\n<li><a href=\"https:\/\/templatetoaster.com\/de\/magento\"><span class=\"documentation-sprite magento\" style=\"height: 50px;width: 55px;\"><\/span> Magento Themes<\/a><\/li>\n<li><a href=\"https:\/\/templatetoaster.com\/de\/prestashop\"><span class=\"documentation-sprite prestashop\" style=\"height: 50px;width: 55px;\"><\/span>PrestaShop Themes<\/a><\/li>\n<li><a href=\"https:\/\/templatetoaster.com\/de\/html_website\"><span class=\"documentation-sprite html-css\" style=\"height: 50px;width: 55px;\"><\/span>HTML5 \/ CSS3 Website<\/a><\/li>\n<li><a href=\"https:\/\/templatetoaster.com\/de\/virtuemart\"><span class=\"documentation-sprite virtuemart\" style=\"height: 50px;width: 55px;\"><\/span>VirtueMart Themes<\/a><\/li>\n<li><a href=\"https:\/\/templatetoaster.com\/de\/woocommerce\"><span class=\"documentation-sprite woocommerce\" style=\"height: 50px;width: 55px;\"><\/span>WooCommerce Themes<\/a><\/li>\n<li><a href=\"https:\/\/templatetoaster.com\/de\/blogger\"><span class=\"documentation-sprite blogger\" style=\"height: 50px;width: 55px;\"><\/span>Blogger Templates<\/a><\/li>\n<li><a href=\"https:\/\/templatetoaster.com\/de\/opencart\"><span class=\"documentation-sprite opencart\" style=\"height: 50px;width: 55px;\"><\/span>OpenCart Themes<\/a><\/li>\n<\/ul>\n<\/div>\n<\/div>\n<\/div>\n<\/div>\n<\/div>\n","protected":false},"excerpt":{"rendered":"<p>TemplateToaster Anleitung TemplateToaster Benutzeroberfl\u00e4che online erkl\u00e4rt TemplateToaster Benutzer Anleitung als PDF Erkl\u00e4rende Video Tutorials mit Demo Videos TemplateToaster Benutzeroberfl\u00e4che Screenshot Bilder Template hochladen, Installations und Konfigurationsanleitung WordPress Themes Joomla Templates Drupal Themes Magento Themes PrestaShop Themes HTML5 \/ CSS3 Website &hellip; <a href=\"https:\/\/templatetoaster.com\/de\/documentation\">Continue Reading<span class=\"meta-nav\">&rarr;<\/span><\/a><\/p>\n","protected":false},"author":1,"featured_media":0,"parent":0,"menu_order":0,"comment_status":"closed","ping_status":"closed","template":"","meta":{"footnotes":""},"yoast_head":"<!-- This site is optimized with the Yoast SEO plugin v23.5 - https:\/\/yoast.com\/wordpress\/plugins\/seo\/ -->\n<title>Anleitung - TemplateToaster<\/title>\n<meta name=\"description\" content=\"Wie Sie die von TemplateToaster exportierten Vorlagen, Designs und Websites auf Ihrem Web Hosting Server exportieren, hochladen und installieren.\" \/>\n<meta name=\"robots\" content=\"index, follow, max-snippet:-1, max-image-preview:large, max-video-preview:-1\" \/>\n<link rel=\"canonical\" href=\"https:\/\/templatetoaster.com\/de\/documentation\" \/>\n<meta property=\"og:locale\" content=\"de_DE\" \/>\n<meta property=\"og:type\" content=\"article\" \/>\n<meta property=\"og:title\" content=\"Anleitung - TemplateToaster\" \/>\n<meta property=\"og:description\" content=\"Wie Sie die von TemplateToaster exportierten Vorlagen, Designs und Websites auf Ihrem Web Hosting Server exportieren, hochladen und installieren.\" \/>\n<meta property=\"og:url\" content=\"https:\/\/templatetoaster.com\/de\/documentation\" \/>\n<meta property=\"og:site_name\" content=\"TemplateToaster\" \/>\n<meta property=\"article:publisher\" content=\"https:\/\/www.facebook.com\/TemplateToaster\" \/>\n<meta property=\"article:modified_time\" content=\"2019-09-18T11:46:10+00:00\" \/>\n<meta property=\"og:image\" content=\"https:\/\/templatetoaster.com\/wp-content\/uploads\/2015\/07\/TemplateToaster-325X325.png\" \/>\n\t<meta property=\"og:image:width\" content=\"325\" \/>\n\t<meta property=\"og:image:height\" content=\"325\" \/>\n\t<meta property=\"og:image:type\" content=\"image\/png\" \/>\n<meta name=\"twitter:card\" content=\"summary_large_image\" \/>\n<meta name=\"twitter:site\" content=\"@templatetoaster\" \/>\n<script type=\"application\/ld+json\" class=\"yoast-schema-graph\">{\"@context\":\"https:\/\/schema.org\",\"@graph\":[{\"@type\":\"WebPage\",\"@id\":\"https:\/\/templatetoaster.com\/de\/documentation\",\"url\":\"https:\/\/templatetoaster.com\/de\/documentation\",\"name\":\"Anleitung - TemplateToaster\",\"isPartOf\":{\"@id\":\"https:\/\/templatetoaster.com\/#website\"},\"datePublished\":\"2018-04-04T06:30:50+00:00\",\"dateModified\":\"2019-09-18T11:46:10+00:00\",\"description\":\"Wie Sie die von TemplateToaster exportierten Vorlagen, Designs und Websites auf Ihrem Web Hosting Server exportieren, hochladen und installieren.\",\"breadcrumb\":{\"@id\":\"https:\/\/templatetoaster.com\/de\/documentation#breadcrumb\"},\"inLanguage\":\"de-DE\",\"potentialAction\":[{\"@type\":\"ReadAction\",\"target\":[\"https:\/\/templatetoaster.com\/de\/documentation\"]}]},{\"@type\":\"BreadcrumbList\",\"@id\":\"https:\/\/templatetoaster.com\/de\/documentation#breadcrumb\",\"itemListElement\":[{\"@type\":\"ListItem\",\"position\":1,\"name\":\"Home\",\"item\":\"https:\/\/templatetoaster.com\/de\"},{\"@type\":\"ListItem\",\"position\":2,\"name\":\"Anleitung\"}]},{\"@type\":\"WebSite\",\"@id\":\"https:\/\/templatetoaster.com\/#website\",\"url\":\"https:\/\/templatetoaster.com\/\",\"name\":\"TemplateToaster\",\"description\":\"\",\"publisher\":{\"@id\":\"https:\/\/templatetoaster.com\/#organization\"},\"inLanguage\":\"de-DE\"},{\"@type\":\"Organization\",\"@id\":\"https:\/\/templatetoaster.com\/#organization\",\"name\":\"TemplateToaster\",\"url\":\"https:\/\/templatetoaster.com\/\",\"logo\":{\"@type\":\"ImageObject\",\"inLanguage\":\"de-DE\",\"@id\":\"https:\/\/templatetoaster.com\/#\/schema\/logo\/image\/\",\"url\":\"https:\/\/templatetoaster.com\/wp-content\/uploads\/2019\/11\/TemplateToaster_Logo.jpg\",\"contentUrl\":\"https:\/\/templatetoaster.com\/wp-content\/uploads\/2019\/11\/TemplateToaster_Logo.jpg\",\"width\":85,\"height\":85,\"caption\":\"TemplateToaster\"},\"image\":{\"@id\":\"https:\/\/templatetoaster.com\/#\/schema\/logo\/image\/\"},\"sameAs\":[\"https:\/\/www.facebook.com\/TemplateToaster\",\"https:\/\/x.com\/templatetoaster\",\"https:\/\/www.instagram.com\/templatetoaster\/\",\"https:\/\/www.linkedin.com\/company\/templatetoaster\/\",\"https:\/\/www.pinterest.com\/templatetoaster\/\",\"https:\/\/www.youtube.com\/@TemplateToaster\"]}]}<\/script>\n<!-- \/ Yoast SEO plugin. -->","yoast_head_json":{"title":"Anleitung - TemplateToaster","description":"Wie Sie die von TemplateToaster exportierten Vorlagen, Designs und Websites auf Ihrem Web Hosting Server exportieren, hochladen und installieren.","robots":{"index":"index","follow":"follow","max-snippet":"max-snippet:-1","max-image-preview":"max-image-preview:large","max-video-preview":"max-video-preview:-1"},"canonical":"https:\/\/templatetoaster.com\/de\/documentation","og_locale":"de_DE","og_type":"article","og_title":"Anleitung - TemplateToaster","og_description":"Wie Sie die von TemplateToaster exportierten Vorlagen, Designs und Websites auf Ihrem Web Hosting Server exportieren, hochladen und installieren.","og_url":"https:\/\/templatetoaster.com\/de\/documentation","og_site_name":"TemplateToaster","article_publisher":"https:\/\/www.facebook.com\/TemplateToaster","article_modified_time":"2019-09-18T11:46:10+00:00","og_image":[{"width":325,"height":325,"url":"https:\/\/templatetoaster.com\/wp-content\/uploads\/2015\/07\/TemplateToaster-325X325.png","type":"image\/png"}],"twitter_card":"summary_large_image","twitter_site":"@templatetoaster","schema":{"@context":"https:\/\/schema.org","@graph":[{"@type":"WebPage","@id":"https:\/\/templatetoaster.com\/de\/documentation","url":"https:\/\/templatetoaster.com\/de\/documentation","name":"Anleitung - TemplateToaster","isPartOf":{"@id":"https:\/\/templatetoaster.com\/#website"},"datePublished":"2018-04-04T06:30:50+00:00","dateModified":"2019-09-18T11:46:10+00:00","description":"Wie Sie die von TemplateToaster exportierten Vorlagen, Designs und Websites auf Ihrem Web Hosting Server exportieren, hochladen und installieren.","breadcrumb":{"@id":"https:\/\/templatetoaster.com\/de\/documentation#breadcrumb"},"inLanguage":"de-DE","potentialAction":[{"@type":"ReadAction","target":["https:\/\/templatetoaster.com\/de\/documentation"]}]},{"@type":"BreadcrumbList","@id":"https:\/\/templatetoaster.com\/de\/documentation#breadcrumb","itemListElement":[{"@type":"ListItem","position":1,"name":"Home","item":"https:\/\/templatetoaster.com\/de"},{"@type":"ListItem","position":2,"name":"Anleitung"}]},{"@type":"WebSite","@id":"https:\/\/templatetoaster.com\/#website","url":"https:\/\/templatetoaster.com\/","name":"TemplateToaster","description":"","publisher":{"@id":"https:\/\/templatetoaster.com\/#organization"},"inLanguage":"de-DE"},{"@type":"Organization","@id":"https:\/\/templatetoaster.com\/#organization","name":"TemplateToaster","url":"https:\/\/templatetoaster.com\/","logo":{"@type":"ImageObject","inLanguage":"de-DE","@id":"https:\/\/templatetoaster.com\/#\/schema\/logo\/image\/","url":"https:\/\/templatetoaster.com\/wp-content\/uploads\/2019\/11\/TemplateToaster_Logo.jpg","contentUrl":"https:\/\/templatetoaster.com\/wp-content\/uploads\/2019\/11\/TemplateToaster_Logo.jpg","width":85,"height":85,"caption":"TemplateToaster"},"image":{"@id":"https:\/\/templatetoaster.com\/#\/schema\/logo\/image\/"},"sameAs":["https:\/\/www.facebook.com\/TemplateToaster","https:\/\/x.com\/templatetoaster","https:\/\/www.instagram.com\/templatetoaster\/","https:\/\/www.linkedin.com\/company\/templatetoaster\/","https:\/\/www.pinterest.com\/templatetoaster\/","https:\/\/www.youtube.com\/@TemplateToaster"]}]}},"_links":{"self":[{"href":"https:\/\/templatetoaster.com\/de\/wp-json\/wp\/v2\/pages\/3435"}],"collection":[{"href":"https:\/\/templatetoaster.com\/de\/wp-json\/wp\/v2\/pages"}],"about":[{"href":"https:\/\/templatetoaster.com\/de\/wp-json\/wp\/v2\/types\/page"}],"author":[{"embeddable":true,"href":"https:\/\/templatetoaster.com\/de\/wp-json\/wp\/v2\/users\/1"}],"replies":[{"embeddable":true,"href":"https:\/\/templatetoaster.com\/de\/wp-json\/wp\/v2\/comments?post=3435"}],"version-history":[{"count":5,"href":"https:\/\/templatetoaster.com\/de\/wp-json\/wp\/v2\/pages\/3435\/revisions"}],"predecessor-version":[{"id":67135,"href":"https:\/\/templatetoaster.com\/de\/wp-json\/wp\/v2\/pages\/3435\/revisions\/67135"}],"wp:attachment":[{"href":"https:\/\/templatetoaster.com\/de\/wp-json\/wp\/v2\/media?parent=3435"}],"curies":[{"name":"wp","href":"https:\/\/api.w.org\/{rel}","templated":true}]}}