{"id":233467,"date":"2024-08-29T07:45:09","date_gmt":"2024-08-29T07:45:09","guid":{"rendered":"https:\/\/templatetoaster.com\/?page_id=233467"},"modified":"2024-08-29T07:45:09","modified_gmt":"2024-08-29T07:45:09","slug":"purchase-standard-edition","status":"publish","type":"page","link":"https:\/\/templatetoaster.com\/de\/purchase-standard-edition","title":{"rendered":"Purchase Standard Edition"},"content":{"rendered":"<div id=\"purchase_container\">\n<h3 class=\"text-center\">W\u00e4hlen Sie Ihre Zahlungsmethode:<\/h3>\n<div class=\"col-md-3 col-sm-3 col-xs-12\"><\/div>\n<div class=\"col-md-6 col-sm-6 col-xs-12\">\n<div class=\"payment_method\">\n<div class=\"payment_paypal\">\n<div class=\"paypal_cards\">Paypal<br \/>\n<span style=\"font-weight: normal; font-size: 11px;\"> (und Karten \u00fcber Paypal) <\/span><\/div>\n<div class=\"paypal_button\">\n<form action=\"https:\/\/www.paypal.com\/cgi-bin\/webscr\" method=\"post\" target=\"_top\"><input name=\"cmd\" type=\"hidden\" value=\"_s-xclick\" \/><input name=\"hosted_button_id\" type=\"hidden\" value=\"BW5SA2ZUNRLW4\" \/><input alt=\"PayPal \u2013 The safer, easier way to pay online.\" name=\"submit\" src=\"https:\/\/www.paypalobjects.com\/en_GB\/i\/btn\/btn_buynowCC_LG.gif\" type=\"image\" \/><img loading=\"lazy\" decoding=\"async\" src=\"https:\/\/www.paypalobjects.com\/en_GB\/i\/scr\/pixel.gif\" alt=\"\" width=\"1\" height=\"1\" border=\"0\" \/><\/form>\n<\/div>\n<\/div>\n<div style=\"display: inline-block; padding: 15px; width: 100%; text-align: center;\">oder<a style=\"text-decoration: underline;\" href=\"https:\/\/secure.avangate.com\/order\/checkout.php?PRODS=4576923&amp;QTY=1&amp;CART=1&amp;CARD=2&amp;ORDERSTYLE=nLW8n5WplH4=&amp;PAY_TYPE=CCVISAMC&amp;BACK_REF=http%3A\/\/https:\/\/templatetoaster.com\/thanks-for-the-purchase\"> Bezahlen Sie \u00fcber 2Checkout<\/a><\/div>\n<\/div>\n<\/div>\n<div class=\"col-md-3 col-sm-3 col-xs-12\"><\/div>\n<div class=\"clearfix\"><\/div>\n<\/div>\n","protected":false},"excerpt":{"rendered":"<p>W\u00e4hlen Sie Ihre Zahlungsmethode: Paypal (und Karten \u00fcber Paypal) oder Bezahlen Sie \u00fcber 2Checkout<\/p>\n","protected":false},"author":1,"featured_media":0,"parent":0,"menu_order":0,"comment_status":"closed","ping_status":"closed","template":"PageTemplate1.php","meta":{"footnotes":""},"yoast_head":"<!-- This site is optimized with the Yoast SEO plugin v23.5 - https:\/\/yoast.com\/wordpress\/plugins\/seo\/ -->\n<title>Purchase Standard Edition - TemplateToaster<\/title>\n<meta name=\"robots\" content=\"index, follow, max-snippet:-1, max-image-preview:large, max-video-preview:-1\" \/>\n<link rel=\"canonical\" href=\"https:\/\/templatetoaster.com\/de\/purchase-standard-edition\" \/>\n<meta property=\"og:locale\" content=\"de_DE\" \/>\n<meta property=\"og:type\" content=\"article\" \/>\n<meta property=\"og:title\" content=\"Purchase Standard Edition - TemplateToaster\" \/>\n<meta property=\"og:description\" content=\"W\u00e4hlen Sie Ihre Zahlungsmethode: Paypal (und Karten \u00fcber Paypal) oder Bezahlen Sie \u00fcber 2Checkout\" \/>\n<meta property=\"og:url\" content=\"https:\/\/templatetoaster.com\/de\/purchase-standard-edition\" \/>\n<meta property=\"og:site_name\" content=\"TemplateToaster\" \/>\n<meta property=\"article:publisher\" content=\"https:\/\/www.facebook.com\/TemplateToaster\" \/>\n<meta property=\"og:image\" content=\"https:\/\/www.paypalobjects.com\/en_GB\/i\/scr\/pixel.gif\" \/>\n<meta name=\"twitter:card\" content=\"summary_large_image\" \/>\n<meta name=\"twitter:site\" content=\"@templatetoaster\" \/>\n<meta name=\"twitter:label1\" content=\"Gesch\u00e4tzte Lesezeit\" \/>\n\t<meta name=\"twitter:data1\" content=\"1 Minute\" \/>\n<script type=\"application\/ld+json\" class=\"yoast-schema-graph\">{\"@context\":\"https:\/\/schema.org\",\"@graph\":[{\"@type\":\"WebPage\",\"@id\":\"https:\/\/templatetoaster.com\/de\/purchase-standard-edition\",\"url\":\"https:\/\/templatetoaster.com\/de\/purchase-standard-edition\",\"name\":\"Purchase Standard Edition - TemplateToaster\",\"isPartOf\":{\"@id\":\"https:\/\/templatetoaster.com\/#website\"},\"primaryImageOfPage\":{\"@id\":\"https:\/\/templatetoaster.com\/de\/purchase-standard-edition#primaryimage\"},\"image\":{\"@id\":\"https:\/\/templatetoaster.com\/de\/purchase-standard-edition#primaryimage\"},\"thumbnailUrl\":\"https:\/\/www.paypalobjects.com\/en_GB\/i\/scr\/pixel.gif\",\"datePublished\":\"2024-08-29T07:45:09+00:00\",\"dateModified\":\"2024-08-29T07:45:09+00:00\",\"breadcrumb\":{\"@id\":\"https:\/\/templatetoaster.com\/de\/purchase-standard-edition#breadcrumb\"},\"inLanguage\":\"de-DE\",\"potentialAction\":[{\"@type\":\"ReadAction\",\"target\":[\"https:\/\/templatetoaster.com\/de\/purchase-standard-edition\"]}]},{\"@type\":\"ImageObject\",\"inLanguage\":\"de-DE\",\"@id\":\"https:\/\/templatetoaster.com\/de\/purchase-standard-edition#primaryimage\",\"url\":\"https:\/\/www.paypalobjects.com\/en_GB\/i\/scr\/pixel.gif\",\"contentUrl\":\"https:\/\/www.paypalobjects.com\/en_GB\/i\/scr\/pixel.gif\"},{\"@type\":\"BreadcrumbList\",\"@id\":\"https:\/\/templatetoaster.com\/de\/purchase-standard-edition#breadcrumb\",\"itemListElement\":[{\"@type\":\"ListItem\",\"position\":1,\"name\":\"Home\",\"item\":\"https:\/\/templatetoaster.com\/de\"},{\"@type\":\"ListItem\",\"position\":2,\"name\":\"Purchase Standard Edition\"}]},{\"@type\":\"WebSite\",\"@id\":\"https:\/\/templatetoaster.com\/#website\",\"url\":\"https:\/\/templatetoaster.com\/\",\"name\":\"TemplateToaster\",\"description\":\"\",\"publisher\":{\"@id\":\"https:\/\/templatetoaster.com\/#organization\"},\"inLanguage\":\"de-DE\"},{\"@type\":\"Organization\",\"@id\":\"https:\/\/templatetoaster.com\/#organization\",\"name\":\"TemplateToaster\",\"url\":\"https:\/\/templatetoaster.com\/\",\"logo\":{\"@type\":\"ImageObject\",\"inLanguage\":\"de-DE\",\"@id\":\"https:\/\/templatetoaster.com\/#\/schema\/logo\/image\/\",\"url\":\"https:\/\/templatetoaster.com\/wp-content\/uploads\/2019\/11\/TemplateToaster_Logo.jpg\",\"contentUrl\":\"https:\/\/templatetoaster.com\/wp-content\/uploads\/2019\/11\/TemplateToaster_Logo.jpg\",\"width\":85,\"height\":85,\"caption\":\"TemplateToaster\"},\"image\":{\"@id\":\"https:\/\/templatetoaster.com\/#\/schema\/logo\/image\/\"},\"sameAs\":[\"https:\/\/www.facebook.com\/TemplateToaster\",\"https:\/\/x.com\/templatetoaster\",\"https:\/\/www.instagram.com\/templatetoaster\/\",\"https:\/\/www.linkedin.com\/company\/templatetoaster\/\",\"https:\/\/www.pinterest.com\/templatetoaster\/\",\"https:\/\/www.youtube.com\/@TemplateToaster\"]}]}<\/script>\n<!-- \/ Yoast SEO plugin. -->","yoast_head_json":{"title":"Purchase Standard Edition - TemplateToaster","robots":{"index":"index","follow":"follow","max-snippet":"max-snippet:-1","max-image-preview":"max-image-preview:large","max-video-preview":"max-video-preview:-1"},"canonical":"https:\/\/templatetoaster.com\/de\/purchase-standard-edition","og_locale":"de_DE","og_type":"article","og_title":"Purchase Standard Edition - TemplateToaster","og_description":"W\u00e4hlen Sie Ihre Zahlungsmethode: Paypal (und Karten \u00fcber Paypal) oder Bezahlen Sie \u00fcber 2Checkout","og_url":"https:\/\/templatetoaster.com\/de\/purchase-standard-edition","og_site_name":"TemplateToaster","article_publisher":"https:\/\/www.facebook.com\/TemplateToaster","og_image":[{"url":"https:\/\/www.paypalobjects.com\/en_GB\/i\/scr\/pixel.gif"}],"twitter_card":"summary_large_image","twitter_site":"@templatetoaster","twitter_misc":{"Gesch\u00e4tzte Lesezeit":"1 Minute"},"schema":{"@context":"https:\/\/schema.org","@graph":[{"@type":"WebPage","@id":"https:\/\/templatetoaster.com\/de\/purchase-standard-edition","url":"https:\/\/templatetoaster.com\/de\/purchase-standard-edition","name":"Purchase Standard Edition - TemplateToaster","isPartOf":{"@id":"https:\/\/templatetoaster.com\/#website"},"primaryImageOfPage":{"@id":"https:\/\/templatetoaster.com\/de\/purchase-standard-edition#primaryimage"},"image":{"@id":"https:\/\/templatetoaster.com\/de\/purchase-standard-edition#primaryimage"},"thumbnailUrl":"https:\/\/www.paypalobjects.com\/en_GB\/i\/scr\/pixel.gif","datePublished":"2024-08-29T07:45:09+00:00","dateModified":"2024-08-29T07:45:09+00:00","breadcrumb":{"@id":"https:\/\/templatetoaster.com\/de\/purchase-standard-edition#breadcrumb"},"inLanguage":"de-DE","potentialAction":[{"@type":"ReadAction","target":["https:\/\/templatetoaster.com\/de\/purchase-standard-edition"]}]},{"@type":"ImageObject","inLanguage":"de-DE","@id":"https:\/\/templatetoaster.com\/de\/purchase-standard-edition#primaryimage","url":"https:\/\/www.paypalobjects.com\/en_GB\/i\/scr\/pixel.gif","contentUrl":"https:\/\/www.paypalobjects.com\/en_GB\/i\/scr\/pixel.gif"},{"@type":"BreadcrumbList","@id":"https:\/\/templatetoaster.com\/de\/purchase-standard-edition#breadcrumb","itemListElement":[{"@type":"ListItem","position":1,"name":"Home","item":"https:\/\/templatetoaster.com\/de"},{"@type":"ListItem","position":2,"name":"Purchase Standard Edition"}]},{"@type":"WebSite","@id":"https:\/\/templatetoaster.com\/#website","url":"https:\/\/templatetoaster.com\/","name":"TemplateToaster","description":"","publisher":{"@id":"https:\/\/templatetoaster.com\/#organization"},"inLanguage":"de-DE"},{"@type":"Organization","@id":"https:\/\/templatetoaster.com\/#organization","name":"TemplateToaster","url":"https:\/\/templatetoaster.com\/","logo":{"@type":"ImageObject","inLanguage":"de-DE","@id":"https:\/\/templatetoaster.com\/#\/schema\/logo\/image\/","url":"https:\/\/templatetoaster.com\/wp-content\/uploads\/2019\/11\/TemplateToaster_Logo.jpg","contentUrl":"https:\/\/templatetoaster.com\/wp-content\/uploads\/2019\/11\/TemplateToaster_Logo.jpg","width":85,"height":85,"caption":"TemplateToaster"},"image":{"@id":"https:\/\/templatetoaster.com\/#\/schema\/logo\/image\/"},"sameAs":["https:\/\/www.facebook.com\/TemplateToaster","https:\/\/x.com\/templatetoaster","https:\/\/www.instagram.com\/templatetoaster\/","https:\/\/www.linkedin.com\/company\/templatetoaster\/","https:\/\/www.pinterest.com\/templatetoaster\/","https:\/\/www.youtube.com\/@TemplateToaster"]}]}},"_links":{"self":[{"href":"https:\/\/templatetoaster.com\/de\/wp-json\/wp\/v2\/pages\/233467"}],"collection":[{"href":"https:\/\/templatetoaster.com\/de\/wp-json\/wp\/v2\/pages"}],"about":[{"href":"https:\/\/templatetoaster.com\/de\/wp-json\/wp\/v2\/types\/page"}],"author":[{"embeddable":true,"href":"https:\/\/templatetoaster.com\/de\/wp-json\/wp\/v2\/users\/1"}],"replies":[{"embeddable":true,"href":"https:\/\/templatetoaster.com\/de\/wp-json\/wp\/v2\/comments?post=233467"}],"version-history":[{"count":1,"href":"https:\/\/templatetoaster.com\/de\/wp-json\/wp\/v2\/pages\/233467\/revisions"}],"predecessor-version":[{"id":233468,"href":"https:\/\/templatetoaster.com\/de\/wp-json\/wp\/v2\/pages\/233467\/revisions\/233468"}],"wp:attachment":[{"href":"https:\/\/templatetoaster.com\/de\/wp-json\/wp\/v2\/media?parent=233467"}],"curies":[{"name":"wp","href":"https:\/\/api.w.org\/{rel}","templated":true}]}}