{"id":4618,"date":"2018-04-14T10:59:02","date_gmt":"2018-04-14T10:59:02","guid":{"rendered":"http:\/\/templatetoaster.com?page_id=4618"},"modified":"2018-11-21T07:05:28","modified_gmt":"2018-11-21T07:05:28","slug":"woocommerce-theme-builder","status":"publish","type":"page","link":"https:\/\/templatetoaster.com\/da\/woocommerce-theme-builder","title":{"rendered":"Bedste WooCommerce Theme Builder Software"},"content":{"rendered":"<div class=\"section1 wp-theme-generator\">\n<div style=\"margin: 115px 0 16px;\">\n<h1>WooCommerce Tema Builder, der g\u00e5r den ekstra mil<\/h1>\n<p class=\"text-center\">Design temaer, der giver et nyt lejem\u00e5l til din hjemmeside. S\u00e6lg smukt p\u00e5 din WooCommerce butik!<\/p>\n<p><br clear=\"all\"><\/p>\n<div style=\"text-align:center;\">\n<a href=\"https:\/\/templatetoaster.com\/da\/download\" class=\"btn download_btn\">Download nu<\/a><\/div>\n<div class=\"clearfix\"><\/div>\n<\/div>\n<\/div>\n<p><!--- What is TemplateToaster Section ---><\/p>\n<div class=\"section2 wp-theme-generator\">\n<div class=\"section2-inner\">\n<h2>Hvorfor bruge TemplateToaster som WooCommerce Tema Designer?<\/h2>\n<p>Bygget p\u00e5 en s\u00e5dan m\u00e5de, at du f\u00e5r fuld kontrol over din e-handels butik uden kodning krav. Design robuste temaer med let layout og styling muligheder. Tr\u00e6k &amp; Fald i den m\u00e5de, du kan lide det! Hold hvad der ser dynamisk fantastisk.\n<\/p>\n<\/div>\n<\/div>\n<p><!---- section 3 starts ---><\/p>\n<div class=\"section3 wp-theme-generator\">\n<div class=\"section3-inner\">\n<h2>S\u00e5dan fungerer det?<\/h2>\n<div class=\"row\">\n<div class=\"col-lg-4 col-md-4 col-sm-6 col-xs-12\">\n<div class=\"media\">\n<div class=\"landing_page_svg\" style=\"background-position: 20px -690px; display: block; height: 115px; margin: auto; width: 142px;\"><\/div>\n<\/p>\n<h3 class=\"text-center\">Lad os Jump-start Med Easy Designing!<\/h3>\n<p class=\"text-center\">Installer TemplateToaster efter du downloade det. Start designe p\u00e5 f\u00e5 minutter, mens f\u00e5 adgang til alle funktioner i fri ubegr\u00e6nset pr\u00f8veperiode valgmulighed. Hvad venter du p\u00e5? <\/p>\n<\/div>\n<\/div>\n<div class=\"clearfix visible-xs-block\"><\/div>\n<div class=\"col-lg-4 col-md-4 col-sm-6 col-xs-12\">\n<div class=\"media\">\n<div class=\"landing_page_svg\" style=\"background-position: -115px -690px; display: block; height: 115px; margin: auto; width: 142px;\"><\/div>\n<\/p>\n<h3 class=\"text-center\"> Nem brugergr\u00e6nseflade til Design som en professionel p\u00e5 f\u00e5 minutter!<\/h3>\n<p class=\"text-center\">Cherry pluk fra hundredvis af pre designet skabeloner eller starte fra grunden! Du skal blot tr\u00e6kke &amp; dropand tilf\u00f8je stilarter at designe din WooCommerce tema!<\/p>\n<\/div>\n<\/div>\n<div class=\"clearfix visible-sm-block visible-xs-block\"><\/div>\n<div class=\"col-lg-4 col-md-4 col-sm-6 col-xs-12\">\n<div class=\"media\">\n<div class=\"landing_page_svg\" style=\"background-position: -240px -690px; display: block; height: 115px; margin: auto; width: 142px;\"><\/div>\n<\/p>\n<h3 class=\"text-center\">Installer Blazing Hurtigt tema i et par klik! <\/h3>\n<p class=\"text-center\">Endelig overbevist med alle de brugerdefinerede stilarter og tweaks? Bare uploade din WooCommerce tema i et par klik. Se din hjemmeside n\u00e5 det n\u00e6ste niveau!<\/p>\n<\/div>\n<\/div>\n<div class=\"clearfix visible-lg-block visible-md-block visible-sm-block visible-xs-block\"><\/div>\n<\/div>\n<\/div>\n<\/div>\n<div class=\"section4 wp-theme-generator\">\n<h2 style=\"text-transform:none;\">Funktioner af TemplateToaster som WooCommerce Tema Creator <\/h2>\n<p class=\"section4-paragraph\">Backpacked med sl\u00e5ende tr\u00e6k \u4e00 Design temaer ved hj\u00e6lp TemplateToaster software!<\/p>\n<div class=\"row\">\n<div class=\"col-lg-4 col-md-4 col-sm-6 col-sx-12\">\n<div style=\"padding: 20px;\">\n<div class=\"text-center\">\n<div style=\"margin-right:10px; display: inline-block; float:none; vertical-align:middle; background-position: -12px -82px; \" class=\"wp_feature landing_page_svg\"><\/div>\n<\/div>\n<h3 style=\"margin: 20px 0px 10px; text-align: center;\">Version Kompatibilitet<\/h3>\n<p class=\"text-center\"> TemplateToaster er kompatibel med nyeste version af WordPress og WooCommerce. Design temaer med denne WooCommerce tema designer, som ikke kun visuelt fejlfri, men problemfrit kompatible med disse versioner. Vi forblive foran i spillet med hurtige opdateringer!<\/p>\n<\/div>\n<\/div>\n<div class=\"clearfix visible-xs-block\"><\/div>\n<div class=\"col-lg-4 col-md-4 col-sm-6 col-sx-12\">\n<div style=\"padding: 20px;\">\n<div class=\"text-center\">\n<div style=\"margin-right:10px; display: inline-block; float:none; vertical-align:middle; background-position: -292px -12px; \" class=\"wp_feature landing_page_svg\"><\/div>\n<\/div>\n<h3 style=\"margin:20px 0 10px; text-align:center\"> Side Builder<\/h3>\n<p class=\"text-center\">Den avancerede visuelle side bygherre i TemplateToaster g\u00f8r det en Cakewalk at tilf\u00f8je responsive tabeller, r\u00e6kker, kolonner, osv. direkte i dit indl\u00e6g eller sidens indhold. Dette skydes ud behovet for ekstra design plugins i denne WooCommerce tema designer! <\/p>\n<\/div>\n<\/div>\n<div class=\"clearfix visible-sm-block visible-xs-block\"><\/div>\n<div class=\"col-md-4 col-sm-6 col-sx-12\">\n<div style=\"padding: 20px;\">\n<div class=\"text-center\">\n<div class=\"wp_feature landing_page_svg\" style=\"margin-right:10px; display: inline-block; float:none; vertical-align:middle;background-position: -92px -815px;\"><\/div>\n<\/div>\n<h3 style=\"margin:20px 0 10px; text-align:center\"> Header Indstillinger<\/h3>\n<p class=\"text-center\">Dette tema bygherre kommer sammen med et v\u00e6ld af Header muligheder for at designe et tema, der er indbydende. V\u00e6lg imellem 10 presets for header, tilf\u00f8je forgrunden video, logo, sociale ikoner, teksturer, effekter,shadow osv. og meget mere! Header position kan indstilles under eller over Menu eller Menu inde header.<\/p>\n<\/div>\n<\/div>\n<div class=\"clearfix  visible-lg-block visible-md-block  visible-xs-block\"><\/div>\n<div class=\"col-md-4 col-sm-6 col-sx-12\">\n<div style=\"padding: 20px;\">\n<div class=\"text-center\">\n<div class=\"wp_feature landing_page_svg\" style=\"margin-right:10px; display: inline-block; float:none; vertical-align:middle;background-position: -292px -1088px;\"><\/div>\n<\/div>\n<h3 style=\"margin:20px 0 10px; text-align:center\">Produkt-Side Styling<\/h3>\n<p class=\"text-center\">Boost op ser af produktet side af din WooCommerce butik ved at tilf\u00f8je et strejf af stil. Tilpas typografi og skrifttype type produkt Titel, Beskrivelser Tab, Specifikationer Tab, anmeldelser Tab, I indk\u00f8bskurven Button, tilf\u00f8jer gr\u00e6nsen til thumbnails etc. <\/p>\n<\/div>\n<\/div>\n<div class=\"clearfix visible-sm-block visible-xs-block\"><\/div>\n<div class=\"col-md-4 col-sm-6 col-sx-12\">\n<div style=\"padding: 20px;\">\n<div class=\"text-center\">\n<div class=\"wp_feature landing_page_svg\" style=\"margin-right:10px; display: inline-block; float:none; vertical-align:middle;background-position: -18px -1370px;\"><\/div>\n<\/div>\n<h3 style=\"margin:20px 0 10px; text-align:center\">Multiple Product Grid Styling<\/h3>\n<p class=\"text-center\">Design temaer med dette tema skaberen, der lader dig tilf\u00f8je brugerdefinerede typografier til multi-produkt grid-view og liste-view side. V\u00e6lg mellem en bred vifte af skrifttype farver &amp; typer, baggrundsfarver og mere at s\u00e6tte fut p\u00e5 siden<\/p>\n<\/div>\n<\/div>\n<div class=\"clearfix visible-xs-block\"><\/div>\n<div class=\"col-md-4 col-sm-6 col-sx-12\">\n<div style=\"padding: 20px;\">\n<div class=\"text-center\">\n<div class=\"wp_feature landing_page_svg\" style=\"float: none; height: 52px; vertical-align: middle; width: 44px; display: inline-block; background-position: -288px -1015px;\"><\/div>\n<\/div>\n<h3 style=\"margin:20px 0 10px; text-align:center\"> bestilling Side<\/h3>\n<p class=\"text-center\">Spark op kassen siden af \u200b\u200bdin WooCommerce butik for at g\u00f8re det sidste og bedste indtryk p\u00e5 k\u00f8beren, f\u00f8r han forlader din hjemmeside! Tilf\u00f8j brugerdefinerede formater til denne side ved at \u00e6ndre baggrundsfarven, skrifttyper, skrifttyper som pr dit \u00f8nske!<\/p>\n<\/div>\n<\/div>\n<div class=\"clearfix visible-lg-block visible-md-block visible-sm-block visible-xs-block\"><\/div>\n<\/div>\n<\/div>\n<p><!--Section Features with WP--><\/p>\n<div class=\"section5 wp-theme-generator\" style=\"padding:70px 10px;margin-bottom:2px;\">\n<div style=\"margin:40px 0px 20px;\">\n<h2 style=\"margin-bottom:65px; text-transform:none;\">G\u00e6sterne p\u00e5 TemplateToaster <\/h2>\n<div class=\"feature_with_wp row\">\n<div class=\"col-lg-4  col-md-4 col-sm-4 col-xs-6\">\n<div class=\"feature_wpimg\">\n\t\t\t<img decoding=\"async\" src=\"https:\/\/templatetoaster.com\/wp-content\/uploads\/2017\/04\/multiple-language.png\" class=\"img-responsive\" alt=\"St\u00f8tte flere sprog\">\n\t\t<\/div>\n<\/p>\n<\/div>\n<div class=\"col-lg-4  col-md-4 col-sm-4 col-xs-6\">\n<div class=\"feature_wpimg\">\n\t\t\t<img decoding=\"async\" src=\"https:\/\/templatetoaster.com\/wp-content\/uploads\/2017\/04\/mobile-optimization.png\" class=\"img-responsive\" alt=\"Mobil Optimering\">\n\t\t<\/div>\n<\/p>\n<\/div>\n<div class=\"clearfix visible-xs-block\"><\/div>\n<div class=\"col-lg-4  col-md-4 col-sm-4 col-xs-6\">\n<div class=\"feature_wpimg\">\n\t\t\t<img decoding=\"async\" src=\"https:\/\/templatetoaster.com\/wp-content\/uploads\/2017\/04\/drag-drop.png\" class=\"img-responsive\" alt=\"Tr\u00e6k og slip\">\n\t\t<\/div>\n<\/p>\n<\/div>\n<div class=\"clearfix visible-lg-block visible-md-block visible-sm-block\"><\/div>\n<div class=\"col-lg-4  col-md-4 col-sm-4 col-xs-6\">\n<div class=\"feature_wpimg\">\n\t\t\t<img decoding=\"async\" src=\"https:\/\/templatetoaster.com\/wp-content\/uploads\/2017\/04\/demo-templats.png\" class=\"img-responsive\" alt=\"Demo temaer\">\n\t\t<\/div>\n<\/p>\n<\/div>\n<div class=\"clearfix visible-xs-block\"><\/div>\n<div class=\"col-lg-4  col-md-4 col-sm-4 col-xs-6\">\n<div class=\"feature_wpimg\">\n\t\t\t<img decoding=\"async\" src=\"https:\/\/templatetoaster.com\/wp-content\/uploads\/2017\/04\/mega-menu.png\" class=\"img-responsive\" alt=\"Mega Menu\">\n\t\t<\/div>\n<\/p>\n<\/div>\n<div class=\"col-lg-4  col-md-4 col-sm-4 col-xs-6\">\n<div class=\"feature_wpimg\">\n\t\t\t<img decoding=\"async\" src=\"https:\/\/templatetoaster.com\/wp-content\/uploads\/2017\/04\/right-to-left.png\" class=\"img-responsive\" alt=\"Fra h\u00f8jre til venstre\">\n\t\t<\/div>\n<\/p>\n<\/div>\n<div class=\"clearfix visible-lg-block visible-md-block visible-sm-block visible-xs-block\"><\/div>\n<div class=\"col-lg-4  col-md-4 col-sm-4 col-xs-6\">\n<div class=\"feature_wpimg\">\n\t\t\t<img decoding=\"async\" src=\"https:\/\/templatetoaster.com\/wp-content\/uploads\/2017\/04\/amazing-slideshow.png\" class=\"img-responsive\" alt=\"Amazing Slideshow\">\n\t\t<\/div>\n<\/p>\n<\/div>\n<div class=\"col-lg-4  col-md-4 col-sm-4 col-xs-6\">\n<div class=\"feature_wpimg\">\n\t\t\t<img decoding=\"async\" src=\"https:\/\/templatetoaster.com\/wp-content\/uploads\/2017\/04\/zero-coding.png\" class=\"img-responsive\" alt=\"nul Kodning\">\n\t\t<\/div>\n<\/p>\n<\/div>\n<div class=\"clearfix visible-xs-block\"><\/div>\n<div class=\"col-lg-4  col-md-4 col-sm-4 col-xs-6\">\n<div class=\"feature_wpimg\">\n\t\t\t<img decoding=\"async\" src=\"https:\/\/templatetoaster.com\/wp-content\/uploads\/2017\/04\/custom-css.png\" class=\"img-responsive\" alt=\"Custom CSS, JS og PHP\">\n\t\t<\/div>\n<\/p>\n<\/div>\n<div class=\"clearfix visible-lg-block visible-md-block visible-sm-block visible-xs-block\"><\/div>\n<\/div>\n<\/div>\n<\/div>\n<p><!--Section Gallery--><\/p>\n<div class=\"section7 wp-theme-generator\" style=\"padding:100px 10px; background-color:#f1f4f8;  margin-bottom:2px;\">\n<h2 style=\"text-transform:none;\">Vores standarder<\/h2>\n<div class=\"row\">\n<div class=\"col-lg-4 col-md-4 col-sm-6 col-xs-12\">\n<div style=\"padding: 20px;\">\n<div class=\"text-center\">\n<div style=\"margin-right:10px; display: inline-block; float:none; vertical-align:middle; background-position: -75px -153px; width:75px;\" class=\"wp_feature landing_page_svg\"><\/div>\n<\/div>\n<h3 style=\"margin: 20px 0px 10px; text-align: center;\">W3C validerede temaer <\/h3>\n<p class=\"text-center\"> Temaer designet med TemplateToaster er W3C gyldig og i overensstemmelse med de internationale standarder. Dette sikrer s\u00f8gemaskine fordele og pixel perfekt sted display!<\/p>\n<\/div>\n<\/div>\n<div class=\"clearfix visible-xs-block\"><\/div>\n<div class=\"col-lg-4 col-md-4 col-sm-6 col-xs-12\">\n<div style=\"padding: 20px;\">\n<div class=\"text-center\">\n<div style=\"margin-right:10px; display: inline-block; float:none; vertical-align:middle; background-position: -165px -153px; width:65px;\" class=\"wp_feature landing_page_svg\"><\/div>\n<\/div>\n<h3 style=\"margin:20px 0 10px; text-align:center\">HTML5 &amp; CSS3 kompatibel<\/h3>\n<p class=\"text-center\">TemplateToaster software trives p\u00e5 HTML5 og CSS3 standarder lade dig tilf\u00f8je multimedia elementer og meget mere! Design en feature-rige hjemmeside p\u00e5 f\u00e5 minutter.<\/p>\n<\/div>\n<\/div>\n<div class=\"clearfix visible-sm-block visible-xs-block\"><\/div>\n<div class=\"col-lg-4 col-md-4 col-sm-6 col-xs-12\">\n<div style=\"padding: 20px;\">\n<div class=\"text-center\">\n<div style=\"margin-right:10px; display: inline-block; float:none; vertical-align:middle; background-position: -260px -147px; width:65px;\" class=\"wp_feature landing_page_svg\"><\/div>\n<\/div>\n<h3 style=\"margin:20px 0 10px; text-align:center\"> Ultrahurtige websider<\/h3>\n<p class=\"text-center\">Med TemplateToaster, forventer intet, men den supersoniske belastning hastighed p\u00e5 websider og se flere bes\u00f8gende bliver til konverteringer p\u00e5 ingen tid! <\/p>\n<\/div>\n<\/div>\n<div class=\"clearfix  visible-lg-block visible-md-block  visible-xs-block\"><\/div>\n<\/div>\n<\/div>\n<p><!---- section 6 starts ---><\/p>\n<div class=\"section6 wp-theme-generator\" style=\"padding:50px 10px;\">\n<div style=\"margin:70px 0px 20px;\">\n<h2>Support Alle Major CMSer<\/h2>\n<div class=\"section-center\" style=\"padding-bottom: 50px;\">\n<div class=\"main-cms-section\">\n<div class=\"cms-section\">\n<div class=\"text-center\">\n<div class=\"wp_feature landing_page_svg\" style=\"width: 120px; height: 120px; background-position:-85px -250px;\"><\/div>\n<\/div>\n<\/div>\n<div class=\"cms-section\">\n<div class=\"text-center\">\n<div class=\"wp_feature landing_page_svg\" style=\"width: 150px; height: 120px; background-position:-200px -250px;\"><\/div>\n<\/div>\n<\/div>\n<\/div>\n<div class=\"other-cms-section\">\n<div class=\"cms-section\">\n<div class=\"text-center\">\n<div class=\"wp_feature landing_page_svg\" style=\"width: 110px; height: 100px; background-position:20px -380px;\"><\/div>\n<\/div>\n<\/div>\n<div class=\"cms-section\">\n<div class=\"text-center\">\n<div class=\"wp_feature landing_page_svg\" style=\"width: 110px; height: 102px; background-position:-68px -380px;\"><\/div>\n<\/div>\n<\/div>\n<div class=\"cms-section\">\n<div class=\"text-center\">\n<div class=\"wp_feature landing_page_svg\" style=\"width: 110px; height: 102px; background-position:-160px -380px;\"><\/div>\n<\/div>\n<\/div>\n<div class=\"cms-section\">\n<div class=\"text-center\">\n<div class=\"wp_feature landing_page_svg\" style=\"width: 110px; height: 100px; background-position:-260px -380px;\"><\/div>\n<\/div>\n<\/div>\n<div class=\"cms-section\">\n<div class=\"text-center\">\n<div class=\"wp_feature landing_page_svg\" style=\"width: 110px; height: 100px; background-position:-0px -495px;\"><\/div>\n<\/div>\n<\/div>\n<div class=\"cms-section\">\n<div class=\"text-center\">\n<div class=\"wp_feature landing_page_svg\" style=\"width: 110px; height: 100px; background-position:-125px -495px;\"><\/div>\n<\/div>\n<\/div>\n<div class=\"cms-section\">\n<div class=\"text-center\">\n<div class=\"wp_feature landing_page_svg\" style=\"width: 110px; height: 100px; background-position:-240px -495px;\"><\/div>\n<\/div>\n<\/div>\n<div class=\"cms-section\">\n<div class=\"text-center\">\n<div class=\"wp_feature landing_page_svg\" style=\"width: 110px; height: 100px; background-position:-0px -600px;\"><\/div>\n<\/div>\n<\/div>\n<\/div>\n<\/div>\n<div style=\"text-align:center; margin-top: 30px;\">\n<a href=\"https:\/\/templatetoaster.com\/da\/download\" class=\"btn download_btn\">Download nu<\/a><\/div>\n<\/div>\n<\/div>\n","protected":false},"excerpt":{"rendered":"<p>WooCommerce Tema Builder, der g\u00e5r den ekstra mil Design temaer, der giver et nyt lejem\u00e5l til din hjemmeside. S\u00e6lg smukt p\u00e5 din WooCommerce butik! Download nu Hvorfor bruge TemplateToaster som WooCommerce Tema Designer? Bygget p\u00e5 en s\u00e5dan m\u00e5de, at du &hellip; <a href=\"https:\/\/templatetoaster.com\/da\/woocommerce-theme-builder\">Continue Reading<span class=\"meta-nav\">&rarr;<\/span><\/a><\/p>\n","protected":false},"author":13434,"featured_media":0,"parent":0,"menu_order":0,"comment_status":"closed","ping_status":"closed","template":"","meta":{"footnotes":""},"yoast_head":"<!-- This site is optimized with the Yoast SEO plugin v23.5 - https:\/\/yoast.com\/wordpress\/plugins\/seo\/ -->\n<title>Bedste WooCommerce Theme Builder Software - TemplateToaster<\/title>\n<meta name=\"description\" content=\"TemplateToaster er den bedste WooCommerce Theme Builder Software\" \/>\n<meta name=\"robots\" content=\"index, follow, max-snippet:-1, max-image-preview:large, max-video-preview:-1\" \/>\n<link rel=\"canonical\" href=\"https:\/\/templatetoaster.com\/da\/woocommerce-theme-builder\" \/>\n<meta property=\"og:locale\" content=\"da_DK\" \/>\n<meta property=\"og:type\" content=\"article\" \/>\n<meta property=\"og:title\" content=\"Bedste WooCommerce Theme Builder Software - TemplateToaster\" \/>\n<meta property=\"og:description\" content=\"TemplateToaster er den bedste WooCommerce Theme Builder Software\" \/>\n<meta property=\"og:url\" content=\"https:\/\/templatetoaster.com\/da\/woocommerce-theme-builder\" \/>\n<meta property=\"og:site_name\" content=\"TemplateToaster\" \/>\n<meta property=\"article:publisher\" content=\"https:\/\/www.facebook.com\/TemplateToaster\" \/>\n<meta property=\"article:modified_time\" content=\"2018-11-21T07:05:28+00:00\" \/>\n<meta property=\"og:image\" content=\"https:\/\/templatetoaster.com\/wp-content\/uploads\/2017\/04\/multiple-language.png\" \/>\n<meta name=\"twitter:card\" content=\"summary_large_image\" \/>\n<meta name=\"twitter:site\" content=\"@templatetoaster\" \/>\n<meta name=\"twitter:label1\" content=\"Estimeret l\u00e6setid\" \/>\n\t<meta name=\"twitter:data1\" content=\"3 minutter\" \/>\n<script type=\"application\/ld+json\" class=\"yoast-schema-graph\">{\"@context\":\"https:\/\/schema.org\",\"@graph\":[{\"@type\":\"WebPage\",\"@id\":\"https:\/\/templatetoaster.com\/da\/woocommerce-theme-builder\",\"url\":\"https:\/\/templatetoaster.com\/da\/woocommerce-theme-builder\",\"name\":\"Bedste WooCommerce Theme Builder Software - TemplateToaster\",\"isPartOf\":{\"@id\":\"https:\/\/templatetoaster.com\/#website\"},\"primaryImageOfPage\":{\"@id\":\"https:\/\/templatetoaster.com\/da\/woocommerce-theme-builder#primaryimage\"},\"image\":{\"@id\":\"https:\/\/templatetoaster.com\/da\/woocommerce-theme-builder#primaryimage\"},\"thumbnailUrl\":\"https:\/\/templatetoaster.com\/wp-content\/uploads\/2017\/04\/multiple-language.png\",\"datePublished\":\"2018-04-14T10:59:02+00:00\",\"dateModified\":\"2018-11-21T07:05:28+00:00\",\"description\":\"TemplateToaster er den bedste WooCommerce Theme Builder Software\",\"breadcrumb\":{\"@id\":\"https:\/\/templatetoaster.com\/da\/woocommerce-theme-builder#breadcrumb\"},\"inLanguage\":\"da-DK\",\"potentialAction\":[{\"@type\":\"ReadAction\",\"target\":[\"https:\/\/templatetoaster.com\/da\/woocommerce-theme-builder\"]}]},{\"@type\":\"ImageObject\",\"inLanguage\":\"da-DK\",\"@id\":\"https:\/\/templatetoaster.com\/da\/woocommerce-theme-builder#primaryimage\",\"url\":\"https:\/\/templatetoaster.com\/wp-content\/uploads\/2017\/04\/multiple-language.png\",\"contentUrl\":\"https:\/\/templatetoaster.com\/wp-content\/uploads\/2017\/04\/multiple-language.png\"},{\"@type\":\"BreadcrumbList\",\"@id\":\"https:\/\/templatetoaster.com\/da\/woocommerce-theme-builder#breadcrumb\",\"itemListElement\":[{\"@type\":\"ListItem\",\"position\":1,\"name\":\"Home\",\"item\":\"https:\/\/templatetoaster.com\/da\"},{\"@type\":\"ListItem\",\"position\":2,\"name\":\"Bedste WooCommerce Theme Builder Software\"}]},{\"@type\":\"WebSite\",\"@id\":\"https:\/\/templatetoaster.com\/#website\",\"url\":\"https:\/\/templatetoaster.com\/\",\"name\":\"TemplateToaster\",\"description\":\"\",\"publisher\":{\"@id\":\"https:\/\/templatetoaster.com\/#organization\"},\"inLanguage\":\"da-DK\"},{\"@type\":\"Organization\",\"@id\":\"https:\/\/templatetoaster.com\/#organization\",\"name\":\"TemplateToaster\",\"url\":\"https:\/\/templatetoaster.com\/\",\"logo\":{\"@type\":\"ImageObject\",\"inLanguage\":\"da-DK\",\"@id\":\"https:\/\/templatetoaster.com\/#\/schema\/logo\/image\/\",\"url\":\"https:\/\/templatetoaster.com\/wp-content\/uploads\/2019\/11\/TemplateToaster_Logo.jpg\",\"contentUrl\":\"https:\/\/templatetoaster.com\/wp-content\/uploads\/2019\/11\/TemplateToaster_Logo.jpg\",\"width\":85,\"height\":85,\"caption\":\"TemplateToaster\"},\"image\":{\"@id\":\"https:\/\/templatetoaster.com\/#\/schema\/logo\/image\/\"},\"sameAs\":[\"https:\/\/www.facebook.com\/TemplateToaster\",\"https:\/\/x.com\/templatetoaster\",\"https:\/\/www.instagram.com\/templatetoaster\/\",\"https:\/\/www.linkedin.com\/company\/templatetoaster\/\",\"https:\/\/www.pinterest.com\/templatetoaster\/\",\"https:\/\/www.youtube.com\/@TemplateToaster\"]}]}<\/script>\n<!-- \/ Yoast SEO plugin. -->","yoast_head_json":{"title":"Bedste WooCommerce Theme Builder Software - TemplateToaster","description":"TemplateToaster er den bedste WooCommerce Theme Builder Software","robots":{"index":"index","follow":"follow","max-snippet":"max-snippet:-1","max-image-preview":"max-image-preview:large","max-video-preview":"max-video-preview:-1"},"canonical":"https:\/\/templatetoaster.com\/da\/woocommerce-theme-builder","og_locale":"da_DK","og_type":"article","og_title":"Bedste WooCommerce Theme Builder Software - TemplateToaster","og_description":"TemplateToaster er den bedste WooCommerce Theme Builder Software","og_url":"https:\/\/templatetoaster.com\/da\/woocommerce-theme-builder","og_site_name":"TemplateToaster","article_publisher":"https:\/\/www.facebook.com\/TemplateToaster","article_modified_time":"2018-11-21T07:05:28+00:00","og_image":[{"url":"https:\/\/templatetoaster.com\/wp-content\/uploads\/2017\/04\/multiple-language.png"}],"twitter_card":"summary_large_image","twitter_site":"@templatetoaster","twitter_misc":{"Estimeret l\u00e6setid":"3 minutter"},"schema":{"@context":"https:\/\/schema.org","@graph":[{"@type":"WebPage","@id":"https:\/\/templatetoaster.com\/da\/woocommerce-theme-builder","url":"https:\/\/templatetoaster.com\/da\/woocommerce-theme-builder","name":"Bedste WooCommerce Theme Builder Software - TemplateToaster","isPartOf":{"@id":"https:\/\/templatetoaster.com\/#website"},"primaryImageOfPage":{"@id":"https:\/\/templatetoaster.com\/da\/woocommerce-theme-builder#primaryimage"},"image":{"@id":"https:\/\/templatetoaster.com\/da\/woocommerce-theme-builder#primaryimage"},"thumbnailUrl":"https:\/\/templatetoaster.com\/wp-content\/uploads\/2017\/04\/multiple-language.png","datePublished":"2018-04-14T10:59:02+00:00","dateModified":"2018-11-21T07:05:28+00:00","description":"TemplateToaster er den bedste WooCommerce Theme Builder Software","breadcrumb":{"@id":"https:\/\/templatetoaster.com\/da\/woocommerce-theme-builder#breadcrumb"},"inLanguage":"da-DK","potentialAction":[{"@type":"ReadAction","target":["https:\/\/templatetoaster.com\/da\/woocommerce-theme-builder"]}]},{"@type":"ImageObject","inLanguage":"da-DK","@id":"https:\/\/templatetoaster.com\/da\/woocommerce-theme-builder#primaryimage","url":"https:\/\/templatetoaster.com\/wp-content\/uploads\/2017\/04\/multiple-language.png","contentUrl":"https:\/\/templatetoaster.com\/wp-content\/uploads\/2017\/04\/multiple-language.png"},{"@type":"BreadcrumbList","@id":"https:\/\/templatetoaster.com\/da\/woocommerce-theme-builder#breadcrumb","itemListElement":[{"@type":"ListItem","position":1,"name":"Home","item":"https:\/\/templatetoaster.com\/da"},{"@type":"ListItem","position":2,"name":"Bedste WooCommerce Theme Builder Software"}]},{"@type":"WebSite","@id":"https:\/\/templatetoaster.com\/#website","url":"https:\/\/templatetoaster.com\/","name":"TemplateToaster","description":"","publisher":{"@id":"https:\/\/templatetoaster.com\/#organization"},"inLanguage":"da-DK"},{"@type":"Organization","@id":"https:\/\/templatetoaster.com\/#organization","name":"TemplateToaster","url":"https:\/\/templatetoaster.com\/","logo":{"@type":"ImageObject","inLanguage":"da-DK","@id":"https:\/\/templatetoaster.com\/#\/schema\/logo\/image\/","url":"https:\/\/templatetoaster.com\/wp-content\/uploads\/2019\/11\/TemplateToaster_Logo.jpg","contentUrl":"https:\/\/templatetoaster.com\/wp-content\/uploads\/2019\/11\/TemplateToaster_Logo.jpg","width":85,"height":85,"caption":"TemplateToaster"},"image":{"@id":"https:\/\/templatetoaster.com\/#\/schema\/logo\/image\/"},"sameAs":["https:\/\/www.facebook.com\/TemplateToaster","https:\/\/x.com\/templatetoaster","https:\/\/www.instagram.com\/templatetoaster\/","https:\/\/www.linkedin.com\/company\/templatetoaster\/","https:\/\/www.pinterest.com\/templatetoaster\/","https:\/\/www.youtube.com\/@TemplateToaster"]}]}},"_links":{"self":[{"href":"https:\/\/templatetoaster.com\/da\/wp-json\/wp\/v2\/pages\/4618"}],"collection":[{"href":"https:\/\/templatetoaster.com\/da\/wp-json\/wp\/v2\/pages"}],"about":[{"href":"https:\/\/templatetoaster.com\/da\/wp-json\/wp\/v2\/types\/page"}],"author":[{"embeddable":true,"href":"https:\/\/templatetoaster.com\/da\/wp-json\/wp\/v2\/users\/13434"}],"replies":[{"embeddable":true,"href":"https:\/\/templatetoaster.com\/da\/wp-json\/wp\/v2\/comments?post=4618"}],"version-history":[{"count":3,"href":"https:\/\/templatetoaster.com\/da\/wp-json\/wp\/v2\/pages\/4618\/revisions"}],"predecessor-version":[{"id":5884,"href":"https:\/\/templatetoaster.com\/da\/wp-json\/wp\/v2\/pages\/4618\/revisions\/5884"}],"wp:attachment":[{"href":"https:\/\/templatetoaster.com\/da\/wp-json\/wp\/v2\/media?parent=4618"}],"curies":[{"name":"wp","href":"https:\/\/api.w.org\/{rel}","templated":true}]}}