{"id":4616,"date":"2018-04-14T10:57:17","date_gmt":"2018-04-14T10:57:17","guid":{"rendered":"http:\/\/templatetoaster.com?page_id=4616"},"modified":"2019-08-13T04:57:09","modified_gmt":"2019-08-13T04:57:09","slug":"what-is-templatetoaster","status":"publish","type":"page","link":"https:\/\/templatetoaster.com\/da\/what-is-templatetoaster","title":{"rendered":"Hvad er TemplateToaster"},"content":{"rendered":"<div class=\"section1 wp-theme-generator about-tt\">\n<div class=\"inner-section\">\n<div style=\"margin: 115px 0 50px;\">\n<h1>Hvad er TemplateToaster-software?<\/h1>\n<p class=\"text-center\">TemplateToaster er et Windows-baseret webdesign og CMS Tema- og skabelondesignsoftware, der giver dig mulighed for at oprette vidunderlige websteder og skabeloner p\u00e5 f\u00e5 minutter. Med sin intuitive brugergr\u00e6nseflade giver TemplateToaster dig mulighed for at opfatte dine ideer og designe high end responsive temaer og skabeloner til flere popul\u00e6re Content Management Systems (CMS&#8217;er) s\u00e5som WordPress, Joomla &#038; amp; Drupal inkluderer ogs\u00e5 e-handelsplatforme som Magento, OpenCart, Prestashop &#038; amp; VirtueMart. Du kan ogs\u00e5 oprette skabeloner til Blogger og HTML-websteder p\u00e5 kort tid. TemplateToaster er den bedste offline webstedsbygger, der giver dig mulighed for at arbejde p\u00e5 din lokale maskine, hvilket giver dig en dynamisk interface til at arbejde med.<\/p>\n<p>&nbsp;<\/p>\n<div class=\"clearfix\"><\/div>\n<\/div>\n<\/div>\n<\/div>\n<p><!--- What is TemplateToaster Section ---><\/p>\n<div class=\"section2 wp-theme-generator about-tt\">\n<div class=\"section2-inner\">\n<h2>Hvorfor v\u00e6lge TemplateToaster?<\/h2>\n<div class=\"about-tt row\">\n<div class=\"col-lg-5 col-md-5 col-sm-5 col-xs-12\"><noscript><img decoding=\"async\" class=\"img-responsive\" src=\"https:\/\/templatetoaster.com\/wp-content\/uploads\/2018\/03\/templatetoaster-offers.png\" alt=\"\"><\/noscript><img decoding=\"async\" class=\"img-responsive lazyloaded\" src=\"https:\/\/templatetoaster.com\/wp-content\/uploads\/2018\/03\/templatetoaster-offers.png\" alt=\"\" data-src=\"https:\/\/templatetoaster.com\/wp-content\/uploads\/2018\/03\/templatetoaster-offers.png\" \/><\/div>\n<div class=\"clearfix visible-xs-block\"><\/div>\n<div class=\"col-lg-7 col-md-7 col-sm-7 col-xs-12\">\n<ul>\n<li>Kontinuerlig udvikling siden 2008 og er stadig nummer et i forhold til sine konkurrenter.<\/li>\n<li>At v\u00e6re en desktop-app \/ software er den robust og stabil, og kan derfor let h\u00e5ndtere tunge webdesignarbejde.<\/li>\n<li>TemplateToaster giver dig mulighed for at designe et websted i henhold til dine krav uden at skulle skrive selv en enkelt kodelinje.<\/li>\n<li>Sk\u00f8nheden ved TemplateToaster ligger i det intuitive interface og addons f.eks. stock fotos, stock logoer, sociale ikoner er et andet plus fra TemplateToaster p\u00e5 listen over dens funktioner.<\/li>\n<li>P\u00e5 grund af de storsl\u00e5ede funktioner og utrolige support skiller TemToaster sig ud blandt al webdesignsoftware.<\/li>\n<li>Fleksibiliteten til at oprette lydh\u00f8re og SEO-venlige websteder, som TemplateToaster tilbyder, er utroligt nyttigt for begyndere at starte med.<\/li>\n<\/ul>\n<\/div>\n<\/div>\n<p><a class=\"btn download_btn\" href=\"https:\/\/templatetoaster.com\/download\">Download<\/a><\/p>\n<\/div>\n<\/div>\n<p><!---- section 3 starts ---><\/p>\n<div class=\"section3 wp-theme-generator\">\n<div class=\"section3-inner\">\n<h2>Fremtr\u00e6dende funktioner i TemplateToaster<\/h2>\n<div class=\"row\">\n<div class=\"col-lg-4 col-md-4 col-sm-6 col-xs-12\">\n<div class=\"media\">\n<div class=\"wp_feature landing_page_svg\" style=\"background-position: 0px -150px; display: block; margin: 0 auto 20px;\"><\/div>\n<h3 class=\"text-center\">nul Kodning<\/h3>\n<p class=\"text-center\">Drag &#038; drop-interface giver dig mulighed for at oprette design efter dit valg uden besv\u00e6ret med kodningen. Bare tr\u00e6k og slip elementerne, og dit websted er klar til brug.<\/p>\n<\/div>\n<\/div>\n<div class=\"clearfix visible-xs-block\"><\/div>\n<div class=\"col-lg-4 col-md-4 col-sm-6 col-xs-12\">\n<div class=\"media\">\n<div class=\"wp_feature landing_page_svg\" style=\"background-position: -293px -75px; display: block; margin: 0 auto 20px;\"><\/div>\n<h3 class=\"text-center\">Responsiv webdesign<\/h3>\n<p class=\"text-center\">TemplateToaster underst\u00f8tter responsivt webdesign, hvilket betyder, uanset hvilken enhed dit websted bliver vist p\u00e5, dit websted passer perfekt ind i displayet.<\/p>\n<\/div>\n<\/div>\n<div class=\"clearfix visible-sm-block visible-xs-block\"><\/div>\n<div class=\"col-lg-4 col-md-4 col-sm-6 col-xs-12\">\n<div class=\"media\">\n<div class=\"wp_feature landing_page_svg\" style=\"background-position: -55px -80px; display: block; margin: 0 auto 20px;\"><\/div>\n<h3 class=\"text-center\">Bootstrap kompatibel<\/h3>\n<p class=\"text-center\">TemplateToaster er kompatibel med den nyeste version af Bootstrap Framework, s\u00e5 forbedring eller fornyelse af dit tema vil aldrig hindre dit websteds reaktionsevne.<\/p>\n<\/div>\n<\/div>\n<div class=\"clearfix visible-lg-block visible-md-block visible-xs-block\"><\/div>\n<div class=\"col-lg-4 col-md-4 col-sm-6 col-xs-12\">\n<div class=\"media\">\n<div class=\"wp_feature landing_page_svg\" style=\"background-position: -78px -1597px; display: block; margin: 0 auto 20px;\"><\/div>\n<h3 class=\"text-center\">Bl\u00e6ndende Lysbilledshow<\/h3>\n<p class=\"text-center\">Slideshows tiltr\u00e6kker mere brugerengagement og TemplateToaster giver dig mulighed for at oprette attraktive og sp\u00e6ndende lysbilledshows for at give det dristige look til dit websted.<\/p>\n<\/div>\n<\/div>\n<div class=\"clearfix visible-sm-block visible-xs-block\"><\/div>\n<div class=\"col-lg-4 col-md-4 col-sm-6 col-xs-12\">\n<div class=\"media\">\n<div class=\"wp_feature landing_page_svg\" style=\"background-position: -210px -10px; display: block; margin: 0 auto 20px;\"><\/div>\n<h3 class=\"text-center\">Menu Builder<\/h3>\n<p class=\"text-center\">Enhver menu kan let designes med TemplateToaster, hvad enten det er en vandret menu \/ undermenu, lodret menu \/ undermenu, magasinmenu, hamburger osv.<\/p>\n<\/div>\n<\/div>\n<div class=\"clearfix visible-xs-block\"><\/div>\n<div class=\"col-lg-4 col-md-4 col-sm-6 col-xs-12\">\n<div class=\"media\">\n<div class=\"wp_feature landing_page_svg\" style=\"background-position: 0px -153px; display: block; margin: 0 auto 20px;\"><\/div>\n<h3 class=\"text-center\">WYSIWYG Editor<\/h3>\n<p class=\"text-center\">TemplateToaster tilbyder dig en avanceret WYSIWYG visuel editor. Det inkluderer alle de avancerede indstillinger som Hyperlinking, Indrykkelse af tekst, Gennemse af billeder, Tabel, Skrifttype osv.<\/p>\n<\/div>\n<\/div>\n<div class=\"clearfix visible-lg-block visible-md-block visible-sm-block visible-xs-block\"><\/div>\n<\/div>\n<\/div>\n<\/div>\n<div class=\"section4 wp-theme-generator about-tt\">\n<div class=\"inner-section\">\n<h2>TemplateToaster:<br \/>\nEr det en desktop-software, et plugin, et tema eller en webapplikation?<\/h2>\n<p><noscript><img decoding=\"async\" style=\"margin: 50px auto;\" src=\"https:\/\/templatetoaster.com\/wp-content\/uploads\/2018\/03\/tt-clarification.png\" class=\"img-responsive\" alt=\"\"><\/noscript><img decoding=\"async\" class=\"img-responsive lazyloaded\" style=\"margin: 50px auto;\" src=\"https:\/\/templatetoaster.com\/wp-content\/uploads\/2018\/03\/tt-clarification.png\" alt=\"\" data-src=\"https:\/\/templatetoaster.com\/wp-content\/uploads\/2018\/03\/tt-clarification.png\" \/><\/p>\n<p>TemplateToaster er ikke et plugin, hverken et tema eller en webapp, faktisk er det en desktop-software. Du kan downloade TemplateToaster til din lokale maskine og bruge den ligesom enhver anden windows-software uden besv\u00e6r. TemplateToaster giver dig fuld frihed til at designe et attraktivt tema efter dit valg med de krav, du har brug for p\u00e5 dit websted. Den glatte og fejlfri gr\u00e6nseflade i TemplateToaster f\u00e5r dig til at falde for det.<\/p>\n<\/div>\n<\/div>\n<div class=\"section wp-theme-generator about-tt\">\n<div class=\"inner-section\">\n<h2>Er det tilg\u00e6ngeligt gratis?<\/h2>\n<div class=\"row\">\n<div class=\"col-lg-5 col-md-5 col-sm-5 col-xs-12\"><noscript><img decoding=\"async\" src=\"https:\/\/templatetoaster.com\/wp-content\/uploads\/2018\/03\/free-trial.png\" class=\"img-responsive\"><\/noscript><img decoding=\"async\" class=\"img-responsive lazyloaded\" src=\"https:\/\/templatetoaster.com\/wp-content\/uploads\/2018\/03\/free-trial.png\" data-src=\"https:\/\/templatetoaster.com\/wp-content\/uploads\/2018\/03\/free-trial.png\" \/><\/div>\n<div class=\"clearfix visible-xs-block\"><\/div>\n<div class=\"col-lg-7 col-md-7 col-sm-7 col-xs-12\">\n<p>Ja, du kan bruge pr\u00f8veversionen af TemplateToaster gratis. Download blot TemplateToaster og brug det s\u00e5 l\u00e6nge du vil. \u00c9n ting at huske er, at alle skabeloner, der er oprettet under pr\u00f8veversionen, kommer ud med et vandm\u00e6rke, der siger \u201cEvalueringsversion\u201d.<\/p>\n<p>N\u00e5r du er tilfreds med arbejdet med TemplateToaster, kan du k\u00f8be produktaktiveringslicensen for fuld funktionalitet. Tjek og sammenlign de <a href=\"https:\/\/templatetoaster.com\/da\/purchase\"> tilg\u00e6ngelige udgaver <\/a>, og v\u00e6lg den efter dit behov!<\/p>\n<p><a class=\"btn download_btn\" href=\"https:\/\/templatetoaster.com\/download\">Downloade<\/a><\/p>\n<\/div>\n<div class=\"clearfix visible-lg-block visible-md-block visible-sm-block visible-xs-block\"><\/div>\n<\/div>\n<\/div>\n<\/div>\n<div class=\"section4 wp-theme-generator about-tt\">\n<h2 style=\"text-transform: none;\">Kom godt i gang med TemplateToaster<\/h2>\n<p class=\"section4-paragraph\">TemplateToaster er super nem at bruge. Det er et s\u00e5 let forst\u00e5eligt og nyttigt webdesignv\u00e6rkt\u00f8j, der tillader endda en novice at oprette et websted p\u00e5 kort tid. Tjek nogle seje ressourcer, der er givet nedenfor for at starte din webdesignproces.<\/p>\n<div class=\"row\">\n<div class=\"col-lg-4 col-md-4 col-sm-6 col-sx-12\">\n<div style=\"padding: 20px;\">\n<div class=\"text-center\">\n<div class=\"wp_feature landing_page_svg\" style=\"margin-right: 10px; display: inline-block; float: none; vertical-align: middle; background-position: -15px -1670px;\"><\/div>\n<\/div>\n<h3 style=\"margin: 20px 0px 10px; text-align: center;\"><a href=\"https:\/\/templatetoaster.com\/da\/documentation\">Dokumentation<\/a><\/h3>\n<p class=\"text-center\"><a href=\"https:\/\/templatetoaster.com\/da\/documentation\">Dokumentation <\/a> inkluderer download, installation &#038; amp; Aktiveringsproces for TemplateToaster. Et andet afsnit, kaldet <a href=\"https:\/\/kb.templatetoaster.com\/\"> Vidensbase <\/a>, indeholder detaljerede oplysninger om de tilg\u00e6ngelige indstillinger med softwaren.<\/p>\n<\/div>\n<\/div>\n<div class=\"clearfix visible-xs-block\"><\/div>\n<div class=\"col-lg-4 col-md-4 col-sm-6 col-sx-12\">\n<div style=\"padding: 20px;\">\n<div class=\"text-center\">\n<div class=\"wp_feature landing_page_svg\" style=\"margin-right: 10px; display: inline-block; float: none; vertical-align: middle; background-position: -10px -1600px;\"><\/div>\n<\/div>\n<h3 style=\"margin: 20px 0 10px; text-align: center;\"><a href=\"https:\/\/templatetoaster.com\/demo\"> Demoer<\/a><\/h3>\n<p class=\"text-center\">Dette afsnit d\u00e6kker de komplette TemplateToaster <a href=\"https:\/\/templatetoaster.com\/demo\"> demonstrationsvideo <\/a> til at give et klart overblik over softwaren. Fra hvordan man installerer, til hvordan man bruger TemplateToaster, det har alt.<\/p>\n<\/div>\n<\/div>\n<div class=\"clearfix visible-sm-block visible-xs-block\"><\/div>\n<div class=\"col-md-4 col-sm-6 col-sx-12\">\n<div style=\"padding: 20px;\">\n<div class=\"text-center\">\n<div class=\"wp_feature landing_page_svg\" style=\"margin-right: 10px; display: inline-block; float: none; vertical-align: middle; background-position: -290px -1745px;\"><\/div>\n<\/div>\n<h3 style=\"margin: 20px 0 10px; text-align: center;\"><a href=\"https:\/\/templatetoaster.com\/da\/showcase\/\"> Eksempel p\u00e5 temaer og skabeloner<\/a><\/h3>\n<p class=\"text-center\">Det indbyggede bibliotek med TemplateToaster har en omfattende samling af smukke <a href=\"https:\/\/templatetoaster.com\/da\/showcase\/\"> Temaer og skabeloner <\/a>, som du kan v\u00e6lge imellem. Du er dog fri til at oprette dine egne temaer og skabeloner med dine egne designs.<\/p>\n<\/div>\n<\/div>\n<div class=\"clearfix visible-lg-block visible-md-block visible-xs-block\"><\/div>\n<div class=\"col-md-4 col-sm-6 col-sx-12\">\n<div style=\"padding: 20px;\">\n<div class=\"text-center\">\n<div class=\"wp_feature landing_page_svg\" style=\"margin-right: 10px; display: inline-block; float: none; vertical-align: middle; background-position: -224px -1670px;\"><\/div>\n<\/div>\n<h3 style=\"margin: 20px 0 10px; text-align: center;\"><a href=\"https:\/\/templatetoaster.com\/templates\">Marketplace<\/a><\/h3>\n<p class=\"text-center\">TemplateToaster giver dig mulighed for at <a href=\"https:\/\/templatetoaster.com\/templates\"> K\u00f8b og s\u00e6lg <\/a> Premium-websted Temaer &#038; amp; Skabeloner. En registreret bruger kan k\u00f8be eller s\u00e6lge deres selvoprettede temaer her. En andens kreativitet kan v\u00e6re din gevinst!<\/p>\n<\/div>\n<\/div>\n<div class=\"clearfix visible-sm-block visible-xs-block\"><\/div>\n<div class=\"col-md-4 col-sm-6 col-sx-12\">\n<div style=\"padding: 20px;\">\n<div class=\"text-center\">\n<div class=\"wp_feature landing_page_svg\" style=\"float: none; height: 52px; vertical-align: middle; width: 44px; display: inline-block; background-position: -96px -1670px;\"><\/div>\n<\/div>\n<h3 style=\"margin: 20px 0 10px; text-align: center;\"><a href=\"https:\/\/templatetoaster.com\/forum\/\"> Fora<\/a><\/h3>\n<p class=\"text-center\">Det prestigefyldte community af TemplateToaster giver dig mulighed for at dele din mening med de andre brugere. De tekniske medlemmer af team TemplateToaster er den integrerede del af dette <a href=\"https:\/\/templatetoaster.com\/forum\/\"> Forum <\/a>.<\/p>\n<\/div>\n<\/div>\n<div class=\"clearfix visible-xs-block\"><\/div>\n<div class=\"col-md-4 col-sm-6 col-sx-12\">\n<div style=\"padding: 20px;\">\n<div class=\"text-center\">\n<div class=\"wp_feature landing_page_svg\" style=\"margin-right: 10px; display: inline-block; float: none; vertical-align: middle; background-position: -160px -1670px;\"><\/div>\n<\/div>\n<h3 style=\"margin: 20px 0 10px; text-align: center;\"><a href=\"https:\/\/templatetoaster.com\/tutorials\/\">Eksaminatorietimer<\/a><\/h3>\n<p class=\"text-center\">Du kan dykke i vores informative hav fyldt med artikler om WordPress, Drupal, Magento og andre CMS&#8217;er p\u00e5 vores <a href=\"https:\/\/blog.templatetoaster.com\"> blogafsnit <\/a>. Guider, der forklarer den generelle webteknologi, er tilg\u00e6ngelige i vores <a href=\"https:\/\/templatetoaster.com\/tutorials\/\"> afsnit om \u00f8velser <\/a>.<\/p>\n<\/div>\n<\/div>\n<div class=\"clearfix visible-lg-block visible-md-block visible-sm-block visible-xs-block\"><\/div>\n<\/div>\n<\/div>\n<div class=\"section7 wp-theme-generator about-tt\" style=\"padding: 100px 10px; margin-bottom: 2px; text-align: center;\">\n<div class=\"inner-section\">\n<h2 style=\"text-transform: none;\">N\u00e5 vores tekniske support<\/h2>\n<p style=\"margin-bottom: 30px;\">H\u00e6ngende et sted? Bare rolig, <a href=\"https:\/\/templatetoaster.com\/support\"> vores teknisk support <\/a> er blot et klik v\u00e6k. For at besvare alle dine sp\u00f8rgsm\u00e5l er vi tilg\u00e6ngelige 24 * 7. Uanset hvad din foresp\u00f8rgsel er, vil vi v\u00e6re der for at l\u00f8se det n\u00e5r som helst p\u00e5 dagen. Du er velkommen til at n\u00e5 os, n\u00e5r du har et problem. Vi vil med gl\u00e6de tjene dig. <\/p>\n<p><a class=\"btn download_btn\" href=\"https:\/\/templatetoaster.com\/support\"> Support Ticket<\/a><\/p>\n<\/div>\n<\/div>\n","protected":false},"excerpt":{"rendered":"<p>Hvad er TemplateToaster-software? TemplateToaster er et Windows-baseret webdesign og CMS Tema- og skabelondesignsoftware, der giver dig mulighed for at oprette vidunderlige websteder og skabeloner p\u00e5 f\u00e5 minutter. Med sin intuitive brugergr\u00e6nseflade giver TemplateToaster dig mulighed for at opfatte dine ideer &hellip; <a href=\"https:\/\/templatetoaster.com\/da\/what-is-templatetoaster\">Continue Reading<span class=\"meta-nav\">&rarr;<\/span><\/a><\/p>\n","protected":false},"author":13434,"featured_media":0,"parent":0,"menu_order":0,"comment_status":"closed","ping_status":"closed","template":"","meta":{"footnotes":""},"yoast_head":"<!-- This site is optimized with the Yoast SEO plugin v23.5 - https:\/\/yoast.com\/wordpress\/plugins\/seo\/ -->\n<title>Hvad er TemplateToaster - TemplateToaster<\/title>\n<meta name=\"description\" content=\"Hvad er TemplateToaster-software\" \/>\n<meta name=\"robots\" content=\"index, follow, max-snippet:-1, max-image-preview:large, max-video-preview:-1\" \/>\n<link rel=\"canonical\" href=\"https:\/\/templatetoaster.com\/da\/what-is-templatetoaster\" \/>\n<meta property=\"og:locale\" content=\"da_DK\" \/>\n<meta property=\"og:type\" content=\"article\" \/>\n<meta property=\"og:title\" content=\"Hvad er TemplateToaster - TemplateToaster\" \/>\n<meta property=\"og:description\" content=\"Hvad er TemplateToaster-software\" \/>\n<meta property=\"og:url\" content=\"https:\/\/templatetoaster.com\/da\/what-is-templatetoaster\" \/>\n<meta property=\"og:site_name\" content=\"TemplateToaster\" \/>\n<meta property=\"article:publisher\" content=\"https:\/\/www.facebook.com\/TemplateToaster\" \/>\n<meta property=\"article:modified_time\" content=\"2019-08-13T04:57:09+00:00\" \/>\n<meta property=\"og:image\" content=\"https:\/\/templatetoaster.com\/wp-content\/uploads\/2018\/03\/templatetoaster-offers.png\" \/>\n<meta name=\"twitter:card\" content=\"summary_large_image\" \/>\n<meta name=\"twitter:site\" content=\"@templatetoaster\" \/>\n<meta name=\"twitter:label1\" content=\"Estimeret l\u00e6setid\" \/>\n\t<meta name=\"twitter:data1\" content=\"4 minutter\" \/>\n<script type=\"application\/ld+json\" class=\"yoast-schema-graph\">{\"@context\":\"https:\/\/schema.org\",\"@graph\":[{\"@type\":\"WebPage\",\"@id\":\"https:\/\/templatetoaster.com\/da\/what-is-templatetoaster\",\"url\":\"https:\/\/templatetoaster.com\/da\/what-is-templatetoaster\",\"name\":\"Hvad er TemplateToaster - TemplateToaster\",\"isPartOf\":{\"@id\":\"https:\/\/templatetoaster.com\/#website\"},\"primaryImageOfPage\":{\"@id\":\"https:\/\/templatetoaster.com\/da\/what-is-templatetoaster#primaryimage\"},\"image\":{\"@id\":\"https:\/\/templatetoaster.com\/da\/what-is-templatetoaster#primaryimage\"},\"thumbnailUrl\":\"https:\/\/templatetoaster.com\/wp-content\/uploads\/2018\/03\/templatetoaster-offers.png\",\"datePublished\":\"2018-04-14T10:57:17+00:00\",\"dateModified\":\"2019-08-13T04:57:09+00:00\",\"description\":\"Hvad er TemplateToaster-software\",\"breadcrumb\":{\"@id\":\"https:\/\/templatetoaster.com\/da\/what-is-templatetoaster#breadcrumb\"},\"inLanguage\":\"da-DK\",\"potentialAction\":[{\"@type\":\"ReadAction\",\"target\":[\"https:\/\/templatetoaster.com\/da\/what-is-templatetoaster\"]}]},{\"@type\":\"ImageObject\",\"inLanguage\":\"da-DK\",\"@id\":\"https:\/\/templatetoaster.com\/da\/what-is-templatetoaster#primaryimage\",\"url\":\"https:\/\/templatetoaster.com\/wp-content\/uploads\/2018\/03\/templatetoaster-offers.png\",\"contentUrl\":\"https:\/\/templatetoaster.com\/wp-content\/uploads\/2018\/03\/templatetoaster-offers.png\"},{\"@type\":\"BreadcrumbList\",\"@id\":\"https:\/\/templatetoaster.com\/da\/what-is-templatetoaster#breadcrumb\",\"itemListElement\":[{\"@type\":\"ListItem\",\"position\":1,\"name\":\"Home\",\"item\":\"https:\/\/templatetoaster.com\/da\"},{\"@type\":\"ListItem\",\"position\":2,\"name\":\"Hvad er TemplateToaster\"}]},{\"@type\":\"WebSite\",\"@id\":\"https:\/\/templatetoaster.com\/#website\",\"url\":\"https:\/\/templatetoaster.com\/\",\"name\":\"TemplateToaster\",\"description\":\"\",\"publisher\":{\"@id\":\"https:\/\/templatetoaster.com\/#organization\"},\"inLanguage\":\"da-DK\"},{\"@type\":\"Organization\",\"@id\":\"https:\/\/templatetoaster.com\/#organization\",\"name\":\"TemplateToaster\",\"url\":\"https:\/\/templatetoaster.com\/\",\"logo\":{\"@type\":\"ImageObject\",\"inLanguage\":\"da-DK\",\"@id\":\"https:\/\/templatetoaster.com\/#\/schema\/logo\/image\/\",\"url\":\"https:\/\/templatetoaster.com\/wp-content\/uploads\/2019\/11\/TemplateToaster_Logo.jpg\",\"contentUrl\":\"https:\/\/templatetoaster.com\/wp-content\/uploads\/2019\/11\/TemplateToaster_Logo.jpg\",\"width\":85,\"height\":85,\"caption\":\"TemplateToaster\"},\"image\":{\"@id\":\"https:\/\/templatetoaster.com\/#\/schema\/logo\/image\/\"},\"sameAs\":[\"https:\/\/www.facebook.com\/TemplateToaster\",\"https:\/\/x.com\/templatetoaster\",\"https:\/\/www.instagram.com\/templatetoaster\/\",\"https:\/\/www.linkedin.com\/company\/templatetoaster\/\",\"https:\/\/www.pinterest.com\/templatetoaster\/\",\"https:\/\/www.youtube.com\/@TemplateToaster\"]}]}<\/script>\n<!-- \/ Yoast SEO plugin. -->","yoast_head_json":{"title":"Hvad er TemplateToaster - TemplateToaster","description":"Hvad er TemplateToaster-software","robots":{"index":"index","follow":"follow","max-snippet":"max-snippet:-1","max-image-preview":"max-image-preview:large","max-video-preview":"max-video-preview:-1"},"canonical":"https:\/\/templatetoaster.com\/da\/what-is-templatetoaster","og_locale":"da_DK","og_type":"article","og_title":"Hvad er TemplateToaster - TemplateToaster","og_description":"Hvad er TemplateToaster-software","og_url":"https:\/\/templatetoaster.com\/da\/what-is-templatetoaster","og_site_name":"TemplateToaster","article_publisher":"https:\/\/www.facebook.com\/TemplateToaster","article_modified_time":"2019-08-13T04:57:09+00:00","og_image":[{"url":"https:\/\/templatetoaster.com\/wp-content\/uploads\/2018\/03\/templatetoaster-offers.png"}],"twitter_card":"summary_large_image","twitter_site":"@templatetoaster","twitter_misc":{"Estimeret l\u00e6setid":"4 minutter"},"schema":{"@context":"https:\/\/schema.org","@graph":[{"@type":"WebPage","@id":"https:\/\/templatetoaster.com\/da\/what-is-templatetoaster","url":"https:\/\/templatetoaster.com\/da\/what-is-templatetoaster","name":"Hvad er TemplateToaster - TemplateToaster","isPartOf":{"@id":"https:\/\/templatetoaster.com\/#website"},"primaryImageOfPage":{"@id":"https:\/\/templatetoaster.com\/da\/what-is-templatetoaster#primaryimage"},"image":{"@id":"https:\/\/templatetoaster.com\/da\/what-is-templatetoaster#primaryimage"},"thumbnailUrl":"https:\/\/templatetoaster.com\/wp-content\/uploads\/2018\/03\/templatetoaster-offers.png","datePublished":"2018-04-14T10:57:17+00:00","dateModified":"2019-08-13T04:57:09+00:00","description":"Hvad er TemplateToaster-software","breadcrumb":{"@id":"https:\/\/templatetoaster.com\/da\/what-is-templatetoaster#breadcrumb"},"inLanguage":"da-DK","potentialAction":[{"@type":"ReadAction","target":["https:\/\/templatetoaster.com\/da\/what-is-templatetoaster"]}]},{"@type":"ImageObject","inLanguage":"da-DK","@id":"https:\/\/templatetoaster.com\/da\/what-is-templatetoaster#primaryimage","url":"https:\/\/templatetoaster.com\/wp-content\/uploads\/2018\/03\/templatetoaster-offers.png","contentUrl":"https:\/\/templatetoaster.com\/wp-content\/uploads\/2018\/03\/templatetoaster-offers.png"},{"@type":"BreadcrumbList","@id":"https:\/\/templatetoaster.com\/da\/what-is-templatetoaster#breadcrumb","itemListElement":[{"@type":"ListItem","position":1,"name":"Home","item":"https:\/\/templatetoaster.com\/da"},{"@type":"ListItem","position":2,"name":"Hvad er TemplateToaster"}]},{"@type":"WebSite","@id":"https:\/\/templatetoaster.com\/#website","url":"https:\/\/templatetoaster.com\/","name":"TemplateToaster","description":"","publisher":{"@id":"https:\/\/templatetoaster.com\/#organization"},"inLanguage":"da-DK"},{"@type":"Organization","@id":"https:\/\/templatetoaster.com\/#organization","name":"TemplateToaster","url":"https:\/\/templatetoaster.com\/","logo":{"@type":"ImageObject","inLanguage":"da-DK","@id":"https:\/\/templatetoaster.com\/#\/schema\/logo\/image\/","url":"https:\/\/templatetoaster.com\/wp-content\/uploads\/2019\/11\/TemplateToaster_Logo.jpg","contentUrl":"https:\/\/templatetoaster.com\/wp-content\/uploads\/2019\/11\/TemplateToaster_Logo.jpg","width":85,"height":85,"caption":"TemplateToaster"},"image":{"@id":"https:\/\/templatetoaster.com\/#\/schema\/logo\/image\/"},"sameAs":["https:\/\/www.facebook.com\/TemplateToaster","https:\/\/x.com\/templatetoaster","https:\/\/www.instagram.com\/templatetoaster\/","https:\/\/www.linkedin.com\/company\/templatetoaster\/","https:\/\/www.pinterest.com\/templatetoaster\/","https:\/\/www.youtube.com\/@TemplateToaster"]}]}},"_links":{"self":[{"href":"https:\/\/templatetoaster.com\/da\/wp-json\/wp\/v2\/pages\/4616"}],"collection":[{"href":"https:\/\/templatetoaster.com\/da\/wp-json\/wp\/v2\/pages"}],"about":[{"href":"https:\/\/templatetoaster.com\/da\/wp-json\/wp\/v2\/types\/page"}],"author":[{"embeddable":true,"href":"https:\/\/templatetoaster.com\/da\/wp-json\/wp\/v2\/users\/13434"}],"replies":[{"embeddable":true,"href":"https:\/\/templatetoaster.com\/da\/wp-json\/wp\/v2\/comments?post=4616"}],"version-history":[{"count":3,"href":"https:\/\/templatetoaster.com\/da\/wp-json\/wp\/v2\/pages\/4616\/revisions"}],"predecessor-version":[{"id":64204,"href":"https:\/\/templatetoaster.com\/da\/wp-json\/wp\/v2\/pages\/4616\/revisions\/64204"}],"wp:attachment":[{"href":"https:\/\/templatetoaster.com\/da\/wp-json\/wp\/v2\/media?parent=4616"}],"curies":[{"name":"wp","href":"https:\/\/api.w.org\/{rel}","templated":true}]}}