{"id":4609,"date":"2018-04-14T10:51:00","date_gmt":"2018-04-14T10:51:00","guid":{"rendered":"http:\/\/templatetoaster.com?page_id=4609"},"modified":"2019-08-10T04:55:26","modified_gmt":"2019-08-10T04:55:26","slug":"testimonials","status":"publish","type":"page","link":"https:\/\/templatetoaster.com\/da\/testimonials","title":{"rendered":"Udtalelser"},"content":{"rendered":"<div class=\"tt_testimonial-row row\">\n&nbsp;<\/p>\n<h1 class=\"heading_border\" style=\"background-size: 168px 1px;\">Testimonials<\/h1>\n<h2 class=\"text-center\" style=\"margin-bottom: 0;\"><em>Hvad vores kunder siger om os<\/em><\/h2>\n<div class=\"col-md-12\">\n<div class=\"testmonial\">\n<div class=\"testmonial_veiws\">\n<p>Du fyrene er frygtelig stille for s\u00e5dan en fantastisk produkt. Jeg \u2019 m fik klar til at k\u00f8be det nu og forh\u00e5bentlig bev\u00e6ge sig v\u00e6k fra min eksisterende tema generator. S\u00e5 m\u00e5 jeg sp\u00f8rge. Hvorfor du ikke fremme denne mere produkt?!<\/p>\n<\/div>\n<div class=\"author\"><\/div>\n<h3>MW Brower<\/h3>\n<\/div>\n<\/div>\n<div class=\"col-md-12\">\n<div class=\"testmonial\">\n<div class=\"testmonial_veiws\">\n<p>JEG ER IMPONERET! Jeg har lige opdateret alle mine computere med den nyeste version og har leget rundt med det. Jeg kan \u2019 t vente med at afslutte den skabelon jeg bygge til min ven \u2019 hjemmeside.<\/p>\n<\/div>\n<div class=\"author\"><\/div>\n<h3>John Akers<\/h3>\n<\/div>\n<\/div>\n<div class=\"col-md-12\">\n<div class=\"testmonial\">\n<div class=\"testmonial_veiws\">\n<p>Jeg er bange for, at flere mennesker vil opdage dette v\u00e6rkt\u00f8j, og oplev hvor fantastisk det er, fordi det kan betyde mindre arbejde \/ kunder for mig !!!! TemplateToaster er den bedste tema bygning v\u00e6rkt\u00f8j jeg har brugt. Periode.<\/p>\n<\/div>\n<div class=\"author\"><\/div>\n<h3>dnsplus<\/h3>\n<\/div>\n<\/div>\n<div class=\"col-md-12\">\n<div class=\"testmonial\">\n<div class=\"testmonial_veiws\">\n<p>Jeg fik bare kendskab til dette program et par dage siden, mens du browser p\u00e5 forum for en anden skabelon-editor program. Jeg virkelig, kan virkelig godt lide TemplateToaster efter at have brugt det i et par timer. Det har en masse funktioner jeg ledte efter, for nogen tid (Jeg fokusere p\u00e5 WordPress skabeloner). Fantastisk stykke software, Jeg f\u00f8lger vil helt sikkert dette n\u00f8je. Med venlig hilsen,<\/p>\n<\/div>\n<div class=\"author\"><\/div>\n<h3>Arnold<\/h3>\n<\/div>\n<\/div>\n<div class=\"col-md-12\">\n<div class=\"testmonial\">\n<div class=\"testmonial_veiws\">\n<p>Jeg kan godt lide de tr\u00e6k og slip funktioner, som dette program har da dette er den manglende aspekt af eksisterende applikationer. Det ville v\u00e6re dejligt at se TemplateToaster vokse til at blive et konkurrencedygtigt produkt.<\/p>\n<\/div>\n<div class=\"author\"><\/div>\n<h3>Rommel<\/h3>\n<\/div>\n<\/div>\n<div class=\"col-md-12\">\n<div class=\"testmonial\">\n<div class=\"testmonial_veiws\">\n<p>Fantastisk software. St\u00f8tte er altid tilg\u00e6ngelig. Betalt sig selv i mit f\u00f8rste projekt. Et must have v\u00e6rkt\u00f8j for alvorlige webdesignere. Thumbs-UP!<\/p>\n<\/div>\n<div class=\"author\"><\/div>\n<h3>Dave<\/h3>\n<\/div>\n<\/div>\n<div class=\"col-md-12\">\n<div class=\"testmonial\">\n<div class=\"testmonial_veiws\">\n<p>Jeg er i dette felt fra sidste 15 \u00e5r og har brugt n\u00e6sten alle Web Design Software derude, men hver v\u00e6rkt\u00f8j blegner i sammenligning med TemplateToaster.<\/p>\n<\/div>\n<div class=\"author\"><\/div>\n<h3>Nick<\/h3>\n<\/div>\n<\/div>\n<div class=\"col-md-12\">\n<div class=\"testmonial\">\n<div class=\"testmonial_veiws\">\n<p>Tak, V\u00e6ret p\u00e5 udkig efter noget som dette i \u00c5REVIS!<\/p>\n<\/div>\n<div class=\"author\"><\/div>\n<h3>Antonella<\/h3>\n<\/div>\n<\/div>\n<div class=\"col-md-12\">\n<div class=\"testmonial\">\n<div class=\"testmonial_veiws\">\n<p>Jeg igangv\u00e6rende halvtosset slut indev\u00e6rende programmel. Jeg har udviklet med WordPress for tidligere 7 \u00e5r, og dette er den mest magtfulde tema Design Software nogensinde skabt! Jeg begyndte at bruge det i alle mine WordPress design projekter.<\/p>\n<\/div>\n<div class=\"author\"><\/div>\n<h3>Oliver<\/h3>\n<\/div>\n<\/div>\n<div class=\"col-md-12\">\n<div class=\"testmonial\">\n<div class=\"testmonial_veiws\">\n<p>Du \u2019 ve fik en stor fan, Jeg har t\u00e6nkt mig at dele TT med min venner snart!!<\/p>\n<\/div>\n<div class=\"author\"><\/div>\n<h3>Bill P<\/h3>\n<\/div>\n<\/div>\n<div class=\"col-md-12\">\n<div class=\"testmonial\">\n<div class=\"testmonial_veiws\">\n<p>Har lige k\u00f8bt er Templatetoaster Professional Edition-licens og jeg meget imponeret over. Softwaren er nem at bruge, og stadig producere kvalitet skabeloner. Jeg s\u00e5 TT flere m\u00e5neder siden og begyndte at s\u00f8ge efter noget tilsvarende, og jeg skal fort\u00e6lle dig, intet kommer t\u00e6t. Tak for at g\u00f8re mit job lidt lettere.<\/p>\n<\/div>\n<div class=\"author\"><\/div>\n<h3>Judith<\/h3>\n<\/div>\n<\/div>\n<div class=\"col-md-12\">\n<div class=\"testmonial\">\n<div class=\"testmonial_veiws\">\n<p>TemplateToaster har virkelig sk\u00e6re ned p\u00e5 vores mandetimer er n\u00f8dvendige for at designe og vedligeholde vores hjemmesider. Denne tid kan nu bruges p\u00e5 andre opgaver. Tak!!<\/p>\n<\/div>\n<div class=\"author\"><\/div>\n<h3>Alexander Schulz<\/h3>\n<\/div>\n<\/div>\n<div class=\"col-md-12\">\n<div class=\"testmonial\">\n<div class=\"testmonial_veiws\">\n<p>F\u00f8rste, lad mig sige, at jeg elsker TemplateToaster. Jeg k\u00f8rer en lille webdesign setup her i Holland, Jeg modtager om 2 til 5 Joomla skabelon ordrer dagligt og har ansat 3 web-designere. Tidligere k\u00e6mpede vi for at im\u00f8dekomme eftersp\u00f8rgslen, Tak TemplateToaster, nu vi kan tage endnu flere ordrer og kan tilbyde mere rimelig pris til vores kunder.<\/p>\n<\/div>\n<div class=\"author\"><\/div>\n<h3>Louis De Vries<\/h3>\n<\/div>\n<\/div>\n<div class=\"col-md-12\">\n<div class=\"testmonial\">\n<div class=\"testmonial_veiws\">\n<p>Jeg ville bare takke din virksomhed for at skabe s\u00e5dan en stor produkt.<\/p>\n<\/div>\n<div class=\"author\"><\/div>\n<h3>Justin<\/h3>\n<\/div>\n<\/div>\n<div class=\"col-md-12\">\n<div class=\"testmonial\">\n<div class=\"testmonial_veiws\">\n<p>Jeg ville bare sige, &#8220;Fantastisk produkt!!&#8221;Jeg h\u00f8rte om det par dage tilbage fra en af min ven, og k\u00f8bte min licens i g\u00e5r, efter at have pr\u00f8vet det i en halv time. Tak for den store Software.<\/p>\n<\/div>\n<div class=\"author\"><\/div>\n<h3>Andreas M\u00fcller<\/h3>\n<\/div>\n<\/div>\n<div class=\"col-md-12\">\n<div class=\"testmonial\">\n<div class=\"testmonial_veiws\">\n<p>Tak igen for at g\u00f8re s\u00e5dan et fantastisk produkt!<\/p>\n<\/div>\n<div class=\"author\"><\/div>\n<h3>Dirk<\/h3>\n<\/div>\n<\/div>\n<div class=\"col-md-12\">\n<div class=\"testmonial\">\n<div class=\"testmonial_veiws\">\n<p>Jeg har aldrig set s\u00e5dan en str\u00e5lende Produktsupport i min webdesign karriere 14 \u00e5r. Fik 4 opdateringer i en uge, b\u00e6re p\u00e5 fyrene du er bedst.<\/p>\n<\/div>\n<div class=\"author\"><\/div>\n<h3>Sam Hall<\/h3>\n<\/div>\n<\/div>\n<div class=\"col-md-12\">\n<div class=\"testmonial\">\n<div class=\"testmonial_veiws\">\n<p>I \u2019 m en betalt kunde og jeg har lige hentet din seneste opdatering, og jeg \u00f8nskede at sige, WOW, ser virkelig rart, Jeg har v\u00e6ret ajourf\u00f8ring hver par dage, og det bliver bedre, men dette er en stor forbedring, Jeg har ogs\u00e5 dine konkurrenter version. Jeg kan godt lide at g\u00f8re skabelonen og konvertere dem til hvad jeg kan lide og derefter til web! Hidtil meget glad campist!<\/p>\n<\/div>\n<div class=\"author\"><\/div>\n<h3>Dave<\/h3>\n<\/div>\n<\/div>\n<p style=\"clear: both; text-align: center; padding-top: 25px;\"><a class=\"btn btn-default\" href=\"\/support\">Indsende din Testimonial eller Feedback<\/a><\/p>\n<\/div>\n","protected":false},"excerpt":{"rendered":"<p>&nbsp; Testimonials Hvad vores kunder siger om os Du fyrene er frygtelig stille for s\u00e5dan en fantastisk produkt. Jeg \u2019 m fik klar til at k\u00f8be det nu og forh\u00e5bentlig bev\u00e6ge sig v\u00e6k fra min eksisterende tema generator. S\u00e5 m\u00e5 &hellip; <a href=\"https:\/\/templatetoaster.com\/da\/testimonials\">Continue Reading<span class=\"meta-nav\">&rarr;<\/span><\/a><\/p>\n","protected":false},"author":13434,"featured_media":0,"parent":0,"menu_order":0,"comment_status":"closed","ping_status":"closed","template":"PageTemplate1.php","meta":{"footnotes":""},"yoast_head":"<!-- This site is optimized with the Yoast SEO plugin v23.5 - https:\/\/yoast.com\/wordpress\/plugins\/seo\/ -->\n<title>Udtalelser - TemplateToaster<\/title>\n<meta name=\"description\" content=\"TemplateToaster Udtalelser\" \/>\n<meta name=\"robots\" content=\"index, follow, max-snippet:-1, max-image-preview:large, max-video-preview:-1\" \/>\n<link rel=\"canonical\" href=\"https:\/\/templatetoaster.com\/da\/testimonials\" \/>\n<meta property=\"og:locale\" content=\"da_DK\" \/>\n<meta property=\"og:type\" content=\"article\" \/>\n<meta property=\"og:title\" content=\"Udtalelser - TemplateToaster\" \/>\n<meta property=\"og:description\" content=\"TemplateToaster Udtalelser\" \/>\n<meta property=\"og:url\" content=\"https:\/\/templatetoaster.com\/da\/testimonials\" \/>\n<meta property=\"og:site_name\" content=\"TemplateToaster\" \/>\n<meta property=\"article:publisher\" content=\"https:\/\/www.facebook.com\/TemplateToaster\" \/>\n<meta property=\"article:modified_time\" content=\"2019-08-10T04:55:26+00:00\" \/>\n<meta property=\"og:image\" content=\"https:\/\/templatetoaster.com\/wp-content\/uploads\/2015\/07\/TemplateToaster-325X325.png\" \/>\n\t<meta property=\"og:image:width\" content=\"325\" \/>\n\t<meta property=\"og:image:height\" content=\"325\" \/>\n\t<meta property=\"og:image:type\" content=\"image\/png\" \/>\n<meta name=\"twitter:card\" content=\"summary_large_image\" \/>\n<meta name=\"twitter:site\" content=\"@templatetoaster\" \/>\n<meta name=\"twitter:label1\" content=\"Estimeret l\u00e6setid\" \/>\n\t<meta name=\"twitter:data1\" content=\"3 minutter\" \/>\n<script type=\"application\/ld+json\" class=\"yoast-schema-graph\">{\"@context\":\"https:\/\/schema.org\",\"@graph\":[{\"@type\":\"WebPage\",\"@id\":\"https:\/\/templatetoaster.com\/da\/testimonials\",\"url\":\"https:\/\/templatetoaster.com\/da\/testimonials\",\"name\":\"Udtalelser - TemplateToaster\",\"isPartOf\":{\"@id\":\"https:\/\/templatetoaster.com\/#website\"},\"datePublished\":\"2018-04-14T10:51:00+00:00\",\"dateModified\":\"2019-08-10T04:55:26+00:00\",\"description\":\"TemplateToaster Udtalelser\",\"breadcrumb\":{\"@id\":\"https:\/\/templatetoaster.com\/da\/testimonials#breadcrumb\"},\"inLanguage\":\"da-DK\",\"potentialAction\":[{\"@type\":\"ReadAction\",\"target\":[\"https:\/\/templatetoaster.com\/da\/testimonials\"]}]},{\"@type\":\"BreadcrumbList\",\"@id\":\"https:\/\/templatetoaster.com\/da\/testimonials#breadcrumb\",\"itemListElement\":[{\"@type\":\"ListItem\",\"position\":1,\"name\":\"Home\",\"item\":\"https:\/\/templatetoaster.com\/da\"},{\"@type\":\"ListItem\",\"position\":2,\"name\":\"Udtalelser\"}]},{\"@type\":\"WebSite\",\"@id\":\"https:\/\/templatetoaster.com\/#website\",\"url\":\"https:\/\/templatetoaster.com\/\",\"name\":\"TemplateToaster\",\"description\":\"\",\"publisher\":{\"@id\":\"https:\/\/templatetoaster.com\/#organization\"},\"inLanguage\":\"da-DK\"},{\"@type\":\"Organization\",\"@id\":\"https:\/\/templatetoaster.com\/#organization\",\"name\":\"TemplateToaster\",\"url\":\"https:\/\/templatetoaster.com\/\",\"logo\":{\"@type\":\"ImageObject\",\"inLanguage\":\"da-DK\",\"@id\":\"https:\/\/templatetoaster.com\/#\/schema\/logo\/image\/\",\"url\":\"https:\/\/templatetoaster.com\/wp-content\/uploads\/2019\/11\/TemplateToaster_Logo.jpg\",\"contentUrl\":\"https:\/\/templatetoaster.com\/wp-content\/uploads\/2019\/11\/TemplateToaster_Logo.jpg\",\"width\":85,\"height\":85,\"caption\":\"TemplateToaster\"},\"image\":{\"@id\":\"https:\/\/templatetoaster.com\/#\/schema\/logo\/image\/\"},\"sameAs\":[\"https:\/\/www.facebook.com\/TemplateToaster\",\"https:\/\/x.com\/templatetoaster\",\"https:\/\/www.instagram.com\/templatetoaster\/\",\"https:\/\/www.linkedin.com\/company\/templatetoaster\/\",\"https:\/\/www.pinterest.com\/templatetoaster\/\",\"https:\/\/www.youtube.com\/@TemplateToaster\"]}]}<\/script>\n<!-- \/ Yoast SEO plugin. -->","yoast_head_json":{"title":"Udtalelser - TemplateToaster","description":"TemplateToaster Udtalelser","robots":{"index":"index","follow":"follow","max-snippet":"max-snippet:-1","max-image-preview":"max-image-preview:large","max-video-preview":"max-video-preview:-1"},"canonical":"https:\/\/templatetoaster.com\/da\/testimonials","og_locale":"da_DK","og_type":"article","og_title":"Udtalelser - TemplateToaster","og_description":"TemplateToaster Udtalelser","og_url":"https:\/\/templatetoaster.com\/da\/testimonials","og_site_name":"TemplateToaster","article_publisher":"https:\/\/www.facebook.com\/TemplateToaster","article_modified_time":"2019-08-10T04:55:26+00:00","og_image":[{"width":325,"height":325,"url":"https:\/\/templatetoaster.com\/wp-content\/uploads\/2015\/07\/TemplateToaster-325X325.png","type":"image\/png"}],"twitter_card":"summary_large_image","twitter_site":"@templatetoaster","twitter_misc":{"Estimeret l\u00e6setid":"3 minutter"},"schema":{"@context":"https:\/\/schema.org","@graph":[{"@type":"WebPage","@id":"https:\/\/templatetoaster.com\/da\/testimonials","url":"https:\/\/templatetoaster.com\/da\/testimonials","name":"Udtalelser - TemplateToaster","isPartOf":{"@id":"https:\/\/templatetoaster.com\/#website"},"datePublished":"2018-04-14T10:51:00+00:00","dateModified":"2019-08-10T04:55:26+00:00","description":"TemplateToaster Udtalelser","breadcrumb":{"@id":"https:\/\/templatetoaster.com\/da\/testimonials#breadcrumb"},"inLanguage":"da-DK","potentialAction":[{"@type":"ReadAction","target":["https:\/\/templatetoaster.com\/da\/testimonials"]}]},{"@type":"BreadcrumbList","@id":"https:\/\/templatetoaster.com\/da\/testimonials#breadcrumb","itemListElement":[{"@type":"ListItem","position":1,"name":"Home","item":"https:\/\/templatetoaster.com\/da"},{"@type":"ListItem","position":2,"name":"Udtalelser"}]},{"@type":"WebSite","@id":"https:\/\/templatetoaster.com\/#website","url":"https:\/\/templatetoaster.com\/","name":"TemplateToaster","description":"","publisher":{"@id":"https:\/\/templatetoaster.com\/#organization"},"inLanguage":"da-DK"},{"@type":"Organization","@id":"https:\/\/templatetoaster.com\/#organization","name":"TemplateToaster","url":"https:\/\/templatetoaster.com\/","logo":{"@type":"ImageObject","inLanguage":"da-DK","@id":"https:\/\/templatetoaster.com\/#\/schema\/logo\/image\/","url":"https:\/\/templatetoaster.com\/wp-content\/uploads\/2019\/11\/TemplateToaster_Logo.jpg","contentUrl":"https:\/\/templatetoaster.com\/wp-content\/uploads\/2019\/11\/TemplateToaster_Logo.jpg","width":85,"height":85,"caption":"TemplateToaster"},"image":{"@id":"https:\/\/templatetoaster.com\/#\/schema\/logo\/image\/"},"sameAs":["https:\/\/www.facebook.com\/TemplateToaster","https:\/\/x.com\/templatetoaster","https:\/\/www.instagram.com\/templatetoaster\/","https:\/\/www.linkedin.com\/company\/templatetoaster\/","https:\/\/www.pinterest.com\/templatetoaster\/","https:\/\/www.youtube.com\/@TemplateToaster"]}]}},"_links":{"self":[{"href":"https:\/\/templatetoaster.com\/da\/wp-json\/wp\/v2\/pages\/4609"}],"collection":[{"href":"https:\/\/templatetoaster.com\/da\/wp-json\/wp\/v2\/pages"}],"about":[{"href":"https:\/\/templatetoaster.com\/da\/wp-json\/wp\/v2\/types\/page"}],"author":[{"embeddable":true,"href":"https:\/\/templatetoaster.com\/da\/wp-json\/wp\/v2\/users\/13434"}],"replies":[{"embeddable":true,"href":"https:\/\/templatetoaster.com\/da\/wp-json\/wp\/v2\/comments?post=4609"}],"version-history":[{"count":3,"href":"https:\/\/templatetoaster.com\/da\/wp-json\/wp\/v2\/pages\/4609\/revisions"}],"predecessor-version":[{"id":64016,"href":"https:\/\/templatetoaster.com\/da\/wp-json\/wp\/v2\/pages\/4609\/revisions\/64016"}],"wp:attachment":[{"href":"https:\/\/templatetoaster.com\/da\/wp-json\/wp\/v2\/media?parent=4609"}],"curies":[{"name":"wp","href":"https:\/\/api.w.org\/{rel}","templated":true}]}}