{"id":4606,"date":"2018-04-14T10:48:59","date_gmt":"2018-04-14T10:48:59","guid":{"rendered":"http:\/\/templatetoaster.com?page_id=4606"},"modified":"2019-08-10T05:03:08","modified_gmt":"2019-08-10T05:03:08","slug":"terms-of-use","status":"publish","type":"page","link":"https:\/\/templatetoaster.com\/da\/terms-of-use","title":{"rendered":"Vilk\u00e5r for brug"},"content":{"rendered":"<div class=\"tt_terms_of_use_row row\">\n<h1 class=\"heading_border\" style=\"background-size: 168px 1px;\">Vilk\u00e5r for anvendelse<\/h1>\n<p style=\"font-size: 14px; font-weight: 600; margin-bottom: 12px; margin-top: 20px;\">Velkommen til TemplateToaster, Hvis du forts\u00e6tter med at bruge denne hjemmeside, du er bundet til vores betingelser ved brug som i forbindelse med vores fortrolighedspolitik definerer vores forhold med dig. Du m\u00e5 ikke bruge vores hjemmeside, hvis du ikke er enig med f\u00f8lgende vilk\u00e5r for anvendelse.<\/p>\n<ul class=\"download_points terms\">\n<li>Indholdet af denne hjemmeside, som er til oplysninger form\u00e5l kan \u00e6ndre n\u00e5r som helst uden forudg\u00e5ende varsel.<\/li>\n<li>Vores site bruger cookies for at forbedre ydeevnen.<\/li>\n<li>Hverken TemplateToaster eller nogen tredjepart giver nogen garanti for aktualiteten, n\u00f8jagtighed, fuldst\u00e6ndighed eller egnethed af indholdet til r\u00e5dighed p\u00e5 det. Vi fors\u00f8ger vores bedste men du anerkender, at indholdet kan indeholde fejl.<\/li>\n<li>Indholdet af denne hjemmeside ikke begr\u00e6nset til layout, grafik, design er ophavsretligt beskyttet og ejes af os, reproduktioner af dette er strengt forbudt.<\/li>\n<li>Alle andre navne og logoer er varem\u00e6rker tilh\u00f8rende deres respektive ejere; TemplateToaster er ikke godkendt af Joomla, WordPress og Drupal projekter.<\/li>\n<li>Vi kan give nogle eksterne links p\u00e5 denne hjemmeside, disse links er for din bekvemmelighed og yderligere oplysninger, og det betyder ikke, at vi st\u00f8tter denne hjemmesider eller de st\u00f8tter os og vi er ikke ansvarlig for rigtigheden af det indhold, der leveres p\u00e5 denne hjemmesider.<\/li>\n<li>For TemplateToaster Software L\u00e6s brugsbetingelser slutbrugerlicensaftalen (Slutbrugerlicensaftale) samtidigt med at installere.<\/li>\n<li>Bes\u00f8g venligst vores <a href=\"https:\/\/templatetoaster.com\/faqs\">FAQ side<\/a> for flere detaljer og hj\u00e6lp.<\/li>\n<\/ul>\n<\/div>\n","protected":false},"excerpt":{"rendered":"<p>Vilk\u00e5r for anvendelse Velkommen til TemplateToaster, Hvis du forts\u00e6tter med at bruge denne hjemmeside, du er bundet til vores betingelser ved brug som i forbindelse med vores fortrolighedspolitik definerer vores forhold med dig. Du m\u00e5 ikke bruge vores hjemmeside, hvis &hellip; <a href=\"https:\/\/templatetoaster.com\/da\/terms-of-use\">Continue Reading<span class=\"meta-nav\">&rarr;<\/span><\/a><\/p>\n","protected":false},"author":13434,"featured_media":0,"parent":0,"menu_order":0,"comment_status":"closed","ping_status":"closed","template":"PageTemplate1.php","meta":{"footnotes":""},"yoast_head":"<!-- This site is optimized with the Yoast SEO plugin v23.5 - https:\/\/yoast.com\/wordpress\/plugins\/seo\/ -->\n<title>Vilk\u00e5r for brug - TemplateToaster<\/title>\n<meta name=\"description\" content=\"TemplateToaster Vilk\u00e5r for brug\" \/>\n<meta name=\"robots\" content=\"index, follow, max-snippet:-1, max-image-preview:large, max-video-preview:-1\" \/>\n<link rel=\"canonical\" href=\"https:\/\/templatetoaster.com\/da\/terms-of-use\" \/>\n<meta property=\"og:locale\" content=\"da_DK\" \/>\n<meta property=\"og:type\" content=\"article\" \/>\n<meta property=\"og:title\" content=\"Vilk\u00e5r for brug - TemplateToaster\" \/>\n<meta property=\"og:description\" content=\"TemplateToaster Vilk\u00e5r for brug\" \/>\n<meta property=\"og:url\" content=\"https:\/\/templatetoaster.com\/da\/terms-of-use\" \/>\n<meta property=\"og:site_name\" content=\"TemplateToaster\" \/>\n<meta property=\"article:publisher\" content=\"https:\/\/www.facebook.com\/TemplateToaster\" \/>\n<meta property=\"article:modified_time\" content=\"2019-08-10T05:03:08+00:00\" \/>\n<meta property=\"og:image\" content=\"https:\/\/templatetoaster.com\/wp-content\/uploads\/2015\/07\/TemplateToaster-325X325.png\" \/>\n\t<meta property=\"og:image:width\" content=\"325\" \/>\n\t<meta property=\"og:image:height\" content=\"325\" \/>\n\t<meta property=\"og:image:type\" content=\"image\/png\" \/>\n<meta name=\"twitter:card\" content=\"summary_large_image\" \/>\n<meta name=\"twitter:site\" content=\"@templatetoaster\" \/>\n<meta name=\"twitter:label1\" content=\"Estimeret l\u00e6setid\" \/>\n\t<meta name=\"twitter:data1\" content=\"1 minut\" \/>\n<script type=\"application\/ld+json\" class=\"yoast-schema-graph\">{\"@context\":\"https:\/\/schema.org\",\"@graph\":[{\"@type\":\"WebPage\",\"@id\":\"https:\/\/templatetoaster.com\/da\/terms-of-use\",\"url\":\"https:\/\/templatetoaster.com\/da\/terms-of-use\",\"name\":\"Vilk\u00e5r for brug - TemplateToaster\",\"isPartOf\":{\"@id\":\"https:\/\/templatetoaster.com\/#website\"},\"datePublished\":\"2018-04-14T10:48:59+00:00\",\"dateModified\":\"2019-08-10T05:03:08+00:00\",\"description\":\"TemplateToaster Vilk\u00e5r for brug\",\"breadcrumb\":{\"@id\":\"https:\/\/templatetoaster.com\/da\/terms-of-use#breadcrumb\"},\"inLanguage\":\"da-DK\",\"potentialAction\":[{\"@type\":\"ReadAction\",\"target\":[\"https:\/\/templatetoaster.com\/da\/terms-of-use\"]}]},{\"@type\":\"BreadcrumbList\",\"@id\":\"https:\/\/templatetoaster.com\/da\/terms-of-use#breadcrumb\",\"itemListElement\":[{\"@type\":\"ListItem\",\"position\":1,\"name\":\"Home\",\"item\":\"https:\/\/templatetoaster.com\/da\"},{\"@type\":\"ListItem\",\"position\":2,\"name\":\"Vilk\u00e5r for brug\"}]},{\"@type\":\"WebSite\",\"@id\":\"https:\/\/templatetoaster.com\/#website\",\"url\":\"https:\/\/templatetoaster.com\/\",\"name\":\"TemplateToaster\",\"description\":\"\",\"publisher\":{\"@id\":\"https:\/\/templatetoaster.com\/#organization\"},\"inLanguage\":\"da-DK\"},{\"@type\":\"Organization\",\"@id\":\"https:\/\/templatetoaster.com\/#organization\",\"name\":\"TemplateToaster\",\"url\":\"https:\/\/templatetoaster.com\/\",\"logo\":{\"@type\":\"ImageObject\",\"inLanguage\":\"da-DK\",\"@id\":\"https:\/\/templatetoaster.com\/#\/schema\/logo\/image\/\",\"url\":\"https:\/\/templatetoaster.com\/wp-content\/uploads\/2019\/11\/TemplateToaster_Logo.jpg\",\"contentUrl\":\"https:\/\/templatetoaster.com\/wp-content\/uploads\/2019\/11\/TemplateToaster_Logo.jpg\",\"width\":85,\"height\":85,\"caption\":\"TemplateToaster\"},\"image\":{\"@id\":\"https:\/\/templatetoaster.com\/#\/schema\/logo\/image\/\"},\"sameAs\":[\"https:\/\/www.facebook.com\/TemplateToaster\",\"https:\/\/x.com\/templatetoaster\",\"https:\/\/www.instagram.com\/templatetoaster\/\",\"https:\/\/www.linkedin.com\/company\/templatetoaster\/\",\"https:\/\/www.pinterest.com\/templatetoaster\/\",\"https:\/\/www.youtube.com\/@TemplateToaster\"]}]}<\/script>\n<!-- \/ Yoast SEO plugin. -->","yoast_head_json":{"title":"Vilk\u00e5r for brug - TemplateToaster","description":"TemplateToaster Vilk\u00e5r for brug","robots":{"index":"index","follow":"follow","max-snippet":"max-snippet:-1","max-image-preview":"max-image-preview:large","max-video-preview":"max-video-preview:-1"},"canonical":"https:\/\/templatetoaster.com\/da\/terms-of-use","og_locale":"da_DK","og_type":"article","og_title":"Vilk\u00e5r for brug - TemplateToaster","og_description":"TemplateToaster Vilk\u00e5r for brug","og_url":"https:\/\/templatetoaster.com\/da\/terms-of-use","og_site_name":"TemplateToaster","article_publisher":"https:\/\/www.facebook.com\/TemplateToaster","article_modified_time":"2019-08-10T05:03:08+00:00","og_image":[{"width":325,"height":325,"url":"https:\/\/templatetoaster.com\/wp-content\/uploads\/2015\/07\/TemplateToaster-325X325.png","type":"image\/png"}],"twitter_card":"summary_large_image","twitter_site":"@templatetoaster","twitter_misc":{"Estimeret l\u00e6setid":"1 minut"},"schema":{"@context":"https:\/\/schema.org","@graph":[{"@type":"WebPage","@id":"https:\/\/templatetoaster.com\/da\/terms-of-use","url":"https:\/\/templatetoaster.com\/da\/terms-of-use","name":"Vilk\u00e5r for brug - TemplateToaster","isPartOf":{"@id":"https:\/\/templatetoaster.com\/#website"},"datePublished":"2018-04-14T10:48:59+00:00","dateModified":"2019-08-10T05:03:08+00:00","description":"TemplateToaster Vilk\u00e5r for brug","breadcrumb":{"@id":"https:\/\/templatetoaster.com\/da\/terms-of-use#breadcrumb"},"inLanguage":"da-DK","potentialAction":[{"@type":"ReadAction","target":["https:\/\/templatetoaster.com\/da\/terms-of-use"]}]},{"@type":"BreadcrumbList","@id":"https:\/\/templatetoaster.com\/da\/terms-of-use#breadcrumb","itemListElement":[{"@type":"ListItem","position":1,"name":"Home","item":"https:\/\/templatetoaster.com\/da"},{"@type":"ListItem","position":2,"name":"Vilk\u00e5r for brug"}]},{"@type":"WebSite","@id":"https:\/\/templatetoaster.com\/#website","url":"https:\/\/templatetoaster.com\/","name":"TemplateToaster","description":"","publisher":{"@id":"https:\/\/templatetoaster.com\/#organization"},"inLanguage":"da-DK"},{"@type":"Organization","@id":"https:\/\/templatetoaster.com\/#organization","name":"TemplateToaster","url":"https:\/\/templatetoaster.com\/","logo":{"@type":"ImageObject","inLanguage":"da-DK","@id":"https:\/\/templatetoaster.com\/#\/schema\/logo\/image\/","url":"https:\/\/templatetoaster.com\/wp-content\/uploads\/2019\/11\/TemplateToaster_Logo.jpg","contentUrl":"https:\/\/templatetoaster.com\/wp-content\/uploads\/2019\/11\/TemplateToaster_Logo.jpg","width":85,"height":85,"caption":"TemplateToaster"},"image":{"@id":"https:\/\/templatetoaster.com\/#\/schema\/logo\/image\/"},"sameAs":["https:\/\/www.facebook.com\/TemplateToaster","https:\/\/x.com\/templatetoaster","https:\/\/www.instagram.com\/templatetoaster\/","https:\/\/www.linkedin.com\/company\/templatetoaster\/","https:\/\/www.pinterest.com\/templatetoaster\/","https:\/\/www.youtube.com\/@TemplateToaster"]}]}},"_links":{"self":[{"href":"https:\/\/templatetoaster.com\/da\/wp-json\/wp\/v2\/pages\/4606"}],"collection":[{"href":"https:\/\/templatetoaster.com\/da\/wp-json\/wp\/v2\/pages"}],"about":[{"href":"https:\/\/templatetoaster.com\/da\/wp-json\/wp\/v2\/types\/page"}],"author":[{"embeddable":true,"href":"https:\/\/templatetoaster.com\/da\/wp-json\/wp\/v2\/users\/13434"}],"replies":[{"embeddable":true,"href":"https:\/\/templatetoaster.com\/da\/wp-json\/wp\/v2\/comments?post=4606"}],"version-history":[{"count":2,"href":"https:\/\/templatetoaster.com\/da\/wp-json\/wp\/v2\/pages\/4606\/revisions"}],"predecessor-version":[{"id":64026,"href":"https:\/\/templatetoaster.com\/da\/wp-json\/wp\/v2\/pages\/4606\/revisions\/64026"}],"wp:attachment":[{"href":"https:\/\/templatetoaster.com\/da\/wp-json\/wp\/v2\/media?parent=4606"}],"curies":[{"name":"wp","href":"https:\/\/api.w.org\/{rel}","templated":true}]}}