{"id":4592,"date":"2018-04-14T10:39:22","date_gmt":"2018-04-14T10:39:22","guid":{"rendered":"http:\/\/templatetoaster.com?page_id=4592"},"modified":"2019-08-10T05:11:28","modified_gmt":"2019-08-10T05:11:28","slug":"privacy-policy","status":"publish","type":"page","link":"https:\/\/templatetoaster.com\/da\/privacy-policy","title":{"rendered":"Fortrolighedspolitik"},"content":{"rendered":"<div class=\"tt_privacy_policy_row row\">\n&nbsp;<\/p>\n<h1 class=\"heading_border\">TemplateToaster Privacy policy<\/h1>\n<p>TemplateToaster er forpligtet til at sikre dig at de oplysninger, vi indsamler fra dig er helt anonym og beskyttede, Vi dele aldrig disse oplysninger med tredjemand.<\/p>\n<p>Hvilken type oplysninger indsamler vi: Vi indsamler din e-mail og navn under registrering hos os bruger vi disse oplysninger for at opretholde din konto for fremtidige meddelelse aktivering\/deaktivering af din licens og s\u00e5 p\u00e5. Vores websted kan ogs\u00e5 gemme cookies p\u00e5 din browser for bedre ydeevne.<\/p>\n<p>Sikkerhed:Vi sikrer dig at de oplysninger, vi indsamler fra dig beskyttes fysisk, digitalt, elektronisk fra uautoriseret adgang og desuden vi aldrig deler at personlige oplysninger med nogen tredjepart. Vi vil ikke s\u00e6lge, omfordele, eller udleje dine personlige oplysninger, medmindre det kr\u00e6ves ved lov til at g\u00f8re det..<\/p><\/div>\n","protected":false},"excerpt":{"rendered":"<p>&nbsp; TemplateToaster Privacy policy TemplateToaster er forpligtet til at sikre dig at de oplysninger, vi indsamler fra dig er helt anonym og beskyttede, Vi dele aldrig disse oplysninger med tredjemand. Hvilken type oplysninger indsamler vi: Vi indsamler din e-mail og &hellip; <a href=\"https:\/\/templatetoaster.com\/da\/privacy-policy\">Continue Reading<span class=\"meta-nav\">&rarr;<\/span><\/a><\/p>\n","protected":false},"author":13434,"featured_media":0,"parent":0,"menu_order":0,"comment_status":"closed","ping_status":"closed","template":"PageTemplate1.php","meta":{"footnotes":""},"yoast_head":"<!-- This site is optimized with the Yoast SEO plugin v23.5 - https:\/\/yoast.com\/wordpress\/plugins\/seo\/ -->\n<title>Fortrolighedspolitik - TemplateToaster<\/title>\n<meta name=\"description\" content=\"TemplateToaster Fortrolighedspolitik\" \/>\n<meta name=\"robots\" content=\"index, follow, max-snippet:-1, max-image-preview:large, max-video-preview:-1\" \/>\n<link rel=\"canonical\" href=\"https:\/\/templatetoaster.com\/da\/privacy-policy\" \/>\n<meta property=\"og:locale\" content=\"da_DK\" \/>\n<meta property=\"og:type\" content=\"article\" \/>\n<meta property=\"og:title\" content=\"Fortrolighedspolitik - TemplateToaster\" \/>\n<meta property=\"og:description\" content=\"TemplateToaster Fortrolighedspolitik\" \/>\n<meta property=\"og:url\" content=\"https:\/\/templatetoaster.com\/da\/privacy-policy\" \/>\n<meta property=\"og:site_name\" content=\"TemplateToaster\" \/>\n<meta property=\"article:publisher\" content=\"https:\/\/www.facebook.com\/TemplateToaster\" \/>\n<meta property=\"article:modified_time\" content=\"2019-08-10T05:11:28+00:00\" \/>\n<meta property=\"og:image\" content=\"https:\/\/templatetoaster.com\/wp-content\/uploads\/2015\/07\/TemplateToaster-325X325.png\" \/>\n\t<meta property=\"og:image:width\" content=\"325\" \/>\n\t<meta property=\"og:image:height\" content=\"325\" \/>\n\t<meta property=\"og:image:type\" content=\"image\/png\" \/>\n<meta name=\"twitter:card\" content=\"summary_large_image\" \/>\n<meta name=\"twitter:site\" content=\"@templatetoaster\" \/>\n<meta name=\"twitter:label1\" content=\"Estimeret l\u00e6setid\" \/>\n\t<meta name=\"twitter:data1\" content=\"1 minut\" \/>\n<script type=\"application\/ld+json\" class=\"yoast-schema-graph\">{\"@context\":\"https:\/\/schema.org\",\"@graph\":[{\"@type\":\"WebPage\",\"@id\":\"https:\/\/templatetoaster.com\/da\/privacy-policy\",\"url\":\"https:\/\/templatetoaster.com\/da\/privacy-policy\",\"name\":\"Fortrolighedspolitik - TemplateToaster\",\"isPartOf\":{\"@id\":\"https:\/\/templatetoaster.com\/#website\"},\"datePublished\":\"2018-04-14T10:39:22+00:00\",\"dateModified\":\"2019-08-10T05:11:28+00:00\",\"description\":\"TemplateToaster Fortrolighedspolitik\",\"breadcrumb\":{\"@id\":\"https:\/\/templatetoaster.com\/da\/privacy-policy#breadcrumb\"},\"inLanguage\":\"da-DK\",\"potentialAction\":[{\"@type\":\"ReadAction\",\"target\":[\"https:\/\/templatetoaster.com\/da\/privacy-policy\"]}]},{\"@type\":\"BreadcrumbList\",\"@id\":\"https:\/\/templatetoaster.com\/da\/privacy-policy#breadcrumb\",\"itemListElement\":[{\"@type\":\"ListItem\",\"position\":1,\"name\":\"Home\",\"item\":\"https:\/\/templatetoaster.com\/da\"},{\"@type\":\"ListItem\",\"position\":2,\"name\":\"Fortrolighedspolitik\"}]},{\"@type\":\"WebSite\",\"@id\":\"https:\/\/templatetoaster.com\/#website\",\"url\":\"https:\/\/templatetoaster.com\/\",\"name\":\"TemplateToaster\",\"description\":\"\",\"publisher\":{\"@id\":\"https:\/\/templatetoaster.com\/#organization\"},\"inLanguage\":\"da-DK\"},{\"@type\":\"Organization\",\"@id\":\"https:\/\/templatetoaster.com\/#organization\",\"name\":\"TemplateToaster\",\"url\":\"https:\/\/templatetoaster.com\/\",\"logo\":{\"@type\":\"ImageObject\",\"inLanguage\":\"da-DK\",\"@id\":\"https:\/\/templatetoaster.com\/#\/schema\/logo\/image\/\",\"url\":\"https:\/\/templatetoaster.com\/wp-content\/uploads\/2019\/11\/TemplateToaster_Logo.jpg\",\"contentUrl\":\"https:\/\/templatetoaster.com\/wp-content\/uploads\/2019\/11\/TemplateToaster_Logo.jpg\",\"width\":85,\"height\":85,\"caption\":\"TemplateToaster\"},\"image\":{\"@id\":\"https:\/\/templatetoaster.com\/#\/schema\/logo\/image\/\"},\"sameAs\":[\"https:\/\/www.facebook.com\/TemplateToaster\",\"https:\/\/x.com\/templatetoaster\",\"https:\/\/www.instagram.com\/templatetoaster\/\",\"https:\/\/www.linkedin.com\/company\/templatetoaster\/\",\"https:\/\/www.pinterest.com\/templatetoaster\/\",\"https:\/\/www.youtube.com\/@TemplateToaster\"]}]}<\/script>\n<!-- \/ Yoast SEO plugin. -->","yoast_head_json":{"title":"Fortrolighedspolitik - TemplateToaster","description":"TemplateToaster Fortrolighedspolitik","robots":{"index":"index","follow":"follow","max-snippet":"max-snippet:-1","max-image-preview":"max-image-preview:large","max-video-preview":"max-video-preview:-1"},"canonical":"https:\/\/templatetoaster.com\/da\/privacy-policy","og_locale":"da_DK","og_type":"article","og_title":"Fortrolighedspolitik - TemplateToaster","og_description":"TemplateToaster Fortrolighedspolitik","og_url":"https:\/\/templatetoaster.com\/da\/privacy-policy","og_site_name":"TemplateToaster","article_publisher":"https:\/\/www.facebook.com\/TemplateToaster","article_modified_time":"2019-08-10T05:11:28+00:00","og_image":[{"width":325,"height":325,"url":"https:\/\/templatetoaster.com\/wp-content\/uploads\/2015\/07\/TemplateToaster-325X325.png","type":"image\/png"}],"twitter_card":"summary_large_image","twitter_site":"@templatetoaster","twitter_misc":{"Estimeret l\u00e6setid":"1 minut"},"schema":{"@context":"https:\/\/schema.org","@graph":[{"@type":"WebPage","@id":"https:\/\/templatetoaster.com\/da\/privacy-policy","url":"https:\/\/templatetoaster.com\/da\/privacy-policy","name":"Fortrolighedspolitik - TemplateToaster","isPartOf":{"@id":"https:\/\/templatetoaster.com\/#website"},"datePublished":"2018-04-14T10:39:22+00:00","dateModified":"2019-08-10T05:11:28+00:00","description":"TemplateToaster Fortrolighedspolitik","breadcrumb":{"@id":"https:\/\/templatetoaster.com\/da\/privacy-policy#breadcrumb"},"inLanguage":"da-DK","potentialAction":[{"@type":"ReadAction","target":["https:\/\/templatetoaster.com\/da\/privacy-policy"]}]},{"@type":"BreadcrumbList","@id":"https:\/\/templatetoaster.com\/da\/privacy-policy#breadcrumb","itemListElement":[{"@type":"ListItem","position":1,"name":"Home","item":"https:\/\/templatetoaster.com\/da"},{"@type":"ListItem","position":2,"name":"Fortrolighedspolitik"}]},{"@type":"WebSite","@id":"https:\/\/templatetoaster.com\/#website","url":"https:\/\/templatetoaster.com\/","name":"TemplateToaster","description":"","publisher":{"@id":"https:\/\/templatetoaster.com\/#organization"},"inLanguage":"da-DK"},{"@type":"Organization","@id":"https:\/\/templatetoaster.com\/#organization","name":"TemplateToaster","url":"https:\/\/templatetoaster.com\/","logo":{"@type":"ImageObject","inLanguage":"da-DK","@id":"https:\/\/templatetoaster.com\/#\/schema\/logo\/image\/","url":"https:\/\/templatetoaster.com\/wp-content\/uploads\/2019\/11\/TemplateToaster_Logo.jpg","contentUrl":"https:\/\/templatetoaster.com\/wp-content\/uploads\/2019\/11\/TemplateToaster_Logo.jpg","width":85,"height":85,"caption":"TemplateToaster"},"image":{"@id":"https:\/\/templatetoaster.com\/#\/schema\/logo\/image\/"},"sameAs":["https:\/\/www.facebook.com\/TemplateToaster","https:\/\/x.com\/templatetoaster","https:\/\/www.instagram.com\/templatetoaster\/","https:\/\/www.linkedin.com\/company\/templatetoaster\/","https:\/\/www.pinterest.com\/templatetoaster\/","https:\/\/www.youtube.com\/@TemplateToaster"]}]}},"_links":{"self":[{"href":"https:\/\/templatetoaster.com\/da\/wp-json\/wp\/v2\/pages\/4592"}],"collection":[{"href":"https:\/\/templatetoaster.com\/da\/wp-json\/wp\/v2\/pages"}],"about":[{"href":"https:\/\/templatetoaster.com\/da\/wp-json\/wp\/v2\/types\/page"}],"author":[{"embeddable":true,"href":"https:\/\/templatetoaster.com\/da\/wp-json\/wp\/v2\/users\/13434"}],"replies":[{"embeddable":true,"href":"https:\/\/templatetoaster.com\/da\/wp-json\/wp\/v2\/comments?post=4592"}],"version-history":[{"count":2,"href":"https:\/\/templatetoaster.com\/da\/wp-json\/wp\/v2\/pages\/4592\/revisions"}],"predecessor-version":[{"id":64039,"href":"https:\/\/templatetoaster.com\/da\/wp-json\/wp\/v2\/pages\/4592\/revisions\/64039"}],"wp:attachment":[{"href":"https:\/\/templatetoaster.com\/da\/wp-json\/wp\/v2\/media?parent=4592"}],"curies":[{"name":"wp","href":"https:\/\/api.w.org\/{rel}","templated":true}]}}