{"id":4582,"date":"2018-04-14T10:31:47","date_gmt":"2018-04-14T10:31:47","guid":{"rendered":"http:\/\/templatetoaster.com?page_id=4582"},"modified":"2018-11-21T04:36:29","modified_gmt":"2018-11-21T04:36:29","slug":"prestashop-theme-maker","status":"publish","type":"page","link":"https:\/\/templatetoaster.com\/da\/prestashop-theme-maker","title":{"rendered":"Bedste PrestaShop Theme Maker Software"},"content":{"rendered":"<div class=\"section1 wp-theme-generator\">\n<div style=\"margin: 115px 0 16px;\">\n<h1>Prestashop Theme Maker Bygget til perfektion<\/h1>\n<p class=\"text-center\">Design et tema, der taler for sig selv. Ingen kodning krav!<\/p>\n<p><br clear=\"all\"><\/p>\n<div style=\"text-align:center;\">\n<a href=\"https:\/\/templatetoaster.com\/da\/download\" class=\"btn download_btn\">Download nu<\/a><\/div>\n<div class=\"clearfix\"><\/div>\n<\/div>\n<\/div>\n<p><!--- What is TemplateToaster Section ---><\/p>\n<div class=\"section2 wp-theme-generator\">\n<div class=\"section2-inner\">\n<h2>Hvorfor bruge TemplateToaster som PrestaShop tema Generator Software?<\/h2>\n<p>TemplateToaster Software er lavet til at designe overraskende temaer for din e-handels hjemmeside, som vil l\u00e5ne et helt nyt look til det. Du beh\u00f8ver ikke at v\u00e6re en coder! Det er sandt. Design temaer, mens du tr\u00e6kker &amp; Fald i TT og skabe temaer i et par klik!\n<\/p>\n<\/div>\n<\/div>\n<p><!---- section 3 starts ---><\/p>\n<div class=\"section3 wp-theme-generator\">\n<div class=\"section3-inner\">\n<h2>S\u00e5dan fungerer det?<\/h2>\n<div class=\"row\">\n<div class=\"col-lg-4 col-md-4 col-sm-6 col-xs-12\">\n<div class=\"media\">\n<div class=\"landing_page_svg\" style=\"background-position: 20px -690px; display: block; height: 115px; margin: auto; width: 142px;\"><\/div>\n<\/p>\n<h3 class=\"text-center\">Download softwaren. Lad os starte det!<\/h3>\n<p class=\"text-center\">Efter at have downloadet TemplateToaster, Installer det og begynde at designe dine Prestashop temaer p\u00e5 f\u00e5 minutter! Ubegr\u00e6nset fors\u00f8g med adgang til alle funktionaliteter! Lad os nyde Web design! <\/p>\n<\/div>\n<\/div>\n<div class=\"clearfix visible-xs-block\"><\/div>\n<div class=\"col-lg-4 col-md-4 col-sm-6 col-xs-12\">\n<div class=\"media\">\n<div class=\"landing_page_svg\" style=\"background-position: -115px -690px; display: block; height: 115px; margin: auto; width: 142px;\"><\/div>\n<\/p>\n<h3 class=\"text-center\"> Intuitiv Drag &amp; Dr\u00e5be. Design p\u00e5 f\u00e5 minutter!<\/h3>\n<p class=\"text-center\">Start fra begyndelsen eller v\u00e6lge fra 100\u2019erne af pre-designede skabeloner! S\u00e6t din bedste mund frem og den intuitive Tr\u00e6k og slip vil f\u00f8lge. Ingen st\u00e5hej designe!\n<\/p>\n<\/div>\n<\/div>\n<div class=\"clearfix visible-sm-block visible-xs-block\"><\/div>\n<div class=\"col-lg-4 col-md-4 col-sm-6 col-xs-12\">\n<div class=\"media\">\n<div class=\"landing_page_svg\" style=\"background-position: -240px -690px; display: block; height: 115px; margin: auto; width: 142px;\"><\/div>\n<\/p>\n<h3 class=\"text-center\">Din Prestashop websted, Alle tema op!<\/h3>\n<p class=\"text-center\">Tilfreds med design til din e-handels website? Upload det nye design i f\u00e5 flere klik og se din butik alle gearet op med det udseende, du altid har dr\u00f8mt om!<\/p>\n<\/div>\n<\/div>\n<div class=\"clearfix visible-lg-block visible-md-block visible-sm-block visible-xs-block\"><\/div>\n<\/div>\n<\/div>\n<\/div>\n<div class=\"section4 wp-theme-generator\">\n<h2 style=\"text-transform:none;\">Funktioner af TemplateToaster som PrestaShop Tema Creator <\/h2>\n<p class=\"section4-paragraph\">Power-fyldt med bem\u00e6rkelsesv\u00e6rdige funktioner \u4e00 Design temaer ved hj\u00e6lp TemplateToaster software!<\/p>\n<div class=\"row\">\n<div class=\"col-lg-4 col-md-4 col-sm-6 col-sx-12\">\n<div style=\"padding: 20px;\">\n<div class=\"text-center\">\n<div style=\"margin-right:10px; display: inline-block; float:none; vertical-align:middle; background-position: -155px -1305px; \" class=\"wp_feature landing_page_svg\"><\/div>\n<\/div>\n<h3 style=\"margin: 20px 0px 10px; text-align: center;\">Mobil Optimeret produktsider <\/h3>\n<p class=\"text-center\"> Prestashop temaer oprettet med TemplateToaster er problemfrit lydh\u00f8r. Denne mobilvenlighed sikrer, at dine kunder kan have optimal oplevelse. S\u00e5 det, de kan k\u00f8be produkterne uden besv\u00e6r fra enhver mobil enhed.<\/p>\n<\/div>\n<\/div>\n<div class=\"clearfix visible-xs-block\"><\/div>\n<div class=\"col-lg-4 col-md-4 col-sm-6 col-sx-12\">\n<div style=\"padding: 20px;\">\n<div class=\"text-center\">\n<div style=\"margin-right:10px; display: inline-block; float:none; vertical-align:middle; background-position: -22px -815px; \" class=\"wp_feature landing_page_svg\"><\/div>\n<\/div>\n<h3 style=\"margin:20px 0 10px; text-align:center\"> Brugerdefinerede layoutindstillinger<\/h3>\n<p class=\"text-center\">Den software kan du designe temaer med brugerdefinerede layout muligheder som 1 Kolonne, 2 Kolonne (sidepanel og enkelt kolonne) og 3 Kolonne (Sidebar,enkelt kolonne, Sidebar). Disse kan tilpasses s\u00e5 godt, ved at \u00e6ndre baggrundsfarve, skriftfarve osv. <\/p>\n<\/div>\n<\/div>\n<div class=\"clearfix visible-sm-block visible-xs-block\"><\/div>\n<div class=\"col-md-4 col-sm-6 col-sx-12\">\n<div style=\"padding: 20px;\">\n<div class=\"text-center\">\n<div class=\"wp_feature landing_page_svg\" style=\"margin-right:10px; display: inline-block; float:none; vertical-align:middle;background-position: -90px -1370px;\"><\/div>\n<\/div>\n<h3 style=\"margin:20px 0 10px; text-align:center\"> kompatible versioner<\/h3>\n<p class=\"text-center\">Dette Prestashop tema skaberen underst\u00f8tter Prestashop 1.5.x og 1.6.x Temaerne designet med TemplateToaster er kompatible med alle de nyeste opdateringer og funktioner i PrestaShop. Alle nye TemplateToaster 7 st\u00f8tte PrestaShop 1.7.x.x<\/p>\n<\/div>\n<\/div>\n<div class=\"clearfix  visible-lg-block visible-md-block  visible-xs-block\"><\/div>\n<div class=\"col-md-4 col-sm-6 col-sx-12\">\n<div style=\"padding: 20px;\">\n<div class=\"text-center\">\n<div class=\"wp_feature landing_page_svg\" style=\"margin-right:10px; display: inline-block; float:none; vertical-align:middle;background-position: -288px -1015px;\"><\/div>\n<\/div>\n<h3 style=\"margin:20px 0 10px; text-align:center\">Kassen sider<\/h3>\n<p class=\"text-center\">Tilf\u00f8j et strejf af personalisering til multi-kassen side af din Prestashop website. Giv et st\u00e6nk af baggrundsfarve og v\u00e6lge fra 100+ skrifttyper og farver for at give et frisk look til din e-handels butik! Sider som \u2019Oversigt\u2019, \u2018Log ind\u2019, \u2018Adresse\u2019, \u2019Forsendelse\u2019 osv. kan tilpasses straks.<\/p>\n<\/div>\n<\/div>\n<div class=\"clearfix visible-sm-block visible-xs-block\"><\/div>\n<div class=\"col-md-4 col-sm-6 col-sx-12\">\n<div style=\"padding: 20px;\">\n<div class=\"text-center\">\n<div class=\"wp_feature landing_page_svg\" style=\"margin-right:10px; display: inline-block; float:none; vertical-align:middle;background-position: -18px -1374px;\"><\/div>\n<\/div>\n<h3 style=\"margin:20px 0 10px; text-align:center\">Multiple Product Grid Styling<\/h3>\n<p class=\"text-center\">Flere produkter vises i gitteret visning eller i listevisning p\u00e5 en enkelt side p\u00e5 dit Prestashop ecommerce website. Foretag \u00e6ndringer i gitteret visningslayout ved at v\u00e6lge fra 1 Kolonne, 2 Kolonne, 3 Kolonne og 4 Kolonne gitre. For at \u00e6ndre stil, muligheder som skriftfarve, skrifttype og baggrundsfarve er tilg\u00e6ngelige.<\/p>\n<\/div>\n<\/div>\n<div class=\"clearfix visible-xs-block\"><\/div>\n<div class=\"col-md-4 col-sm-6 col-sx-12\">\n<div style=\"padding: 20px;\">\n<div class=\"text-center\">\n<div class=\"wp_feature landing_page_svg\" style=\"float: none; height: 52px; vertical-align: middle; width: 44px; display: inline-block; background-position: -290px -1090px;\"><\/div>\n<\/div>\n<h3 style=\"margin:20px 0 10px; text-align:center\"> Produkt-Sideindstillinger<\/h3>\n<p class=\"text-center\">Forbedre udseendet af din e-handels butik ved at \u00e6ndre baggrundsfarven og typografi som du \u00f8nsker p\u00e5 alle produkttyper sider. Du kan nemt stilisere siden ved at foretage \u00e6ndringer i design og stil af Swatch Tabs, Miniaturer, Beskrivelse, specifikationer, Anmeldelser fanerne etc.<\/p>\n<\/div>\n<\/div>\n<div class=\"clearfix visible-lg-block visible-md-block visible-sm-block visible-xs-block\"><\/div>\n<\/div>\n<\/div>\n<p><!--Section Features with WP--><\/p>\n<div class=\"section5 wp-theme-generator\" style=\"padding:70px 10px;margin-bottom:2px;\">\n<div style=\"margin:40px 0px 20px;\">\n<h2 style=\"margin-bottom:65px; text-transform:none;\">G\u00e6sterne p\u00e5 TemplateToaster <\/h2>\n<div class=\"feature_with_wp row\">\n<div class=\"col-lg-4  col-md-4 col-sm-4 col-xs-6\">\n<div class=\"feature_wpimg\">\n\t\t\t<img decoding=\"async\" src=\"https:\/\/templatetoaster.com\/wp-content\/uploads\/2017\/04\/multiple-language.png\" class=\"img-responsive\" alt=\"St\u00f8tte flere sprog\">\n\t\t<\/div>\n<\/p>\n<\/div>\n<div class=\"col-lg-4  col-md-4 col-sm-4 col-xs-6\">\n<div class=\"feature_wpimg\">\n\t\t\t<img decoding=\"async\" src=\"https:\/\/templatetoaster.com\/wp-content\/uploads\/2017\/04\/mobile-optimization.png\" class=\"img-responsive\" alt=\"Mobil Optimering\">\n\t\t<\/div>\n<\/p>\n<\/div>\n<div class=\"clearfix visible-xs-block\"><\/div>\n<div class=\"col-lg-4  col-md-4 col-sm-4 col-xs-6\">\n<div class=\"feature_wpimg\">\n\t\t\t<img decoding=\"async\" src=\"https:\/\/templatetoaster.com\/wp-content\/uploads\/2017\/04\/drag-drop.png\" class=\"img-responsive\" alt=\"Tr\u00e6k og slip\">\n\t\t<\/div>\n<\/p>\n<\/div>\n<div class=\"clearfix visible-lg-block visible-md-block visible-sm-block\"><\/div>\n<div class=\"col-lg-4  col-md-4 col-sm-4 col-xs-6\">\n<div class=\"feature_wpimg\">\n\t\t\t<img decoding=\"async\" src=\"https:\/\/templatetoaster.com\/wp-content\/uploads\/2017\/04\/demo-templats.png\" class=\"img-responsive\" alt=\"Demo temaer\">\n\t\t<\/div>\n<\/p>\n<\/div>\n<div class=\"clearfix visible-xs-block\"><\/div>\n<div class=\"col-lg-4  col-md-4 col-sm-4 col-xs-6\">\n<div class=\"feature_wpimg\">\n\t\t\t<img decoding=\"async\" src=\"https:\/\/templatetoaster.com\/wp-content\/uploads\/2017\/04\/mega-menu.png\" class=\"img-responsive\" alt=\"Mega Menu\">\n\t\t<\/div>\n<\/p>\n<\/div>\n<div class=\"col-lg-4  col-md-4 col-sm-4 col-xs-6\">\n<div class=\"feature_wpimg\">\n\t\t\t<img decoding=\"async\" src=\"https:\/\/templatetoaster.com\/wp-content\/uploads\/2017\/04\/right-to-left.png\" class=\"img-responsive\" alt=\"Fra h\u00f8jre til venstre\">\n\t\t<\/div>\n<\/p>\n<\/div>\n<div class=\"clearfix visible-lg-block visible-md-block visible-sm-block visible-xs-block\"><\/div>\n<div class=\"col-lg-4  col-md-4 col-sm-4 col-xs-6\">\n<div class=\"feature_wpimg\">\n\t\t\t<img decoding=\"async\" src=\"https:\/\/templatetoaster.com\/wp-content\/uploads\/2017\/04\/amazing-slideshow.png\" class=\"img-responsive\" alt=\"Amazing Slideshow\">\n\t\t<\/div>\n<\/p>\n<\/div>\n<div class=\"col-lg-4  col-md-4 col-sm-4 col-xs-6\">\n<div class=\"feature_wpimg\">\n\t\t\t<img decoding=\"async\" src=\"https:\/\/templatetoaster.com\/wp-content\/uploads\/2017\/04\/zero-coding.png\" class=\"img-responsive\" alt=\"nul Kodning\">\n\t\t<\/div>\n<\/p>\n<\/div>\n<div class=\"clearfix visible-xs-block\"><\/div>\n<div class=\"col-lg-4  col-md-4 col-sm-4 col-xs-6\">\n<div class=\"feature_wpimg\">\n\t\t\t<img decoding=\"async\" src=\"https:\/\/templatetoaster.com\/wp-content\/uploads\/2017\/04\/custom-css.png\" class=\"img-responsive\" alt=\"Custom CSS, JS og PHP\">\n\t\t<\/div>\n<\/p>\n<\/div>\n<div class=\"clearfix visible-lg-block visible-md-block visible-sm-block visible-xs-block\"><\/div>\n<\/div>\n<\/div>\n<\/div>\n<p><!--Section Gallery--><\/p>\n<div class=\"section7 wp-theme-generator\" style=\"padding:100px 10px; background-color:#f1f4f8;  margin-bottom:2px;\">\n<h2 style=\"text-transform:none;\">Vores standarder<\/h2>\n<div class=\"row\">\n<div class=\"col-lg-4 col-md-4 col-sm-6 col-xs-12\">\n<div style=\"padding: 20px;\">\n<div class=\"text-center\">\n<div style=\"margin-right:10px; display: inline-block; float:none; vertical-align:middle; background-position: -75px -153px; width:75px;\" class=\"wp_feature landing_page_svg\"><\/div>\n<\/div>\n<h3 style=\"margin: 20px 0px 10px; text-align: center;\">W3C validering <\/h3>\n<p class=\"text-center\"> Prestashop temaer er oprettet med denne software er W3C gyldige som tilbyder fordele som kompatibilitet cross browser, optimal display webside og mere!<\/p>\n<\/div>\n<\/div>\n<div class=\"clearfix visible-xs-block\"><\/div>\n<div class=\"col-lg-4 col-md-4 col-sm-6 col-xs-12\">\n<div style=\"padding: 20px;\">\n<div class=\"text-center\">\n<div style=\"margin-right:10px; display: inline-block; float:none; vertical-align:middle; background-position: -165px -153px; width:65px;\" class=\"wp_feature landing_page_svg\"><\/div>\n<\/div>\n<h3 style=\"margin:20px 0 10px; text-align:center\">HTML5 &amp; CSS3 standarder<\/h3>\n<p class=\"text-center\">TemplateToaster software overholder HTML5 og CSS3 standarder. Heavy s\u00e6t af divs og billeder undg\u00e5s, dermed genererer emner, som er letv\u00e6gts.<\/p>\n<\/div>\n<\/div>\n<div class=\"clearfix visible-sm-block visible-xs-block\"><\/div>\n<div class=\"col-lg-4 col-md-4 col-sm-6 col-xs-12\">\n<div style=\"padding: 20px;\">\n<div class=\"text-center\">\n<div style=\"margin-right:10px; display: inline-block; float:none; vertical-align:middle; background-position: -260px -147px; width:65px;\" class=\"wp_feature landing_page_svg\"><\/div>\n<\/div>\n<h3 style=\"margin:20px 0 10px; text-align:center\"> Lynhurtig Speed<\/h3>\n<p class=\"text-center\">Temaerne genereret med denne software belastning med lyn hurtig hastighed, som vil s\u00e6tte skub op trafikken, omregningskurser, og salg af din e-handels butik.<\/p>\n<\/div>\n<\/div>\n<div class=\"clearfix  visible-lg-block visible-md-block  visible-xs-block\"><\/div>\n<\/div>\n<\/div>\n<p><!---- section 6 starts ---><\/p>\n<div class=\"section6 wp-theme-generator\" style=\"padding:50px 10px;\">\n<div style=\"margin:70px 0px 20px;\">\n<h2>Support Alle Major CMSer<\/h2>\n<div class=\"section-center\" style=\"padding-bottom: 50px;\">\n<div class=\"main-cms-section\">\n<div class=\"cms-section\">\n<div class=\"text-center\">\n<div class=\"wp_feature landing_page_svg\" style=\"width: 120px; height: 120px; background-position:-5px -1165px;\"><\/div>\n<\/div>\n<\/div>\n<\/div>\n<div class=\"other-cms-section\">\n<div class=\"cms-section\">\n<div class=\"text-center\">\n<div class=\"wp_feature landing_page_svg\" style=\"width: 110px; height: 100px; background-position:-100px -596px;\"><\/div>\n<\/div>\n<\/div>\n<div class=\"cms-section\">\n<div class=\"text-center\">\n<div class=\"wp_feature landing_page_svg\" style=\"width: 130px; height: 100px; background-position:-212px -596px;\"><\/div>\n<\/div>\n<\/div>\n<div class=\"cms-section\">\n<div class=\"text-center\">\n<div class=\"wp_feature landing_page_svg\" style=\"width: 90px; height: 102px; background-position:-250px -377px;\"><\/div>\n<\/div>\n<\/div>\n<div class=\"cms-section\">\n<div class=\"text-center\">\n<div class=\"wp_feature landing_page_svg\" style=\"width: 100px; height: 102px; background-position:-160px -377px;\"><\/div>\n<\/div>\n<\/div>\n<div class=\"cms-section\">\n<div class=\"text-center\">\n<div class=\"wp_feature landing_page_svg\" style=\"width: 90px; height: 120px; background-position:12px -359px;\"><\/div>\n<\/div>\n<\/div>\n<div class=\"cms-section\">\n<div class=\"text-center\">\n<div class=\"wp_feature landing_page_svg\" style=\"width: 110px; height: 100px; background-position:-240px -495px;\"><\/div>\n<\/div>\n<\/div>\n<div class=\"cms-section\">\n<div class=\"text-center\">\n<div class=\"wp_feature landing_page_svg\" style=\"width: 110px; height: 100px; background-position:-65px -379px;\"><\/div>\n<\/div>\n<\/div>\n<div class=\"cms-section\">\n<div class=\"text-center\">\n<div class=\"wp_feature landing_page_svg\" style=\"width: 110px; height: 100px; background-position:-125px -495px;\"><\/div>\n<\/div>\n<\/div>\n<div class=\"cms-section\">\n<div class=\"text-center\">\n<div class=\"wp_feature landing_page_svg\" style=\"width: 110px; height: 100px; background-position:-0px -598px;\"><\/div>\n<\/div>\n<\/div>\n<\/div>\n<\/div>\n<div style=\"text-align:center; margin-top: 30px;\">\n<a href=\"https:\/\/templatetoaster.com\/da\/download\" class=\"btn download_btn\">Download nu<\/a><\/div>\n<\/div>\n<\/div>\n","protected":false},"excerpt":{"rendered":"<p>Prestashop Theme Maker Bygget til perfektion Design et tema, der taler for sig selv. Ingen kodning krav! Download nu Hvorfor bruge TemplateToaster som PrestaShop tema Generator Software? TemplateToaster Software er lavet til at designe overraskende temaer for din e-handels hjemmeside, &hellip; <a href=\"https:\/\/templatetoaster.com\/da\/prestashop-theme-maker\">Continue Reading<span class=\"meta-nav\">&rarr;<\/span><\/a><\/p>\n","protected":false},"author":13434,"featured_media":0,"parent":0,"menu_order":0,"comment_status":"closed","ping_status":"closed","template":"","meta":{"footnotes":""},"yoast_head":"<!-- This site is optimized with the Yoast SEO plugin v23.5 - https:\/\/yoast.com\/wordpress\/plugins\/seo\/ -->\n<title>Bedste PrestaShop Theme Maker Software - TemplateToaster<\/title>\n<meta name=\"description\" content=\"TemplateToaster er den bedste PrestaShop Theme Maker Software\" \/>\n<meta name=\"robots\" content=\"index, follow, max-snippet:-1, max-image-preview:large, max-video-preview:-1\" \/>\n<link rel=\"canonical\" href=\"https:\/\/templatetoaster.com\/da\/prestashop-theme-maker\" \/>\n<meta property=\"og:locale\" content=\"da_DK\" \/>\n<meta property=\"og:type\" content=\"article\" \/>\n<meta property=\"og:title\" content=\"Bedste PrestaShop Theme Maker Software - TemplateToaster\" \/>\n<meta property=\"og:description\" content=\"TemplateToaster er den bedste PrestaShop Theme Maker Software\" \/>\n<meta property=\"og:url\" content=\"https:\/\/templatetoaster.com\/da\/prestashop-theme-maker\" \/>\n<meta property=\"og:site_name\" content=\"TemplateToaster\" \/>\n<meta property=\"article:publisher\" content=\"https:\/\/www.facebook.com\/TemplateToaster\" \/>\n<meta property=\"article:modified_time\" content=\"2018-11-21T04:36:29+00:00\" \/>\n<meta property=\"og:image\" content=\"https:\/\/templatetoaster.com\/wp-content\/uploads\/2017\/04\/multiple-language.png\" \/>\n<meta name=\"twitter:card\" content=\"summary_large_image\" \/>\n<meta name=\"twitter:site\" content=\"@templatetoaster\" \/>\n<meta name=\"twitter:label1\" content=\"Estimeret l\u00e6setid\" \/>\n\t<meta name=\"twitter:data1\" content=\"3 minutter\" \/>\n<script type=\"application\/ld+json\" class=\"yoast-schema-graph\">{\"@context\":\"https:\/\/schema.org\",\"@graph\":[{\"@type\":\"WebPage\",\"@id\":\"https:\/\/templatetoaster.com\/da\/prestashop-theme-maker\",\"url\":\"https:\/\/templatetoaster.com\/da\/prestashop-theme-maker\",\"name\":\"Bedste PrestaShop Theme Maker Software - TemplateToaster\",\"isPartOf\":{\"@id\":\"https:\/\/templatetoaster.com\/#website\"},\"primaryImageOfPage\":{\"@id\":\"https:\/\/templatetoaster.com\/da\/prestashop-theme-maker#primaryimage\"},\"image\":{\"@id\":\"https:\/\/templatetoaster.com\/da\/prestashop-theme-maker#primaryimage\"},\"thumbnailUrl\":\"https:\/\/templatetoaster.com\/wp-content\/uploads\/2017\/04\/multiple-language.png\",\"datePublished\":\"2018-04-14T10:31:47+00:00\",\"dateModified\":\"2018-11-21T04:36:29+00:00\",\"description\":\"TemplateToaster er den bedste PrestaShop Theme Maker Software\",\"breadcrumb\":{\"@id\":\"https:\/\/templatetoaster.com\/da\/prestashop-theme-maker#breadcrumb\"},\"inLanguage\":\"da-DK\",\"potentialAction\":[{\"@type\":\"ReadAction\",\"target\":[\"https:\/\/templatetoaster.com\/da\/prestashop-theme-maker\"]}]},{\"@type\":\"ImageObject\",\"inLanguage\":\"da-DK\",\"@id\":\"https:\/\/templatetoaster.com\/da\/prestashop-theme-maker#primaryimage\",\"url\":\"https:\/\/templatetoaster.com\/wp-content\/uploads\/2017\/04\/multiple-language.png\",\"contentUrl\":\"https:\/\/templatetoaster.com\/wp-content\/uploads\/2017\/04\/multiple-language.png\"},{\"@type\":\"BreadcrumbList\",\"@id\":\"https:\/\/templatetoaster.com\/da\/prestashop-theme-maker#breadcrumb\",\"itemListElement\":[{\"@type\":\"ListItem\",\"position\":1,\"name\":\"Home\",\"item\":\"https:\/\/templatetoaster.com\/da\"},{\"@type\":\"ListItem\",\"position\":2,\"name\":\"Bedste PrestaShop Theme Maker Software\"}]},{\"@type\":\"WebSite\",\"@id\":\"https:\/\/templatetoaster.com\/#website\",\"url\":\"https:\/\/templatetoaster.com\/\",\"name\":\"TemplateToaster\",\"description\":\"\",\"publisher\":{\"@id\":\"https:\/\/templatetoaster.com\/#organization\"},\"inLanguage\":\"da-DK\"},{\"@type\":\"Organization\",\"@id\":\"https:\/\/templatetoaster.com\/#organization\",\"name\":\"TemplateToaster\",\"url\":\"https:\/\/templatetoaster.com\/\",\"logo\":{\"@type\":\"ImageObject\",\"inLanguage\":\"da-DK\",\"@id\":\"https:\/\/templatetoaster.com\/#\/schema\/logo\/image\/\",\"url\":\"https:\/\/templatetoaster.com\/wp-content\/uploads\/2019\/11\/TemplateToaster_Logo.jpg\",\"contentUrl\":\"https:\/\/templatetoaster.com\/wp-content\/uploads\/2019\/11\/TemplateToaster_Logo.jpg\",\"width\":85,\"height\":85,\"caption\":\"TemplateToaster\"},\"image\":{\"@id\":\"https:\/\/templatetoaster.com\/#\/schema\/logo\/image\/\"},\"sameAs\":[\"https:\/\/www.facebook.com\/TemplateToaster\",\"https:\/\/x.com\/templatetoaster\",\"https:\/\/www.instagram.com\/templatetoaster\/\",\"https:\/\/www.linkedin.com\/company\/templatetoaster\/\",\"https:\/\/www.pinterest.com\/templatetoaster\/\",\"https:\/\/www.youtube.com\/@TemplateToaster\"]}]}<\/script>\n<!-- \/ Yoast SEO plugin. -->","yoast_head_json":{"title":"Bedste PrestaShop Theme Maker Software - TemplateToaster","description":"TemplateToaster er den bedste PrestaShop Theme Maker Software","robots":{"index":"index","follow":"follow","max-snippet":"max-snippet:-1","max-image-preview":"max-image-preview:large","max-video-preview":"max-video-preview:-1"},"canonical":"https:\/\/templatetoaster.com\/da\/prestashop-theme-maker","og_locale":"da_DK","og_type":"article","og_title":"Bedste PrestaShop Theme Maker Software - TemplateToaster","og_description":"TemplateToaster er den bedste PrestaShop Theme Maker Software","og_url":"https:\/\/templatetoaster.com\/da\/prestashop-theme-maker","og_site_name":"TemplateToaster","article_publisher":"https:\/\/www.facebook.com\/TemplateToaster","article_modified_time":"2018-11-21T04:36:29+00:00","og_image":[{"url":"https:\/\/templatetoaster.com\/wp-content\/uploads\/2017\/04\/multiple-language.png"}],"twitter_card":"summary_large_image","twitter_site":"@templatetoaster","twitter_misc":{"Estimeret l\u00e6setid":"3 minutter"},"schema":{"@context":"https:\/\/schema.org","@graph":[{"@type":"WebPage","@id":"https:\/\/templatetoaster.com\/da\/prestashop-theme-maker","url":"https:\/\/templatetoaster.com\/da\/prestashop-theme-maker","name":"Bedste PrestaShop Theme Maker Software - TemplateToaster","isPartOf":{"@id":"https:\/\/templatetoaster.com\/#website"},"primaryImageOfPage":{"@id":"https:\/\/templatetoaster.com\/da\/prestashop-theme-maker#primaryimage"},"image":{"@id":"https:\/\/templatetoaster.com\/da\/prestashop-theme-maker#primaryimage"},"thumbnailUrl":"https:\/\/templatetoaster.com\/wp-content\/uploads\/2017\/04\/multiple-language.png","datePublished":"2018-04-14T10:31:47+00:00","dateModified":"2018-11-21T04:36:29+00:00","description":"TemplateToaster er den bedste PrestaShop Theme Maker Software","breadcrumb":{"@id":"https:\/\/templatetoaster.com\/da\/prestashop-theme-maker#breadcrumb"},"inLanguage":"da-DK","potentialAction":[{"@type":"ReadAction","target":["https:\/\/templatetoaster.com\/da\/prestashop-theme-maker"]}]},{"@type":"ImageObject","inLanguage":"da-DK","@id":"https:\/\/templatetoaster.com\/da\/prestashop-theme-maker#primaryimage","url":"https:\/\/templatetoaster.com\/wp-content\/uploads\/2017\/04\/multiple-language.png","contentUrl":"https:\/\/templatetoaster.com\/wp-content\/uploads\/2017\/04\/multiple-language.png"},{"@type":"BreadcrumbList","@id":"https:\/\/templatetoaster.com\/da\/prestashop-theme-maker#breadcrumb","itemListElement":[{"@type":"ListItem","position":1,"name":"Home","item":"https:\/\/templatetoaster.com\/da"},{"@type":"ListItem","position":2,"name":"Bedste PrestaShop Theme Maker Software"}]},{"@type":"WebSite","@id":"https:\/\/templatetoaster.com\/#website","url":"https:\/\/templatetoaster.com\/","name":"TemplateToaster","description":"","publisher":{"@id":"https:\/\/templatetoaster.com\/#organization"},"inLanguage":"da-DK"},{"@type":"Organization","@id":"https:\/\/templatetoaster.com\/#organization","name":"TemplateToaster","url":"https:\/\/templatetoaster.com\/","logo":{"@type":"ImageObject","inLanguage":"da-DK","@id":"https:\/\/templatetoaster.com\/#\/schema\/logo\/image\/","url":"https:\/\/templatetoaster.com\/wp-content\/uploads\/2019\/11\/TemplateToaster_Logo.jpg","contentUrl":"https:\/\/templatetoaster.com\/wp-content\/uploads\/2019\/11\/TemplateToaster_Logo.jpg","width":85,"height":85,"caption":"TemplateToaster"},"image":{"@id":"https:\/\/templatetoaster.com\/#\/schema\/logo\/image\/"},"sameAs":["https:\/\/www.facebook.com\/TemplateToaster","https:\/\/x.com\/templatetoaster","https:\/\/www.instagram.com\/templatetoaster\/","https:\/\/www.linkedin.com\/company\/templatetoaster\/","https:\/\/www.pinterest.com\/templatetoaster\/","https:\/\/www.youtube.com\/@TemplateToaster"]}]}},"_links":{"self":[{"href":"https:\/\/templatetoaster.com\/da\/wp-json\/wp\/v2\/pages\/4582"}],"collection":[{"href":"https:\/\/templatetoaster.com\/da\/wp-json\/wp\/v2\/pages"}],"about":[{"href":"https:\/\/templatetoaster.com\/da\/wp-json\/wp\/v2\/types\/page"}],"author":[{"embeddable":true,"href":"https:\/\/templatetoaster.com\/da\/wp-json\/wp\/v2\/users\/13434"}],"replies":[{"embeddable":true,"href":"https:\/\/templatetoaster.com\/da\/wp-json\/wp\/v2\/comments?post=4582"}],"version-history":[{"count":3,"href":"https:\/\/templatetoaster.com\/da\/wp-json\/wp\/v2\/pages\/4582\/revisions"}],"predecessor-version":[{"id":5882,"href":"https:\/\/templatetoaster.com\/da\/wp-json\/wp\/v2\/pages\/4582\/revisions\/5882"}],"wp:attachment":[{"href":"https:\/\/templatetoaster.com\/da\/wp-json\/wp\/v2\/media?parent=4582"}],"curies":[{"name":"wp","href":"https:\/\/api.w.org\/{rel}","templated":true}]}}