{"id":4572,"date":"2018-04-14T10:26:19","date_gmt":"2018-04-14T10:26:19","guid":{"rendered":"http:\/\/templatetoaster.com?page_id=4572"},"modified":"2019-08-12T10:28:09","modified_gmt":"2019-08-12T10:28:09","slug":"opencart-theme-builder","status":"publish","type":"page","link":"https:\/\/templatetoaster.com\/da\/opencart-theme-builder","title":{"rendered":"Bedste OpenCart Theme Builder Software"},"content":{"rendered":"<div id=\"ttr_content_margin\">\n<div class=\"remove_collapsing_margins\"><\/div>\n<div class=\"remove_collapsing_margins\"><\/div>\n<div class=\"section1 wp-theme-generator\">\n<div style=\"margin: 115px 0 16px;\">\n<h1>En kraftfuld OpenCart Tema Builder Software<\/h1>\n<p class=\"text-center\">Temaer, der virkelig forme din e-handels butik. Du beh\u00f8ver ikke at kode noget! Nogensinde.<\/p>\n<p>&nbsp;<\/p>\n<div style=\"text-align: center;\"><a class=\"btn download_btn\" href=\"https:\/\/templatetoaster.com\/da\/download\">Download nu<\/a><\/div>\n<div class=\"clearfix\"><\/div>\n<\/div>\n<\/div>\n<p><!--- What is TemplateToaster Section ---><\/p>\n<div class=\"section2 wp-theme-generator\">\n<div class=\"section2-inner\">\n<h2>Hvorfor bruge TemplateToaster som OpenCart Tema Creator Software?<\/h2>\n<p>Opret overraskende temaer til din OpenCart hjemmeside p\u00e5 f\u00e5 minutter. Ingen kodning f\u00e6rdigheder, der kr\u00e6ves! Nem Tr\u00e6k &amp; Drop brugergr\u00e6nseflade til at designe temaer, som r\u00e5ber h\u00f8jt for de bes\u00f8gende. G\u00f8r indtryk med dit websted, der g\u00f8r dine bes\u00f8gende til k\u00f8bere!<\/p>\n<\/div>\n<\/div>\n<p><!---- section 3 starts ---><\/p>\n<div class=\"section3 wp-theme-generator\">\n<div class=\"section3-inner\">\n<h2>S\u00e5dan fungerer det?<\/h2>\n<div class=\"row\">\n<div class=\"col-lg-4 col-md-4 col-sm-6 col-xs-12\">\n<div class=\"media\">\n<div class=\"landing_page_svg\" style=\"background-position: 20px -690px; display: block; height: 115px; margin: auto; width: 142px;\"><\/div>\n<h3 class=\"text-center\">Lad os begynde at designe med TemplateToaster!<\/h3>\n<p class=\"text-center\">Nyd ubegr\u00e6nset pr\u00f8veversion af softwaren, efter du henter det. F\u00e5 adgang til alle funktionaliteter! Du har tr\u00e5dt ind i verden, hvor du ejer magten til at designe med lethed!<\/p>\n<\/div>\n<\/div>\n<div class=\"clearfix visible-xs-block\"><\/div>\n<div class=\"col-lg-4 col-md-4 col-sm-6 col-xs-12\">\n<div class=\"media\">\n<div class=\"landing_page_svg\" style=\"background-position: -115px -690px; display: block; height: 115px; margin: auto; width: 142px;\"><\/div>\n<h3 class=\"text-center\">Tr\u00e6k &amp; Dr\u00e5be. Tilpas p\u00e5 f\u00e5 minutter!<\/h3>\n<p class=\"text-center\">Du har mulighed for at v\u00e6lge fra pre designet skabeloner eller starte fra bunden! Dette Tr\u00e6k &amp; Drop OpenCart tema skaberen kan du designe som en professionel Ingen kodning viden, der kr\u00e6ves!<\/p>\n<\/div>\n<\/div>\n<div class=\"clearfix visible-sm-block visible-xs-block\"><\/div>\n<div class=\"col-lg-4 col-md-4 col-sm-6 col-xs-12\">\n<div class=\"media\">\n<div class=\"landing_page_svg\" style=\"background-position: -240px -690px; display: block; height: 115px; margin: auto; width: 142px;\"><\/div>\n<h3 class=\"text-center\">Din OpenCart butik, alle Pyntet op!<\/h3>\n<p class=\"text-center\">Tilfreds med hvad du har designet? Overbevist med hver teeny detalje? Upload og installer din nydesignede tema i et par klik. Her er din OpenCart butik, alle pyntet op!<\/p>\n<\/div>\n<\/div>\n<div class=\"clearfix visible-lg-block visible-md-block visible-sm-block visible-xs-block\"><\/div>\n<\/div>\n<\/div>\n<\/div>\n<div class=\"section4 wp-theme-generator\">\n<h2 style=\"text-transform: none;\">Funktioner af TemplateToaster som OpenCart Tema Maker<\/h2>\n<p class=\"section4-paragraph\">Fuldt boostet med nogle kraftfulde funktioner, TemplateToaster lader dig designe high-end temaer.<\/p>\n<div class=\"row\">\n<div class=\"col-lg-4 col-md-4 col-sm-6 col-sx-12\">\n<div style=\"padding: 20px;\">\n<div class=\"text-center\">\n<div class=\"wp_feature landing_page_svg\" style=\"margin-right: 10px; display: inline-block; float: none; vertical-align: middle; background-position: -170px -1375px;\"><\/div>\n<\/div>\n<h3 style=\"margin: 20px 0px 10px; text-align: center;\">menuen Logo<\/h3>\n<p class=\"text-center\">Hvad er mere bem\u00e6rkelsesv\u00e6rdigt end at tilf\u00f8je din butikkens logo p\u00e5 menuen af \u200b\u200bhjemmesiden! Indtil nu, du havde mulighed for at placere dit brand logo p\u00e5 Header kun. Men, med TemplateToaster, \u00f8ge branding aspekt af din hjemmeside med denne unikke og one-of-its-kind-funktionen.<\/p>\n<\/div>\n<\/div>\n<div class=\"clearfix visible-xs-block\"><\/div>\n<div class=\"col-lg-4 col-md-4 col-sm-6 col-sx-12\">\n<div style=\"padding: 20px;\">\n<div class=\"text-center\">\n<div class=\"wp_feature landing_page_svg\" style=\"margin-right: 10px; display: inline-block; float: none; vertical-align: middle; background-position: -90px -1370px;\"><\/div>\n<\/div>\n<h3 style=\"margin: 20px 0 10px; text-align: center;\">kompatible versioner<\/h3>\n<p class=\"text-center\">Temaer designet med TemplateToaster er fuldt kompatible med OpenCart versioner 2.1, 2.2 &amp; 2.3. Temaer, s\u00e5ledes skabte er kompatibel med de centrale funktioner i disse versioner af OpenCart. Det er vores bestr\u00e6belser p\u00e5 at holde TemplateToaster up-to-date. Altid!<\/p>\n<\/div>\n<\/div>\n<div class=\"clearfix visible-sm-block visible-xs-block\"><\/div>\n<div class=\"col-md-4 col-sm-6 col-sx-12\">\n<div style=\"padding: 20px;\">\n<div class=\"text-center\">\n<div class=\"wp_feature landing_page_svg\" style=\"margin-right: 10px; display: inline-block; float: none; vertical-align: middle; background-position: -18px -1374px;\"><\/div>\n<\/div>\n<h3 style=\"margin: 20px 0 10px; text-align: center;\">Multi-produkt Grid Styling<\/h3>\n<p class=\"text-center\">Vis produkter som du gerne vil, enten i listen-view eller i grid-view. I denne OpenCart tema skaberen, stilisere multi-produkt gitter side at g\u00f8re det ser mere attraktiv og personlig! V\u00e6lg mellem en r\u00e6kke af skrifttype farver &amp; typer, baggrundsfarver og mere!<\/p>\n<\/div>\n<\/div>\n<div class=\"clearfix visible-lg-block visible-md-block visible-xs-block\"><\/div>\n<div class=\"col-md-4 col-sm-6 col-sx-12\">\n<div style=\"padding: 20px;\">\n<div class=\"text-center\">\n<div class=\"wp_feature landing_page_svg\" style=\"margin-right: 10px; display: inline-block; float: none; vertical-align: middle; background-position: -288px -1020px;\"><\/div>\n<\/div>\n<h3 style=\"margin: 20px 0 10px; text-align: center;\">bestilling Side<\/h3>\n<p class=\"text-center\">Trylle p\u00e5 dine bes\u00f8gende ved styling kassen siden af \u200b\u200bdin OpenCart butik. Giv brugerdefinerede baggrundsfarve til siden samt \u00e6ndre farven, typografi, farve, indhold osv. De ekdivdere (Kassen muligheder, Faktureringsoplysninger etc.) at matche udseendet &amp; fornemmelsen af \u200b\u200bdin butik tema.<\/p>\n<\/div>\n<\/div>\n<div class=\"clearfix visible-sm-block visible-xs-block\"><\/div>\n<div class=\"col-md-4 col-sm-6 col-sx-12\">\n<div style=\"padding: 20px;\">\n<div class=\"text-center\">\n<div class=\"wp_feature landing_page_svg\" style=\"margin-right: 10px; display: inline-block; float: none; vertical-align: middle; background-position: -293px -1168px;\"><\/div>\n<\/div>\n<h3 style=\"margin: 20px 0 10px; text-align: center;\">Produkt-Side Styling<\/h3>\n<p class=\"text-center\">Styling Produktlisten-side er en leg at bruge TemplateToaster som OpenCart tema skaberen. Bare \u00e6ndre skrifttype farve og stil, baggrundsfarve osv. at g\u00f8re siden mere tiltr\u00e6kkende for de bes\u00f8gende. Du kan endda stilisere den st\u00f8rrelse, Farve og M\u00e6ngde faner!<\/p>\n<\/div>\n<\/div>\n<div class=\"clearfix visible-xs-block\"><\/div>\n<div class=\"col-md-4 col-sm-6 col-sx-12\">\n<div style=\"padding: 20px;\">\n<div class=\"text-center\">\n<div class=\"wp_feature landing_page_svg\" style=\"float: none; height: 52px; vertical-align: middle; width: 44px; display: inline-block; background-position: -160px -815px;\"><\/div>\n<\/div>\n<h3 style=\"margin: 20px 0 10px; text-align: center;\">Modul-positioner<\/h3>\n<p class=\"text-center\">Hurtigt oprette Custom Modul positioner i OpenCart temaer, for avancerede funktionaliteter! P\u00e5 en lyse side, du kan tilpasse dem med baggrundsbilleder, gradient eller farve. Ubegr\u00e6nset positioner kan defineres for brugerdefinerede moduler ligesom over og under menuen, header, sidefod, sidebj\u00e6lke etc.<\/p>\n<\/div>\n<\/div>\n<div class=\"clearfix visible-lg-block visible-md-block visible-sm-block visible-xs-block\"><\/div>\n<\/div>\n<\/div>\n<p><!--Section Features with WP--><\/p>\n<div class=\"section5 wp-theme-generator\" style=\"padding: 70px 10px; margin-bottom: 2px;\">\n<div style=\"margin: 40px 0px 20px;\">\n<h2 style=\"margin-bottom: 65px; text-transform: none;\">G\u00e6sterne p\u00e5 TemplateToaster<\/h2>\n<div class=\"feature_with_wp row\">\n<div class=\"col-lg-4 col-md-4 col-sm-4 col-xs-6\">\n<div class=\"feature_wpimg\"><img decoding=\"async\" class=\"img-responsive\" src=\"https:\/\/templatetoaster.com\/wp-content\/uploads\/2017\/04\/multiple-language.png\" alt=\"St\u00f8tte flere sprog\" \/><\/div>\n<\/div>\n<div class=\"col-lg-4 col-md-4 col-sm-4 col-xs-6\">\n<div class=\"feature_wpimg\"><img decoding=\"async\" class=\"img-responsive\" src=\"https:\/\/templatetoaster.com\/wp-content\/uploads\/2017\/04\/mobile-optimization.png\" alt=\"Mobil Optimering\" \/><\/div>\n<\/div>\n<div class=\"clearfix visible-xs-block\"><\/div>\n<div class=\"col-lg-4 col-md-4 col-sm-4 col-xs-6\">\n<div class=\"feature_wpimg\"><img decoding=\"async\" class=\"img-responsive\" src=\"https:\/\/templatetoaster.com\/wp-content\/uploads\/2017\/04\/drag-drop.png\" alt=\"Tr\u00e6k og slip\" \/><\/div>\n<\/div>\n<div class=\"clearfix visible-lg-block visible-md-block visible-sm-block\"><\/div>\n<div class=\"col-lg-4 col-md-4 col-sm-4 col-xs-6\">\n<div class=\"feature_wpimg\"><img decoding=\"async\" class=\"img-responsive\" src=\"https:\/\/templatetoaster.com\/wp-content\/uploads\/2017\/04\/demo-templats.png\" alt=\"Demo temaer\" \/><\/div>\n<\/div>\n<div class=\"clearfix visible-xs-block\"><\/div>\n<div class=\"col-lg-4 col-md-4 col-sm-4 col-xs-6\">\n<div class=\"feature_wpimg\"><img decoding=\"async\" class=\"img-responsive\" src=\"https:\/\/templatetoaster.com\/wp-content\/uploads\/2017\/04\/mega-menu.png\" alt=\"Mega Menu\" \/><\/div>\n<\/div>\n<div class=\"col-lg-4 col-md-4 col-sm-4 col-xs-6\">\n<div class=\"feature_wpimg\"><img decoding=\"async\" class=\"img-responsive\" src=\"https:\/\/templatetoaster.com\/wp-content\/uploads\/2017\/04\/right-to-left.png\" alt=\"Fra h\u00f8jre til venstre\" \/><\/div>\n<\/div>\n<div class=\"clearfix visible-lg-block visible-md-block visible-sm-block visible-xs-block\"><\/div>\n<div class=\"col-lg-4 col-md-4 col-sm-4 col-xs-6\">\n<div class=\"feature_wpimg\"><img decoding=\"async\" class=\"img-responsive\" src=\"https:\/\/templatetoaster.com\/wp-content\/uploads\/2017\/04\/amazing-slideshow.png\" alt=\"Amazing Slideshow\" \/><\/div>\n<\/div>\n<div class=\"col-lg-4 col-md-4 col-sm-4 col-xs-6\">\n<div class=\"feature_wpimg\"><img decoding=\"async\" class=\"img-responsive\" src=\"https:\/\/templatetoaster.com\/wp-content\/uploads\/2017\/04\/zero-coding.png\" alt=\"nul Kodning\" \/><\/div>\n<\/div>\n<div class=\"clearfix visible-xs-block\"><\/div>\n<div class=\"col-lg-4 col-md-4 col-sm-4 col-xs-6\">\n<div class=\"feature_wpimg\"><img decoding=\"async\" class=\"img-responsive\" src=\"https:\/\/templatetoaster.com\/wp-content\/uploads\/2017\/04\/custom-css.png\" alt=\"Custom CSS, JS og PHP\" \/><\/div>\n<\/div>\n<div class=\"clearfix visible-lg-block visible-md-block visible-sm-block visible-xs-block\"><\/div>\n<\/div>\n<\/div>\n<\/div>\n<p><!--Section Gallery--><\/p>\n<div class=\"section7 wp-theme-generator\" style=\"padding: 100px 10px; background-color: #f1f4f8; margin-bottom: 2px;\">\n<h2 style=\"text-transform: none;\">Vores standarder<\/h2>\n<div class=\"row\">\n<div class=\"col-lg-4 col-md-4 col-sm-6 col-xs-12\">\n<div style=\"padding: 20px;\">\n<div class=\"text-center\">\n<div class=\"wp_feature landing_page_svg\" style=\"margin-right: 10px; display: inline-block; float: none; vertical-align: middle; background-position: -75px -153px; width: 75px;\"><\/div>\n<\/div>\n<h3 style=\"margin: 20px 0px 10px; text-align: center;\">W3C validering<\/h3>\n<p class=\"text-center\">OpenCart temaer oprettet med TemplateToaster er i overensstemmelse med de internationale standarder og W3C gyldigt. Derfor, optimal hjemmeside display og s\u00f8gemaskine fordele.<\/p>\n<\/div>\n<\/div>\n<div class=\"clearfix visible-xs-block\"><\/div>\n<div class=\"col-lg-4 col-md-4 col-sm-6 col-xs-12\">\n<div style=\"padding: 20px;\">\n<div class=\"text-center\">\n<div class=\"wp_feature landing_page_svg\" style=\"margin-right: 10px; display: inline-block; float: none; vertical-align: middle; background-position: -165px -153px; width: 65px;\"><\/div>\n<\/div>\n<h3 style=\"margin: 20px 0 10px; text-align: center;\">HTML5 &amp; CSS3 standarder<\/h3>\n<p class=\"text-center\">TemplateToaster software overholder HTML5 og CSS3 standarder. Det underst\u00f8tter flere multimedie orienteret websider og avancerede styling kapaciteter.<\/p>\n<\/div>\n<\/div>\n<div class=\"clearfix visible-sm-block visible-xs-block\"><\/div>\n<div class=\"col-lg-4 col-md-4 col-sm-6 col-xs-12\">\n<div style=\"padding: 20px;\">\n<div class=\"text-center\">\n<div class=\"wp_feature landing_page_svg\" style=\"margin-right: 10px; display: inline-block; float: none; vertical-align: middle; background-position: -260px -147px; width: 65px;\"><\/div>\n<\/div>\n<h3 style=\"margin: 20px 0 10px; text-align: center;\">High-speed websider<\/h3>\n<p class=\"text-center\">De optimale webside lastning resultater i den bedste brugervenlig oplevelse. Udover bedre UX, alle f\u00e5r du er bedre kvalitet score, som er lig med mere r\u00e6kkevidde.<\/p>\n<\/div>\n<\/div>\n<div class=\"clearfix visible-lg-block visible-md-block visible-xs-block\"><\/div>\n<\/div>\n<\/div>\n<p><!---- section 6 starts ---><\/p>\n<div class=\"section6 wp-theme-generator\" style=\"padding: 50px 10px;\">\n<div style=\"margin: 70px 0px 20px;\">\n<h2>Support Alle Major CMSer<\/h2>\n<div class=\"section-center\" style=\"padding-bottom: 50px;\">\n<div class=\"main-cms-section\">\n<div class=\"cms-section\">\n<div class=\"text-center\">\n<div class=\"wp_feature landing_page_svg\" style=\"width: 120px; height: 120px; background-position: -145px -1165px;\"><\/div>\n<\/div>\n<\/div>\n<\/div>\n<div class=\"other-cms-section\">\n<div class=\"cms-section\">\n<div class=\"text-center\">\n<div class=\"wp_feature landing_page_svg\" style=\"width: 110px; height: 100px; background-position: -100px -596px;\"><\/div>\n<\/div>\n<\/div>\n<div class=\"cms-section\">\n<div class=\"text-center\">\n<div class=\"wp_feature landing_page_svg\" style=\"width: 130px; height: 100px; background-position: -212px -596px;\"><\/div>\n<\/div>\n<\/div>\n<div class=\"cms-section\">\n<div class=\"text-center\">\n<div class=\"wp_feature landing_page_svg\" style=\"width: 90px; height: 102px; background-position: -250px -377px;\"><\/div>\n<\/div>\n<\/div>\n<div class=\"cms-section\">\n<div class=\"text-center\">\n<div class=\"wp_feature landing_page_svg\" style=\"width: 100px; height: 102px; background-position: -160px -377px;\"><\/div>\n<\/div>\n<\/div>\n<div class=\"cms-section\">\n<div class=\"text-center\">\n<div class=\"wp_feature landing_page_svg\" style=\"width: 90px; height: 120px; background-position: 12px -359px;\"><\/div>\n<\/div>\n<\/div>\n<div class=\"cms-section\">\n<div class=\"text-center\">\n<div class=\"wp_feature landing_page_svg\" style=\"width: 110px; height: 100px; background-position: -240px -495px;\"><\/div>\n<\/div>\n<\/div>\n<div class=\"cms-section\">\n<div class=\"text-center\">\n<div class=\"wp_feature landing_page_svg\" style=\"width: 110px; height: 100px; background-position: -65px -379px;\"><\/div>\n<\/div>\n<\/div>\n<div class=\"cms-section\">\n<div class=\"text-center\">\n<div class=\"wp_feature landing_page_svg\" style=\"width: 110px; height: 100px; background-position: -5px -494px;\"><\/div>\n<\/div>\n<\/div>\n<div class=\"cms-section\">\n<div class=\"text-center\">\n<div class=\"wp_feature landing_page_svg\" style=\"width: 110px; height: 100px; background-position: -0px -598px;\"><\/div>\n<\/div>\n<\/div>\n<\/div>\n<\/div>\n<div style=\"text-align: center; margin-top: 30px;\"><a class=\"btn download_btn\" href=\"https:\/\/templatetoaster.com\/da\/download\">Download nu<\/a><\/div>\n<\/div>\n<\/div>\n<\/div>\n<\/div>\n","protected":false},"excerpt":{"rendered":"<p>En kraftfuld OpenCart Tema Builder Software Temaer, der virkelig forme din e-handels butik. Du beh\u00f8ver ikke at kode noget! Nogensinde. &nbsp; Download nu Hvorfor bruge TemplateToaster som OpenCart Tema Creator Software? Opret overraskende temaer til din OpenCart hjemmeside p\u00e5 f\u00e5 &hellip; <a href=\"https:\/\/templatetoaster.com\/da\/opencart-theme-builder\">Continue Reading<span class=\"meta-nav\">&rarr;<\/span><\/a><\/p>\n","protected":false},"author":13434,"featured_media":0,"parent":0,"menu_order":0,"comment_status":"closed","ping_status":"closed","template":"","meta":{"footnotes":""},"yoast_head":"<!-- This site is optimized with the Yoast SEO plugin v23.5 - https:\/\/yoast.com\/wordpress\/plugins\/seo\/ -->\n<title>Bedste OpenCart Theme Builder Software - TemplateToaster<\/title>\n<meta name=\"description\" content=\"TemplateToaster er den bedste OpenCart Theme Builder Software\" \/>\n<meta name=\"robots\" content=\"index, follow, max-snippet:-1, max-image-preview:large, max-video-preview:-1\" \/>\n<link rel=\"canonical\" href=\"https:\/\/templatetoaster.com\/da\/opencart-theme-builder\" \/>\n<meta property=\"og:locale\" content=\"da_DK\" \/>\n<meta property=\"og:type\" content=\"article\" \/>\n<meta property=\"og:title\" content=\"Bedste OpenCart Theme Builder Software - TemplateToaster\" \/>\n<meta property=\"og:description\" content=\"TemplateToaster er den bedste OpenCart Theme Builder Software\" \/>\n<meta property=\"og:url\" content=\"https:\/\/templatetoaster.com\/da\/opencart-theme-builder\" \/>\n<meta property=\"og:site_name\" content=\"TemplateToaster\" \/>\n<meta property=\"article:publisher\" content=\"https:\/\/www.facebook.com\/TemplateToaster\" \/>\n<meta property=\"article:modified_time\" content=\"2019-08-12T10:28:09+00:00\" \/>\n<meta property=\"og:image\" content=\"https:\/\/templatetoaster.com\/wp-content\/uploads\/2017\/04\/multiple-language.png\" \/>\n<meta name=\"twitter:card\" content=\"summary_large_image\" \/>\n<meta name=\"twitter:site\" content=\"@templatetoaster\" \/>\n<meta name=\"twitter:label1\" content=\"Estimeret l\u00e6setid\" \/>\n\t<meta name=\"twitter:data1\" content=\"3 minutter\" \/>\n<script type=\"application\/ld+json\" class=\"yoast-schema-graph\">{\"@context\":\"https:\/\/schema.org\",\"@graph\":[{\"@type\":\"WebPage\",\"@id\":\"https:\/\/templatetoaster.com\/da\/opencart-theme-builder\",\"url\":\"https:\/\/templatetoaster.com\/da\/opencart-theme-builder\",\"name\":\"Bedste OpenCart Theme Builder Software - TemplateToaster\",\"isPartOf\":{\"@id\":\"https:\/\/templatetoaster.com\/#website\"},\"primaryImageOfPage\":{\"@id\":\"https:\/\/templatetoaster.com\/da\/opencart-theme-builder#primaryimage\"},\"image\":{\"@id\":\"https:\/\/templatetoaster.com\/da\/opencart-theme-builder#primaryimage\"},\"thumbnailUrl\":\"https:\/\/templatetoaster.com\/wp-content\/uploads\/2017\/04\/multiple-language.png\",\"datePublished\":\"2018-04-14T10:26:19+00:00\",\"dateModified\":\"2019-08-12T10:28:09+00:00\",\"description\":\"TemplateToaster er den bedste OpenCart Theme Builder Software\",\"breadcrumb\":{\"@id\":\"https:\/\/templatetoaster.com\/da\/opencart-theme-builder#breadcrumb\"},\"inLanguage\":\"da-DK\",\"potentialAction\":[{\"@type\":\"ReadAction\",\"target\":[\"https:\/\/templatetoaster.com\/da\/opencart-theme-builder\"]}]},{\"@type\":\"ImageObject\",\"inLanguage\":\"da-DK\",\"@id\":\"https:\/\/templatetoaster.com\/da\/opencart-theme-builder#primaryimage\",\"url\":\"https:\/\/templatetoaster.com\/wp-content\/uploads\/2017\/04\/multiple-language.png\",\"contentUrl\":\"https:\/\/templatetoaster.com\/wp-content\/uploads\/2017\/04\/multiple-language.png\"},{\"@type\":\"BreadcrumbList\",\"@id\":\"https:\/\/templatetoaster.com\/da\/opencart-theme-builder#breadcrumb\",\"itemListElement\":[{\"@type\":\"ListItem\",\"position\":1,\"name\":\"Home\",\"item\":\"https:\/\/templatetoaster.com\/da\"},{\"@type\":\"ListItem\",\"position\":2,\"name\":\"Bedste OpenCart Theme Builder Software\"}]},{\"@type\":\"WebSite\",\"@id\":\"https:\/\/templatetoaster.com\/#website\",\"url\":\"https:\/\/templatetoaster.com\/\",\"name\":\"TemplateToaster\",\"description\":\"\",\"publisher\":{\"@id\":\"https:\/\/templatetoaster.com\/#organization\"},\"inLanguage\":\"da-DK\"},{\"@type\":\"Organization\",\"@id\":\"https:\/\/templatetoaster.com\/#organization\",\"name\":\"TemplateToaster\",\"url\":\"https:\/\/templatetoaster.com\/\",\"logo\":{\"@type\":\"ImageObject\",\"inLanguage\":\"da-DK\",\"@id\":\"https:\/\/templatetoaster.com\/#\/schema\/logo\/image\/\",\"url\":\"https:\/\/templatetoaster.com\/wp-content\/uploads\/2019\/11\/TemplateToaster_Logo.jpg\",\"contentUrl\":\"https:\/\/templatetoaster.com\/wp-content\/uploads\/2019\/11\/TemplateToaster_Logo.jpg\",\"width\":85,\"height\":85,\"caption\":\"TemplateToaster\"},\"image\":{\"@id\":\"https:\/\/templatetoaster.com\/#\/schema\/logo\/image\/\"},\"sameAs\":[\"https:\/\/www.facebook.com\/TemplateToaster\",\"https:\/\/x.com\/templatetoaster\",\"https:\/\/www.instagram.com\/templatetoaster\/\",\"https:\/\/www.linkedin.com\/company\/templatetoaster\/\",\"https:\/\/www.pinterest.com\/templatetoaster\/\",\"https:\/\/www.youtube.com\/@TemplateToaster\"]}]}<\/script>\n<!-- \/ Yoast SEO plugin. -->","yoast_head_json":{"title":"Bedste OpenCart Theme Builder Software - TemplateToaster","description":"TemplateToaster er den bedste OpenCart Theme Builder Software","robots":{"index":"index","follow":"follow","max-snippet":"max-snippet:-1","max-image-preview":"max-image-preview:large","max-video-preview":"max-video-preview:-1"},"canonical":"https:\/\/templatetoaster.com\/da\/opencart-theme-builder","og_locale":"da_DK","og_type":"article","og_title":"Bedste OpenCart Theme Builder Software - TemplateToaster","og_description":"TemplateToaster er den bedste OpenCart Theme Builder Software","og_url":"https:\/\/templatetoaster.com\/da\/opencart-theme-builder","og_site_name":"TemplateToaster","article_publisher":"https:\/\/www.facebook.com\/TemplateToaster","article_modified_time":"2019-08-12T10:28:09+00:00","og_image":[{"url":"https:\/\/templatetoaster.com\/wp-content\/uploads\/2017\/04\/multiple-language.png"}],"twitter_card":"summary_large_image","twitter_site":"@templatetoaster","twitter_misc":{"Estimeret l\u00e6setid":"3 minutter"},"schema":{"@context":"https:\/\/schema.org","@graph":[{"@type":"WebPage","@id":"https:\/\/templatetoaster.com\/da\/opencart-theme-builder","url":"https:\/\/templatetoaster.com\/da\/opencart-theme-builder","name":"Bedste OpenCart Theme Builder Software - TemplateToaster","isPartOf":{"@id":"https:\/\/templatetoaster.com\/#website"},"primaryImageOfPage":{"@id":"https:\/\/templatetoaster.com\/da\/opencart-theme-builder#primaryimage"},"image":{"@id":"https:\/\/templatetoaster.com\/da\/opencart-theme-builder#primaryimage"},"thumbnailUrl":"https:\/\/templatetoaster.com\/wp-content\/uploads\/2017\/04\/multiple-language.png","datePublished":"2018-04-14T10:26:19+00:00","dateModified":"2019-08-12T10:28:09+00:00","description":"TemplateToaster er den bedste OpenCart Theme Builder Software","breadcrumb":{"@id":"https:\/\/templatetoaster.com\/da\/opencart-theme-builder#breadcrumb"},"inLanguage":"da-DK","potentialAction":[{"@type":"ReadAction","target":["https:\/\/templatetoaster.com\/da\/opencart-theme-builder"]}]},{"@type":"ImageObject","inLanguage":"da-DK","@id":"https:\/\/templatetoaster.com\/da\/opencart-theme-builder#primaryimage","url":"https:\/\/templatetoaster.com\/wp-content\/uploads\/2017\/04\/multiple-language.png","contentUrl":"https:\/\/templatetoaster.com\/wp-content\/uploads\/2017\/04\/multiple-language.png"},{"@type":"BreadcrumbList","@id":"https:\/\/templatetoaster.com\/da\/opencart-theme-builder#breadcrumb","itemListElement":[{"@type":"ListItem","position":1,"name":"Home","item":"https:\/\/templatetoaster.com\/da"},{"@type":"ListItem","position":2,"name":"Bedste OpenCart Theme Builder Software"}]},{"@type":"WebSite","@id":"https:\/\/templatetoaster.com\/#website","url":"https:\/\/templatetoaster.com\/","name":"TemplateToaster","description":"","publisher":{"@id":"https:\/\/templatetoaster.com\/#organization"},"inLanguage":"da-DK"},{"@type":"Organization","@id":"https:\/\/templatetoaster.com\/#organization","name":"TemplateToaster","url":"https:\/\/templatetoaster.com\/","logo":{"@type":"ImageObject","inLanguage":"da-DK","@id":"https:\/\/templatetoaster.com\/#\/schema\/logo\/image\/","url":"https:\/\/templatetoaster.com\/wp-content\/uploads\/2019\/11\/TemplateToaster_Logo.jpg","contentUrl":"https:\/\/templatetoaster.com\/wp-content\/uploads\/2019\/11\/TemplateToaster_Logo.jpg","width":85,"height":85,"caption":"TemplateToaster"},"image":{"@id":"https:\/\/templatetoaster.com\/#\/schema\/logo\/image\/"},"sameAs":["https:\/\/www.facebook.com\/TemplateToaster","https:\/\/x.com\/templatetoaster","https:\/\/www.instagram.com\/templatetoaster\/","https:\/\/www.linkedin.com\/company\/templatetoaster\/","https:\/\/www.pinterest.com\/templatetoaster\/","https:\/\/www.youtube.com\/@TemplateToaster"]}]}},"_links":{"self":[{"href":"https:\/\/templatetoaster.com\/da\/wp-json\/wp\/v2\/pages\/4572"}],"collection":[{"href":"https:\/\/templatetoaster.com\/da\/wp-json\/wp\/v2\/pages"}],"about":[{"href":"https:\/\/templatetoaster.com\/da\/wp-json\/wp\/v2\/types\/page"}],"author":[{"embeddable":true,"href":"https:\/\/templatetoaster.com\/da\/wp-json\/wp\/v2\/users\/13434"}],"replies":[{"embeddable":true,"href":"https:\/\/templatetoaster.com\/da\/wp-json\/wp\/v2\/comments?post=4572"}],"version-history":[{"count":4,"href":"https:\/\/templatetoaster.com\/da\/wp-json\/wp\/v2\/pages\/4572\/revisions"}],"predecessor-version":[{"id":5893,"href":"https:\/\/templatetoaster.com\/da\/wp-json\/wp\/v2\/pages\/4572\/revisions\/5893"}],"wp:attachment":[{"href":"https:\/\/templatetoaster.com\/da\/wp-json\/wp\/v2\/media?parent=4572"}],"curies":[{"name":"wp","href":"https:\/\/api.w.org\/{rel}","templated":true}]}}