{"id":4513,"date":"2018-04-14T09:45:40","date_gmt":"2018-04-14T09:45:40","guid":{"rendered":"http:\/\/templatetoaster.com?page_id=4513"},"modified":"2018-04-14T09:46:23","modified_gmt":"2018-04-14T09:46:23","slug":"how-to-activate-templatetoaster","status":"publish","type":"page","link":"https:\/\/templatetoaster.com\/da\/how-to-activate-templatetoaster","title":{"rendered":"S\u00e5dan aktiveres TemplateToaster"},"content":{"rendered":"<div class=\"remove_collapsing_margins\"><\/div>\n<p><h1 style=\"background-size:415px 1px;\" class=\"heading_border\">Hvordan du aktiverer TemplateToaster<\/h1>\n<p><\/p>\n<div class=\"border1-scr\" style=\"width:1170px; margin:auto; text-align:center;\" >\n<h2>TRIN 1 : <span style=\"font-size:18px;\">\u00c5bn TemplateToaster og V\u00e6lg en indstilling fra start-up sk\u00e6rm.<\/span><\/h2>\n<p><img decoding=\"async\" src=\"\/wp-content\/uploads\/2016\/03\/screen_short_1.jpg\" class=\"center-block\" style=\"border:1px solid #dadada;\"\/><\/p>\n<h2>TRIN 2 : <span style=\"font-size:18px;\">Du kan designe din skabelon fra bunden ved at v\u00e6lge denne indstilling.<\/span><\/h2>\n<p><img decoding=\"async\" src=\"\/wp-content\/uploads\/2016\/03\/screen_short_2.jpg\" class=\"center-block\" style=\"border:1px solid #dadada;\"\/><\/p>\n<h2>TRIN 3 : <span style=\"font-size:18px;\">Nu v\u00e6lger et farveskema og typografi til dit projekt.<\/span><\/h2>\n<p><img decoding=\"async\" src=\"\/wp-content\/uploads\/2016\/03\/screen_short_3.jpg\" class=\"center-block\" style=\"border:1px solid #dadada;\"\/><\/p>\n<h2>TRIN 4 : <span style=\"font-size:18px;\">V\u00e6lg en skabelon fra eksempelskabeloner og tilpasse sit design i henhold til dine pr\u00e6ferencer.<\/span><\/h2>\n<p><img decoding=\"async\" src=\"\/wp-content\/uploads\/2016\/03\/screen_short_4.jpg\" class=\"center-block\" style=\"border:1px solid #dadada;\"\/><\/p>\n<h2>TRIN 5 : <span style=\"font-size:18px;\">Klik p\u00e5 startknappen for at starte dit projekt, n\u00e5r du v\u00e6lger farver og typografi.<\/span><\/h2>\n<p><img decoding=\"async\" src=\"\/wp-content\/uploads\/2016\/03\/screen_short_5.jpg\" class=\"center-block\" style=\"border:1px solid #dadada;\"\/><\/p>\n<h2>TRIN 6 : <span style=\"font-size:18px;\">G\u00e5 til menuen Filer. Klik p\u00e5 Aktivering option.<\/span><\/h2>\n<p><img decoding=\"async\" src=\"\/wp-content\/uploads\/2016\/03\/screen_short_6.jpg\" class=\"center-block\" style=\"border:1px solid #dadada;\"\/><\/p>\n<h2>TRIN 7 : <span style=\"font-size:18px;\">Indtast den k\u00f8bte Aktiveringsn\u00f8gle og klikke p\u00e5 Aktiver knappen.<\/span><\/h2>\n<p><img decoding=\"async\" src=\"\/wp-content\/uploads\/2016\/03\/screen_short_7.jpg\" class=\"center-block\" style=\"border:1px solid #dadada;\"\/><\/p>\n<h2>TRIN 8<\/h2>\n<p><img decoding=\"async\" src=\"\/wp-content\/uploads\/2016\/03\/screen_short_8.jpg\" class=\"center-block\" style=\"border:1px solid #dadada;\"\/><\/p>\n<\/div>\n","protected":false},"excerpt":{"rendered":"<p>Hvordan du aktiverer TemplateToaster TRIN 1 : \u00c5bn TemplateToaster og V\u00e6lg en indstilling fra start-up sk\u00e6rm. TRIN 2 : Du kan designe din skabelon fra bunden ved at v\u00e6lge denne indstilling. TRIN 3 : Nu v\u00e6lger et farveskema og typografi &hellip; <a href=\"https:\/\/templatetoaster.com\/da\/how-to-activate-templatetoaster\">Continue Reading<span class=\"meta-nav\">&rarr;<\/span><\/a><\/p>\n","protected":false},"author":13434,"featured_media":0,"parent":0,"menu_order":0,"comment_status":"closed","ping_status":"open","template":"","meta":{"footnotes":""},"yoast_head":"<!-- This site is optimized with the Yoast SEO plugin v23.5 - https:\/\/yoast.com\/wordpress\/plugins\/seo\/ -->\n<title>S\u00e5dan aktiveres TemplateToaster - TemplateToaster<\/title>\n<meta name=\"description\" content=\"S\u00e5dan aktiveres TemplateToaster Software\" \/>\n<meta name=\"robots\" content=\"index, follow, max-snippet:-1, max-image-preview:large, max-video-preview:-1\" \/>\n<link rel=\"canonical\" href=\"https:\/\/templatetoaster.com\/da\/how-to-activate-templatetoaster\" \/>\n<meta property=\"og:locale\" content=\"da_DK\" \/>\n<meta property=\"og:type\" content=\"article\" \/>\n<meta property=\"og:title\" content=\"S\u00e5dan aktiveres TemplateToaster - TemplateToaster\" \/>\n<meta property=\"og:description\" content=\"S\u00e5dan aktiveres TemplateToaster Software\" \/>\n<meta property=\"og:url\" content=\"https:\/\/templatetoaster.com\/da\/how-to-activate-templatetoaster\" \/>\n<meta property=\"og:site_name\" content=\"TemplateToaster\" \/>\n<meta property=\"article:publisher\" content=\"https:\/\/www.facebook.com\/TemplateToaster\" \/>\n<meta property=\"article:modified_time\" content=\"2018-04-14T09:46:23+00:00\" \/>\n<meta property=\"og:image\" content=\"https:\/\/templatetoaster.com\/wp-content\/uploads\/2015\/07\/TemplateToaster-325X325.png\" \/>\n\t<meta property=\"og:image:width\" content=\"325\" \/>\n\t<meta property=\"og:image:height\" content=\"325\" \/>\n\t<meta property=\"og:image:type\" content=\"image\/png\" \/>\n<meta name=\"twitter:card\" content=\"summary_large_image\" \/>\n<meta name=\"twitter:site\" content=\"@templatetoaster\" \/>\n<script type=\"application\/ld+json\" class=\"yoast-schema-graph\">{\"@context\":\"https:\/\/schema.org\",\"@graph\":[{\"@type\":\"WebPage\",\"@id\":\"https:\/\/templatetoaster.com\/da\/how-to-activate-templatetoaster\",\"url\":\"https:\/\/templatetoaster.com\/da\/how-to-activate-templatetoaster\",\"name\":\"S\u00e5dan aktiveres TemplateToaster - TemplateToaster\",\"isPartOf\":{\"@id\":\"https:\/\/templatetoaster.com\/#website\"},\"datePublished\":\"2018-04-14T09:45:40+00:00\",\"dateModified\":\"2018-04-14T09:46:23+00:00\",\"description\":\"S\u00e5dan aktiveres TemplateToaster Software\",\"breadcrumb\":{\"@id\":\"https:\/\/templatetoaster.com\/da\/how-to-activate-templatetoaster#breadcrumb\"},\"inLanguage\":\"da-DK\",\"potentialAction\":[{\"@type\":\"ReadAction\",\"target\":[\"https:\/\/templatetoaster.com\/da\/how-to-activate-templatetoaster\"]}]},{\"@type\":\"BreadcrumbList\",\"@id\":\"https:\/\/templatetoaster.com\/da\/how-to-activate-templatetoaster#breadcrumb\",\"itemListElement\":[{\"@type\":\"ListItem\",\"position\":1,\"name\":\"Home\",\"item\":\"https:\/\/templatetoaster.com\/da\"},{\"@type\":\"ListItem\",\"position\":2,\"name\":\"S\u00e5dan aktiveres TemplateToaster\"}]},{\"@type\":\"WebSite\",\"@id\":\"https:\/\/templatetoaster.com\/#website\",\"url\":\"https:\/\/templatetoaster.com\/\",\"name\":\"TemplateToaster\",\"description\":\"\",\"publisher\":{\"@id\":\"https:\/\/templatetoaster.com\/#organization\"},\"inLanguage\":\"da-DK\"},{\"@type\":\"Organization\",\"@id\":\"https:\/\/templatetoaster.com\/#organization\",\"name\":\"TemplateToaster\",\"url\":\"https:\/\/templatetoaster.com\/\",\"logo\":{\"@type\":\"ImageObject\",\"inLanguage\":\"da-DK\",\"@id\":\"https:\/\/templatetoaster.com\/#\/schema\/logo\/image\/\",\"url\":\"https:\/\/templatetoaster.com\/wp-content\/uploads\/2019\/11\/TemplateToaster_Logo.jpg\",\"contentUrl\":\"https:\/\/templatetoaster.com\/wp-content\/uploads\/2019\/11\/TemplateToaster_Logo.jpg\",\"width\":85,\"height\":85,\"caption\":\"TemplateToaster\"},\"image\":{\"@id\":\"https:\/\/templatetoaster.com\/#\/schema\/logo\/image\/\"},\"sameAs\":[\"https:\/\/www.facebook.com\/TemplateToaster\",\"https:\/\/x.com\/templatetoaster\",\"https:\/\/www.instagram.com\/templatetoaster\/\",\"https:\/\/www.linkedin.com\/company\/templatetoaster\/\",\"https:\/\/www.pinterest.com\/templatetoaster\/\",\"https:\/\/www.youtube.com\/@TemplateToaster\"]}]}<\/script>\n<!-- \/ Yoast SEO plugin. -->","yoast_head_json":{"title":"S\u00e5dan aktiveres TemplateToaster - TemplateToaster","description":"S\u00e5dan aktiveres TemplateToaster Software","robots":{"index":"index","follow":"follow","max-snippet":"max-snippet:-1","max-image-preview":"max-image-preview:large","max-video-preview":"max-video-preview:-1"},"canonical":"https:\/\/templatetoaster.com\/da\/how-to-activate-templatetoaster","og_locale":"da_DK","og_type":"article","og_title":"S\u00e5dan aktiveres TemplateToaster - TemplateToaster","og_description":"S\u00e5dan aktiveres TemplateToaster Software","og_url":"https:\/\/templatetoaster.com\/da\/how-to-activate-templatetoaster","og_site_name":"TemplateToaster","article_publisher":"https:\/\/www.facebook.com\/TemplateToaster","article_modified_time":"2018-04-14T09:46:23+00:00","og_image":[{"width":325,"height":325,"url":"https:\/\/templatetoaster.com\/wp-content\/uploads\/2015\/07\/TemplateToaster-325X325.png","type":"image\/png"}],"twitter_card":"summary_large_image","twitter_site":"@templatetoaster","schema":{"@context":"https:\/\/schema.org","@graph":[{"@type":"WebPage","@id":"https:\/\/templatetoaster.com\/da\/how-to-activate-templatetoaster","url":"https:\/\/templatetoaster.com\/da\/how-to-activate-templatetoaster","name":"S\u00e5dan aktiveres TemplateToaster - TemplateToaster","isPartOf":{"@id":"https:\/\/templatetoaster.com\/#website"},"datePublished":"2018-04-14T09:45:40+00:00","dateModified":"2018-04-14T09:46:23+00:00","description":"S\u00e5dan aktiveres TemplateToaster Software","breadcrumb":{"@id":"https:\/\/templatetoaster.com\/da\/how-to-activate-templatetoaster#breadcrumb"},"inLanguage":"da-DK","potentialAction":[{"@type":"ReadAction","target":["https:\/\/templatetoaster.com\/da\/how-to-activate-templatetoaster"]}]},{"@type":"BreadcrumbList","@id":"https:\/\/templatetoaster.com\/da\/how-to-activate-templatetoaster#breadcrumb","itemListElement":[{"@type":"ListItem","position":1,"name":"Home","item":"https:\/\/templatetoaster.com\/da"},{"@type":"ListItem","position":2,"name":"S\u00e5dan aktiveres TemplateToaster"}]},{"@type":"WebSite","@id":"https:\/\/templatetoaster.com\/#website","url":"https:\/\/templatetoaster.com\/","name":"TemplateToaster","description":"","publisher":{"@id":"https:\/\/templatetoaster.com\/#organization"},"inLanguage":"da-DK"},{"@type":"Organization","@id":"https:\/\/templatetoaster.com\/#organization","name":"TemplateToaster","url":"https:\/\/templatetoaster.com\/","logo":{"@type":"ImageObject","inLanguage":"da-DK","@id":"https:\/\/templatetoaster.com\/#\/schema\/logo\/image\/","url":"https:\/\/templatetoaster.com\/wp-content\/uploads\/2019\/11\/TemplateToaster_Logo.jpg","contentUrl":"https:\/\/templatetoaster.com\/wp-content\/uploads\/2019\/11\/TemplateToaster_Logo.jpg","width":85,"height":85,"caption":"TemplateToaster"},"image":{"@id":"https:\/\/templatetoaster.com\/#\/schema\/logo\/image\/"},"sameAs":["https:\/\/www.facebook.com\/TemplateToaster","https:\/\/x.com\/templatetoaster","https:\/\/www.instagram.com\/templatetoaster\/","https:\/\/www.linkedin.com\/company\/templatetoaster\/","https:\/\/www.pinterest.com\/templatetoaster\/","https:\/\/www.youtube.com\/@TemplateToaster"]}]}},"_links":{"self":[{"href":"https:\/\/templatetoaster.com\/da\/wp-json\/wp\/v2\/pages\/4513"}],"collection":[{"href":"https:\/\/templatetoaster.com\/da\/wp-json\/wp\/v2\/pages"}],"about":[{"href":"https:\/\/templatetoaster.com\/da\/wp-json\/wp\/v2\/types\/page"}],"author":[{"embeddable":true,"href":"https:\/\/templatetoaster.com\/da\/wp-json\/wp\/v2\/users\/13434"}],"replies":[{"embeddable":true,"href":"https:\/\/templatetoaster.com\/da\/wp-json\/wp\/v2\/comments?post=4513"}],"version-history":[{"count":2,"href":"https:\/\/templatetoaster.com\/da\/wp-json\/wp\/v2\/pages\/4513\/revisions"}],"predecessor-version":[{"id":4517,"href":"https:\/\/templatetoaster.com\/da\/wp-json\/wp\/v2\/pages\/4513\/revisions\/4517"}],"wp:attachment":[{"href":"https:\/\/templatetoaster.com\/da\/wp-json\/wp\/v2\/media?parent=4513"}],"curies":[{"name":"wp","href":"https:\/\/api.w.org\/{rel}","templated":true}]}}