{"id":4502,"date":"2018-04-14T08:02:52","date_gmt":"2018-04-14T08:02:52","guid":{"rendered":"http:\/\/templatetoaster.com?page_id=4502"},"modified":"2019-08-09T07:54:44","modified_gmt":"2019-08-09T07:54:44","slug":"faqs","status":"publish","type":"page","link":"https:\/\/templatetoaster.com\/da\/faqs","title":{"rendered":"Ofte stillede sp\u00f8rgsm\u00e5l"},"content":{"rendered":"<div class=\"tt_faq_row row\">\n<h1 class=\"heading_border\" style=\"background-size: 586px 1px; padding-top: 40px; bottom-top: 10px;\">TemplateToaster stillede ofte sp\u00f8rgsm\u00e5l<\/h1>\n<h4 class=\"joomla\">Q: Jeg kan flytte TemplateToaster fra \u00e9n Computer til en anden?<\/h4>\n<p class=\"wordpress\">A: Ja, blot deaktivere TemplateToaster fra nuv\u00e6rende computer, installere det p\u00e5 en ny computer, og du vil v\u00e6re i stand til at aktivere den igen ved hj\u00e6lp af din k\u00f8bte licensn\u00f8gle.<\/p>\n<h4 class=\"joomla\">Q: Jeg kan installere den p\u00e5 mere end \u00e9n computer?<\/h4>\n<p class=\"wordpress\">A: <del datetime=\"2013-06-01T04:25:23+00:00\">Nej, Vi tillader kun \u00e9n aktivering pr. licensn\u00f8glen<\/del>. P\u00e5 anmodning af vores prestigefyldte kunder, Vi tilbyder nu to aktiveringer, men begge computere skal v\u00e6re ejet af en enkelt person.<\/p>\n<h4 class=\"joomla\">Q: Jeg kan s\u00e6lge min licens?<\/h4>\n<p class=\"wordpress\">A: Ja, Du kan s\u00e6lge eller overf\u00f8re din licensn\u00f8gle til nogen. Du kan \u00e6ndre ejerskab detaljer som navn eller e-mail fra din profilside n\u00e5r som helst.<\/p>\n<h4 class=\"joomla\">Q: Jeg kan s\u00e6lge skabeloner eller temaer lavet med TemplateToaster?<\/h4>\n<p class=\"wordpress\">A: Sikker p\u00e5, at, Du kan s\u00e6lge de eksporterede skabeloner til \u00f8nskede antal personer.<\/p>\n<h4 class=\"joomla\">Q: Er der nogen dom\u00e6ne relaterede begr\u00e6nsning?<\/h4>\n<p class=\"wordpress\">A: Nej, der er ingen \u201cDom\u00e6ne\u201d eller \u201cantal sider\u201d relaterede begr\u00e6nsning, Du kan oprette s\u00e5 mange skabeloner eller temaer og til s\u00e5 mange hjemmesider som du har brug for.<\/p>\n<h4 class=\"joomla\">Q: Hvad hvis min Computer Crash?<\/h4>\n<p class=\"wordpress\">A: Du skal blot lave din computer, format eller geninstallere operativsystemet, hvis det er n\u00f8dvendigt, geninstallere TemplateToaster og det skulle automatisk give dig til at genaktivere det..<\/p>\n<h4 class=\"joomla\">Q: Dine betalingsmetoder doesn \u2019 t passer mig?<\/h4>\n<p class=\"wordpress\">A: Vi har nogle yderligere betalingsmetoder, Du kan kontakte os for det.<\/p>\n<h4 class=\"joomla\">Q: Indeholder TemplateToaster skabeloner?<\/h4>\n<p class=\"wordpress\">A: Nej, TemplateToaster strengt doesn \u2019 t indeholder en skabelon, Det skaber unikke tema eller skabeloner p\u00e5 runtime.<\/p>\n<h4 class=\"joomla\">Q: Jeg har installeret en pr\u00f8veversion, Skal jeg installere nogle en anden version efter k\u00f8b?<\/h4>\n<p class=\"wordpress\">A: Nej, Du skal aktivere din eksisterende pr\u00f8veversionen ved hj\u00e6lp af din k\u00f8bte licensn\u00f8gle.<\/p>\n<h4 class=\"joomla\">Q: Findes der en tidsbegr\u00e6nsning for retssag gengivelse?<\/h4>\n<p class=\"wordpress\">A:Nej, TemplateToaster retssag er ikke bindende, men det \u2019 ll print \u201cEvaluering gengivelse\u201d vandm\u00e6rker hele de eksporterede skabeloner.<\/p>\n<h4 class=\"joomla\">Q: Jeg kan opgradere fra Standard til Professional Edition?<\/h4>\n<p class=\"wordpress\">A: Ja, Du kan <a href=\"https:\/\/templatetoaster.com\/purchase-upgrade\">opgradering <\/a>fra Standard til Professional Edition ved at betale prisforskellen. Efter bekr\u00e6ftelse af opgradering betaling lancere TemplateToaster, begive sig til fil -&gt; aktivering -&gt; Deaktiver, Nu begive sig til fil -&gt; Indstillinger -&gt; V\u00e6lg Professional Edition og derefter aktivere med din eksisterende n\u00f8gle.<\/p>\n<h4 class=\"joomla\">Q: Du har tilbyder en pengene tilbage garanti?<\/h4>\n<p class=\"wordpress\">A: Nej, Vi leverer ubegr\u00e6nsede pr\u00f8veversion og foresl\u00e5 dig at evaluere TemplateToaster f\u00f8r du k\u00f8ber.<\/p>\n<h4 class=\"joomla\">Q: Hvor mange browsere kan underst\u00f8tter du?<\/h4>\n<p class=\"wordpress\">A: Vi st\u00f8tter alle st\u00f8rre browsere, herunder Firefox, Chrome, Internet Explorer, Opera, Safari osv.<\/p>\n<h4 class=\"joomla\">Q:14- Er de eksporterede skabeloner W3C gyldig?<\/h4>\n<p class=\"wordpress\">A: Ja, XHTML og CSS af eksporterede skabelon(s) er W3C gyldig.<\/p>\n<h4 class=\"joomla\">Q: Er eksporteret skabeloner Search Engine Friendly?<\/h4>\n<p class=\"wordpress\">A: Ja, TemplateToaster gennemf\u00f8re \u00f8kologisk SEO teknikker til h\u00f8jere placeringer.<\/p>\n<h4 class=\"joomla\">Q:Hvordan du opgraderer TemplateToaster?<\/h4>\n<p class=\"wordpress\">A: Download nyeste version fra vores <a href=\"https:\/\/templatetoaster.com\/download\">downloads <\/a>side, og dobbeltklik p\u00e5 den downloadede installationsfil, det vil automatisk g\u00f8re opgraderingen.<\/p>\n<h4 class=\"joomla\">Q: I hvor mange sprog er TemplateToaseter brugergr\u00e6nseflade tilg\u00e6ngelig?<\/h4>\n<p class=\"wordpress\">A:TemplateToaster brugergr\u00e6nseflade er tilg\u00e6ngelig i 8 Sprog, kan du bes\u00f8ge efter <a href=\"https:\/\/templatetoaster.com\/download\">side <\/a>for detaljer<\/p>\n<h4 class=\"joomla\">Q: I hvor mange sprog arbejde eksporterede hjemmesider og skabeloner?<\/h4>\n<p class=\"wordpress\">A: Skabeloner og websites eksporteret fra TemplateToaster er sprog selvst\u00e6ndig, Du kan bruge dem i ethvert sprog.<\/p>\n<h4 class=\"joomla\">Q: Hvorn\u00e5r udl\u00f8ber min kopi af TemplateToaster?<\/h4>\n<p class=\"wordpress\">A: Du kan bruge din k\u00f8bte TemplateToaster version for levetid. Vi tilbyder gratis opdateringer i et \u00e5r med hver licens, Det betyder, at du \u2019 ll v\u00e6re i stand til at opgradere til alle versioner frigives inden for et \u00e5r, efter denne periode kan du enten opdatere dit abonnement eller forts\u00e6tte med at bruge din k\u00f8bte version. \u00c5rlige opdateringer fornyelse(Hvis det er n\u00f8dvendigt) vil koste dig 40% af produktprisen.<\/p>\n<h4 class=\"joomla\">Q: Er der nogen begr\u00e6nsninger for at bruge TemplateToaster biblioteket billeder?<\/h4>\n<p class=\"wordpress\">A: Du kan bruge de bestand billeder i din personlige og din klient \u2019 s skabeloner, men ikke kan bruge i de skabeloner, som du stiller til r\u00e5dighed som mass download gratis.<\/p>\n<h4>Q: Jeg kan ikke f\u00e5 adgang til alle funktionerne i TemplateToaster?<\/h4>\n<p class=\"wordpress\">A: Hvis du har k\u00f8bt Professional Edition og f\u00e5r besked n\u00e5r du Buger advance indstillinger \u201cDenne funktion er ikke tilg\u00e6ngelig i k\u00f8rer edition. Skifte til en nyere udgave\u201d, Bare g\u00e5 til filen-&gt; aktivering-&gt; forhindre TemplateToaster, Nu begive sig til fil-&gt; indstillinger og v\u00e6lg Professional Edition og re-aktivere TemplateToaster.<\/p>\n<h4 class=\"joomla\">Q: Du p\u00e5l\u00e6gge nogen begr\u00e6nsninger i pr\u00f8veversionen?<\/h4>\n<p class=\"wordpress\">A: Pr\u00f8veversion tilf\u00f8je retssag vandm\u00e6rker hele de eksporterede skabeloner og du kan ikke gemme dine projekter som .ttr fil til fremtidige redigering, men du kan eksportere skabeloner til at installere p\u00e5 dit CMS-system som WordPress, Joomla osv.<\/p>\n<h4 class=\"joomla\">Q: Jeg kan design skabeloner\/websteder\/temaer for mine klienter?<\/h4>\n<p class=\"wordpress\">A: Sikker p\u00e5, at, der er ingen s\u00e5danne begr\u00e6nsninger, Du kan designe dine klienter.<\/p>\n<h4 class=\"joomla\">Q: <span id=\"tr_0\" class=\"tr_\" data-source=\"\" data-orig=\"What is the Maximum custom image size supported\">What is the Maximum custom image size supported<\/span> ?<\/h4>\n<p class=\"wordpress\">A: <span id=\"tr_1\" class=\"tr_\" data-source=\"\" data-orig=\"TemplateToaster v6 support upto\">TemplateToaster v6 support upto<\/span> 2000 <span id=\"tr_2\" class=\"tr_\" data-source=\"\" data-orig=\"px images but you can use any image size in v7\">px images but you can use any image size in v7<\/span>.<\/p>\n<\/div>\n","protected":false},"excerpt":{"rendered":"<p>TemplateToaster stillede ofte sp\u00f8rgsm\u00e5l Q: Jeg kan flytte TemplateToaster fra \u00e9n Computer til en anden? A: Ja, blot deaktivere TemplateToaster fra nuv\u00e6rende computer, installere det p\u00e5 en ny computer, og du vil v\u00e6re i stand til at aktivere den igen &hellip; <a href=\"https:\/\/templatetoaster.com\/da\/faqs\">Continue Reading<span class=\"meta-nav\">&rarr;<\/span><\/a><\/p>\n","protected":false},"author":13434,"featured_media":0,"parent":0,"menu_order":0,"comment_status":"closed","ping_status":"closed","template":"PageTemplate1.php","meta":{"footnotes":""},"yoast_head":"<!-- This site is optimized with the Yoast SEO plugin v23.5 - https:\/\/yoast.com\/wordpress\/plugins\/seo\/ -->\n<title>Ofte stillede sp\u00f8rgsm\u00e5l - TemplateToaster<\/title>\n<meta name=\"description\" content=\"TemplateToaster Ofte stillede sp\u00f8rgsm\u00e5l\" \/>\n<meta name=\"robots\" content=\"index, follow, max-snippet:-1, max-image-preview:large, max-video-preview:-1\" \/>\n<link rel=\"canonical\" href=\"https:\/\/templatetoaster.com\/da\/faqs\" \/>\n<meta property=\"og:locale\" content=\"da_DK\" \/>\n<meta property=\"og:type\" content=\"article\" \/>\n<meta property=\"og:title\" content=\"Ofte stillede sp\u00f8rgsm\u00e5l - TemplateToaster\" \/>\n<meta property=\"og:description\" content=\"TemplateToaster Ofte stillede sp\u00f8rgsm\u00e5l\" \/>\n<meta property=\"og:url\" content=\"https:\/\/templatetoaster.com\/da\/faqs\" \/>\n<meta property=\"og:site_name\" content=\"TemplateToaster\" \/>\n<meta property=\"article:publisher\" content=\"https:\/\/www.facebook.com\/TemplateToaster\" \/>\n<meta property=\"article:modified_time\" content=\"2019-08-09T07:54:44+00:00\" \/>\n<meta property=\"og:image\" content=\"https:\/\/templatetoaster.com\/wp-content\/uploads\/2015\/07\/TemplateToaster-325X325.png\" \/>\n\t<meta property=\"og:image:width\" content=\"325\" \/>\n\t<meta property=\"og:image:height\" content=\"325\" \/>\n\t<meta property=\"og:image:type\" content=\"image\/png\" \/>\n<meta name=\"twitter:card\" content=\"summary_large_image\" \/>\n<meta name=\"twitter:site\" content=\"@templatetoaster\" \/>\n<meta name=\"twitter:label1\" content=\"Estimeret l\u00e6setid\" \/>\n\t<meta name=\"twitter:data1\" content=\"4 minutter\" \/>\n<script type=\"application\/ld+json\" class=\"yoast-schema-graph\">{\"@context\":\"https:\/\/schema.org\",\"@graph\":[{\"@type\":\"WebPage\",\"@id\":\"https:\/\/templatetoaster.com\/da\/faqs\",\"url\":\"https:\/\/templatetoaster.com\/da\/faqs\",\"name\":\"Ofte stillede sp\u00f8rgsm\u00e5l - TemplateToaster\",\"isPartOf\":{\"@id\":\"https:\/\/templatetoaster.com\/#website\"},\"datePublished\":\"2018-04-14T08:02:52+00:00\",\"dateModified\":\"2019-08-09T07:54:44+00:00\",\"description\":\"TemplateToaster Ofte stillede sp\u00f8rgsm\u00e5l\",\"breadcrumb\":{\"@id\":\"https:\/\/templatetoaster.com\/da\/faqs#breadcrumb\"},\"inLanguage\":\"da-DK\",\"potentialAction\":[{\"@type\":\"ReadAction\",\"target\":[\"https:\/\/templatetoaster.com\/da\/faqs\"]}]},{\"@type\":\"BreadcrumbList\",\"@id\":\"https:\/\/templatetoaster.com\/da\/faqs#breadcrumb\",\"itemListElement\":[{\"@type\":\"ListItem\",\"position\":1,\"name\":\"Home\",\"item\":\"https:\/\/templatetoaster.com\/da\"},{\"@type\":\"ListItem\",\"position\":2,\"name\":\"Ofte stillede sp\u00f8rgsm\u00e5l\"}]},{\"@type\":\"WebSite\",\"@id\":\"https:\/\/templatetoaster.com\/#website\",\"url\":\"https:\/\/templatetoaster.com\/\",\"name\":\"TemplateToaster\",\"description\":\"\",\"publisher\":{\"@id\":\"https:\/\/templatetoaster.com\/#organization\"},\"inLanguage\":\"da-DK\"},{\"@type\":\"Organization\",\"@id\":\"https:\/\/templatetoaster.com\/#organization\",\"name\":\"TemplateToaster\",\"url\":\"https:\/\/templatetoaster.com\/\",\"logo\":{\"@type\":\"ImageObject\",\"inLanguage\":\"da-DK\",\"@id\":\"https:\/\/templatetoaster.com\/#\/schema\/logo\/image\/\",\"url\":\"https:\/\/templatetoaster.com\/wp-content\/uploads\/2019\/11\/TemplateToaster_Logo.jpg\",\"contentUrl\":\"https:\/\/templatetoaster.com\/wp-content\/uploads\/2019\/11\/TemplateToaster_Logo.jpg\",\"width\":85,\"height\":85,\"caption\":\"TemplateToaster\"},\"image\":{\"@id\":\"https:\/\/templatetoaster.com\/#\/schema\/logo\/image\/\"},\"sameAs\":[\"https:\/\/www.facebook.com\/TemplateToaster\",\"https:\/\/x.com\/templatetoaster\",\"https:\/\/www.instagram.com\/templatetoaster\/\",\"https:\/\/www.linkedin.com\/company\/templatetoaster\/\",\"https:\/\/www.pinterest.com\/templatetoaster\/\",\"https:\/\/www.youtube.com\/@TemplateToaster\"]}]}<\/script>\n<!-- \/ Yoast SEO plugin. -->","yoast_head_json":{"title":"Ofte stillede sp\u00f8rgsm\u00e5l - TemplateToaster","description":"TemplateToaster Ofte stillede sp\u00f8rgsm\u00e5l","robots":{"index":"index","follow":"follow","max-snippet":"max-snippet:-1","max-image-preview":"max-image-preview:large","max-video-preview":"max-video-preview:-1"},"canonical":"https:\/\/templatetoaster.com\/da\/faqs","og_locale":"da_DK","og_type":"article","og_title":"Ofte stillede sp\u00f8rgsm\u00e5l - TemplateToaster","og_description":"TemplateToaster Ofte stillede sp\u00f8rgsm\u00e5l","og_url":"https:\/\/templatetoaster.com\/da\/faqs","og_site_name":"TemplateToaster","article_publisher":"https:\/\/www.facebook.com\/TemplateToaster","article_modified_time":"2019-08-09T07:54:44+00:00","og_image":[{"width":325,"height":325,"url":"https:\/\/templatetoaster.com\/wp-content\/uploads\/2015\/07\/TemplateToaster-325X325.png","type":"image\/png"}],"twitter_card":"summary_large_image","twitter_site":"@templatetoaster","twitter_misc":{"Estimeret l\u00e6setid":"4 minutter"},"schema":{"@context":"https:\/\/schema.org","@graph":[{"@type":"WebPage","@id":"https:\/\/templatetoaster.com\/da\/faqs","url":"https:\/\/templatetoaster.com\/da\/faqs","name":"Ofte stillede sp\u00f8rgsm\u00e5l - TemplateToaster","isPartOf":{"@id":"https:\/\/templatetoaster.com\/#website"},"datePublished":"2018-04-14T08:02:52+00:00","dateModified":"2019-08-09T07:54:44+00:00","description":"TemplateToaster Ofte stillede sp\u00f8rgsm\u00e5l","breadcrumb":{"@id":"https:\/\/templatetoaster.com\/da\/faqs#breadcrumb"},"inLanguage":"da-DK","potentialAction":[{"@type":"ReadAction","target":["https:\/\/templatetoaster.com\/da\/faqs"]}]},{"@type":"BreadcrumbList","@id":"https:\/\/templatetoaster.com\/da\/faqs#breadcrumb","itemListElement":[{"@type":"ListItem","position":1,"name":"Home","item":"https:\/\/templatetoaster.com\/da"},{"@type":"ListItem","position":2,"name":"Ofte stillede sp\u00f8rgsm\u00e5l"}]},{"@type":"WebSite","@id":"https:\/\/templatetoaster.com\/#website","url":"https:\/\/templatetoaster.com\/","name":"TemplateToaster","description":"","publisher":{"@id":"https:\/\/templatetoaster.com\/#organization"},"inLanguage":"da-DK"},{"@type":"Organization","@id":"https:\/\/templatetoaster.com\/#organization","name":"TemplateToaster","url":"https:\/\/templatetoaster.com\/","logo":{"@type":"ImageObject","inLanguage":"da-DK","@id":"https:\/\/templatetoaster.com\/#\/schema\/logo\/image\/","url":"https:\/\/templatetoaster.com\/wp-content\/uploads\/2019\/11\/TemplateToaster_Logo.jpg","contentUrl":"https:\/\/templatetoaster.com\/wp-content\/uploads\/2019\/11\/TemplateToaster_Logo.jpg","width":85,"height":85,"caption":"TemplateToaster"},"image":{"@id":"https:\/\/templatetoaster.com\/#\/schema\/logo\/image\/"},"sameAs":["https:\/\/www.facebook.com\/TemplateToaster","https:\/\/x.com\/templatetoaster","https:\/\/www.instagram.com\/templatetoaster\/","https:\/\/www.linkedin.com\/company\/templatetoaster\/","https:\/\/www.pinterest.com\/templatetoaster\/","https:\/\/www.youtube.com\/@TemplateToaster"]}]}},"_links":{"self":[{"href":"https:\/\/templatetoaster.com\/da\/wp-json\/wp\/v2\/pages\/4502"}],"collection":[{"href":"https:\/\/templatetoaster.com\/da\/wp-json\/wp\/v2\/pages"}],"about":[{"href":"https:\/\/templatetoaster.com\/da\/wp-json\/wp\/v2\/types\/page"}],"author":[{"embeddable":true,"href":"https:\/\/templatetoaster.com\/da\/wp-json\/wp\/v2\/users\/13434"}],"replies":[{"embeddable":true,"href":"https:\/\/templatetoaster.com\/da\/wp-json\/wp\/v2\/comments?post=4502"}],"version-history":[{"count":3,"href":"https:\/\/templatetoaster.com\/da\/wp-json\/wp\/v2\/pages\/4502\/revisions"}],"predecessor-version":[{"id":63959,"href":"https:\/\/templatetoaster.com\/da\/wp-json\/wp\/v2\/pages\/4502\/revisions\/63959"}],"wp:attachment":[{"href":"https:\/\/templatetoaster.com\/da\/wp-json\/wp\/v2\/media?parent=4502"}],"curies":[{"name":"wp","href":"https:\/\/api.w.org\/{rel}","templated":true}]}}