{"id":4493,"date":"2018-04-14T07:57:04","date_gmt":"2018-04-14T07:57:04","guid":{"rendered":"http:\/\/templatetoaster.com?page_id=4493"},"modified":"2019-08-20T07:19:09","modified_gmt":"2019-08-20T07:19:09","slug":"download","status":"publish","type":"page","link":"https:\/\/templatetoaster.com\/da\/download","title":{"rendered":"downloade"},"content":{"rendered":"<div class=\"ttr_download_section\">\n<h1 class=\"heading_border heading2\" style=\"background-size: 362px 1px;\">Download TemplateToaster<\/h1>\n<p>Seneste TemplateToaster version er tilg\u00e6ngelig p\u00e5 denne side. Vi tilbyder ubegr\u00e6nset produkt trial, Du kan <a style=\"text-decoration: underline;\" href=\"https:\/\/kb.templatetoaster.com\/templatetoaster-license-activation\/\" target=\"_blank\" rel=\"noopener\">Aktivere TemplateToaster<\/a> n\u00e5r som helst ved at k\u00f8be din aktiveringsn\u00f8gle fra vores <a style=\"text-decoration: underline;\" href=\"https:\/\/templatetoaster.com\/da\/purchase\" target=\"_blank\" rel=\"noopener\">Siden k\u00f8b<\/a>.<\/p>\n<div class=\"download_side\" style=\"text-align: center; font-size: 10px;\">\n<div class=\"download-release\"><a class=\"btn download_button\" href=\"https:\/\/templatetoaster.com\/downloads\/TemplateToaster.exe\">Download Now<\/a><\/p>\n<div class=\"download-version\">\n<p><b>Version: 8.1.0.21130 <\/b><\/p>\n<p>Udgivelsesdato: Mar 23, 2026<\/p>\n<p><a style=\"font-size: 14px;\" href=\"https:\/\/templatetoaster.com\/changelog\">(Changelog) <\/a><\/p>\n<p>&nbsp;<\/p>\n<p><a style=\"font-size: 16px;\" href=\"https:\/\/templatetoaster.com\/downloads\/beta\/TemplateToaster-web.exe\">Download<\/a> TemplateToaster v8 Beta<\/p>\n<p>(<a style=\"font-size: 14px;\" href=\"https:\/\/templatetoaster.com\/templatetoaster-8\" target=\"_blank\" rel=\"noopener\">Hvad er nyt<\/a>)\n<\/div>\n<\/div>\n<\/div>\n<\/div>\n<div class=\"clearfix\"><\/div>\n<div class=\"ttr_download_section2 row\">\n<div class=\"ttr_download_section_content\">\n<h2 style=\"font-weight: 500;\">Systemkrav<\/h2>\n<p>&nbsp;<\/p>\n<p>Windows XP(SP3), Vista, Windows 7, Windows 8, Windows 8.1, Windows 10<\/p>\n<p>MAC Through Virtual Machines<\/p>\n<\/div>\n<\/div>\n","protected":false},"excerpt":{"rendered":"<p>Download TemplateToaster Seneste TemplateToaster version er tilg\u00e6ngelig p\u00e5 denne side. Vi tilbyder ubegr\u00e6nset produkt trial, Du kan Aktivere TemplateToaster n\u00e5r som helst ved at k\u00f8be din aktiveringsn\u00f8gle fra vores Siden k\u00f8b. Download Now Version: Udgivelsesdato: (Changelog) &nbsp; Download TemplateToaster v8 &hellip; <a href=\"https:\/\/templatetoaster.com\/da\/download\">Continue Reading<span class=\"meta-nav\">&rarr;<\/span><\/a><\/p>\n","protected":false},"author":13434,"featured_media":0,"parent":0,"menu_order":0,"comment_status":"closed","ping_status":"closed","template":"PageTemplate1.php","meta":{"footnotes":""},"yoast_head":"<!-- This site is optimized with the Yoast SEO plugin v23.5 - https:\/\/yoast.com\/wordpress\/plugins\/seo\/ -->\n<title>downloade - TemplateToaster<\/title>\n<meta name=\"description\" content=\"TemplateToaster Hent\" \/>\n<meta name=\"robots\" content=\"index, follow, max-snippet:-1, max-image-preview:large, max-video-preview:-1\" \/>\n<link rel=\"canonical\" href=\"https:\/\/templatetoaster.com\/da\/download\" \/>\n<meta property=\"og:locale\" content=\"da_DK\" \/>\n<meta property=\"og:type\" content=\"article\" \/>\n<meta property=\"og:title\" content=\"downloade - TemplateToaster\" \/>\n<meta property=\"og:description\" content=\"TemplateToaster Hent\" \/>\n<meta property=\"og:url\" content=\"https:\/\/templatetoaster.com\/da\/download\" \/>\n<meta property=\"og:site_name\" content=\"TemplateToaster\" \/>\n<meta property=\"article:publisher\" content=\"https:\/\/www.facebook.com\/TemplateToaster\" \/>\n<meta property=\"article:modified_time\" content=\"2019-08-20T07:19:09+00:00\" \/>\n<meta property=\"og:image\" content=\"https:\/\/templatetoaster.com\/wp-content\/uploads\/2015\/07\/TemplateToaster-325X325.png\" \/>\n\t<meta property=\"og:image:width\" content=\"325\" \/>\n\t<meta property=\"og:image:height\" content=\"325\" \/>\n\t<meta property=\"og:image:type\" content=\"image\/png\" \/>\n<meta name=\"twitter:card\" content=\"summary_large_image\" \/>\n<meta name=\"twitter:site\" content=\"@templatetoaster\" \/>\n<script type=\"application\/ld+json\" class=\"yoast-schema-graph\">{\"@context\":\"https:\/\/schema.org\",\"@graph\":[{\"@type\":\"WebPage\",\"@id\":\"https:\/\/templatetoaster.com\/da\/download\",\"url\":\"https:\/\/templatetoaster.com\/da\/download\",\"name\":\"downloade - TemplateToaster\",\"isPartOf\":{\"@id\":\"https:\/\/templatetoaster.com\/#website\"},\"datePublished\":\"2018-04-14T07:57:04+00:00\",\"dateModified\":\"2019-08-20T07:19:09+00:00\",\"description\":\"TemplateToaster Hent\",\"breadcrumb\":{\"@id\":\"https:\/\/templatetoaster.com\/da\/download#breadcrumb\"},\"inLanguage\":\"da-DK\",\"potentialAction\":[{\"@type\":\"ReadAction\",\"target\":[\"https:\/\/templatetoaster.com\/da\/download\"]}]},{\"@type\":\"BreadcrumbList\",\"@id\":\"https:\/\/templatetoaster.com\/da\/download#breadcrumb\",\"itemListElement\":[{\"@type\":\"ListItem\",\"position\":1,\"name\":\"Home\",\"item\":\"https:\/\/templatetoaster.com\/da\"},{\"@type\":\"ListItem\",\"position\":2,\"name\":\"downloade\"}]},{\"@type\":\"WebSite\",\"@id\":\"https:\/\/templatetoaster.com\/#website\",\"url\":\"https:\/\/templatetoaster.com\/\",\"name\":\"TemplateToaster\",\"description\":\"\",\"publisher\":{\"@id\":\"https:\/\/templatetoaster.com\/#organization\"},\"inLanguage\":\"da-DK\"},{\"@type\":\"Organization\",\"@id\":\"https:\/\/templatetoaster.com\/#organization\",\"name\":\"TemplateToaster\",\"url\":\"https:\/\/templatetoaster.com\/\",\"logo\":{\"@type\":\"ImageObject\",\"inLanguage\":\"da-DK\",\"@id\":\"https:\/\/templatetoaster.com\/#\/schema\/logo\/image\/\",\"url\":\"https:\/\/templatetoaster.com\/wp-content\/uploads\/2019\/11\/TemplateToaster_Logo.jpg\",\"contentUrl\":\"https:\/\/templatetoaster.com\/wp-content\/uploads\/2019\/11\/TemplateToaster_Logo.jpg\",\"width\":85,\"height\":85,\"caption\":\"TemplateToaster\"},\"image\":{\"@id\":\"https:\/\/templatetoaster.com\/#\/schema\/logo\/image\/\"},\"sameAs\":[\"https:\/\/www.facebook.com\/TemplateToaster\",\"https:\/\/x.com\/templatetoaster\",\"https:\/\/www.instagram.com\/templatetoaster\/\",\"https:\/\/www.linkedin.com\/company\/templatetoaster\/\",\"https:\/\/www.pinterest.com\/templatetoaster\/\",\"https:\/\/www.youtube.com\/@TemplateToaster\"]}]}<\/script>\n<!-- \/ Yoast SEO plugin. -->","yoast_head_json":{"title":"downloade - TemplateToaster","description":"TemplateToaster Hent","robots":{"index":"index","follow":"follow","max-snippet":"max-snippet:-1","max-image-preview":"max-image-preview:large","max-video-preview":"max-video-preview:-1"},"canonical":"https:\/\/templatetoaster.com\/da\/download","og_locale":"da_DK","og_type":"article","og_title":"downloade - TemplateToaster","og_description":"TemplateToaster Hent","og_url":"https:\/\/templatetoaster.com\/da\/download","og_site_name":"TemplateToaster","article_publisher":"https:\/\/www.facebook.com\/TemplateToaster","article_modified_time":"2019-08-20T07:19:09+00:00","og_image":[{"width":325,"height":325,"url":"https:\/\/templatetoaster.com\/wp-content\/uploads\/2015\/07\/TemplateToaster-325X325.png","type":"image\/png"}],"twitter_card":"summary_large_image","twitter_site":"@templatetoaster","schema":{"@context":"https:\/\/schema.org","@graph":[{"@type":"WebPage","@id":"https:\/\/templatetoaster.com\/da\/download","url":"https:\/\/templatetoaster.com\/da\/download","name":"downloade - TemplateToaster","isPartOf":{"@id":"https:\/\/templatetoaster.com\/#website"},"datePublished":"2018-04-14T07:57:04+00:00","dateModified":"2019-08-20T07:19:09+00:00","description":"TemplateToaster Hent","breadcrumb":{"@id":"https:\/\/templatetoaster.com\/da\/download#breadcrumb"},"inLanguage":"da-DK","potentialAction":[{"@type":"ReadAction","target":["https:\/\/templatetoaster.com\/da\/download"]}]},{"@type":"BreadcrumbList","@id":"https:\/\/templatetoaster.com\/da\/download#breadcrumb","itemListElement":[{"@type":"ListItem","position":1,"name":"Home","item":"https:\/\/templatetoaster.com\/da"},{"@type":"ListItem","position":2,"name":"downloade"}]},{"@type":"WebSite","@id":"https:\/\/templatetoaster.com\/#website","url":"https:\/\/templatetoaster.com\/","name":"TemplateToaster","description":"","publisher":{"@id":"https:\/\/templatetoaster.com\/#organization"},"inLanguage":"da-DK"},{"@type":"Organization","@id":"https:\/\/templatetoaster.com\/#organization","name":"TemplateToaster","url":"https:\/\/templatetoaster.com\/","logo":{"@type":"ImageObject","inLanguage":"da-DK","@id":"https:\/\/templatetoaster.com\/#\/schema\/logo\/image\/","url":"https:\/\/templatetoaster.com\/wp-content\/uploads\/2019\/11\/TemplateToaster_Logo.jpg","contentUrl":"https:\/\/templatetoaster.com\/wp-content\/uploads\/2019\/11\/TemplateToaster_Logo.jpg","width":85,"height":85,"caption":"TemplateToaster"},"image":{"@id":"https:\/\/templatetoaster.com\/#\/schema\/logo\/image\/"},"sameAs":["https:\/\/www.facebook.com\/TemplateToaster","https:\/\/x.com\/templatetoaster","https:\/\/www.instagram.com\/templatetoaster\/","https:\/\/www.linkedin.com\/company\/templatetoaster\/","https:\/\/www.pinterest.com\/templatetoaster\/","https:\/\/www.youtube.com\/@TemplateToaster"]}]}},"_links":{"self":[{"href":"https:\/\/templatetoaster.com\/da\/wp-json\/wp\/v2\/pages\/4493"}],"collection":[{"href":"https:\/\/templatetoaster.com\/da\/wp-json\/wp\/v2\/pages"}],"about":[{"href":"https:\/\/templatetoaster.com\/da\/wp-json\/wp\/v2\/types\/page"}],"author":[{"embeddable":true,"href":"https:\/\/templatetoaster.com\/da\/wp-json\/wp\/v2\/users\/13434"}],"replies":[{"embeddable":true,"href":"https:\/\/templatetoaster.com\/da\/wp-json\/wp\/v2\/comments?post=4493"}],"version-history":[{"count":5,"href":"https:\/\/templatetoaster.com\/da\/wp-json\/wp\/v2\/pages\/4493\/revisions"}],"predecessor-version":[{"id":64749,"href":"https:\/\/templatetoaster.com\/da\/wp-json\/wp\/v2\/pages\/4493\/revisions\/64749"}],"wp:attachment":[{"href":"https:\/\/templatetoaster.com\/da\/wp-json\/wp\/v2\/media?parent=4493"}],"curies":[{"name":"wp","href":"https:\/\/api.w.org\/{rel}","templated":true}]}}