{"id":4481,"date":"2018-04-14T07:49:36","date_gmt":"2018-04-14T07:49:36","guid":{"rendered":"http:\/\/templatetoaster.com?page_id=4481"},"modified":"2018-11-21T11:18:35","modified_gmt":"2018-11-21T11:18:35","slug":"bootstrap","status":"publish","type":"page","link":"https:\/\/templatetoaster.com\/da\/bootstrap","title":{"rendered":"Bedste Bootstrap Webdesign software"},"content":{"rendered":"<div class=\"section1 wp-theme-generator\">\n<div style=\"margin: 115px 0 16px;\">\n<div class=\"section1-inner\">\n<h1>En Robust Bootstrap Website Builder Software<\/h1>\n<p class=\"text-center\">TemplateToaster er baseret p\u00e5 Bootstrap rammer. Det fungerer som en perfekt Bootstrap Website Builder Software til at levere exceptionelt responsive hjemmesider.  <\/p>\n<p><br clear=\"all\"><\/p>\n<\/div>\n<div style=\"text-align:center;\">\n<a href=\"https:\/\/templatetoaster.com\/da\/download\" class=\"btn download_btn\">Download nu<\/a><\/div>\n<div class=\"clearfix\"><\/div>\n<\/div>\n<\/div>\n<p><!--- What is TemplateToaster Section ---><\/p>\n<div class=\"section2 wp-theme-generator\">\n<div class=\"section2-inner-bs\">\n<h2>Hvorfor bruge TemplateToaster som Bootstrap baseret Website Builder Software?<\/h2>\n<p>TemplateToaster er perfekt indlejret med Bootstrap grid system til at producere yderst optimale resultater. i \u00f8vrigt, denne desktop baseret software er udelukkende designet til at skabe yderst professionelle hjemmesider med bedste brugeroplevelse. Det begiver sig ud p\u00e5 problemfri anvendelighed for amat\u00f8rer s\u00e5vel som professionelle. Det giver dig mulighed for at oprette din dr\u00f8m hjemmeside fra bunden smertefrit. Derfor, alt hvad du beh\u00f8ver, er en vision for dit websted og TemplateToaster vil bringe den til live! <\/p>\n<\/div>\n<div class=\"row section2-bs\">\n<div class=\"col-lg-4 col-md-4 col-sm-6 col-xs-12\">\n<div style=\"padding: 20px;\">\n<div class=\"text-center\">\n<div style=\"margin-right:10px; display: inline-block; float:none; vertical-align:middle; background-position: -155px -1600px; width:75px;\" class=\"wp_feature landing_page_svg\"><\/div>\n<\/div>\n<h3 style=\"margin: 20px 0px 10px; text-align: center;\">kode Standardisering\t <\/h3>\n<p class=\"text-center\"> Som Bootstrap Framework er kendt for sin standardiserede ren kode. TemplateToaster kl\u00e6ber til det og generere fantastiske temaer baseret p\u00e5 Bootstrap rammer.<\/p>\n<\/div>\n<\/div>\n<div class=\"clearfix visible-xs-block\"><\/div>\n<div class=\"col-lg-4 col-md-4 col-sm-6 col-xs-12\">\n<div style=\"padding: 20px;\">\n<div class=\"text-center\">\n<div style=\"margin-right:10px; display: inline-block; float:none; vertical-align:middle; background-position: -165px -153px; width:65px;\" class=\"wp_feature landing_page_svg\"><\/div>\n<\/div>\n<h3 style=\"margin:20px 0 10px; text-align:center\">velkendt gr\u00e6nseflade<\/h3>\n<p class=\"text-center\">I dag n\u00e6sten hver webdesigner er bekendt med Bootstrap, Det har udviklet sig med hensyn til dens udvikling. S\u00e5, ans\u00e6tte TemplateToaster bliver intet mindre end en kage g\u00e5tur.<\/p>\n<\/div>\n<\/div>\n<div class=\"clearfix visible-sm-block visible-xs-block\"><\/div>\n<div class=\"col-lg-4 col-md-4 col-sm-6 col-xs-12\">\n<div style=\"padding: 20px;\">\n<div class=\"text-center\">\n<div style=\"margin-right:10px; display: inline-block; float:none; vertical-align:middle; background-position: -10px -242px; width:65px;\" class=\"wp_feature landing_page_svg\"><\/div>\n<\/div>\n<h3 style=\"margin:20px 0 10px; text-align:center\"> lydh\u00f8rhed<\/h3>\n<p class=\"text-center\">Bootstrap reaktionsevne racer i TemplateToaster, derved, g\u00f8r din hjemmeside enhed venligere end nogensinde f\u00f8r. <\/p>\n<\/div>\n<\/div>\n<div class=\"clearfix  visible-lg-block visible-md-block  visible-xs-block\"><\/div>\n<\/div>\n<p>Vi er fuldt gearet op til at udvide kompatibiliteten med Bootstrap 4, s\u00e5 snart det lanceres.<\/p>\n<\/div>\n<p><!---- section 3 starts ---><\/p>\n<div class=\"section3 wp-theme-generator\">\n<div class=\"section3-inner\">\n<h2>S\u00e5dan TemplateToaster Works?<\/h2>\n<div class=\"row\">\n<div class=\"col-lg-4 col-md-4 col-sm-6 col-xs-12\">\n<div class=\"media\">\n<div class=\"landing_page_svg\" style=\"background-position: 20px -690px; display: block; height: 115px; margin: auto; width: 142px;\"><\/div>\n<\/p>\n<h3 class=\"text-center\">Download<\/h3>\n<p class=\"text-center\">Du tilbydes et ubegr\u00e6nset retssag vedr\u00f8rende ingen omkostninger. Download, Installere &amp; Kom i gang med det.<\/p>\n<\/div>\n<\/div>\n<div class=\"clearfix visible-xs-block\"><\/div>\n<div class=\"col-lg-4 col-md-4 col-sm-6 col-xs-12\">\n<div class=\"media\">\n<div class=\"landing_page_svg\" style=\"background-position: -115px -690px; display: block; height: 115px; margin: auto; width: 142px;\"><\/div>\n<\/p>\n<h3 class=\"text-center\">Design Temaer \/ Skabeloner \/ websteder<\/h3>\n<p class=\"text-center\">Design henhold til dine krav; du kan starte fra bunden eller tilpasse alle pr\u00f8ve skabelon til r\u00e5dighed for dig.  <\/p>\n<\/div>\n<\/div>\n<div class=\"clearfix visible-sm-block visible-xs-block\"><\/div>\n<div class=\"col-lg-4 col-md-4 col-sm-6 col-xs-12\">\n<div class=\"media\">\n<div class=\"landing_page_svg\" style=\"background-position: -240px -690px; display: block; height: 115px; margin: auto; width: 142px;\"><\/div>\n<\/p>\n<h3 class=\"text-center\">Eksport og Upload<\/h3>\n<p class=\"text-center\">N\u00e5r du har designet klar, eksportere temafiler, og uploade dem p\u00e5 din hosting-server.<\/p>\n<\/div>\n<\/div>\n<div class=\"clearfix visible-lg-block visible-md-block visible-sm-block visible-xs-block\"><\/div>\n<\/div>\n<\/div>\n<\/div>\n<p><!---- section 6 starts ---><\/p>\n<div class=\"section6 \twp-theme-generator\" style=\"padding:50px 10px; background-color: #f1f4f8;\">\n<div style=\"margin:70px 0px 20px;\">\n<h2>WordPress Bootstrap Theme Builder<\/h2>\n<div class=\"section-center\" style=\"padding-bottom: 20px;\">\n<div class=\"main-cms-section\">\n<div class=\"cms-section\">\n<div class=\"text-center\">\n<div class=\"wp_feature landing_page_svg\" style=\"width: 120px; height: 120px; background-position:-85px -250px;\"><\/div>\n<\/div>\n<\/div>\n<div class=\"cms-section\">\n<div class=\"text-center\">\n<div class=\"wp_feature landing_page_svg\" style=\"width: 150px; height: 120px; background-position:-200px -250px;\"><\/div>\n<\/div>\n<\/div>\n<\/div>\n<div class=\"other-cms-section\">\n<div class=\"cms-section\">\n<div class=\"text-center\">\n<div class=\"wp_feature landing_page_svg\" style=\"width: 110px; height: 100px; background-position:20px -380px;\"><\/div>\n<\/div>\n<\/div>\n<div class=\"cms-section\">\n<div class=\"text-center\">\n<div class=\"wp_feature landing_page_svg\" style=\"width: 110px; height: 102px; background-position:-68px -380px;\"><\/div>\n<\/div>\n<\/div>\n<div class=\"cms-section\">\n<div class=\"text-center\">\n<div class=\"wp_feature landing_page_svg\" style=\"width: 110px; height: 102px; background-position:-160px -380px;\"><\/div>\n<\/div>\n<\/div>\n<div class=\"cms-section\">\n<div class=\"text-center\">\n<div class=\"wp_feature landing_page_svg\" style=\"width: 110px; height: 100px; background-position:-260px -380px;\"><\/div>\n<\/div>\n<\/div>\n<div class=\"cms-section\">\n<div class=\"text-center\">\n<div class=\"wp_feature landing_page_svg\" style=\"width: 110px; height: 100px; background-position:-0px -495px;\"><\/div>\n<\/div>\n<\/div>\n<div class=\"cms-section\">\n<div class=\"text-center\">\n<div class=\"wp_feature landing_page_svg\" style=\"width: 110px; height: 100px; background-position:-125px -495px;\"><\/div>\n<\/div>\n<\/div>\n<div class=\"cms-section\">\n<div class=\"text-center\">\n<div class=\"wp_feature landing_page_svg\" style=\"width: 110px; height: 100px; background-position:-240px -495px;\"><\/div>\n<\/div>\n<\/div>\n<div class=\"cms-section\">\n<div class=\"text-center\">\n<div class=\"wp_feature landing_page_svg\" style=\"width: 110px; height: 100px; background-position:-0px -600px;\"><\/div>\n<\/div>\n<\/div>\n<div class=\"section6-bs os-content\">\n<p>TemplateToaster kan fungere perfekt som din helt egen WordPress Bootstrap Theme Builder. Design Bootstrap baserede temaer til WordPress, fejlfrit, uden at skulle bekymre sig om Bootstrap funktionalitet og lydh\u00f8rhed blive h\u00e6mmet. <\/p>\n<\/p>\n<p>Det bliver temmelig glattere at generere bootstrap baserede skabeloner til andre popul\u00e6re CMSer som Joomla og Drupal. Tilsvarende, TemplateToaster kan designe Bootstrap baserede temaer for ecommerce websteder bruger Magento, Prestashop, VirtueMart, og OpenCart. desuden, det endnu besidder kompatibilitet for grundl\u00e6ggende HTML og Blogger samt. <\/p>\n<\/p>\n<p>TemplateToaster er indlejret med Bootstrap rammer pr\u00e6cist. Dette har til form\u00e5l at g\u00f8re en optimal brugeroplevelse p\u00e5 enhver enhed. S\u00e5ledes g\u00f8r det en apt valg som en perfekt Bootstrap Website Builder. S\u00e5, g\u00f8re din dr\u00f8m website med TemplateToaster p\u00e5 ingen tid. <\/p>\n<\/div>\n<\/div>\n<\/div>\n<div style=\"text-align:center; margin-top: 30px;\">\n<a href=\"https:\/\/templatetoaster.com\/da\/download\" class=\"btn download_btn\">Download nu<\/a><\/div>\n<\/div>\n<\/div>\n","protected":false},"excerpt":{"rendered":"<p>En Robust Bootstrap Website Builder Software TemplateToaster er baseret p\u00e5 Bootstrap rammer. Det fungerer som en perfekt Bootstrap Website Builder Software til at levere exceptionelt responsive hjemmesider. Download nu Hvorfor bruge TemplateToaster som Bootstrap baseret Website Builder Software? TemplateToaster er &hellip; <a href=\"https:\/\/templatetoaster.com\/da\/bootstrap\">Continue Reading<span class=\"meta-nav\">&rarr;<\/span><\/a><\/p>\n","protected":false},"author":13434,"featured_media":0,"parent":0,"menu_order":0,"comment_status":"closed","ping_status":"closed","template":"","meta":{"footnotes":""},"yoast_head":"<!-- This site is optimized with the Yoast SEO plugin v23.5 - https:\/\/yoast.com\/wordpress\/plugins\/seo\/ -->\n<title>Bedste Bootstrap Webdesign software - TemplateToaster<\/title>\n<meta name=\"description\" content=\"TemplateToaster er et bedst Bootstrap webdesign software\" \/>\n<meta name=\"robots\" content=\"index, follow, max-snippet:-1, max-image-preview:large, max-video-preview:-1\" \/>\n<link rel=\"canonical\" href=\"https:\/\/templatetoaster.com\/da\/bootstrap\" \/>\n<meta property=\"og:locale\" content=\"da_DK\" \/>\n<meta property=\"og:type\" content=\"article\" \/>\n<meta property=\"og:title\" content=\"Bedste Bootstrap Webdesign software - TemplateToaster\" \/>\n<meta property=\"og:description\" content=\"TemplateToaster er et bedst Bootstrap webdesign software\" \/>\n<meta property=\"og:url\" content=\"https:\/\/templatetoaster.com\/da\/bootstrap\" \/>\n<meta property=\"og:site_name\" content=\"TemplateToaster\" \/>\n<meta property=\"article:publisher\" content=\"https:\/\/www.facebook.com\/TemplateToaster\" \/>\n<meta property=\"article:modified_time\" content=\"2018-11-21T11:18:35+00:00\" \/>\n<meta property=\"og:image\" content=\"https:\/\/templatetoaster.com\/wp-content\/uploads\/2015\/07\/TemplateToaster-325X325.png\" \/>\n\t<meta property=\"og:image:width\" content=\"325\" \/>\n\t<meta property=\"og:image:height\" content=\"325\" \/>\n\t<meta property=\"og:image:type\" content=\"image\/png\" \/>\n<meta name=\"twitter:card\" content=\"summary_large_image\" \/>\n<meta name=\"twitter:site\" content=\"@templatetoaster\" \/>\n<meta name=\"twitter:label1\" content=\"Estimeret l\u00e6setid\" \/>\n\t<meta name=\"twitter:data1\" content=\"2 minutter\" \/>\n<script type=\"application\/ld+json\" class=\"yoast-schema-graph\">{\"@context\":\"https:\/\/schema.org\",\"@graph\":[{\"@type\":\"WebPage\",\"@id\":\"https:\/\/templatetoaster.com\/da\/bootstrap\",\"url\":\"https:\/\/templatetoaster.com\/da\/bootstrap\",\"name\":\"Bedste Bootstrap Webdesign software - TemplateToaster\",\"isPartOf\":{\"@id\":\"https:\/\/templatetoaster.com\/#website\"},\"datePublished\":\"2018-04-14T07:49:36+00:00\",\"dateModified\":\"2018-11-21T11:18:35+00:00\",\"description\":\"TemplateToaster er et bedst Bootstrap webdesign software\",\"breadcrumb\":{\"@id\":\"https:\/\/templatetoaster.com\/da\/bootstrap#breadcrumb\"},\"inLanguage\":\"da-DK\",\"potentialAction\":[{\"@type\":\"ReadAction\",\"target\":[\"https:\/\/templatetoaster.com\/da\/bootstrap\"]}]},{\"@type\":\"BreadcrumbList\",\"@id\":\"https:\/\/templatetoaster.com\/da\/bootstrap#breadcrumb\",\"itemListElement\":[{\"@type\":\"ListItem\",\"position\":1,\"name\":\"Home\",\"item\":\"https:\/\/templatetoaster.com\/da\"},{\"@type\":\"ListItem\",\"position\":2,\"name\":\"Bedste Bootstrap Webdesign software\"}]},{\"@type\":\"WebSite\",\"@id\":\"https:\/\/templatetoaster.com\/#website\",\"url\":\"https:\/\/templatetoaster.com\/\",\"name\":\"TemplateToaster\",\"description\":\"\",\"publisher\":{\"@id\":\"https:\/\/templatetoaster.com\/#organization\"},\"inLanguage\":\"da-DK\"},{\"@type\":\"Organization\",\"@id\":\"https:\/\/templatetoaster.com\/#organization\",\"name\":\"TemplateToaster\",\"url\":\"https:\/\/templatetoaster.com\/\",\"logo\":{\"@type\":\"ImageObject\",\"inLanguage\":\"da-DK\",\"@id\":\"https:\/\/templatetoaster.com\/#\/schema\/logo\/image\/\",\"url\":\"https:\/\/templatetoaster.com\/wp-content\/uploads\/2019\/11\/TemplateToaster_Logo.jpg\",\"contentUrl\":\"https:\/\/templatetoaster.com\/wp-content\/uploads\/2019\/11\/TemplateToaster_Logo.jpg\",\"width\":85,\"height\":85,\"caption\":\"TemplateToaster\"},\"image\":{\"@id\":\"https:\/\/templatetoaster.com\/#\/schema\/logo\/image\/\"},\"sameAs\":[\"https:\/\/www.facebook.com\/TemplateToaster\",\"https:\/\/x.com\/templatetoaster\",\"https:\/\/www.instagram.com\/templatetoaster\/\",\"https:\/\/www.linkedin.com\/company\/templatetoaster\/\",\"https:\/\/www.pinterest.com\/templatetoaster\/\",\"https:\/\/www.youtube.com\/@TemplateToaster\"]}]}<\/script>\n<!-- \/ Yoast SEO plugin. -->","yoast_head_json":{"title":"Bedste Bootstrap Webdesign software - TemplateToaster","description":"TemplateToaster er et bedst Bootstrap webdesign software","robots":{"index":"index","follow":"follow","max-snippet":"max-snippet:-1","max-image-preview":"max-image-preview:large","max-video-preview":"max-video-preview:-1"},"canonical":"https:\/\/templatetoaster.com\/da\/bootstrap","og_locale":"da_DK","og_type":"article","og_title":"Bedste Bootstrap Webdesign software - TemplateToaster","og_description":"TemplateToaster er et bedst Bootstrap webdesign software","og_url":"https:\/\/templatetoaster.com\/da\/bootstrap","og_site_name":"TemplateToaster","article_publisher":"https:\/\/www.facebook.com\/TemplateToaster","article_modified_time":"2018-11-21T11:18:35+00:00","og_image":[{"width":325,"height":325,"url":"https:\/\/templatetoaster.com\/wp-content\/uploads\/2015\/07\/TemplateToaster-325X325.png","type":"image\/png"}],"twitter_card":"summary_large_image","twitter_site":"@templatetoaster","twitter_misc":{"Estimeret l\u00e6setid":"2 minutter"},"schema":{"@context":"https:\/\/schema.org","@graph":[{"@type":"WebPage","@id":"https:\/\/templatetoaster.com\/da\/bootstrap","url":"https:\/\/templatetoaster.com\/da\/bootstrap","name":"Bedste Bootstrap Webdesign software - TemplateToaster","isPartOf":{"@id":"https:\/\/templatetoaster.com\/#website"},"datePublished":"2018-04-14T07:49:36+00:00","dateModified":"2018-11-21T11:18:35+00:00","description":"TemplateToaster er et bedst Bootstrap webdesign software","breadcrumb":{"@id":"https:\/\/templatetoaster.com\/da\/bootstrap#breadcrumb"},"inLanguage":"da-DK","potentialAction":[{"@type":"ReadAction","target":["https:\/\/templatetoaster.com\/da\/bootstrap"]}]},{"@type":"BreadcrumbList","@id":"https:\/\/templatetoaster.com\/da\/bootstrap#breadcrumb","itemListElement":[{"@type":"ListItem","position":1,"name":"Home","item":"https:\/\/templatetoaster.com\/da"},{"@type":"ListItem","position":2,"name":"Bedste Bootstrap Webdesign software"}]},{"@type":"WebSite","@id":"https:\/\/templatetoaster.com\/#website","url":"https:\/\/templatetoaster.com\/","name":"TemplateToaster","description":"","publisher":{"@id":"https:\/\/templatetoaster.com\/#organization"},"inLanguage":"da-DK"},{"@type":"Organization","@id":"https:\/\/templatetoaster.com\/#organization","name":"TemplateToaster","url":"https:\/\/templatetoaster.com\/","logo":{"@type":"ImageObject","inLanguage":"da-DK","@id":"https:\/\/templatetoaster.com\/#\/schema\/logo\/image\/","url":"https:\/\/templatetoaster.com\/wp-content\/uploads\/2019\/11\/TemplateToaster_Logo.jpg","contentUrl":"https:\/\/templatetoaster.com\/wp-content\/uploads\/2019\/11\/TemplateToaster_Logo.jpg","width":85,"height":85,"caption":"TemplateToaster"},"image":{"@id":"https:\/\/templatetoaster.com\/#\/schema\/logo\/image\/"},"sameAs":["https:\/\/www.facebook.com\/TemplateToaster","https:\/\/x.com\/templatetoaster","https:\/\/www.instagram.com\/templatetoaster\/","https:\/\/www.linkedin.com\/company\/templatetoaster\/","https:\/\/www.pinterest.com\/templatetoaster\/","https:\/\/www.youtube.com\/@TemplateToaster"]}]}},"_links":{"self":[{"href":"https:\/\/templatetoaster.com\/da\/wp-json\/wp\/v2\/pages\/4481"}],"collection":[{"href":"https:\/\/templatetoaster.com\/da\/wp-json\/wp\/v2\/pages"}],"about":[{"href":"https:\/\/templatetoaster.com\/da\/wp-json\/wp\/v2\/types\/page"}],"author":[{"embeddable":true,"href":"https:\/\/templatetoaster.com\/da\/wp-json\/wp\/v2\/users\/13434"}],"replies":[{"embeddable":true,"href":"https:\/\/templatetoaster.com\/da\/wp-json\/wp\/v2\/comments?post=4481"}],"version-history":[{"count":3,"href":"https:\/\/templatetoaster.com\/da\/wp-json\/wp\/v2\/pages\/4481\/revisions"}],"predecessor-version":[{"id":5896,"href":"https:\/\/templatetoaster.com\/da\/wp-json\/wp\/v2\/pages\/4481\/revisions\/5896"}],"wp:attachment":[{"href":"https:\/\/templatetoaster.com\/da\/wp-json\/wp\/v2\/media?parent=4481"}],"curies":[{"name":"wp","href":"https:\/\/api.w.org\/{rel}","templated":true}]}}