{"id":4476,"date":"2018-04-14T07:46:50","date_gmt":"2018-04-14T07:46:50","guid":{"rendered":"http:\/\/templatetoaster.com?page_id=4476"},"modified":"2018-11-21T07:17:39","modified_gmt":"2018-11-21T07:17:39","slug":"blogger-template-creator","status":"publish","type":"page","link":"https:\/\/templatetoaster.com\/da\/blogger-template-creator","title":{"rendered":"Bedste Blogger-designsoftware"},"content":{"rendered":"<div class=\"section1 wp-theme-generator\">\n<div style=\"margin: 115px 0 16px;\">\n<h1>En Blogger Template Maker, der designer Kun det bedste<\/h1>\n<p class=\"text-center\">Giv et frisk udseende til din Blogger hjemmeside. Design skabeloner uden kodning viden!<\/p>\n<p><br clear=\"all\"><\/p>\n<div style=\"text-align:center;\">\n<a href=\"https:\/\/templatetoaster.com\/da\/download\" class=\"btn download_btn\">Download nu<\/a><\/div>\n<div class=\"clearfix\"><\/div>\n<\/div>\n<\/div>\n<p><!--- What is TemplateToaster Section ---><\/p>\n<div class=\"section2 wp-theme-generator\">\n<div class=\"section2-inner\">\n<h2>Hvorfor bruge TemplateToaster som Blogger Skabelon Creator Software?<\/h2>\n<p>Design de allerbedste skabeloner til din Blogger-websted i en brugervenlig gr\u00e6nseflade kun med TemplateToaster. Giv en helt ny overbevisende udseende til dit websted og efterlade dit publikum tryllebundet. Ingen grund til at rode op med Coding!<\/p>\n<\/div>\n<\/div>\n<p><!---- section 3 starts ---><\/p>\n<div class=\"section3 wp-theme-generator\">\n<div class=\"section3-inner\">\n<h2>S\u00e5dan fungerer det?<\/h2>\n<div class=\"row\">\n<div class=\"col-lg-4 col-md-4 col-sm-6 col-xs-12\">\n<div class=\"media\">\n<div class=\"landing_page_svg\" style=\"background-position: 20px -690px; display: block; height: 115px; margin: auto; width: 142px;\"><\/div>\n<\/p>\n<h3 class=\"text-center\">Download TemplateToaster. Kom igang!<\/h3>\n<p class=\"text-center\">Installer softwaren p\u00e5 f\u00e5 minutter! Pr\u00f8v gratis i ubegr\u00e6nset tid, mens f\u00e5 adgang til alle funktioner. Lad os komme i gang og design noget fantastisk i dag! <\/p>\n<\/div>\n<\/div>\n<div class=\"clearfix visible-xs-block\"><\/div>\n<div class=\"col-lg-4 col-md-4 col-sm-6 col-xs-12\">\n<div class=\"media\">\n<div class=\"landing_page_svg\" style=\"background-position: -115px -690px; display: block; height: 115px; margin: auto; width: 142px;\"><\/div>\n<\/p>\n<h3 class=\"text-center\"> Tilf\u00f8j Masser af stilarter. Bare Tr\u00e6k &amp; Dr\u00e5be!<\/h3>\n<p class=\"text-center\">V\u00e6lg mellem et v\u00e6ld af skabeloneksemplerne og pifte dem op, s\u00e5 de passer til dine behov! Eller starte fra fundamentet og l\u00e6g hver bygning blokere dig selv! Bare Tr\u00e6k &amp; Dr\u00e5be!<\/p>\n<\/div>\n<\/div>\n<div class=\"clearfix visible-sm-block visible-xs-block\"><\/div>\n<div class=\"col-lg-4 col-md-4 col-sm-6 col-xs-12\">\n<div class=\"media\">\n<div class=\"landing_page_svg\" style=\"background-position: -240px -690px; display: block; height: 115px; margin: auto; width: 142px;\"><\/div>\n<\/p>\n<h3 class=\"text-center\">G\u00f8r din Blogger-website t\u00e6ller! <\/h3>\n<p class=\"text-center\">Endelig tilfreds med lidt sm\u00e5tterier af designet i skabelonen? Nu er det tid til at eksportere og installere dit nye tema til din Blogger websted noget ud af det!<\/p>\n<\/div>\n<\/div>\n<div class=\"clearfix visible-lg-block visible-md-block visible-sm-block visible-xs-block\"><\/div>\n<\/div>\n<\/div>\n<\/div>\n<div class=\"section4 wp-theme-generator\">\n<h2 style=\"text-transform:none;\">Funktioner af TemplateToaster Blogger Template Creator <\/h2>\n<p class=\"section4-paragraph\">Fyldt med nogle awesome funktioner, have et kig p\u00e5, hvad denne kraftfulde software har at byde p\u00e5.<\/p>\n<div class=\"row\">\n<div class=\"col-md-4 col-sm-6 col-sx-12\">\n<div style=\"padding: 20px;\">\n<div class=\"text-center\">\n<div class=\"wp_feature landing_page_svg\" style=\"margin-right:10px; display: inline-block; float:none; vertical-align:middle;background-position: -22px -815px;\"><\/div>\n<\/div>\n<h3 style=\"margin:20px 0 10px; text-align:center\"> Sidelayoutfunktioner<\/h3>\n<p class=\"text-center\">Design sidelayout og tilpasse dens udseende i din stil! V\u00e6lg imellem 1 Kolonne, 2 Kolonne (venstre sidepanel, enkelt kolonne etc.)  og 3 Kolonne (Sidebar, enkelt kolonne, sidebar osv) muligheder for at designe den ser ud i din Blogger-skabelon ved hj\u00e6lp TemplateToaster. Tilf\u00f8j baggrundsbillede eller farve og \u00e6ndre typografi, farve osv. <\/p>\n<\/div>\n<\/div>\n<div class=\"clearfix visible-xs-block\"><\/div>\n<div class=\"col-lg-4 col-md-4 col-sm-6 col-sx-12\">\n<div style=\"padding: 20px;\">\n<div class=\"text-center\">\n<div style=\"margin-right:10px; display: inline-block; float:none; vertical-align:middle; background-position: -170px -1375px; \" class=\"wp_feature landing_page_svg\"><\/div>\n<\/div>\n<h3 style=\"margin: 20px 0px 10px; text-align: center;\">Logo Positionering<\/h3>\n<p class=\"text-center\"> \u00d8nsker du at forbedre den branding faktor p\u00e5 din Blogger hjemmeside? Det er bydende n\u00f8dvendigt at anbringe et logo p\u00e5 dit brand \/ services for trov\u00e6rdighed og autenticitet af din hjemmeside. Ved hj\u00e6lp af denne software, du kan placere logoet p\u00e5 menulinjen eller sidehoved eller skyderen. V\u00e6lg mellem disse positioner og placere den, hvor du anser for passende.<\/p>\n<\/div>\n<\/div>\n<div class=\"clearfix visible-sm-block visible-xs-block\"><\/div>\n<div class=\"col-md-4 col-sm-6 col-sx-12\">\n<div style=\"padding: 20px;\">\n<div class=\"text-center\">\n<div class=\"wp_feature landing_page_svg\" style=\"float: none; height: 52px; vertical-align: middle; width: 44px; display: inline-block; background-position: -70px -80px;\"><\/div>\n<\/div>\n<h3 style=\"margin:20px 0 10px; text-align:center\"> Baseret p\u00e5 Bootstrap Framework<\/h3>\n<p class=\"text-center\">Blogger skabeloner designet med TemplateToaster er baseret p\u00e5 Bootstrap, som er den mest popul\u00e6re frontend-ramme. Det sikrer, at skabelonerne er meget lydh\u00f8r! I \u00f8jeblikket, TemplateToaster bruger nyeste Bootstrap (V.3.3.7). Vi bestr\u00e6ber os p\u00e5 at holde trit med de nyeste opdateringer, altid!<\/p>\n<\/div>\n<\/div>\n<div class=\"clearfix  visible-lg-block visible-md-block  visible-xs-block\"><\/div>\n<div class=\"col-md-4 col-sm-6 col-sx-12\">\n<div style=\"padding: 20px;\">\n<div class=\"text-center\">\n<div class=\"wp_feature landing_page_svg\" style=\"margin-right:10px; display: inline-block; float:none; vertical-align:middle;background-position: -293px -1600px;\"><\/div>\n<\/div>\n<h3 style=\"margin:20px 0 10px; text-align:center\">Styling Metadata<\/h3>\n<p class=\"text-center\">G\u00f8r det nemt for dine bes\u00f8gende at lokalisere klikbare links og et sneak-peak af det indhold, de \u00f8nsker m\u00e5ske at l\u00e6se videre! Ved hj\u00e6lp af denne Blogger tema skaberen, let stil metadata p\u00e5 din blogger hjemmeside ved at \u00e6ndre typografi, farver, effekter, skygger og meget mere!<\/p>\n<\/div>\n<\/div>\n<div class=\"clearfix visible-sm-block visible-xs-block\"><\/div>\n<div class=\"col-lg-4 col-md-4 col-sm-6 col-sx-12\">\n<div style=\"padding: 20px;\">\n<div class=\"text-center\">\n<div style=\"margin-right:10px; display: inline-block; float:none; vertical-align:middle; background-position: -293px -1675px; \" class=\"wp_feature landing_page_svg\"><\/div>\n<\/div>\n<h3 style=\"margin:20px 0 10px; text-align:center\"> Social Media Icon<\/h3>\n<p class=\"text-center\">T\u00e6nk p\u00e5 en hjemmeside uden sociale medier links! Hvad ville v\u00e6re din tanke om, at hjemmesiden? Sikkert ikke en god en! Tilf\u00f8j klikbare sociale medier ikoner enten i overskriften eller i bunden af \u200b\u200bsiden \/ skabelon eller begge af dit websted ved hj\u00e6lp TemplateToaster. Drej bes\u00f8gende ind tilh\u00e6ngere p\u00e5 ingen tid! <\/p>\n<\/div>\n<\/div>\n<div class=\"clearfix visible-xs-block\"><\/div>\n<div class=\"col-md-4 col-sm-6 col-sx-12\">\n<div style=\"padding: 20px;\">\n<div class=\"text-center\">\n<div class=\"wp_feature landing_page_svg\" style=\"margin-right:10px; display: inline-block; float:none; vertical-align:middle;background-position: -10px -250px;width:66px;\"><\/div>\n<\/div>\n<h3 style=\"margin:20px 0 10px; text-align:center\">Responsive webdesign<\/h3>\n<p class=\"text-center\">Blogger skabeloner designet med TemplateToaster software er fuldt lydh\u00f8r! Med flere hjemmeside brugere henvender sig til h\u00e5ndholdte enheder, det er en vigtig faktor, der afg\u00f8r niveauet for brugerdreven oplevelse leveret af din hjemmeside. Skabeloner designet vil g\u00f8re helt fint p\u00e5 skrivebordet, Tavle-pc og mobil!<\/p>\n<\/div>\n<\/div>\n<div class=\"clearfix visible-lg-block visible-md-block visible-sm-block visible-xs-block\"><\/div>\n<\/div>\n<\/div>\n<p><!--Section Features with WP--><\/p>\n<div class=\"section5 wp-theme-generator\" style=\"padding:70px 10px;margin-bottom:2px;\">\n<div style=\"margin:40px 0px 20px;\">\n<h2 style=\"margin-bottom:65px; text-transform:none;\">G\u00e6sterne p\u00e5 TemplateToaster <\/h2>\n<div class=\"feature_with_wp row\">\n<div class=\"col-lg-4  col-md-4 col-sm-4 col-xs-6\">\n<div class=\"feature_wpimg\">\n\t\t\t<img decoding=\"async\" src=\"https:\/\/templatetoaster.com\/wp-content\/uploads\/2017\/04\/multiple-language.png\" class=\"img-responsive\" alt=\"St\u00f8tte flere sprog\">\n\t\t<\/div>\n<\/p>\n<\/div>\n<div class=\"col-lg-4  col-md-4 col-sm-4 col-xs-6\">\n<div class=\"feature_wpimg\">\n\t\t\t<img decoding=\"async\" src=\"https:\/\/templatetoaster.com\/wp-content\/uploads\/2017\/04\/mobile-optimization.png\" class=\"img-responsive\" alt=\"Mobil Optimering\">\n\t\t<\/div>\n<\/p>\n<\/div>\n<div class=\"clearfix visible-xs-block\"><\/div>\n<div class=\"col-lg-4  col-md-4 col-sm-4 col-xs-6\">\n<div class=\"feature_wpimg\">\n\t\t\t<img decoding=\"async\" src=\"https:\/\/templatetoaster.com\/wp-content\/uploads\/2017\/04\/drag-drop.png\" class=\"img-responsive\" alt=\"Tr\u00e6k og slip\">\n\t\t<\/div>\n<\/p>\n<\/div>\n<div class=\"clearfix visible-lg-block visible-md-block visible-sm-block\"><\/div>\n<div class=\"col-lg-4  col-md-4 col-sm-4 col-xs-6\">\n<div class=\"feature_wpimg\">\n\t\t\t<img decoding=\"async\" src=\"https:\/\/templatetoaster.com\/wp-content\/uploads\/2017\/04\/demo-templats.png\" class=\"img-responsive\" alt=\"Demo temaer\">\n\t\t<\/div>\n<\/p>\n<\/div>\n<div class=\"clearfix visible-xs-block\"><\/div>\n<div class=\"col-lg-4  col-md-4 col-sm-4 col-xs-6\">\n<div class=\"feature_wpimg\">\n\t\t\t<img decoding=\"async\" src=\"https:\/\/templatetoaster.com\/wp-content\/uploads\/2017\/04\/mega-menu.png\" class=\"img-responsive\" alt=\"Mega Menu\">\n\t\t<\/div>\n<\/p>\n<\/div>\n<div class=\"col-lg-4  col-md-4 col-sm-4 col-xs-6\">\n<div class=\"feature_wpimg\">\n\t\t\t<img decoding=\"async\" src=\"https:\/\/templatetoaster.com\/wp-content\/uploads\/2017\/04\/right-to-left.png\" class=\"img-responsive\" alt=\"Fra h\u00f8jre til venstre\">\n\t\t<\/div>\n<\/p>\n<\/div>\n<div class=\"clearfix visible-lg-block visible-md-block visible-sm-block visible-xs-block\"><\/div>\n<div class=\"col-lg-4  col-md-4 col-sm-4 col-xs-6\">\n<div class=\"feature_wpimg\">\n\t\t\t<img decoding=\"async\" src=\"https:\/\/templatetoaster.com\/wp-content\/uploads\/2017\/04\/amazing-slideshow.png\" class=\"img-responsive\" alt=\"Amazing Slideshow\">\n\t\t<\/div>\n<\/p>\n<\/div>\n<div class=\"col-lg-4  col-md-4 col-sm-4 col-xs-6\">\n<div class=\"feature_wpimg\">\n\t\t\t<img decoding=\"async\" src=\"https:\/\/templatetoaster.com\/wp-content\/uploads\/2017\/04\/zero-coding.png\" class=\"img-responsive\" alt=\"nul Kodning\">\n\t\t<\/div>\n<\/p>\n<\/div>\n<div class=\"clearfix visible-xs-block\"><\/div>\n<div class=\"col-lg-4  col-md-4 col-sm-4 col-xs-6\">\n<div class=\"feature_wpimg\">\n\t\t\t<img decoding=\"async\" src=\"https:\/\/templatetoaster.com\/wp-content\/uploads\/2017\/04\/custom-css.png\" class=\"img-responsive\" alt=\"Custom CSS, JS og PHP\">\n\t\t<\/div>\n<\/p>\n<\/div>\n<div class=\"clearfix visible-lg-block visible-md-block visible-sm-block visible-xs-block\"><\/div>\n<\/div>\n<\/div>\n<\/div>\n<p><!--Section Gallery--><\/p>\n<div class=\"section7 wp-theme-generator\" style=\"padding:100px 10px; background-color:#f1f4f8;  margin-bottom:2px;\">\n<h2 style=\"text-transform:none;\">Vores standarder<\/h2>\n<div class=\"row\">\n<div class=\"col-lg-4 col-md-4 col-sm-6 col-xs-12\">\n<div style=\"padding: 20px;\">\n<div class=\"text-center\">\n<div style=\"margin-right:10px; display: inline-block; float:none; vertical-align:middle; background-position: -75px -153px; width:75px;\" class=\"wp_feature landing_page_svg\"><\/div>\n<\/div>\n<h3 style=\"margin: 20px 0px 10px; text-align: center;\">W3C validering <\/h3>\n<p class=\"text-center\"> P\u00e5 grund af internationale standarder overholdes og W3C validering, blogger skabeloner er oprettet med denne software er uds\u00f8gt problemfri med store webbrowsere.<\/p>\n<\/div>\n<\/div>\n<div class=\"clearfix visible-xs-block\"><\/div>\n<div class=\"col-lg-4 col-md-4 col-sm-6 col-xs-12\">\n<div style=\"padding: 20px;\">\n<div class=\"text-center\">\n<div style=\"margin-right:10px; display: inline-block; float:none; vertical-align:middle; background-position: -165px -153px; width:65px;\" class=\"wp_feature landing_page_svg\"><\/div>\n<\/div>\n<h3 style=\"margin:20px 0 10px; text-align:center\">HTML5 &amp; CSS3 standarder<\/h3>\n<p class=\"text-center\">TemplateToaster overholder de nyeste HTML5 &amp; CSS3 standarder. P\u00e5 grund af denne kendsgerning, en feature-rige, ren og dynamisk hjemmeside er skabt p\u00e5 f\u00e5 minutter!<\/p>\n<\/div>\n<\/div>\n<div class=\"clearfix visible-sm-block visible-xs-block\"><\/div>\n<div class=\"col-lg-4 col-md-4 col-sm-6 col-xs-12\">\n<div style=\"padding: 20px;\">\n<div class=\"text-center\">\n<div style=\"margin-right:10px; display: inline-block; float:none; vertical-align:middle; background-position: -260px -147px; width:65px;\" class=\"wp_feature landing_page_svg\"><\/div>\n<\/div>\n<h3 style=\"margin:20px 0 10px; text-align:center\"> Turbo Page Speed<\/h3>\n<p class=\"text-center\">Da der ikke er tunge s\u00e6t af divs og styling koder, der anvendes i Blogger skabeloner, den side belastning er ekstremt hurtig. Hurtig belastning hastighed er lig med mere synlighed og dermed, tr\u00e6kker i mere publikum!<\/p>\n<\/div>\n<\/div>\n<div class=\"clearfix  visible-lg-block visible-md-block  visible-xs-block\"><\/div>\n<\/div>\n<\/div>\n<p><!---- section 6 starts ---><\/p>\n<div class=\"section6 wp-theme-generator\" style=\"padding:50px 10px;\">\n<div style=\"margin:70px 0px 20px;\">\n<h2>Support Alle Major CMSer<\/h2>\n<div class=\"section-center\" style=\"padding-bottom: 50px;\">\n<div class=\"main-cms-section\">\n<div class=\"cms-section\">\n<div class=\"text-center\">\n<div class=\"wp_feature landing_page_svg\" style=\"width: 120px; height: 120px; background-position:-125px -1445px;\"><\/div>\n<\/div>\n<\/div>\n<\/div>\n<div class=\"other-cms-section\">\n<div class=\"cms-section\">\n<div class=\"text-center\">\n<div class=\"wp_feature landing_page_svg\" style=\"width: 110px; height: 100px; background-position:-100px -596px;\"><\/div>\n<\/div>\n<\/div>\n<div class=\"cms-section\">\n<div class=\"text-center\">\n<div class=\"wp_feature landing_page_svg\" style=\"width: 130px; height: 100px; background-position:-212px -596px;\"><\/div>\n<\/div>\n<\/div>\n<div class=\"cms-section\">\n<div class=\"text-center\">\n<div class=\"wp_feature landing_page_svg\" style=\"width: 90px; height: 102px; background-position:-250px -377px;\"><\/div>\n<\/div>\n<\/div>\n<div class=\"cms-section\">\n<div class=\"text-center\">\n<div class=\"wp_feature landing_page_svg\" style=\"width: 100px; height: 102px; background-position:10px -595px;\"><\/div>\n<\/div>\n<\/div>\n<div class=\"cms-section\">\n<div class=\"text-center\">\n<div class=\"wp_feature landing_page_svg\" style=\"width: 90px; height: 120px; background-position:12px -359px;\"><\/div>\n<\/div>\n<\/div>\n<div class=\"cms-section\">\n<div class=\"text-center\">\n<div class=\"wp_feature landing_page_svg\" style=\"width: 110px; height: 100px; background-position:-240px -495px;\"><\/div>\n<\/div>\n<\/div>\n<div class=\"cms-section\">\n<div class=\"text-center\">\n<div class=\"wp_feature landing_page_svg\" style=\"width: 110px; height: 100px; background-position:-65px -379px;\"><\/div>\n<\/div>\n<\/div>\n<div class=\"cms-section\">\n<div class=\"text-center\">\n<div class=\"wp_feature landing_page_svg\" style=\"width: 110px; height: 100px; background-position:5px -494px;\"><\/div>\n<\/div>\n<\/div>\n<div class=\"cms-section\">\n<div class=\"text-center\">\n<div class=\"wp_feature landing_page_svg\" style=\"width: 110px; height: 100px; background-position:-120px -495px;\"><\/div>\n<\/div>\n<\/div>\n<\/div>\n<\/div>\n<div style=\"text-align:center; margin-top: 30px;\">\n<a href=\"https:\/\/templatetoaster.com\/da\/download\" class=\"btn download_btn\">Download nu<\/a><\/div>\n<\/div>\n<\/div>\n","protected":false},"excerpt":{"rendered":"<p>En Blogger Template Maker, der designer Kun det bedste Giv et frisk udseende til din Blogger hjemmeside. Design skabeloner uden kodning viden! Download nu Hvorfor bruge TemplateToaster som Blogger Skabelon Creator Software? Design de allerbedste skabeloner til din Blogger-websted i &hellip; <a href=\"https:\/\/templatetoaster.com\/da\/blogger-template-creator\">Continue Reading<span class=\"meta-nav\">&rarr;<\/span><\/a><\/p>\n","protected":false},"author":13434,"featured_media":0,"parent":0,"menu_order":0,"comment_status":"closed","ping_status":"closed","template":"","meta":{"footnotes":""},"yoast_head":"<!-- This site is optimized with the Yoast SEO plugin v23.5 - https:\/\/yoast.com\/wordpress\/plugins\/seo\/ -->\n<title>Bedste Blogger-designsoftware - TemplateToaster<\/title>\n<meta name=\"description\" content=\"TemplateToaster er et designprogram til Best Blogger\" \/>\n<meta name=\"robots\" content=\"index, follow, max-snippet:-1, max-image-preview:large, max-video-preview:-1\" \/>\n<link rel=\"canonical\" href=\"https:\/\/templatetoaster.com\/da\/blogger-template-creator\" \/>\n<meta property=\"og:locale\" content=\"da_DK\" \/>\n<meta property=\"og:type\" content=\"article\" \/>\n<meta property=\"og:title\" content=\"Bedste Blogger-designsoftware - TemplateToaster\" \/>\n<meta property=\"og:description\" content=\"TemplateToaster er et designprogram til Best Blogger\" \/>\n<meta property=\"og:url\" content=\"https:\/\/templatetoaster.com\/da\/blogger-template-creator\" \/>\n<meta property=\"og:site_name\" content=\"TemplateToaster\" \/>\n<meta property=\"article:publisher\" content=\"https:\/\/www.facebook.com\/TemplateToaster\" \/>\n<meta property=\"article:modified_time\" content=\"2018-11-21T07:17:39+00:00\" \/>\n<meta property=\"og:image\" content=\"https:\/\/templatetoaster.com\/wp-content\/uploads\/2017\/04\/multiple-language.png\" \/>\n<meta name=\"twitter:card\" content=\"summary_large_image\" \/>\n<meta name=\"twitter:site\" content=\"@templatetoaster\" \/>\n<meta name=\"twitter:label1\" content=\"Estimeret l\u00e6setid\" \/>\n\t<meta name=\"twitter:data1\" content=\"3 minutter\" \/>\n<script type=\"application\/ld+json\" class=\"yoast-schema-graph\">{\"@context\":\"https:\/\/schema.org\",\"@graph\":[{\"@type\":\"WebPage\",\"@id\":\"https:\/\/templatetoaster.com\/da\/blogger-template-creator\",\"url\":\"https:\/\/templatetoaster.com\/da\/blogger-template-creator\",\"name\":\"Bedste Blogger-designsoftware - TemplateToaster\",\"isPartOf\":{\"@id\":\"https:\/\/templatetoaster.com\/#website\"},\"primaryImageOfPage\":{\"@id\":\"https:\/\/templatetoaster.com\/da\/blogger-template-creator#primaryimage\"},\"image\":{\"@id\":\"https:\/\/templatetoaster.com\/da\/blogger-template-creator#primaryimage\"},\"thumbnailUrl\":\"https:\/\/templatetoaster.com\/wp-content\/uploads\/2017\/04\/multiple-language.png\",\"datePublished\":\"2018-04-14T07:46:50+00:00\",\"dateModified\":\"2018-11-21T07:17:39+00:00\",\"description\":\"TemplateToaster er et designprogram til Best Blogger\",\"breadcrumb\":{\"@id\":\"https:\/\/templatetoaster.com\/da\/blogger-template-creator#breadcrumb\"},\"inLanguage\":\"da-DK\",\"potentialAction\":[{\"@type\":\"ReadAction\",\"target\":[\"https:\/\/templatetoaster.com\/da\/blogger-template-creator\"]}]},{\"@type\":\"ImageObject\",\"inLanguage\":\"da-DK\",\"@id\":\"https:\/\/templatetoaster.com\/da\/blogger-template-creator#primaryimage\",\"url\":\"https:\/\/templatetoaster.com\/wp-content\/uploads\/2017\/04\/multiple-language.png\",\"contentUrl\":\"https:\/\/templatetoaster.com\/wp-content\/uploads\/2017\/04\/multiple-language.png\"},{\"@type\":\"BreadcrumbList\",\"@id\":\"https:\/\/templatetoaster.com\/da\/blogger-template-creator#breadcrumb\",\"itemListElement\":[{\"@type\":\"ListItem\",\"position\":1,\"name\":\"Home\",\"item\":\"https:\/\/templatetoaster.com\/da\"},{\"@type\":\"ListItem\",\"position\":2,\"name\":\"Bedste Blogger-designsoftware\"}]},{\"@type\":\"WebSite\",\"@id\":\"https:\/\/templatetoaster.com\/#website\",\"url\":\"https:\/\/templatetoaster.com\/\",\"name\":\"TemplateToaster\",\"description\":\"\",\"publisher\":{\"@id\":\"https:\/\/templatetoaster.com\/#organization\"},\"inLanguage\":\"da-DK\"},{\"@type\":\"Organization\",\"@id\":\"https:\/\/templatetoaster.com\/#organization\",\"name\":\"TemplateToaster\",\"url\":\"https:\/\/templatetoaster.com\/\",\"logo\":{\"@type\":\"ImageObject\",\"inLanguage\":\"da-DK\",\"@id\":\"https:\/\/templatetoaster.com\/#\/schema\/logo\/image\/\",\"url\":\"https:\/\/templatetoaster.com\/wp-content\/uploads\/2019\/11\/TemplateToaster_Logo.jpg\",\"contentUrl\":\"https:\/\/templatetoaster.com\/wp-content\/uploads\/2019\/11\/TemplateToaster_Logo.jpg\",\"width\":85,\"height\":85,\"caption\":\"TemplateToaster\"},\"image\":{\"@id\":\"https:\/\/templatetoaster.com\/#\/schema\/logo\/image\/\"},\"sameAs\":[\"https:\/\/www.facebook.com\/TemplateToaster\",\"https:\/\/x.com\/templatetoaster\",\"https:\/\/www.instagram.com\/templatetoaster\/\",\"https:\/\/www.linkedin.com\/company\/templatetoaster\/\",\"https:\/\/www.pinterest.com\/templatetoaster\/\",\"https:\/\/www.youtube.com\/@TemplateToaster\"]}]}<\/script>\n<!-- \/ Yoast SEO plugin. -->","yoast_head_json":{"title":"Bedste Blogger-designsoftware - TemplateToaster","description":"TemplateToaster er et designprogram til Best Blogger","robots":{"index":"index","follow":"follow","max-snippet":"max-snippet:-1","max-image-preview":"max-image-preview:large","max-video-preview":"max-video-preview:-1"},"canonical":"https:\/\/templatetoaster.com\/da\/blogger-template-creator","og_locale":"da_DK","og_type":"article","og_title":"Bedste Blogger-designsoftware - TemplateToaster","og_description":"TemplateToaster er et designprogram til Best Blogger","og_url":"https:\/\/templatetoaster.com\/da\/blogger-template-creator","og_site_name":"TemplateToaster","article_publisher":"https:\/\/www.facebook.com\/TemplateToaster","article_modified_time":"2018-11-21T07:17:39+00:00","og_image":[{"url":"https:\/\/templatetoaster.com\/wp-content\/uploads\/2017\/04\/multiple-language.png"}],"twitter_card":"summary_large_image","twitter_site":"@templatetoaster","twitter_misc":{"Estimeret l\u00e6setid":"3 minutter"},"schema":{"@context":"https:\/\/schema.org","@graph":[{"@type":"WebPage","@id":"https:\/\/templatetoaster.com\/da\/blogger-template-creator","url":"https:\/\/templatetoaster.com\/da\/blogger-template-creator","name":"Bedste Blogger-designsoftware - TemplateToaster","isPartOf":{"@id":"https:\/\/templatetoaster.com\/#website"},"primaryImageOfPage":{"@id":"https:\/\/templatetoaster.com\/da\/blogger-template-creator#primaryimage"},"image":{"@id":"https:\/\/templatetoaster.com\/da\/blogger-template-creator#primaryimage"},"thumbnailUrl":"https:\/\/templatetoaster.com\/wp-content\/uploads\/2017\/04\/multiple-language.png","datePublished":"2018-04-14T07:46:50+00:00","dateModified":"2018-11-21T07:17:39+00:00","description":"TemplateToaster er et designprogram til Best Blogger","breadcrumb":{"@id":"https:\/\/templatetoaster.com\/da\/blogger-template-creator#breadcrumb"},"inLanguage":"da-DK","potentialAction":[{"@type":"ReadAction","target":["https:\/\/templatetoaster.com\/da\/blogger-template-creator"]}]},{"@type":"ImageObject","inLanguage":"da-DK","@id":"https:\/\/templatetoaster.com\/da\/blogger-template-creator#primaryimage","url":"https:\/\/templatetoaster.com\/wp-content\/uploads\/2017\/04\/multiple-language.png","contentUrl":"https:\/\/templatetoaster.com\/wp-content\/uploads\/2017\/04\/multiple-language.png"},{"@type":"BreadcrumbList","@id":"https:\/\/templatetoaster.com\/da\/blogger-template-creator#breadcrumb","itemListElement":[{"@type":"ListItem","position":1,"name":"Home","item":"https:\/\/templatetoaster.com\/da"},{"@type":"ListItem","position":2,"name":"Bedste Blogger-designsoftware"}]},{"@type":"WebSite","@id":"https:\/\/templatetoaster.com\/#website","url":"https:\/\/templatetoaster.com\/","name":"TemplateToaster","description":"","publisher":{"@id":"https:\/\/templatetoaster.com\/#organization"},"inLanguage":"da-DK"},{"@type":"Organization","@id":"https:\/\/templatetoaster.com\/#organization","name":"TemplateToaster","url":"https:\/\/templatetoaster.com\/","logo":{"@type":"ImageObject","inLanguage":"da-DK","@id":"https:\/\/templatetoaster.com\/#\/schema\/logo\/image\/","url":"https:\/\/templatetoaster.com\/wp-content\/uploads\/2019\/11\/TemplateToaster_Logo.jpg","contentUrl":"https:\/\/templatetoaster.com\/wp-content\/uploads\/2019\/11\/TemplateToaster_Logo.jpg","width":85,"height":85,"caption":"TemplateToaster"},"image":{"@id":"https:\/\/templatetoaster.com\/#\/schema\/logo\/image\/"},"sameAs":["https:\/\/www.facebook.com\/TemplateToaster","https:\/\/x.com\/templatetoaster","https:\/\/www.instagram.com\/templatetoaster\/","https:\/\/www.linkedin.com\/company\/templatetoaster\/","https:\/\/www.pinterest.com\/templatetoaster\/","https:\/\/www.youtube.com\/@TemplateToaster"]}]}},"_links":{"self":[{"href":"https:\/\/templatetoaster.com\/da\/wp-json\/wp\/v2\/pages\/4476"}],"collection":[{"href":"https:\/\/templatetoaster.com\/da\/wp-json\/wp\/v2\/pages"}],"about":[{"href":"https:\/\/templatetoaster.com\/da\/wp-json\/wp\/v2\/types\/page"}],"author":[{"embeddable":true,"href":"https:\/\/templatetoaster.com\/da\/wp-json\/wp\/v2\/users\/13434"}],"replies":[{"embeddable":true,"href":"https:\/\/templatetoaster.com\/da\/wp-json\/wp\/v2\/comments?post=4476"}],"version-history":[{"count":3,"href":"https:\/\/templatetoaster.com\/da\/wp-json\/wp\/v2\/pages\/4476\/revisions"}],"predecessor-version":[{"id":5890,"href":"https:\/\/templatetoaster.com\/da\/wp-json\/wp\/v2\/pages\/4476\/revisions\/5890"}],"wp:attachment":[{"href":"https:\/\/templatetoaster.com\/da\/wp-json\/wp\/v2\/media?parent=4476"}],"curies":[{"name":"wp","href":"https:\/\/api.w.org\/{rel}","templated":true}]}}