{"id":4469,"date":"2018-04-14T07:23:34","date_gmt":"2018-04-14T07:23:34","guid":{"rendered":"http:\/\/templatetoaster.com?page_id=4469"},"modified":"2019-08-09T08:51:14","modified_gmt":"2019-08-09T08:51:14","slug":"affiliates","status":"publish","type":"page","link":"https:\/\/templatetoaster.com\/da\/affiliates","title":{"rendered":"Partnere"},"content":{"rendered":"<div class=\"tt_affiliates_row row\">\n&nbsp;<\/p>\n<h1 class=\"heading_border\">TemplateToaster Affiliate Program<\/h1>\n<h4 class=\"joomla\">Fremme TemplateToaster p\u00e5 din hjemmeside og f\u00e5 betalt for det!<\/h4>\n<p class=\"wordpress\">F\u00e5 <strong>16%<\/strong> Kommissionen p\u00e5 hvert salg, du henvise!, der vil v\u00e6re omkring $25 for TemplateToaster Professional Edition. Blive en TemplateToaster affiliate i dag! Vores softwareprodukter er tilg\u00e6ngelige for salg gennem Avangate Affiliatenetv\u00e6rk. Til at begynde at s\u00e6lge, alt du beh\u00f8ver at g\u00f8re er displayet produktinformation og &#8220;K\u00f8b nu&#8221; links p\u00e5 dit websted.<\/p>\n<h4 class=\"joomla\">Garanterede Affiliate provision<\/h4>\n<p class=\"wordpress\">N\u00e5r en bes\u00f8gende f\u00f8lger et link eller banner fra dit websted, Avangate <em>holder styr p\u00e5 din Affiliate ID til 120 kalenderdage<\/em>. At \u2019 s 4 m\u00e5neder hvor enhver ordre placeret af den samme bruger garanterer din affiliate provision.<\/p>\n<h4 class=\"joomla\">Det \u2019 s s\u00e5 let som 1, 2, 3\u2026<\/h4>\n<p class=\"wordpress\">Avangate sig tager af bestillingsprocessen, produkt levering og kundesupport.<br \/>\n\u2013 Ingen grund til at gemme noget software p\u00e5 din servere, eller holde styr p\u00e5 licenser<br \/>\n\u2013 Ingen besv\u00e6r relateret til fakturering eller betaling fra kunder<br \/>\n\u2013 Ingen ops\u00e6tning gebyr, ingen opstart omkostninger, ingen skjulte m\u00e5l at n\u00e5!<br \/>\nDu vil ogs\u00e5 drage fordel af omfattende affiliate rapporter, der viser dig n\u00f8jagtigt, hvordan du udf\u00f8rer.<\/p>\n<h4 class=\"joomla\">M\u00e5nedlige betalinger<\/h4>\n<p class=\"wordpress\">Du f\u00e5r din provision hver m\u00e5ned, enten overf\u00f8rt til din Avangate forudbetalt Debit MasterCard eller sendt via bankoverf\u00f8rsel, check eller PayPal.<\/p>\n<h4 class=\"joomla\">Begynde at s\u00e6lge nu!<\/h4>\n<p class=\"wordpress\"><em>Bruge alle tilg\u00e6ngelige kanal af fremme du har \u2013 hjemmeside, nyhedsbrev, osv!<\/em> Husk \u2013 den mere henvisningslinks du opretter, flere chancer du n\u00f8dt til at tjene penge fra dit websted!<\/p>\n<p style=\"text-align: center; clear: both;\"><a class=\"btn download_button btn-feature\" href=\"https:\/\/www.avangate.com\/affiliates\/sign-up.php?merchant=TEMPLATT&amp;template=Default+Template&amp;lang=en\">Deltag nu<\/a><\/p>\n<\/div>\n","protected":false},"excerpt":{"rendered":"<p>&nbsp; TemplateToaster Affiliate Program Fremme TemplateToaster p\u00e5 din hjemmeside og f\u00e5 betalt for det! F\u00e5 16% Kommissionen p\u00e5 hvert salg, du henvise!, der vil v\u00e6re omkring $25 for TemplateToaster Professional Edition. Blive en TemplateToaster affiliate i dag! Vores softwareprodukter er &hellip; <a href=\"https:\/\/templatetoaster.com\/da\/affiliates\">Continue Reading<span class=\"meta-nav\">&rarr;<\/span><\/a><\/p>\n","protected":false},"author":13434,"featured_media":0,"parent":0,"menu_order":0,"comment_status":"closed","ping_status":"closed","template":"PageTemplate1.php","meta":{"footnotes":""},"yoast_head":"<!-- This site is optimized with the Yoast SEO plugin v23.5 - https:\/\/yoast.com\/wordpress\/plugins\/seo\/ -->\n<title>Partnere - TemplateToaster<\/title>\n<meta name=\"description\" content=\"TemplateToaster Partnere\" \/>\n<meta name=\"robots\" content=\"index, follow, max-snippet:-1, max-image-preview:large, max-video-preview:-1\" \/>\n<link rel=\"canonical\" href=\"https:\/\/templatetoaster.com\/da\/affiliates\" \/>\n<meta property=\"og:locale\" content=\"da_DK\" \/>\n<meta property=\"og:type\" content=\"article\" \/>\n<meta property=\"og:title\" content=\"Partnere - TemplateToaster\" \/>\n<meta property=\"og:description\" content=\"TemplateToaster Partnere\" \/>\n<meta property=\"og:url\" content=\"https:\/\/templatetoaster.com\/da\/affiliates\" \/>\n<meta property=\"og:site_name\" content=\"TemplateToaster\" \/>\n<meta property=\"article:publisher\" content=\"https:\/\/www.facebook.com\/TemplateToaster\" \/>\n<meta property=\"article:modified_time\" content=\"2019-08-09T08:51:14+00:00\" \/>\n<meta property=\"og:image\" content=\"https:\/\/templatetoaster.com\/wp-content\/uploads\/2015\/07\/TemplateToaster-325X325.png\" \/>\n\t<meta property=\"og:image:width\" content=\"325\" \/>\n\t<meta property=\"og:image:height\" content=\"325\" \/>\n\t<meta property=\"og:image:type\" content=\"image\/png\" \/>\n<meta name=\"twitter:card\" content=\"summary_large_image\" \/>\n<meta name=\"twitter:site\" content=\"@templatetoaster\" \/>\n<meta name=\"twitter:label1\" content=\"Estimeret l\u00e6setid\" \/>\n\t<meta name=\"twitter:data1\" content=\"1 minut\" \/>\n<script type=\"application\/ld+json\" class=\"yoast-schema-graph\">{\"@context\":\"https:\/\/schema.org\",\"@graph\":[{\"@type\":\"WebPage\",\"@id\":\"https:\/\/templatetoaster.com\/da\/affiliates\",\"url\":\"https:\/\/templatetoaster.com\/da\/affiliates\",\"name\":\"Partnere - TemplateToaster\",\"isPartOf\":{\"@id\":\"https:\/\/templatetoaster.com\/#website\"},\"datePublished\":\"2018-04-14T07:23:34+00:00\",\"dateModified\":\"2019-08-09T08:51:14+00:00\",\"description\":\"TemplateToaster Partnere\",\"breadcrumb\":{\"@id\":\"https:\/\/templatetoaster.com\/da\/affiliates#breadcrumb\"},\"inLanguage\":\"da-DK\",\"potentialAction\":[{\"@type\":\"ReadAction\",\"target\":[\"https:\/\/templatetoaster.com\/da\/affiliates\"]}]},{\"@type\":\"BreadcrumbList\",\"@id\":\"https:\/\/templatetoaster.com\/da\/affiliates#breadcrumb\",\"itemListElement\":[{\"@type\":\"ListItem\",\"position\":1,\"name\":\"Home\",\"item\":\"https:\/\/templatetoaster.com\/da\"},{\"@type\":\"ListItem\",\"position\":2,\"name\":\"Partnere\"}]},{\"@type\":\"WebSite\",\"@id\":\"https:\/\/templatetoaster.com\/#website\",\"url\":\"https:\/\/templatetoaster.com\/\",\"name\":\"TemplateToaster\",\"description\":\"\",\"publisher\":{\"@id\":\"https:\/\/templatetoaster.com\/#organization\"},\"inLanguage\":\"da-DK\"},{\"@type\":\"Organization\",\"@id\":\"https:\/\/templatetoaster.com\/#organization\",\"name\":\"TemplateToaster\",\"url\":\"https:\/\/templatetoaster.com\/\",\"logo\":{\"@type\":\"ImageObject\",\"inLanguage\":\"da-DK\",\"@id\":\"https:\/\/templatetoaster.com\/#\/schema\/logo\/image\/\",\"url\":\"https:\/\/templatetoaster.com\/wp-content\/uploads\/2019\/11\/TemplateToaster_Logo.jpg\",\"contentUrl\":\"https:\/\/templatetoaster.com\/wp-content\/uploads\/2019\/11\/TemplateToaster_Logo.jpg\",\"width\":85,\"height\":85,\"caption\":\"TemplateToaster\"},\"image\":{\"@id\":\"https:\/\/templatetoaster.com\/#\/schema\/logo\/image\/\"},\"sameAs\":[\"https:\/\/www.facebook.com\/TemplateToaster\",\"https:\/\/x.com\/templatetoaster\",\"https:\/\/www.instagram.com\/templatetoaster\/\",\"https:\/\/www.linkedin.com\/company\/templatetoaster\/\",\"https:\/\/www.pinterest.com\/templatetoaster\/\",\"https:\/\/www.youtube.com\/@TemplateToaster\"]}]}<\/script>\n<!-- \/ Yoast SEO plugin. -->","yoast_head_json":{"title":"Partnere - TemplateToaster","description":"TemplateToaster Partnere","robots":{"index":"index","follow":"follow","max-snippet":"max-snippet:-1","max-image-preview":"max-image-preview:large","max-video-preview":"max-video-preview:-1"},"canonical":"https:\/\/templatetoaster.com\/da\/affiliates","og_locale":"da_DK","og_type":"article","og_title":"Partnere - TemplateToaster","og_description":"TemplateToaster Partnere","og_url":"https:\/\/templatetoaster.com\/da\/affiliates","og_site_name":"TemplateToaster","article_publisher":"https:\/\/www.facebook.com\/TemplateToaster","article_modified_time":"2019-08-09T08:51:14+00:00","og_image":[{"width":325,"height":325,"url":"https:\/\/templatetoaster.com\/wp-content\/uploads\/2015\/07\/TemplateToaster-325X325.png","type":"image\/png"}],"twitter_card":"summary_large_image","twitter_site":"@templatetoaster","twitter_misc":{"Estimeret l\u00e6setid":"1 minut"},"schema":{"@context":"https:\/\/schema.org","@graph":[{"@type":"WebPage","@id":"https:\/\/templatetoaster.com\/da\/affiliates","url":"https:\/\/templatetoaster.com\/da\/affiliates","name":"Partnere - TemplateToaster","isPartOf":{"@id":"https:\/\/templatetoaster.com\/#website"},"datePublished":"2018-04-14T07:23:34+00:00","dateModified":"2019-08-09T08:51:14+00:00","description":"TemplateToaster Partnere","breadcrumb":{"@id":"https:\/\/templatetoaster.com\/da\/affiliates#breadcrumb"},"inLanguage":"da-DK","potentialAction":[{"@type":"ReadAction","target":["https:\/\/templatetoaster.com\/da\/affiliates"]}]},{"@type":"BreadcrumbList","@id":"https:\/\/templatetoaster.com\/da\/affiliates#breadcrumb","itemListElement":[{"@type":"ListItem","position":1,"name":"Home","item":"https:\/\/templatetoaster.com\/da"},{"@type":"ListItem","position":2,"name":"Partnere"}]},{"@type":"WebSite","@id":"https:\/\/templatetoaster.com\/#website","url":"https:\/\/templatetoaster.com\/","name":"TemplateToaster","description":"","publisher":{"@id":"https:\/\/templatetoaster.com\/#organization"},"inLanguage":"da-DK"},{"@type":"Organization","@id":"https:\/\/templatetoaster.com\/#organization","name":"TemplateToaster","url":"https:\/\/templatetoaster.com\/","logo":{"@type":"ImageObject","inLanguage":"da-DK","@id":"https:\/\/templatetoaster.com\/#\/schema\/logo\/image\/","url":"https:\/\/templatetoaster.com\/wp-content\/uploads\/2019\/11\/TemplateToaster_Logo.jpg","contentUrl":"https:\/\/templatetoaster.com\/wp-content\/uploads\/2019\/11\/TemplateToaster_Logo.jpg","width":85,"height":85,"caption":"TemplateToaster"},"image":{"@id":"https:\/\/templatetoaster.com\/#\/schema\/logo\/image\/"},"sameAs":["https:\/\/www.facebook.com\/TemplateToaster","https:\/\/x.com\/templatetoaster","https:\/\/www.instagram.com\/templatetoaster\/","https:\/\/www.linkedin.com\/company\/templatetoaster\/","https:\/\/www.pinterest.com\/templatetoaster\/","https:\/\/www.youtube.com\/@TemplateToaster"]}]}},"_links":{"self":[{"href":"https:\/\/templatetoaster.com\/da\/wp-json\/wp\/v2\/pages\/4469"}],"collection":[{"href":"https:\/\/templatetoaster.com\/da\/wp-json\/wp\/v2\/pages"}],"about":[{"href":"https:\/\/templatetoaster.com\/da\/wp-json\/wp\/v2\/types\/page"}],"author":[{"embeddable":true,"href":"https:\/\/templatetoaster.com\/da\/wp-json\/wp\/v2\/users\/13434"}],"replies":[{"embeddable":true,"href":"https:\/\/templatetoaster.com\/da\/wp-json\/wp\/v2\/comments?post=4469"}],"version-history":[{"count":4,"href":"https:\/\/templatetoaster.com\/da\/wp-json\/wp\/v2\/pages\/4469\/revisions"}],"predecessor-version":[{"id":63978,"href":"https:\/\/templatetoaster.com\/da\/wp-json\/wp\/v2\/pages\/4469\/revisions\/63978"}],"wp:attachment":[{"href":"https:\/\/templatetoaster.com\/da\/wp-json\/wp\/v2\/media?parent=4469"}],"curies":[{"name":"wp","href":"https:\/\/api.w.org\/{rel}","templated":true}]}}