{"id":4465,"date":"2018-04-14T07:15:09","date_gmt":"2018-04-14T07:15:09","guid":{"rendered":"http:\/\/templatetoaster.com?page_id=4465"},"modified":"2019-06-17T08:50:04","modified_gmt":"2019-06-17T08:50:04","slug":"wordpress-theme-framework","status":"publish","type":"page","link":"https:\/\/templatetoaster.com\/cs\/wordpress-theme-framework","title":{"rendered":"WordPress T\u00e9ma Framework"},"content":{"rendered":"<div class=\"tt_theme_framework row\">\n<div class=\"tt_theme_framework_row1 row section2-inner\">\n<div class=\"container\">\n<h1 class=\"text-center section2-inner\">TemplateToaster WordPress Theme Framework<\/h1>\n<p class=\"text-center\">TemplateToaster WordPress Theme Framework je bezplatn\u00fd, \u0161k\u00e1lovateln\u00fd a zcela SEO-p\u0159\u00e1telsk\u00fd t\u00e9matick\u00fd r\u00e1mec, kter\u00fd v\u00e1m umo\u017en\u00ed vytv\u00e1\u0159et bezchybn\u00e9 webov\u00e9 str\u00e1nky WordPress v \u017e\u00e1dn\u00e9m okam\u017eiku. M\u00e1 v\u0161echno, co by nov\u00e1\u010dek nebo profesion\u00e1ln\u00ed v\u00fdvoj\u00e1\u0159 pot\u0159eboval k vytvo\u0159en\u00ed neuv\u011b\u0159iteln\u00e9 webov\u00e9 str\u00e1nky s lehkost\u00ed. Je ur\u010den k urychlen\u00ed procesu navrhov\u00e1n\u00ed WordPress t\u00e9ma s minim\u00e1ln\u00edm \u00fasil\u00edm.<\/p>\n<\/div>\n<\/div>\n<div class=\"tt_theme_framework_row2 row even\">\n<div class=\"container\">\n<div class=\"section2-inner\">\n<h2 class=\"text-center\">Pro\u010d si vybrat TemplateToaster WordPress Theme Framework<\/h2>\n<p class=\"text-center\">Co d\u011bl\u00e1 jeho WordPress Theme Framework jedine\u010dn\u00fd je jeho schopnost poskytovat dokonalost mimo va\u0161i p\u0159edstavivost. Tento tematick\u00fd r\u00e1mec v\u00e1m d\u00e1v\u00e1 kr\u00e1sn\u00e1 citliv\u00e1 t\u00e9mata. M\u016f\u017eete vytv\u00e1\u0159et \u00fa\u017easn\u00e9 str\u00e1nky s nejlep\u0161\u00edmi funkcemi, rychleji bez k\u00f3dov\u00e1n\u00ed.<\/p>\n<\/div>\n<\/div>\n<\/div>\n<div class=\"tt_theme_framework_row3 row\">\n<div class=\"container\">\n<h2 class=\"text-center section2-inner\">Striking Features of TemplateToaster WordPress Theme Framework<\/h2>\n<div class=\"tt_theme_framework_row3_inner\">\n<div class=\"tt_theme_framework_col img\"><a href=\"https:\/\/templatetoaster.com\/wp-content\/uploads\/2018\/06\/TemplateToaster_WordPress_Theme_Framework_Header.jpg\" target=\"_blank\" rel=\"noopener\"><img decoding=\"async\" src=\"https:\/\/templatetoaster.com\/wp-content\/uploads\/2018\/06\/TemplateToaster_WordPress_Theme_Framework_Header.jpg\" alt=\"WordPress Theme Framework\" \/><\/a><\/div>\n<div class=\"tt_theme_framework_col content-right\">\n<h3>Z\u00e1hlav\u00ed<\/h3>\n<p>S t\u00edmto t\u00e9matick\u00fdm r\u00e1me\u010dkem WordPressu, a to i po exportu motivu, m\u016f\u017eete st\u00e1le upravovat logo webu, ikony soci\u00e1ln\u00edch m\u00e9di\u00ed a webov\u00e9 str\u00e1nky Slogan, jak si p\u0159ejete.<\/p>\n<\/div>\n<\/div>\n<div class=\"tt_theme_framework_row3_inner\">\n<div class=\"tt_theme_framework_col content-left\">\n<h3>Slideshow<\/h3>\n<p>Jeho WordPress t\u00e9ma r\u00e1mec umo\u017e\u0148uje nahradit sn\u00edmky prezentace, a to i po instalaci WordPress t\u00e9ma. Bu\u010fte tak kreativn\u00ed, jak chcete a ud\u011blejte kr\u00e1snou prezentaci s lehkost\u00ed.<\/p>\n<\/div>\n<div class=\"tt_theme_framework_col img\"><a href=\"https:\/\/templatetoaster.com\/wp-content\/uploads\/2018\/06\/TemplateToaster_WordPress_Theme_Framework_SlideShow.jpg\" target=\"_blank\" rel=\"noopener\"><img decoding=\"async\" src=\"https:\/\/templatetoaster.com\/wp-content\/uploads\/2018\/06\/TemplateToaster_WordPress_Theme_Framework_SlideShow.jpg\" alt=\"WordPress Theme Framework\" \/><\/a><\/div>\n<\/div>\n<div class=\"tt_theme_framework_row3_inner\">\n<div class=\"tt_theme_framework_col img\"><a href=\"https:\/\/templatetoaster.com\/wp-content\/uploads\/2018\/06\/TemplateToaster_WordPress_Theme_Framework_Post_Content.jpg\" target=\"_blank\" rel=\"noopener\"><br \/>\n<img decoding=\"async\" src=\"https:\/\/templatetoaster.com\/wp-content\/uploads\/2018\/06\/TemplateToaster_WordPress_Theme_Framework_Post_Content.jpg\" alt=\"\" \/><\/a><\/div>\n<div class=\"tt_theme_framework_col content-right\">\n<h3>P\u0159\u00edsp\u011bvek \/ obsah<\/h3>\n<p>Tento WordPress Theme Framework v\u00e1m umo\u017e\u0148uje rozhodnout, kolik p\u0159\u00edsp\u011bvk\u016f, kolik sloupc\u016f, spolu s navigac\u00ed, kter\u00e9 chcete zobrazit na domovsk\u00e9 str\u00e1nce.<\/p>\n<\/div>\n<\/div>\n<div class=\"tt_theme_framework_row3_inner\">\n<div class=\"tt_theme_framework_col content-left\">\n<h3>Z\u00e1pat\u00ed<\/h3>\n<p>Z\u00e1pat\u00ed mo\u017enost zde v\u00e1m umo\u017en\u00ed pohodln\u011b styl str\u00e1nky WordPress z\u00e1pat\u00ed. M\u016f\u017eete upravovat \/ p\u0159id\u00e1vat nebo zobrazovat \/ skr\u00fdt text autorsk\u00fdch pr\u00e1v a adresy URL. A m\u016f\u017eete tak\u00e9 p\u0159izp\u016fsobit soci\u00e1ln\u00ed ikony.<\/p>\n<\/div>\n<div class=\"tt_theme_framework_col img\"><a href=\"https:\/\/templatetoaster.com\/wp-content\/uploads\/2018\/06\/TemplateToaster_WordPress_Theme_Framework_Footer.jpg\" target=\"_blank\" rel=\"noopener\"><img decoding=\"async\" src=\"https:\/\/templatetoaster.com\/wp-content\/uploads\/2018\/06\/TemplateToaster_WordPress_Theme_Framework_Footer.jpg\" alt=\"WP Theme Framework\" \/><\/a><\/div>\n<\/div>\n<div class=\"tt_theme_framework_row3_inner\">\n<div class=\"tt_theme_framework_col img\"><a href=\"https:\/\/templatetoaster.com\/wp-content\/uploads\/2018\/06\/TemplateToaster_WordPress_Theme_Framework_Colors.jpg\" target=\"_blank\" rel=\"noopener\"><img decoding=\"async\" src=\"https:\/\/templatetoaster.com\/wp-content\/uploads\/2018\/06\/TemplateToaster_WordPress_Theme_Framework_Colors.jpg\" alt=\"WordPress Framework\" \/><\/a><\/div>\n<div class=\"tt_theme_framework_col content-right\">\n<h3>Barvy<\/h3>\n<p>Dejte sv\u00e9 webov\u00e9 str\u00e1nce WordPress sv\u016fj v\u00fdb\u011br barevn\u00fdch kombinac\u00ed. Barevn\u00e9 sch\u00e9ma m\u016f\u017eete kdykoliv zm\u011bnit pro n\u00e1zev str\u00e1nky, slogan, autorsk\u00e1 pr\u00e1va, z\u00e1pat\u00ed, n\u00e1zev p\u0159\u00edsp\u011bvku.<\/p>\n<\/div>\n<\/div>\n<div class=\"tt_theme_framework_row3_inner\">\n<div class=\"tt_theme_framework_col content-left\">\n<h3>V\u0161eobecn\u00e9<\/h3>\n<p>Obecnou mo\u017enost va\u0161ich webov\u00fdch str\u00e1nek lze spravovat zde. M\u016f\u017eete povolit nebo zak\u00e1zat funkce jako N\u00e1zev str\u00e1nky, Google Analytics, Dal\u0161\u00ed \/ P\u0159edchoz\u00ed odkaz, N\u00e1zev p\u0159\u00edsp\u011bvku, Navigace, Avatar, Koment\u00e1\u0159e a tak d\u00e1le.<\/p>\n<\/div>\n<div class=\"tt_theme_framework_col img\"><a href=\"https:\/\/templatetoaster.com\/wp-content\/uploads\/2018\/06\/TemplateToaster_WordPress_Theme_Framework_General.jpg\" target=\"_blank\" rel=\"noopener\"><img decoding=\"async\" src=\"https:\/\/templatetoaster.com\/wp-content\/uploads\/2018\/06\/TemplateToaster_WordPress_Theme_Framework_General.jpg\" alt=\"WP Framework\" \/><\/a><\/div>\n<\/div>\n<div class=\"tt_theme_framework_row3_inner\">\n<div class=\"tt_theme_framework_col img\"><a href=\"https:\/\/templatetoaster.com\/wp-content\/uploads\/2018\/06\/TemplateToaster_WordPress_Theme_Framework_Error_Page.jpg\" target=\"_blank\" rel=\"noopener\"><img decoding=\"async\" src=\"https:\/\/templatetoaster.com\/wp-content\/uploads\/2018\/06\/TemplateToaster_WordPress_Theme_Framework_Error_Page.jpg\" alt=\"\" \/><\/a><\/div>\n<div class=\"tt_theme_framework_col content-right\">\n<h3>Chybov\u00e1 str\u00e1nka<\/h3>\n<p>Nechceme, aby do\u0161lo k chyb\u011b, ale pokud dojde k chyb\u011b v d\u016fsledku chybn\u00e9 konfigurace, m\u016f\u017eete spravovat, jakou zpr\u00e1vu chcete sv\u00fdm n\u00e1v\u0161t\u011bvn\u00edk\u016fm zobrazit. M\u016f\u017eete zobrazit chybovou zpr\u00e1vu a obr\u00e1zek, p\u0159esm\u011brovat na domovskou str\u00e1nku atd. Zdroje, kter\u00e9 m\u016f\u017eete kompletn\u011b konfigurovat 404 str\u00e1nek.<\/p>\n<\/div>\n<\/div>\n<div class=\"tt_theme_framework_row3_inner\">\n<div class=\"tt_theme_framework_col content-left\">\n<h3>\u00dadr\u017eba<\/h3>\n<p>To je zaj\u00edmav\u00e1 funkce tohoto WordPress t\u00e9ma r\u00e1mce. To v\u00e1m umo\u017en\u00ed zobrazit informace o va\u0161ich str\u00e1nk\u00e1ch je udr\u017eov\u00e1n pomoc\u00ed n\u00e1zvu str\u00e1nky, obsahu a pozad\u00ed obr\u00e1zku. Pokud jste n\u011bkdy um\u00edstili sv\u00e9 str\u00e1nky do \u00fadr\u017eby, m\u016f\u017eete tuto mo\u017enost jednodu\u0161e pou\u017e\u00edt.\n<\/p><\/div>\n<div class=\"tt_theme_framework_col img\"><a href=\"https:\/\/templatetoaster.com\/wp-content\/uploads\/2018\/06\/TemplateToaster_WordPress_Theme_Framework_Maintenance.jpg\" target=\"_blank\" rel=\"noopener\"><img decoding=\"async\" src=\"https:\/\/templatetoaster.com\/wp-content\/uploads\/2018\/06\/TemplateToaster_WordPress_Theme_Framework_Maintenance.jpg\" alt=\"\" \/><\/a><\/div>\n<\/div>\n<div class=\"tt_theme_framework_row3_inner\">\n<div class=\"tt_theme_framework_col img\"><a href=\"https:\/\/templatetoaster.com\/wp-content\/uploads\/2018\/06\/TemplateToaster_WordPress_Theme_Framework_ShortCodes.jpg\" target=\"_blank\" rel=\"noopener\"><img decoding=\"async\" src=\"https:\/\/templatetoaster.com\/wp-content\/uploads\/2018\/06\/TemplateToaster_WordPress_Theme_Framework_ShortCodes.jpg\" alt=\"\" \/><\/a><\/div>\n<div class=\"tt_theme_framework_col content-right\">\n<h3>Kr\u00e1tk\u00e9 k\u00f3dy<\/h3>\n<p>Tento r\u00e1mec WordPress Theme je na\u010dten s kr\u00e1tk\u00fdmi k\u00f3dy. M\u016f\u017eete z\u00edskat cokoli z Google Map do Google Doc Viewer, Google Adsense, Google Chart, PayPal, Kalend\u00e1\u0159, RSS, Hledat, a mnoho dal\u0161\u00edho.<\/p>\n<\/div>\n<\/div>\n<div class=\"tt_theme_framework_row3_inner\">\n<div class=\"tt_theme_framework_col content-left\">\n<h3>Google Map<\/h3>\n<p>Mapu Google m\u016f\u017eete na sv\u00fdch str\u00e1nk\u00e1ch voln\u011b prohl\u00ed\u017eet pomoc\u00ed na\u0161eho tematick\u00e9ho r\u00e1mce WordPress. Upravte \u0161\u00ed\u0159ku, d\u00e9lku, \u0161\u00ed\u0159ku a v\u00fd\u0161ku mapy. Zapn\u011bte \/ vypn\u011bte zna\u010dku displeje.<\/p>\n<\/div>\n<div class=\"tt_theme_framework_col img\"><a href=\"https:\/\/templatetoaster.com\/wp-content\/uploads\/2018\/06\/TemplateToaster_WordPress_Theme_Framework_Goggle_Map.jpg\" target=\"_blank\" rel=\"noopener\"><img decoding=\"async\" src=\"https:\/\/templatetoaster.com\/wp-content\/uploads\/2018\/06\/TemplateToaster_WordPress_Theme_Framework_Goggle_Map.jpg\" alt=\"\" \/><\/a><\/div>\n<\/div>\n<div class=\"tt_theme_framework_row3_inner\">\n<div class=\"tt_theme_framework_col img\"><a href=\"https:\/\/templatetoaster.com\/wp-content\/uploads\/2018\/06\/templatetoaster_contact_us_theme-options_Contact_Us.jpg\"><img decoding=\"async\" src=\"https:\/\/templatetoaster.com\/wp-content\/uploads\/2018\/06\/templatetoaster_contact_us_theme-options_Contact_Us.jpg\" alt=\"\" \/><\/a><\/div>\n<div class=\"tt_theme_framework_col content-right\">\n<h3>Kontaktujte n\u00e1s<\/h3>\n<p>Formul\u00e1\u0159 Kontaktujte n\u00e1s m\u016f\u017eete kdykoli vytvo\u0159it a navrhnout. Z\u00e1le\u017e\u00ed jen na v\u00e1s, zda chcete zadat ve\u0159ejn\u00fd nebo soukrom\u00fd server Google Captcha. To v\u00e1m umo\u017en\u00ed p\u0159idat dal\u0161\u00ed pole ve form\u011b zpr\u00e1vy Chyba \/ \u00dasp\u011bch atd.<\/p>\n<\/div>\n<\/div>\n<div class=\"tt_theme_framework_row3_inner\">\n<div class=\"tt_theme_framework_col content-left\">\n<h3>Z\u00e1lohov\u00e1n\u00ed \/ Obnova<\/h3>\n<p>Dod\u00e1v\u00e1 se s aplikac\u00ed Backup &#038; Recovery. Opravdu d\u016fle\u017eit\u00e9. Jednodu\u0161e zadejte svou FTP a e-mailovou z\u00e1lo\u017en\u00ed adresu a vytvo\u0159\u00ed se automatick\u00fd pl\u00e1n z\u00e1lohov\u00e1n\u00ed.<\/p>\n<\/div>\n<div class=\"tt_theme_framework_col img\"><a href=\"https:\/\/templatetoaster.com\/wp-content\/uploads\/2018\/06\/TemplateToaster_WordPress_Theme_Framework_Backup_Recovery.jpg\" target=\"_blank\" rel=\"noopener\"><img decoding=\"async\" src=\"https:\/\/templatetoaster.com\/wp-content\/uploads\/2018\/06\/TemplateToaster_WordPress_Theme_Framework_Backup_Recovery.jpg\" alt=\"\" \/><\/a><\/div>\n<\/div>\n<\/div>\n<\/div>\n<\/div>\n<p style=\"text-align: center; clear: both;\"><a class=\"btn download_button btn-feature\" href=\"https:\/\/templatetoaster.com\/downloads\/TemplateToaster.zip\">St\u00e1hnout r\u00e1mec<\/a><\/p>\n","protected":false},"excerpt":{"rendered":"<p>TemplateToaster WordPress Theme Framework TemplateToaster WordPress Theme Framework je bezplatn\u00fd, \u0161k\u00e1lovateln\u00fd a zcela SEO-p\u0159\u00e1telsk\u00fd t\u00e9matick\u00fd r\u00e1mec, kter\u00fd v\u00e1m umo\u017en\u00ed vytv\u00e1\u0159et bezchybn\u00e9 webov\u00e9 str\u00e1nky WordPress v \u017e\u00e1dn\u00e9m okam\u017eiku. M\u00e1 v\u0161echno, co by nov\u00e1\u010dek nebo profesion\u00e1ln\u00ed v\u00fdvoj\u00e1\u0159 pot\u0159eboval k vytvo\u0159en\u00ed neuv\u011b\u0159iteln\u00e9 webov\u00e9 &hellip; <a href=\"https:\/\/templatetoaster.com\/cs\/wordpress-theme-framework\">Continue Reading<span class=\"meta-nav\">&rarr;<\/span><\/a><\/p>\n","protected":false},"author":13434,"featured_media":0,"parent":0,"menu_order":0,"comment_status":"closed","ping_status":"closed","template":"","meta":{"footnotes":""},"yoast_head":"<!-- This site is optimized with the Yoast SEO plugin v23.5 - https:\/\/yoast.com\/wordpress\/plugins\/seo\/ -->\n<title>WordPress T\u00e9ma Framework - TemplateToaster<\/title>\n<meta name=\"description\" content=\"TemplateToaster WordPress T\u00e9ma Framework\" \/>\n<meta name=\"robots\" content=\"index, follow, max-snippet:-1, max-image-preview:large, max-video-preview:-1\" \/>\n<link rel=\"canonical\" href=\"https:\/\/templatetoaster.com\/cs\/wordpress-theme-framework\" \/>\n<meta property=\"og:locale\" content=\"cs_CZ\" \/>\n<meta property=\"og:type\" content=\"article\" \/>\n<meta property=\"og:title\" content=\"WordPress T\u00e9ma Framework - TemplateToaster\" \/>\n<meta property=\"og:description\" content=\"TemplateToaster WordPress T\u00e9ma Framework\" \/>\n<meta property=\"og:url\" content=\"https:\/\/templatetoaster.com\/cs\/wordpress-theme-framework\" \/>\n<meta property=\"og:site_name\" content=\"TemplateToaster\" \/>\n<meta property=\"article:publisher\" content=\"https:\/\/www.facebook.com\/TemplateToaster\" \/>\n<meta property=\"article:modified_time\" content=\"2019-06-17T08:50:04+00:00\" \/>\n<meta property=\"og:image\" content=\"https:\/\/templatetoaster.com\/wp-content\/uploads\/2018\/06\/TemplateToaster_WordPress_Theme_Framework_Header.jpg\" \/>\n<meta name=\"twitter:card\" content=\"summary_large_image\" \/>\n<meta name=\"twitter:site\" content=\"@templatetoaster\" \/>\n<meta name=\"twitter:label1\" content=\"Odhadovan\u00e1 doba \u010dten\u00ed\" \/>\n\t<meta name=\"twitter:data1\" content=\"3 minuty\" \/>\n<script type=\"application\/ld+json\" class=\"yoast-schema-graph\">{\"@context\":\"https:\/\/schema.org\",\"@graph\":[{\"@type\":\"WebPage\",\"@id\":\"https:\/\/templatetoaster.com\/cs\/wordpress-theme-framework\",\"url\":\"https:\/\/templatetoaster.com\/cs\/wordpress-theme-framework\",\"name\":\"WordPress T\u00e9ma Framework - TemplateToaster\",\"isPartOf\":{\"@id\":\"https:\/\/templatetoaster.com\/#website\"},\"primaryImageOfPage\":{\"@id\":\"https:\/\/templatetoaster.com\/cs\/wordpress-theme-framework#primaryimage\"},\"image\":{\"@id\":\"https:\/\/templatetoaster.com\/cs\/wordpress-theme-framework#primaryimage\"},\"thumbnailUrl\":\"https:\/\/templatetoaster.com\/wp-content\/uploads\/2018\/06\/TemplateToaster_WordPress_Theme_Framework_Header.jpg\",\"datePublished\":\"2018-04-14T07:15:09+00:00\",\"dateModified\":\"2019-06-17T08:50:04+00:00\",\"description\":\"TemplateToaster WordPress T\u00e9ma Framework\",\"breadcrumb\":{\"@id\":\"https:\/\/templatetoaster.com\/cs\/wordpress-theme-framework#breadcrumb\"},\"inLanguage\":\"cs\",\"potentialAction\":[{\"@type\":\"ReadAction\",\"target\":[\"https:\/\/templatetoaster.com\/cs\/wordpress-theme-framework\"]}]},{\"@type\":\"ImageObject\",\"inLanguage\":\"cs\",\"@id\":\"https:\/\/templatetoaster.com\/cs\/wordpress-theme-framework#primaryimage\",\"url\":\"https:\/\/templatetoaster.com\/wp-content\/uploads\/2018\/06\/TemplateToaster_WordPress_Theme_Framework_Header.jpg\",\"contentUrl\":\"https:\/\/templatetoaster.com\/wp-content\/uploads\/2018\/06\/TemplateToaster_WordPress_Theme_Framework_Header.jpg\"},{\"@type\":\"BreadcrumbList\",\"@id\":\"https:\/\/templatetoaster.com\/cs\/wordpress-theme-framework#breadcrumb\",\"itemListElement\":[{\"@type\":\"ListItem\",\"position\":1,\"name\":\"Home\",\"item\":\"https:\/\/templatetoaster.com\/cs\"},{\"@type\":\"ListItem\",\"position\":2,\"name\":\"WordPress T\u00e9ma Framework\"}]},{\"@type\":\"WebSite\",\"@id\":\"https:\/\/templatetoaster.com\/#website\",\"url\":\"https:\/\/templatetoaster.com\/\",\"name\":\"TemplateToaster\",\"description\":\"\",\"publisher\":{\"@id\":\"https:\/\/templatetoaster.com\/#organization\"},\"inLanguage\":\"cs\"},{\"@type\":\"Organization\",\"@id\":\"https:\/\/templatetoaster.com\/#organization\",\"name\":\"TemplateToaster\",\"url\":\"https:\/\/templatetoaster.com\/\",\"logo\":{\"@type\":\"ImageObject\",\"inLanguage\":\"cs\",\"@id\":\"https:\/\/templatetoaster.com\/#\/schema\/logo\/image\/\",\"url\":\"https:\/\/templatetoaster.com\/wp-content\/uploads\/2019\/11\/TemplateToaster_Logo.jpg\",\"contentUrl\":\"https:\/\/templatetoaster.com\/wp-content\/uploads\/2019\/11\/TemplateToaster_Logo.jpg\",\"width\":85,\"height\":85,\"caption\":\"TemplateToaster\"},\"image\":{\"@id\":\"https:\/\/templatetoaster.com\/#\/schema\/logo\/image\/\"},\"sameAs\":[\"https:\/\/www.facebook.com\/TemplateToaster\",\"https:\/\/x.com\/templatetoaster\",\"https:\/\/www.instagram.com\/templatetoaster\/\",\"https:\/\/www.linkedin.com\/company\/templatetoaster\/\",\"https:\/\/www.pinterest.com\/templatetoaster\/\",\"https:\/\/www.youtube.com\/@TemplateToaster\"]}]}<\/script>\n<!-- \/ Yoast SEO plugin. -->","yoast_head_json":{"title":"WordPress T\u00e9ma Framework - TemplateToaster","description":"TemplateToaster WordPress T\u00e9ma Framework","robots":{"index":"index","follow":"follow","max-snippet":"max-snippet:-1","max-image-preview":"max-image-preview:large","max-video-preview":"max-video-preview:-1"},"canonical":"https:\/\/templatetoaster.com\/cs\/wordpress-theme-framework","og_locale":"cs_CZ","og_type":"article","og_title":"WordPress T\u00e9ma Framework - TemplateToaster","og_description":"TemplateToaster WordPress T\u00e9ma Framework","og_url":"https:\/\/templatetoaster.com\/cs\/wordpress-theme-framework","og_site_name":"TemplateToaster","article_publisher":"https:\/\/www.facebook.com\/TemplateToaster","article_modified_time":"2019-06-17T08:50:04+00:00","og_image":[{"url":"https:\/\/templatetoaster.com\/wp-content\/uploads\/2018\/06\/TemplateToaster_WordPress_Theme_Framework_Header.jpg"}],"twitter_card":"summary_large_image","twitter_site":"@templatetoaster","twitter_misc":{"Odhadovan\u00e1 doba \u010dten\u00ed":"3 minuty"},"schema":{"@context":"https:\/\/schema.org","@graph":[{"@type":"WebPage","@id":"https:\/\/templatetoaster.com\/cs\/wordpress-theme-framework","url":"https:\/\/templatetoaster.com\/cs\/wordpress-theme-framework","name":"WordPress T\u00e9ma Framework - TemplateToaster","isPartOf":{"@id":"https:\/\/templatetoaster.com\/#website"},"primaryImageOfPage":{"@id":"https:\/\/templatetoaster.com\/cs\/wordpress-theme-framework#primaryimage"},"image":{"@id":"https:\/\/templatetoaster.com\/cs\/wordpress-theme-framework#primaryimage"},"thumbnailUrl":"https:\/\/templatetoaster.com\/wp-content\/uploads\/2018\/06\/TemplateToaster_WordPress_Theme_Framework_Header.jpg","datePublished":"2018-04-14T07:15:09+00:00","dateModified":"2019-06-17T08:50:04+00:00","description":"TemplateToaster WordPress T\u00e9ma Framework","breadcrumb":{"@id":"https:\/\/templatetoaster.com\/cs\/wordpress-theme-framework#breadcrumb"},"inLanguage":"cs","potentialAction":[{"@type":"ReadAction","target":["https:\/\/templatetoaster.com\/cs\/wordpress-theme-framework"]}]},{"@type":"ImageObject","inLanguage":"cs","@id":"https:\/\/templatetoaster.com\/cs\/wordpress-theme-framework#primaryimage","url":"https:\/\/templatetoaster.com\/wp-content\/uploads\/2018\/06\/TemplateToaster_WordPress_Theme_Framework_Header.jpg","contentUrl":"https:\/\/templatetoaster.com\/wp-content\/uploads\/2018\/06\/TemplateToaster_WordPress_Theme_Framework_Header.jpg"},{"@type":"BreadcrumbList","@id":"https:\/\/templatetoaster.com\/cs\/wordpress-theme-framework#breadcrumb","itemListElement":[{"@type":"ListItem","position":1,"name":"Home","item":"https:\/\/templatetoaster.com\/cs"},{"@type":"ListItem","position":2,"name":"WordPress T\u00e9ma Framework"}]},{"@type":"WebSite","@id":"https:\/\/templatetoaster.com\/#website","url":"https:\/\/templatetoaster.com\/","name":"TemplateToaster","description":"","publisher":{"@id":"https:\/\/templatetoaster.com\/#organization"},"inLanguage":"cs"},{"@type":"Organization","@id":"https:\/\/templatetoaster.com\/#organization","name":"TemplateToaster","url":"https:\/\/templatetoaster.com\/","logo":{"@type":"ImageObject","inLanguage":"cs","@id":"https:\/\/templatetoaster.com\/#\/schema\/logo\/image\/","url":"https:\/\/templatetoaster.com\/wp-content\/uploads\/2019\/11\/TemplateToaster_Logo.jpg","contentUrl":"https:\/\/templatetoaster.com\/wp-content\/uploads\/2019\/11\/TemplateToaster_Logo.jpg","width":85,"height":85,"caption":"TemplateToaster"},"image":{"@id":"https:\/\/templatetoaster.com\/#\/schema\/logo\/image\/"},"sameAs":["https:\/\/www.facebook.com\/TemplateToaster","https:\/\/x.com\/templatetoaster","https:\/\/www.instagram.com\/templatetoaster\/","https:\/\/www.linkedin.com\/company\/templatetoaster\/","https:\/\/www.pinterest.com\/templatetoaster\/","https:\/\/www.youtube.com\/@TemplateToaster"]}]}},"_links":{"self":[{"href":"https:\/\/templatetoaster.com\/cs\/wp-json\/wp\/v2\/pages\/4465"}],"collection":[{"href":"https:\/\/templatetoaster.com\/cs\/wp-json\/wp\/v2\/pages"}],"about":[{"href":"https:\/\/templatetoaster.com\/cs\/wp-json\/wp\/v2\/types\/page"}],"author":[{"embeddable":true,"href":"https:\/\/templatetoaster.com\/cs\/wp-json\/wp\/v2\/users\/13434"}],"replies":[{"embeddable":true,"href":"https:\/\/templatetoaster.com\/cs\/wp-json\/wp\/v2\/comments?post=4465"}],"version-history":[{"count":3,"href":"https:\/\/templatetoaster.com\/cs\/wp-json\/wp\/v2\/pages\/4465\/revisions"}],"predecessor-version":[{"id":33613,"href":"https:\/\/templatetoaster.com\/cs\/wp-json\/wp\/v2\/pages\/4465\/revisions\/33613"}],"wp:attachment":[{"href":"https:\/\/templatetoaster.com\/cs\/wp-json\/wp\/v2\/media?parent=4465"}],"curies":[{"name":"wp","href":"https:\/\/api.w.org\/{rel}","templated":true}]}}