{"id":4455,"date":"2018-04-14T07:01:42","date_gmt":"2018-04-14T07:01:42","guid":{"rendered":"http:\/\/templatetoaster.com?page_id=4455"},"modified":"2019-06-13T12:38:42","modified_gmt":"2019-06-13T12:38:42","slug":"what-is-templatetoaster","status":"publish","type":"page","link":"https:\/\/templatetoaster.com\/cs\/what-is-templatetoaster","title":{"rendered":"co je TemplateToaster"},"content":{"rendered":"<div class=\"section1 wp-theme-generator about-tt\">\n<div class=\"inner-section\">\n<div style=\"margin: 115px 0 50px;\">\n<h1>Co je to TemplateToaster Software?<\/h1>\n<p class=\"text-center\">TemplateToaster je Windows Web Design a CMS t\u00e9ma &#038; \u0161ablony design software, kter\u00fd v\u00e1m umo\u017en\u00ed vytv\u00e1\u0159et n\u00e1dhern\u00e9 webov\u00e9 str\u00e1nky a \u0161ablony b\u011bhem n\u011bkolika minut. D\u00edky intuitivn\u00edmu u\u017eivatelsk\u00e9mu rozhran\u00ed v\u00e1m TemplateToaster umo\u017e\u0148uje vizualizovat va\u0161e n\u00e1pady a navrhovat vysoce kvalitn\u00ed responzivn\u00ed t\u00e9mata a \u0161ablony pro n\u011bkolik popul\u00e1rn\u00edch syst\u00e9m\u016f pro spr\u00e1vu obsahu (CMS), jako jsou WordPress, Joomla &#038; Drupal, v\u010detn\u011b e-commerce platforem, jako je Magento, OpenCart, Prestashop &#038; VirtueMart. \u0160ablony pro webov\u00e9 str\u00e1nky slu\u017eby Blogger a HTML m\u016f\u017eete tak\u00e9 okam\u017eit\u011b vytvo\u0159it. TemplateToaster je nejlep\u0161\u00ed online stavitel webov\u00fdch str\u00e1nek, kter\u00fd v\u00e1m umo\u017en\u00ed pracovat na m\u00edstn\u00edm po\u010d\u00edta\u010di a poskytnout v\u00e1m dynamick\u00e9 rozhran\u00ed pro pr\u00e1ci s n\u00edm.<\/p>\n<p><br clear=\"all\"><\/p>\n<div class=\"clearfix\"><\/div>\n<\/div>\n<\/div>\n<\/div>\n<p><!--- What is TemplateToaster Section ---><\/p>\n<div class=\"section2 wp-theme-generator about-tt\">\n<div class=\"section2-inner\">\n<h2>Pro\u010d si vybrat TemplateToaster?<\/h2>\n<div class=\"about-tt row\">\n<div class=\"col-lg-5 col-md-5 col-sm-5 col-xs-12\">\n\t<noscript><img decoding=\"async\" class=\"img-responsive\" src=\"https:\/\/templatetoaster.com\/wp-content\/uploads\/2018\/03\/templatetoaster-offers.png\" alt=\"\"><\/noscript><img decoding=\"async\" class=\"img-responsive lazyloaded\" src=\"https:\/\/templatetoaster.com\/wp-content\/uploads\/2018\/03\/templatetoaster-offers.png\" data-src=\"https:\/\/templatetoaster.com\/wp-content\/uploads\/2018\/03\/templatetoaster-offers.png\" alt=\"\">\n<\/div>\n<div class=\"clearfix visible-xs-block\"><\/div>\n<div class=\"col-lg-7 col-md-7 col-sm-7 col-xs-12\">\n<ul>\n<li>Neust\u00e1l\u00fd rozvoj od roku 2008 a st\u00e1le jedni\u010dka v konkurenci. <\/li>\n<li>B\u00fdt desktopov\u00e1 aplikace \/ software je robustn\u00ed a stabiln\u00ed, tak\u017ee m\u016f\u017eete snadno zvl\u00e1dnout tvrdou pr\u00e1ci web design.<\/li>\n<li>TemplateToaster umo\u017e\u0148uje navrhovat webov\u00e9 str\u00e1nky podle va\u0161ich po\u017eadavk\u016f, ani\u017e byste museli ps\u00e1t jeden \u0159\u00e1dek k\u00f3du. <\/li>\n<li>Kr\u00e1sa TemplateToaster le\u017e\u00ed v intuitivn\u00edm rozhran\u00ed a addonech, nap\u0159. stock fotografie, loga, soci\u00e1ln\u00ed ikony jsou dal\u0161\u00ed plus od TemplateToaster v seznamu jeho funkc\u00ed. <\/li>\n<li>Vzhledem k n\u00e1dhern\u00e9 vlastnosti a neuv\u011b\u0159itelnou podporu, TemplateToaster vynik\u00e1 mezi v\u0161emi web design software.\n <\/li>\n<li>Flexibilita pro vytv\u00e1\u0159en\u00ed citliv\u00fdch a SEO p\u0159\u00e1telsk\u00fdch webov\u00fdch str\u00e1nek, kter\u00e9 TemplateToaster nab\u00edz\u00ed, je neuv\u011b\u0159iteln\u011b u\u017eite\u010dn\u00e1 pro za\u010d\u00e1te\u010dn\u00edky. <\/li>\n<\/ul>\n<\/div>\n<\/div>\n<p><a href=\"https:\/\/templatetoaster.com\/cs\/download\" class=\"btn download_btn\">Sta\u017een\u00ed<\/a><\/p>\n<\/div>\n<\/div>\n<p><!---- section 3 starts ---><\/p>\n<div class=\"section3 wp-theme-generator\">\n<div class=\"section3-inner\">\n<h2>Hlavn\u00ed rysy TemplateToaster<\/h2>\n<div class=\"row\">\n<div class=\"col-lg-4 col-md-4 col-sm-6 col-xs-12\">\n<div class=\"media\">\n<div class=\"wp_feature landing_page_svg\" style=\"background-position: 0px -150px; display: block; margin:0 auto 20px;\"><\/div>\n<h3 class=\"text-center\">nula k\u00f3dov\u00e1n\u00ed<\/h3>\n<p class=\"text-center\">Rozhran\u00ed drag &#038; drop v\u00e1m umo\u017e\u0148uje vytvo\u0159it design podle va\u0161eho v\u00fdb\u011bru bez probl\u00e9m\u016f s k\u00f3dov\u00e1n\u00edm. Jednodu\u0161e p\u0159et\u00e1hn\u011bte prvky a va\u0161e webov\u00e9 str\u00e1nky jsou p\u0159ipraveny k pou\u017eit\u00ed.  <\/p>\n<\/div>\n<\/div>\n<div class=\"clearfix visible-xs-block\"><\/div>\n<div class=\"col-lg-4 col-md-4 col-sm-6 col-xs-12\">\n<div class=\"media\">\n<div class=\"wp_feature landing_page_svg\" style=\"background-position: -293px -75px; display: block; margin: 0 auto 20px;\"><\/div>\n<h3 class=\"text-center\">Reagovat Web Design<\/h3>\n<p class=\"text-center\">TemplateToaster podporuje citliv\u00fd web design, co\u017e znamen\u00e1, \u017ee bez ohledu na to, na kter\u00e9m za\u0159\u00edzen\u00ed jsou va\u0161e webov\u00e9 str\u00e1nky zobrazeny, va\u0161e webov\u00e9 str\u00e1nky dokonale zapadnou do displeje.  <\/p>\n<\/div>\n<\/div>\n<div class=\"clearfix visible-sm-block visible-xs-block\"><\/div>\n<div class=\"col-lg-4 col-md-4 col-sm-6 col-xs-12\">\n<div class=\"media\">\n<div class=\"wp_feature landing_page_svg\" style=\"background-position: -55px -80px; display: block; margin: 0 auto 20px;\"><\/div>\n<h3 class=\"text-center\">Bootstrap Kompatibiln\u00ed<\/h3>\n<p class=\"text-center\">TemplateToaster je kompatibiln\u00ed s nejnov\u011bj\u0161\u00ed verz\u00ed Bootstrap Framework, a proto zlep\u0161en\u00ed nebo obnoven\u00ed va\u0161eho motivu nikdy nebude br\u00e1nit citlivosti va\u0161ich str\u00e1nek.  <\/p>\n<\/div>\n<\/div>\n<div class=\"clearfix visible-lg-block visible-md-block visible-xs-block\"><\/div>\n<div class=\"col-lg-4 col-md-4 col-sm-6 col-xs-12\">\n<div class=\"media\">\n<div class=\"wp_feature landing_page_svg\" style=\"background-position: -78px -1597px; display: block; margin: 0 auto 20px;\"><\/div>\n<h3 class=\"text-center\">Oslniv\u00e9 prezentace<\/h3>\n<p class=\"text-center\">Prezentace p\u0159itahuj\u00ed v\u011bt\u0161\u00ed zapojen\u00ed u\u017eivatel\u016f a TemplateToaster umo\u017e\u0148uje vytv\u00e1\u0159et atraktivn\u00ed a vzru\u0161uj\u00edc\u00ed prezentace, kter\u00e9 v\u00e1m d\u00e1vaj\u00ed odv\u00e1\u017en\u00fd pohled na va\u0161e str\u00e1nky. <\/p>\n<\/div>\n<\/div>\n<div class=\"clearfix visible-sm-block visible-xs-block\"><\/div>\n<div class=\"col-lg-4 col-md-4 col-sm-6 col-xs-12\">\n<div class=\"media\">\n<div class=\"wp_feature landing_page_svg\" style=\"background-position: -210px -10px; display: block; margin: 0 auto 20px;\"><\/div>\n<h3 class=\"text-center\">Menu Builder<\/h3>\n<p class=\"text-center\">Jak\u00fdkoliv typ menu lze snadno navrhnout pomoc\u00ed TemplateToaster, a\u0165 je to horizont\u00e1ln\u00ed menu \/ podmenu, vertik\u00e1ln\u00ed menu \/ podmenu, menu \u010dasopisu, hamburger atd.  <\/p>\n<\/div>\n<\/div>\n<div class=\"clearfix visible-xs-block\"><\/div>\n<div class=\"col-lg-4 col-md-4 col-sm-6 col-xs-12\">\n<div class=\"media\">\n<div class=\"wp_feature landing_page_svg\" style=\"background-position: 0px -153px; display: block; margin: 0 auto 20px; \"><\/div>\n<h3 class=\"text-center\">WYSIWYG Editor<\/h3>\n<p class=\"text-center\">TemplateToaster nab\u00edz\u00ed pokro\u010dil\u00fd vizu\u00e1ln\u00ed editor WYSIWYG. Obsahuje v\u0161echny pokro\u010dil\u00e9 mo\u017enosti, jako jsou hypertextov\u00e9 odkazy, odsazen\u00ed textu, proch\u00e1zen\u00ed obr\u00e1zk\u016f, tabulky, p\u00edsma a dal\u0161\u00ed.<\/p>\n<\/div>\n<\/div>\n<div class=\"clearfix visible-lg-block visible-md-block visible-sm-block visible-xs-block\"><\/div>\n<\/div>\n<\/div>\n<\/div>\n<div class=\"section4 wp-theme-generator about-tt\">\n<div class=\"inner-section\">\n<h2>TemplateToaster: <br \/>Je to Desktop Software, plugin, t\u00e9ma nebo webov\u00e1 aplikace?<\/h2>\n<p><noscript><img decoding=\"async\" style=\"margin: 50px auto;\" src=\"https:\/\/templatetoaster.com\/wp-content\/uploads\/2018\/03\/tt-clarification.png\" class=\"img-responsive\" alt=\"\"><\/noscript><img decoding=\"async\" style=\"margin: 50px auto;\" src=\"https:\/\/templatetoaster.com\/wp-content\/uploads\/2018\/03\/tt-clarification.png\" data-src=\"https:\/\/templatetoaster.com\/wp-content\/uploads\/2018\/03\/tt-clarification.png\" class=\"img-responsive lazyloaded\" alt=\"\"><\/p>\n<p>TemplateToaster nen\u00ed plugin, ani t\u00e9ma ani webov\u00e1 aplikace, ve skute\u010dnosti se jedn\u00e1 o Desktop Software. M\u016f\u017eete si st\u00e1hnout TemplateToaster do m\u00edstn\u00edho po\u010d\u00edta\u010de a pou\u017e\u00edvat jej stejn\u011b jako jak\u00fdkoli jin\u00fd software Windows bez jak\u00fdchkoliv pot\u00ed\u017e\u00ed.<br \/>\nTemplateToaster v\u00e1m d\u00e1v\u00e1 \u00faplnou svobodu navrhovat atraktivn\u00ed t\u00e9ma dle va\u0161eho v\u00fdb\u011bru s jak\u00fdmikoliv po\u017eadavky, kter\u00e9 pot\u0159ebujete na sv\u00fdch str\u00e1nk\u00e1ch. Hladk\u00e9 a bezchybn\u00e9 rozhran\u00ed TemplateToaster v\u00e1m umo\u017en\u00ed padnout za to.<\/p>\n<\/div>\n<\/div>\n<div class=\"section wp-theme-generator about-tt\">\n<div class=\"inner-section\">\n<h2>Je k dispozici zdarma?<\/h2>\n<div class=\"row\">\n<div class=\"col-lg-5 col-md-5 col-sm-5 col-xs-12\">\n\t\t\t<noscript><img decoding=\"async\" src=\"https:\/\/templatetoaster.com\/wp-content\/uploads\/2018\/03\/free-trial.png\" class=\"img-responsive\"><\/noscript><img decoding=\"async\" src=\"https:\/\/templatetoaster.com\/wp-content\/uploads\/2018\/03\/free-trial.png\" data-src=\"https:\/\/templatetoaster.com\/wp-content\/uploads\/2018\/03\/free-trial.png\" class=\"img-responsive lazyloaded\">\n\t\t<\/div>\n<div class=\"clearfix visible-xs-block\"><\/div>\n<div class=\"col-lg-7 col-md-7 col-sm-7 col-xs-12\">\n<p>Ano, m\u016f\u017eete pou\u017e\u00edt bezplatnou zku\u0161ebn\u00ed verzi TemplateToaster. Jednodu\u0161e si st\u00e1hn\u011bte TemplateToaster a pou\u017e\u00edvejte jej tak dlouho, jak budete cht\u00edt. V\u0161imn\u011bte si, \u017ee v\u0161echny \u0161ablony vytvo\u0159en\u00e9 v r\u00e1mci zku\u0161ebn\u00ed verze budou zalo\u017eeny na vodoznaku \u201eEvalua\u010dn\u00ed verze\u201c. <\/p>\n<p>Jakmile jste spokojeni s funkc\u00ed TemplateToaster, m\u016f\u017eete si zakoupit licenci na aktivaci produktu pro plnou funk\u010dnost. Vyzkou\u0161ejte a porovnejte <a href=\"https:\/\/templatetoaster.com\/cs\/purchase\">dostupn\u00e9 edice<\/a> a vyberte jednu, kter\u00e1 bude vyhovovat va\u0161im pot\u0159eb\u00e1m!<\/p>\n<\/div>\n<div class=\"clearfix visible-lg-block visible-md-block visible-sm-block visible-xs-block\"><\/div>\n<\/div>\n<\/div>\n<\/div>\n<div class=\"section4 wp-theme-generator about-tt\">\n<h2 style=\"text-transform:none;\">Za\u010d\u00edn\u00e1me s TemplateToaster<\/h2>\n<p class=\"section4-paragraph\">TemplateToaster je super snadn\u00e9 pou\u017eit\u00ed. Je to tak snadno srozumiteln\u00fd a u\u017eite\u010dn\u00fd n\u00e1stroj pro web design, kter\u00fd umo\u017e\u0148uje i za\u010d\u00ednaj\u00edc\u00edm u\u017eivatel\u016fm vytvo\u0159it webov\u00e9 str\u00e1nky v \u017e\u00e1dn\u00e9m okam\u017eiku. Pokladna n\u011bkter\u00e9 chladn\u00e9 zdroje uveden\u00e9 n\u00ed\u017ee kop-start v\u00e1\u0161 web design procesu.<\/p>\n<div class=\"row\">\n<div class=\"col-lg-4 col-md-4 col-sm-6 col-sx-12\">\n<div style=\"padding: 20px;\">\n<div class=\"text-center\">\n<div style=\"margin-right:10px; display: inline-block; float:none; vertical-align:middle; background-position: -15px -1670px; \" class=\"wp_feature landing_page_svg\"><\/div>\n<\/div>\n<h3 style=\"margin: 20px 0px 10px; text-align: center;\"><a href=\"https:\/\/templatetoaster.com\/cs\/documentation\">Dokumentace<\/a><\/h3>\n<p class=\"text-center\"> <a href=\"https:\/\/templatetoaster.com\/cs\/documentation\">Dokumentace<\/a> zahrnuje proces stahov\u00e1n\u00ed, instalace a aktivace TemplateToaster. Dal\u0161\u00ed \u010d\u00e1st <a href=\"https:\/\/kb.templatetoaster.com\/\">znalostn\u00ed b\u00e1ze<\/a> obsahuje podrobn\u00e9 informace o dostupn\u00fdch mo\u017enostech softwaru.  <\/p>\n<\/div>\n<\/div>\n<div class=\"clearfix visible-xs-block\"><\/div>\n<div class=\"col-lg-4 col-md-4 col-sm-6 col-sx-12\">\n<div style=\"padding: 20px;\">\n<div class=\"text-center\">\n<div style=\"margin-right:10px; display: inline-block; float:none; vertical-align:middle; background-position: -10px -1600px; \" class=\"wp_feature landing_page_svg\"><\/div>\n<\/div>\n<h3 style=\"margin:20px 0 10px; text-align:center\"><a href=\"https:\/\/templatetoaster.com\/cs\/demo\"> Dema<\/a><\/h3>\n<p class=\"text-center\">Tato \u010d\u00e1st popisuje kompletn\u00ed v\u00fdukov\u00fd program TemplateToaster <a href=\"https:\/\/templatetoaster.com\/cs\/demo\"> uk\u00e1zkov\u00e9 video <\/a>, kter\u00fd poskytuje jasn\u00fd p\u0159ehled o softwaru. Od instalace k pou\u017eit\u00ed m\u00e1 TemplateToaster v\u0161e.  <\/p>\n<\/div>\n<\/div>\n<div class=\"clearfix visible-sm-block visible-xs-block\"><\/div>\n<div class=\"col-md-4 col-sm-6 col-sx-12\">\n<div style=\"padding: 20px;\">\n<div class=\"text-center\">\n<div class=\"wp_feature landing_page_svg\" style=\"margin-right:10px; display: inline-block; float:none; vertical-align:middle;background-position: -290px -1745px;\"><\/div>\n<\/div>\n<h3 style=\"margin:20px 0 10px; text-align:center\"><a href=\"https:\/\/templatetoaster.com\/showcase\/\"> Uk\u00e1zkov\u00e1 t\u00e9mata a \u0161ablony<\/a><\/h3>\n<p class=\"text-center\">In-postaven\u00e1 knihovna TemplateToaster m\u00e1 rozs\u00e1hlou sb\u00edrku kr\u00e1sn\u00fdch <a href=\"https:\/\/templatetoaster.com\/showcase\/\"> t\u00e9mat a \u0161ablon <\/a>, z nich\u017e si m\u016f\u017eete vybrat. M\u016f\u017eete si v\u0161ak vytvo\u0159it vlastn\u00ed motivy a \u0161ablony s vlastn\u00edmi n\u00e1vrhy.  <\/p>\n<\/div>\n<\/div>\n<div class=\"clearfix  visible-lg-block visible-md-block  visible-xs-block\"><\/div>\n<div class=\"col-md-4 col-sm-6 col-sx-12\">\n<div style=\"padding: 20px;\">\n<div class=\"text-center\">\n<div class=\"wp_feature landing_page_svg\" style=\"margin-right:10px; display: inline-block; float:none; vertical-align:middle;background-position: -224px -1670px;\"><\/div>\n<\/div>\n<h3 style=\"margin:20px 0 10px; text-align:center\"><a href=\"https:\/\/templatetoaster.com\/templates\">Tr\u017ei\u0161t\u011b<\/a><\/h3>\n<p class=\"text-center\">TemplateToaster v\u00e1m d\u00e1v\u00e1 mo\u017enost <a href=\"https:\/\/templatetoaster.com\/templates\"> Koupit a prod\u00e1vat <\/a> motiv\u016f a \u0161ablon pr\u00e9miov\u00fdch webov\u00fdch str\u00e1nek. Registrovan\u00ed u\u017eivatel\u00e9 zde mohou nakupovat nebo prod\u00e1vat sv\u00e1 vlastn\u00ed t\u00e9mata. N\u011bkdo jin\u00fd kreativita m\u016f\u017ee b\u00fdt v\u00e1\u0161 zisk!<\/p>\n<\/div>\n<\/div>\n<div class=\"clearfix visible-sm-block visible-xs-block\"><\/div>\n<div class=\"col-md-4 col-sm-6 col-sx-12\">\n<div style=\"padding: 20px;\">\n<div class=\"text-center\">\n<div class=\"wp_feature landing_page_svg\" style=\"float: none; height: 52px; vertical-align: middle; width: 44px; display: inline-block; background-position: -96px -1670px;\"><\/div>\n<\/div>\n<h3 style=\"margin:20px 0 10px; text-align:center\"><a href=\"https:\/\/templatetoaster.com\/forum\/\"> F\u00f3ra<\/a><\/h3>\n<p class=\"text-center\">Presti\u017en\u00ed komunita TemplateToaster v\u00e1m umo\u017en\u00ed sd\u00edlet v\u00e1\u0161 n\u00e1zor s ostatn\u00edmi u\u017eivateli. Ned\u00edlnou sou\u010d\u00e1st\u00ed tohoto <a href=\"https:\/\/templatetoaster.com\/forum\/\"> f\u00f3ra <\/a> jsou \u010dlenov\u00e9 t\u00fdmu TemplateToaster.<\/p>\n<\/div>\n<\/div>\n<div class=\"clearfix visible-xs-block\"><\/div>\n<div class=\"col-md-4 col-sm-6 col-sx-12\">\n<div style=\"padding: 20px;\">\n<div class=\"text-center\">\n<div class=\"wp_feature landing_page_svg\" style=\"margin-right:10px; display: inline-block; float:none; vertical-align:middle;background-position: -160px -1670px;\"><\/div>\n<\/div>\n<h3 style=\"margin:20px 0 10px; text-align:center\"><a href=\"https:\/\/templatetoaster.com\/tutorials\/\">tutori\u00e1ly<\/a><\/h3>\n<p class=\"text-center\">\nV sekci <a href=\"https:\/\/blog.templatetoaster.com\"> blogu <\/a> se m\u016f\u017eete pot\u00e1p\u011bt v na\u0161em informativn\u00edm oce\u00e1nu napln\u011bn\u00e9m \u010dl\u00e1nky o WordPressu, Drupalu, Magento a dal\u0161\u00edch CMS. N\u00e1vody vysv\u011btluj\u00edc\u00ed obecn\u00e9 webov\u00e9 technologie jsou k dispozici v \u010d\u00e1sti <a href=\"https:\/\/templatetoaster.com\/tutorials\/\"> N\u00e1vody <\/a>.<\/p>\n<\/div>\n<\/div>\n<div class=\"clearfix visible-lg-block visible-md-block visible-sm-block visible-xs-block\"><\/div>\n<\/div>\n<\/div>\n<div class=\"section7 wp-theme-generator about-tt\" style=\"padding:100px 10px; margin-bottom:2px; text-align: center;\">\n<div class=\"inner-section\">\n<h2 style=\"text-transform:none;\">Oslovit na\u0161i technickou podporu<\/h2>\n<p style=\"margin-bottom: 30px;\">P\u0159ilepen\u00e1 n\u011bkde? Nebojte se, <a href=\"https:\/\/templatetoaster.com\/support\"> na\u0161e technick\u00e1 podpora <\/a> je jen jedno kliknut\u00ed. Jsme v\u00e1m k dispozici 24 * 7, abychom mohli odpov\u011bd\u011bt na v\u0161echny va\u0161e dotazy. A\u0165 u\u017e je v\u00e1\u0161 dotaz jak\u00fdkoliv, budeme tam, abychom ho vy\u0159e\u0161ili ka\u017edou hodinu denn\u011b. Nev\u00e1hejte n\u00e1s kdykoliv kontaktovat. R\u00e1di V\u00e1m budeme slou\u017eit. <\/p>\n<p><a href=\"https:\/\/templatetoaster.com\/support\" class=\"btn download_btn\">Support Ticket<\/a>\n<\/p>\n<\/div>\n<\/div>\n","protected":false},"excerpt":{"rendered":"<p>Co je to TemplateToaster Software? TemplateToaster je Windows Web Design a CMS t\u00e9ma &#038; \u0161ablony design software, kter\u00fd v\u00e1m umo\u017en\u00ed vytv\u00e1\u0159et n\u00e1dhern\u00e9 webov\u00e9 str\u00e1nky a \u0161ablony b\u011bhem n\u011bkolika minut. D\u00edky intuitivn\u00edmu u\u017eivatelsk\u00e9mu rozhran\u00ed v\u00e1m TemplateToaster umo\u017e\u0148uje vizualizovat va\u0161e n\u00e1pady a &hellip; <a href=\"https:\/\/templatetoaster.com\/cs\/what-is-templatetoaster\">Continue Reading<span class=\"meta-nav\">&rarr;<\/span><\/a><\/p>\n","protected":false},"author":13434,"featured_media":0,"parent":0,"menu_order":0,"comment_status":"closed","ping_status":"closed","template":"","meta":{"footnotes":""},"yoast_head":"<!-- This site is optimized with the Yoast SEO plugin v23.5 - https:\/\/yoast.com\/wordpress\/plugins\/seo\/ -->\n<title>co je TemplateToaster - TemplateToaster<\/title>\n<meta name=\"description\" content=\"co je to software TemplateToaster\" \/>\n<meta name=\"robots\" content=\"index, follow, max-snippet:-1, max-image-preview:large, max-video-preview:-1\" \/>\n<link rel=\"canonical\" href=\"https:\/\/templatetoaster.com\/cs\/what-is-templatetoaster\" \/>\n<meta property=\"og:locale\" content=\"cs_CZ\" \/>\n<meta property=\"og:type\" content=\"article\" \/>\n<meta property=\"og:title\" content=\"co je TemplateToaster - TemplateToaster\" \/>\n<meta property=\"og:description\" content=\"co je to software TemplateToaster\" \/>\n<meta property=\"og:url\" content=\"https:\/\/templatetoaster.com\/cs\/what-is-templatetoaster\" \/>\n<meta property=\"og:site_name\" content=\"TemplateToaster\" \/>\n<meta property=\"article:publisher\" content=\"https:\/\/www.facebook.com\/TemplateToaster\" \/>\n<meta property=\"article:modified_time\" content=\"2019-06-13T12:38:42+00:00\" \/>\n<meta property=\"og:image\" content=\"https:\/\/templatetoaster.com\/wp-content\/uploads\/2018\/03\/templatetoaster-offers.png\" \/>\n<meta name=\"twitter:card\" content=\"summary_large_image\" \/>\n<meta name=\"twitter:site\" content=\"@templatetoaster\" \/>\n<meta name=\"twitter:label1\" content=\"Odhadovan\u00e1 doba \u010dten\u00ed\" \/>\n\t<meta name=\"twitter:data1\" content=\"5 minut\" \/>\n<script type=\"application\/ld+json\" class=\"yoast-schema-graph\">{\"@context\":\"https:\/\/schema.org\",\"@graph\":[{\"@type\":\"WebPage\",\"@id\":\"https:\/\/templatetoaster.com\/cs\/what-is-templatetoaster\",\"url\":\"https:\/\/templatetoaster.com\/cs\/what-is-templatetoaster\",\"name\":\"co je TemplateToaster - TemplateToaster\",\"isPartOf\":{\"@id\":\"https:\/\/templatetoaster.com\/#website\"},\"primaryImageOfPage\":{\"@id\":\"https:\/\/templatetoaster.com\/cs\/what-is-templatetoaster#primaryimage\"},\"image\":{\"@id\":\"https:\/\/templatetoaster.com\/cs\/what-is-templatetoaster#primaryimage\"},\"thumbnailUrl\":\"https:\/\/templatetoaster.com\/wp-content\/uploads\/2018\/03\/templatetoaster-offers.png\",\"datePublished\":\"2018-04-14T07:01:42+00:00\",\"dateModified\":\"2019-06-13T12:38:42+00:00\",\"description\":\"co je to software TemplateToaster\",\"breadcrumb\":{\"@id\":\"https:\/\/templatetoaster.com\/cs\/what-is-templatetoaster#breadcrumb\"},\"inLanguage\":\"cs\",\"potentialAction\":[{\"@type\":\"ReadAction\",\"target\":[\"https:\/\/templatetoaster.com\/cs\/what-is-templatetoaster\"]}]},{\"@type\":\"ImageObject\",\"inLanguage\":\"cs\",\"@id\":\"https:\/\/templatetoaster.com\/cs\/what-is-templatetoaster#primaryimage\",\"url\":\"https:\/\/templatetoaster.com\/wp-content\/uploads\/2018\/03\/templatetoaster-offers.png\",\"contentUrl\":\"https:\/\/templatetoaster.com\/wp-content\/uploads\/2018\/03\/templatetoaster-offers.png\"},{\"@type\":\"BreadcrumbList\",\"@id\":\"https:\/\/templatetoaster.com\/cs\/what-is-templatetoaster#breadcrumb\",\"itemListElement\":[{\"@type\":\"ListItem\",\"position\":1,\"name\":\"Home\",\"item\":\"https:\/\/templatetoaster.com\/cs\"},{\"@type\":\"ListItem\",\"position\":2,\"name\":\"co je TemplateToaster\"}]},{\"@type\":\"WebSite\",\"@id\":\"https:\/\/templatetoaster.com\/#website\",\"url\":\"https:\/\/templatetoaster.com\/\",\"name\":\"TemplateToaster\",\"description\":\"\",\"publisher\":{\"@id\":\"https:\/\/templatetoaster.com\/#organization\"},\"inLanguage\":\"cs\"},{\"@type\":\"Organization\",\"@id\":\"https:\/\/templatetoaster.com\/#organization\",\"name\":\"TemplateToaster\",\"url\":\"https:\/\/templatetoaster.com\/\",\"logo\":{\"@type\":\"ImageObject\",\"inLanguage\":\"cs\",\"@id\":\"https:\/\/templatetoaster.com\/#\/schema\/logo\/image\/\",\"url\":\"https:\/\/templatetoaster.com\/wp-content\/uploads\/2019\/11\/TemplateToaster_Logo.jpg\",\"contentUrl\":\"https:\/\/templatetoaster.com\/wp-content\/uploads\/2019\/11\/TemplateToaster_Logo.jpg\",\"width\":85,\"height\":85,\"caption\":\"TemplateToaster\"},\"image\":{\"@id\":\"https:\/\/templatetoaster.com\/#\/schema\/logo\/image\/\"},\"sameAs\":[\"https:\/\/www.facebook.com\/TemplateToaster\",\"https:\/\/x.com\/templatetoaster\",\"https:\/\/www.instagram.com\/templatetoaster\/\",\"https:\/\/www.linkedin.com\/company\/templatetoaster\/\",\"https:\/\/www.pinterest.com\/templatetoaster\/\",\"https:\/\/www.youtube.com\/@TemplateToaster\"]}]}<\/script>\n<!-- \/ Yoast SEO plugin. -->","yoast_head_json":{"title":"co je TemplateToaster - TemplateToaster","description":"co je to software TemplateToaster","robots":{"index":"index","follow":"follow","max-snippet":"max-snippet:-1","max-image-preview":"max-image-preview:large","max-video-preview":"max-video-preview:-1"},"canonical":"https:\/\/templatetoaster.com\/cs\/what-is-templatetoaster","og_locale":"cs_CZ","og_type":"article","og_title":"co je TemplateToaster - TemplateToaster","og_description":"co je to software TemplateToaster","og_url":"https:\/\/templatetoaster.com\/cs\/what-is-templatetoaster","og_site_name":"TemplateToaster","article_publisher":"https:\/\/www.facebook.com\/TemplateToaster","article_modified_time":"2019-06-13T12:38:42+00:00","og_image":[{"url":"https:\/\/templatetoaster.com\/wp-content\/uploads\/2018\/03\/templatetoaster-offers.png"}],"twitter_card":"summary_large_image","twitter_site":"@templatetoaster","twitter_misc":{"Odhadovan\u00e1 doba \u010dten\u00ed":"5 minut"},"schema":{"@context":"https:\/\/schema.org","@graph":[{"@type":"WebPage","@id":"https:\/\/templatetoaster.com\/cs\/what-is-templatetoaster","url":"https:\/\/templatetoaster.com\/cs\/what-is-templatetoaster","name":"co je TemplateToaster - TemplateToaster","isPartOf":{"@id":"https:\/\/templatetoaster.com\/#website"},"primaryImageOfPage":{"@id":"https:\/\/templatetoaster.com\/cs\/what-is-templatetoaster#primaryimage"},"image":{"@id":"https:\/\/templatetoaster.com\/cs\/what-is-templatetoaster#primaryimage"},"thumbnailUrl":"https:\/\/templatetoaster.com\/wp-content\/uploads\/2018\/03\/templatetoaster-offers.png","datePublished":"2018-04-14T07:01:42+00:00","dateModified":"2019-06-13T12:38:42+00:00","description":"co je to software TemplateToaster","breadcrumb":{"@id":"https:\/\/templatetoaster.com\/cs\/what-is-templatetoaster#breadcrumb"},"inLanguage":"cs","potentialAction":[{"@type":"ReadAction","target":["https:\/\/templatetoaster.com\/cs\/what-is-templatetoaster"]}]},{"@type":"ImageObject","inLanguage":"cs","@id":"https:\/\/templatetoaster.com\/cs\/what-is-templatetoaster#primaryimage","url":"https:\/\/templatetoaster.com\/wp-content\/uploads\/2018\/03\/templatetoaster-offers.png","contentUrl":"https:\/\/templatetoaster.com\/wp-content\/uploads\/2018\/03\/templatetoaster-offers.png"},{"@type":"BreadcrumbList","@id":"https:\/\/templatetoaster.com\/cs\/what-is-templatetoaster#breadcrumb","itemListElement":[{"@type":"ListItem","position":1,"name":"Home","item":"https:\/\/templatetoaster.com\/cs"},{"@type":"ListItem","position":2,"name":"co je TemplateToaster"}]},{"@type":"WebSite","@id":"https:\/\/templatetoaster.com\/#website","url":"https:\/\/templatetoaster.com\/","name":"TemplateToaster","description":"","publisher":{"@id":"https:\/\/templatetoaster.com\/#organization"},"inLanguage":"cs"},{"@type":"Organization","@id":"https:\/\/templatetoaster.com\/#organization","name":"TemplateToaster","url":"https:\/\/templatetoaster.com\/","logo":{"@type":"ImageObject","inLanguage":"cs","@id":"https:\/\/templatetoaster.com\/#\/schema\/logo\/image\/","url":"https:\/\/templatetoaster.com\/wp-content\/uploads\/2019\/11\/TemplateToaster_Logo.jpg","contentUrl":"https:\/\/templatetoaster.com\/wp-content\/uploads\/2019\/11\/TemplateToaster_Logo.jpg","width":85,"height":85,"caption":"TemplateToaster"},"image":{"@id":"https:\/\/templatetoaster.com\/#\/schema\/logo\/image\/"},"sameAs":["https:\/\/www.facebook.com\/TemplateToaster","https:\/\/x.com\/templatetoaster","https:\/\/www.instagram.com\/templatetoaster\/","https:\/\/www.linkedin.com\/company\/templatetoaster\/","https:\/\/www.pinterest.com\/templatetoaster\/","https:\/\/www.youtube.com\/@TemplateToaster"]}]}},"_links":{"self":[{"href":"https:\/\/templatetoaster.com\/cs\/wp-json\/wp\/v2\/pages\/4455"}],"collection":[{"href":"https:\/\/templatetoaster.com\/cs\/wp-json\/wp\/v2\/pages"}],"about":[{"href":"https:\/\/templatetoaster.com\/cs\/wp-json\/wp\/v2\/types\/page"}],"author":[{"embeddable":true,"href":"https:\/\/templatetoaster.com\/cs\/wp-json\/wp\/v2\/users\/13434"}],"replies":[{"embeddable":true,"href":"https:\/\/templatetoaster.com\/cs\/wp-json\/wp\/v2\/comments?post=4455"}],"version-history":[{"count":3,"href":"https:\/\/templatetoaster.com\/cs\/wp-json\/wp\/v2\/pages\/4455\/revisions"}],"predecessor-version":[{"id":33591,"href":"https:\/\/templatetoaster.com\/cs\/wp-json\/wp\/v2\/pages\/4455\/revisions\/33591"}],"wp:attachment":[{"href":"https:\/\/templatetoaster.com\/cs\/wp-json\/wp\/v2\/media?parent=4455"}],"curies":[{"name":"wp","href":"https:\/\/api.w.org\/{rel}","templated":true}]}}