{"id":4445,"date":"2018-04-14T06:53:47","date_gmt":"2018-04-14T06:53:47","guid":{"rendered":"http:\/\/templatetoaster.com?page_id=4445"},"modified":"2019-08-13T09:39:35","modified_gmt":"2019-08-13T09:39:35","slug":"virtuemart","status":"publish","type":"page","link":"https:\/\/templatetoaster.com\/cs\/virtuemart","title":{"rendered":"Nahrajte a nainstalujte \u0161ablony VirtueMart"},"content":{"rendered":"<div class=\"tt_documentation_instruction_row row\">\n<h1 class=\"heading_border\" style=\"background-size: 474px 1px;\">Jak nahr\u00e1t nainstalovat a nakonfigurovat VirtueMart \u0160ablony<\/h1>\n<div class=\"basic\">\n<div class=\"basic-step\">\n<ol>\n<li> Jdi na Joomla backendu -&gt; Roz\u0161\u00ed\u0159en\u00ed -&gt; Spr\u00e1va -&gt; Instalace -&gt; soubor nahr\u00e1t bal\u00ed\u010dek -&gt; Klikn\u011bte na \u201aProch\u00e1zet pro tento soubor\u2019 Tla\u010d\u00edtko -&gt; Proch\u00e1zet a instalovat zip slo\u017eku.<\/li>\n<li> Jdi na Joomla backendu -&gt; Roz\u0161\u00ed\u0159en\u00ed -&gt; \u0160ablony -&gt; Styly -&gt; Hled\u00e1n\u00ed instalovan\u00e9ho slo\u017eky -&gt; Klikn\u011bte na \u201ahv\u011bzda\u2019 Tla\u010d\u00edtko pro nastaven\u00ed motivu jako v\u00fdchoz\u00ed.<\/li>\n<li>Nebo j\u00edt do Joomla backendu -&gt; Roz\u0161\u00ed\u0159en\u00ed -&gt; \u0160ablony -&gt; Styly -&gt; Hled\u00e1n\u00ed instalovan\u00e9ho slo\u017eky -&gt; Klikn\u011bte a upravovat t\u00e9ma -&gt; Default -&gt; Vybrat \u201aV\u0161e\u2019 z rozev\u00edrac\u00edho seznamu -&gt; Klepn\u011bte na tla\u010d\u00edtko Ulo\u017eit a zav\u0159\u00edt. <\/li>\n<\/ol>\n<p><a href=\"https:\/\/templatetoaster.com\/wp-content\/uploads\/2013\/07\/VirtueMart_template_install_Step1.jpg\"><img loading=\"lazy\" decoding=\"async\" class=\"aligncenter size-large wp-image-3171\" src=\"https:\/\/templatetoaster.com\/wp-content\/uploads\/2013\/07\/VirtueMart_template_install_Step1-1024x458.jpg\" alt=\"VirtueMart_template_install_Step1\" width=\"900\" height=\"403\" srcset=\"https:\/\/templatetoaster.com\/wp-content\/uploads\/2013\/07\/VirtueMart_template_install_Step1-1024x458.jpg 1024w, https:\/\/templatetoaster.com\/wp-content\/uploads\/2013\/07\/VirtueMart_template_install_Step1-1000x447.jpg 1000w, https:\/\/templatetoaster.com\/wp-content\/uploads\/2013\/07\/VirtueMart_template_install_Step1-300x134.jpg 300w, https:\/\/templatetoaster.com\/wp-content\/uploads\/2013\/07\/VirtueMart_template_install_Step1.jpg 1349w\" sizes=\"(max-width: 900px) 100vw, 900px\" \/><\/a><br \/>\n<a href=\"https:\/\/templatetoaster.com\/wp-content\/uploads\/2013\/07\/VirtueMart_template_install_Step2.jpg\"><img loading=\"lazy\" decoding=\"async\" class=\"aligncenter size-large wp-image-3172\" src=\"https:\/\/templatetoaster.com\/wp-content\/uploads\/2013\/07\/VirtueMart_template_install_Step2-1024x458.jpg\" alt=\"VirtueMart_template_install_Step2\" width=\"900\" height=\"403\" srcset=\"https:\/\/templatetoaster.com\/wp-content\/uploads\/2013\/07\/VirtueMart_template_install_Step2-1024x458.jpg 1024w, https:\/\/templatetoaster.com\/wp-content\/uploads\/2013\/07\/VirtueMart_template_install_Step2-1000x447.jpg 1000w, https:\/\/templatetoaster.com\/wp-content\/uploads\/2013\/07\/VirtueMart_template_install_Step2-300x134.jpg 300w, https:\/\/templatetoaster.com\/wp-content\/uploads\/2013\/07\/VirtueMart_template_install_Step2.jpg 1349w\" sizes=\"(max-width: 900px) 100vw, 900px\" \/><\/a><br \/>\n<a href=\"https:\/\/templatetoaster.com\/wp-content\/uploads\/2013\/07\/VirtueMart_template_install_Step3a.jpg\"><img loading=\"lazy\" decoding=\"async\" class=\"aligncenter size-large wp-image-3173\" src=\"https:\/\/templatetoaster.com\/wp-content\/uploads\/2013\/07\/VirtueMart_template_install_Step3a-1024x455.jpg\" alt=\"VirtueMart_template_install_Step3a\" width=\"900\" height=\"400\" srcset=\"https:\/\/templatetoaster.com\/wp-content\/uploads\/2013\/07\/VirtueMart_template_install_Step3a-1024x455.jpg 1024w, https:\/\/templatetoaster.com\/wp-content\/uploads\/2013\/07\/VirtueMart_template_install_Step3a-1000x445.jpg 1000w, https:\/\/templatetoaster.com\/wp-content\/uploads\/2013\/07\/VirtueMart_template_install_Step3a-300x133.jpg 300w, https:\/\/templatetoaster.com\/wp-content\/uploads\/2013\/07\/VirtueMart_template_install_Step3a.jpg 1349w\" sizes=\"(max-width: 900px) 100vw, 900px\" \/><\/a><br \/>\n<a href=\"https:\/\/templatetoaster.com\/wp-content\/uploads\/2013\/07\/VirtueMart_template_install_Step4.jpg\"><img loading=\"lazy\" decoding=\"async\" class=\"aligncenter size-large wp-image-3174\" src=\"https:\/\/templatetoaster.com\/wp-content\/uploads\/2013\/07\/VirtueMart_template_install_Step4-1024x451.jpg\" alt=\"VirtueMart_template_install_Step4\" width=\"900\" height=\"396\" srcset=\"https:\/\/templatetoaster.com\/wp-content\/uploads\/2013\/07\/VirtueMart_template_install_Step4-1024x451.jpg 1024w, https:\/\/templatetoaster.com\/wp-content\/uploads\/2013\/07\/VirtueMart_template_install_Step4-1000x440.jpg 1000w, https:\/\/templatetoaster.com\/wp-content\/uploads\/2013\/07\/VirtueMart_template_install_Step4-300x132.jpg 300w, https:\/\/templatetoaster.com\/wp-content\/uploads\/2013\/07\/VirtueMart_template_install_Step4.jpg 1365w\" sizes=\"(max-width: 900px) 100vw, 900px\" \/><\/a><br \/>\n<a href=\"https:\/\/templatetoaster.com\/wp-content\/uploads\/2013\/07\/VirtueMart_template_install_Step4.jpg\"><img loading=\"lazy\" decoding=\"async\" class=\"aligncenter size-large wp-image-3174\" src=\"https:\/\/templatetoaster.com\/wp-content\/uploads\/2013\/07\/VirtueMart_template_install_Step4-1024x451.jpg\" alt=\"VirtueMart_template_install_Step4\" width=\"900\" height=\"396\" srcset=\"https:\/\/templatetoaster.com\/wp-content\/uploads\/2013\/07\/VirtueMart_template_install_Step4-1024x451.jpg 1024w, https:\/\/templatetoaster.com\/wp-content\/uploads\/2013\/07\/VirtueMart_template_install_Step4-1000x440.jpg 1000w, https:\/\/templatetoaster.com\/wp-content\/uploads\/2013\/07\/VirtueMart_template_install_Step4-300x132.jpg 300w, https:\/\/templatetoaster.com\/wp-content\/uploads\/2013\/07\/VirtueMart_template_install_Step4.jpg 1365w\" sizes=\"(max-width: 900px) 100vw, 900px\" \/><\/a><br \/>\n<a href=\"https:\/\/templatetoaster.com\/wp-content\/uploads\/2013\/07\/VirtueMart_template_install_Step5.jpg\"><img loading=\"lazy\" decoding=\"async\" class=\"aligncenter size-large wp-image-3175\" src=\"https:\/\/templatetoaster.com\/wp-content\/uploads\/2013\/07\/VirtueMart_template_install_Step5-1024x451.jpg\" alt=\"VirtueMart_template_install_Step5\" width=\"900\" height=\"396\" srcset=\"https:\/\/templatetoaster.com\/wp-content\/uploads\/2013\/07\/VirtueMart_template_install_Step5-1024x451.jpg 1024w, https:\/\/templatetoaster.com\/wp-content\/uploads\/2013\/07\/VirtueMart_template_install_Step5-1000x440.jpg 1000w, https:\/\/templatetoaster.com\/wp-content\/uploads\/2013\/07\/VirtueMart_template_install_Step5-300x132.jpg 300w, https:\/\/templatetoaster.com\/wp-content\/uploads\/2013\/07\/VirtueMart_template_install_Step5.jpg 1366w\" sizes=\"(max-width: 900px) 100vw, 900px\" \/><\/a><br \/>\n<a href=\"https:\/\/templatetoaster.com\/wp-content\/uploads\/2013\/07\/VirtueMart_template_install_Step5b1.jpg\"><img loading=\"lazy\" decoding=\"async\" class=\"aligncenter size-large wp-image-3176\" src=\"https:\/\/templatetoaster.com\/wp-content\/uploads\/2013\/07\/VirtueMart_template_install_Step5b1-1024x451.jpg\" alt=\"VirtueMart_template_install_Step5b1\" width=\"900\" height=\"396\" srcset=\"https:\/\/templatetoaster.com\/wp-content\/uploads\/2013\/07\/VirtueMart_template_install_Step5b1-1024x451.jpg 1024w, https:\/\/templatetoaster.com\/wp-content\/uploads\/2013\/07\/VirtueMart_template_install_Step5b1-1000x441.jpg 1000w, https:\/\/templatetoaster.com\/wp-content\/uploads\/2013\/07\/VirtueMart_template_install_Step5b1-300x132.jpg 300w, https:\/\/templatetoaster.com\/wp-content\/uploads\/2013\/07\/VirtueMart_template_install_Step5b1.jpg 1366w\" sizes=\"(max-width: 900px) 100vw, 900px\" \/><\/a><br \/>\n<a href=\"https:\/\/templatetoaster.com\/wp-content\/uploads\/2013\/07\/VirtueMart_template_install_Step5b2.jpg\"><img loading=\"lazy\" decoding=\"async\" class=\"aligncenter size-large wp-image-3177\" src=\"https:\/\/templatetoaster.com\/wp-content\/uploads\/2013\/07\/VirtueMart_template_install_Step5b2-1024x429.jpg\" alt=\"VirtueMart_template_install_Step5b2\" width=\"900\" height=\"377\" srcset=\"https:\/\/templatetoaster.com\/wp-content\/uploads\/2013\/07\/VirtueMart_template_install_Step5b2-1024x429.jpg 1024w, https:\/\/templatetoaster.com\/wp-content\/uploads\/2013\/07\/VirtueMart_template_install_Step5b2-1000x419.jpg 1000w, https:\/\/templatetoaster.com\/wp-content\/uploads\/2013\/07\/VirtueMart_template_install_Step5b2-300x126.jpg 300w, https:\/\/templatetoaster.com\/wp-content\/uploads\/2013\/07\/VirtueMart_template_install_Step5b2.jpg 1347w\" sizes=\"(max-width: 900px) 100vw, 900px\" \/><\/a><br \/>\n<a href=\"https:\/\/templatetoaster.com\/wp-content\/uploads\/2013\/07\/VirtueMart_template_install_Step5b3.jpg\"><img loading=\"lazy\" decoding=\"async\" class=\"aligncenter size-large wp-image-3178\" src=\"https:\/\/templatetoaster.com\/wp-content\/uploads\/2013\/07\/VirtueMart_template_install_Step5b3-1024x451.jpg\" alt=\"VirtueMart_template_install_Step5b3\" width=\"900\" height=\"396\" srcset=\"https:\/\/templatetoaster.com\/wp-content\/uploads\/2013\/07\/VirtueMart_template_install_Step5b3-1024x451.jpg 1024w, https:\/\/templatetoaster.com\/wp-content\/uploads\/2013\/07\/VirtueMart_template_install_Step5b3-1000x441.jpg 1000w, https:\/\/templatetoaster.com\/wp-content\/uploads\/2013\/07\/VirtueMart_template_install_Step5b3-300x132.jpg 300w, https:\/\/templatetoaster.com\/wp-content\/uploads\/2013\/07\/VirtueMart_template_install_Step5b3.jpg 1366w\" sizes=\"(max-width: 900px) 100vw, 900px\" \/><\/a><br \/>\n<a href=\"https:\/\/templatetoaster.com\/wp-content\/uploads\/2013\/07\/VirtueMart_template_install_Step6.jpg\"><img loading=\"lazy\" decoding=\"async\" class=\"aligncenter size-large wp-image-3179\" src=\"https:\/\/templatetoaster.com\/wp-content\/uploads\/2013\/07\/VirtueMart_template_install_Step6-1024x455.jpg\" alt=\"VirtueMart_template_install_Step6\" width=\"900\" height=\"400\" srcset=\"https:\/\/templatetoaster.com\/wp-content\/uploads\/2013\/07\/VirtueMart_template_install_Step6-1024x455.jpg 1024w, https:\/\/templatetoaster.com\/wp-content\/uploads\/2013\/07\/VirtueMart_template_install_Step6-1000x445.jpg 1000w, https:\/\/templatetoaster.com\/wp-content\/uploads\/2013\/07\/VirtueMart_template_install_Step6-300x133.jpg 300w, https:\/\/templatetoaster.com\/wp-content\/uploads\/2013\/07\/VirtueMart_template_install_Step6.jpg 1349w\" sizes=\"(max-width: 900px) 100vw, 900px\" \/><\/a><\/p>\n<\/div>\n<\/div>\n<\/div>\n","protected":false},"excerpt":{"rendered":"<p>Jak nahr\u00e1t nainstalovat a nakonfigurovat VirtueMart \u0160ablony Jdi na Joomla backendu -&gt; Roz\u0161\u00ed\u0159en\u00ed -&gt; Spr\u00e1va -&gt; Instalace -&gt; soubor nahr\u00e1t bal\u00ed\u010dek -&gt; Klikn\u011bte na \u201aProch\u00e1zet pro tento soubor\u2019 Tla\u010d\u00edtko -&gt; Proch\u00e1zet a instalovat zip slo\u017eku. Jdi na Joomla backendu -&gt; &hellip; <a href=\"https:\/\/templatetoaster.com\/cs\/virtuemart\">Continue Reading<span class=\"meta-nav\">&rarr;<\/span><\/a><\/p>\n","protected":false},"author":13434,"featured_media":0,"parent":0,"menu_order":0,"comment_status":"closed","ping_status":"closed","template":"PageTemplate1.php","meta":{"footnotes":""},"yoast_head":"<!-- This site is optimized with the Yoast SEO plugin v23.5 - https:\/\/yoast.com\/wordpress\/plugins\/seo\/ -->\n<title>Nahrajte a nainstalujte \u0161ablony VirtueMart - TemplateToaster<\/title>\n<meta name=\"description\" content=\"Nahr\u00e1t instalaci a konfigurovat \u0161ablony VirtueMart\" \/>\n<meta name=\"robots\" content=\"index, follow, max-snippet:-1, max-image-preview:large, max-video-preview:-1\" \/>\n<link rel=\"canonical\" href=\"https:\/\/templatetoaster.com\/cs\/virtuemart\" \/>\n<meta property=\"og:locale\" content=\"cs_CZ\" \/>\n<meta property=\"og:type\" content=\"article\" \/>\n<meta property=\"og:title\" content=\"Nahrajte a nainstalujte \u0161ablony VirtueMart - TemplateToaster\" \/>\n<meta property=\"og:description\" content=\"Nahr\u00e1t instalaci a konfigurovat \u0161ablony VirtueMart\" \/>\n<meta property=\"og:url\" content=\"https:\/\/templatetoaster.com\/cs\/virtuemart\" \/>\n<meta property=\"og:site_name\" content=\"TemplateToaster\" \/>\n<meta property=\"article:publisher\" content=\"https:\/\/www.facebook.com\/TemplateToaster\" \/>\n<meta property=\"article:modified_time\" content=\"2019-08-13T09:39:35+00:00\" \/>\n<meta property=\"og:image\" content=\"https:\/\/templatetoaster.com\/wp-content\/uploads\/2013\/07\/VirtueMart_template_install_Step1-1024x458.jpg\" \/>\n<meta name=\"twitter:card\" content=\"summary_large_image\" \/>\n<meta name=\"twitter:site\" content=\"@templatetoaster\" \/>\n<meta name=\"twitter:label1\" content=\"Odhadovan\u00e1 doba \u010dten\u00ed\" \/>\n\t<meta name=\"twitter:data1\" content=\"1 minuta\" \/>\n<script type=\"application\/ld+json\" class=\"yoast-schema-graph\">{\"@context\":\"https:\/\/schema.org\",\"@graph\":[{\"@type\":\"WebPage\",\"@id\":\"https:\/\/templatetoaster.com\/cs\/virtuemart\",\"url\":\"https:\/\/templatetoaster.com\/cs\/virtuemart\",\"name\":\"Nahrajte a nainstalujte \u0161ablony VirtueMart - TemplateToaster\",\"isPartOf\":{\"@id\":\"https:\/\/templatetoaster.com\/#website\"},\"primaryImageOfPage\":{\"@id\":\"https:\/\/templatetoaster.com\/cs\/virtuemart#primaryimage\"},\"image\":{\"@id\":\"https:\/\/templatetoaster.com\/cs\/virtuemart#primaryimage\"},\"thumbnailUrl\":\"https:\/\/templatetoaster.com\/wp-content\/uploads\/2013\/07\/VirtueMart_template_install_Step1-1024x458.jpg\",\"datePublished\":\"2018-04-14T06:53:47+00:00\",\"dateModified\":\"2019-08-13T09:39:35+00:00\",\"description\":\"Nahr\u00e1t instalaci a konfigurovat \u0161ablony VirtueMart\",\"breadcrumb\":{\"@id\":\"https:\/\/templatetoaster.com\/cs\/virtuemart#breadcrumb\"},\"inLanguage\":\"cs\",\"potentialAction\":[{\"@type\":\"ReadAction\",\"target\":[\"https:\/\/templatetoaster.com\/cs\/virtuemart\"]}]},{\"@type\":\"ImageObject\",\"inLanguage\":\"cs\",\"@id\":\"https:\/\/templatetoaster.com\/cs\/virtuemart#primaryimage\",\"url\":\"https:\/\/templatetoaster.com\/wp-content\/uploads\/2013\/07\/VirtueMart_template_install_Step1-1024x458.jpg\",\"contentUrl\":\"https:\/\/templatetoaster.com\/wp-content\/uploads\/2013\/07\/VirtueMart_template_install_Step1-1024x458.jpg\"},{\"@type\":\"BreadcrumbList\",\"@id\":\"https:\/\/templatetoaster.com\/cs\/virtuemart#breadcrumb\",\"itemListElement\":[{\"@type\":\"ListItem\",\"position\":1,\"name\":\"Home\",\"item\":\"https:\/\/templatetoaster.com\/cs\"},{\"@type\":\"ListItem\",\"position\":2,\"name\":\"Nahrajte a nainstalujte \u0161ablony VirtueMart\"}]},{\"@type\":\"WebSite\",\"@id\":\"https:\/\/templatetoaster.com\/#website\",\"url\":\"https:\/\/templatetoaster.com\/\",\"name\":\"TemplateToaster\",\"description\":\"\",\"publisher\":{\"@id\":\"https:\/\/templatetoaster.com\/#organization\"},\"inLanguage\":\"cs\"},{\"@type\":\"Organization\",\"@id\":\"https:\/\/templatetoaster.com\/#organization\",\"name\":\"TemplateToaster\",\"url\":\"https:\/\/templatetoaster.com\/\",\"logo\":{\"@type\":\"ImageObject\",\"inLanguage\":\"cs\",\"@id\":\"https:\/\/templatetoaster.com\/#\/schema\/logo\/image\/\",\"url\":\"https:\/\/templatetoaster.com\/wp-content\/uploads\/2019\/11\/TemplateToaster_Logo.jpg\",\"contentUrl\":\"https:\/\/templatetoaster.com\/wp-content\/uploads\/2019\/11\/TemplateToaster_Logo.jpg\",\"width\":85,\"height\":85,\"caption\":\"TemplateToaster\"},\"image\":{\"@id\":\"https:\/\/templatetoaster.com\/#\/schema\/logo\/image\/\"},\"sameAs\":[\"https:\/\/www.facebook.com\/TemplateToaster\",\"https:\/\/x.com\/templatetoaster\",\"https:\/\/www.instagram.com\/templatetoaster\/\",\"https:\/\/www.linkedin.com\/company\/templatetoaster\/\",\"https:\/\/www.pinterest.com\/templatetoaster\/\",\"https:\/\/www.youtube.com\/@TemplateToaster\"]}]}<\/script>\n<!-- \/ Yoast SEO plugin. -->","yoast_head_json":{"title":"Nahrajte a nainstalujte \u0161ablony VirtueMart - TemplateToaster","description":"Nahr\u00e1t instalaci a konfigurovat \u0161ablony VirtueMart","robots":{"index":"index","follow":"follow","max-snippet":"max-snippet:-1","max-image-preview":"max-image-preview:large","max-video-preview":"max-video-preview:-1"},"canonical":"https:\/\/templatetoaster.com\/cs\/virtuemart","og_locale":"cs_CZ","og_type":"article","og_title":"Nahrajte a nainstalujte \u0161ablony VirtueMart - TemplateToaster","og_description":"Nahr\u00e1t instalaci a konfigurovat \u0161ablony VirtueMart","og_url":"https:\/\/templatetoaster.com\/cs\/virtuemart","og_site_name":"TemplateToaster","article_publisher":"https:\/\/www.facebook.com\/TemplateToaster","article_modified_time":"2019-08-13T09:39:35+00:00","og_image":[{"url":"https:\/\/templatetoaster.com\/wp-content\/uploads\/2013\/07\/VirtueMart_template_install_Step1-1024x458.jpg"}],"twitter_card":"summary_large_image","twitter_site":"@templatetoaster","twitter_misc":{"Odhadovan\u00e1 doba \u010dten\u00ed":"1 minuta"},"schema":{"@context":"https:\/\/schema.org","@graph":[{"@type":"WebPage","@id":"https:\/\/templatetoaster.com\/cs\/virtuemart","url":"https:\/\/templatetoaster.com\/cs\/virtuemart","name":"Nahrajte a nainstalujte \u0161ablony VirtueMart - TemplateToaster","isPartOf":{"@id":"https:\/\/templatetoaster.com\/#website"},"primaryImageOfPage":{"@id":"https:\/\/templatetoaster.com\/cs\/virtuemart#primaryimage"},"image":{"@id":"https:\/\/templatetoaster.com\/cs\/virtuemart#primaryimage"},"thumbnailUrl":"https:\/\/templatetoaster.com\/wp-content\/uploads\/2013\/07\/VirtueMart_template_install_Step1-1024x458.jpg","datePublished":"2018-04-14T06:53:47+00:00","dateModified":"2019-08-13T09:39:35+00:00","description":"Nahr\u00e1t instalaci a konfigurovat \u0161ablony VirtueMart","breadcrumb":{"@id":"https:\/\/templatetoaster.com\/cs\/virtuemart#breadcrumb"},"inLanguage":"cs","potentialAction":[{"@type":"ReadAction","target":["https:\/\/templatetoaster.com\/cs\/virtuemart"]}]},{"@type":"ImageObject","inLanguage":"cs","@id":"https:\/\/templatetoaster.com\/cs\/virtuemart#primaryimage","url":"https:\/\/templatetoaster.com\/wp-content\/uploads\/2013\/07\/VirtueMart_template_install_Step1-1024x458.jpg","contentUrl":"https:\/\/templatetoaster.com\/wp-content\/uploads\/2013\/07\/VirtueMart_template_install_Step1-1024x458.jpg"},{"@type":"BreadcrumbList","@id":"https:\/\/templatetoaster.com\/cs\/virtuemart#breadcrumb","itemListElement":[{"@type":"ListItem","position":1,"name":"Home","item":"https:\/\/templatetoaster.com\/cs"},{"@type":"ListItem","position":2,"name":"Nahrajte a nainstalujte \u0161ablony VirtueMart"}]},{"@type":"WebSite","@id":"https:\/\/templatetoaster.com\/#website","url":"https:\/\/templatetoaster.com\/","name":"TemplateToaster","description":"","publisher":{"@id":"https:\/\/templatetoaster.com\/#organization"},"inLanguage":"cs"},{"@type":"Organization","@id":"https:\/\/templatetoaster.com\/#organization","name":"TemplateToaster","url":"https:\/\/templatetoaster.com\/","logo":{"@type":"ImageObject","inLanguage":"cs","@id":"https:\/\/templatetoaster.com\/#\/schema\/logo\/image\/","url":"https:\/\/templatetoaster.com\/wp-content\/uploads\/2019\/11\/TemplateToaster_Logo.jpg","contentUrl":"https:\/\/templatetoaster.com\/wp-content\/uploads\/2019\/11\/TemplateToaster_Logo.jpg","width":85,"height":85,"caption":"TemplateToaster"},"image":{"@id":"https:\/\/templatetoaster.com\/#\/schema\/logo\/image\/"},"sameAs":["https:\/\/www.facebook.com\/TemplateToaster","https:\/\/x.com\/templatetoaster","https:\/\/www.instagram.com\/templatetoaster\/","https:\/\/www.linkedin.com\/company\/templatetoaster\/","https:\/\/www.pinterest.com\/templatetoaster\/","https:\/\/www.youtube.com\/@TemplateToaster"]}]}},"_links":{"self":[{"href":"https:\/\/templatetoaster.com\/cs\/wp-json\/wp\/v2\/pages\/4445"}],"collection":[{"href":"https:\/\/templatetoaster.com\/cs\/wp-json\/wp\/v2\/pages"}],"about":[{"href":"https:\/\/templatetoaster.com\/cs\/wp-json\/wp\/v2\/types\/page"}],"author":[{"embeddable":true,"href":"https:\/\/templatetoaster.com\/cs\/wp-json\/wp\/v2\/users\/13434"}],"replies":[{"embeddable":true,"href":"https:\/\/templatetoaster.com\/cs\/wp-json\/wp\/v2\/comments?post=4445"}],"version-history":[{"count":3,"href":"https:\/\/templatetoaster.com\/cs\/wp-json\/wp\/v2\/pages\/4445\/revisions"}],"predecessor-version":[{"id":64393,"href":"https:\/\/templatetoaster.com\/cs\/wp-json\/wp\/v2\/pages\/4445\/revisions\/64393"}],"wp:attachment":[{"href":"https:\/\/templatetoaster.com\/cs\/wp-json\/wp\/v2\/media?parent=4445"}],"curies":[{"name":"wp","href":"https:\/\/api.w.org\/{rel}","templated":true}]}}