{"id":4436,"date":"2018-04-14T06:47:55","date_gmt":"2018-04-14T06:47:55","guid":{"rendered":"http:\/\/templatetoaster.com?page_id=4436"},"modified":"2019-08-10T05:04:18","modified_gmt":"2019-08-10T05:04:18","slug":"terms-of-use","status":"publish","type":"page","link":"https:\/\/templatetoaster.com\/cs\/terms-of-use","title":{"rendered":"Podm\u00ednky pou\u017eit\u00ed"},"content":{"rendered":"<div class=\"tt_terms_of_use_row row\">\n<h1 class=\"heading_border\" style=\"background-size: 168px 1px;\">Podm\u00ednky u\u017eit\u00ed<\/h1>\n<p style=\"font-size: 14px; font-weight: 600; margin-bottom: 12px; margin-top: 20px;\">V\u00edtejte na TemplateToaster, Pokud budete pokra\u010dovat v pou\u017e\u00edv\u00e1n\u00ed t\u00e9to webov\u00e9 str\u00e1nky, kter\u00e9 jsou v\u00e1z\u00e1ny na na\u0161e podm\u00ednky pou\u017eit\u00ed, kter\u00e9 v souvislosti s na\u0161\u00ed politikou ochrany soukrom\u00ed definuje n\u00e1\u0161 vztah s v\u00e1mi. Pros\u00edm nepou\u017e\u00edvejte na\u0161e webov\u00e9 str\u00e1nky, Pokud nesouhlas\u00edte s n\u00e1sleduj\u00edc\u00edmi podm\u00ednkami pou\u017eit\u00ed.<\/p>\n<ul class=\"download_points terms\">\n<li>Obsah tohoto webu, kter\u00fd je pro informa\u010dn\u00ed \u00fa\u010dely se mohou kdykoli zm\u011bnit bez p\u0159edchoz\u00edho upozorn\u011bn\u00ed.<\/li>\n<li>Na\u0161e str\u00e1nky pou\u017e\u00edvaj\u00ed cookies pro lep\u0161\u00ed v\u00fdkon.<\/li>\n<li>Ani TemplateToaster, ani \u017e\u00e1dn\u00e9 t\u0159et\u00ed strany poskytuje \u017e\u00e1dnou z\u00e1ruku v\u010dasnosti, p\u0159esnost, \u00faplnost nebo vhodnosti obsahu dostupn\u00e9ho na n\u011bm. Sna\u017e\u00edme se ale Uzn\u00e1v\u00e1te, \u017ee obsah m\u016f\u017ee obsahovat chyby.<\/li>\n<li>Obsah tohoto webu nen\u00ed omezena na rozlo\u017een\u00ed, grafika, vzory je autorsk\u00fdm pr\u00e1v\u016fm a jsou ve vlastnictv\u00ed n\u00e1s, reprodukce tohoto je p\u0159\u00edsn\u011b zak\u00e1z\u00e1no.<\/li>\n<li>V\u0161echny ostatn\u00ed n\u00e1zvy a loga jsou ochrann\u00e9 zn\u00e1mky p\u0159\u00edslu\u0161n\u00fdch vlastn\u00edk\u016f; TemplateToaster nen\u00ed schv\u00e1len a Joomla, WordPress a Drupal projekty.<\/li>\n<li>M\u016f\u017eeme poskytnout n\u011bjak\u00e9 extern\u00ed odkazy na tomto webu, Tyto odkazy jsou pro va\u0161e pohodl\u00ed a dal\u0161\u00ed informace, a to neznamen\u00e1, \u017ee jsme potvrd\u00ed \u017ee webov\u00e9 str\u00e1nky nebo oni neschvaluje n\u00e1s a Neodpov\u00edd\u00e1me za spr\u00e1vnost obsahu najdete na t\u00e9to webov\u00e9 str\u00e1nky.<\/li>\n<li>Pro TemplateToaster Software podm\u00ednky pou\u017eit\u00ed P\u0159e\u010dt\u011bte si smlouvu EULA (Licen\u010dn\u00ed smlouva s koncov\u00fdm u\u017eivatelem) P\u0159i instalaci.<\/li>\n<li>Pros\u00edm, nav\u0161tivte na\u0161i <a href=\"https:\/\/templatetoaster.com\/faqs\">Str\u00e1nka \u010dasto kladen\u00e9 dotazy<\/a> Dal\u0161\u00ed informace a pomoc.<\/li>\n<\/ul>\n<\/div>\n","protected":false},"excerpt":{"rendered":"<p>Podm\u00ednky u\u017eit\u00ed V\u00edtejte na TemplateToaster, Pokud budete pokra\u010dovat v pou\u017e\u00edv\u00e1n\u00ed t\u00e9to webov\u00e9 str\u00e1nky, kter\u00e9 jsou v\u00e1z\u00e1ny na na\u0161e podm\u00ednky pou\u017eit\u00ed, kter\u00e9 v souvislosti s na\u0161\u00ed politikou ochrany soukrom\u00ed definuje n\u00e1\u0161 vztah s v\u00e1mi. Pros\u00edm nepou\u017e\u00edvejte na\u0161e webov\u00e9 str\u00e1nky, Pokud nesouhlas\u00edte &hellip; <a href=\"https:\/\/templatetoaster.com\/cs\/terms-of-use\">Continue Reading<span class=\"meta-nav\">&rarr;<\/span><\/a><\/p>\n","protected":false},"author":13434,"featured_media":0,"parent":0,"menu_order":0,"comment_status":"closed","ping_status":"closed","template":"PageTemplate1.php","meta":{"footnotes":""},"yoast_head":"<!-- This site is optimized with the Yoast SEO plugin v23.5 - https:\/\/yoast.com\/wordpress\/plugins\/seo\/ -->\n<title>Podm\u00ednky pou\u017eit\u00ed - TemplateToaster<\/title>\n<meta name=\"description\" content=\"TemplateToaster Podm\u00ednky pou\u017eit\u00ed\" \/>\n<meta name=\"robots\" content=\"index, follow, max-snippet:-1, max-image-preview:large, max-video-preview:-1\" \/>\n<link rel=\"canonical\" href=\"https:\/\/templatetoaster.com\/cs\/terms-of-use\" \/>\n<meta property=\"og:locale\" content=\"cs_CZ\" \/>\n<meta property=\"og:type\" content=\"article\" \/>\n<meta property=\"og:title\" content=\"Podm\u00ednky pou\u017eit\u00ed - TemplateToaster\" \/>\n<meta property=\"og:description\" content=\"TemplateToaster Podm\u00ednky pou\u017eit\u00ed\" \/>\n<meta property=\"og:url\" content=\"https:\/\/templatetoaster.com\/cs\/terms-of-use\" \/>\n<meta property=\"og:site_name\" content=\"TemplateToaster\" \/>\n<meta property=\"article:publisher\" content=\"https:\/\/www.facebook.com\/TemplateToaster\" \/>\n<meta property=\"article:modified_time\" content=\"2019-08-10T05:04:18+00:00\" \/>\n<meta property=\"og:image\" content=\"https:\/\/templatetoaster.com\/wp-content\/uploads\/2015\/07\/TemplateToaster-325X325.png\" \/>\n\t<meta property=\"og:image:width\" content=\"325\" \/>\n\t<meta property=\"og:image:height\" content=\"325\" \/>\n\t<meta property=\"og:image:type\" content=\"image\/png\" \/>\n<meta name=\"twitter:card\" content=\"summary_large_image\" \/>\n<meta name=\"twitter:site\" content=\"@templatetoaster\" \/>\n<meta name=\"twitter:label1\" content=\"Odhadovan\u00e1 doba \u010dten\u00ed\" \/>\n\t<meta name=\"twitter:data1\" content=\"1 minuta\" \/>\n<script type=\"application\/ld+json\" class=\"yoast-schema-graph\">{\"@context\":\"https:\/\/schema.org\",\"@graph\":[{\"@type\":\"WebPage\",\"@id\":\"https:\/\/templatetoaster.com\/cs\/terms-of-use\",\"url\":\"https:\/\/templatetoaster.com\/cs\/terms-of-use\",\"name\":\"Podm\u00ednky pou\u017eit\u00ed - TemplateToaster\",\"isPartOf\":{\"@id\":\"https:\/\/templatetoaster.com\/#website\"},\"datePublished\":\"2018-04-14T06:47:55+00:00\",\"dateModified\":\"2019-08-10T05:04:18+00:00\",\"description\":\"TemplateToaster Podm\u00ednky pou\u017eit\u00ed\",\"breadcrumb\":{\"@id\":\"https:\/\/templatetoaster.com\/cs\/terms-of-use#breadcrumb\"},\"inLanguage\":\"cs\",\"potentialAction\":[{\"@type\":\"ReadAction\",\"target\":[\"https:\/\/templatetoaster.com\/cs\/terms-of-use\"]}]},{\"@type\":\"BreadcrumbList\",\"@id\":\"https:\/\/templatetoaster.com\/cs\/terms-of-use#breadcrumb\",\"itemListElement\":[{\"@type\":\"ListItem\",\"position\":1,\"name\":\"Home\",\"item\":\"https:\/\/templatetoaster.com\/cs\"},{\"@type\":\"ListItem\",\"position\":2,\"name\":\"Podm\u00ednky pou\u017eit\u00ed\"}]},{\"@type\":\"WebSite\",\"@id\":\"https:\/\/templatetoaster.com\/#website\",\"url\":\"https:\/\/templatetoaster.com\/\",\"name\":\"TemplateToaster\",\"description\":\"\",\"publisher\":{\"@id\":\"https:\/\/templatetoaster.com\/#organization\"},\"inLanguage\":\"cs\"},{\"@type\":\"Organization\",\"@id\":\"https:\/\/templatetoaster.com\/#organization\",\"name\":\"TemplateToaster\",\"url\":\"https:\/\/templatetoaster.com\/\",\"logo\":{\"@type\":\"ImageObject\",\"inLanguage\":\"cs\",\"@id\":\"https:\/\/templatetoaster.com\/#\/schema\/logo\/image\/\",\"url\":\"https:\/\/templatetoaster.com\/wp-content\/uploads\/2019\/11\/TemplateToaster_Logo.jpg\",\"contentUrl\":\"https:\/\/templatetoaster.com\/wp-content\/uploads\/2019\/11\/TemplateToaster_Logo.jpg\",\"width\":85,\"height\":85,\"caption\":\"TemplateToaster\"},\"image\":{\"@id\":\"https:\/\/templatetoaster.com\/#\/schema\/logo\/image\/\"},\"sameAs\":[\"https:\/\/www.facebook.com\/TemplateToaster\",\"https:\/\/x.com\/templatetoaster\",\"https:\/\/www.instagram.com\/templatetoaster\/\",\"https:\/\/www.linkedin.com\/company\/templatetoaster\/\",\"https:\/\/www.pinterest.com\/templatetoaster\/\",\"https:\/\/www.youtube.com\/@TemplateToaster\"]}]}<\/script>\n<!-- \/ Yoast SEO plugin. -->","yoast_head_json":{"title":"Podm\u00ednky pou\u017eit\u00ed - TemplateToaster","description":"TemplateToaster Podm\u00ednky pou\u017eit\u00ed","robots":{"index":"index","follow":"follow","max-snippet":"max-snippet:-1","max-image-preview":"max-image-preview:large","max-video-preview":"max-video-preview:-1"},"canonical":"https:\/\/templatetoaster.com\/cs\/terms-of-use","og_locale":"cs_CZ","og_type":"article","og_title":"Podm\u00ednky pou\u017eit\u00ed - TemplateToaster","og_description":"TemplateToaster Podm\u00ednky pou\u017eit\u00ed","og_url":"https:\/\/templatetoaster.com\/cs\/terms-of-use","og_site_name":"TemplateToaster","article_publisher":"https:\/\/www.facebook.com\/TemplateToaster","article_modified_time":"2019-08-10T05:04:18+00:00","og_image":[{"width":325,"height":325,"url":"https:\/\/templatetoaster.com\/wp-content\/uploads\/2015\/07\/TemplateToaster-325X325.png","type":"image\/png"}],"twitter_card":"summary_large_image","twitter_site":"@templatetoaster","twitter_misc":{"Odhadovan\u00e1 doba \u010dten\u00ed":"1 minuta"},"schema":{"@context":"https:\/\/schema.org","@graph":[{"@type":"WebPage","@id":"https:\/\/templatetoaster.com\/cs\/terms-of-use","url":"https:\/\/templatetoaster.com\/cs\/terms-of-use","name":"Podm\u00ednky pou\u017eit\u00ed - TemplateToaster","isPartOf":{"@id":"https:\/\/templatetoaster.com\/#website"},"datePublished":"2018-04-14T06:47:55+00:00","dateModified":"2019-08-10T05:04:18+00:00","description":"TemplateToaster Podm\u00ednky pou\u017eit\u00ed","breadcrumb":{"@id":"https:\/\/templatetoaster.com\/cs\/terms-of-use#breadcrumb"},"inLanguage":"cs","potentialAction":[{"@type":"ReadAction","target":["https:\/\/templatetoaster.com\/cs\/terms-of-use"]}]},{"@type":"BreadcrumbList","@id":"https:\/\/templatetoaster.com\/cs\/terms-of-use#breadcrumb","itemListElement":[{"@type":"ListItem","position":1,"name":"Home","item":"https:\/\/templatetoaster.com\/cs"},{"@type":"ListItem","position":2,"name":"Podm\u00ednky pou\u017eit\u00ed"}]},{"@type":"WebSite","@id":"https:\/\/templatetoaster.com\/#website","url":"https:\/\/templatetoaster.com\/","name":"TemplateToaster","description":"","publisher":{"@id":"https:\/\/templatetoaster.com\/#organization"},"inLanguage":"cs"},{"@type":"Organization","@id":"https:\/\/templatetoaster.com\/#organization","name":"TemplateToaster","url":"https:\/\/templatetoaster.com\/","logo":{"@type":"ImageObject","inLanguage":"cs","@id":"https:\/\/templatetoaster.com\/#\/schema\/logo\/image\/","url":"https:\/\/templatetoaster.com\/wp-content\/uploads\/2019\/11\/TemplateToaster_Logo.jpg","contentUrl":"https:\/\/templatetoaster.com\/wp-content\/uploads\/2019\/11\/TemplateToaster_Logo.jpg","width":85,"height":85,"caption":"TemplateToaster"},"image":{"@id":"https:\/\/templatetoaster.com\/#\/schema\/logo\/image\/"},"sameAs":["https:\/\/www.facebook.com\/TemplateToaster","https:\/\/x.com\/templatetoaster","https:\/\/www.instagram.com\/templatetoaster\/","https:\/\/www.linkedin.com\/company\/templatetoaster\/","https:\/\/www.pinterest.com\/templatetoaster\/","https:\/\/www.youtube.com\/@TemplateToaster"]}]}},"_links":{"self":[{"href":"https:\/\/templatetoaster.com\/cs\/wp-json\/wp\/v2\/pages\/4436"}],"collection":[{"href":"https:\/\/templatetoaster.com\/cs\/wp-json\/wp\/v2\/pages"}],"about":[{"href":"https:\/\/templatetoaster.com\/cs\/wp-json\/wp\/v2\/types\/page"}],"author":[{"embeddable":true,"href":"https:\/\/templatetoaster.com\/cs\/wp-json\/wp\/v2\/users\/13434"}],"replies":[{"embeddable":true,"href":"https:\/\/templatetoaster.com\/cs\/wp-json\/wp\/v2\/comments?post=4436"}],"version-history":[{"count":2,"href":"https:\/\/templatetoaster.com\/cs\/wp-json\/wp\/v2\/pages\/4436\/revisions"}],"predecessor-version":[{"id":64036,"href":"https:\/\/templatetoaster.com\/cs\/wp-json\/wp\/v2\/pages\/4436\/revisions\/64036"}],"wp:attachment":[{"href":"https:\/\/templatetoaster.com\/cs\/wp-json\/wp\/v2\/media?parent=4436"}],"curies":[{"name":"wp","href":"https:\/\/api.w.org\/{rel}","templated":true}]}}