{"id":4433,"date":"2018-04-14T06:45:13","date_gmt":"2018-04-14T06:45:13","guid":{"rendered":"http:\/\/templatetoaster.com?page_id=4433"},"modified":"2018-04-14T06:45:29","modified_gmt":"2018-04-14T06:45:29","slug":"demo","status":"publish","type":"page","link":"https:\/\/templatetoaster.com\/cs\/demo","title":{"rendered":"Demonstra\u010dn\u00ed video tutori\u00e1ly"},"content":{"rendered":"<div class=\"remove_collapsing_margins\"><\/div>\n<p><br clear=\"all\"> <\/p>\n<h1 class=\"heading_border\" style=\"background-size:308px 1px;\">TemplateToaster Demonstrace Videa N\u00e1vody<\/h1>\n<div class=\"demo_row1 odd row\">\n<h2><span class=\"demo_video_cms\"><\/span>WordPress<\/h2>\n<div class=\"row\">\n<div class=\"col-md-6 col-sm-6 col-xs-12\">\n<div class=\"vedio_bg\">\n<div class=\"tt_video_modal\">\n\t<a href=\"https:\/\/youtu.be\/QXM1K9pTHD4\" data-toggle=\"lightbox\" data-width=\"950\" data-gallery=\"youtubevideos\" data-title=\"How to Create WordPress Theme in TemplateToaster\"><img decoding=\"async\" src=\"https:\/\/templatetoaster.com\/wp-content\/uploads\/2018\/02\/youtube.png\"><\/a><\/p>\n<div class=\"video-content\">\n<h3>Jak vytvo\u0159it WordPress t\u00e9ma v TemplateToaster<\/h3>\n<\/div>\n<\/div>\n<\/div>\n<\/div>\n<div class=\"clearfix visible-xs-block\"><\/div>\n<div class=\"col-md-6 col-sm-6 col-xs-12\">\n<div class=\"vedio_bg\">\n<div class=\"tt_video_modal\">\n<a href=\"https:\/\/youtu.be\/6g5Ca0J7XQA\" data-toggle=\"lightbox\" data-width=\"950\" data-gallery=\"youtubevideos\" data-title=\"How to Upload TemplateToaster generated Theme on WordPress\"><img decoding=\"async\" src=\"https:\/\/templatetoaster.com\/wp-content\/uploads\/2018\/02\/youtube.png\"><\/a><\/p>\n<div class=\"video-content\">\n<h3>Jak nahr\u00e1t TemplateToaster generovan\u00e9 t\u00e9ma na WordPress<\/h3>\n<\/div>\n<\/div>\n<\/div>\n<div class=\"clearfix visible-lg-block visible-md-block\"><\/div>\n<\/div>\n<\/div>\n<\/div>\n<div class=\"demo_row1 even row\">\n<h2><span class=\"demo_video_cms\" style=\"background-position: 137px -62px;\"><\/span>Magento 1.9<\/h2>\n<div class=\"row\">\n<div class=\"col-md-6 col-sm-6 col-xs-12\">\n<div class=\"vedio_bg\">\n<div class=\"tt_video_modal\">\n<a href=\"https:\/\/youtu.be\/tmMFYqDKsrk\" data-toggle=\"lightbox\" data-width=\"950\" data-gallery=\"youtubevideos\" data-title=\"How to Create Magento 1.9 Theme in TemplateToaster\"><img decoding=\"async\" src=\"https:\/\/templatetoaster.com\/wp-content\/uploads\/2018\/02\/youtube.png\"><\/a><\/p>\n<div class=\"video-content\">\n<h3>Jak vytvo\u0159it Magento 1.9 T\u00e9ma v TemplateToaster<\/h3>\n<\/div>\n<\/div>\n<\/div>\n<\/div>\n<div class=\"col-md-6 col-sm-6 col-xs-12\">\n<div class=\"vedio_bg\">\n<div class=\"tt_video_modal\">\n<a href=\"https:\/\/youtu.be\/D6KBdP3kdjg\" data-toggle=\"lightbox\" data-width=\"950\" data-gallery=\"youtubevideos\" data-title=\"How to Upload TemplateToaster generated Theme on Magento 1.9\"><img decoding=\"async\" src=\"https:\/\/templatetoaster.com\/wp-content\/uploads\/2018\/02\/youtube.png\"><\/a><\/p>\n<div class=\"video-content\">\n<h3>Jak nahr\u00e1t TemplateToaster generovan\u00e9 Theme Magenta 1.9<\/h3>\n<\/div>\n<\/div>\n<\/div>\n<\/div>\n<div class=\"clearfix visible-lg-block visible-md-block\"><\/div>\n<\/div>\n<\/div>\n<div class=\"demo_row1 even row\">\n<h2><span class=\"demo_video_cms\" style=\"background-position: 137px -62px;\"><\/span>Magento 2.0<\/h2>\n<div class=\"row\">\n<div class=\"col-md-6 col-sm-6 col-xs-12\">\n<div class=\"vedio_bg\">\n<div class=\"tt_video_modal\">\n<a href=\"https:\/\/youtu.be\/tmMFYqDKsrk\" data-toggle=\"lightbox\" data-width=\"950\" data-gallery=\"youtubevideos\" data-title=\"How to Create Magento 2.0 Theme in TemplateToaster\"><img decoding=\"async\" src=\"https:\/\/templatetoaster.com\/wp-content\/uploads\/2018\/02\/youtube.png\"><\/a><\/p>\n<div class=\"video-content\">\n<h3>Jak vytvo\u0159it Magento 2.0 T\u00e9ma v TemplateToaster<\/h3>\n<\/div>\n<\/div>\n<\/div>\n<\/div>\n<div class=\"col-md-6 col-sm-6 col-xs-12\">\n<div class=\"vedio_bg\">\n<div class=\"tt_video_modal\">\n<a href=\"https:\/\/youtu.be\/yz75jq66vn4\" data-toggle=\"lightbox\" data-width=\"950\" data-gallery=\"youtubevideos\" data-title=\"How to Upload TemplateToaster generated Theme on Magento 2.0\"><img decoding=\"async\" src=\"https:\/\/templatetoaster.com\/wp-content\/uploads\/2018\/02\/youtube.png\"><\/a><\/p>\n<div class=\"video-content\">\n<h3>Jak nahr\u00e1t TemplateToaster generovan\u00e9 Theme Magenta 2.0<\/h3>\n<\/div>\n<\/div>\n<\/div>\n<\/div>\n<div class=\"clearfix visible-lg-block visible-md-block\"><\/div>\n<\/div>\n<\/div>\n<div class=\"demo_row1 even row\">\n<h2><span class=\"demo_video_cms\" style=\"background-position: 85px -62px;\"><\/span>Prestashop 1.6<\/h2>\n<div class=\"row\">\n<div class=\"col-md-6 col-sm-6 col-xs-12\">\n<div class=\"vedio_bg\">\n<div class=\"tt_video_modal\">\n<a href=\"https:\/\/youtu.be\/Dtz7c-JO8K0\" data-toggle=\"lightbox\" data-width=\"950\" data-gallery=\"youtubevideos\" data-title=\"How to Create Prestashop 1.6 Theme in TemplateToaster\"><img decoding=\"async\" src=\"https:\/\/templatetoaster.com\/wp-content\/uploads\/2018\/02\/youtube.png\"><\/a><\/p>\n<div class=\"video-content\">\n<h3>Jak vytvo\u0159it Prestashop 1.6 T\u00e9ma v TemplateToaster<\/h3>\n<\/div>\n<\/div>\n<\/div>\n<\/div>\n<div class=\"col-md-6 col-sm-6 col-xs-12\">\n<div class=\"vedio_bg\">\n<div class=\"tt_video_modal\">\n<a href=\"https:\/\/youtu.be\/7S-hAXcaJC4\" data-toggle=\"lightbox\" data-width=\"950\" data-gallery=\"youtubevideos\" data-title=\"How to Upload TemplateToaster generated Theme on Prestashop 1.6\"><img decoding=\"async\" src=\"https:\/\/templatetoaster.com\/wp-content\/uploads\/2018\/02\/youtube.png\"><\/a><\/p>\n<div class=\"video-content\">\n<h3>Jak nahr\u00e1t TemplateToaster generovan\u00e9 t\u00e9ma na Prestashop 1.6<\/h3>\n<\/div>\n<\/div>\n<\/div>\n<\/div>\n<div class=\"clearfix visible-lg-block visible-md-block\"><\/div>\n<\/div>\n<\/div>\n<div class=\"demo_row1 even row\">\n<h2><span class=\"demo_video_cms\" style=\"background-position: 85px -62px;\"><\/span>Prestashop 1.7<\/h2>\n<div class=\"row\">\n<div class=\"col-md-6 col-sm-6 col-xs-12\">\n<div class=\"vedio_bg\">\n<div class=\"tt_video_modal\">\n<a href=\"https:\/\/youtu.be\/Dtz7c-JO8K0\" data-toggle=\"lightbox\" data-width=\"950\" data-gallery=\"youtubevideos\" data-title=\"How to Create Prestashop 1.7 Theme in TemplateToaster\"><img decoding=\"async\" src=\"https:\/\/templatetoaster.com\/wp-content\/uploads\/2018\/02\/youtube.png\"><\/a><\/p>\n<div class=\"video-content\">\n<h3>Jak vytvo\u0159it Prestashop 1.7 T\u00e9ma v TemplateToaster<\/h3>\n<\/div>\n<\/div>\n<\/div>\n<\/div>\n<div class=\"col-md-6 col-sm-6 col-xs-12\">\n<div class=\"vedio_bg\">\n<div class=\"tt_video_modal\">\n<a href=\"https:\/\/youtu.be\/8BNZVUnXfgI\" data-toggle=\"lightbox\" data-width=\"950\" data-gallery=\"youtubevideos\" data-title=\"How to Upload TemplateToaster generated Theme on Prestashop 1.7\"><img decoding=\"async\" src=\"https:\/\/templatetoaster.com\/wp-content\/uploads\/2018\/02\/youtube.png\"><\/a><\/p>\n<div class=\"video-content\">\n<h3>Jak nahr\u00e1t TemplateToaster generovan\u00e9 t\u00e9ma na Prestashop 1.7<\/h3>\n<\/div>\n<\/div>\n<\/div>\n<\/div>\n<div class=\"clearfix visible-lg-block visible-md-block\"><\/div>\n<\/div>\n<\/div>\n<div class=\"demo_row1 even row\">\n<h2><span class=\"demo_video_cms\" style=\"background-position: 35px -62px;\"><\/span>OpenCart<\/h2>\n<div class=\"row\">\n<div class=\"col-md-6 col-sm-6 col-xs-12\">\n<div class=\"vedio_bg\">\n<div class=\"tt_video_modal\">\n<a href=\"https:\/\/youtu.be\/9z5POqcN8l0\" data-toggle=\"lightbox\" data-width=\"950\" data-gallery=\"youtubevideos\" data-title=\"How to Create OpenCart Theme in TemplateToaster\"><img decoding=\"async\" src=\"https:\/\/templatetoaster.com\/wp-content\/uploads\/2018\/02\/youtube.png\"><\/a><\/p>\n<div class=\"video-content\">\n<h3>Jak vytvo\u0159it OpenCart t\u00e9ma v TemplateToaster<\/h3>\n<\/div>\n<\/div>\n<\/div>\n<\/div>\n<div class=\"col-md-6 col-sm-6 col-xs-12\">\n<div class=\"vedio_bg\">\n<div class=\"tt_video_modal\">\n<a href=\"https:\/\/youtu.be\/XIa9m33VrpM\" data-toggle=\"lightbox\" data-width=\"950\" data-gallery=\"youtubevideos\" data-title=\"How to Upload TemplateToaster generated Theme on OpenCart\"><img decoding=\"async\" src=\"https:\/\/templatetoaster.com\/wp-content\/uploads\/2018\/02\/youtube.png\"><\/a><\/p>\n<div class=\"video-content\">\n<h3>Jak nahr\u00e1t TemplateToaster generovan\u00e9 t\u00e9ma na OpenCart<\/h3>\n<\/div>\n<\/div>\n<\/div>\n<\/div>\n<div class=\"clearfix visible-lg-block visible-md-block\"><\/div>\n<\/div>\n<\/div>\n<div class=\"demo_row1 even row\">\n<h2><span class=\"demo_video_cms\" style=\"background-position: -5px -62px;\"><\/span>Drupal<\/h2>\n<div class=\"row\">\n<div class=\"col-md-6 col-sm-6 col-xs-12\">\n<div class=\"vedio_bg\">\n<div class=\"tt_video_modal\">\n<a href=\"https:\/\/youtu.be\/G7r1RLGGY9Y\" data-toggle=\"lightbox\" data-width=\"950\" data-gallery=\"youtubevideos\" data-title=\"How to Create Drupal Theme in TemplateToaster\"><img decoding=\"async\" src=\"https:\/\/templatetoaster.com\/wp-content\/uploads\/2018\/02\/youtube.png\"><\/a><\/p>\n<div class=\"video-content\">\n<h3>Jak vytvo\u0159it Drupal t\u00e9ma v TemplateToaster<\/h3>\n<\/div>\n<\/div>\n<\/div>\n<\/div>\n<div class=\"col-md-6 col-sm-6 col-xs-12\">\n<div class=\"vedio_bg\">\n<div class=\"tt_video_modal\">\n<a href=\"https:\/\/youtu.be\/r0EvsjFohV0\" data-toggle=\"lightbox\" data-width=\"950\" data-gallery=\"youtubevideos\" data-title=\"How to Upload TemplateToaster generated Theme on Drupal\"><img decoding=\"async\" src=\"https:\/\/templatetoaster.com\/wp-content\/uploads\/2018\/02\/youtube.png\"><\/a><\/p>\n<div class=\"video-content\">\n<h3>Jak nahr\u00e1t TemplateToaster generovan\u00e9 t\u00e9ma na Drupalu<\/h3>\n<\/div>\n<\/div>\n<\/div>\n<\/div>\n<div class=\"clearfix visible-lg-block visible-md-block\"><\/div>\n<\/div>\n<\/div>\n<div class=\"demo_row1 even row\">\n<h2><span class=\"demo_video_cms\" style=\"background-position: -62px -60px;\"><\/span>WooCommerce<\/h2>\n<div class=\"row\">\n<div class=\"col-md-6 col-sm-6 col-xs-12\">\n<div class=\"vedio_bg\">\n<div class=\"tt_video_modal\">\n<a href=\"https:\/\/youtu.be\/wiikegBEAgU\" data-toggle=\"lightbox\" data-width=\"950\" data-gallery=\"youtubevideos\" data-title=\"How to Create WooCommerce Theme in TemplateToaster\"><img decoding=\"async\" src=\"https:\/\/templatetoaster.com\/wp-content\/uploads\/2018\/02\/youtube.png\"><\/a><\/p>\n<div class=\"video-content\">\n<h3>Jak vytvo\u0159it WooCommerce t\u00e9ma v TemplateToaster<\/h3>\n<\/div>\n<\/div>\n<\/div>\n<\/div>\n<div class=\"col-md-6 col-sm-6 col-xs-12\">\n<div class=\"vedio_bg\">\n<div class=\"tt_video_modal\">\n<a href=\"https:\/\/youtu.be\/gq4hwQ50U0Q\" data-toggle=\"lightbox\" data-width=\"950\" data-gallery=\"youtubevideos\" data-title=\"How to Upload TemplateToaster generated Theme on WooCommerce\"><img decoding=\"async\" src=\"https:\/\/templatetoaster.com\/wp-content\/uploads\/2018\/02\/youtube.png\"><\/a><\/p>\n<div class=\"video-content\">\n<h3>Jak nahr\u00e1t TemplateToaster generovan\u00e9 t\u00e9ma na WooCommerce<\/h3>\n<\/div>\n<\/div>\n<\/div>\n<\/div>\n<div class=\"clearfix visible-lg-block visible-md-block\"><\/div>\n<\/div>\n<\/div>\n<div class=\"demo_row1 even row\">\n<h2><span class=\"demo_video_cms\" style=\"background-position: -215px -5px;\"><\/span>Joomla<\/h2>\n<div class=\"row\">\n<div class=\"col-md-6 col-sm-6 col-xs-12\">\n<div class=\"vedio_bg\">\n<div class=\"tt_video_modal\">\n<a href=\"https:\/\/youtu.be\/SAdktPTGCqU\" data-toggle=\"lightbox\" data-width=\"950\" data-gallery=\"youtubevideos\" data-title=\"How to Create Joomla Theme in TemplateToaster\"><img decoding=\"async\" src=\"https:\/\/templatetoaster.com\/wp-content\/uploads\/2018\/02\/youtube.png\"><\/a><\/p>\n<div class=\"video-content\">\n<h3>Jak vytvo\u0159it Joomla t\u00e9ma v TemplateToaster<\/h3>\n<\/div>\n<\/div>\n<\/div>\n<\/div>\n<div class=\"col-md-6 col-sm-6 col-xs-12\">\n<div class=\"vedio_bg\">\n<div class=\"tt_video_modal\">\n<a href=\"https:\/\/youtu.be\/o3_csR3JFME\" data-toggle=\"lightbox\" data-width=\"950\" data-gallery=\"youtubevideos\" data-title=\"How to Upload TemplateToaster generated Theme on Joomla\"><img decoding=\"async\" src=\"https:\/\/templatetoaster.com\/wp-content\/uploads\/2018\/02\/youtube.png\"><\/a><\/p>\n<div class=\"video-content\">\n<h3>Jak nahr\u00e1t TemplateToaster generovan\u00e9 t\u00e9ma Joomla<\/h3>\n<\/div>\n<\/div>\n<\/div>\n<\/div>\n<div class=\"clearfix visible-lg-block visible-md-block\"><\/div>\n<\/div>\n<\/div>\n<div class=\"demo_row1 even row\">\n<h2><span class=\"demo_video_cms\" style=\"background-position: -315px -112px\"><\/span>Blogger<\/h2>\n<div class=\"row\">\n<div class=\"col-md-6 col-sm-6 col-xs-12\">\n<div class=\"vedio_bg\">\n<div class=\"tt_video_modal\">\n<a href=\"https:\/\/youtu.be\/ySdCPFNKfj0\" data-toggle=\"lightbox\" data-width=\"950\" data-gallery=\"youtubevideos\" data-title=\"How to Create Blogger Templates in TemplateToaster\"><img decoding=\"async\" src=\"https:\/\/templatetoaster.com\/wp-content\/uploads\/2018\/02\/youtube.png\"><\/a><\/p>\n<div class=\"video-content\">\n<h3>Jak vytvo\u0159it Blogger \u0161ablony v TemplateToaster<\/h3>\n<\/div>\n<\/div>\n<\/div>\n<\/div>\n<div class=\"col-md-6 col-sm-6 col-xs-12\">\n<div class=\"vedio_bg\">\n<div class=\"tt_video_modal\">\n<a href=\"https:\/\/youtu.be\/jLTa_7TgVZk\" data-toggle=\"lightbox\" data-width=\"950\" data-gallery=\"youtubevideos\" data-title=\"How to Upload TemplateToaster generated Templates on Blogger\"><img decoding=\"async\" src=\"https:\/\/templatetoaster.com\/wp-content\/uploads\/2018\/02\/youtube.png\"><\/a><\/p>\n<div class=\"video-content\">\n<h3>Jak nahr\u00e1t TemplateToaster vytvo\u0159en\u00e9 \u0161ablony na Bloggeru<\/h3>\n<\/div>\n<\/div>\n<\/div>\n<\/div>\n<div class=\"clearfix visible-lg-block visible-md-block\"><\/div>\n<\/div>\n<\/div>\n<div class=\"demo_row1 even row\">\n<h2><span class=\"demo_video_cms\" style=\"background-position: -371px -112px\"><\/span>HTML CSS<\/h2>\n<div class=\"row\">\n<div class=\"col-md-6 col-sm-6 col-xs-12\">\n<div class=\"vedio_bg\">\n<div class=\"tt_video_modal\">\n<a href=\"https:\/\/youtu.be\/PRbnZjCqasE\" data-toggle=\"lightbox\" data-width=\"950\" data-gallery=\"youtubevideos\" data-title=\"How to Create HTML CSS Websites in TemplateToaster\"><img decoding=\"async\" src=\"https:\/\/templatetoaster.com\/wp-content\/uploads\/2018\/02\/youtube.png\"><\/a><\/p>\n<div class=\"video-content\">\n<h3>Jak vytvo\u0159it HTML CSS webov\u00e9 str\u00e1nky v TemplateToaster<\/h3>\n<\/div>\n<\/div>\n<\/div>\n<\/div>\n<div class=\"col-md-6 col-sm-6 col-xs-12\">\n<div class=\"vedio_bg\">\n<div class=\"tt_video_modal\">\n<a href=\"https:\/\/youtu.be\/wXeaIYZVxO8\" data-toggle=\"lightbox\" data-width=\"950\" data-gallery=\"youtubevideos\" data-title=\"How to Upload TemplateToaster generated HTML CSS Websites to Hosting Server\"><img decoding=\"async\" src=\"https:\/\/templatetoaster.com\/wp-content\/uploads\/2018\/02\/youtube.png\"><\/a><\/p>\n<div class=\"video-content\">\n<h3>Jak nahr\u00e1t TemplateToaster generovan\u00e9 HTML CSS Webov\u00e9 str\u00e1nky<\/h3>\n<\/div>\n<\/div>\n<\/div>\n<\/div>\n<div class=\"clearfix visible-lg-block visible-md-block\"><\/div>\n<\/div>\n<\/div>\n","protected":false},"excerpt":{"rendered":"<p>TemplateToaster Demonstrace Videa N\u00e1vody WordPress Jak vytvo\u0159it WordPress t\u00e9ma v TemplateToaster Jak nahr\u00e1t TemplateToaster generovan\u00e9 t\u00e9ma na WordPress Magento 1.9 Jak vytvo\u0159it Magento 1.9 T\u00e9ma v TemplateToaster Jak nahr\u00e1t TemplateToaster generovan\u00e9 Theme Magenta 1.9 Magento 2.0 Jak vytvo\u0159it Magento 2.0 &hellip; <a href=\"https:\/\/templatetoaster.com\/cs\/demo\">Continue Reading<span class=\"meta-nav\">&rarr;<\/span><\/a><\/p>\n","protected":false},"author":13434,"featured_media":0,"parent":0,"menu_order":0,"comment_status":"closed","ping_status":"closed","template":"PageTemplate1.php","meta":{"footnotes":""},"yoast_head":"<!-- This site is optimized with the Yoast SEO plugin v23.5 - https:\/\/yoast.com\/wordpress\/plugins\/seo\/ -->\n<title>Demonstra\u010dn\u00ed video tutori\u00e1ly - TemplateToaster<\/title>\n<meta name=\"description\" content=\"TemplateToaster Demonstrace Video Tutori\u00e1ly\" \/>\n<meta name=\"robots\" content=\"index, follow, max-snippet:-1, max-image-preview:large, max-video-preview:-1\" \/>\n<link rel=\"canonical\" href=\"https:\/\/templatetoaster.com\/cs\/demo\" \/>\n<meta property=\"og:locale\" content=\"cs_CZ\" \/>\n<meta property=\"og:type\" content=\"article\" \/>\n<meta property=\"og:title\" content=\"Demonstra\u010dn\u00ed video tutori\u00e1ly - TemplateToaster\" \/>\n<meta property=\"og:description\" content=\"TemplateToaster Demonstrace Video Tutori\u00e1ly\" \/>\n<meta property=\"og:url\" content=\"https:\/\/templatetoaster.com\/cs\/demo\" \/>\n<meta property=\"og:site_name\" content=\"TemplateToaster\" \/>\n<meta property=\"article:publisher\" content=\"https:\/\/www.facebook.com\/TemplateToaster\" \/>\n<meta property=\"article:modified_time\" content=\"2018-04-14T06:45:29+00:00\" \/>\n<meta property=\"og:image\" content=\"https:\/\/templatetoaster.com\/wp-content\/uploads\/2018\/02\/youtube.png\" \/>\n<meta name=\"twitter:card\" content=\"summary_large_image\" \/>\n<meta name=\"twitter:site\" content=\"@templatetoaster\" \/>\n<meta name=\"twitter:label1\" content=\"Odhadovan\u00e1 doba \u010dten\u00ed\" \/>\n\t<meta name=\"twitter:data1\" content=\"1 minuta\" \/>\n<script type=\"application\/ld+json\" class=\"yoast-schema-graph\">{\"@context\":\"https:\/\/schema.org\",\"@graph\":[{\"@type\":\"WebPage\",\"@id\":\"https:\/\/templatetoaster.com\/cs\/demo\",\"url\":\"https:\/\/templatetoaster.com\/cs\/demo\",\"name\":\"Demonstra\u010dn\u00ed video tutori\u00e1ly - TemplateToaster\",\"isPartOf\":{\"@id\":\"https:\/\/templatetoaster.com\/#website\"},\"primaryImageOfPage\":{\"@id\":\"https:\/\/templatetoaster.com\/cs\/demo#primaryimage\"},\"image\":{\"@id\":\"https:\/\/templatetoaster.com\/cs\/demo#primaryimage\"},\"thumbnailUrl\":\"https:\/\/templatetoaster.com\/wp-content\/uploads\/2018\/02\/youtube.png\",\"datePublished\":\"2018-04-14T06:45:13+00:00\",\"dateModified\":\"2018-04-14T06:45:29+00:00\",\"description\":\"TemplateToaster Demonstrace Video Tutori\u00e1ly\",\"breadcrumb\":{\"@id\":\"https:\/\/templatetoaster.com\/cs\/demo#breadcrumb\"},\"inLanguage\":\"cs\",\"potentialAction\":[{\"@type\":\"ReadAction\",\"target\":[\"https:\/\/templatetoaster.com\/cs\/demo\"]}]},{\"@type\":\"ImageObject\",\"inLanguage\":\"cs\",\"@id\":\"https:\/\/templatetoaster.com\/cs\/demo#primaryimage\",\"url\":\"https:\/\/templatetoaster.com\/wp-content\/uploads\/2018\/02\/youtube.png\",\"contentUrl\":\"https:\/\/templatetoaster.com\/wp-content\/uploads\/2018\/02\/youtube.png\"},{\"@type\":\"BreadcrumbList\",\"@id\":\"https:\/\/templatetoaster.com\/cs\/demo#breadcrumb\",\"itemListElement\":[{\"@type\":\"ListItem\",\"position\":1,\"name\":\"Home\",\"item\":\"https:\/\/templatetoaster.com\/cs\"},{\"@type\":\"ListItem\",\"position\":2,\"name\":\"Demonstra\u010dn\u00ed video tutori\u00e1ly\"}]},{\"@type\":\"WebSite\",\"@id\":\"https:\/\/templatetoaster.com\/#website\",\"url\":\"https:\/\/templatetoaster.com\/\",\"name\":\"TemplateToaster\",\"description\":\"\",\"publisher\":{\"@id\":\"https:\/\/templatetoaster.com\/#organization\"},\"inLanguage\":\"cs\"},{\"@type\":\"Organization\",\"@id\":\"https:\/\/templatetoaster.com\/#organization\",\"name\":\"TemplateToaster\",\"url\":\"https:\/\/templatetoaster.com\/\",\"logo\":{\"@type\":\"ImageObject\",\"inLanguage\":\"cs\",\"@id\":\"https:\/\/templatetoaster.com\/#\/schema\/logo\/image\/\",\"url\":\"https:\/\/templatetoaster.com\/wp-content\/uploads\/2019\/11\/TemplateToaster_Logo.jpg\",\"contentUrl\":\"https:\/\/templatetoaster.com\/wp-content\/uploads\/2019\/11\/TemplateToaster_Logo.jpg\",\"width\":85,\"height\":85,\"caption\":\"TemplateToaster\"},\"image\":{\"@id\":\"https:\/\/templatetoaster.com\/#\/schema\/logo\/image\/\"},\"sameAs\":[\"https:\/\/www.facebook.com\/TemplateToaster\",\"https:\/\/x.com\/templatetoaster\",\"https:\/\/www.instagram.com\/templatetoaster\/\",\"https:\/\/www.linkedin.com\/company\/templatetoaster\/\",\"https:\/\/www.pinterest.com\/templatetoaster\/\",\"https:\/\/www.youtube.com\/@TemplateToaster\"]}]}<\/script>\n<!-- \/ Yoast SEO plugin. -->","yoast_head_json":{"title":"Demonstra\u010dn\u00ed video tutori\u00e1ly - TemplateToaster","description":"TemplateToaster Demonstrace Video Tutori\u00e1ly","robots":{"index":"index","follow":"follow","max-snippet":"max-snippet:-1","max-image-preview":"max-image-preview:large","max-video-preview":"max-video-preview:-1"},"canonical":"https:\/\/templatetoaster.com\/cs\/demo","og_locale":"cs_CZ","og_type":"article","og_title":"Demonstra\u010dn\u00ed video tutori\u00e1ly - TemplateToaster","og_description":"TemplateToaster Demonstrace Video Tutori\u00e1ly","og_url":"https:\/\/templatetoaster.com\/cs\/demo","og_site_name":"TemplateToaster","article_publisher":"https:\/\/www.facebook.com\/TemplateToaster","article_modified_time":"2018-04-14T06:45:29+00:00","og_image":[{"url":"https:\/\/templatetoaster.com\/wp-content\/uploads\/2018\/02\/youtube.png"}],"twitter_card":"summary_large_image","twitter_site":"@templatetoaster","twitter_misc":{"Odhadovan\u00e1 doba \u010dten\u00ed":"1 minuta"},"schema":{"@context":"https:\/\/schema.org","@graph":[{"@type":"WebPage","@id":"https:\/\/templatetoaster.com\/cs\/demo","url":"https:\/\/templatetoaster.com\/cs\/demo","name":"Demonstra\u010dn\u00ed video tutori\u00e1ly - TemplateToaster","isPartOf":{"@id":"https:\/\/templatetoaster.com\/#website"},"primaryImageOfPage":{"@id":"https:\/\/templatetoaster.com\/cs\/demo#primaryimage"},"image":{"@id":"https:\/\/templatetoaster.com\/cs\/demo#primaryimage"},"thumbnailUrl":"https:\/\/templatetoaster.com\/wp-content\/uploads\/2018\/02\/youtube.png","datePublished":"2018-04-14T06:45:13+00:00","dateModified":"2018-04-14T06:45:29+00:00","description":"TemplateToaster Demonstrace Video Tutori\u00e1ly","breadcrumb":{"@id":"https:\/\/templatetoaster.com\/cs\/demo#breadcrumb"},"inLanguage":"cs","potentialAction":[{"@type":"ReadAction","target":["https:\/\/templatetoaster.com\/cs\/demo"]}]},{"@type":"ImageObject","inLanguage":"cs","@id":"https:\/\/templatetoaster.com\/cs\/demo#primaryimage","url":"https:\/\/templatetoaster.com\/wp-content\/uploads\/2018\/02\/youtube.png","contentUrl":"https:\/\/templatetoaster.com\/wp-content\/uploads\/2018\/02\/youtube.png"},{"@type":"BreadcrumbList","@id":"https:\/\/templatetoaster.com\/cs\/demo#breadcrumb","itemListElement":[{"@type":"ListItem","position":1,"name":"Home","item":"https:\/\/templatetoaster.com\/cs"},{"@type":"ListItem","position":2,"name":"Demonstra\u010dn\u00ed video tutori\u00e1ly"}]},{"@type":"WebSite","@id":"https:\/\/templatetoaster.com\/#website","url":"https:\/\/templatetoaster.com\/","name":"TemplateToaster","description":"","publisher":{"@id":"https:\/\/templatetoaster.com\/#organization"},"inLanguage":"cs"},{"@type":"Organization","@id":"https:\/\/templatetoaster.com\/#organization","name":"TemplateToaster","url":"https:\/\/templatetoaster.com\/","logo":{"@type":"ImageObject","inLanguage":"cs","@id":"https:\/\/templatetoaster.com\/#\/schema\/logo\/image\/","url":"https:\/\/templatetoaster.com\/wp-content\/uploads\/2019\/11\/TemplateToaster_Logo.jpg","contentUrl":"https:\/\/templatetoaster.com\/wp-content\/uploads\/2019\/11\/TemplateToaster_Logo.jpg","width":85,"height":85,"caption":"TemplateToaster"},"image":{"@id":"https:\/\/templatetoaster.com\/#\/schema\/logo\/image\/"},"sameAs":["https:\/\/www.facebook.com\/TemplateToaster","https:\/\/x.com\/templatetoaster","https:\/\/www.instagram.com\/templatetoaster\/","https:\/\/www.linkedin.com\/company\/templatetoaster\/","https:\/\/www.pinterest.com\/templatetoaster\/","https:\/\/www.youtube.com\/@TemplateToaster"]}]}},"_links":{"self":[{"href":"https:\/\/templatetoaster.com\/cs\/wp-json\/wp\/v2\/pages\/4433"}],"collection":[{"href":"https:\/\/templatetoaster.com\/cs\/wp-json\/wp\/v2\/pages"}],"about":[{"href":"https:\/\/templatetoaster.com\/cs\/wp-json\/wp\/v2\/types\/page"}],"author":[{"embeddable":true,"href":"https:\/\/templatetoaster.com\/cs\/wp-json\/wp\/v2\/users\/13434"}],"replies":[{"embeddable":true,"href":"https:\/\/templatetoaster.com\/cs\/wp-json\/wp\/v2\/comments?post=4433"}],"version-history":[{"count":1,"href":"https:\/\/templatetoaster.com\/cs\/wp-json\/wp\/v2\/pages\/4433\/revisions"}],"predecessor-version":[{"id":4435,"href":"https:\/\/templatetoaster.com\/cs\/wp-json\/wp\/v2\/pages\/4433\/revisions\/4435"}],"wp:attachment":[{"href":"https:\/\/templatetoaster.com\/cs\/wp-json\/wp\/v2\/media?parent=4433"}],"curies":[{"name":"wp","href":"https:\/\/api.w.org\/{rel}","templated":true}]}}