{"id":4415,"date":"2018-04-14T06:35:11","date_gmt":"2018-04-14T06:35:11","guid":{"rendered":"http:\/\/templatetoaster.com?page_id=4415"},"modified":"2019-06-17T07:13:18","modified_gmt":"2019-06-17T07:13:18","slug":"our-standards","status":"publish","type":"page","link":"https:\/\/templatetoaster.com\/cs\/our-standards","title":{"rendered":"Na\u0161e standardy"},"content":{"rendered":"<div class=\"ttr_our_features_row_main row\">\n<h1 class=\"heading_border\" style=\"background-size: 335px 1px;\">Na\u0161e standardy<\/h1>\n<div class=\"ttr_our_features_row row odd first\">\n<div class=\"container\">\n<div class=\"ttr_our_features_col col1\"><img decoding=\"async\" class=\"img-responsive center-block\" src=\"https:\/\/templatetoaster.com\/wp-content\/uploads\/2018\/10\/responsive-web-design.jpg\" alt=\"\" \/><\/div>\n<div class=\"ttr_our_features_col col2\">\n<h3 style=\"margin: 0px;\">Reagovat Web Design<\/h3>\n<p style=\"padding-left: 0px;\">TemplateToaster podporuje reagovat Web Design(RWD), To znamen\u00e1, \u017ee va\u0161e webov\u00e9 str\u00e1nky se zobraz\u00ed naprosto v po\u0159\u00e1dku ve\u0161ker\u00e9 za\u0159\u00edzen\u00ed v\u010detn\u011b, ale nejen na Apple za\u0159\u00edzen\u00ed, Za\u0159\u00edzen\u00ed se syst\u00e9mem Android, Za\u0159\u00edzen\u00ed BlackBerry, Windows telefony, Velk\u00e9 monitory, Mal\u00e9 tablety, Velk\u00e9 tablety, Stoln\u00ed po\u010d\u00edta\u010de a tak d\u00e1le.<\/p>\n<\/div>\n<\/div>\n<\/div>\n<div class=\"ttr_our_features_row row even\">\n<div class=\"container\">\n<div class=\"ttr_our_features_col col1\">\n<h3 style=\"margin: 0px;\">Kompatibilita prohl\u00ed\u017ee\u010d\u016f<\/h3>\n<p>TemplateToaster podporuje v\u0161echny standardn\u00ed webov\u00e9 prohl\u00ed\u017ee\u010de, v\u010detn\u011b ale ne omezen\u00fd k aplikaci Internet Explorer, Firefox, Chrom, Opera, Safari a v\u0161ech mobiln\u00edch prohl\u00ed\u017ee\u010d\u016f.<\/p>\n<\/div>\n<div class=\"ttr_our_features_col col2\"><img decoding=\"async\" class=\"img-responsive center-block\" src=\"https:\/\/templatetoaster.com\/wp-content\/uploads\/2018\/10\/browser-compatibility.png\" alt=\"\" \/><\/div>\n<\/div>\n<\/div>\n<div class=\"ttr_our_features_row row odd\">\n<div class=\"container\">\n<div class=\"ttr_our_features_col col1\"><img decoding=\"async\" class=\"img-responsive center-block\" src=\"https:\/\/templatetoaster.com\/wp-content\/uploads\/2018\/10\/bootstrap-framework-support.png\" alt=\"\" \/><\/div>\n<div class=\"ttr_our_features_col col2\">\n<h3 style=\"margin: 0px;\">Podpora bootstrap Framework<\/h3>\n<p>TemplateToaster nyn\u00ed podpora BootStrap, znamen\u00e1 v\u0161echny generovan\u00e9 \u0161ablony, T\u00e9mata a webov\u00e9 str\u00e1nky bude BootStrap zalo\u017een\u00e9. M\u016f\u017eete tak\u00e9 zm\u011bnit v\u00fdchoz\u00ed zav\u00e1d\u011bc\u00ed opsan\u00e9ho p\u0159\u00edmo v TemplateToaster.<\/p>\n<\/div>\n<\/div>\n<\/div>\n<div class=\"ttr_our_features_row row even\">\n<div class=\"container\">\n<div class=\"ttr_our_features_col col1\">\n<h3 style=\"margin: 0px;\">Dot Net a WPF zalo\u017een\u00e9 Software<\/h3>\n<p>TemplateToaster je vyvinut s pou\u017eit\u00edm pr\u016fmyslu standardn\u00ed Microsoft dot Net a WPF r\u00e1mce, To zaru\u010duje Perfektn\u00ed kombinace v\u00fdkonu a normalizace.<\/p>\n<\/div>\n<div class=\"ttr_our_features_col col2\"><img decoding=\"async\" class=\"img-responsive center-block\" src=\"https:\/\/templatetoaster.com\/wp-content\/uploads\/2018\/10\/dot-net-and-wpf-based-software.png\" alt=\"\" \/><\/div>\n<\/div>\n<\/div>\n<div class=\"ttr_our_features_row row odd\">\n<div class=\"container\">\n<div class=\"ttr_our_features_col col1\"><img decoding=\"async\" class=\"img-responsive center-block\" src=\"https:\/\/templatetoaster.com\/wp-content\/uploads\/2018\/10\/high-page-speed.png\" alt=\"\" \/><\/div>\n<div class=\"ttr_our_features_col col2\">\n<h3 style=\"margin: 0px;\">Vysok\u00e1 rychlost str\u00e1nky<\/h3>\n<p>TemplateToaster implementovat nejnov\u011bj\u0161\u00ed standardy pro zv\u00fd\u0161en\u00ed rychlosti \u0161ablony\/t\u00e9ma\/webov\u00e9 str\u00e1nky. M\u016f\u017eete zkontrolovat rychlost str\u00e1nky TemplateToaster.com, kter\u00e9 jsou str\u00e1nky Google rychlost nebo Pingdom n\u00e1strojem\n<\/p><\/div>\n<\/div>\n<\/div>\n<div class=\"ttr_our_features_row row even\">\n<div class=\"container\">\n<div class=\"ttr_our_features_col col1\">\n<h3 style=\"margin: 0px;\">WordPress t\u00e9ma kontrola Plugin Pass<\/h3>\n<p>WordPress T\u00e9mata navr\u017een\u00e1 v TemplateToaster proj\u00edt kontrola Plugin WordPress t\u00e9ma, To znamen\u00e1, WordPress t\u00e9mata, kter\u00e9 navrhnete v TemplateToaster jsou bez chyb a jsou vysoce kvalitn\u00ed odv\u011btv\u00ed standardn\u00ed k\u00f3d.<\/p>\n<\/div>\n<div class=\"ttr_our_features_col col2\"><img decoding=\"async\" class=\"img-responsive center-block\" src=\"https:\/\/templatetoaster.com\/wp-content\/uploads\/2018\/10\/wordpress-theme-check-plugin-pass.png\" alt=\"\" \/><\/div>\n<\/div>\n<\/div>\n<div class=\"ttr_our_features_row row odd\">\n<div class=\"container\">\n<div class=\"ttr_our_features_col col1\"><img decoding=\"async\" class=\"img-responsive center-block drop_drag\" src=\"https:\/\/templatetoaster.com\/wp-content\/uploads\/2018\/10\/w3c-valid-output.png\" alt=\"\" \/><\/div>\n<div class=\"ttr_our_features_col col2\">\n<h3 style=\"margin: 0px;\">W3C platn\u00fd v\u00fdstupn\u00ed<\/h3>\n<p>TemplateToaster generuje pr\u016fmyslu standard HTML5\/CSS3, kter\u00fd by m\u011bl proj\u00edt standardy W3C.<\/p>\n<\/div>\n<\/div>\n<\/div>\n<div class=\"ttr_our_features_row row even\">\n<div class=\"container\">\n<div class=\"ttr_our_features_col col1\">\n<h3 style=\"margin: 0px;\">Standardy k\u00f3dov\u00e1n\u00ed WordPress t\u00e9ma<\/h3>\n<p>Mo\u017en\u00e1 v\u0161ichni zn\u00e1te WordPress t\u00e9ma k\u00f3dov\u00e1n\u00ed doporu\u010den\u00ed, pokyny a normy. Jedn\u00edm z <a href=\"https:\/\/wordpress.org\/themes\/templatetoaster\/\">TemplateToaster t\u00e9ma<\/a> je v WordPress t\u00e9ma \u00falo\u017ei\u0161t\u011b, Nyn\u00ed m\u016f\u017eete h\u00e1dat jak vysoce kvalitn\u00ed v\u00fdstup TemplateToaster.<\/p>\n<\/div>\n<div class=\"ttr_our_features_col col2\"><img decoding=\"async\" class=\"img-responsive center-block\" src=\"https:\/\/templatetoaster.com\/wp-content\/uploads\/2018\/10\/wordpress-theme-coding-standards.png\" alt=\"\" \/><\/div>\n<\/div>\n<\/div>\n<div class=\"ttr_our_features_row_button row\">\n<div class=\"container\"><a class=\"btn download_button btn-feature\" href=\"https:\/\/templatetoaster.com\/cs\/download\">St\u00e1hn\u011bte si zdarma zku\u0161ebn\u00ed<\/a><\/div>\n<\/div>\n<\/div>\n","protected":false},"excerpt":{"rendered":"<p>Na\u0161e standardy Reagovat Web Design TemplateToaster podporuje reagovat Web Design(RWD), To znamen\u00e1, \u017ee va\u0161e webov\u00e9 str\u00e1nky se zobraz\u00ed naprosto v po\u0159\u00e1dku ve\u0161ker\u00e9 za\u0159\u00edzen\u00ed v\u010detn\u011b, ale nejen na Apple za\u0159\u00edzen\u00ed, Za\u0159\u00edzen\u00ed se syst\u00e9mem Android, Za\u0159\u00edzen\u00ed BlackBerry, Windows telefony, Velk\u00e9 monitory, Mal\u00e9 &hellip; <a href=\"https:\/\/templatetoaster.com\/cs\/our-standards\">Continue Reading<span class=\"meta-nav\">&rarr;<\/span><\/a><\/p>\n","protected":false},"author":13434,"featured_media":0,"parent":0,"menu_order":0,"comment_status":"closed","ping_status":"closed","template":"","meta":{"footnotes":""},"yoast_head":"<!-- This site is optimized with the Yoast SEO plugin v23.5 - https:\/\/yoast.com\/wordpress\/plugins\/seo\/ -->\n<title>Na\u0161e standardy - TemplateToaster<\/title>\n<meta name=\"description\" content=\"TemplateToaster standardy\" \/>\n<meta name=\"robots\" content=\"index, follow, max-snippet:-1, max-image-preview:large, max-video-preview:-1\" \/>\n<link rel=\"canonical\" href=\"https:\/\/templatetoaster.com\/cs\/our-standards\" \/>\n<meta property=\"og:locale\" content=\"cs_CZ\" \/>\n<meta property=\"og:type\" content=\"article\" \/>\n<meta property=\"og:title\" content=\"Na\u0161e standardy - TemplateToaster\" \/>\n<meta property=\"og:description\" content=\"TemplateToaster standardy\" \/>\n<meta property=\"og:url\" content=\"https:\/\/templatetoaster.com\/cs\/our-standards\" \/>\n<meta property=\"og:site_name\" content=\"TemplateToaster\" \/>\n<meta property=\"article:publisher\" content=\"https:\/\/www.facebook.com\/TemplateToaster\" \/>\n<meta property=\"article:modified_time\" content=\"2019-06-17T07:13:18+00:00\" \/>\n<meta property=\"og:image\" content=\"https:\/\/templatetoaster.com\/wp-content\/uploads\/2018\/10\/responsive-web-design.jpg\" \/>\n<meta name=\"twitter:card\" content=\"summary_large_image\" \/>\n<meta name=\"twitter:site\" content=\"@templatetoaster\" \/>\n<meta name=\"twitter:label1\" content=\"Odhadovan\u00e1 doba \u010dten\u00ed\" \/>\n\t<meta name=\"twitter:data1\" content=\"2 minuty\" \/>\n<script type=\"application\/ld+json\" class=\"yoast-schema-graph\">{\"@context\":\"https:\/\/schema.org\",\"@graph\":[{\"@type\":\"WebPage\",\"@id\":\"https:\/\/templatetoaster.com\/cs\/our-standards\",\"url\":\"https:\/\/templatetoaster.com\/cs\/our-standards\",\"name\":\"Na\u0161e standardy - TemplateToaster\",\"isPartOf\":{\"@id\":\"https:\/\/templatetoaster.com\/#website\"},\"primaryImageOfPage\":{\"@id\":\"https:\/\/templatetoaster.com\/cs\/our-standards#primaryimage\"},\"image\":{\"@id\":\"https:\/\/templatetoaster.com\/cs\/our-standards#primaryimage\"},\"thumbnailUrl\":\"https:\/\/templatetoaster.com\/wp-content\/uploads\/2018\/10\/responsive-web-design.jpg\",\"datePublished\":\"2018-04-14T06:35:11+00:00\",\"dateModified\":\"2019-06-17T07:13:18+00:00\",\"description\":\"TemplateToaster standardy\",\"breadcrumb\":{\"@id\":\"https:\/\/templatetoaster.com\/cs\/our-standards#breadcrumb\"},\"inLanguage\":\"cs\",\"potentialAction\":[{\"@type\":\"ReadAction\",\"target\":[\"https:\/\/templatetoaster.com\/cs\/our-standards\"]}]},{\"@type\":\"ImageObject\",\"inLanguage\":\"cs\",\"@id\":\"https:\/\/templatetoaster.com\/cs\/our-standards#primaryimage\",\"url\":\"https:\/\/templatetoaster.com\/wp-content\/uploads\/2018\/10\/responsive-web-design.jpg\",\"contentUrl\":\"https:\/\/templatetoaster.com\/wp-content\/uploads\/2018\/10\/responsive-web-design.jpg\"},{\"@type\":\"BreadcrumbList\",\"@id\":\"https:\/\/templatetoaster.com\/cs\/our-standards#breadcrumb\",\"itemListElement\":[{\"@type\":\"ListItem\",\"position\":1,\"name\":\"Home\",\"item\":\"https:\/\/templatetoaster.com\/cs\"},{\"@type\":\"ListItem\",\"position\":2,\"name\":\"Na\u0161e standardy\"}]},{\"@type\":\"WebSite\",\"@id\":\"https:\/\/templatetoaster.com\/#website\",\"url\":\"https:\/\/templatetoaster.com\/\",\"name\":\"TemplateToaster\",\"description\":\"\",\"publisher\":{\"@id\":\"https:\/\/templatetoaster.com\/#organization\"},\"inLanguage\":\"cs\"},{\"@type\":\"Organization\",\"@id\":\"https:\/\/templatetoaster.com\/#organization\",\"name\":\"TemplateToaster\",\"url\":\"https:\/\/templatetoaster.com\/\",\"logo\":{\"@type\":\"ImageObject\",\"inLanguage\":\"cs\",\"@id\":\"https:\/\/templatetoaster.com\/#\/schema\/logo\/image\/\",\"url\":\"https:\/\/templatetoaster.com\/wp-content\/uploads\/2019\/11\/TemplateToaster_Logo.jpg\",\"contentUrl\":\"https:\/\/templatetoaster.com\/wp-content\/uploads\/2019\/11\/TemplateToaster_Logo.jpg\",\"width\":85,\"height\":85,\"caption\":\"TemplateToaster\"},\"image\":{\"@id\":\"https:\/\/templatetoaster.com\/#\/schema\/logo\/image\/\"},\"sameAs\":[\"https:\/\/www.facebook.com\/TemplateToaster\",\"https:\/\/x.com\/templatetoaster\",\"https:\/\/www.instagram.com\/templatetoaster\/\",\"https:\/\/www.linkedin.com\/company\/templatetoaster\/\",\"https:\/\/www.pinterest.com\/templatetoaster\/\",\"https:\/\/www.youtube.com\/@TemplateToaster\"]}]}<\/script>\n<!-- \/ Yoast SEO plugin. -->","yoast_head_json":{"title":"Na\u0161e standardy - TemplateToaster","description":"TemplateToaster standardy","robots":{"index":"index","follow":"follow","max-snippet":"max-snippet:-1","max-image-preview":"max-image-preview:large","max-video-preview":"max-video-preview:-1"},"canonical":"https:\/\/templatetoaster.com\/cs\/our-standards","og_locale":"cs_CZ","og_type":"article","og_title":"Na\u0161e standardy - TemplateToaster","og_description":"TemplateToaster standardy","og_url":"https:\/\/templatetoaster.com\/cs\/our-standards","og_site_name":"TemplateToaster","article_publisher":"https:\/\/www.facebook.com\/TemplateToaster","article_modified_time":"2019-06-17T07:13:18+00:00","og_image":[{"url":"https:\/\/templatetoaster.com\/wp-content\/uploads\/2018\/10\/responsive-web-design.jpg"}],"twitter_card":"summary_large_image","twitter_site":"@templatetoaster","twitter_misc":{"Odhadovan\u00e1 doba \u010dten\u00ed":"2 minuty"},"schema":{"@context":"https:\/\/schema.org","@graph":[{"@type":"WebPage","@id":"https:\/\/templatetoaster.com\/cs\/our-standards","url":"https:\/\/templatetoaster.com\/cs\/our-standards","name":"Na\u0161e standardy - TemplateToaster","isPartOf":{"@id":"https:\/\/templatetoaster.com\/#website"},"primaryImageOfPage":{"@id":"https:\/\/templatetoaster.com\/cs\/our-standards#primaryimage"},"image":{"@id":"https:\/\/templatetoaster.com\/cs\/our-standards#primaryimage"},"thumbnailUrl":"https:\/\/templatetoaster.com\/wp-content\/uploads\/2018\/10\/responsive-web-design.jpg","datePublished":"2018-04-14T06:35:11+00:00","dateModified":"2019-06-17T07:13:18+00:00","description":"TemplateToaster standardy","breadcrumb":{"@id":"https:\/\/templatetoaster.com\/cs\/our-standards#breadcrumb"},"inLanguage":"cs","potentialAction":[{"@type":"ReadAction","target":["https:\/\/templatetoaster.com\/cs\/our-standards"]}]},{"@type":"ImageObject","inLanguage":"cs","@id":"https:\/\/templatetoaster.com\/cs\/our-standards#primaryimage","url":"https:\/\/templatetoaster.com\/wp-content\/uploads\/2018\/10\/responsive-web-design.jpg","contentUrl":"https:\/\/templatetoaster.com\/wp-content\/uploads\/2018\/10\/responsive-web-design.jpg"},{"@type":"BreadcrumbList","@id":"https:\/\/templatetoaster.com\/cs\/our-standards#breadcrumb","itemListElement":[{"@type":"ListItem","position":1,"name":"Home","item":"https:\/\/templatetoaster.com\/cs"},{"@type":"ListItem","position":2,"name":"Na\u0161e standardy"}]},{"@type":"WebSite","@id":"https:\/\/templatetoaster.com\/#website","url":"https:\/\/templatetoaster.com\/","name":"TemplateToaster","description":"","publisher":{"@id":"https:\/\/templatetoaster.com\/#organization"},"inLanguage":"cs"},{"@type":"Organization","@id":"https:\/\/templatetoaster.com\/#organization","name":"TemplateToaster","url":"https:\/\/templatetoaster.com\/","logo":{"@type":"ImageObject","inLanguage":"cs","@id":"https:\/\/templatetoaster.com\/#\/schema\/logo\/image\/","url":"https:\/\/templatetoaster.com\/wp-content\/uploads\/2019\/11\/TemplateToaster_Logo.jpg","contentUrl":"https:\/\/templatetoaster.com\/wp-content\/uploads\/2019\/11\/TemplateToaster_Logo.jpg","width":85,"height":85,"caption":"TemplateToaster"},"image":{"@id":"https:\/\/templatetoaster.com\/#\/schema\/logo\/image\/"},"sameAs":["https:\/\/www.facebook.com\/TemplateToaster","https:\/\/x.com\/templatetoaster","https:\/\/www.instagram.com\/templatetoaster\/","https:\/\/www.linkedin.com\/company\/templatetoaster\/","https:\/\/www.pinterest.com\/templatetoaster\/","https:\/\/www.youtube.com\/@TemplateToaster"]}]}},"_links":{"self":[{"href":"https:\/\/templatetoaster.com\/cs\/wp-json\/wp\/v2\/pages\/4415"}],"collection":[{"href":"https:\/\/templatetoaster.com\/cs\/wp-json\/wp\/v2\/pages"}],"about":[{"href":"https:\/\/templatetoaster.com\/cs\/wp-json\/wp\/v2\/types\/page"}],"author":[{"embeddable":true,"href":"https:\/\/templatetoaster.com\/cs\/wp-json\/wp\/v2\/users\/13434"}],"replies":[{"embeddable":true,"href":"https:\/\/templatetoaster.com\/cs\/wp-json\/wp\/v2\/comments?post=4415"}],"version-history":[{"count":4,"href":"https:\/\/templatetoaster.com\/cs\/wp-json\/wp\/v2\/pages\/4415\/revisions"}],"predecessor-version":[{"id":33608,"href":"https:\/\/templatetoaster.com\/cs\/wp-json\/wp\/v2\/pages\/4415\/revisions\/33608"}],"wp:attachment":[{"href":"https:\/\/templatetoaster.com\/cs\/wp-json\/wp\/v2\/media?parent=4415"}],"curies":[{"name":"wp","href":"https:\/\/api.w.org\/{rel}","templated":true}]}}