{"id":4406,"date":"2018-04-14T06:30:06","date_gmt":"2018-04-14T06:30:06","guid":{"rendered":"http:\/\/templatetoaster.com?page_id=4406"},"modified":"2019-09-18T13:06:53","modified_gmt":"2019-09-18T13:06:53","slug":"tvorba-webovych-stranek","status":"publish","type":"page","link":"https:\/\/templatetoaster.com\/cs\/tvorba-webovych-stranek","title":{"rendered":"Tvorba Webov\u00fdch Str\u00e1nek Program | V\u00fdroba Internetov\u00fdch Str\u00e1nek"},"content":{"rendered":"<div class=\"section1 wp-theme-generator\">\n<div style=\"margin: 115px 0 16px;\">\n<h1>Tvorba Webov\u00fdch Str\u00e1nek Program | V\u00fdroba Internetov\u00fdch Str\u00e1nek<\/h1>\n<p class=\"text-center\">Stav\u011bt robustn\u00ed webov\u00e9 str\u00e1nky r\u016fst va\u0161eho podnik\u00e1n\u00ed rozd\u011blova\u010de. Tvorba Webov\u00fdch Str\u00e1nek Program<\/p>\n<p class=\"text-center\" style=\"font-size: 18px;\">Design od nuly bez k\u00f3dov\u00e1n\u00ed dovednosti.V\u00fdroba Internetov\u00fdch Str\u00e1nek<\/p>\n<p>&nbsp;<\/p>\n<div style=\"text-align: center;\"><a class=\"btn download_btn\" href=\"https:\/\/templatetoaster.com\/cs\/download\">St\u00e1hnout nyn\u00ed<\/a><\/div>\n<div class=\"clearfix\"><\/div>\n<\/div>\n<\/div>\n<p><!--- What is TemplateToaster Section ---><\/p>\n<div class=\"section2 wp-theme-generator\">\n<div class=\"section2-inner\">\n<h2>Pro\u010d pou\u017e\u00edvat TemplateToaster jako tvorba webov\u00fdch str\u00e1nek Program?<\/h2>\n<p>Tvorba webov\u00fdch str\u00e1nek program je speci\u00e1ln\u011b navr\u017een tak, aby v po\u010d\u00edta\u010di spustit, zcela v re\u017eimu offline. \u017d\u00e1dn\u00e9 dal\u0161\u00ed pr\u00e1ci za dashboard\u016f v prohl\u00ed\u017ee\u010d\u00edch. Designov\u00e9 motivy a \u0161ablony pro va\u0161e webov\u00e9 str\u00e1nky kdekoliv a kdykoliv, p\u0159\u00edmo ze sv\u00e9ho po\u010d\u00edta\u010de, stejn\u011b jako p\u0159i pr\u00e1ci s jak\u00fdmkoli jin\u00fdm softwarem v re\u017eimu offline tvorba web str\u00e1nky !<\/p>\n<\/div>\n<\/div>\n<p><!---- section 3 starts ---><\/p>\n<div class=\"section3 wp-theme-generator\">\n<div class=\"section3-inner\">\n<h2>Jak to funguje program na tvorbu webu?<\/h2>\n<div class=\"row\">\n<div class=\"col-lg-4 col-md-4 col-sm-6 col-xs-12\">\n<div class=\"media\">\n<div class=\"landing_page_svg\" style=\"background-position: 20px -690px; display: block; height: 115px; margin: auto; width: 142px;\"><\/div>\n<h3 class=\"text-center\">Za\u010dn\u011bme Navrhov\u00e1n\u00ed s program na tvorbu webu<\/h3>\n<p class=\"text-center\">Maj\u00ed k dispozici neomezen\u00fd zku\u0161ebn\u00ed verzi program na tvorbu webu po jeho sta\u017een\u00ed. Z\u00edskat p\u0159\u00edstup ke v\u0161em funk\u010dn\u00edch! \u017de jste vstoupil do sv\u011bta, kde si vlastn\u00ed s\u00edlu navrhnout s lehkost\u00ed!<\/p>\n<\/div>\n<\/div>\n<div class=\"clearfix visible-xs-block\"><\/div>\n<div class=\"col-lg-4 col-md-4 col-sm-6 col-xs-12\">\n<div class=\"media\">\n<div class=\"landing_page_svg\" style=\"background-position: -115px -690px; display: block; height: 115px; margin: auto; width: 142px;\"><\/div>\n<h3 class=\"text-center\">Design &amp; Vlastn\u00ed s program pro tvorbu webu<\/h3>\n<p class=\"text-center\">Program pro tvorbu webu b\u011bhem n\u011bkolika minut s u\u017eivatelsky p\u0159\u00edv\u011btiv\u00e9 rozhran\u00ed, aby co nejv\u00edce z va\u0161ich p\u0159edstav. P\u0159izp\u016fsobit design a\u013e ka\u017ed\u00e9ho detailu, jako je barva, font, styling etc. okam\u017eit\u011b!<\/p>\n<\/div>\n<\/div>\n<div class=\"clearfix visible-sm-block visible-xs-block\"><\/div>\n<div class=\"col-lg-4 col-md-4 col-sm-6 col-xs-12\">\n<div class=\"media\">\n<div class=\"landing_page_svg\" style=\"background-position: -240px -690px; display: block; height: 115px; margin: auto; width: 142px;\"><\/div>\n<h3 class=\"text-center\">Spustit sv\u016fj web s\u00a0tvorba webu program<\/h3>\n<p class=\"text-center\">All vyzdobil s va\u0161\u00ed blog nebo eComm obchod\u011b? Exportovat t\u00e9ma a nyn\u00ed p\u0159ipraven zas\u00e1hnout na tla\u010d\u00edtko publikovat na sv\u00fdch webov\u00fdch str\u00e1nk\u00e1ch.!<\/p>\n<\/div>\n<\/div>\n<div class=\"clearfix visible-lg-block visible-md-block visible-sm-block visible-xs-block\"><\/div>\n<\/div>\n<\/div>\n<\/div>\n<div class=\"section4 wp-theme-generator\">\n<h2 style=\"text-transform: none;\">Rysy TemplateToaster jako vytvo\u0159en\u00ed webov\u00fdch str\u00e1nek<\/h2>\n<p><!--\n\n\n<p class=\"section4-paragraph\"> --><\/p>\n<div class=\"row\">\n<div class=\"col-lg-4 col-md-4 col-sm-6 col-sx-12\">\n<div style=\"padding: 20px;\">\n<div class=\"text-center\">\n<div class=\"wp_feature landing_page_svg\" style=\"margin-right: 10px; display: inline-block; float: none; vertical-align: middle; background-position: -170px -1375px;\"><\/div>\n<\/div>\n<h3 style=\"margin: 20px 0px 10px; text-align: center;\">Robustn\u00ed\u00a0program na tvorbu webov\u00fdch str\u00e1nek<\/h3>\n<p class=\"text-center\">Postavil v\u00fdvoj\u00e1\u0159i pro v\u00fdvoj\u00e1\u0159e, Je vyroben pro high-end profesion\u00e1ln\u00ed pou\u017eit\u00ed. To m\u016f\u017ee vypo\u0159\u00e1dat s t\u011b\u017ek\u00fdmi \u00fakoly s lehkost\u00ed a rychle prov\u00e1d\u011bt jejich.<\/p>\n<\/div>\n<\/div>\n<div class=\"clearfix visible-xs-block\"><\/div>\n<div class=\"col-lg-4 col-md-4 col-sm-6 col-sx-12\">\n<div style=\"padding: 20px;\">\n<div class=\"text-center\">\n<div class=\"wp_feature landing_page_svg\" style=\"margin-right: 10px; display: inline-block; float: none; vertical-align: middle; background-position: -90px -1370px;\"><\/div>\n<\/div>\n<h3 style=\"margin: 20px 0 10px; text-align: center;\">stabiln\u00ed Architecture<\/h3>\n<p class=\"text-center\">TemplateToaster postaven na pevn\u00e9 architektu\u0159e, je bez zpo\u017ed\u011bn\u00ed, a dojde k chyb\u011b na rozd\u00edl od on-line r\u00e1mc\u016f t\u00e9ma, kter\u00e9 pracuj\u00ed uvnit\u0159 prohl\u00ed\u017ee\u010de. Proto, Je pom\u011brn\u011b stabiln\u00ed, jak si pr\u00e1ci.<\/p>\n<\/div>\n<\/div>\n<div class=\"clearfix visible-sm-block visible-xs-block\"><\/div>\n<div class=\"col-md-4 col-sm-6 col-sx-12\">\n<div style=\"padding: 20px;\">\n<div class=\"text-center\">\n<div class=\"wp_feature landing_page_svg\" style=\"margin-right: 10px; display: inline-block; float: none; vertical-align: middle; background-position: -18px -1374px;\"><\/div>\n<\/div>\n<h3 style=\"margin: 20px 0 10px; text-align: center;\">Offline program na tvorbu webov\u00fdch str\u00e1nek<\/h3>\n<p class=\"text-center\">Nejv\u00edce vzru\u0161uj\u00edc\u00ed v\u011bc, o TemplateToaster je, to funguje zcela v re\u017eimu offline. M\u016f\u017eete pracovat bez p\u0159ipojen\u00ed k internetu a to i po cel\u00e9 hodiny bez jak\u00e9koliv jedin\u00e9 v\u011bci st\u00e1hnout a nainstalovat p\u0159i navrhov\u00e1n\u00ed.<\/p>\n<\/div>\n<\/div>\n<div class=\"clearfix visible-lg-block visible-md-block visible-sm-block visible-xs-block\"><\/div>\n<\/div>\n<\/div>\n<p><!--Section Features with WP--><\/p>\n<div class=\"section5 wp-theme-generator\" style=\"padding: 70px 10px; margin-bottom: 2px;\">\n<div style=\"margin: 40px 0px 20px;\">\n<h2 style=\"margin-bottom: 65px; text-transform: none;\">Pro komfort a pohodl\u00ed<\/h2>\n<div class=\"feature_with_wp row\">\n<div class=\"col-lg-4 col-md-4 col-sm-4 col-xs-6\">\n<div class=\"feature_wpimg\"><img decoding=\"async\" class=\"img-responsive\" src=\"https:\/\/templatetoaster.com\/wp-content\/uploads\/2017\/04\/multiple-language.png\" alt=\"tvorba webov\u00fdch str\u00e1nek\" \/><\/div>\n<\/div>\n<div class=\"col-lg-4 col-md-4 col-sm-4 col-xs-6\">\n<div class=\"feature_wpimg\"><img decoding=\"async\" class=\"img-responsive\" src=\"https:\/\/templatetoaster.com\/wp-content\/uploads\/2017\/04\/mobile-optimization.png\" alt=\"vytvo\u0159en\u00ed webov\u00fdch str\u00e1nek\" \/><\/div>\n<\/div>\n<div class=\"clearfix visible-xs-block\"><\/div>\n<div class=\"col-lg-4 col-md-4 col-sm-4 col-xs-6\">\n<div class=\"feature_wpimg\"><img decoding=\"async\" class=\"img-responsive\" src=\"https:\/\/templatetoaster.com\/wp-content\/uploads\/2017\/04\/drag-drop.png\" alt=\"tvorba webovych stranek\" \/><\/div>\n<\/div>\n<div class=\"clearfix visible-lg-block visible-md-block visible-sm-block\"><\/div>\n<div class=\"col-lg-4 col-md-4 col-sm-4 col-xs-6\">\n<div class=\"feature_wpimg\"><img decoding=\"async\" class=\"img-responsive\" src=\"https:\/\/templatetoaster.com\/wp-content\/uploads\/2017\/04\/demo-templats.png\" alt=\"tvorba web str\u00e1nky\" \/><\/div>\n<\/div>\n<div class=\"clearfix visible-xs-block\"><\/div>\n<div class=\"col-lg-4 col-md-4 col-sm-4 col-xs-6\">\n<div class=\"feature_wpimg\"><img decoding=\"async\" class=\"img-responsive\" src=\"https:\/\/templatetoaster.com\/wp-content\/uploads\/2017\/04\/mega-menu.png\" alt=\"v\u00fdroba internetov\u00fdch str\u00e1nek\" \/><\/div>\n<\/div>\n<div class=\"col-lg-4 col-md-4 col-sm-4 col-xs-6\">\n<div class=\"feature_wpimg\"><img decoding=\"async\" class=\"img-responsive\" src=\"https:\/\/templatetoaster.com\/wp-content\/uploads\/2017\/04\/right-to-left.png\" alt=\"tvorba vlastn\u00edho webu\" \/><\/div>\n<\/div>\n<div class=\"clearfix visible-lg-block visible-md-block visible-sm-block visible-xs-block\"><\/div>\n<div class=\"col-lg-4 col-md-4 col-sm-4 col-xs-6\">\n<div class=\"feature_wpimg\"><img decoding=\"async\" class=\"img-responsive\" src=\"https:\/\/templatetoaster.com\/wp-content\/uploads\/2017\/04\/amazing-slideshow.png\" alt=\"tvorba webov\u00fdch str\u00e1nek program\" \/><\/div>\n<\/div>\n<div class=\"col-lg-4 col-md-4 col-sm-4 col-xs-6\">\n<div class=\"feature_wpimg\"><img decoding=\"async\" class=\"img-responsive\" src=\"https:\/\/templatetoaster.com\/wp-content\/uploads\/2017\/04\/zero-coding.png\" alt=\"tvorba www str\u00e1nek\" \/><\/div>\n<\/div>\n<div class=\"clearfix visible-xs-block\"><\/div>\n<div class=\"col-lg-4 col-md-4 col-sm-4 col-xs-6\">\n<div class=\"feature_wpimg\"><img decoding=\"async\" class=\"img-responsive\" src=\"https:\/\/templatetoaster.com\/wp-content\/uploads\/2017\/04\/custom-css.png\" alt=\"webov\u00e9 str\u00e1nky tvorba\" \/><\/div>\n<\/div>\n<div class=\"clearfix visible-lg-block visible-md-block visible-sm-block visible-xs-block\"><\/div>\n<\/div>\n<\/div>\n<\/div>\n<p><!--Section Gallery--><\/p>\n<div class=\"section7 wp-theme-generator\" style=\"padding: 100px 10px; background-color: #f1f4f8; margin-bottom: 2px;\">\n<h2 style=\"text-transform: none;\">Na\u0161e standardy<\/h2>\n<div class=\"row\">\n<div class=\"col-lg-4 col-md-4 col-sm-6 col-xs-12\">\n<div style=\"padding: 20px;\">\n<div class=\"text-center\">\n<div class=\"wp_feature landing_page_svg\" style=\"margin-right: 10px; display: inline-block; float: none; vertical-align: middle; background-position: -75px -153px; width: 75px;\"><\/div>\n<\/div>\n<h3 style=\"margin: 20px 0px 10px; text-align: center;\">W3C validace<\/h3>\n<p class=\"text-center\">OpenCart motivy vytvo\u0159en\u00e9 tvorba webu program jsou v souladu s mezin\u00e1rodn\u00edmi normami a W3C platn\u00e9. Proto, Optim\u00e1ln\u00ed zobrazen\u00ed webov\u00e9 str\u00e1nky a v\u00fdhody vyhled\u00e1va\u010d\u016f.<\/p>\n<\/div>\n<\/div>\n<div class=\"clearfix visible-xs-block\"><\/div>\n<div class=\"col-lg-4 col-md-4 col-sm-6 col-xs-12\">\n<div style=\"padding: 20px;\">\n<div class=\"text-center\">\n<div class=\"wp_feature landing_page_svg\" style=\"margin-right: 10px; display: inline-block; float: none; vertical-align: middle; background-position: -165px -153px; width: 65px;\"><\/div>\n<\/div>\n<h3 style=\"margin: 20px 0 10px; text-align: center;\">HTML5 &amp; CSS3 Standards<\/h3>\n<p class=\"text-center\">Program pro tvorbu webu \u0159\u00edd\u00ed HTML5 a CSS3 norem. Podporuje v\u00edce multimedi\u00e1ln\u00edch orientovan\u00e9 webov\u00e9 str\u00e1nky a pokro\u010dil\u00e9 funkce stylingov\u00e9.<\/p>\n<\/div>\n<\/div>\n<div class=\"clearfix visible-sm-block visible-xs-block\"><\/div>\n<div class=\"col-lg-4 col-md-4 col-sm-6 col-xs-12\">\n<div style=\"padding: 20px;\">\n<div class=\"text-center\">\n<div class=\"wp_feature landing_page_svg\" style=\"margin-right: 10px; display: inline-block; float: none; vertical-align: middle; background-position: -260px -147px; width: 65px;\"><\/div>\n<\/div>\n<h3 style=\"margin: 20px 0 10px; text-align: center;\">Vysokorychlostn\u00ed Str\u00e1nky<\/h3>\n<p class=\"text-center\">Optim\u00e1ln\u00ed v\u00fdsledky webov\u00e9 str\u00e1nky vlo\u017een\u00edm do nejlep\u0161\u00edho u\u017eivatelsk\u00e9ho z\u00e1\u017eitku. Krom\u011b lep\u0161\u00ed UX, v\u0161e, co dostanete, je lep\u0161\u00ed sk\u00f3re kvality, kter\u00e1 se rovn\u00e1 v\u011bt\u0161\u00ed dosah.<\/p>\n<\/div>\n<\/div>\n<div class=\"clearfix visible-lg-block visible-md-block visible-xs-block\"><\/div>\n<\/div>\n<\/div>\n<p><!---- section 6 starts ---><\/p>\n<div class=\"section6 wp-theme-generator\" style=\"padding: 50px 10px;\">\n<div style=\"margin: 70px 0px 20px;\">\n<h2>pou\u017eit\u00ed program na tvorbu webu pro CMSes<\/h2>\n<div class=\"section-center\" style=\"padding-bottom: 50px;\">\n<div class=\"other-cms-section\">\n<div class=\"cms-section\">\n<div class=\"text-center\">\n<div class=\"wp_feature landing_page_svg\" style=\"width: 110px; height: 100px; background-position: -100px -596px;\"><\/div>\n<\/div>\n<\/div>\n<div class=\"cms-section\">\n<div class=\"text-center\">\n<div class=\"wp_feature landing_page_svg\" style=\"width: 130px; height: 100px; background-position: -212px -596px;\"><\/div>\n<\/div>\n<\/div>\n<div class=\"cms-section\">\n<div class=\"text-center\">\n<div class=\"wp_feature landing_page_svg\" style=\"width: 90px; height: 102px; background-position: -250px -377px;\"><\/div>\n<\/div>\n<\/div>\n<div class=\"cms-section\">\n<div class=\"text-center\">\n<div class=\"wp_feature landing_page_svg\" style=\"width: 100px; height: 102px; background-position: -160px -377px;\"><\/div>\n<\/div>\n<\/div>\n<div class=\"cms-section\">\n<div class=\"text-center\">\n<div class=\"wp_feature landing_page_svg\" style=\"width: 90px; height: 120px; background-position: 12px -359px;\"><\/div>\n<\/div>\n<\/div>\n<div class=\"cms-section\">\n<div class=\"text-center\">\n<div class=\"wp_feature landing_page_svg\" style=\"width: 110px; height: 100px; background-position: -240px -495px;\"><\/div>\n<\/div>\n<\/div>\n<div class=\"cms-section\">\n<div class=\"text-center\">\n<div class=\"wp_feature landing_page_svg\" style=\"width: 110px; height: 100px; background-position: -65px -379px;\"><\/div>\n<\/div>\n<\/div>\n<div class=\"cms-section\">\n<div class=\"text-center\">\n<div class=\"wp_feature landing_page_svg\" style=\"width: 110px; height: 100px; background-position: -5px -494px;\"><\/div>\n<\/div>\n<\/div>\n<div class=\"cms-section\">\n<div class=\"text-center\">\n<div class=\"wp_feature landing_page_svg\" style=\"width: 110px; height: 100px; background-position: -0px -598px;\"><\/div>\n<\/div>\n<\/div>\n<div class=\"cms-section\">\n<div class=\"text-center\">\n<div class=\"wp_feature landing_page_svg\" style=\"width: 130px; height: 100px; background-position: -125px -495px;\"><\/div>\n<\/div>\n<\/div>\n<\/div>\n<\/div>\n<div style=\"text-align: center; margin-top: 30px;\"><a class=\"btn download_btn\" href=\"https:\/\/templatetoaster.com\/cs\/download\">St\u00e1hnout nyn\u00ed<\/a><\/div>\n<\/div>\n<\/div>\n","protected":false},"excerpt":{"rendered":"<p>Tvorba Webov\u00fdch Str\u00e1nek Program | V\u00fdroba Internetov\u00fdch Str\u00e1nek Stav\u011bt robustn\u00ed webov\u00e9 str\u00e1nky r\u016fst va\u0161eho podnik\u00e1n\u00ed rozd\u011blova\u010de. Tvorba Webov\u00fdch Str\u00e1nek Program Design od nuly bez k\u00f3dov\u00e1n\u00ed dovednosti.V\u00fdroba Internetov\u00fdch Str\u00e1nek &nbsp; St\u00e1hnout nyn\u00ed Pro\u010d pou\u017e\u00edvat TemplateToaster jako tvorba webov\u00fdch str\u00e1nek Program? Tvorba &hellip; <a href=\"https:\/\/templatetoaster.com\/cs\/tvorba-webovych-stranek\">Continue Reading<span class=\"meta-nav\">&rarr;<\/span><\/a><\/p>\n","protected":false},"author":13434,"featured_media":0,"parent":0,"menu_order":0,"comment_status":"closed","ping_status":"closed","template":"","meta":{"footnotes":""},"yoast_head":"<!-- This site is optimized with the Yoast SEO plugin v23.5 - https:\/\/yoast.com\/wordpress\/plugins\/seo\/ -->\n<title>Tvorba Webov\u00fdch Str\u00e1nek Program | V\u00fdroba Internetov\u00fdch Str\u00e1nek<\/title>\n<meta name=\"description\" content=\"Vyzkou\u0161ejte na tvorbu webov\u00fdch str\u00e1nek program. V\u00fdroba Internetov\u00fdch Str\u00e1nek za 5 minut. Vytvo\u0159en\u00ed webov\u00fdch str\u00e1nek s responzivn\u00edm designem. tvorba www str\u00e1nek. program na tvorbu webu\" \/>\n<meta name=\"robots\" content=\"index, follow, max-snippet:-1, max-image-preview:large, max-video-preview:-1\" \/>\n<link rel=\"canonical\" href=\"https:\/\/templatetoaster.com\/cs\/tvorba-webovych-stranek\" \/>\n<meta property=\"og:locale\" content=\"cs_CZ\" \/>\n<meta property=\"og:type\" content=\"article\" \/>\n<meta property=\"og:title\" content=\"Tvorba Webov\u00fdch Str\u00e1nek Program | V\u00fdroba Internetov\u00fdch Str\u00e1nek\" \/>\n<meta property=\"og:description\" content=\"Vyzkou\u0161ejte na tvorbu webov\u00fdch str\u00e1nek program. V\u00fdroba Internetov\u00fdch Str\u00e1nek za 5 minut. Vytvo\u0159en\u00ed webov\u00fdch str\u00e1nek s responzivn\u00edm designem. tvorba www str\u00e1nek. program na tvorbu webu\" \/>\n<meta property=\"og:url\" content=\"https:\/\/templatetoaster.com\/cs\/tvorba-webovych-stranek\" \/>\n<meta property=\"og:site_name\" content=\"TemplateToaster\" \/>\n<meta property=\"article:publisher\" content=\"https:\/\/www.facebook.com\/TemplateToaster\" \/>\n<meta property=\"article:modified_time\" content=\"2019-09-18T13:06:53+00:00\" \/>\n<meta property=\"og:image\" content=\"https:\/\/templatetoaster.com\/wp-content\/uploads\/2017\/04\/multiple-language.png\" \/>\n<meta name=\"twitter:card\" content=\"summary_large_image\" \/>\n<meta name=\"twitter:site\" content=\"@templatetoaster\" \/>\n<meta name=\"twitter:label1\" content=\"Odhadovan\u00e1 doba \u010dten\u00ed\" \/>\n\t<meta name=\"twitter:data1\" content=\"3 minuty\" \/>\n<script type=\"application\/ld+json\" class=\"yoast-schema-graph\">{\"@context\":\"https:\/\/schema.org\",\"@graph\":[{\"@type\":\"WebPage\",\"@id\":\"https:\/\/templatetoaster.com\/cs\/tvorba-webovych-stranek\",\"url\":\"https:\/\/templatetoaster.com\/cs\/tvorba-webovych-stranek\",\"name\":\"Tvorba Webov\u00fdch Str\u00e1nek Program | V\u00fdroba Internetov\u00fdch Str\u00e1nek\",\"isPartOf\":{\"@id\":\"https:\/\/templatetoaster.com\/#website\"},\"primaryImageOfPage\":{\"@id\":\"https:\/\/templatetoaster.com\/cs\/tvorba-webovych-stranek#primaryimage\"},\"image\":{\"@id\":\"https:\/\/templatetoaster.com\/cs\/tvorba-webovych-stranek#primaryimage\"},\"thumbnailUrl\":\"https:\/\/templatetoaster.com\/wp-content\/uploads\/2017\/04\/multiple-language.png\",\"datePublished\":\"2018-04-14T06:30:06+00:00\",\"dateModified\":\"2019-09-18T13:06:53+00:00\",\"description\":\"Vyzkou\u0161ejte na tvorbu webov\u00fdch str\u00e1nek program. V\u00fdroba Internetov\u00fdch Str\u00e1nek za 5 minut. Vytvo\u0159en\u00ed webov\u00fdch str\u00e1nek s responzivn\u00edm designem. tvorba www str\u00e1nek. program na tvorbu webu\",\"breadcrumb\":{\"@id\":\"https:\/\/templatetoaster.com\/cs\/tvorba-webovych-stranek#breadcrumb\"},\"inLanguage\":\"cs\",\"potentialAction\":[{\"@type\":\"ReadAction\",\"target\":[\"https:\/\/templatetoaster.com\/cs\/tvorba-webovych-stranek\"]}]},{\"@type\":\"ImageObject\",\"inLanguage\":\"cs\",\"@id\":\"https:\/\/templatetoaster.com\/cs\/tvorba-webovych-stranek#primaryimage\",\"url\":\"https:\/\/templatetoaster.com\/wp-content\/uploads\/2017\/04\/multiple-language.png\",\"contentUrl\":\"https:\/\/templatetoaster.com\/wp-content\/uploads\/2017\/04\/multiple-language.png\"},{\"@type\":\"BreadcrumbList\",\"@id\":\"https:\/\/templatetoaster.com\/cs\/tvorba-webovych-stranek#breadcrumb\",\"itemListElement\":[{\"@type\":\"ListItem\",\"position\":1,\"name\":\"Home\",\"item\":\"https:\/\/templatetoaster.com\/cs\"},{\"@type\":\"ListItem\",\"position\":2,\"name\":\"Tvorba Webov\u00fdch Str\u00e1nek Program | V\u00fdroba Internetov\u00fdch Str\u00e1nek\"}]},{\"@type\":\"WebSite\",\"@id\":\"https:\/\/templatetoaster.com\/#website\",\"url\":\"https:\/\/templatetoaster.com\/\",\"name\":\"TemplateToaster\",\"description\":\"\",\"publisher\":{\"@id\":\"https:\/\/templatetoaster.com\/#organization\"},\"inLanguage\":\"cs\"},{\"@type\":\"Organization\",\"@id\":\"https:\/\/templatetoaster.com\/#organization\",\"name\":\"TemplateToaster\",\"url\":\"https:\/\/templatetoaster.com\/\",\"logo\":{\"@type\":\"ImageObject\",\"inLanguage\":\"cs\",\"@id\":\"https:\/\/templatetoaster.com\/#\/schema\/logo\/image\/\",\"url\":\"https:\/\/templatetoaster.com\/wp-content\/uploads\/2019\/11\/TemplateToaster_Logo.jpg\",\"contentUrl\":\"https:\/\/templatetoaster.com\/wp-content\/uploads\/2019\/11\/TemplateToaster_Logo.jpg\",\"width\":85,\"height\":85,\"caption\":\"TemplateToaster\"},\"image\":{\"@id\":\"https:\/\/templatetoaster.com\/#\/schema\/logo\/image\/\"},\"sameAs\":[\"https:\/\/www.facebook.com\/TemplateToaster\",\"https:\/\/x.com\/templatetoaster\",\"https:\/\/www.instagram.com\/templatetoaster\/\",\"https:\/\/www.linkedin.com\/company\/templatetoaster\/\",\"https:\/\/www.pinterest.com\/templatetoaster\/\",\"https:\/\/www.youtube.com\/@TemplateToaster\"]}]}<\/script>\n<!-- \/ Yoast SEO plugin. -->","yoast_head_json":{"title":"Tvorba Webov\u00fdch Str\u00e1nek Program | V\u00fdroba Internetov\u00fdch Str\u00e1nek","description":"Vyzkou\u0161ejte na tvorbu webov\u00fdch str\u00e1nek program. V\u00fdroba Internetov\u00fdch Str\u00e1nek za 5 minut. Vytvo\u0159en\u00ed webov\u00fdch str\u00e1nek s responzivn\u00edm designem. tvorba www str\u00e1nek. program na tvorbu webu","robots":{"index":"index","follow":"follow","max-snippet":"max-snippet:-1","max-image-preview":"max-image-preview:large","max-video-preview":"max-video-preview:-1"},"canonical":"https:\/\/templatetoaster.com\/cs\/tvorba-webovych-stranek","og_locale":"cs_CZ","og_type":"article","og_title":"Tvorba Webov\u00fdch Str\u00e1nek Program | V\u00fdroba Internetov\u00fdch Str\u00e1nek","og_description":"Vyzkou\u0161ejte na tvorbu webov\u00fdch str\u00e1nek program. V\u00fdroba Internetov\u00fdch Str\u00e1nek za 5 minut. Vytvo\u0159en\u00ed webov\u00fdch str\u00e1nek s responzivn\u00edm designem. tvorba www str\u00e1nek. program na tvorbu webu","og_url":"https:\/\/templatetoaster.com\/cs\/tvorba-webovych-stranek","og_site_name":"TemplateToaster","article_publisher":"https:\/\/www.facebook.com\/TemplateToaster","article_modified_time":"2019-09-18T13:06:53+00:00","og_image":[{"url":"https:\/\/templatetoaster.com\/wp-content\/uploads\/2017\/04\/multiple-language.png"}],"twitter_card":"summary_large_image","twitter_site":"@templatetoaster","twitter_misc":{"Odhadovan\u00e1 doba \u010dten\u00ed":"3 minuty"},"schema":{"@context":"https:\/\/schema.org","@graph":[{"@type":"WebPage","@id":"https:\/\/templatetoaster.com\/cs\/tvorba-webovych-stranek","url":"https:\/\/templatetoaster.com\/cs\/tvorba-webovych-stranek","name":"Tvorba Webov\u00fdch Str\u00e1nek Program | V\u00fdroba Internetov\u00fdch Str\u00e1nek","isPartOf":{"@id":"https:\/\/templatetoaster.com\/#website"},"primaryImageOfPage":{"@id":"https:\/\/templatetoaster.com\/cs\/tvorba-webovych-stranek#primaryimage"},"image":{"@id":"https:\/\/templatetoaster.com\/cs\/tvorba-webovych-stranek#primaryimage"},"thumbnailUrl":"https:\/\/templatetoaster.com\/wp-content\/uploads\/2017\/04\/multiple-language.png","datePublished":"2018-04-14T06:30:06+00:00","dateModified":"2019-09-18T13:06:53+00:00","description":"Vyzkou\u0161ejte na tvorbu webov\u00fdch str\u00e1nek program. V\u00fdroba Internetov\u00fdch Str\u00e1nek za 5 minut. Vytvo\u0159en\u00ed webov\u00fdch str\u00e1nek s responzivn\u00edm designem. tvorba www str\u00e1nek. program na tvorbu webu","breadcrumb":{"@id":"https:\/\/templatetoaster.com\/cs\/tvorba-webovych-stranek#breadcrumb"},"inLanguage":"cs","potentialAction":[{"@type":"ReadAction","target":["https:\/\/templatetoaster.com\/cs\/tvorba-webovych-stranek"]}]},{"@type":"ImageObject","inLanguage":"cs","@id":"https:\/\/templatetoaster.com\/cs\/tvorba-webovych-stranek#primaryimage","url":"https:\/\/templatetoaster.com\/wp-content\/uploads\/2017\/04\/multiple-language.png","contentUrl":"https:\/\/templatetoaster.com\/wp-content\/uploads\/2017\/04\/multiple-language.png"},{"@type":"BreadcrumbList","@id":"https:\/\/templatetoaster.com\/cs\/tvorba-webovych-stranek#breadcrumb","itemListElement":[{"@type":"ListItem","position":1,"name":"Home","item":"https:\/\/templatetoaster.com\/cs"},{"@type":"ListItem","position":2,"name":"Tvorba Webov\u00fdch Str\u00e1nek Program | V\u00fdroba Internetov\u00fdch Str\u00e1nek"}]},{"@type":"WebSite","@id":"https:\/\/templatetoaster.com\/#website","url":"https:\/\/templatetoaster.com\/","name":"TemplateToaster","description":"","publisher":{"@id":"https:\/\/templatetoaster.com\/#organization"},"inLanguage":"cs"},{"@type":"Organization","@id":"https:\/\/templatetoaster.com\/#organization","name":"TemplateToaster","url":"https:\/\/templatetoaster.com\/","logo":{"@type":"ImageObject","inLanguage":"cs","@id":"https:\/\/templatetoaster.com\/#\/schema\/logo\/image\/","url":"https:\/\/templatetoaster.com\/wp-content\/uploads\/2019\/11\/TemplateToaster_Logo.jpg","contentUrl":"https:\/\/templatetoaster.com\/wp-content\/uploads\/2019\/11\/TemplateToaster_Logo.jpg","width":85,"height":85,"caption":"TemplateToaster"},"image":{"@id":"https:\/\/templatetoaster.com\/#\/schema\/logo\/image\/"},"sameAs":["https:\/\/www.facebook.com\/TemplateToaster","https:\/\/x.com\/templatetoaster","https:\/\/www.instagram.com\/templatetoaster\/","https:\/\/www.linkedin.com\/company\/templatetoaster\/","https:\/\/www.pinterest.com\/templatetoaster\/","https:\/\/www.youtube.com\/@TemplateToaster"]}]}},"_links":{"self":[{"href":"https:\/\/templatetoaster.com\/cs\/wp-json\/wp\/v2\/pages\/4406"}],"collection":[{"href":"https:\/\/templatetoaster.com\/cs\/wp-json\/wp\/v2\/pages"}],"about":[{"href":"https:\/\/templatetoaster.com\/cs\/wp-json\/wp\/v2\/types\/page"}],"author":[{"embeddable":true,"href":"https:\/\/templatetoaster.com\/cs\/wp-json\/wp\/v2\/users\/13434"}],"replies":[{"embeddable":true,"href":"https:\/\/templatetoaster.com\/cs\/wp-json\/wp\/v2\/comments?post=4406"}],"version-history":[{"count":5,"href":"https:\/\/templatetoaster.com\/cs\/wp-json\/wp\/v2\/pages\/4406\/revisions"}],"predecessor-version":[{"id":67145,"href":"https:\/\/templatetoaster.com\/cs\/wp-json\/wp\/v2\/pages\/4406\/revisions\/67145"}],"wp:attachment":[{"href":"https:\/\/templatetoaster.com\/cs\/wp-json\/wp\/v2\/media?parent=4406"}],"curies":[{"name":"wp","href":"https:\/\/api.w.org\/{rel}","templated":true}]}}