{"id":4381,"date":"2018-04-14T06:12:51","date_gmt":"2018-04-14T06:12:51","guid":{"rendered":"http:\/\/templatetoaster.com?page_id=4381"},"modified":"2019-08-13T11:42:05","modified_gmt":"2019-08-13T11:42:05","slug":"wordpress","status":"publish","type":"page","link":"https:\/\/templatetoaster.com\/cs\/wordpress","title":{"rendered":"Jak nahr\u00e1t a nainstalovat t\u00e9mata aplikace WordPress"},"content":{"rendered":"<div class=\"tt_documentation_instruction_row row\">\n<h1 class=\"heading_border\" style=\"background-size: 623px 1px;\">Jak nahr\u00e1t instalace a konfigurace WordPress T\u00e9mata<\/h1>\n<p>&nbsp;<\/p>\n<div class=\"demo_row1 odd row\">\n<div class=\"row\">\n<div class=\"col-md-6 col-sm-6 col-xs-12\">\n<div class=\"vedio_bg\">\n<div class=\"tt_video_modal\"><a href=\"https:\/\/youtu.be\/QXM1K9pTHD4\" data-toggle=\"lightbox\" data-width=\"950\" data-gallery=\"youtubevideos\" data-title=\"Jak vytvo\u0159it WordPress t\u00e9ma v TemplateToaster\"><img decoding=\"async\" src=\"https:\/\/templatetoaster.com\/wp-content\/uploads\/2018\/02\/youtube.png\" \/><\/a><\/p>\n<div class=\"video-content\">\n<h3>Jak vytvo\u0159it WordPress t\u00e9ma v TemplateToaster<\/h3>\n<\/div>\n<\/div>\n<\/div>\n<\/div>\n<div class=\"clearfix visible-xs-block\"><\/div>\n<div class=\"col-md-6 col-sm-6 col-xs-12\">\n<div class=\"vedio_bg\">\n<div class=\"tt_video_modal\"><a href=\"https:\/\/youtu.be\/6g5Ca0J7XQA\" data-toggle=\"lightbox\" data-width=\"950\" data-gallery=\"youtubevideos\" data-title=\"Jak nahr\u00e1t TemplateToaster generovan\u00e9 t\u00e9ma na WordPress\"><img decoding=\"async\" src=\"https:\/\/templatetoaster.com\/wp-content\/uploads\/2018\/02\/youtube.png\" \/><\/a><\/p>\n<div class=\"video-content\">\n<h3>Jak nahr\u00e1t TemplateToaster generovan\u00e9 t\u00e9ma na WordPress<\/h3>\n<\/div>\n<\/div>\n<\/div>\n<div class=\"clearfix visible-lg-block visible-md-block\"><\/div>\n<\/div>\n<\/div>\n<\/div>\n<p>&nbsp;<\/p>\n<h4>Vytvo\u0159en\u00ed a export WordPress t\u00e9mata<\/h4>\n<p class=\"wordpress\">Spus\u0165te TemplateToaster a zvolte WordPress, Nyn\u00ed m\u016f\u017eete za\u010d\u00edt navrhovat \u00fapln\u011b od za\u010d\u00e1tku, nebo vybrat hotov\u00e9 WordPress t\u00e9ma. Export navr\u017een\u00e9 t\u00e9ma do po\u010d\u00edta\u010de ze souboru &gt;&gt; Export &gt;&gt; WordPress t\u00e9ma.<\/p>\n<h4 class=\"joomla\">Instalace exportovan\u00fd t\u00e9ma na WordPress<\/h4>\n<p class=\"wordpress\">P\u0159ihlaste se do WordPress admin &gt;&gt; j\u00edt na vzhledu &gt;&gt; motivy &gt;&gt; instalovat Theme &gt;&gt; Upload &gt;&gt; vyhledejte t\u00e9ma &gt;&gt; nahr\u00e1t &gt;&gt; aktivovat nov\u00e9 t\u00e9ma. M\u016f\u017eete tak\u00e9 nahr\u00e1t t\u00e9ma pomoc\u00ed FTP. Je-li nahr\u00e1v\u00e1n\u00ed pomoc\u00ed FTP, nahr\u00e1t ji na wp obsahu &gt;&gt; t\u00e9mata adres\u00e1\u0159e a to \u2019 ll za\u010d\u00edt zobrazov\u00e1n\u00ed na WordPress admin t\u00e9mata, lze ji aktivovat odtud.<\/p>\n<h4 class=\"joomla\">P\u0159id\u00e1v\u00e1n\u00ed widget\u016f<\/h4>\n<p class=\"wordpress\">M\u016f\u017eete p\u0159idat po\u017eadovan\u00e9 widgety do oblast\u00ed dostupn\u00fdch widget vzhled &gt;&gt; widgety z va\u0161eho WordPress admin.<\/p>\n<h4 class=\"joomla\">Konfigurace horizont\u00e1ln\u00ed Menu<\/h4>\n<p class=\"wordpress\">Na vytv\u00e1\u0159en\u00ed str\u00e1nek ze str\u00e1nek &gt;&gt; p\u0159idat nov\u00fd to by automaticky za\u010dnou zobrazovat v \u0159\u00e1dku nab\u00eddek, M\u016f\u017eete tak\u00e9 pou\u017e\u00edt vlastn\u00ed nab\u00eddku od vzhledu &gt;&gt; menu.<\/p>\n<h4 class=\"joomla\">Konfigurace postrann\u00edho panelu(vertik\u00e1ln\u00ed) Nab\u00eddka<\/h4>\n<p class=\"wordpress\">P\u0159ej\u00edt na Appearance-&gt; Widgets, P\u0159eta\u017een\u00ed \u201cVlastn\u00ed Menu\u201d Widget vlevo nebo vpravo sidebar widgetu oblasti, konfiguraci mo\u017enost\u00ed a klepn\u011bte na tla\u010d\u00edtko ulo\u017eit.<\/p>\n<h4 class=\"joomla\">Editace obsahu m\u0159\u00ed\u017eky rozvr\u017een\u00ed<\/h4>\n<p class=\"wordpress\">M\u0159\u00ed\u017eka rozlo\u017een\u00ed obsahu lze upravovat od Vzhled -&gt; Klikn\u011bte na \u201avzhled Podrobnosti\u2019 -&gt; Mo\u017enosti motivu -&gt; Post \/ Obsah -&gt; editovat \u201aPo\u010det Nejlep\u0161\u00ed p\u0159\u00edsp\u011bvky\u2018 \/\u2018Po\u010det sloupc\u016f\u2019 -&gt; Klikn\u011bte na \u201aSave Options\u2018.<\/p>\n<h4 class=\"joomla\">Pati\u010dka odkazy<\/h4>\n<p class=\"wordpress\">P\u0159ej\u00edt na vzhledu &gt;&gt; widgety &gt;&gt; p\u0159et\u00e1hn\u011bte Text Widget na jeden z dostupn\u00fdch z\u00e1pat\u00ed Widget &gt;&gt; p\u0159idejte po\u017eadovan\u00fd Text a HTML v n\u00ed a zachr\u00e1nit.<\/p>\n<h4 class=\"joomla\">Vytvo\u0159it str\u00e1nky\/p\u0159\u00edsp\u011bvky<\/h4>\n<p class=\"wordpress\">Nyn\u00ed m\u016f\u017eete p\u0159idat nov\u00e9 str\u00e1nky nebo p\u0159\u00edsp\u011bvky a vstup\/z\u00e1pis po\u017eadovan\u00fd obsah\/obr\u00e1zky v nich ze str\u00e1nky a p\u0159\u00edsp\u011bvky odkazy, kter\u00e9 jsou na lev\u00e9 stran\u011b menu v WordPress admin.<\/p>\n<p><a href=\"https:\/\/templatetoaster.com\/wp-content\/uploads\/2017\/10\/Upload_Install_WooCommerce_WordPress_Theme_step1.jpg\"><img loading=\"lazy\" decoding=\"async\" class=\"aligncenter size-large wp-image-3181\" src=\"https:\/\/templatetoaster.com\/wp-content\/uploads\/2017\/10\/Upload_Install_WooCommerce_WordPress_Theme_step1-1024x500.jpg\" alt=\"Upload_Install_WooCommerce_WordPress_Theme_step1\" width=\"900\" height=\"439\" srcset=\"https:\/\/templatetoaster.com\/wp-content\/uploads\/2017\/10\/Upload_Install_WooCommerce_WordPress_Theme_step1-1024x500.jpg 1024w, https:\/\/templatetoaster.com\/wp-content\/uploads\/2017\/10\/Upload_Install_WooCommerce_WordPress_Theme_step1-1000x489.jpg 1000w, https:\/\/templatetoaster.com\/wp-content\/uploads\/2017\/10\/Upload_Install_WooCommerce_WordPress_Theme_step1-300x147.jpg 300w, https:\/\/templatetoaster.com\/wp-content\/uploads\/2017\/10\/Upload_Install_WooCommerce_WordPress_Theme_step1.jpg 1349w\" sizes=\"(max-width: 900px) 100vw, 900px\" \/><\/a><\/p>\n<p><a href=\"https:\/\/templatetoaster.com\/wp-content\/uploads\/2017\/10\/Upload_Install_WooCommerce_WordPress_Theme_step2.jpg\"><img loading=\"lazy\" decoding=\"async\" class=\"aligncenter size-large wp-image-3182\" src=\"https:\/\/templatetoaster.com\/wp-content\/uploads\/2017\/10\/Upload_Install_WooCommerce_WordPress_Theme_step2-1024x500.jpg\" alt=\"Upload_Install_WooCommerce_WordPress_Theme_step2\" width=\"900\" height=\"439\" srcset=\"https:\/\/templatetoaster.com\/wp-content\/uploads\/2017\/10\/Upload_Install_WooCommerce_WordPress_Theme_step2-1024x500.jpg 1024w, https:\/\/templatetoaster.com\/wp-content\/uploads\/2017\/10\/Upload_Install_WooCommerce_WordPress_Theme_step2-1000x489.jpg 1000w, https:\/\/templatetoaster.com\/wp-content\/uploads\/2017\/10\/Upload_Install_WooCommerce_WordPress_Theme_step2-300x147.jpg 300w, https:\/\/templatetoaster.com\/wp-content\/uploads\/2017\/10\/Upload_Install_WooCommerce_WordPress_Theme_step2.jpg 1349w\" sizes=\"(max-width: 900px) 100vw, 900px\" \/><\/a><\/p>\n<p><a href=\"https:\/\/templatetoaster.com\/wp-content\/uploads\/2017\/10\/Upload_Install_WooCommerce_WordPress_Theme_step3.jpg\"><img loading=\"lazy\" decoding=\"async\" class=\"aligncenter size-large wp-image-3183\" src=\"https:\/\/templatetoaster.com\/wp-content\/uploads\/2017\/10\/Upload_Install_WooCommerce_WordPress_Theme_step3-1024x500.jpg\" alt=\"Upload_Install_WooCommerce_WordPress_Theme_step3\" width=\"900\" height=\"439\" srcset=\"https:\/\/templatetoaster.com\/wp-content\/uploads\/2017\/10\/Upload_Install_WooCommerce_WordPress_Theme_step3-1024x500.jpg 1024w, https:\/\/templatetoaster.com\/wp-content\/uploads\/2017\/10\/Upload_Install_WooCommerce_WordPress_Theme_step3-1000x489.jpg 1000w, https:\/\/templatetoaster.com\/wp-content\/uploads\/2017\/10\/Upload_Install_WooCommerce_WordPress_Theme_step3-300x147.jpg 300w, https:\/\/templatetoaster.com\/wp-content\/uploads\/2017\/10\/Upload_Install_WooCommerce_WordPress_Theme_step3.jpg 1349w\" sizes=\"(max-width: 900px) 100vw, 900px\" \/><\/a><\/p>\n<p><a href=\"https:\/\/templatetoaster.com\/wp-content\/uploads\/2017\/10\/Upload_Install_WooCommerce_WordPress_Theme_step4.jpg\"><img loading=\"lazy\" decoding=\"async\" class=\"aligncenter size-large wp-image-3184\" src=\"https:\/\/templatetoaster.com\/wp-content\/uploads\/2017\/10\/Upload_Install_WooCommerce_WordPress_Theme_step4-1024x500.jpg\" alt=\"Upload_Install_WooCommerce_WordPress_Theme_step4\" width=\"900\" height=\"439\" srcset=\"https:\/\/templatetoaster.com\/wp-content\/uploads\/2017\/10\/Upload_Install_WooCommerce_WordPress_Theme_step4-1024x500.jpg 1024w, https:\/\/templatetoaster.com\/wp-content\/uploads\/2017\/10\/Upload_Install_WooCommerce_WordPress_Theme_step4-1000x489.jpg 1000w, https:\/\/templatetoaster.com\/wp-content\/uploads\/2017\/10\/Upload_Install_WooCommerce_WordPress_Theme_step4-300x147.jpg 300w, https:\/\/templatetoaster.com\/wp-content\/uploads\/2017\/10\/Upload_Install_WooCommerce_WordPress_Theme_step4.jpg 1349w\" sizes=\"(max-width: 900px) 100vw, 900px\" \/><\/a><\/p>\n<p><a href=\"https:\/\/templatetoaster.com\/wp-content\/uploads\/2017\/10\/Upload_Install_WooCommerce_WordPress_Theme_step5.jpg\"><img loading=\"lazy\" decoding=\"async\" class=\"aligncenter size-large wp-image-3185\" src=\"https:\/\/templatetoaster.com\/wp-content\/uploads\/2017\/10\/Upload_Install_WooCommerce_WordPress_Theme_step5-1024x500.jpg\" alt=\"Upload_Install_WooCommerce_WordPress_Theme_step5\" width=\"900\" height=\"439\" srcset=\"https:\/\/templatetoaster.com\/wp-content\/uploads\/2017\/10\/Upload_Install_WooCommerce_WordPress_Theme_step5-1024x500.jpg 1024w, https:\/\/templatetoaster.com\/wp-content\/uploads\/2017\/10\/Upload_Install_WooCommerce_WordPress_Theme_step5-1000x489.jpg 1000w, https:\/\/templatetoaster.com\/wp-content\/uploads\/2017\/10\/Upload_Install_WooCommerce_WordPress_Theme_step5-300x147.jpg 300w, https:\/\/templatetoaster.com\/wp-content\/uploads\/2017\/10\/Upload_Install_WooCommerce_WordPress_Theme_step5.jpg 1349w\" sizes=\"(max-width: 900px) 100vw, 900px\" \/><\/a><\/p>\n<p><a href=\"https:\/\/templatetoaster.com\/wp-content\/uploads\/2017\/10\/Upload_Install_WooCommerce_WordPress_Theme_step6.jpg\"><img loading=\"lazy\" decoding=\"async\" class=\"aligncenter size-large wp-image-3186\" src=\"https:\/\/templatetoaster.com\/wp-content\/uploads\/2017\/10\/Upload_Install_WooCommerce_WordPress_Theme_step6-1024x494.jpg\" alt=\"Upload_Install_WooCommerce_WordPress_Theme_step6\" width=\"900\" height=\"434\" srcset=\"https:\/\/templatetoaster.com\/wp-content\/uploads\/2017\/10\/Upload_Install_WooCommerce_WordPress_Theme_step6-1024x494.jpg 1024w, https:\/\/templatetoaster.com\/wp-content\/uploads\/2017\/10\/Upload_Install_WooCommerce_WordPress_Theme_step6-1000x482.jpg 1000w, https:\/\/templatetoaster.com\/wp-content\/uploads\/2017\/10\/Upload_Install_WooCommerce_WordPress_Theme_step6-300x145.jpg 300w, https:\/\/templatetoaster.com\/wp-content\/uploads\/2017\/10\/Upload_Install_WooCommerce_WordPress_Theme_step6.jpg 1366w\" sizes=\"(max-width: 900px) 100vw, 900px\" \/><\/a><\/p>\n<p><a href=\"https:\/\/templatetoaster.com\/wp-content\/uploads\/2017\/10\/Upload_Install_WooCommerce_WordPress_Theme_step7.jpg\"><img loading=\"lazy\" decoding=\"async\" class=\"aligncenter size-large wp-image-3187\" src=\"https:\/\/templatetoaster.com\/wp-content\/uploads\/2017\/10\/Upload_Install_WooCommerce_WordPress_Theme_step7-1024x500.jpg\" alt=\"Upload_Install_WooCommerce_WordPress_Theme_step7\" width=\"900\" height=\"439\" srcset=\"https:\/\/templatetoaster.com\/wp-content\/uploads\/2017\/10\/Upload_Install_WooCommerce_WordPress_Theme_step7-1024x500.jpg 1024w, https:\/\/templatetoaster.com\/wp-content\/uploads\/2017\/10\/Upload_Install_WooCommerce_WordPress_Theme_step7-1000x489.jpg 1000w, https:\/\/templatetoaster.com\/wp-content\/uploads\/2017\/10\/Upload_Install_WooCommerce_WordPress_Theme_step7-300x147.jpg 300w, https:\/\/templatetoaster.com\/wp-content\/uploads\/2017\/10\/Upload_Install_WooCommerce_WordPress_Theme_step7.jpg 1349w\" sizes=\"(max-width: 900px) 100vw, 900px\" \/><\/a><\/p>\n<\/div>\n","protected":false},"excerpt":{"rendered":"<p>Jak nahr\u00e1t instalace a konfigurace WordPress T\u00e9mata &nbsp; Jak vytvo\u0159it WordPress t\u00e9ma v TemplateToaster Jak nahr\u00e1t TemplateToaster generovan\u00e9 t\u00e9ma na WordPress &nbsp; Vytvo\u0159en\u00ed a export WordPress t\u00e9mata Spus\u0165te TemplateToaster a zvolte WordPress, Nyn\u00ed m\u016f\u017eete za\u010d\u00edt navrhovat \u00fapln\u011b od za\u010d\u00e1tku, nebo &hellip; <a href=\"https:\/\/templatetoaster.com\/cs\/wordpress\">Continue Reading<span class=\"meta-nav\">&rarr;<\/span><\/a><\/p>\n","protected":false},"author":13434,"featured_media":0,"parent":0,"menu_order":0,"comment_status":"closed","ping_status":"closed","template":"PageTemplate1.php","meta":{"footnotes":""},"yoast_head":"<!-- This site is optimized with the Yoast SEO plugin v23.5 - https:\/\/yoast.com\/wordpress\/plugins\/seo\/ -->\n<title>Jak nahr\u00e1t a nainstalovat t\u00e9mata aplikace WordPress - TemplateToaster<\/title>\n<meta name=\"description\" content=\"Jak nahr\u00e1t instalaci a konfiguraci motiv\u016f WordPress\" \/>\n<meta name=\"robots\" content=\"index, follow, max-snippet:-1, max-image-preview:large, max-video-preview:-1\" \/>\n<link rel=\"canonical\" href=\"https:\/\/templatetoaster.com\/cs\/wordpress\" \/>\n<meta property=\"og:locale\" content=\"cs_CZ\" \/>\n<meta property=\"og:type\" content=\"article\" \/>\n<meta property=\"og:title\" content=\"Jak nahr\u00e1t a nainstalovat t\u00e9mata aplikace WordPress - TemplateToaster\" \/>\n<meta property=\"og:description\" content=\"Jak nahr\u00e1t instalaci a konfiguraci motiv\u016f WordPress\" \/>\n<meta property=\"og:url\" content=\"https:\/\/templatetoaster.com\/cs\/wordpress\" \/>\n<meta property=\"og:site_name\" content=\"TemplateToaster\" \/>\n<meta property=\"article:publisher\" content=\"https:\/\/www.facebook.com\/TemplateToaster\" \/>\n<meta property=\"article:modified_time\" content=\"2019-08-13T11:42:05+00:00\" \/>\n<meta property=\"og:image\" content=\"https:\/\/templatetoaster.com\/wp-content\/uploads\/2018\/02\/youtube.png\" \/>\n<meta name=\"twitter:card\" content=\"summary_large_image\" \/>\n<meta name=\"twitter:site\" content=\"@templatetoaster\" \/>\n<meta name=\"twitter:label1\" content=\"Odhadovan\u00e1 doba \u010dten\u00ed\" \/>\n\t<meta name=\"twitter:data1\" content=\"2 minuty\" \/>\n<script type=\"application\/ld+json\" class=\"yoast-schema-graph\">{\"@context\":\"https:\/\/schema.org\",\"@graph\":[{\"@type\":\"WebPage\",\"@id\":\"https:\/\/templatetoaster.com\/cs\/wordpress\",\"url\":\"https:\/\/templatetoaster.com\/cs\/wordpress\",\"name\":\"Jak nahr\u00e1t a nainstalovat t\u00e9mata aplikace WordPress - TemplateToaster\",\"isPartOf\":{\"@id\":\"https:\/\/templatetoaster.com\/#website\"},\"primaryImageOfPage\":{\"@id\":\"https:\/\/templatetoaster.com\/cs\/wordpress#primaryimage\"},\"image\":{\"@id\":\"https:\/\/templatetoaster.com\/cs\/wordpress#primaryimage\"},\"thumbnailUrl\":\"https:\/\/templatetoaster.com\/wp-content\/uploads\/2018\/02\/youtube.png\",\"datePublished\":\"2018-04-14T06:12:51+00:00\",\"dateModified\":\"2019-08-13T11:42:05+00:00\",\"description\":\"Jak nahr\u00e1t instalaci a konfiguraci motiv\u016f WordPress\",\"breadcrumb\":{\"@id\":\"https:\/\/templatetoaster.com\/cs\/wordpress#breadcrumb\"},\"inLanguage\":\"cs\",\"potentialAction\":[{\"@type\":\"ReadAction\",\"target\":[\"https:\/\/templatetoaster.com\/cs\/wordpress\"]}]},{\"@type\":\"ImageObject\",\"inLanguage\":\"cs\",\"@id\":\"https:\/\/templatetoaster.com\/cs\/wordpress#primaryimage\",\"url\":\"https:\/\/templatetoaster.com\/wp-content\/uploads\/2018\/02\/youtube.png\",\"contentUrl\":\"https:\/\/templatetoaster.com\/wp-content\/uploads\/2018\/02\/youtube.png\"},{\"@type\":\"BreadcrumbList\",\"@id\":\"https:\/\/templatetoaster.com\/cs\/wordpress#breadcrumb\",\"itemListElement\":[{\"@type\":\"ListItem\",\"position\":1,\"name\":\"Home\",\"item\":\"https:\/\/templatetoaster.com\/cs\"},{\"@type\":\"ListItem\",\"position\":2,\"name\":\"Jak nahr\u00e1t a nainstalovat t\u00e9mata aplikace WordPress\"}]},{\"@type\":\"WebSite\",\"@id\":\"https:\/\/templatetoaster.com\/#website\",\"url\":\"https:\/\/templatetoaster.com\/\",\"name\":\"TemplateToaster\",\"description\":\"\",\"publisher\":{\"@id\":\"https:\/\/templatetoaster.com\/#organization\"},\"inLanguage\":\"cs\"},{\"@type\":\"Organization\",\"@id\":\"https:\/\/templatetoaster.com\/#organization\",\"name\":\"TemplateToaster\",\"url\":\"https:\/\/templatetoaster.com\/\",\"logo\":{\"@type\":\"ImageObject\",\"inLanguage\":\"cs\",\"@id\":\"https:\/\/templatetoaster.com\/#\/schema\/logo\/image\/\",\"url\":\"https:\/\/templatetoaster.com\/wp-content\/uploads\/2019\/11\/TemplateToaster_Logo.jpg\",\"contentUrl\":\"https:\/\/templatetoaster.com\/wp-content\/uploads\/2019\/11\/TemplateToaster_Logo.jpg\",\"width\":85,\"height\":85,\"caption\":\"TemplateToaster\"},\"image\":{\"@id\":\"https:\/\/templatetoaster.com\/#\/schema\/logo\/image\/\"},\"sameAs\":[\"https:\/\/www.facebook.com\/TemplateToaster\",\"https:\/\/x.com\/templatetoaster\",\"https:\/\/www.instagram.com\/templatetoaster\/\",\"https:\/\/www.linkedin.com\/company\/templatetoaster\/\",\"https:\/\/www.pinterest.com\/templatetoaster\/\",\"https:\/\/www.youtube.com\/@TemplateToaster\"]}]}<\/script>\n<!-- \/ Yoast SEO plugin. -->","yoast_head_json":{"title":"Jak nahr\u00e1t a nainstalovat t\u00e9mata aplikace WordPress - TemplateToaster","description":"Jak nahr\u00e1t instalaci a konfiguraci motiv\u016f WordPress","robots":{"index":"index","follow":"follow","max-snippet":"max-snippet:-1","max-image-preview":"max-image-preview:large","max-video-preview":"max-video-preview:-1"},"canonical":"https:\/\/templatetoaster.com\/cs\/wordpress","og_locale":"cs_CZ","og_type":"article","og_title":"Jak nahr\u00e1t a nainstalovat t\u00e9mata aplikace WordPress - TemplateToaster","og_description":"Jak nahr\u00e1t instalaci a konfiguraci motiv\u016f WordPress","og_url":"https:\/\/templatetoaster.com\/cs\/wordpress","og_site_name":"TemplateToaster","article_publisher":"https:\/\/www.facebook.com\/TemplateToaster","article_modified_time":"2019-08-13T11:42:05+00:00","og_image":[{"url":"https:\/\/templatetoaster.com\/wp-content\/uploads\/2018\/02\/youtube.png"}],"twitter_card":"summary_large_image","twitter_site":"@templatetoaster","twitter_misc":{"Odhadovan\u00e1 doba \u010dten\u00ed":"2 minuty"},"schema":{"@context":"https:\/\/schema.org","@graph":[{"@type":"WebPage","@id":"https:\/\/templatetoaster.com\/cs\/wordpress","url":"https:\/\/templatetoaster.com\/cs\/wordpress","name":"Jak nahr\u00e1t a nainstalovat t\u00e9mata aplikace WordPress - TemplateToaster","isPartOf":{"@id":"https:\/\/templatetoaster.com\/#website"},"primaryImageOfPage":{"@id":"https:\/\/templatetoaster.com\/cs\/wordpress#primaryimage"},"image":{"@id":"https:\/\/templatetoaster.com\/cs\/wordpress#primaryimage"},"thumbnailUrl":"https:\/\/templatetoaster.com\/wp-content\/uploads\/2018\/02\/youtube.png","datePublished":"2018-04-14T06:12:51+00:00","dateModified":"2019-08-13T11:42:05+00:00","description":"Jak nahr\u00e1t instalaci a konfiguraci motiv\u016f WordPress","breadcrumb":{"@id":"https:\/\/templatetoaster.com\/cs\/wordpress#breadcrumb"},"inLanguage":"cs","potentialAction":[{"@type":"ReadAction","target":["https:\/\/templatetoaster.com\/cs\/wordpress"]}]},{"@type":"ImageObject","inLanguage":"cs","@id":"https:\/\/templatetoaster.com\/cs\/wordpress#primaryimage","url":"https:\/\/templatetoaster.com\/wp-content\/uploads\/2018\/02\/youtube.png","contentUrl":"https:\/\/templatetoaster.com\/wp-content\/uploads\/2018\/02\/youtube.png"},{"@type":"BreadcrumbList","@id":"https:\/\/templatetoaster.com\/cs\/wordpress#breadcrumb","itemListElement":[{"@type":"ListItem","position":1,"name":"Home","item":"https:\/\/templatetoaster.com\/cs"},{"@type":"ListItem","position":2,"name":"Jak nahr\u00e1t a nainstalovat t\u00e9mata aplikace WordPress"}]},{"@type":"WebSite","@id":"https:\/\/templatetoaster.com\/#website","url":"https:\/\/templatetoaster.com\/","name":"TemplateToaster","description":"","publisher":{"@id":"https:\/\/templatetoaster.com\/#organization"},"inLanguage":"cs"},{"@type":"Organization","@id":"https:\/\/templatetoaster.com\/#organization","name":"TemplateToaster","url":"https:\/\/templatetoaster.com\/","logo":{"@type":"ImageObject","inLanguage":"cs","@id":"https:\/\/templatetoaster.com\/#\/schema\/logo\/image\/","url":"https:\/\/templatetoaster.com\/wp-content\/uploads\/2019\/11\/TemplateToaster_Logo.jpg","contentUrl":"https:\/\/templatetoaster.com\/wp-content\/uploads\/2019\/11\/TemplateToaster_Logo.jpg","width":85,"height":85,"caption":"TemplateToaster"},"image":{"@id":"https:\/\/templatetoaster.com\/#\/schema\/logo\/image\/"},"sameAs":["https:\/\/www.facebook.com\/TemplateToaster","https:\/\/x.com\/templatetoaster","https:\/\/www.instagram.com\/templatetoaster\/","https:\/\/www.linkedin.com\/company\/templatetoaster\/","https:\/\/www.pinterest.com\/templatetoaster\/","https:\/\/www.youtube.com\/@TemplateToaster"]}]}},"_links":{"self":[{"href":"https:\/\/templatetoaster.com\/cs\/wp-json\/wp\/v2\/pages\/4381"}],"collection":[{"href":"https:\/\/templatetoaster.com\/cs\/wp-json\/wp\/v2\/pages"}],"about":[{"href":"https:\/\/templatetoaster.com\/cs\/wp-json\/wp\/v2\/types\/page"}],"author":[{"embeddable":true,"href":"https:\/\/templatetoaster.com\/cs\/wp-json\/wp\/v2\/users\/13434"}],"replies":[{"embeddable":true,"href":"https:\/\/templatetoaster.com\/cs\/wp-json\/wp\/v2\/comments?post=4381"}],"version-history":[{"count":4,"href":"https:\/\/templatetoaster.com\/cs\/wp-json\/wp\/v2\/pages\/4381\/revisions"}],"predecessor-version":[{"id":64443,"href":"https:\/\/templatetoaster.com\/cs\/wp-json\/wp\/v2\/pages\/4381\/revisions\/64443"}],"wp:attachment":[{"href":"https:\/\/templatetoaster.com\/cs\/wp-json\/wp\/v2\/media?parent=4381"}],"curies":[{"name":"wp","href":"https:\/\/api.w.org\/{rel}","templated":true}]}}