{"id":4369,"date":"2018-04-14T05:56:25","date_gmt":"2018-04-14T05:56:25","guid":{"rendered":"http:\/\/templatetoaster.com?page_id=4369"},"modified":"2019-08-13T07:43:54","modified_gmt":"2019-08-13T07:43:54","slug":"woocommerce","status":"publish","type":"page","link":"https:\/\/templatetoaster.com\/cs\/woocommerce","title":{"rendered":"Jak nahr\u00e1t a nainstalovat motivy na WooCommerce"},"content":{"rendered":"<div class=\"tt_documentation_instruction_row row\">\n<h1 class=\"heading_border\" style=\"background-size: 518px 1px;\">Jak nahr\u00e1t instalace a konfigurace TemplateToaster t\u00e9mat pro WooCommerce<\/h1>\n<div class=\"demo_row1 even row\">\n<div class=\"row\">\n<div class=\"col-md-6 col-sm-6 col-xs-12\">\n<div class=\"vedio_bg\">\n<div class=\"tt_video_modal\"><a href=\"https:\/\/youtu.be\/wiikegBEAgU\" data-toggle=\"lightbox\" data-gallery=\"youtubevideos\" data-title=\"How to Create WooCommerce Theme in TemplateToaster\"><img decoding=\"async\" src=\"https:\/\/templatetoaster.com\/wp-content\/uploads\/2018\/02\/youtube.png\" \/><\/a><\/p>\n<div class=\"video-content\">\n<h3>Jak vytvo\u0159it WooCommerce t\u00e9ma v TemplateToaster<\/h3>\n<\/div>\n<\/div>\n<\/div>\n<\/div>\n<div class=\"col-md-6 col-sm-6 col-xs-12\">\n<div class=\"vedio_bg\">\n<div class=\"tt_video_modal\"><a href=\"https:\/\/youtu.be\/gq4hwQ50U0Q\" data-toggle=\"lightbox\" data-gallery=\"youtubevideos\" data-title=\"How to Upload TemplateToaster generated Theme on WooCommerce\"><img decoding=\"async\" src=\"https:\/\/templatetoaster.com\/wp-content\/uploads\/2018\/02\/youtube.png\" \/><\/a><\/p>\n<div class=\"video-content\">\n<h3>Jak nahr\u00e1t TemplateToaster generovan\u00e9 t\u00e9ma na WooCommerce<\/h3>\n<\/div>\n<\/div>\n<\/div>\n<\/div>\n<div class=\"clearfix visible-lg-block visible-md-block\"><\/div>\n<\/div>\n<\/div>\n<div class=\"basic\">\n<div class=\"basic-step\">\n<ol>\n<li> P\u0159ej\u00edt na WordPress palubn\u00ed desce -&gt; Vzhled -&gt; Motivy -&gt; P\u0159idat nov\u00fd -&gt; P\u0159idat t\u00e9ma -&gt; Proch\u00e1zet a vyberte slo\u017eku na zip t\u00e9ma -&gt; Instalovat.<\/li>\n<li> Pot\u00e9, co toto t\u00e9ma je \u00fasp\u011b\u0161n\u011b nainstalov\u00e1n, Aktivace se zobraz\u00ed str\u00e1nka -&gt; Klikn\u011bte na Aktivovat.<\/li>\n<li>Nebo j\u00edt na Vzhled -&gt; Motivy -&gt; naj\u00edt nainstalovan\u00e9 t\u00e9ma -&gt; Klepn\u011bte na Aktivovat. <\/li>\n<\/ol>\n<p><a href=\"https:\/\/templatetoaster.com\/wp-content\/uploads\/2017\/10\/Upload_Install_WooCommerce_WordPress_Theme_step1.jpg\"><img loading=\"lazy\" decoding=\"async\" class=\"aligncenter size-large wp-image-3181\" src=\"https:\/\/templatetoaster.com\/wp-content\/uploads\/2017\/10\/Upload_Install_WooCommerce_WordPress_Theme_step1-1024x500.jpg\" alt=\"Upload_Install_WooCommerce_WordPress_Theme_step1\" width=\"900\" height=\"439\" srcset=\"https:\/\/templatetoaster.com\/wp-content\/uploads\/2017\/10\/Upload_Install_WooCommerce_WordPress_Theme_step1-1024x500.jpg 1024w, https:\/\/templatetoaster.com\/wp-content\/uploads\/2017\/10\/Upload_Install_WooCommerce_WordPress_Theme_step1-1000x489.jpg 1000w, https:\/\/templatetoaster.com\/wp-content\/uploads\/2017\/10\/Upload_Install_WooCommerce_WordPress_Theme_step1-300x147.jpg 300w, https:\/\/templatetoaster.com\/wp-content\/uploads\/2017\/10\/Upload_Install_WooCommerce_WordPress_Theme_step1.jpg 1349w\" sizes=\"(max-width: 900px) 100vw, 900px\" \/><\/a><\/p>\n<p><a href=\"https:\/\/templatetoaster.com\/wp-content\/uploads\/2017\/10\/Upload_Install_WooCommerce_WordPress_Theme_step2.jpg\"><img loading=\"lazy\" decoding=\"async\" class=\"aligncenter size-large wp-image-3182\" src=\"https:\/\/templatetoaster.com\/wp-content\/uploads\/2017\/10\/Upload_Install_WooCommerce_WordPress_Theme_step2-1024x500.jpg\" alt=\"Upload_Install_WooCommerce_WordPress_Theme_step2\" width=\"900\" height=\"439\" srcset=\"https:\/\/templatetoaster.com\/wp-content\/uploads\/2017\/10\/Upload_Install_WooCommerce_WordPress_Theme_step2-1024x500.jpg 1024w, https:\/\/templatetoaster.com\/wp-content\/uploads\/2017\/10\/Upload_Install_WooCommerce_WordPress_Theme_step2-1000x489.jpg 1000w, https:\/\/templatetoaster.com\/wp-content\/uploads\/2017\/10\/Upload_Install_WooCommerce_WordPress_Theme_step2-300x147.jpg 300w, https:\/\/templatetoaster.com\/wp-content\/uploads\/2017\/10\/Upload_Install_WooCommerce_WordPress_Theme_step2.jpg 1349w\" sizes=\"(max-width: 900px) 100vw, 900px\" \/><\/a><\/p>\n<p><a href=\"https:\/\/templatetoaster.com\/wp-content\/uploads\/2017\/10\/Upload_Install_WooCommerce_WordPress_Theme_step3.jpg\"><img loading=\"lazy\" decoding=\"async\" class=\"aligncenter size-large wp-image-3183\" src=\"https:\/\/templatetoaster.com\/wp-content\/uploads\/2017\/10\/Upload_Install_WooCommerce_WordPress_Theme_step3-1024x500.jpg\" alt=\"Upload_Install_WooCommerce_WordPress_Theme_step3\" width=\"900\" height=\"439\" srcset=\"https:\/\/templatetoaster.com\/wp-content\/uploads\/2017\/10\/Upload_Install_WooCommerce_WordPress_Theme_step3-1024x500.jpg 1024w, https:\/\/templatetoaster.com\/wp-content\/uploads\/2017\/10\/Upload_Install_WooCommerce_WordPress_Theme_step3-1000x489.jpg 1000w, https:\/\/templatetoaster.com\/wp-content\/uploads\/2017\/10\/Upload_Install_WooCommerce_WordPress_Theme_step3-300x147.jpg 300w, https:\/\/templatetoaster.com\/wp-content\/uploads\/2017\/10\/Upload_Install_WooCommerce_WordPress_Theme_step3.jpg 1349w\" sizes=\"(max-width: 900px) 100vw, 900px\" \/><\/a><\/p>\n<p><a href=\"https:\/\/templatetoaster.com\/wp-content\/uploads\/2017\/10\/Upload_Install_WooCommerce_WordPress_Theme_step4.jpg\"><img loading=\"lazy\" decoding=\"async\" class=\"aligncenter size-large wp-image-3184\" src=\"https:\/\/templatetoaster.com\/wp-content\/uploads\/2017\/10\/Upload_Install_WooCommerce_WordPress_Theme_step4-1024x500.jpg\" alt=\"Upload_Install_WooCommerce_WordPress_Theme_step4\" width=\"900\" height=\"439\" srcset=\"https:\/\/templatetoaster.com\/wp-content\/uploads\/2017\/10\/Upload_Install_WooCommerce_WordPress_Theme_step4-1024x500.jpg 1024w, https:\/\/templatetoaster.com\/wp-content\/uploads\/2017\/10\/Upload_Install_WooCommerce_WordPress_Theme_step4-1000x489.jpg 1000w, https:\/\/templatetoaster.com\/wp-content\/uploads\/2017\/10\/Upload_Install_WooCommerce_WordPress_Theme_step4-300x147.jpg 300w, https:\/\/templatetoaster.com\/wp-content\/uploads\/2017\/10\/Upload_Install_WooCommerce_WordPress_Theme_step4.jpg 1349w\" sizes=\"(max-width: 900px) 100vw, 900px\" \/><\/a><\/p>\n<p><a href=\"https:\/\/templatetoaster.com\/wp-content\/uploads\/2017\/10\/Upload_Install_WooCommerce_WordPress_Theme_step5.jpg\"><img loading=\"lazy\" decoding=\"async\" class=\"aligncenter size-large wp-image-3185\" src=\"https:\/\/templatetoaster.com\/wp-content\/uploads\/2017\/10\/Upload_Install_WooCommerce_WordPress_Theme_step5-1024x500.jpg\" alt=\"Upload_Install_WooCommerce_WordPress_Theme_step5\" width=\"900\" height=\"439\" srcset=\"https:\/\/templatetoaster.com\/wp-content\/uploads\/2017\/10\/Upload_Install_WooCommerce_WordPress_Theme_step5-1024x500.jpg 1024w, https:\/\/templatetoaster.com\/wp-content\/uploads\/2017\/10\/Upload_Install_WooCommerce_WordPress_Theme_step5-1000x489.jpg 1000w, https:\/\/templatetoaster.com\/wp-content\/uploads\/2017\/10\/Upload_Install_WooCommerce_WordPress_Theme_step5-300x147.jpg 300w, https:\/\/templatetoaster.com\/wp-content\/uploads\/2017\/10\/Upload_Install_WooCommerce_WordPress_Theme_step5.jpg 1349w\" sizes=\"(max-width: 900px) 100vw, 900px\" \/><\/a><\/p>\n<p><a href=\"https:\/\/templatetoaster.com\/wp-content\/uploads\/2017\/10\/Upload_Install_WooCommerce_WordPress_Theme_step6.jpg\"><img loading=\"lazy\" decoding=\"async\" class=\"aligncenter size-large wp-image-3186\" src=\"https:\/\/templatetoaster.com\/wp-content\/uploads\/2017\/10\/Upload_Install_WooCommerce_WordPress_Theme_step6-1024x494.jpg\" alt=\"Upload_Install_WooCommerce_WordPress_Theme_step6\" width=\"900\" height=\"434\" srcset=\"https:\/\/templatetoaster.com\/wp-content\/uploads\/2017\/10\/Upload_Install_WooCommerce_WordPress_Theme_step6-1024x494.jpg 1024w, https:\/\/templatetoaster.com\/wp-content\/uploads\/2017\/10\/Upload_Install_WooCommerce_WordPress_Theme_step6-1000x482.jpg 1000w, https:\/\/templatetoaster.com\/wp-content\/uploads\/2017\/10\/Upload_Install_WooCommerce_WordPress_Theme_step6-300x145.jpg 300w, https:\/\/templatetoaster.com\/wp-content\/uploads\/2017\/10\/Upload_Install_WooCommerce_WordPress_Theme_step6.jpg 1366w\" sizes=\"(max-width: 900px) 100vw, 900px\" \/><\/a><\/p>\n<p><a href=\"https:\/\/templatetoaster.com\/wp-content\/uploads\/2017\/10\/Upload_Install_WooCommerce_WordPress_Theme_step7.jpg\"><img loading=\"lazy\" decoding=\"async\" class=\"aligncenter size-large wp-image-3187\" src=\"https:\/\/templatetoaster.com\/wp-content\/uploads\/2017\/10\/Upload_Install_WooCommerce_WordPress_Theme_step7-1024x500.jpg\" alt=\"Upload_Install_WooCommerce_WordPress_Theme_step7\" width=\"900\" height=\"439\" srcset=\"https:\/\/templatetoaster.com\/wp-content\/uploads\/2017\/10\/Upload_Install_WooCommerce_WordPress_Theme_step7-1024x500.jpg 1024w, https:\/\/templatetoaster.com\/wp-content\/uploads\/2017\/10\/Upload_Install_WooCommerce_WordPress_Theme_step7-1000x489.jpg 1000w, https:\/\/templatetoaster.com\/wp-content\/uploads\/2017\/10\/Upload_Install_WooCommerce_WordPress_Theme_step7-300x147.jpg 300w, https:\/\/templatetoaster.com\/wp-content\/uploads\/2017\/10\/Upload_Install_WooCommerce_WordPress_Theme_step7.jpg 1349w\" sizes=\"(max-width: 900px) 100vw, 900px\" \/><\/a>\n<\/div>\n<\/div>\n<\/div>\n","protected":false},"excerpt":{"rendered":"<p>Jak nahr\u00e1t instalace a konfigurace TemplateToaster t\u00e9mat pro WooCommerce Jak vytvo\u0159it WooCommerce t\u00e9ma v TemplateToaster Jak nahr\u00e1t TemplateToaster generovan\u00e9 t\u00e9ma na WooCommerce P\u0159ej\u00edt na WordPress palubn\u00ed desce -&gt; Vzhled -&gt; Motivy -&gt; P\u0159idat nov\u00fd -&gt; P\u0159idat t\u00e9ma -&gt; Proch\u00e1zet a &hellip; <a href=\"https:\/\/templatetoaster.com\/cs\/woocommerce\">Continue Reading<span class=\"meta-nav\">&rarr;<\/span><\/a><\/p>\n","protected":false},"author":13434,"featured_media":0,"parent":0,"menu_order":0,"comment_status":"closed","ping_status":"closed","template":"PageTemplate1.php","meta":{"footnotes":""},"yoast_head":"<!-- This site is optimized with the Yoast SEO plugin v23.5 - https:\/\/yoast.com\/wordpress\/plugins\/seo\/ -->\n<title>Jak nahr\u00e1t a nainstalovat motivy na WooCommerce - TemplateToaster<\/title>\n<meta name=\"description\" content=\"Jak nainstalovat a konfigurovat t\u00e9mata TemplateToaster na WooCommerce\" \/>\n<meta name=\"robots\" content=\"index, follow, max-snippet:-1, max-image-preview:large, max-video-preview:-1\" \/>\n<link rel=\"canonical\" href=\"https:\/\/templatetoaster.com\/cs\/woocommerce\" \/>\n<meta property=\"og:locale\" content=\"cs_CZ\" \/>\n<meta property=\"og:type\" content=\"article\" \/>\n<meta property=\"og:title\" content=\"Jak nahr\u00e1t a nainstalovat motivy na WooCommerce - TemplateToaster\" \/>\n<meta property=\"og:description\" content=\"Jak nainstalovat a konfigurovat t\u00e9mata TemplateToaster na WooCommerce\" \/>\n<meta property=\"og:url\" content=\"https:\/\/templatetoaster.com\/cs\/woocommerce\" \/>\n<meta property=\"og:site_name\" content=\"TemplateToaster\" \/>\n<meta property=\"article:publisher\" content=\"https:\/\/www.facebook.com\/TemplateToaster\" \/>\n<meta property=\"article:modified_time\" content=\"2019-08-13T07:43:54+00:00\" \/>\n<meta property=\"og:image\" content=\"https:\/\/templatetoaster.com\/wp-content\/uploads\/2018\/02\/youtube.png\" \/>\n<meta name=\"twitter:card\" content=\"summary_large_image\" \/>\n<meta name=\"twitter:site\" content=\"@templatetoaster\" \/>\n<meta name=\"twitter:label1\" content=\"Odhadovan\u00e1 doba \u010dten\u00ed\" \/>\n\t<meta name=\"twitter:data1\" content=\"1 minuta\" \/>\n<script type=\"application\/ld+json\" class=\"yoast-schema-graph\">{\"@context\":\"https:\/\/schema.org\",\"@graph\":[{\"@type\":\"WebPage\",\"@id\":\"https:\/\/templatetoaster.com\/cs\/woocommerce\",\"url\":\"https:\/\/templatetoaster.com\/cs\/woocommerce\",\"name\":\"Jak nahr\u00e1t a nainstalovat motivy na WooCommerce - TemplateToaster\",\"isPartOf\":{\"@id\":\"https:\/\/templatetoaster.com\/#website\"},\"primaryImageOfPage\":{\"@id\":\"https:\/\/templatetoaster.com\/cs\/woocommerce#primaryimage\"},\"image\":{\"@id\":\"https:\/\/templatetoaster.com\/cs\/woocommerce#primaryimage\"},\"thumbnailUrl\":\"https:\/\/templatetoaster.com\/wp-content\/uploads\/2018\/02\/youtube.png\",\"datePublished\":\"2018-04-14T05:56:25+00:00\",\"dateModified\":\"2019-08-13T07:43:54+00:00\",\"description\":\"Jak nainstalovat a konfigurovat t\u00e9mata TemplateToaster na WooCommerce\",\"breadcrumb\":{\"@id\":\"https:\/\/templatetoaster.com\/cs\/woocommerce#breadcrumb\"},\"inLanguage\":\"cs\",\"potentialAction\":[{\"@type\":\"ReadAction\",\"target\":[\"https:\/\/templatetoaster.com\/cs\/woocommerce\"]}]},{\"@type\":\"ImageObject\",\"inLanguage\":\"cs\",\"@id\":\"https:\/\/templatetoaster.com\/cs\/woocommerce#primaryimage\",\"url\":\"https:\/\/templatetoaster.com\/wp-content\/uploads\/2018\/02\/youtube.png\",\"contentUrl\":\"https:\/\/templatetoaster.com\/wp-content\/uploads\/2018\/02\/youtube.png\"},{\"@type\":\"BreadcrumbList\",\"@id\":\"https:\/\/templatetoaster.com\/cs\/woocommerce#breadcrumb\",\"itemListElement\":[{\"@type\":\"ListItem\",\"position\":1,\"name\":\"Home\",\"item\":\"https:\/\/templatetoaster.com\/cs\"},{\"@type\":\"ListItem\",\"position\":2,\"name\":\"Jak nahr\u00e1t a nainstalovat motivy na WooCommerce\"}]},{\"@type\":\"WebSite\",\"@id\":\"https:\/\/templatetoaster.com\/#website\",\"url\":\"https:\/\/templatetoaster.com\/\",\"name\":\"TemplateToaster\",\"description\":\"\",\"publisher\":{\"@id\":\"https:\/\/templatetoaster.com\/#organization\"},\"inLanguage\":\"cs\"},{\"@type\":\"Organization\",\"@id\":\"https:\/\/templatetoaster.com\/#organization\",\"name\":\"TemplateToaster\",\"url\":\"https:\/\/templatetoaster.com\/\",\"logo\":{\"@type\":\"ImageObject\",\"inLanguage\":\"cs\",\"@id\":\"https:\/\/templatetoaster.com\/#\/schema\/logo\/image\/\",\"url\":\"https:\/\/templatetoaster.com\/wp-content\/uploads\/2019\/11\/TemplateToaster_Logo.jpg\",\"contentUrl\":\"https:\/\/templatetoaster.com\/wp-content\/uploads\/2019\/11\/TemplateToaster_Logo.jpg\",\"width\":85,\"height\":85,\"caption\":\"TemplateToaster\"},\"image\":{\"@id\":\"https:\/\/templatetoaster.com\/#\/schema\/logo\/image\/\"},\"sameAs\":[\"https:\/\/www.facebook.com\/TemplateToaster\",\"https:\/\/x.com\/templatetoaster\",\"https:\/\/www.instagram.com\/templatetoaster\/\",\"https:\/\/www.linkedin.com\/company\/templatetoaster\/\",\"https:\/\/www.pinterest.com\/templatetoaster\/\",\"https:\/\/www.youtube.com\/@TemplateToaster\"]}]}<\/script>\n<!-- \/ Yoast SEO plugin. -->","yoast_head_json":{"title":"Jak nahr\u00e1t a nainstalovat motivy na WooCommerce - TemplateToaster","description":"Jak nainstalovat a konfigurovat t\u00e9mata TemplateToaster na WooCommerce","robots":{"index":"index","follow":"follow","max-snippet":"max-snippet:-1","max-image-preview":"max-image-preview:large","max-video-preview":"max-video-preview:-1"},"canonical":"https:\/\/templatetoaster.com\/cs\/woocommerce","og_locale":"cs_CZ","og_type":"article","og_title":"Jak nahr\u00e1t a nainstalovat motivy na WooCommerce - TemplateToaster","og_description":"Jak nainstalovat a konfigurovat t\u00e9mata TemplateToaster na WooCommerce","og_url":"https:\/\/templatetoaster.com\/cs\/woocommerce","og_site_name":"TemplateToaster","article_publisher":"https:\/\/www.facebook.com\/TemplateToaster","article_modified_time":"2019-08-13T07:43:54+00:00","og_image":[{"url":"https:\/\/templatetoaster.com\/wp-content\/uploads\/2018\/02\/youtube.png"}],"twitter_card":"summary_large_image","twitter_site":"@templatetoaster","twitter_misc":{"Odhadovan\u00e1 doba \u010dten\u00ed":"1 minuta"},"schema":{"@context":"https:\/\/schema.org","@graph":[{"@type":"WebPage","@id":"https:\/\/templatetoaster.com\/cs\/woocommerce","url":"https:\/\/templatetoaster.com\/cs\/woocommerce","name":"Jak nahr\u00e1t a nainstalovat motivy na WooCommerce - TemplateToaster","isPartOf":{"@id":"https:\/\/templatetoaster.com\/#website"},"primaryImageOfPage":{"@id":"https:\/\/templatetoaster.com\/cs\/woocommerce#primaryimage"},"image":{"@id":"https:\/\/templatetoaster.com\/cs\/woocommerce#primaryimage"},"thumbnailUrl":"https:\/\/templatetoaster.com\/wp-content\/uploads\/2018\/02\/youtube.png","datePublished":"2018-04-14T05:56:25+00:00","dateModified":"2019-08-13T07:43:54+00:00","description":"Jak nainstalovat a konfigurovat t\u00e9mata TemplateToaster na WooCommerce","breadcrumb":{"@id":"https:\/\/templatetoaster.com\/cs\/woocommerce#breadcrumb"},"inLanguage":"cs","potentialAction":[{"@type":"ReadAction","target":["https:\/\/templatetoaster.com\/cs\/woocommerce"]}]},{"@type":"ImageObject","inLanguage":"cs","@id":"https:\/\/templatetoaster.com\/cs\/woocommerce#primaryimage","url":"https:\/\/templatetoaster.com\/wp-content\/uploads\/2018\/02\/youtube.png","contentUrl":"https:\/\/templatetoaster.com\/wp-content\/uploads\/2018\/02\/youtube.png"},{"@type":"BreadcrumbList","@id":"https:\/\/templatetoaster.com\/cs\/woocommerce#breadcrumb","itemListElement":[{"@type":"ListItem","position":1,"name":"Home","item":"https:\/\/templatetoaster.com\/cs"},{"@type":"ListItem","position":2,"name":"Jak nahr\u00e1t a nainstalovat motivy na WooCommerce"}]},{"@type":"WebSite","@id":"https:\/\/templatetoaster.com\/#website","url":"https:\/\/templatetoaster.com\/","name":"TemplateToaster","description":"","publisher":{"@id":"https:\/\/templatetoaster.com\/#organization"},"inLanguage":"cs"},{"@type":"Organization","@id":"https:\/\/templatetoaster.com\/#organization","name":"TemplateToaster","url":"https:\/\/templatetoaster.com\/","logo":{"@type":"ImageObject","inLanguage":"cs","@id":"https:\/\/templatetoaster.com\/#\/schema\/logo\/image\/","url":"https:\/\/templatetoaster.com\/wp-content\/uploads\/2019\/11\/TemplateToaster_Logo.jpg","contentUrl":"https:\/\/templatetoaster.com\/wp-content\/uploads\/2019\/11\/TemplateToaster_Logo.jpg","width":85,"height":85,"caption":"TemplateToaster"},"image":{"@id":"https:\/\/templatetoaster.com\/#\/schema\/logo\/image\/"},"sameAs":["https:\/\/www.facebook.com\/TemplateToaster","https:\/\/x.com\/templatetoaster","https:\/\/www.instagram.com\/templatetoaster\/","https:\/\/www.linkedin.com\/company\/templatetoaster\/","https:\/\/www.pinterest.com\/templatetoaster\/","https:\/\/www.youtube.com\/@TemplateToaster"]}]}},"_links":{"self":[{"href":"https:\/\/templatetoaster.com\/cs\/wp-json\/wp\/v2\/pages\/4369"}],"collection":[{"href":"https:\/\/templatetoaster.com\/cs\/wp-json\/wp\/v2\/pages"}],"about":[{"href":"https:\/\/templatetoaster.com\/cs\/wp-json\/wp\/v2\/types\/page"}],"author":[{"embeddable":true,"href":"https:\/\/templatetoaster.com\/cs\/wp-json\/wp\/v2\/users\/13434"}],"replies":[{"embeddable":true,"href":"https:\/\/templatetoaster.com\/cs\/wp-json\/wp\/v2\/comments?post=4369"}],"version-history":[{"count":3,"href":"https:\/\/templatetoaster.com\/cs\/wp-json\/wp\/v2\/pages\/4369\/revisions"}],"predecessor-version":[{"id":64375,"href":"https:\/\/templatetoaster.com\/cs\/wp-json\/wp\/v2\/pages\/4369\/revisions\/64375"}],"wp:attachment":[{"href":"https:\/\/templatetoaster.com\/cs\/wp-json\/wp\/v2\/media?parent=4369"}],"curies":[{"name":"wp","href":"https:\/\/api.w.org\/{rel}","templated":true}]}}