{"id":4361,"date":"2018-04-14T05:51:20","date_gmt":"2018-04-14T05:51:20","guid":{"rendered":"http:\/\/templatetoaster.com?page_id=4361"},"modified":"2019-08-19T04:23:33","modified_gmt":"2019-08-19T04:23:33","slug":"magento","status":"publish","type":"page","link":"https:\/\/templatetoaster.com\/cs\/magento","title":{"rendered":"Jak nahr\u00e1t a nainstalovat motivy na Magento"},"content":{"rendered":"<div class=\"tt_documentation_instruction_row row\">\n<h1 class=\"heading_border\" style=\"background-size: 544px 1px;\">Jak nahr\u00e1t instalace a konfigurace TemplateToaster vytvo\u0159en\u00e1 t\u00e9mata t\u00fdkaj\u00edc\u00ed se Magenta<\/h1>\n<div class=\"demo_row1 even row\">\n<h2><span class=\"demo_video_cms\" style=\"background-position: 137px -62px;\"><\/span> Magento 1.9<\/h2>\n<div class=\"row\">\n<div class=\"col-md-6 col-sm-6 col-xs-12\">\n<div class=\"vedio_bg\">\n<div class=\"tt_video_modal\"><a href=\"https:\/\/youtu.be\/tmMFYqDKsrk\" data-toggle=\"lightbox\" data-gallery=\"youtubevideos\" data-title=\"How to Create Magento 1.9 Theme in TemplateToaster\"><img decoding=\"async\" src=\"https:\/\/templatetoaster.com\/wp-content\/uploads\/2018\/02\/youtube.png\" \/><\/a><\/p>\n<div class=\"video-content\">\n<h3>Jak vytvo\u0159it Magento 1.9 T\u00e9ma v TemplateToaster<\/h3>\n<\/div>\n<\/div>\n<\/div>\n<\/div>\n<div class=\"col-md-6 col-sm-6 col-xs-12\">\n<div class=\"vedio_bg\">\n<div class=\"tt_video_modal\"><a href=\"https:\/\/youtu.be\/D6KBdP3kdjg\" data-toggle=\"lightbox\" data-gallery=\"youtubevideos\" data-title=\"How to Upload TemplateToaster generated Theme on Magento 1.9\"><img decoding=\"async\" src=\"https:\/\/templatetoaster.com\/wp-content\/uploads\/2018\/02\/youtube.png\" \/><\/a><\/p>\n<div class=\"video-content\">\n<h3>Jak nahr\u00e1t TemplateToaster generovan\u00e9 Theme Magenta 1.9<\/h3>\n<\/div>\n<\/div>\n<\/div>\n<\/div>\n<div class=\"clearfix visible-lg-block visible-md-block\"><\/div>\n<\/div>\n<\/div>\n<div class=\"demo_row1 even row\">\n<h2><span class=\"demo_video_cms\" style=\"background-position: 137px -62px;\"><\/span> Magento 2.0<\/h2>\n<div class=\"row\">\n<div class=\"col-md-6 col-sm-6 col-xs-12\">\n<div class=\"vedio_bg\">\n<div class=\"tt_video_modal\"><a href=\"https:\/\/youtu.be\/tmMFYqDKsrk\" data-toggle=\"lightbox\" data-gallery=\"youtubevideos\" data-title=\"How to Create Magento 2.0 Theme in TemplateToaster\"><img decoding=\"async\" src=\"https:\/\/templatetoaster.com\/wp-content\/uploads\/2018\/02\/youtube.png\" \/><\/a><\/p>\n<div class=\"video-content\">\n<h3>Jak vytvo\u0159it Magento 2.0 T\u00e9ma v TemplateToaster<\/h3>\n<\/div>\n<\/div>\n<\/div>\n<\/div>\n<div class=\"col-md-6 col-sm-6 col-xs-12\">\n<div class=\"vedio_bg\">\n<div class=\"tt_video_modal\"><a href=\"https:\/\/youtu.be\/yz75jq66vn4\" data-toggle=\"lightbox\" data-gallery=\"youtubevideos\" data-title=\"How to Upload TemplateToaster generated Theme on Magento 2.0\"><img decoding=\"async\" src=\"https:\/\/templatetoaster.com\/wp-content\/uploads\/2018\/02\/youtube.png\" \/><\/a><\/p>\n<div class=\"video-content\">\n<h3>Jak nahr\u00e1t TemplateToaster generovan\u00e9 Theme Magenta 2.0<\/h3>\n<\/div>\n<\/div>\n<\/div>\n<\/div>\n<div class=\"clearfix visible-lg-block visible-md-block\"><\/div>\n<\/div>\n<\/div>\n<div class=\"basic\">\n<div class=\"basic-step\">\n<h3 style=\"margin-bottom: 15px;\"><a href=\"#magento1.9\">Magento p\u0159\u00edru\u010dka pro Magento instalace Theme 1.9<\/a><\/h3>\n<h3 style=\"margin-bottom: 15px;\"><a href=\"#magento2\">Magento p\u0159\u00edru\u010dka pro Magento instalace Theme 2.0<\/a><\/h3>\n<p><a name=\"magento1.9\"><\/a><\/p>\n<h4 style=\"margin: 15px 0px 10px;\">1. Kop\u00edrovat soubory motiv\u016f<\/h4>\n<ol class=\"lower-alpha\">\n<li>Na okna, WAMPP atd. (Pokud chcete nainstalovat Magento motiv na lok\u00e1ln\u00edm PC)<\/li>\n<li>Exportovat motiv jako zip soubor.<\/li>\n<li>Extrahovat zip soubor do ko\u0159enov\u00e9 slo\u017eky Magento.<\/li>\n<li>Na hostingov\u00fd Server (Pokud chcete nainstalovat Magento t\u00e9ma na Hosting serveru)<\/li>\n<li>Exportovat motiv jako slo\u017eku.<\/li>\n<li>Nahr\u00e1t obsah slo\u017eky do ko\u0159enov\u00e9ho adres\u00e1\u0159e Magento. Naleznete n\u00ed\u017ee \u2013 sn\u00edmek obrazovky.<\/li>\n<\/ol>\n<\/div>\n<\/div>\n<div class=\"basic\">\n<div class=\"basic-step\">\n<h4>2. Prove\u010fte n\u00e1sleduj\u00edc\u00ed:<\/h4>\n<ol class=\"lower-alpha\">\n<li>Otev\u0159ete v\u00e1\u0161 Magento administra\u010dn\u00edm panelu a p\u0159ejd\u011bte na syst\u00e9m &gt; sekce n\u00e1vrhu.<\/li>\n<li>Na obrazovce se objevil klepn\u011bte na tla\u010d\u00edtko P\u0159idat nov\u00e9 t\u00e9ma(nebo p\u0159idat n\u00e1vrh zm\u011bnit tla\u010d\u00edtko) v prav\u00e9m horn\u00edm rohu.<\/li>\n<li>Vyberte v poli vlastn\u00ed design nov\u011b nainstalovan\u00fd motiv<\/li>\n<li>Klepn\u011bte na tla\u010d\u00edtko pou\u017e\u00edt zm\u011bny ulo\u017eit<\/li>\n<li> Vytvo\u0159it kategorii jako podkategorie na t\u00e9ma v\u00fdchoz\u00ed kategorie. Mus\u00ed to b\u00fdt neaktivn\u00ed skryta v hlavn\u00ed navigaci. Tato kategorie bude pro &#8222;Domovsk\u00e1 str\u00e1nka produkty&#8220;. Pamatujte si ID t\u00e9to kategorie. Viz obr\u00e1zek n\u00ed\u017ee.<\/li>\n<li>4.Jakmile je vytvo\u0159ena kategorie je dobr\u00e9 p\u0159idat n\u011bkolik v\u00fdrobk\u016f.<\/li>\n<\/ol>\n<p><img decoding=\"async\" class=\"img-responsive center-block\" src=\"https:\/\/templatetoaster.com\/wp-content\/uploads\/2012\/03\/images\/pf\/1.jpg\" alt=\"\" \/><\/p>\n<p><img decoding=\"async\" class=\"img-responsive center-block\" src=\"https:\/\/templatetoaster.com\/wp-content\/uploads\/2012\/03\/images\/pf\/3.jpg\" alt=\"\" \/><\/p>\n<\/div>\n<\/div>\n<div class=\"basic\">\n<div class=\"basic-step\">\n<h3>Upravit domovskou str\u00e1nku<\/h3>\n<p>P\u0159ej\u00edt na CMS -&gt; str\u00e1nky a upravit nebo p\u0159idat Domovsk\u00e1 str\u00e1nka. P\u0159ej\u00edt k obsahu a p\u0159id\u00e1n\u00ed<\/p>\n<pre>{{blokovat typ =\"Katalog\/product_list\" category_id =\"HomeProductsCategoryID\" \u0160ablona =\"CATALOG\/Product\/list.phtml\"}}<\/pre>\n<p>Nezapome\u0148te nahradit \u201cHomeProductsCategoryID\u201d s ID jednoho z vytvo\u0159en\u00fdch kategori\u00ed\n<\/p><\/div>\n<\/div>\n<div class=\"basic\">\n<div class=\"basic-step\">\n<h3 style=\"margin-bottom: 15px;\">P\u0159idat\/vytvo\u0159it statick\u00fd blok (Voliteln\u00e9)<\/h3>\n<ol class=\"decimal\">\n<li>P\u0159ihl\u00e1sit do admin obchod Magento<\/li>\n<li>P\u0159ejd\u011bte do CMS &gt; statick\u00e9 bloky<\/li>\n<li>Klepn\u011bte na tla\u010d\u00edtko P\u0159idat nov\u00fd blok v prav\u00e9m horn\u00edm rohu<\/li>\n<li>Zadejte v\u00e1\u0161 blok blok nadpis<\/li>\n<li>Dejte sv\u016fj blok identifik\u00e1tor, kter\u00e1 bude pou\u017eita k vol\u00e1n\u00ed bloku. Zkontrolujte, zda je identifik\u00e1tor je mal\u00e1 a odd\u011bleny podtr\u017e\u00edtka n\u00e1sledovat Magento je klasifikace tj. your_block_id<\/li>\n<li>Zvolte zobrazen\u00ed \u00falo\u017ei\u0161t\u011b blok pat\u0159\u00ed do. Nechte jako v\u0161echna zobrazen\u00ed \u00falo\u017ei\u0161t\u011b, pokud nem\u00e1te dobr\u00fd d\u016fvod nastavit stav na Enabled<\/li>\n<li>Do pole obsahu HTML.<\/li>\n<li>Klepn\u011bte na tla\u010d\u00edtko Ulo\u017eit nebo ulo\u017eit a d\u00e1le upravit nastaven\u00ed ulo\u017ete.<\/li>\n<\/ol>\n<\/div>\n<\/div>\n<div class=\"basic\">\n<div class=\"basic-step\">\n<h3 style=\"margin-bottom: 15px;\">P\u0159idat blok ve form\u00e1tu xml (Voliteln\u00e9)<\/h3>\n<pre>  \r\n&lt;referen\u010dn\u00ed n\u00e1zev =\"BlockReferenceName\"&gt;\r\n   &lt;blokovat typ =\"CMS\/blok\" Jm\u00e9no\"your_block_id\" d\u0159\u00edve ne\u017e =\"_\"&gt;\r\n\t&lt;metoda akce =\"setBlockId\"&gt;\r\n\t   &lt;block_id&gt;your_block_id &lt;\/block_id&gt;\r\n\t&lt;\/akce&gt;\r\n  &lt;\/blok&gt;\r\n&lt;referen\u010dn\u00ed&gt;\r\n<\/pre>\n<p>&nbsp;<\/p>\n<ol class=\"decimal\">\n<li>Z app otev\u0159\u00edt cms.xml &gt; design &gt; frontend &gt; v\u00fdchoz\u00ed &gt; your_theme &gt; slo\u017eky rozlo\u017een\u00ed.<\/li>\n<li>Z v\u00fd\u0161e uveden\u00fd k\u00f3d. \u201cBlockReferenceName\u201d je n\u00e1zev oblasti, kde mus\u00ed b\u00fdt um\u00edst\u011bn statick\u00fd blok.<\/li>\n<li>Tento k\u00f3d um\u00edst\u00ed blok &#8222;your_block_id&#8220;, kter\u00fd jste vytvo\u0159ili v admin nad obsah str\u00e1nky kategorie (V\u0161imn\u011bte si, d\u0159\u00edve = &#8222;-&#8220; atribut, co\u017e zaji\u0161\u0165uje v\u00e1\u0161 blok se zobraz\u00ed p\u0159ed zbytkem obsahu).<\/li>\n<li>Chcete-li p\u0159idat dal\u0161\u00ed blok vlo\u017eit nad k\u00f3d a p\u0159i\u0159adit odpov\u00eddaj\u00edc\u00ed \u201cBlockReferenceName\u201d a \u201cyour_block_id\u201d.<\/li>\n<\/ol>\n<\/div>\n<\/div>\n<p><a name=\"magento2\"><\/a><\/p>\n<div class=\"basic\">\n<div class=\"basic-step\">\n<h3 style=\"margin-bottom: 15px;\">Magento p\u0159\u00edru\u010dka pro Magento instalace Theme 2.0<\/h3>\n<ol>\n<li>Pot\u00e9, co se d\u011bje s n\u00e1vrhem jednoho Magenta 2 t\u00e9ma, exportovat slo\u017eku motivu:Klikn\u011bte na ikonu Magento v prav\u00e9m horn\u00edm rohu TemplateToaster(odkazuj\u00ed na Magento1.png) nebo j\u00edt do Soubor -&gt; Export.<\/li>\n<li>A \u201aExport Magento Theme\u2019 pojmenovan\u00fd popup se otev\u0159e(odkazuj\u00ed na Magento1.png) -&gt; Prohl\u00e9dn\u011bte si cestu pro ulo\u017een\u00ed exportovan\u00fdch slo\u017eku -&gt; Select verze 2.x -&gt; klikn\u011bte na tla\u010d\u00edtko Export v pop-up<\/li>\n<\/li>\n<li>Slo\u017eka t\u00e9ma budou exportov\u00e1ny na zvolen\u00e9 cest\u011b.<\/li>\n<li>Naj\u00edt a otev\u0159\u00edt exportovan\u00e9 slo\u017eku Magento t\u00e9ma -&gt; Kop\u00edrovat \u201aapp\u2019 slo\u017eky ze slo\u017eky t\u00e9ma(odkazuj\u00ed na Magento2.png)<\/li>\n<li>P\u0159ej\u00edt na Magento 2 instala\u010dn\u00ed slo\u017eky ve va\u0161em syst\u00e9mu -&gt; Paste zkop\u00edrov\u00e1n \u201aapp\u2019 slo\u017eky v n\u011bm(odkazuj\u00ed na Magento3.png).<\/li>\n<li>Nyn\u00ed, p\u0159ej\u00edt na Magento 2 Dashboard -&gt; Administrace -&gt; Store -&gt; Nastaven\u00ed(odkazuj\u00ed na Magento4.png).<\/li>\n<li>V Konfigurace -&gt; J\u00edt na Obecn\u00e9 -&gt; Design -&gt; design Theme -&gt; Vyberte t\u00e9ma, kter\u00e9 maj\u00ed b\u00fdt nastaven jako v\u00fdchoz\u00ed z \u201adesign Theme\u2019 rozev\u00edrac\u00ed(odkazuj\u00ed na Magento5.png) -&gt; Klikn\u011bte na \u201aSave Config\u2019 tla\u010d\u00edtko(odkazuj\u00ed na Magento6.png).<\/li>\n<li>\u201aZachr\u00e1nil jste konfiguraci\u2019 Objev\u00ed se hl\u00e1\u0161en\u00ed, Nyn\u00ed va\u0161e t\u00e9ma bylo nastaveno jako v\u00fdchoz\u00ed(odkazuj\u00ed na Magento7.png).<\/li>\n<\/ol>\n<p><a href=\"https:\/\/templatetoaster.com\/wp-content\/uploads\/2013\/05\/step1.jpg\"><img loading=\"lazy\" decoding=\"async\" class=\"aligncenter size-medium wp-image-3066\" src=\"https:\/\/templatetoaster.com\/wp-content\/uploads\/2013\/05\/step1.jpg\" alt=\"Nahr\u00e1t a nainstalovat manegento 2 \u0161ablona krok 1\" width=\"823\" height=\"523\" \/><\/a><\/p>\n<p><a href=\"https:\/\/templatetoaster.com\/wp-content\/uploads\/2013\/05\/step2.jpg\"><img loading=\"lazy\" decoding=\"async\" class=\"aligncenter size-full wp-image-3067\" src=\"https:\/\/templatetoaster.com\/wp-content\/uploads\/2013\/05\/step2.jpg\" alt=\"Nahr\u00e1t a nainstalovat manegento 2 \u0161ablona krok 2\" width=\"823\" height=\"523\" srcset=\"https:\/\/templatetoaster.com\/wp-content\/uploads\/2013\/05\/step2.jpg 823w, https:\/\/templatetoaster.com\/wp-content\/uploads\/2013\/05\/step2-600x381.jpg 600w, https:\/\/templatetoaster.com\/wp-content\/uploads\/2013\/05\/step2-300x191.jpg 300w\" sizes=\"(max-width: 823px) 100vw, 823px\" \/><\/a><\/p>\n<p><a href=\"https:\/\/templatetoaster.com\/wp-content\/uploads\/2013\/05\/step3.jpg\"><img loading=\"lazy\" decoding=\"async\" class=\"aligncenter size-full wp-image-3068\" src=\"https:\/\/templatetoaster.com\/wp-content\/uploads\/2013\/05\/step3.jpg\" alt=\"Nahr\u00e1t a nainstalovat manegento 2 \u0161ablona krok 3\" width=\"823\" height=\"348\" srcset=\"https:\/\/templatetoaster.com\/wp-content\/uploads\/2013\/05\/step3.jpg 823w, https:\/\/templatetoaster.com\/wp-content\/uploads\/2013\/05\/step3-600x254.jpg 600w, https:\/\/templatetoaster.com\/wp-content\/uploads\/2013\/05\/step3-300x127.jpg 300w\" sizes=\"(max-width: 823px) 100vw, 823px\" \/><\/a><\/p>\n<p><a href=\"https:\/\/templatetoaster.com\/wp-content\/uploads\/2013\/05\/step4.jpg\"><img loading=\"lazy\" decoding=\"async\" class=\"aligncenter size-full wp-image-3069\" src=\"https:\/\/templatetoaster.com\/wp-content\/uploads\/2013\/05\/step4.jpg\" alt=\"Nahr\u00e1t a nainstalovat manegento 2 \u0161ablona krok 4\" width=\"823\" height=\"368\" srcset=\"https:\/\/templatetoaster.com\/wp-content\/uploads\/2013\/05\/step4.jpg 823w, https:\/\/templatetoaster.com\/wp-content\/uploads\/2013\/05\/step4-600x268.jpg 600w, https:\/\/templatetoaster.com\/wp-content\/uploads\/2013\/05\/step4-300x134.jpg 300w\" sizes=\"(max-width: 823px) 100vw, 823px\" \/><\/a><\/p>\n<p><a href=\"https:\/\/templatetoaster.com\/wp-content\/uploads\/2013\/05\/step5.jpg\"><img loading=\"lazy\" decoding=\"async\" class=\"aligncenter size-full wp-image-3070\" src=\"https:\/\/templatetoaster.com\/wp-content\/uploads\/2013\/05\/step5.jpg\" alt=\"Nahr\u00e1t a nainstalovat manegento 2 \u0161ablona krok 5\" width=\"823\" height=\"625\" srcset=\"https:\/\/templatetoaster.com\/wp-content\/uploads\/2013\/05\/step5.jpg 823w, https:\/\/templatetoaster.com\/wp-content\/uploads\/2013\/05\/step5-600x456.jpg 600w, https:\/\/templatetoaster.com\/wp-content\/uploads\/2013\/05\/step5-300x228.jpg 300w\" sizes=\"(max-width: 823px) 100vw, 823px\" \/><\/a><\/p>\n<p><a href=\"https:\/\/templatetoaster.com\/wp-content\/uploads\/2013\/05\/step6.jpg\"><img loading=\"lazy\" decoding=\"async\" class=\"aligncenter size-full wp-image-3071\" src=\"https:\/\/templatetoaster.com\/wp-content\/uploads\/2013\/05\/step6.jpg\" alt=\"Nahr\u00e1t a nainstalovat manegento 2 \u0161ablona krok 6\" width=\"823\" height=\"444\" srcset=\"https:\/\/templatetoaster.com\/wp-content\/uploads\/2013\/05\/step6.jpg 823w, https:\/\/templatetoaster.com\/wp-content\/uploads\/2013\/05\/step6-600x324.jpg 600w, https:\/\/templatetoaster.com\/wp-content\/uploads\/2013\/05\/step6-300x162.jpg 300w\" sizes=\"(max-width: 823px) 100vw, 823px\" \/><\/a><\/p>\n<p><a href=\"https:\/\/templatetoaster.com\/wp-content\/uploads\/2013\/05\/step7.jpg\"><img loading=\"lazy\" decoding=\"async\" class=\"aligncenter size-full wp-image-3072\" src=\"https:\/\/templatetoaster.com\/wp-content\/uploads\/2013\/05\/step7.jpg\" alt=\"Nahr\u00e1t a nainstalovat manegento 2 \u0161ablona krok 7\" width=\"823\" height=\"517\" srcset=\"https:\/\/templatetoaster.com\/wp-content\/uploads\/2013\/05\/step7.jpg 823w, https:\/\/templatetoaster.com\/wp-content\/uploads\/2013\/05\/step7-600x377.jpg 600w, https:\/\/templatetoaster.com\/wp-content\/uploads\/2013\/05\/step7-300x188.jpg 300w\" sizes=\"(max-width: 823px) 100vw, 823px\" \/><\/a><\/p>\n<\/div>\n<\/div>\n<\/div>\n","protected":false},"excerpt":{"rendered":"<p>Jak nahr\u00e1t instalace a konfigurace TemplateToaster vytvo\u0159en\u00e1 t\u00e9mata t\u00fdkaj\u00edc\u00ed se Magenta Magento 1.9 Jak vytvo\u0159it Magento 1.9 T\u00e9ma v TemplateToaster Jak nahr\u00e1t TemplateToaster generovan\u00e9 Theme Magenta 1.9 Magento 2.0 Jak vytvo\u0159it Magento 2.0 T\u00e9ma v TemplateToaster Jak nahr\u00e1t TemplateToaster generovan\u00e9 &hellip; <a href=\"https:\/\/templatetoaster.com\/cs\/magento\">Continue Reading<span class=\"meta-nav\">&rarr;<\/span><\/a><\/p>\n","protected":false},"author":13434,"featured_media":0,"parent":0,"menu_order":0,"comment_status":"closed","ping_status":"closed","template":"PageTemplate1.php","meta":{"footnotes":""},"yoast_head":"<!-- This site is optimized with the Yoast SEO plugin v23.5 - https:\/\/yoast.com\/wordpress\/plugins\/seo\/ -->\n<title>Jak nahr\u00e1t a nainstalovat motivy na Magento - TemplateToaster<\/title>\n<meta name=\"description\" content=\"Jak nainstalovat a konfigurovat TemplateToaster generovan\u00e9 motivy na Magento\" \/>\n<meta name=\"robots\" content=\"index, follow, max-snippet:-1, max-image-preview:large, max-video-preview:-1\" \/>\n<link rel=\"canonical\" href=\"https:\/\/templatetoaster.com\/cs\/magento\" \/>\n<meta property=\"og:locale\" content=\"cs_CZ\" \/>\n<meta property=\"og:type\" content=\"article\" \/>\n<meta property=\"og:title\" content=\"Jak nahr\u00e1t a nainstalovat motivy na Magento - TemplateToaster\" \/>\n<meta property=\"og:description\" content=\"Jak nainstalovat a konfigurovat TemplateToaster generovan\u00e9 motivy na Magento\" \/>\n<meta property=\"og:url\" content=\"https:\/\/templatetoaster.com\/cs\/magento\" \/>\n<meta property=\"og:site_name\" content=\"TemplateToaster\" \/>\n<meta property=\"article:publisher\" content=\"https:\/\/www.facebook.com\/TemplateToaster\" \/>\n<meta property=\"article:modified_time\" content=\"2019-08-19T04:23:33+00:00\" \/>\n<meta property=\"og:image\" content=\"https:\/\/templatetoaster.com\/wp-content\/uploads\/2018\/02\/youtube.png\" \/>\n<meta name=\"twitter:card\" content=\"summary_large_image\" \/>\n<meta name=\"twitter:site\" content=\"@templatetoaster\" \/>\n<meta name=\"twitter:label1\" content=\"Odhadovan\u00e1 doba \u010dten\u00ed\" \/>\n\t<meta name=\"twitter:data1\" content=\"4 minuty\" \/>\n<script type=\"application\/ld+json\" class=\"yoast-schema-graph\">{\"@context\":\"https:\/\/schema.org\",\"@graph\":[{\"@type\":\"WebPage\",\"@id\":\"https:\/\/templatetoaster.com\/cs\/magento\",\"url\":\"https:\/\/templatetoaster.com\/cs\/magento\",\"name\":\"Jak nahr\u00e1t a nainstalovat motivy na Magento - TemplateToaster\",\"isPartOf\":{\"@id\":\"https:\/\/templatetoaster.com\/#website\"},\"primaryImageOfPage\":{\"@id\":\"https:\/\/templatetoaster.com\/cs\/magento#primaryimage\"},\"image\":{\"@id\":\"https:\/\/templatetoaster.com\/cs\/magento#primaryimage\"},\"thumbnailUrl\":\"https:\/\/templatetoaster.com\/wp-content\/uploads\/2018\/02\/youtube.png\",\"datePublished\":\"2018-04-14T05:51:20+00:00\",\"dateModified\":\"2019-08-19T04:23:33+00:00\",\"description\":\"Jak nainstalovat a konfigurovat TemplateToaster generovan\u00e9 motivy na Magento\",\"breadcrumb\":{\"@id\":\"https:\/\/templatetoaster.com\/cs\/magento#breadcrumb\"},\"inLanguage\":\"cs\",\"potentialAction\":[{\"@type\":\"ReadAction\",\"target\":[\"https:\/\/templatetoaster.com\/cs\/magento\"]}]},{\"@type\":\"ImageObject\",\"inLanguage\":\"cs\",\"@id\":\"https:\/\/templatetoaster.com\/cs\/magento#primaryimage\",\"url\":\"https:\/\/templatetoaster.com\/wp-content\/uploads\/2018\/02\/youtube.png\",\"contentUrl\":\"https:\/\/templatetoaster.com\/wp-content\/uploads\/2018\/02\/youtube.png\"},{\"@type\":\"BreadcrumbList\",\"@id\":\"https:\/\/templatetoaster.com\/cs\/magento#breadcrumb\",\"itemListElement\":[{\"@type\":\"ListItem\",\"position\":1,\"name\":\"Home\",\"item\":\"https:\/\/templatetoaster.com\/cs\"},{\"@type\":\"ListItem\",\"position\":2,\"name\":\"Jak nahr\u00e1t a nainstalovat motivy na Magento\"}]},{\"@type\":\"WebSite\",\"@id\":\"https:\/\/templatetoaster.com\/#website\",\"url\":\"https:\/\/templatetoaster.com\/\",\"name\":\"TemplateToaster\",\"description\":\"\",\"publisher\":{\"@id\":\"https:\/\/templatetoaster.com\/#organization\"},\"inLanguage\":\"cs\"},{\"@type\":\"Organization\",\"@id\":\"https:\/\/templatetoaster.com\/#organization\",\"name\":\"TemplateToaster\",\"url\":\"https:\/\/templatetoaster.com\/\",\"logo\":{\"@type\":\"ImageObject\",\"inLanguage\":\"cs\",\"@id\":\"https:\/\/templatetoaster.com\/#\/schema\/logo\/image\/\",\"url\":\"https:\/\/templatetoaster.com\/wp-content\/uploads\/2019\/11\/TemplateToaster_Logo.jpg\",\"contentUrl\":\"https:\/\/templatetoaster.com\/wp-content\/uploads\/2019\/11\/TemplateToaster_Logo.jpg\",\"width\":85,\"height\":85,\"caption\":\"TemplateToaster\"},\"image\":{\"@id\":\"https:\/\/templatetoaster.com\/#\/schema\/logo\/image\/\"},\"sameAs\":[\"https:\/\/www.facebook.com\/TemplateToaster\",\"https:\/\/x.com\/templatetoaster\",\"https:\/\/www.instagram.com\/templatetoaster\/\",\"https:\/\/www.linkedin.com\/company\/templatetoaster\/\",\"https:\/\/www.pinterest.com\/templatetoaster\/\",\"https:\/\/www.youtube.com\/@TemplateToaster\"]}]}<\/script>\n<!-- \/ Yoast SEO plugin. -->","yoast_head_json":{"title":"Jak nahr\u00e1t a nainstalovat motivy na Magento - TemplateToaster","description":"Jak nainstalovat a konfigurovat TemplateToaster generovan\u00e9 motivy na Magento","robots":{"index":"index","follow":"follow","max-snippet":"max-snippet:-1","max-image-preview":"max-image-preview:large","max-video-preview":"max-video-preview:-1"},"canonical":"https:\/\/templatetoaster.com\/cs\/magento","og_locale":"cs_CZ","og_type":"article","og_title":"Jak nahr\u00e1t a nainstalovat motivy na Magento - TemplateToaster","og_description":"Jak nainstalovat a konfigurovat TemplateToaster generovan\u00e9 motivy na Magento","og_url":"https:\/\/templatetoaster.com\/cs\/magento","og_site_name":"TemplateToaster","article_publisher":"https:\/\/www.facebook.com\/TemplateToaster","article_modified_time":"2019-08-19T04:23:33+00:00","og_image":[{"url":"https:\/\/templatetoaster.com\/wp-content\/uploads\/2018\/02\/youtube.png"}],"twitter_card":"summary_large_image","twitter_site":"@templatetoaster","twitter_misc":{"Odhadovan\u00e1 doba \u010dten\u00ed":"4 minuty"},"schema":{"@context":"https:\/\/schema.org","@graph":[{"@type":"WebPage","@id":"https:\/\/templatetoaster.com\/cs\/magento","url":"https:\/\/templatetoaster.com\/cs\/magento","name":"Jak nahr\u00e1t a nainstalovat motivy na Magento - TemplateToaster","isPartOf":{"@id":"https:\/\/templatetoaster.com\/#website"},"primaryImageOfPage":{"@id":"https:\/\/templatetoaster.com\/cs\/magento#primaryimage"},"image":{"@id":"https:\/\/templatetoaster.com\/cs\/magento#primaryimage"},"thumbnailUrl":"https:\/\/templatetoaster.com\/wp-content\/uploads\/2018\/02\/youtube.png","datePublished":"2018-04-14T05:51:20+00:00","dateModified":"2019-08-19T04:23:33+00:00","description":"Jak nainstalovat a konfigurovat TemplateToaster generovan\u00e9 motivy na Magento","breadcrumb":{"@id":"https:\/\/templatetoaster.com\/cs\/magento#breadcrumb"},"inLanguage":"cs","potentialAction":[{"@type":"ReadAction","target":["https:\/\/templatetoaster.com\/cs\/magento"]}]},{"@type":"ImageObject","inLanguage":"cs","@id":"https:\/\/templatetoaster.com\/cs\/magento#primaryimage","url":"https:\/\/templatetoaster.com\/wp-content\/uploads\/2018\/02\/youtube.png","contentUrl":"https:\/\/templatetoaster.com\/wp-content\/uploads\/2018\/02\/youtube.png"},{"@type":"BreadcrumbList","@id":"https:\/\/templatetoaster.com\/cs\/magento#breadcrumb","itemListElement":[{"@type":"ListItem","position":1,"name":"Home","item":"https:\/\/templatetoaster.com\/cs"},{"@type":"ListItem","position":2,"name":"Jak nahr\u00e1t a nainstalovat motivy na Magento"}]},{"@type":"WebSite","@id":"https:\/\/templatetoaster.com\/#website","url":"https:\/\/templatetoaster.com\/","name":"TemplateToaster","description":"","publisher":{"@id":"https:\/\/templatetoaster.com\/#organization"},"inLanguage":"cs"},{"@type":"Organization","@id":"https:\/\/templatetoaster.com\/#organization","name":"TemplateToaster","url":"https:\/\/templatetoaster.com\/","logo":{"@type":"ImageObject","inLanguage":"cs","@id":"https:\/\/templatetoaster.com\/#\/schema\/logo\/image\/","url":"https:\/\/templatetoaster.com\/wp-content\/uploads\/2019\/11\/TemplateToaster_Logo.jpg","contentUrl":"https:\/\/templatetoaster.com\/wp-content\/uploads\/2019\/11\/TemplateToaster_Logo.jpg","width":85,"height":85,"caption":"TemplateToaster"},"image":{"@id":"https:\/\/templatetoaster.com\/#\/schema\/logo\/image\/"},"sameAs":["https:\/\/www.facebook.com\/TemplateToaster","https:\/\/x.com\/templatetoaster","https:\/\/www.instagram.com\/templatetoaster\/","https:\/\/www.linkedin.com\/company\/templatetoaster\/","https:\/\/www.pinterest.com\/templatetoaster\/","https:\/\/www.youtube.com\/@TemplateToaster"]}]}},"_links":{"self":[{"href":"https:\/\/templatetoaster.com\/cs\/wp-json\/wp\/v2\/pages\/4361"}],"collection":[{"href":"https:\/\/templatetoaster.com\/cs\/wp-json\/wp\/v2\/pages"}],"about":[{"href":"https:\/\/templatetoaster.com\/cs\/wp-json\/wp\/v2\/types\/page"}],"author":[{"embeddable":true,"href":"https:\/\/templatetoaster.com\/cs\/wp-json\/wp\/v2\/users\/13434"}],"replies":[{"embeddable":true,"href":"https:\/\/templatetoaster.com\/cs\/wp-json\/wp\/v2\/comments?post=4361"}],"version-history":[{"count":3,"href":"https:\/\/templatetoaster.com\/cs\/wp-json\/wp\/v2\/pages\/4361\/revisions"}],"predecessor-version":[{"id":64677,"href":"https:\/\/templatetoaster.com\/cs\/wp-json\/wp\/v2\/pages\/4361\/revisions\/64677"}],"wp:attachment":[{"href":"https:\/\/templatetoaster.com\/cs\/wp-json\/wp\/v2\/media?parent=4361"}],"curies":[{"name":"wp","href":"https:\/\/api.w.org\/{rel}","templated":true}]}}