{"id":4356,"date":"2018-04-14T05:47:11","date_gmt":"2018-04-14T05:47:11","guid":{"rendered":"http:\/\/templatetoaster.com?page_id=4356"},"modified":"2019-08-13T06:45:28","modified_gmt":"2019-08-13T06:45:28","slug":"blogger","status":"publish","type":"page","link":"https:\/\/templatetoaster.com\/cs\/blogger","title":{"rendered":"Jak nahr\u00e1t a nainstalovat \u0161ablony Blogger"},"content":{"rendered":"<div class=\"tt_documentation_instruction_row row\">\n&nbsp;<\/p>\n<h1 class=\"heading_border\" style=\"background-size: 372px 1px;\"><span id=\"tr_1\" class=\"tr_\" data-source=\"\" data-orig=\"How to Upload and Install TemplateToaster Generated Blogger Templates\">Jak nahr\u00e1t a nainstalovat TemplateToaster Generated Blogger \u0160ablony<\/span><\/h1>\n<p>&nbsp;<\/p>\n<div class=\"demo_row1 even row\" style=\"padding-top: 15px;\">\n<div class=\"row\">\n<div class=\"col-md-6 col-sm-6 col-xs-12\">\n<div class=\"vedio_bg\">\n<div class=\"tt_video_modal\"><a href=\"https:\/\/youtu.be\/ySdCPFNKfj0\" data-toggle=\"lightbox\" data-gallery=\"youtubevideos\" data-title=\"How to Create Blogger Templates in TemplateToaster\"><img decoding=\"async\" src=\"https:\/\/templatetoaster.com\/wp-content\/uploads\/2018\/02\/youtube.png\" \/><\/a><\/p>\n<div class=\"video-content\">\n<h3>Jak vytvo\u0159it Blogger \u0161ablony v TemplateToaster<\/h3>\n<\/div>\n<\/div>\n<\/div>\n<\/div>\n<div class=\"col-md-6 col-sm-6 col-xs-12\">\n<div class=\"vedio_bg\">\n<div class=\"tt_video_modal\"><a href=\"https:\/\/youtu.be\/jLTa_7TgVZk\" data-toggle=\"lightbox\" data-gallery=\"youtubevideos\" data-title=\"How to Upload TemplateToaster generated Templates on Blogger\"><img decoding=\"async\" src=\"https:\/\/templatetoaster.com\/wp-content\/uploads\/2018\/02\/youtube.png\" \/><\/a><\/p>\n<div class=\"video-content\">\n<h3>Jak nahr\u00e1t TemplateToaster vytvo\u0159en\u00e9 \u0161ablony na Bloggeru<\/h3>\n<\/div>\n<\/div>\n<\/div>\n<\/div>\n<div class=\"clearfix visible-lg-block visible-md-block\"><\/div>\n<\/div>\n<\/div>\n<div class=\"basic\">\n<div class=\"basic-step\">\n<ol>\n<li> Exportovat t\u00e9ma Blogger od TemplateToaster z File-&gt; Export\n<p><a href=\"https:\/\/templatetoaster.com\/wp-content\/uploads\/2017\/11\/blogger_theme_export_upload_instructions_step_1.jpg\"><img loading=\"lazy\" decoding=\"async\" class=\"aligncenter size-large wp-image-3302\" src=\"https:\/\/templatetoaster.com\/wp-content\/uploads\/2017\/11\/blogger_theme_export_upload_instructions_step_1-1024x545.jpg\" alt=\"blogger_theme_export_upload_instructions_step_1\" width=\"900\" height=\"479\" srcset=\"https:\/\/templatetoaster.com\/wp-content\/uploads\/2017\/11\/blogger_theme_export_upload_instructions_step_1-1024x545.jpg 1024w, https:\/\/templatetoaster.com\/wp-content\/uploads\/2017\/11\/blogger_theme_export_upload_instructions_step_1-1000x532.jpg 1000w, https:\/\/templatetoaster.com\/wp-content\/uploads\/2017\/11\/blogger_theme_export_upload_instructions_step_1-300x160.jpg 300w, https:\/\/templatetoaster.com\/wp-content\/uploads\/2017\/11\/blogger_theme_export_upload_instructions_step_1.jpg 1366w\" sizes=\"(max-width: 900px) 100vw, 900px\" \/><\/a><\/li>\n<li> Vyberte sv\u016fj export um\u00edst\u011bn\u00ed\n<p><a href=\"https:\/\/templatetoaster.com\/wp-content\/uploads\/2017\/11\/blogger_theme_export_upload_instructions_step_2.jpg\"><img loading=\"lazy\" decoding=\"async\" class=\"aligncenter size-full wp-image-3303\" src=\"https:\/\/templatetoaster.com\/wp-content\/uploads\/2017\/11\/blogger_theme_export_upload_instructions_step_2.jpg\" alt=\"blogger_theme_export_upload_instructions_step_2\" width=\"823\" height=\"438\" srcset=\"https:\/\/templatetoaster.com\/wp-content\/uploads\/2017\/11\/blogger_theme_export_upload_instructions_step_2.jpg 823w, https:\/\/templatetoaster.com\/wp-content\/uploads\/2017\/11\/blogger_theme_export_upload_instructions_step_2-600x319.jpg 600w, https:\/\/templatetoaster.com\/wp-content\/uploads\/2017\/11\/blogger_theme_export_upload_instructions_step_2-300x160.jpg 300w\" sizes=\"(max-width: 823px) 100vw, 823px\" \/><\/a><\/li>\n<li> Toto okno zept\u00e1, zda chcete vid\u011bt nahr\u00e1t a nainstalovat instrukce pro Blogger. Bude to otev\u0159\u00edt tuto stejnou str\u00e1nku, kterou pr\u00e1v\u011b \u010dtete pr\u00e1v\u011b te\u010f.\n<p><a href=\"https:\/\/templatetoaster.com\/wp-content\/uploads\/2017\/11\/blogger_theme_export_upload_instructions_step_3.jpg\"><img loading=\"lazy\" decoding=\"async\" class=\"aligncenter size-large wp-image-3304\" src=\"https:\/\/templatetoaster.com\/wp-content\/uploads\/2017\/11\/blogger_theme_export_upload_instructions_step_3-1024x545.jpg\" alt=\"blogger_theme_export_upload_instructions_step_3\" width=\"900\" height=\"479\" srcset=\"https:\/\/templatetoaster.com\/wp-content\/uploads\/2017\/11\/blogger_theme_export_upload_instructions_step_3-1024x545.jpg 1024w, https:\/\/templatetoaster.com\/wp-content\/uploads\/2017\/11\/blogger_theme_export_upload_instructions_step_3-1000x532.jpg 1000w, https:\/\/templatetoaster.com\/wp-content\/uploads\/2017\/11\/blogger_theme_export_upload_instructions_step_3-300x160.jpg 300w, https:\/\/templatetoaster.com\/wp-content\/uploads\/2017\/11\/blogger_theme_export_upload_instructions_step_3.jpg 1366w\" sizes=\"(max-width: 900px) 100vw, 900px\" \/><\/a><\/li>\n<li> Vybrat \u201cP\u0159idat nov\u00fd \u00fa\u010det\u201d nebo jeden z va\u0161ich ji\u017e p\u0159idali Blogger \u00fa\u010det TemplateToaster\n<p><a href=\"https:\/\/templatetoaster.com\/wp-content\/uploads\/2017\/11\/blogger_theme_export_upload_instructions_step_4.jpg\"><img loading=\"lazy\" decoding=\"async\" class=\"aligncenter size-large wp-image-3305\" src=\"https:\/\/templatetoaster.com\/wp-content\/uploads\/2017\/11\/blogger_theme_export_upload_instructions_step_4-1024x545.jpg\" alt=\"blogger_theme_export_upload_instructions_step_4\" width=\"900\" height=\"479\" srcset=\"https:\/\/templatetoaster.com\/wp-content\/uploads\/2017\/11\/blogger_theme_export_upload_instructions_step_4-1024x545.jpg 1024w, https:\/\/templatetoaster.com\/wp-content\/uploads\/2017\/11\/blogger_theme_export_upload_instructions_step_4-1000x532.jpg 1000w, https:\/\/templatetoaster.com\/wp-content\/uploads\/2017\/11\/blogger_theme_export_upload_instructions_step_4-300x160.jpg 300w, https:\/\/templatetoaster.com\/wp-content\/uploads\/2017\/11\/blogger_theme_export_upload_instructions_step_4.jpg 1366w\" sizes=\"(max-width: 900px) 100vw, 900px\" \/><\/a><\/li>\n<li> P\u0159idejte sv\u016fj \u00fa\u010det Blogger k TemplateToaster\n<p><a href=\"https:\/\/templatetoaster.com\/wp-content\/uploads\/2017\/11\/blogger_theme_export_upload_instructions_step_5.jpg\"><img loading=\"lazy\" decoding=\"async\" class=\"aligncenter size-large wp-image-3306\" src=\"https:\/\/templatetoaster.com\/wp-content\/uploads\/2017\/11\/blogger_theme_export_upload_instructions_step_5-1024x545.jpg\" alt=\"blogger_theme_export_upload_instructions_step_5\" width=\"900\" height=\"479\" srcset=\"https:\/\/templatetoaster.com\/wp-content\/uploads\/2017\/11\/blogger_theme_export_upload_instructions_step_5-1024x545.jpg 1024w, https:\/\/templatetoaster.com\/wp-content\/uploads\/2017\/11\/blogger_theme_export_upload_instructions_step_5-1000x532.jpg 1000w, https:\/\/templatetoaster.com\/wp-content\/uploads\/2017\/11\/blogger_theme_export_upload_instructions_step_5-300x160.jpg 300w, https:\/\/templatetoaster.com\/wp-content\/uploads\/2017\/11\/blogger_theme_export_upload_instructions_step_5.jpg 1366w\" sizes=\"(max-width: 900px) 100vw, 900px\" \/><\/a><\/li>\n<li> P\u0159ihlaste se do sv\u00e9ho \u00fa\u010dtu Blogger\n<p><a href=\"https:\/\/templatetoaster.com\/wp-content\/uploads\/2017\/11\/blogger_theme_export_upload_instructions_step_6.jpg\"><img loading=\"lazy\" decoding=\"async\" class=\"aligncenter size-large wp-image-3307\" src=\"https:\/\/templatetoaster.com\/wp-content\/uploads\/2017\/11\/blogger_theme_export_upload_instructions_step_6-1024x517.jpg\" alt=\"blogger_theme_export_upload_instructions_step_6\" width=\"900\" height=\"454\" srcset=\"https:\/\/templatetoaster.com\/wp-content\/uploads\/2017\/11\/blogger_theme_export_upload_instructions_step_6-1024x517.jpg 1024w, https:\/\/templatetoaster.com\/wp-content\/uploads\/2017\/11\/blogger_theme_export_upload_instructions_step_6-1000x505.jpg 1000w, https:\/\/templatetoaster.com\/wp-content\/uploads\/2017\/11\/blogger_theme_export_upload_instructions_step_6-300x152.jpg 300w, https:\/\/templatetoaster.com\/wp-content\/uploads\/2017\/11\/blogger_theme_export_upload_instructions_step_6.jpg 1366w\" sizes=\"(max-width: 900px) 100vw, 900px\" \/><\/a><\/li>\n<li> Dovolit TemplateToaster nahr\u00e1vat obr\u00e1zky do sv\u00e9ho \u00fa\u010dtu Blogger\n<p><a href=\"https:\/\/templatetoaster.com\/wp-content\/uploads\/2019\/02\/blogger_theme_export_upload_instructions_step_7.jpg\"><img loading=\"lazy\" decoding=\"async\" class=\"aligncenter size-full wp-image-8542\" src=\"https:\/\/templatetoaster.com\/wp-content\/uploads\/2019\/02\/blogger_theme_export_upload_instructions_step_7.jpg\" alt=\"blogger theme export upload instructions step 7\" width=\"969\" height=\"767\" srcset=\"https:\/\/templatetoaster.com\/wp-content\/uploads\/2019\/02\/blogger_theme_export_upload_instructions_step_7.jpg 969w, https:\/\/templatetoaster.com\/wp-content\/uploads\/2019\/02\/blogger_theme_export_upload_instructions_step_7-600x475.jpg 600w, https:\/\/templatetoaster.com\/wp-content\/uploads\/2019\/02\/blogger_theme_export_upload_instructions_step_7-300x237.jpg 300w, https:\/\/templatetoaster.com\/wp-content\/uploads\/2019\/02\/blogger_theme_export_upload_instructions_step_7-768x608.jpg 768w\" sizes=\"(max-width: 969px) 100vw, 969px\" \/><\/a><\/li>\n<li> Povolen\u00ed \u00fasp\u011b\u0161n\u011b p\u0159id\u00e1n, Nyn\u00ed m\u016f\u017eete toto okno zav\u0159\u00edt.\n<p><a href=\"https:\/\/templatetoaster.com\/wp-content\/uploads\/2017\/11\/blogger_theme_export_upload_instructions_step_8.jpg\"><img loading=\"lazy\" decoding=\"async\" class=\"aligncenter size-large wp-image-3309\" style=\"border: 1px solid black;\" src=\"https:\/\/templatetoaster.com\/wp-content\/uploads\/2017\/11\/blogger_theme_export_upload_instructions_step_8-1024x485.jpg\" alt=\"blogger_theme_export_upload_instructions_step_8\" width=\"900\" height=\"426\" srcset=\"https:\/\/templatetoaster.com\/wp-content\/uploads\/2017\/11\/blogger_theme_export_upload_instructions_step_8-1024x485.jpg 1024w, https:\/\/templatetoaster.com\/wp-content\/uploads\/2017\/11\/blogger_theme_export_upload_instructions_step_8-1000x474.jpg 1000w, https:\/\/templatetoaster.com\/wp-content\/uploads\/2017\/11\/blogger_theme_export_upload_instructions_step_8-300x142.jpg 300w, https:\/\/templatetoaster.com\/wp-content\/uploads\/2017\/11\/blogger_theme_export_upload_instructions_step_8.jpg 1366w\" sizes=\"(max-width: 900px) 100vw, 900px\" \/><\/a><\/li>\n<li> Nyn\u00ed p\u0159ihl\u00e1sit ke sv\u00e9mu \u00fa\u010dtu Blogger v internetov\u00e9m prohl\u00ed\u017ee\u010di.\n<p><a href=\"https:\/\/templatetoaster.com\/wp-content\/uploads\/2017\/11\/blogger_theme_export_upload_instructions_step_9.jpg\"><img loading=\"lazy\" decoding=\"async\" class=\"aligncenter size-large wp-image-3310\" src=\"https:\/\/templatetoaster.com\/wp-content\/uploads\/2017\/11\/blogger_theme_export_upload_instructions_step_9-1024x492.jpg\" alt=\"blogger_theme_export_upload_instructions_step_9\" width=\"900\" height=\"432\" srcset=\"https:\/\/templatetoaster.com\/wp-content\/uploads\/2017\/11\/blogger_theme_export_upload_instructions_step_9-1024x492.jpg 1024w, https:\/\/templatetoaster.com\/wp-content\/uploads\/2017\/11\/blogger_theme_export_upload_instructions_step_9-1000x480.jpg 1000w, https:\/\/templatetoaster.com\/wp-content\/uploads\/2017\/11\/blogger_theme_export_upload_instructions_step_9-300x144.jpg 300w, https:\/\/templatetoaster.com\/wp-content\/uploads\/2017\/11\/blogger_theme_export_upload_instructions_step_9.jpg 1347w\" sizes=\"(max-width: 900px) 100vw, 900px\" \/><\/a><\/li>\n<li> P\u0159ej\u00edt na motivy zleva nab\u00eddce.<br \/>\n<a href=\"https:\/\/templatetoaster.com\/wp-content\/uploads\/2017\/11\/blogger_theme_export_upload_instructions_step_10.jpg\"><img loading=\"lazy\" decoding=\"async\" class=\"aligncenter size-large wp-image-3311\" src=\"https:\/\/templatetoaster.com\/wp-content\/uploads\/2017\/11\/blogger_theme_export_upload_instructions_step_10-1024x492.jpg\" alt=\"blogger_theme_export_upload_instructions_step_10\" width=\"900\" height=\"432\" srcset=\"https:\/\/templatetoaster.com\/wp-content\/uploads\/2017\/11\/blogger_theme_export_upload_instructions_step_10-1024x492.jpg 1024w, https:\/\/templatetoaster.com\/wp-content\/uploads\/2017\/11\/blogger_theme_export_upload_instructions_step_10-1000x480.jpg 1000w, https:\/\/templatetoaster.com\/wp-content\/uploads\/2017\/11\/blogger_theme_export_upload_instructions_step_10-300x144.jpg 300w, https:\/\/templatetoaster.com\/wp-content\/uploads\/2017\/11\/blogger_theme_export_upload_instructions_step_10.jpg 1347w\" sizes=\"(max-width: 900px) 100vw, 900px\" \/><\/a><\/li>\n<li> P\u0159ej\u00edt na Blogger-&gt; Motivy -&gt; Backup \/ Restore -&gt; Browse<br \/>\n<a href=\"https:\/\/templatetoaster.com\/wp-content\/uploads\/2017\/11\/blogger_theme_export_upload_instructions_step_11.jpg\"><img loading=\"lazy\" decoding=\"async\" class=\"aligncenter size-large wp-image-3312\" src=\"https:\/\/templatetoaster.com\/wp-content\/uploads\/2017\/11\/blogger_theme_export_upload_instructions_step_11-1024x492.jpg\" alt=\"blogger_theme_export_upload_instructions_step_11\" width=\"900\" height=\"432\" srcset=\"https:\/\/templatetoaster.com\/wp-content\/uploads\/2017\/11\/blogger_theme_export_upload_instructions_step_11-1024x492.jpg 1024w, https:\/\/templatetoaster.com\/wp-content\/uploads\/2017\/11\/blogger_theme_export_upload_instructions_step_11-1000x480.jpg 1000w, https:\/\/templatetoaster.com\/wp-content\/uploads\/2017\/11\/blogger_theme_export_upload_instructions_step_11-300x144.jpg 300w, https:\/\/templatetoaster.com\/wp-content\/uploads\/2017\/11\/blogger_theme_export_upload_instructions_step_11.jpg 1347w\" sizes=\"(max-width: 900px) 100vw, 900px\" \/><\/a><\/li>\n<li> Vyberte soubor main.xml exportovan\u00e9ho blogger motiv<br \/>\n<a href=\"https:\/\/templatetoaster.com\/wp-content\/uploads\/2017\/11\/blogger_theme_export_upload_instructions_step_12.jpg\"><img loading=\"lazy\" decoding=\"async\" class=\"aligncenter size-large wp-image-3313\" src=\"https:\/\/templatetoaster.com\/wp-content\/uploads\/2017\/11\/blogger_theme_export_upload_instructions_step_12-1024x458.jpg\" alt=\"blogger_theme_export_upload_instructions_step_12\" width=\"900\" height=\"403\" srcset=\"https:\/\/templatetoaster.com\/wp-content\/uploads\/2017\/11\/blogger_theme_export_upload_instructions_step_12-1024x458.jpg 1024w, https:\/\/templatetoaster.com\/wp-content\/uploads\/2017\/11\/blogger_theme_export_upload_instructions_step_12-1000x447.jpg 1000w, https:\/\/templatetoaster.com\/wp-content\/uploads\/2017\/11\/blogger_theme_export_upload_instructions_step_12-300x134.jpg 300w, https:\/\/templatetoaster.com\/wp-content\/uploads\/2017\/11\/blogger_theme_export_upload_instructions_step_12.jpg 1347w\" sizes=\"(max-width: 900px) 100vw, 900px\" \/><\/a><\/li>\n<li> hodiny uploadu<br \/>\n<a href=\"https:\/\/templatetoaster.com\/wp-content\/uploads\/2017\/11\/blogger_theme_export_upload_instructions_step_13.jpg\"><img loading=\"lazy\" decoding=\"async\" class=\"aligncenter size-large wp-image-3314\" src=\"https:\/\/templatetoaster.com\/wp-content\/uploads\/2017\/11\/blogger_theme_export_upload_instructions_step_13-1024x381.jpg\" alt=\"blogger_theme_export_upload_instructions_step_13\" width=\"900\" height=\"335\" srcset=\"https:\/\/templatetoaster.com\/wp-content\/uploads\/2017\/11\/blogger_theme_export_upload_instructions_step_13-1024x381.jpg 1024w, https:\/\/templatetoaster.com\/wp-content\/uploads\/2017\/11\/blogger_theme_export_upload_instructions_step_13-1000x372.jpg 1000w, https:\/\/templatetoaster.com\/wp-content\/uploads\/2017\/11\/blogger_theme_export_upload_instructions_step_13-300x112.jpg 300w, https:\/\/templatetoaster.com\/wp-content\/uploads\/2017\/11\/blogger_theme_export_upload_instructions_step_13.jpg 1345w\" sizes=\"(max-width: 900px) 100vw, 900px\" \/><\/a><\/li>\n<li> V\u00e1\u0161 TemplateToaster \u00fasp\u011b\u0161n\u011b nahr\u00e1n na Blogger a je p\u0159ipraven k pou\u017eit\u00ed<br \/>\n<a href=\"https:\/\/templatetoaster.com\/wp-content\/uploads\/2017\/11\/blogger_theme_export_upload_instructions_step_14.jpg\"><img loading=\"lazy\" decoding=\"async\" class=\"aligncenter size-large wp-image-3315\" src=\"https:\/\/templatetoaster.com\/wp-content\/uploads\/2017\/11\/blogger_theme_export_upload_instructions_step_14-1024x488.jpg\" alt=\"blogger_theme_export_upload_instructions_step_14\" width=\"900\" height=\"429\" srcset=\"https:\/\/templatetoaster.com\/wp-content\/uploads\/2017\/11\/blogger_theme_export_upload_instructions_step_14-1024x488.jpg 1024w, https:\/\/templatetoaster.com\/wp-content\/uploads\/2017\/11\/blogger_theme_export_upload_instructions_step_14-1000x477.jpg 1000w, https:\/\/templatetoaster.com\/wp-content\/uploads\/2017\/11\/blogger_theme_export_upload_instructions_step_14-300x143.jpg 300w, https:\/\/templatetoaster.com\/wp-content\/uploads\/2017\/11\/blogger_theme_export_upload_instructions_step_14.jpg 1364w\" sizes=\"(max-width: 900px) 100vw, 900px\" \/><\/a><\/li>\n<\/div>\n<\/div>\n<\/div>\n","protected":false},"excerpt":{"rendered":"<p>&nbsp; Jak nahr\u00e1t a nainstalovat TemplateToaster Generated Blogger \u0160ablony &nbsp; Jak vytvo\u0159it Blogger \u0161ablony v TemplateToaster Jak nahr\u00e1t TemplateToaster vytvo\u0159en\u00e9 \u0161ablony na Bloggeru Exportovat t\u00e9ma Blogger od TemplateToaster z File-&gt; Export Vyberte sv\u016fj export um\u00edst\u011bn\u00ed Toto okno zept\u00e1, zda chcete &hellip; <a href=\"https:\/\/templatetoaster.com\/cs\/blogger\">Continue Reading<span class=\"meta-nav\">&rarr;<\/span><\/a><\/p>\n","protected":false},"author":13434,"featured_media":0,"parent":0,"menu_order":0,"comment_status":"closed","ping_status":"closed","template":"PageTemplate1.php","meta":{"footnotes":""},"yoast_head":"<!-- This site is optimized with the Yoast SEO plugin v23.5 - https:\/\/yoast.com\/wordpress\/plugins\/seo\/ -->\n<title>Jak nahr\u00e1t a nainstalovat \u0161ablony Blogger - TemplateToaster<\/title>\n<meta name=\"description\" content=\"Jak nahr\u00e1t a nainstalovat TemplateToaster generovan\u00e9 \u0161ablony Blogger\" \/>\n<meta name=\"robots\" content=\"index, follow, max-snippet:-1, max-image-preview:large, max-video-preview:-1\" \/>\n<link rel=\"canonical\" href=\"https:\/\/templatetoaster.com\/cs\/blogger\" \/>\n<meta property=\"og:locale\" content=\"cs_CZ\" \/>\n<meta property=\"og:type\" content=\"article\" \/>\n<meta property=\"og:title\" content=\"Jak nahr\u00e1t a nainstalovat \u0161ablony Blogger - TemplateToaster\" \/>\n<meta property=\"og:description\" content=\"Jak nahr\u00e1t a nainstalovat TemplateToaster generovan\u00e9 \u0161ablony Blogger\" \/>\n<meta property=\"og:url\" content=\"https:\/\/templatetoaster.com\/cs\/blogger\" \/>\n<meta property=\"og:site_name\" content=\"TemplateToaster\" \/>\n<meta property=\"article:publisher\" content=\"https:\/\/www.facebook.com\/TemplateToaster\" \/>\n<meta property=\"article:modified_time\" content=\"2019-08-13T06:45:28+00:00\" \/>\n<meta property=\"og:image\" content=\"https:\/\/templatetoaster.com\/wp-content\/uploads\/2018\/02\/youtube.png\" \/>\n<meta name=\"twitter:card\" content=\"summary_large_image\" \/>\n<meta name=\"twitter:site\" content=\"@templatetoaster\" \/>\n<meta name=\"twitter:label1\" content=\"Odhadovan\u00e1 doba \u010dten\u00ed\" \/>\n\t<meta name=\"twitter:data1\" content=\"1 minuta\" \/>\n<script type=\"application\/ld+json\" class=\"yoast-schema-graph\">{\"@context\":\"https:\/\/schema.org\",\"@graph\":[{\"@type\":\"WebPage\",\"@id\":\"https:\/\/templatetoaster.com\/cs\/blogger\",\"url\":\"https:\/\/templatetoaster.com\/cs\/blogger\",\"name\":\"Jak nahr\u00e1t a nainstalovat \u0161ablony Blogger - TemplateToaster\",\"isPartOf\":{\"@id\":\"https:\/\/templatetoaster.com\/#website\"},\"primaryImageOfPage\":{\"@id\":\"https:\/\/templatetoaster.com\/cs\/blogger#primaryimage\"},\"image\":{\"@id\":\"https:\/\/templatetoaster.com\/cs\/blogger#primaryimage\"},\"thumbnailUrl\":\"https:\/\/templatetoaster.com\/wp-content\/uploads\/2018\/02\/youtube.png\",\"datePublished\":\"2018-04-14T05:47:11+00:00\",\"dateModified\":\"2019-08-13T06:45:28+00:00\",\"description\":\"Jak nahr\u00e1t a nainstalovat TemplateToaster generovan\u00e9 \u0161ablony Blogger\",\"breadcrumb\":{\"@id\":\"https:\/\/templatetoaster.com\/cs\/blogger#breadcrumb\"},\"inLanguage\":\"cs\",\"potentialAction\":[{\"@type\":\"ReadAction\",\"target\":[\"https:\/\/templatetoaster.com\/cs\/blogger\"]}]},{\"@type\":\"ImageObject\",\"inLanguage\":\"cs\",\"@id\":\"https:\/\/templatetoaster.com\/cs\/blogger#primaryimage\",\"url\":\"https:\/\/templatetoaster.com\/wp-content\/uploads\/2018\/02\/youtube.png\",\"contentUrl\":\"https:\/\/templatetoaster.com\/wp-content\/uploads\/2018\/02\/youtube.png\"},{\"@type\":\"BreadcrumbList\",\"@id\":\"https:\/\/templatetoaster.com\/cs\/blogger#breadcrumb\",\"itemListElement\":[{\"@type\":\"ListItem\",\"position\":1,\"name\":\"Home\",\"item\":\"https:\/\/templatetoaster.com\/cs\"},{\"@type\":\"ListItem\",\"position\":2,\"name\":\"Jak nahr\u00e1t a nainstalovat \u0161ablony Blogger\"}]},{\"@type\":\"WebSite\",\"@id\":\"https:\/\/templatetoaster.com\/#website\",\"url\":\"https:\/\/templatetoaster.com\/\",\"name\":\"TemplateToaster\",\"description\":\"\",\"publisher\":{\"@id\":\"https:\/\/templatetoaster.com\/#organization\"},\"inLanguage\":\"cs\"},{\"@type\":\"Organization\",\"@id\":\"https:\/\/templatetoaster.com\/#organization\",\"name\":\"TemplateToaster\",\"url\":\"https:\/\/templatetoaster.com\/\",\"logo\":{\"@type\":\"ImageObject\",\"inLanguage\":\"cs\",\"@id\":\"https:\/\/templatetoaster.com\/#\/schema\/logo\/image\/\",\"url\":\"https:\/\/templatetoaster.com\/wp-content\/uploads\/2019\/11\/TemplateToaster_Logo.jpg\",\"contentUrl\":\"https:\/\/templatetoaster.com\/wp-content\/uploads\/2019\/11\/TemplateToaster_Logo.jpg\",\"width\":85,\"height\":85,\"caption\":\"TemplateToaster\"},\"image\":{\"@id\":\"https:\/\/templatetoaster.com\/#\/schema\/logo\/image\/\"},\"sameAs\":[\"https:\/\/www.facebook.com\/TemplateToaster\",\"https:\/\/x.com\/templatetoaster\",\"https:\/\/www.instagram.com\/templatetoaster\/\",\"https:\/\/www.linkedin.com\/company\/templatetoaster\/\",\"https:\/\/www.pinterest.com\/templatetoaster\/\",\"https:\/\/www.youtube.com\/@TemplateToaster\"]}]}<\/script>\n<!-- \/ Yoast SEO plugin. -->","yoast_head_json":{"title":"Jak nahr\u00e1t a nainstalovat \u0161ablony Blogger - TemplateToaster","description":"Jak nahr\u00e1t a nainstalovat TemplateToaster generovan\u00e9 \u0161ablony Blogger","robots":{"index":"index","follow":"follow","max-snippet":"max-snippet:-1","max-image-preview":"max-image-preview:large","max-video-preview":"max-video-preview:-1"},"canonical":"https:\/\/templatetoaster.com\/cs\/blogger","og_locale":"cs_CZ","og_type":"article","og_title":"Jak nahr\u00e1t a nainstalovat \u0161ablony Blogger - TemplateToaster","og_description":"Jak nahr\u00e1t a nainstalovat TemplateToaster generovan\u00e9 \u0161ablony Blogger","og_url":"https:\/\/templatetoaster.com\/cs\/blogger","og_site_name":"TemplateToaster","article_publisher":"https:\/\/www.facebook.com\/TemplateToaster","article_modified_time":"2019-08-13T06:45:28+00:00","og_image":[{"url":"https:\/\/templatetoaster.com\/wp-content\/uploads\/2018\/02\/youtube.png"}],"twitter_card":"summary_large_image","twitter_site":"@templatetoaster","twitter_misc":{"Odhadovan\u00e1 doba \u010dten\u00ed":"1 minuta"},"schema":{"@context":"https:\/\/schema.org","@graph":[{"@type":"WebPage","@id":"https:\/\/templatetoaster.com\/cs\/blogger","url":"https:\/\/templatetoaster.com\/cs\/blogger","name":"Jak nahr\u00e1t a nainstalovat \u0161ablony Blogger - TemplateToaster","isPartOf":{"@id":"https:\/\/templatetoaster.com\/#website"},"primaryImageOfPage":{"@id":"https:\/\/templatetoaster.com\/cs\/blogger#primaryimage"},"image":{"@id":"https:\/\/templatetoaster.com\/cs\/blogger#primaryimage"},"thumbnailUrl":"https:\/\/templatetoaster.com\/wp-content\/uploads\/2018\/02\/youtube.png","datePublished":"2018-04-14T05:47:11+00:00","dateModified":"2019-08-13T06:45:28+00:00","description":"Jak nahr\u00e1t a nainstalovat TemplateToaster generovan\u00e9 \u0161ablony Blogger","breadcrumb":{"@id":"https:\/\/templatetoaster.com\/cs\/blogger#breadcrumb"},"inLanguage":"cs","potentialAction":[{"@type":"ReadAction","target":["https:\/\/templatetoaster.com\/cs\/blogger"]}]},{"@type":"ImageObject","inLanguage":"cs","@id":"https:\/\/templatetoaster.com\/cs\/blogger#primaryimage","url":"https:\/\/templatetoaster.com\/wp-content\/uploads\/2018\/02\/youtube.png","contentUrl":"https:\/\/templatetoaster.com\/wp-content\/uploads\/2018\/02\/youtube.png"},{"@type":"BreadcrumbList","@id":"https:\/\/templatetoaster.com\/cs\/blogger#breadcrumb","itemListElement":[{"@type":"ListItem","position":1,"name":"Home","item":"https:\/\/templatetoaster.com\/cs"},{"@type":"ListItem","position":2,"name":"Jak nahr\u00e1t a nainstalovat \u0161ablony Blogger"}]},{"@type":"WebSite","@id":"https:\/\/templatetoaster.com\/#website","url":"https:\/\/templatetoaster.com\/","name":"TemplateToaster","description":"","publisher":{"@id":"https:\/\/templatetoaster.com\/#organization"},"inLanguage":"cs"},{"@type":"Organization","@id":"https:\/\/templatetoaster.com\/#organization","name":"TemplateToaster","url":"https:\/\/templatetoaster.com\/","logo":{"@type":"ImageObject","inLanguage":"cs","@id":"https:\/\/templatetoaster.com\/#\/schema\/logo\/image\/","url":"https:\/\/templatetoaster.com\/wp-content\/uploads\/2019\/11\/TemplateToaster_Logo.jpg","contentUrl":"https:\/\/templatetoaster.com\/wp-content\/uploads\/2019\/11\/TemplateToaster_Logo.jpg","width":85,"height":85,"caption":"TemplateToaster"},"image":{"@id":"https:\/\/templatetoaster.com\/#\/schema\/logo\/image\/"},"sameAs":["https:\/\/www.facebook.com\/TemplateToaster","https:\/\/x.com\/templatetoaster","https:\/\/www.instagram.com\/templatetoaster\/","https:\/\/www.linkedin.com\/company\/templatetoaster\/","https:\/\/www.pinterest.com\/templatetoaster\/","https:\/\/www.youtube.com\/@TemplateToaster"]}]}},"_links":{"self":[{"href":"https:\/\/templatetoaster.com\/cs\/wp-json\/wp\/v2\/pages\/4356"}],"collection":[{"href":"https:\/\/templatetoaster.com\/cs\/wp-json\/wp\/v2\/pages"}],"about":[{"href":"https:\/\/templatetoaster.com\/cs\/wp-json\/wp\/v2\/types\/page"}],"author":[{"embeddable":true,"href":"https:\/\/templatetoaster.com\/cs\/wp-json\/wp\/v2\/users\/13434"}],"replies":[{"embeddable":true,"href":"https:\/\/templatetoaster.com\/cs\/wp-json\/wp\/v2\/comments?post=4356"}],"version-history":[{"count":5,"href":"https:\/\/templatetoaster.com\/cs\/wp-json\/wp\/v2\/pages\/4356\/revisions"}],"predecessor-version":[{"id":64356,"href":"https:\/\/templatetoaster.com\/cs\/wp-json\/wp\/v2\/pages\/4356\/revisions\/64356"}],"wp:attachment":[{"href":"https:\/\/templatetoaster.com\/cs\/wp-json\/wp\/v2\/media?parent=4356"}],"curies":[{"name":"wp","href":"https:\/\/api.w.org\/{rel}","templated":true}]}}