{"id":4348,"date":"2018-04-14T05:43:04","date_gmt":"2018-04-14T05:43:04","guid":{"rendered":"http:\/\/templatetoaster.com?page_id=4348"},"modified":"2019-08-13T05:59:00","modified_gmt":"2019-08-13T05:59:00","slug":"opencart","status":"publish","type":"page","link":"https:\/\/templatetoaster.com\/cs\/opencart","title":{"rendered":"Jak nahr\u00e1t t\u00e9mat pro OpenCart"},"content":{"rendered":"<div class=\"tt_documentation_instruction_row row\">\n<h1 class=\"heading_border\" style=\"background-size: 623px 1px;\">Jak nahr\u00e1t a konfigurace TemplateToaster vytvo\u0159en\u00e1 t\u00e9mata na OpenCart<\/h1>\n<p>&nbsp;<\/p>\n<div class=\"demo_row1 even row\" style=\"padding-top: 15px;\">\n<div class=\"row\">\n<div class=\"col-md-6 col-sm-6 col-xs-12\">\n<div class=\"vedio_bg\">\n<div class=\"tt_video_modal\"><a href=\"https:\/\/youtu.be\/9z5POqcN8l0\" data-toggle=\"lightbox\" data-gallery=\"youtubevideos\" data-title=\"How to Create OpenCart Theme in TemplateToaster\"><img decoding=\"async\" src=\"https:\/\/templatetoaster.com\/wp-content\/uploads\/2018\/02\/youtube.png\" \/><\/a><\/p>\n<div class=\"video-content\">\n<h3>Jak vytvo\u0159it OpenCart t\u00e9ma v TemplateToaster<\/h3>\n<\/div>\n<\/div>\n<\/div>\n<\/div>\n<div class=\"col-md-6 col-sm-6 col-xs-12\">\n<div class=\"vedio_bg\">\n<div class=\"tt_video_modal\"><a href=\"https:\/\/youtu.be\/XIa9m33VrpM\" data-toggle=\"lightbox\" data-gallery=\"youtubevideos\" data-title=\"How to Upload TemplateToaster generated Theme on OpenCart\"><img decoding=\"async\" src=\"https:\/\/templatetoaster.com\/wp-content\/uploads\/2018\/02\/youtube.png\" \/><\/a><\/p>\n<div class=\"video-content\">\n<h3>Jak nahr\u00e1t TemplateToaster generovan\u00e9 t\u00e9ma na OpenCart<\/h3>\n<\/div>\n<\/div>\n<\/div>\n<\/div>\n<div class=\"clearfix visible-lg-block visible-md-block\"><\/div>\n<\/div>\n<\/div>\n<div class=\"basic\">\n<div class=\"basic-step\">\n<ol>\n<li> Nahr\u00e1t soubor \u0161ablony zip v OpenCart:\n<p>Extrahovat slo\u017eku zip t\u00e9ma -&gt; Otev\u0159\u00edt slo\u017eku -&gt; Vlo\u017eit -&gt; Copy admin, katalog, image a ttr_position.php.<\/li>\n<li> P\u0159ej\u00edt na instalaci OpenCart -&gt; Vlo\u017eit zkop\u00edrovan\u00e9 slo\u017eky.<\/li>\n<li> P\u0159ihl\u00e1\u0161en\u00ed do OpenCart Dashboard -&gt; Syst\u00e9m -&gt; Nastaven\u00ed -&gt; Vyberte si webov\u00e9 str\u00e1nky ze seznamu -&gt; zvolte Upravit.<\/li>\n<li> Upravit nastaven\u00ed -&gt; Obecn\u00e9 -&gt; Template -&gt; vyberte nahran\u00e9 \u0161ablony -&gt; Klepn\u011bte na tla\u010d\u00edtko Ulo\u017eit.<\/li>\n<\/ol>\n<p><a href=\"https:\/\/templatetoaster.com\/wp-content\/uploads\/2017\/10\/step-1.png\"><img loading=\"lazy\" decoding=\"async\" class=\"aligncenter size-full wp-image-3143\" style=\"border: 1px solid gray;\" src=\"https:\/\/templatetoaster.com\/wp-content\/uploads\/2017\/10\/step-1.png\" alt=\"krok 1\" width=\"823\" height=\"439\" srcset=\"https:\/\/templatetoaster.com\/wp-content\/uploads\/2017\/10\/step-1.png 823w, https:\/\/templatetoaster.com\/wp-content\/uploads\/2017\/10\/step-1-600x320.png 600w, https:\/\/templatetoaster.com\/wp-content\/uploads\/2017\/10\/step-1-300x160.png 300w\" sizes=\"(max-width: 823px) 100vw, 823px\" \/><\/a><br \/>\n<a href=\"https:\/\/templatetoaster.com\/wp-content\/uploads\/2017\/10\/step-2a.png\"><img loading=\"lazy\" decoding=\"async\" class=\"aligncenter size-full wp-image-3144\" style=\"border: 1px solid gray;\" src=\"https:\/\/templatetoaster.com\/wp-content\/uploads\/2017\/10\/step-2a.png\" alt=\"krok 2a\" width=\"823\" height=\"438\" srcset=\"https:\/\/templatetoaster.com\/wp-content\/uploads\/2017\/10\/step-2a.png 823w, https:\/\/templatetoaster.com\/wp-content\/uploads\/2017\/10\/step-2a-600x319.png 600w, https:\/\/templatetoaster.com\/wp-content\/uploads\/2017\/10\/step-2a-300x160.png 300w\" sizes=\"(max-width: 823px) 100vw, 823px\" \/><\/a><br \/>\n<a href=\"https:\/\/templatetoaster.com\/wp-content\/uploads\/2017\/10\/step-2b.png\"><img loading=\"lazy\" decoding=\"async\" class=\"aligncenter size-full wp-image-3145\" style=\"border: 1px solid gray;\" src=\"https:\/\/templatetoaster.com\/wp-content\/uploads\/2017\/10\/step-2b.png\" alt=\"krok 2b\" width=\"823\" height=\"438\" srcset=\"https:\/\/templatetoaster.com\/wp-content\/uploads\/2017\/10\/step-2b.png 823w, https:\/\/templatetoaster.com\/wp-content\/uploads\/2017\/10\/step-2b-600x319.png 600w, https:\/\/templatetoaster.com\/wp-content\/uploads\/2017\/10\/step-2b-300x160.png 300w\" sizes=\"(max-width: 823px) 100vw, 823px\" \/><\/a><br \/>\n<a href=\"https:\/\/templatetoaster.com\/wp-content\/uploads\/2017\/10\/Step-3.png\"><img loading=\"lazy\" decoding=\"async\" class=\"aligncenter size-full wp-image-3146\" style=\"border: 1px solid gray;\" src=\"https:\/\/templatetoaster.com\/wp-content\/uploads\/2017\/10\/Step-3.png\" alt=\"Krok 3\" width=\"823\" height=\"366\" srcset=\"https:\/\/templatetoaster.com\/wp-content\/uploads\/2017\/10\/Step-3.png 823w, https:\/\/templatetoaster.com\/wp-content\/uploads\/2017\/10\/Step-3-600x267.png 600w, https:\/\/templatetoaster.com\/wp-content\/uploads\/2017\/10\/Step-3-300x133.png 300w\" sizes=\"(max-width: 823px) 100vw, 823px\" \/><\/a><br \/>\n<a href=\"https:\/\/templatetoaster.com\/wp-content\/uploads\/2017\/10\/Step-4.png\"><img loading=\"lazy\" decoding=\"async\" class=\"aligncenter size-full wp-image-3147\" style=\"border: 1px solid gray;\" src=\"https:\/\/templatetoaster.com\/wp-content\/uploads\/2017\/10\/Step-4.png\" alt=\"Krok 4\" width=\"823\" height=\"363\" srcset=\"https:\/\/templatetoaster.com\/wp-content\/uploads\/2017\/10\/Step-4.png 823w, https:\/\/templatetoaster.com\/wp-content\/uploads\/2017\/10\/Step-4-600x265.png 600w, https:\/\/templatetoaster.com\/wp-content\/uploads\/2017\/10\/Step-4-300x132.png 300w\" sizes=\"(max-width: 823px) 100vw, 823px\" \/><\/a><br \/>\n<a href=\"https:\/\/templatetoaster.com\/wp-content\/uploads\/2017\/10\/Step-5a.png\"><img loading=\"lazy\" decoding=\"async\" class=\"aligncenter size-full wp-image-3148\" style=\"border: 1px solid gray;\" src=\"https:\/\/templatetoaster.com\/wp-content\/uploads\/2017\/10\/Step-5a.png\" alt=\"Krok 5a\" width=\"823\" height=\"694\" srcset=\"https:\/\/templatetoaster.com\/wp-content\/uploads\/2017\/10\/Step-5a.png 823w, https:\/\/templatetoaster.com\/wp-content\/uploads\/2017\/10\/Step-5a-600x506.png 600w, https:\/\/templatetoaster.com\/wp-content\/uploads\/2017\/10\/Step-5a-300x253.png 300w\" sizes=\"(max-width: 823px) 100vw, 823px\" \/><\/a><br \/>\n<a href=\"https:\/\/templatetoaster.com\/wp-content\/uploads\/2017\/10\/Step-5b.png\"><img loading=\"lazy\" decoding=\"async\" class=\"aligncenter size-full wp-image-3149\" style=\"border: 1px solid gray;\" src=\"https:\/\/templatetoaster.com\/wp-content\/uploads\/2017\/10\/Step-5b.png\" alt=\"Krok 5b\" width=\"823\" height=\"364\" srcset=\"https:\/\/templatetoaster.com\/wp-content\/uploads\/2017\/10\/Step-5b.png 823w, https:\/\/templatetoaster.com\/wp-content\/uploads\/2017\/10\/Step-5b-600x265.png 600w, https:\/\/templatetoaster.com\/wp-content\/uploads\/2017\/10\/Step-5b-300x133.png 300w\" sizes=\"(max-width: 823px) 100vw, 823px\" \/><\/a><br \/>\n<a href=\"https:\/\/templatetoaster.com\/wp-content\/uploads\/2017\/10\/Step-5c.png\"><img loading=\"lazy\" decoding=\"async\" class=\"aligncenter size-full wp-image-3150\" style=\"border: 1px solid gray;\" src=\"https:\/\/templatetoaster.com\/wp-content\/uploads\/2017\/10\/Step-5c.png\" alt=\"Krok 5c\" width=\"823\" height=\"365\" srcset=\"https:\/\/templatetoaster.com\/wp-content\/uploads\/2017\/10\/Step-5c.png 823w, https:\/\/templatetoaster.com\/wp-content\/uploads\/2017\/10\/Step-5c-600x266.png 600w, https:\/\/templatetoaster.com\/wp-content\/uploads\/2017\/10\/Step-5c-300x133.png 300w\" sizes=\"(max-width: 823px) 100vw, 823px\" \/><\/a>\n<\/div>\n<\/div>\n<\/div>\n","protected":false},"excerpt":{"rendered":"<p>Jak nahr\u00e1t a konfigurace TemplateToaster vytvo\u0159en\u00e1 t\u00e9mata na OpenCart &nbsp; Jak vytvo\u0159it OpenCart t\u00e9ma v TemplateToaster Jak nahr\u00e1t TemplateToaster generovan\u00e9 t\u00e9ma na OpenCart Nahr\u00e1t soubor \u0161ablony zip v OpenCart: Extrahovat slo\u017eku zip t\u00e9ma -&gt; Otev\u0159\u00edt slo\u017eku -&gt; Vlo\u017eit -&gt; Copy &hellip; <a href=\"https:\/\/templatetoaster.com\/cs\/opencart\">Continue Reading<span class=\"meta-nav\">&rarr;<\/span><\/a><\/p>\n","protected":false},"author":13434,"featured_media":0,"parent":0,"menu_order":0,"comment_status":"closed","ping_status":"closed","template":"PageTemplate1.php","meta":{"footnotes":""},"yoast_head":"<!-- This site is optimized with the Yoast SEO plugin v23.5 - https:\/\/yoast.com\/wordpress\/plugins\/seo\/ -->\n<title>Jak nahr\u00e1t t\u00e9mat pro OpenCart - TemplateToaster<\/title>\n<meta name=\"description\" content=\"Jak nahr\u00e1t a konfigurace TemplateToaster vytvo\u0159en\u00e1 t\u00e9mata na OpenCart\" \/>\n<meta name=\"robots\" content=\"index, follow, max-snippet:-1, max-image-preview:large, max-video-preview:-1\" \/>\n<link rel=\"canonical\" href=\"https:\/\/templatetoaster.com\/cs\/opencart\" \/>\n<meta property=\"og:locale\" content=\"cs_CZ\" \/>\n<meta property=\"og:type\" content=\"article\" \/>\n<meta property=\"og:title\" content=\"Jak nahr\u00e1t t\u00e9mat pro OpenCart - TemplateToaster\" \/>\n<meta property=\"og:description\" content=\"Jak nahr\u00e1t a konfigurace TemplateToaster vytvo\u0159en\u00e1 t\u00e9mata na OpenCart\" \/>\n<meta property=\"og:url\" content=\"https:\/\/templatetoaster.com\/cs\/opencart\" \/>\n<meta property=\"og:site_name\" content=\"TemplateToaster\" \/>\n<meta property=\"article:publisher\" content=\"https:\/\/www.facebook.com\/TemplateToaster\" \/>\n<meta property=\"article:modified_time\" content=\"2019-08-13T05:59:00+00:00\" \/>\n<meta property=\"og:image\" content=\"https:\/\/templatetoaster.com\/wp-content\/uploads\/2018\/02\/youtube.png\" \/>\n<meta name=\"twitter:card\" content=\"summary_large_image\" \/>\n<meta name=\"twitter:site\" content=\"@templatetoaster\" \/>\n<meta name=\"twitter:label1\" content=\"Odhadovan\u00e1 doba \u010dten\u00ed\" \/>\n\t<meta name=\"twitter:data1\" content=\"1 minuta\" \/>\n<script type=\"application\/ld+json\" class=\"yoast-schema-graph\">{\"@context\":\"https:\/\/schema.org\",\"@graph\":[{\"@type\":\"WebPage\",\"@id\":\"https:\/\/templatetoaster.com\/cs\/opencart\",\"url\":\"https:\/\/templatetoaster.com\/cs\/opencart\",\"name\":\"Jak nahr\u00e1t t\u00e9mat pro OpenCart - TemplateToaster\",\"isPartOf\":{\"@id\":\"https:\/\/templatetoaster.com\/#website\"},\"primaryImageOfPage\":{\"@id\":\"https:\/\/templatetoaster.com\/cs\/opencart#primaryimage\"},\"image\":{\"@id\":\"https:\/\/templatetoaster.com\/cs\/opencart#primaryimage\"},\"thumbnailUrl\":\"https:\/\/templatetoaster.com\/wp-content\/uploads\/2018\/02\/youtube.png\",\"datePublished\":\"2018-04-14T05:43:04+00:00\",\"dateModified\":\"2019-08-13T05:59:00+00:00\",\"description\":\"Jak nahr\u00e1t a konfigurace TemplateToaster vytvo\u0159en\u00e1 t\u00e9mata na OpenCart\",\"breadcrumb\":{\"@id\":\"https:\/\/templatetoaster.com\/cs\/opencart#breadcrumb\"},\"inLanguage\":\"cs\",\"potentialAction\":[{\"@type\":\"ReadAction\",\"target\":[\"https:\/\/templatetoaster.com\/cs\/opencart\"]}]},{\"@type\":\"ImageObject\",\"inLanguage\":\"cs\",\"@id\":\"https:\/\/templatetoaster.com\/cs\/opencart#primaryimage\",\"url\":\"https:\/\/templatetoaster.com\/wp-content\/uploads\/2018\/02\/youtube.png\",\"contentUrl\":\"https:\/\/templatetoaster.com\/wp-content\/uploads\/2018\/02\/youtube.png\"},{\"@type\":\"BreadcrumbList\",\"@id\":\"https:\/\/templatetoaster.com\/cs\/opencart#breadcrumb\",\"itemListElement\":[{\"@type\":\"ListItem\",\"position\":1,\"name\":\"Home\",\"item\":\"https:\/\/templatetoaster.com\/cs\"},{\"@type\":\"ListItem\",\"position\":2,\"name\":\"Jak nahr\u00e1t t\u00e9mat pro OpenCart\"}]},{\"@type\":\"WebSite\",\"@id\":\"https:\/\/templatetoaster.com\/#website\",\"url\":\"https:\/\/templatetoaster.com\/\",\"name\":\"TemplateToaster\",\"description\":\"\",\"publisher\":{\"@id\":\"https:\/\/templatetoaster.com\/#organization\"},\"inLanguage\":\"cs\"},{\"@type\":\"Organization\",\"@id\":\"https:\/\/templatetoaster.com\/#organization\",\"name\":\"TemplateToaster\",\"url\":\"https:\/\/templatetoaster.com\/\",\"logo\":{\"@type\":\"ImageObject\",\"inLanguage\":\"cs\",\"@id\":\"https:\/\/templatetoaster.com\/#\/schema\/logo\/image\/\",\"url\":\"https:\/\/templatetoaster.com\/wp-content\/uploads\/2019\/11\/TemplateToaster_Logo.jpg\",\"contentUrl\":\"https:\/\/templatetoaster.com\/wp-content\/uploads\/2019\/11\/TemplateToaster_Logo.jpg\",\"width\":85,\"height\":85,\"caption\":\"TemplateToaster\"},\"image\":{\"@id\":\"https:\/\/templatetoaster.com\/#\/schema\/logo\/image\/\"},\"sameAs\":[\"https:\/\/www.facebook.com\/TemplateToaster\",\"https:\/\/x.com\/templatetoaster\",\"https:\/\/www.instagram.com\/templatetoaster\/\",\"https:\/\/www.linkedin.com\/company\/templatetoaster\/\",\"https:\/\/www.pinterest.com\/templatetoaster\/\",\"https:\/\/www.youtube.com\/@TemplateToaster\"]}]}<\/script>\n<!-- \/ Yoast SEO plugin. -->","yoast_head_json":{"title":"Jak nahr\u00e1t t\u00e9mat pro OpenCart - TemplateToaster","description":"Jak nahr\u00e1t a konfigurace TemplateToaster vytvo\u0159en\u00e1 t\u00e9mata na OpenCart","robots":{"index":"index","follow":"follow","max-snippet":"max-snippet:-1","max-image-preview":"max-image-preview:large","max-video-preview":"max-video-preview:-1"},"canonical":"https:\/\/templatetoaster.com\/cs\/opencart","og_locale":"cs_CZ","og_type":"article","og_title":"Jak nahr\u00e1t t\u00e9mat pro OpenCart - TemplateToaster","og_description":"Jak nahr\u00e1t a konfigurace TemplateToaster vytvo\u0159en\u00e1 t\u00e9mata na OpenCart","og_url":"https:\/\/templatetoaster.com\/cs\/opencart","og_site_name":"TemplateToaster","article_publisher":"https:\/\/www.facebook.com\/TemplateToaster","article_modified_time":"2019-08-13T05:59:00+00:00","og_image":[{"url":"https:\/\/templatetoaster.com\/wp-content\/uploads\/2018\/02\/youtube.png"}],"twitter_card":"summary_large_image","twitter_site":"@templatetoaster","twitter_misc":{"Odhadovan\u00e1 doba \u010dten\u00ed":"1 minuta"},"schema":{"@context":"https:\/\/schema.org","@graph":[{"@type":"WebPage","@id":"https:\/\/templatetoaster.com\/cs\/opencart","url":"https:\/\/templatetoaster.com\/cs\/opencart","name":"Jak nahr\u00e1t t\u00e9mat pro OpenCart - TemplateToaster","isPartOf":{"@id":"https:\/\/templatetoaster.com\/#website"},"primaryImageOfPage":{"@id":"https:\/\/templatetoaster.com\/cs\/opencart#primaryimage"},"image":{"@id":"https:\/\/templatetoaster.com\/cs\/opencart#primaryimage"},"thumbnailUrl":"https:\/\/templatetoaster.com\/wp-content\/uploads\/2018\/02\/youtube.png","datePublished":"2018-04-14T05:43:04+00:00","dateModified":"2019-08-13T05:59:00+00:00","description":"Jak nahr\u00e1t a konfigurace TemplateToaster vytvo\u0159en\u00e1 t\u00e9mata na OpenCart","breadcrumb":{"@id":"https:\/\/templatetoaster.com\/cs\/opencart#breadcrumb"},"inLanguage":"cs","potentialAction":[{"@type":"ReadAction","target":["https:\/\/templatetoaster.com\/cs\/opencart"]}]},{"@type":"ImageObject","inLanguage":"cs","@id":"https:\/\/templatetoaster.com\/cs\/opencart#primaryimage","url":"https:\/\/templatetoaster.com\/wp-content\/uploads\/2018\/02\/youtube.png","contentUrl":"https:\/\/templatetoaster.com\/wp-content\/uploads\/2018\/02\/youtube.png"},{"@type":"BreadcrumbList","@id":"https:\/\/templatetoaster.com\/cs\/opencart#breadcrumb","itemListElement":[{"@type":"ListItem","position":1,"name":"Home","item":"https:\/\/templatetoaster.com\/cs"},{"@type":"ListItem","position":2,"name":"Jak nahr\u00e1t t\u00e9mat pro OpenCart"}]},{"@type":"WebSite","@id":"https:\/\/templatetoaster.com\/#website","url":"https:\/\/templatetoaster.com\/","name":"TemplateToaster","description":"","publisher":{"@id":"https:\/\/templatetoaster.com\/#organization"},"inLanguage":"cs"},{"@type":"Organization","@id":"https:\/\/templatetoaster.com\/#organization","name":"TemplateToaster","url":"https:\/\/templatetoaster.com\/","logo":{"@type":"ImageObject","inLanguage":"cs","@id":"https:\/\/templatetoaster.com\/#\/schema\/logo\/image\/","url":"https:\/\/templatetoaster.com\/wp-content\/uploads\/2019\/11\/TemplateToaster_Logo.jpg","contentUrl":"https:\/\/templatetoaster.com\/wp-content\/uploads\/2019\/11\/TemplateToaster_Logo.jpg","width":85,"height":85,"caption":"TemplateToaster"},"image":{"@id":"https:\/\/templatetoaster.com\/#\/schema\/logo\/image\/"},"sameAs":["https:\/\/www.facebook.com\/TemplateToaster","https:\/\/x.com\/templatetoaster","https:\/\/www.instagram.com\/templatetoaster\/","https:\/\/www.linkedin.com\/company\/templatetoaster\/","https:\/\/www.pinterest.com\/templatetoaster\/","https:\/\/www.youtube.com\/@TemplateToaster"]}]}},"_links":{"self":[{"href":"https:\/\/templatetoaster.com\/cs\/wp-json\/wp\/v2\/pages\/4348"}],"collection":[{"href":"https:\/\/templatetoaster.com\/cs\/wp-json\/wp\/v2\/pages"}],"about":[{"href":"https:\/\/templatetoaster.com\/cs\/wp-json\/wp\/v2\/types\/page"}],"author":[{"embeddable":true,"href":"https:\/\/templatetoaster.com\/cs\/wp-json\/wp\/v2\/users\/13434"}],"replies":[{"embeddable":true,"href":"https:\/\/templatetoaster.com\/cs\/wp-json\/wp\/v2\/comments?post=4348"}],"version-history":[{"count":5,"href":"https:\/\/templatetoaster.com\/cs\/wp-json\/wp\/v2\/pages\/4348\/revisions"}],"predecessor-version":[{"id":64220,"href":"https:\/\/templatetoaster.com\/cs\/wp-json\/wp\/v2\/pages\/4348\/revisions\/64220"}],"wp:attachment":[{"href":"https:\/\/templatetoaster.com\/cs\/wp-json\/wp\/v2\/media?parent=4348"}],"curies":[{"name":"wp","href":"https:\/\/api.w.org\/{rel}","templated":true}]}}