{"id":4342,"date":"2018-04-14T05:37:20","date_gmt":"2018-04-14T05:37:20","guid":{"rendered":"http:\/\/templatetoaster.com?page_id=4342"},"modified":"2018-04-14T05:38:44","modified_gmt":"2018-04-14T05:38:44","slug":"how-to-activate-templatetoaster","status":"publish","type":"page","link":"https:\/\/templatetoaster.com\/cs\/how-to-activate-templatetoaster","title":{"rendered":"Jak aktivovat TemplateToaster"},"content":{"rendered":"<div class=\"remove_collapsing_margins\"><\/div>\n<p><h1 style=\"background-size:415px 1px;\" class=\"heading_border\">Jak aktivovat TemplateToaster<\/h1>\n<p><\/p>\n<div class=\"border1-scr\" style=\"width:1170px; margin:auto; text-align:center;\" >\n<h2>KROK 1 : <span style=\"font-size:18px;\">Otev\u0159en\u00e1 TemplateToaster a vyberte libovolnou mo\u017enost z \u00favodn\u00ed obrazovku.<\/span><\/h2>\n<p><img decoding=\"async\" src=\"\/wp-content\/uploads\/2016\/03\/screen_short_1.jpg\" class=\"center-block\" style=\"border:1px solid #dadada;\"\/><\/p>\n<h2>KROK 2 : <span style=\"font-size:18px;\">M\u016f\u017eete navrhnout \u0161ablonu od za\u010d\u00e1tku v\u00fdb\u011brem t\u00e9to volby.<\/span><\/h2>\n<p><img decoding=\"async\" src=\"\/wp-content\/uploads\/2016\/03\/screen_short_2.jpg\" class=\"center-block\" style=\"border:1px solid #dadada;\"\/><\/p>\n<h2>KROK 3 : <span style=\"font-size:18px;\">Nyn\u00ed si vybrat barevn\u00e9 sch\u00e9ma a typografie pro sv\u016fj projekt.<\/span><\/h2>\n<p><img decoding=\"async\" src=\"\/wp-content\/uploads\/2016\/03\/screen_short_3.jpg\" class=\"center-block\" style=\"border:1px solid #dadada;\"\/><\/p>\n<h2>KROK 4 : <span style=\"font-size:18px;\">Vyberte \u0161ablonu ze \u0161ablony vzorku a p\u0159izp\u016fsobit jeho design dle va\u0161ich preferenc\u00ed.<\/span><\/h2>\n<p><img decoding=\"async\" src=\"\/wp-content\/uploads\/2016\/03\/screen_short_4.jpg\" class=\"center-block\" style=\"border:1px solid #dadada;\"\/><\/p>\n<h2>KROK 5 : <span style=\"font-size:18px;\">Klikn\u011bte na tla\u010d\u00edtko Start pro spu\u0161t\u011bn\u00ed projektu, Jakmile vyberete barevn\u00e9 sch\u00e9ma a typografie.<\/span><\/h2>\n<p><img decoding=\"async\" src=\"\/wp-content\/uploads\/2016\/03\/screen_short_5.jpg\" class=\"center-block\" style=\"border:1px solid #dadada;\"\/><\/p>\n<h2>KROK 6 : <span style=\"font-size:18px;\">P\u0159ejd\u011bte do nab\u00eddky Soubor. Kliknut\u00edm na mo\u017enost aktivace.<\/span><\/h2>\n<p><img decoding=\"async\" src=\"\/wp-content\/uploads\/2016\/03\/screen_short_6.jpg\" class=\"center-block\" style=\"border:1px solid #dadada;\"\/><\/p>\n<h2>KROK 7 : <span style=\"font-size:18px;\">Zadejte zakoupen\u00fd aktiva\u010dn\u00ed kl\u00ed\u010d a klepn\u011bte na tla\u010d\u00edtko Aktivovat.<\/span><\/h2>\n<p><img decoding=\"async\" src=\"\/wp-content\/uploads\/2016\/03\/screen_short_7.jpg\" class=\"center-block\" style=\"border:1px solid #dadada;\"\/><\/p>\n<h2>KROK 8<\/h2>\n<p><img decoding=\"async\" src=\"\/wp-content\/uploads\/2016\/03\/screen_short_8.jpg\" class=\"center-block\" style=\"border:1px solid #dadada;\"\/><\/p>\n<\/div>\n","protected":false},"excerpt":{"rendered":"<p>Jak aktivovat TemplateToaster KROK 1 : Otev\u0159en\u00e1 TemplateToaster a vyberte libovolnou mo\u017enost z \u00favodn\u00ed obrazovku. KROK 2 : M\u016f\u017eete navrhnout \u0161ablonu od za\u010d\u00e1tku v\u00fdb\u011brem t\u00e9to volby. KROK 3 : Nyn\u00ed si vybrat barevn\u00e9 sch\u00e9ma a typografie pro sv\u016fj projekt. KROK &hellip; <a href=\"https:\/\/templatetoaster.com\/cs\/how-to-activate-templatetoaster\">Continue Reading<span class=\"meta-nav\">&rarr;<\/span><\/a><\/p>\n","protected":false},"author":13434,"featured_media":0,"parent":0,"menu_order":0,"comment_status":"closed","ping_status":"open","template":"","meta":{"footnotes":""},"yoast_head":"<!-- This site is optimized with the Yoast SEO plugin v23.5 - https:\/\/yoast.com\/wordpress\/plugins\/seo\/ -->\n<title>Jak aktivovat TemplateToaster - TemplateToaster<\/title>\n<meta name=\"description\" content=\"Jak aktivovat software TemplateToaster\" \/>\n<meta name=\"robots\" content=\"noindex, follow\" \/>\n<meta property=\"og:locale\" content=\"cs_CZ\" \/>\n<meta property=\"og:type\" content=\"article\" \/>\n<meta property=\"og:title\" content=\"Jak aktivovat TemplateToaster - TemplateToaster\" \/>\n<meta property=\"og:description\" content=\"Jak aktivovat software TemplateToaster\" \/>\n<meta property=\"og:url\" content=\"https:\/\/templatetoaster.com\/cs\/how-to-activate-templatetoaster\" \/>\n<meta property=\"og:site_name\" content=\"TemplateToaster\" \/>\n<meta property=\"article:publisher\" content=\"https:\/\/www.facebook.com\/TemplateToaster\" \/>\n<meta property=\"article:modified_time\" content=\"2018-04-14T05:38:44+00:00\" \/>\n<meta property=\"og:image\" content=\"https:\/\/templatetoaster.com\/wp-content\/uploads\/2015\/07\/TemplateToaster-325X325.png\" \/>\n\t<meta property=\"og:image:width\" content=\"325\" \/>\n\t<meta property=\"og:image:height\" content=\"325\" \/>\n\t<meta property=\"og:image:type\" content=\"image\/png\" \/>\n<meta name=\"twitter:card\" content=\"summary_large_image\" \/>\n<meta name=\"twitter:site\" content=\"@templatetoaster\" \/>\n<meta name=\"twitter:label1\" content=\"Odhadovan\u00e1 doba \u010dten\u00ed\" \/>\n\t<meta name=\"twitter:data1\" content=\"1 minuta\" \/>\n<script type=\"application\/ld+json\" class=\"yoast-schema-graph\">{\"@context\":\"https:\/\/schema.org\",\"@graph\":[{\"@type\":\"WebPage\",\"@id\":\"https:\/\/templatetoaster.com\/cs\/how-to-activate-templatetoaster\",\"url\":\"https:\/\/templatetoaster.com\/cs\/how-to-activate-templatetoaster\",\"name\":\"Jak aktivovat TemplateToaster - TemplateToaster\",\"isPartOf\":{\"@id\":\"https:\/\/templatetoaster.com\/#website\"},\"datePublished\":\"2018-04-14T05:37:20+00:00\",\"dateModified\":\"2018-04-14T05:38:44+00:00\",\"description\":\"Jak aktivovat software TemplateToaster\",\"breadcrumb\":{\"@id\":\"https:\/\/templatetoaster.com\/cs\/how-to-activate-templatetoaster#breadcrumb\"},\"inLanguage\":\"cs\",\"potentialAction\":[{\"@type\":\"ReadAction\",\"target\":[\"https:\/\/templatetoaster.com\/cs\/how-to-activate-templatetoaster\"]}]},{\"@type\":\"BreadcrumbList\",\"@id\":\"https:\/\/templatetoaster.com\/cs\/how-to-activate-templatetoaster#breadcrumb\",\"itemListElement\":[{\"@type\":\"ListItem\",\"position\":1,\"name\":\"Home\",\"item\":\"https:\/\/templatetoaster.com\/cs\"},{\"@type\":\"ListItem\",\"position\":2,\"name\":\"Jak aktivovat TemplateToaster\"}]},{\"@type\":\"WebSite\",\"@id\":\"https:\/\/templatetoaster.com\/#website\",\"url\":\"https:\/\/templatetoaster.com\/\",\"name\":\"TemplateToaster\",\"description\":\"\",\"publisher\":{\"@id\":\"https:\/\/templatetoaster.com\/#organization\"},\"inLanguage\":\"cs\"},{\"@type\":\"Organization\",\"@id\":\"https:\/\/templatetoaster.com\/#organization\",\"name\":\"TemplateToaster\",\"url\":\"https:\/\/templatetoaster.com\/\",\"logo\":{\"@type\":\"ImageObject\",\"inLanguage\":\"cs\",\"@id\":\"https:\/\/templatetoaster.com\/#\/schema\/logo\/image\/\",\"url\":\"https:\/\/templatetoaster.com\/wp-content\/uploads\/2019\/11\/TemplateToaster_Logo.jpg\",\"contentUrl\":\"https:\/\/templatetoaster.com\/wp-content\/uploads\/2019\/11\/TemplateToaster_Logo.jpg\",\"width\":85,\"height\":85,\"caption\":\"TemplateToaster\"},\"image\":{\"@id\":\"https:\/\/templatetoaster.com\/#\/schema\/logo\/image\/\"},\"sameAs\":[\"https:\/\/www.facebook.com\/TemplateToaster\",\"https:\/\/x.com\/templatetoaster\",\"https:\/\/www.instagram.com\/templatetoaster\/\",\"https:\/\/www.linkedin.com\/company\/templatetoaster\/\",\"https:\/\/www.pinterest.com\/templatetoaster\/\",\"https:\/\/www.youtube.com\/@TemplateToaster\"]}]}<\/script>\n<!-- \/ Yoast SEO plugin. -->","yoast_head_json":{"title":"Jak aktivovat TemplateToaster - TemplateToaster","description":"Jak aktivovat software TemplateToaster","robots":{"index":"noindex","follow":"follow"},"og_locale":"cs_CZ","og_type":"article","og_title":"Jak aktivovat TemplateToaster - TemplateToaster","og_description":"Jak aktivovat software TemplateToaster","og_url":"https:\/\/templatetoaster.com\/cs\/how-to-activate-templatetoaster","og_site_name":"TemplateToaster","article_publisher":"https:\/\/www.facebook.com\/TemplateToaster","article_modified_time":"2018-04-14T05:38:44+00:00","og_image":[{"width":325,"height":325,"url":"https:\/\/templatetoaster.com\/wp-content\/uploads\/2015\/07\/TemplateToaster-325X325.png","type":"image\/png"}],"twitter_card":"summary_large_image","twitter_site":"@templatetoaster","twitter_misc":{"Odhadovan\u00e1 doba \u010dten\u00ed":"1 minuta"},"schema":{"@context":"https:\/\/schema.org","@graph":[{"@type":"WebPage","@id":"https:\/\/templatetoaster.com\/cs\/how-to-activate-templatetoaster","url":"https:\/\/templatetoaster.com\/cs\/how-to-activate-templatetoaster","name":"Jak aktivovat TemplateToaster - TemplateToaster","isPartOf":{"@id":"https:\/\/templatetoaster.com\/#website"},"datePublished":"2018-04-14T05:37:20+00:00","dateModified":"2018-04-14T05:38:44+00:00","description":"Jak aktivovat software TemplateToaster","breadcrumb":{"@id":"https:\/\/templatetoaster.com\/cs\/how-to-activate-templatetoaster#breadcrumb"},"inLanguage":"cs","potentialAction":[{"@type":"ReadAction","target":["https:\/\/templatetoaster.com\/cs\/how-to-activate-templatetoaster"]}]},{"@type":"BreadcrumbList","@id":"https:\/\/templatetoaster.com\/cs\/how-to-activate-templatetoaster#breadcrumb","itemListElement":[{"@type":"ListItem","position":1,"name":"Home","item":"https:\/\/templatetoaster.com\/cs"},{"@type":"ListItem","position":2,"name":"Jak aktivovat TemplateToaster"}]},{"@type":"WebSite","@id":"https:\/\/templatetoaster.com\/#website","url":"https:\/\/templatetoaster.com\/","name":"TemplateToaster","description":"","publisher":{"@id":"https:\/\/templatetoaster.com\/#organization"},"inLanguage":"cs"},{"@type":"Organization","@id":"https:\/\/templatetoaster.com\/#organization","name":"TemplateToaster","url":"https:\/\/templatetoaster.com\/","logo":{"@type":"ImageObject","inLanguage":"cs","@id":"https:\/\/templatetoaster.com\/#\/schema\/logo\/image\/","url":"https:\/\/templatetoaster.com\/wp-content\/uploads\/2019\/11\/TemplateToaster_Logo.jpg","contentUrl":"https:\/\/templatetoaster.com\/wp-content\/uploads\/2019\/11\/TemplateToaster_Logo.jpg","width":85,"height":85,"caption":"TemplateToaster"},"image":{"@id":"https:\/\/templatetoaster.com\/#\/schema\/logo\/image\/"},"sameAs":["https:\/\/www.facebook.com\/TemplateToaster","https:\/\/x.com\/templatetoaster","https:\/\/www.instagram.com\/templatetoaster\/","https:\/\/www.linkedin.com\/company\/templatetoaster\/","https:\/\/www.pinterest.com\/templatetoaster\/","https:\/\/www.youtube.com\/@TemplateToaster"]}]}},"_links":{"self":[{"href":"https:\/\/templatetoaster.com\/cs\/wp-json\/wp\/v2\/pages\/4342"}],"collection":[{"href":"https:\/\/templatetoaster.com\/cs\/wp-json\/wp\/v2\/pages"}],"about":[{"href":"https:\/\/templatetoaster.com\/cs\/wp-json\/wp\/v2\/types\/page"}],"author":[{"embeddable":true,"href":"https:\/\/templatetoaster.com\/cs\/wp-json\/wp\/v2\/users\/13434"}],"replies":[{"embeddable":true,"href":"https:\/\/templatetoaster.com\/cs\/wp-json\/wp\/v2\/comments?post=4342"}],"version-history":[{"count":2,"href":"https:\/\/templatetoaster.com\/cs\/wp-json\/wp\/v2\/pages\/4342\/revisions"}],"predecessor-version":[{"id":4347,"href":"https:\/\/templatetoaster.com\/cs\/wp-json\/wp\/v2\/pages\/4342\/revisions\/4347"}],"wp:attachment":[{"href":"https:\/\/templatetoaster.com\/cs\/wp-json\/wp\/v2\/media?parent=4342"}],"curies":[{"name":"wp","href":"https:\/\/api.w.org\/{rel}","templated":true}]}}