{"id":4338,"date":"2018-04-14T05:35:06","date_gmt":"2018-04-14T05:35:06","guid":{"rendered":"http:\/\/templatetoaster.com?page_id=4338"},"modified":"2019-06-17T05:42:55","modified_gmt":"2019-06-17T05:42:55","slug":"how-it-works","status":"publish","type":"page","link":"https:\/\/templatetoaster.com\/cs\/how-it-works","title":{"rendered":"Jak TemplateToaster funguje"},"content":{"rendered":"<div class=\"remove_collapsing_margins\"><\/div>\n<p>&nbsp;<\/p>\n<h1 class=\"heading_border\" style=\"background-size: 185px 1px;\">Jak TemplateToaster Works<\/h1>\n<p>&nbsp;<\/p>\n<div class=\"border1-scr how-it-works\">\n<figure><img loading=\"lazy\" decoding=\"async\" class=\"aligncenter size-large wp-image-4973\" src=\"https:\/\/templatetoaster.com\/wp-content\/uploads\/2018\/04\/download-templatetoaster-1024x493.jpg\" alt=\"download templatetoaster software\" width=\"900\" height=\"433\" srcset=\"https:\/\/templatetoaster.com\/wp-content\/uploads\/2018\/04\/download-templatetoaster-1024x493.jpg 1024w, https:\/\/templatetoaster.com\/wp-content\/uploads\/2018\/04\/download-templatetoaster-1000x481.jpg 1000w, https:\/\/templatetoaster.com\/wp-content\/uploads\/2018\/04\/download-templatetoaster-300x144.jpg 300w, https:\/\/templatetoaster.com\/wp-content\/uploads\/2018\/04\/download-templatetoaster-768x369.jpg 768w, https:\/\/templatetoaster.com\/wp-content\/uploads\/2018\/04\/download-templatetoaster.jpg 1349w\" sizes=\"(max-width: 900px) 100vw, 900px\" \/><figcaption class=\"screenshot-caption\">1. Sta\u017een\u00ed a instalace TemplateToaster na po\u010d\u00edta\u010di<\/figcaption><\/figure>\n<p>&nbsp;<\/p>\n<figure><img loading=\"lazy\" decoding=\"async\" class=\"aligncenter size-large wp-image-4975\" src=\"https:\/\/templatetoaster.com\/wp-content\/uploads\/2018\/04\/start-from-scratch_templatetoaster-1024x576.jpg\" alt=\"start from scratch or modify a pre designed template in templatetoaster\" width=\"900\" height=\"506\" srcset=\"https:\/\/templatetoaster.com\/wp-content\/uploads\/2018\/04\/start-from-scratch_templatetoaster-1024x576.jpg 1024w, https:\/\/templatetoaster.com\/wp-content\/uploads\/2018\/04\/start-from-scratch_templatetoaster-1000x562.jpg 1000w, https:\/\/templatetoaster.com\/wp-content\/uploads\/2018\/04\/start-from-scratch_templatetoaster-300x169.jpg 300w, https:\/\/templatetoaster.com\/wp-content\/uploads\/2018\/04\/start-from-scratch_templatetoaster-768x432.jpg 768w, https:\/\/templatetoaster.com\/wp-content\/uploads\/2018\/04\/start-from-scratch_templatetoaster.jpg 1366w\" sizes=\"(max-width: 900px) 100vw, 900px\" \/><figcaption class=\"screenshot-caption\">2. Za\u010d\u00edt vytv\u00e1\u0159et od nuly nebo \u00faprava p\u0159edem navr\u017een\u00fdch \u0161ablon<\/figcaption><\/figure>\n<p>&nbsp;<\/p>\n<figure><img loading=\"lazy\" decoding=\"async\" class=\"aligncenter size-large wp-image-4976\" src=\"https:\/\/templatetoaster.com\/wp-content\/uploads\/2018\/04\/design_your_website_or_theme_or_template_in_templatetoaster-1024x576.jpg\" alt=\"design your website or theme or template in templatetoaster\" width=\"900\" height=\"506\" srcset=\"https:\/\/templatetoaster.com\/wp-content\/uploads\/2018\/04\/design_your_website_or_theme_or_template_in_templatetoaster-1024x576.jpg 1024w, https:\/\/templatetoaster.com\/wp-content\/uploads\/2018\/04\/design_your_website_or_theme_or_template_in_templatetoaster-1000x562.jpg 1000w, https:\/\/templatetoaster.com\/wp-content\/uploads\/2018\/04\/design_your_website_or_theme_or_template_in_templatetoaster-300x169.jpg 300w, https:\/\/templatetoaster.com\/wp-content\/uploads\/2018\/04\/design_your_website_or_theme_or_template_in_templatetoaster-768x432.jpg 768w, https:\/\/templatetoaster.com\/wp-content\/uploads\/2018\/04\/design_your_website_or_theme_or_template_in_templatetoaster.jpg 1366w\" sizes=\"(max-width: 900px) 100vw, 900px\" \/><figcaption class=\"screenshot-caption\">3. Upravovat nebo Navrhn\u011bte si \u0161ablonu nebo webov\u00e9 str\u00e1nky<\/figcaption><\/figure>\n<p>&nbsp;<\/p>\n<figure><img loading=\"lazy\" decoding=\"async\" class=\"aligncenter size-large wp-image-4974\" src=\"https:\/\/templatetoaster.com\/wp-content\/uploads\/2018\/04\/export_template_and_upload_templatetoaster-1024x576.jpg\" alt=\"export template from templatetoaster and upload\" width=\"900\" height=\"506\" srcset=\"https:\/\/templatetoaster.com\/wp-content\/uploads\/2018\/04\/export_template_and_upload_templatetoaster-1024x576.jpg 1024w, https:\/\/templatetoaster.com\/wp-content\/uploads\/2018\/04\/export_template_and_upload_templatetoaster-1000x562.jpg 1000w, https:\/\/templatetoaster.com\/wp-content\/uploads\/2018\/04\/export_template_and_upload_templatetoaster-300x169.jpg 300w, https:\/\/templatetoaster.com\/wp-content\/uploads\/2018\/04\/export_template_and_upload_templatetoaster-768x432.jpg 768w, https:\/\/templatetoaster.com\/wp-content\/uploads\/2018\/04\/export_template_and_upload_templatetoaster.jpg 1366w\" sizes=\"(max-width: 900px) 100vw, 900px\" \/><figcaption class=\"screenshot-caption\">4. Export and Upload\/Install<\/figcaption><\/figure>\n<\/div>\n<p>&nbsp;<\/p>\n<p style=\"text-align: center; clear: both;\"><a class=\"btn download_button btn-feature\" href=\"https:\/\/templatetoaster.com\/cs\/download\">St\u00e1hnout te\u010f<\/a><\/p>\n","protected":false},"excerpt":{"rendered":"<p>&nbsp; Jak TemplateToaster Works &nbsp; 1. Sta\u017een\u00ed a instalace TemplateToaster na po\u010d\u00edta\u010di &nbsp; 2. Za\u010d\u00edt vytv\u00e1\u0159et od nuly nebo \u00faprava p\u0159edem navr\u017een\u00fdch \u0161ablon &nbsp; 3. Upravovat nebo Navrhn\u011bte si \u0161ablonu nebo webov\u00e9 str\u00e1nky &nbsp; 4. Export and Upload\/Install &nbsp; St\u00e1hnout &hellip; <a href=\"https:\/\/templatetoaster.com\/cs\/how-it-works\">Continue Reading<span class=\"meta-nav\">&rarr;<\/span><\/a><\/p>\n","protected":false},"author":13434,"featured_media":0,"parent":0,"menu_order":0,"comment_status":"closed","ping_status":"closed","template":"PageTemplate1.php","meta":{"footnotes":""},"yoast_head":"<!-- This site is optimized with the Yoast SEO plugin v23.5 - https:\/\/yoast.com\/wordpress\/plugins\/seo\/ -->\n<title>Jak TemplateToaster funguje - TemplateToaster<\/title>\n<meta name=\"description\" content=\"Jak TemplateToaster software pracuje\" \/>\n<meta name=\"robots\" content=\"index, follow, max-snippet:-1, max-image-preview:large, max-video-preview:-1\" \/>\n<link rel=\"canonical\" href=\"https:\/\/templatetoaster.com\/cs\/how-it-works\" \/>\n<meta property=\"og:locale\" content=\"cs_CZ\" \/>\n<meta property=\"og:type\" content=\"article\" \/>\n<meta property=\"og:title\" content=\"Jak TemplateToaster funguje - TemplateToaster\" \/>\n<meta property=\"og:description\" content=\"Jak TemplateToaster software pracuje\" \/>\n<meta property=\"og:url\" content=\"https:\/\/templatetoaster.com\/cs\/how-it-works\" \/>\n<meta property=\"og:site_name\" content=\"TemplateToaster\" \/>\n<meta property=\"article:publisher\" content=\"https:\/\/www.facebook.com\/TemplateToaster\" \/>\n<meta property=\"article:modified_time\" content=\"2019-06-17T05:42:55+00:00\" \/>\n<meta property=\"og:image\" content=\"https:\/\/templatetoaster.com\/wp-content\/uploads\/2018\/04\/download-templatetoaster-1024x493.jpg\" \/>\n<meta name=\"twitter:card\" content=\"summary_large_image\" \/>\n<meta name=\"twitter:site\" content=\"@templatetoaster\" \/>\n<script type=\"application\/ld+json\" class=\"yoast-schema-graph\">{\"@context\":\"https:\/\/schema.org\",\"@graph\":[{\"@type\":\"WebPage\",\"@id\":\"https:\/\/templatetoaster.com\/cs\/how-it-works\",\"url\":\"https:\/\/templatetoaster.com\/cs\/how-it-works\",\"name\":\"Jak TemplateToaster funguje - TemplateToaster\",\"isPartOf\":{\"@id\":\"https:\/\/templatetoaster.com\/#website\"},\"primaryImageOfPage\":{\"@id\":\"https:\/\/templatetoaster.com\/cs\/how-it-works#primaryimage\"},\"image\":{\"@id\":\"https:\/\/templatetoaster.com\/cs\/how-it-works#primaryimage\"},\"thumbnailUrl\":\"https:\/\/templatetoaster.com\/wp-content\/uploads\/2018\/04\/download-templatetoaster-1024x493.jpg\",\"datePublished\":\"2018-04-14T05:35:06+00:00\",\"dateModified\":\"2019-06-17T05:42:55+00:00\",\"description\":\"Jak TemplateToaster software pracuje\",\"breadcrumb\":{\"@id\":\"https:\/\/templatetoaster.com\/cs\/how-it-works#breadcrumb\"},\"inLanguage\":\"cs\",\"potentialAction\":[{\"@type\":\"ReadAction\",\"target\":[\"https:\/\/templatetoaster.com\/cs\/how-it-works\"]}]},{\"@type\":\"ImageObject\",\"inLanguage\":\"cs\",\"@id\":\"https:\/\/templatetoaster.com\/cs\/how-it-works#primaryimage\",\"url\":\"https:\/\/templatetoaster.com\/wp-content\/uploads\/2018\/04\/download-templatetoaster-1024x493.jpg\",\"contentUrl\":\"https:\/\/templatetoaster.com\/wp-content\/uploads\/2018\/04\/download-templatetoaster-1024x493.jpg\"},{\"@type\":\"BreadcrumbList\",\"@id\":\"https:\/\/templatetoaster.com\/cs\/how-it-works#breadcrumb\",\"itemListElement\":[{\"@type\":\"ListItem\",\"position\":1,\"name\":\"Home\",\"item\":\"https:\/\/templatetoaster.com\/cs\"},{\"@type\":\"ListItem\",\"position\":2,\"name\":\"Jak TemplateToaster funguje\"}]},{\"@type\":\"WebSite\",\"@id\":\"https:\/\/templatetoaster.com\/#website\",\"url\":\"https:\/\/templatetoaster.com\/\",\"name\":\"TemplateToaster\",\"description\":\"\",\"publisher\":{\"@id\":\"https:\/\/templatetoaster.com\/#organization\"},\"inLanguage\":\"cs\"},{\"@type\":\"Organization\",\"@id\":\"https:\/\/templatetoaster.com\/#organization\",\"name\":\"TemplateToaster\",\"url\":\"https:\/\/templatetoaster.com\/\",\"logo\":{\"@type\":\"ImageObject\",\"inLanguage\":\"cs\",\"@id\":\"https:\/\/templatetoaster.com\/#\/schema\/logo\/image\/\",\"url\":\"https:\/\/templatetoaster.com\/wp-content\/uploads\/2019\/11\/TemplateToaster_Logo.jpg\",\"contentUrl\":\"https:\/\/templatetoaster.com\/wp-content\/uploads\/2019\/11\/TemplateToaster_Logo.jpg\",\"width\":85,\"height\":85,\"caption\":\"TemplateToaster\"},\"image\":{\"@id\":\"https:\/\/templatetoaster.com\/#\/schema\/logo\/image\/\"},\"sameAs\":[\"https:\/\/www.facebook.com\/TemplateToaster\",\"https:\/\/x.com\/templatetoaster\",\"https:\/\/www.instagram.com\/templatetoaster\/\",\"https:\/\/www.linkedin.com\/company\/templatetoaster\/\",\"https:\/\/www.pinterest.com\/templatetoaster\/\",\"https:\/\/www.youtube.com\/@TemplateToaster\"]}]}<\/script>\n<!-- \/ Yoast SEO plugin. -->","yoast_head_json":{"title":"Jak TemplateToaster funguje - TemplateToaster","description":"Jak TemplateToaster software pracuje","robots":{"index":"index","follow":"follow","max-snippet":"max-snippet:-1","max-image-preview":"max-image-preview:large","max-video-preview":"max-video-preview:-1"},"canonical":"https:\/\/templatetoaster.com\/cs\/how-it-works","og_locale":"cs_CZ","og_type":"article","og_title":"Jak TemplateToaster funguje - TemplateToaster","og_description":"Jak TemplateToaster software pracuje","og_url":"https:\/\/templatetoaster.com\/cs\/how-it-works","og_site_name":"TemplateToaster","article_publisher":"https:\/\/www.facebook.com\/TemplateToaster","article_modified_time":"2019-06-17T05:42:55+00:00","og_image":[{"url":"https:\/\/templatetoaster.com\/wp-content\/uploads\/2018\/04\/download-templatetoaster-1024x493.jpg"}],"twitter_card":"summary_large_image","twitter_site":"@templatetoaster","schema":{"@context":"https:\/\/schema.org","@graph":[{"@type":"WebPage","@id":"https:\/\/templatetoaster.com\/cs\/how-it-works","url":"https:\/\/templatetoaster.com\/cs\/how-it-works","name":"Jak TemplateToaster funguje - TemplateToaster","isPartOf":{"@id":"https:\/\/templatetoaster.com\/#website"},"primaryImageOfPage":{"@id":"https:\/\/templatetoaster.com\/cs\/how-it-works#primaryimage"},"image":{"@id":"https:\/\/templatetoaster.com\/cs\/how-it-works#primaryimage"},"thumbnailUrl":"https:\/\/templatetoaster.com\/wp-content\/uploads\/2018\/04\/download-templatetoaster-1024x493.jpg","datePublished":"2018-04-14T05:35:06+00:00","dateModified":"2019-06-17T05:42:55+00:00","description":"Jak TemplateToaster software pracuje","breadcrumb":{"@id":"https:\/\/templatetoaster.com\/cs\/how-it-works#breadcrumb"},"inLanguage":"cs","potentialAction":[{"@type":"ReadAction","target":["https:\/\/templatetoaster.com\/cs\/how-it-works"]}]},{"@type":"ImageObject","inLanguage":"cs","@id":"https:\/\/templatetoaster.com\/cs\/how-it-works#primaryimage","url":"https:\/\/templatetoaster.com\/wp-content\/uploads\/2018\/04\/download-templatetoaster-1024x493.jpg","contentUrl":"https:\/\/templatetoaster.com\/wp-content\/uploads\/2018\/04\/download-templatetoaster-1024x493.jpg"},{"@type":"BreadcrumbList","@id":"https:\/\/templatetoaster.com\/cs\/how-it-works#breadcrumb","itemListElement":[{"@type":"ListItem","position":1,"name":"Home","item":"https:\/\/templatetoaster.com\/cs"},{"@type":"ListItem","position":2,"name":"Jak TemplateToaster funguje"}]},{"@type":"WebSite","@id":"https:\/\/templatetoaster.com\/#website","url":"https:\/\/templatetoaster.com\/","name":"TemplateToaster","description":"","publisher":{"@id":"https:\/\/templatetoaster.com\/#organization"},"inLanguage":"cs"},{"@type":"Organization","@id":"https:\/\/templatetoaster.com\/#organization","name":"TemplateToaster","url":"https:\/\/templatetoaster.com\/","logo":{"@type":"ImageObject","inLanguage":"cs","@id":"https:\/\/templatetoaster.com\/#\/schema\/logo\/image\/","url":"https:\/\/templatetoaster.com\/wp-content\/uploads\/2019\/11\/TemplateToaster_Logo.jpg","contentUrl":"https:\/\/templatetoaster.com\/wp-content\/uploads\/2019\/11\/TemplateToaster_Logo.jpg","width":85,"height":85,"caption":"TemplateToaster"},"image":{"@id":"https:\/\/templatetoaster.com\/#\/schema\/logo\/image\/"},"sameAs":["https:\/\/www.facebook.com\/TemplateToaster","https:\/\/x.com\/templatetoaster","https:\/\/www.instagram.com\/templatetoaster\/","https:\/\/www.linkedin.com\/company\/templatetoaster\/","https:\/\/www.pinterest.com\/templatetoaster\/","https:\/\/www.youtube.com\/@TemplateToaster"]}]}},"_links":{"self":[{"href":"https:\/\/templatetoaster.com\/cs\/wp-json\/wp\/v2\/pages\/4338"}],"collection":[{"href":"https:\/\/templatetoaster.com\/cs\/wp-json\/wp\/v2\/pages"}],"about":[{"href":"https:\/\/templatetoaster.com\/cs\/wp-json\/wp\/v2\/types\/page"}],"author":[{"embeddable":true,"href":"https:\/\/templatetoaster.com\/cs\/wp-json\/wp\/v2\/users\/13434"}],"replies":[{"embeddable":true,"href":"https:\/\/templatetoaster.com\/cs\/wp-json\/wp\/v2\/comments?post=4338"}],"version-history":[{"count":3,"href":"https:\/\/templatetoaster.com\/cs\/wp-json\/wp\/v2\/pages\/4338\/revisions"}],"predecessor-version":[{"id":33599,"href":"https:\/\/templatetoaster.com\/cs\/wp-json\/wp\/v2\/pages\/4338\/revisions\/33599"}],"wp:attachment":[{"href":"https:\/\/templatetoaster.com\/cs\/wp-json\/wp\/v2\/media?parent=4338"}],"curies":[{"name":"wp","href":"https:\/\/api.w.org\/{rel}","templated":true}]}}