{"id":4334,"date":"2018-04-14T05:32:42","date_gmt":"2018-04-14T05:32:42","guid":{"rendered":"http:\/\/templatetoaster.com?page_id=4334"},"modified":"2019-08-09T07:56:10","modified_gmt":"2019-08-09T07:56:10","slug":"faqs","status":"publish","type":"page","link":"https:\/\/templatetoaster.com\/cs\/faqs","title":{"rendered":"\u010casto kladen\u00e9 ot\u00e1zky"},"content":{"rendered":"<div class=\"tt_faq_row row\">\n<h1 class=\"heading_border\" style=\"background-size: 586px 1px; padding-top: 40px; bottom-top: 10px;\">TemplateToaster \u010dasto kladen\u00e9 ot\u00e1zky<\/h1>\n<h4 class=\"joomla\">Q: Lze p\u0159esunout TemplateToaster z jednoho po\u010d\u00edta\u010de do druh\u00e9ho?<\/h4>\n<p class=\"wordpress\">A: Ano, jednodu\u0161e deaktivovat TemplateToaster z aktu\u00e1ln\u00edho po\u010d\u00edta\u010de, ji nainstalovat do nov\u00e9ho po\u010d\u00edta\u010de a bude mo\u017en\u00e9 jej znovu pomoc\u00ed licen\u010dn\u00ed kl\u00ed\u010d aktivovat.<\/p>\n<h4 class=\"joomla\">Q: Lze jej nainstalovat na v\u00edce ne\u017e jednom po\u010d\u00edta\u010di?<\/h4>\n<p class=\"wordpress\">A: <del datetime=\"2013-06-01T04:25:23+00:00\">Ne, povolujeme pouze jednu aktivaci za licen\u010dn\u00ed kl\u00ed\u010d<\/del>. Na popt\u00e1vku z\u00e1kazn\u00edk\u016f presti\u017en\u00ed, nyn\u00ed nab\u00edz\u00edme dv\u011b aktivace, ale oba po\u010d\u00edta\u010de mus\u00ed b\u00fdt ve vlastnictv\u00ed jedn\u00e9 osoby.<\/p>\n<h4 class=\"joomla\">Q: Lze prodat licenci?<\/h4>\n<p class=\"wordpress\">A: Ano, m\u016f\u017eete prodat nebo p\u0159ev\u00e9st v\u00e1\u0161 licen\u010dn\u00ed kl\u00ed\u010d nikomu. M\u016f\u017eete zm\u011bnit vlastnictv\u00ed detaily, jako je jm\u00e9no nebo e-mailu z va\u0161eho profilu kdykoliv.<\/p>\n<h4 class=\"joomla\">Q: Lze prodat \u0161ablony nebo motivy s TemplateToaster?<\/h4>\n<p class=\"wordpress\">A: Jist\u011b, exportovan\u00fd \u0161ablony m\u016f\u017eete prodat po\u017eadovan\u00fd po\u010det osob.<\/p>\n<h4 class=\"joomla\">Q: Je tam n\u011bjak\u00e9 dom\u00e9ny souvisej\u00edc\u00ed omezen\u00ed?<\/h4>\n<p class=\"wordpress\">A: Ne, neexistuje \u017e\u00e1dn\u00fd \u201cDom\u00e9na\u201d nebo \u201cpo\u010det web\u016f\u201d souvisej\u00edc\u00ed omezen\u00ed, m\u016f\u017eete vytvo\u0159it libovoln\u00fd po\u010det \u0161ablon nebo t\u00e9mata a tolik str\u00e1nek, jako je t\u0159eba.<\/p>\n<h4 class=\"joomla\">Q: Co kdy\u017e m\u00e1 po\u010d\u00edta\u010d bur\u00e1cen\u00ed?<\/h4>\n<p class=\"wordpress\">A: Jednodu\u0161e opravit po\u010d\u00edta\u010d, form\u00e1tov\u00e1n\u00ed nebo p\u0159einstalujte opera\u010dn\u00ed syst\u00e9m, v p\u0159\u00edpad\u011b pot\u0159eby, znovu TemplateToaster a to by m\u011blo automaticky umo\u017en\u00ed znovu aktivovat.<\/p>\n<h4 class=\"joomla\">Q: Zp\u016fsoby platby nen\u00ed mi vyhovuje?<\/h4>\n<p class=\"wordpress\">A: M\u00e1me n\u011bjak\u00e9 dal\u0161\u00ed platebn\u00ed metody, M\u016f\u017eete n\u00e1s kontaktovat pro to.<\/p>\n<h4 class=\"joomla\">Q: Obsahuje TemplateToaster \u0161ablony?<\/h4>\n<p class=\"wordpress\">A: Ne, TemplateToaster p\u0159\u00edsn\u011b neobsahuje \u017e\u00e1dn\u00e9 \u0161ablony, vytvo\u0159en\u00ed jedine\u010dn\u00e9ho motivu nebo \u0161ablony na runtime.<\/p>\n<h4 class=\"joomla\">Q: Nainstaloval jsem zku\u0161ebn\u00ed verzi, Je t\u0159eba nainstalovat n\u011bkter\u00e9 dal\u0161\u00ed verzi po n\u00e1kupu?<\/h4>\n<p class=\"wordpress\">A: Ne, je t\u0159eba aktivovat v\u00e1\u0161 st\u00e1vaj\u00edc\u00ed zku\u0161ebn\u00ed verzi pomoc\u00ed licen\u010dn\u00ed kl\u00ed\u010d.<\/p>\n<h4 class=\"joomla\">Q: Existuje lh\u016fta pro zku\u0161ebn\u00ed verzi?<\/h4>\n<p class=\"wordpress\">A:Ne, TemplateToaster soud nen\u00ed v\u00e1z\u00e1n, ale to bude tisknout \u201cZku\u0161ebn\u00ed verze\u201d vodoznaky cel\u00e9ho exportovan\u00fdch \u0161ablon.<\/p>\n<h4 class=\"joomla\">Q: Mohu prov\u00e9st upgrade ze standardn\u00ed Professional Edition?<\/h4>\n<p class=\"wordpress\">A: Ano, M\u016f\u017ee\u0161 <a href=\"https:\/\/templatetoaster.com\/purchase-upgrade\">inovace <\/a>od Standard Professional Edition zaplat\u00ed rozd\u00edl v cen\u011b. Po upgradu platby potvrzen\u00ed spu\u0161t\u011bn\u00ed TemplateToaster, P\u0159ej\u00edt na soubor -&gt; aktivace -&gt; deaktivovat, Nyn\u00ed p\u0159ejd\u011bte do souboru -&gt; P\u0159edvolby -&gt; Vybrat Professional Edition a pot\u00e9 aktivovat v\u00e1\u0161 st\u00e1vaj\u00edc\u00ed kl\u00ed\u010d.<\/p>\n<h4 class=\"joomla\">Q: Nab\u00edz\u00edte n\u011bjak\u00e9 pen\u00edze zp\u011bt z\u00e1ruka?<\/h4>\n<p class=\"wordpress\">A: Ne, Poskytujeme neomezen\u011b trial a navrhnout, abyste vyhodnotit TemplateToaster p\u0159ed n\u00e1kupem.<\/p>\n<h4 class=\"joomla\">Q: Jak mnoho prohl\u00ed\u017ee\u010d\u016f podporuj\u00ed?<\/h4>\n<p class=\"wordpress\">A: Podporujeme v\u0161echny hlavn\u00ed prohl\u00ed\u017ee\u010de, v\u010detn\u011b aplikace Firefox, Chrom, Aplikace Internet Explorer, Opera, Safari atd.<\/p>\n<h4 class=\"joomla\">Q:14- Jsou platn\u00e9 W3C exportovan\u00e9ho \u0161ablony?<\/h4>\n<p class=\"wordpress\">A: Ano, XHTML a CSS exportovan\u00e9ho \u0161ablony(s) W3C je platn\u00e1.<\/p>\n<h4 class=\"joomla\">Q: Jsou exportovan\u00e9 \u0161ablony vyhledava\u010de?<\/h4>\n<p class=\"wordpress\">A: Ano, TemplateToaster realizovat organick\u00e9 SEO techniky pro vy\u0161\u0161\u00ed pozice.<\/p>\n<h4 class=\"joomla\">Q:Jak p\u0159ej\u00edt na TemplateToaster?<\/h4>\n<p class=\"wordpress\">A: St\u00e1hnout nejnov\u011bj\u0161\u00ed verzi z na\u0161eho <a href=\"https:\/\/templatetoaster.com\/cs\/download\">soubory ke sta\u017een\u00ed <\/a>Str\u00e1nka a dvakr\u00e1t klikn\u011bte na sta\u017een\u00fd instala\u010dn\u00ed soubor, to automaticky ud\u011bl\u00e1 upgrade.<\/p>\n<h4 class=\"joomla\">Q: V kolika jazyc\u00edch TemplateToaseter u\u017eivatelsk\u00e9 rozhran\u00ed je k dispozici?<\/h4>\n<p class=\"wordpress\">A:TemplateToaster u\u017eivatelsk\u00e9 rozhran\u00ed je k dispozici v 8 Jazyky, Nav\u0161tivte po <a href=\"https:\/\/templatetoaster.com\/cs\/download\">Str\u00e1nka <\/a>pro podrobnosti<\/p>\n<h4 class=\"joomla\">Q: V kolika jazyc\u00edch exportovan\u00e9 webov\u00e9 str\u00e1nky a \u0161ablony, kter\u00e9 funguj\u00ed?<\/h4>\n<p class=\"wordpress\">A: \u0160ablony a str\u00e1nky, kter\u00e9 jsou exportov\u00e1ny z TemplateToaster jsou jazyk nez\u00e1visl\u00fd, m\u016f\u017eete je pou\u017e\u00edt v libovoln\u00e9m jazyce.<\/p>\n<h4 class=\"joomla\">Q: Kdy vypr\u0161\u00ed platnost m\u00e9 kopii TemplateToaster?<\/h4>\n<p class=\"wordpress\">A: M\u016f\u017eete pou\u017e\u00edt zakoupenou verzi TemplateToaster pro celo\u017eivotn\u00ed. Nab\u00edz\u00edme bezplatn\u00e9 aktualizace na jeden rok s ka\u017edou licenci, To znamen\u00e1, \u017ee budete moci prov\u00e9st upgrade na v\u0161echny verze b\u011bhem jednoho roku, po t\u00e9to dob\u011b m\u016f\u017eete aktualizovat sv\u00e9 p\u0159edplatn\u00e9 nebo i nad\u00e1le pou\u017e\u00edvat sv\u00e9 zakoupenou verzi. Ro\u010dn\u00ed aktualizace obnova(v p\u0159\u00edpad\u011b pot\u0159eby) v\u00e1s bude st\u00e1t 40% z ceny v\u00fdrobku.<\/p>\n<h4 class=\"joomla\">Q: Existuj\u00ed n\u011bjak\u00e1 omezen\u00ed pou\u017eit\u00ed knihovny obr\u00e1zk\u016f TemplateToaster?<\/h4>\n<p class=\"wordpress\">A: M\u016f\u017eete pou\u017e\u00edvat akci\u00ed obrazy v osobn\u00ed a v\u00e1\u0161 klient \u0161ablony ale nelze pou\u017e\u00edt v \u0161ablon\u00e1ch, kter\u00e9 zp\u0159\u00edstupn\u00edte jako masov\u00e9 ke sta\u017een\u00ed zdarma.<\/p>\n<h4>Q: Nelze p\u0159istupovat k vlastnosti TemplateToaster?<\/h4>\n<p class=\"wordpress\">A: Pokud jste zakoupili Professional Edition a jsou st\u00e1le zpr\u00e1vy p\u0159i p\u0159\u00edstupu k mo\u017enost\u00ed z\u00e1lohy \u201cTato funkce nen\u00ed k dispozici v provozn\u00edm vyd\u00e1n\u00ed. P\u0159epn\u011bte do n\u011bjak\u00e9 vy\u0161\u0161\u00ed edici\u201d, Sta\u010d\u00ed j\u00edt do souboru-&gt; aktivace-&gt; zak\u00e1zat TemplateToaster, Nyn\u00ed p\u0159ejd\u011bte do souboru-&gt; p\u0159edvolby a vyberte Professional Edition a znovu aktivovat TemplateToaster.<\/p>\n<h4 class=\"joomla\">Q: Jste uvalit omezen\u00ed zku\u0161ebn\u00ed verze?<\/h4>\n<p class=\"wordpress\">A: Zku\u0161ebn\u00ed verze p\u0159idat zku\u0161ebn\u00ed vodoznaky cel\u00e9ho exportovan\u00fdch \u0161ablon a nem\u016f\u017eete ulo\u017eit projekty jako .ttr soubor pro budouc\u00ed \u00fapravy, v\u0161ak m\u016f\u017eete exportovat \u0161ablony nainstalovat na v\u00e1\u0161 CMS jako WordPress, Joomla atd..<\/p>\n<h4 class=\"joomla\">Q: Pro sv\u00e9 klienty, design \u0161ablony\/weby\/t\u00e9mata?<\/h4>\n<p class=\"wordpress\">A: Jist\u011b, neexistuje \u017e\u00e1dn\u00e9 takov\u00e9 omezen\u00ed, m\u016f\u017eete navrhnout pro va\u0161e klienty.<\/p>\n<h4 class=\"joomla\">Q: <span id=\"tr_0\" class=\"tr_\" data-source=\"\" data-orig=\"What is the Maximum custom image size supported\">What is the Maximum custom image size supported<\/span> ?<\/h4>\n<p class=\"wordpress\">A: <span id=\"tr_1\" class=\"tr_\" data-source=\"\" data-orig=\"TemplateToaster v6 support upto\">TemplateToaster v6 support upto<\/span> 2000 <span id=\"tr_2\" class=\"tr_\" data-source=\"\" data-orig=\"px images but you can use any image size in v7\">px images but you can use any image size in v7<\/span>.<\/p>\n<\/div>\n","protected":false},"excerpt":{"rendered":"<p>TemplateToaster \u010dasto kladen\u00e9 ot\u00e1zky Q: Lze p\u0159esunout TemplateToaster z jednoho po\u010d\u00edta\u010de do druh\u00e9ho? A: Ano, jednodu\u0161e deaktivovat TemplateToaster z aktu\u00e1ln\u00edho po\u010d\u00edta\u010de, ji nainstalovat do nov\u00e9ho po\u010d\u00edta\u010de a bude mo\u017en\u00e9 jej znovu pomoc\u00ed licen\u010dn\u00ed kl\u00ed\u010d aktivovat. Q: Lze jej nainstalovat na &hellip; <a href=\"https:\/\/templatetoaster.com\/cs\/faqs\">Continue Reading<span class=\"meta-nav\">&rarr;<\/span><\/a><\/p>\n","protected":false},"author":13434,"featured_media":0,"parent":0,"menu_order":0,"comment_status":"closed","ping_status":"closed","template":"PageTemplate1.php","meta":{"footnotes":""},"yoast_head":"<!-- This site is optimized with the Yoast SEO plugin v23.5 - https:\/\/yoast.com\/wordpress\/plugins\/seo\/ -->\n<title>\u010casto kladen\u00e9 ot\u00e1zky - TemplateToaster<\/title>\n<meta name=\"description\" content=\"TemplateToaster \u010casto kladen\u00e9 ot\u00e1zky\" \/>\n<meta name=\"robots\" content=\"index, follow, max-snippet:-1, max-image-preview:large, max-video-preview:-1\" \/>\n<link rel=\"canonical\" href=\"https:\/\/templatetoaster.com\/cs\/faqs\" \/>\n<meta property=\"og:locale\" content=\"cs_CZ\" \/>\n<meta property=\"og:type\" content=\"article\" \/>\n<meta property=\"og:title\" content=\"\u010casto kladen\u00e9 ot\u00e1zky - TemplateToaster\" \/>\n<meta property=\"og:description\" content=\"TemplateToaster \u010casto kladen\u00e9 ot\u00e1zky\" \/>\n<meta property=\"og:url\" content=\"https:\/\/templatetoaster.com\/cs\/faqs\" \/>\n<meta property=\"og:site_name\" content=\"TemplateToaster\" \/>\n<meta property=\"article:publisher\" content=\"https:\/\/www.facebook.com\/TemplateToaster\" \/>\n<meta property=\"article:modified_time\" content=\"2019-08-09T07:56:10+00:00\" \/>\n<meta property=\"og:image\" content=\"https:\/\/templatetoaster.com\/wp-content\/uploads\/2015\/07\/TemplateToaster-325X325.png\" \/>\n\t<meta property=\"og:image:width\" content=\"325\" \/>\n\t<meta property=\"og:image:height\" content=\"325\" \/>\n\t<meta property=\"og:image:type\" content=\"image\/png\" \/>\n<meta name=\"twitter:card\" content=\"summary_large_image\" \/>\n<meta name=\"twitter:site\" content=\"@templatetoaster\" \/>\n<meta name=\"twitter:label1\" content=\"Odhadovan\u00e1 doba \u010dten\u00ed\" \/>\n\t<meta name=\"twitter:data1\" content=\"4 minuty\" \/>\n<script type=\"application\/ld+json\" class=\"yoast-schema-graph\">{\"@context\":\"https:\/\/schema.org\",\"@graph\":[{\"@type\":\"WebPage\",\"@id\":\"https:\/\/templatetoaster.com\/cs\/faqs\",\"url\":\"https:\/\/templatetoaster.com\/cs\/faqs\",\"name\":\"\u010casto kladen\u00e9 ot\u00e1zky - TemplateToaster\",\"isPartOf\":{\"@id\":\"https:\/\/templatetoaster.com\/#website\"},\"datePublished\":\"2018-04-14T05:32:42+00:00\",\"dateModified\":\"2019-08-09T07:56:10+00:00\",\"description\":\"TemplateToaster \u010casto kladen\u00e9 ot\u00e1zky\",\"breadcrumb\":{\"@id\":\"https:\/\/templatetoaster.com\/cs\/faqs#breadcrumb\"},\"inLanguage\":\"cs\",\"potentialAction\":[{\"@type\":\"ReadAction\",\"target\":[\"https:\/\/templatetoaster.com\/cs\/faqs\"]}]},{\"@type\":\"BreadcrumbList\",\"@id\":\"https:\/\/templatetoaster.com\/cs\/faqs#breadcrumb\",\"itemListElement\":[{\"@type\":\"ListItem\",\"position\":1,\"name\":\"Home\",\"item\":\"https:\/\/templatetoaster.com\/cs\"},{\"@type\":\"ListItem\",\"position\":2,\"name\":\"\u010casto kladen\u00e9 ot\u00e1zky\"}]},{\"@type\":\"WebSite\",\"@id\":\"https:\/\/templatetoaster.com\/#website\",\"url\":\"https:\/\/templatetoaster.com\/\",\"name\":\"TemplateToaster\",\"description\":\"\",\"publisher\":{\"@id\":\"https:\/\/templatetoaster.com\/#organization\"},\"inLanguage\":\"cs\"},{\"@type\":\"Organization\",\"@id\":\"https:\/\/templatetoaster.com\/#organization\",\"name\":\"TemplateToaster\",\"url\":\"https:\/\/templatetoaster.com\/\",\"logo\":{\"@type\":\"ImageObject\",\"inLanguage\":\"cs\",\"@id\":\"https:\/\/templatetoaster.com\/#\/schema\/logo\/image\/\",\"url\":\"https:\/\/templatetoaster.com\/wp-content\/uploads\/2019\/11\/TemplateToaster_Logo.jpg\",\"contentUrl\":\"https:\/\/templatetoaster.com\/wp-content\/uploads\/2019\/11\/TemplateToaster_Logo.jpg\",\"width\":85,\"height\":85,\"caption\":\"TemplateToaster\"},\"image\":{\"@id\":\"https:\/\/templatetoaster.com\/#\/schema\/logo\/image\/\"},\"sameAs\":[\"https:\/\/www.facebook.com\/TemplateToaster\",\"https:\/\/x.com\/templatetoaster\",\"https:\/\/www.instagram.com\/templatetoaster\/\",\"https:\/\/www.linkedin.com\/company\/templatetoaster\/\",\"https:\/\/www.pinterest.com\/templatetoaster\/\",\"https:\/\/www.youtube.com\/@TemplateToaster\"]}]}<\/script>\n<!-- \/ Yoast SEO plugin. -->","yoast_head_json":{"title":"\u010casto kladen\u00e9 ot\u00e1zky - TemplateToaster","description":"TemplateToaster \u010casto kladen\u00e9 ot\u00e1zky","robots":{"index":"index","follow":"follow","max-snippet":"max-snippet:-1","max-image-preview":"max-image-preview:large","max-video-preview":"max-video-preview:-1"},"canonical":"https:\/\/templatetoaster.com\/cs\/faqs","og_locale":"cs_CZ","og_type":"article","og_title":"\u010casto kladen\u00e9 ot\u00e1zky - TemplateToaster","og_description":"TemplateToaster \u010casto kladen\u00e9 ot\u00e1zky","og_url":"https:\/\/templatetoaster.com\/cs\/faqs","og_site_name":"TemplateToaster","article_publisher":"https:\/\/www.facebook.com\/TemplateToaster","article_modified_time":"2019-08-09T07:56:10+00:00","og_image":[{"width":325,"height":325,"url":"https:\/\/templatetoaster.com\/wp-content\/uploads\/2015\/07\/TemplateToaster-325X325.png","type":"image\/png"}],"twitter_card":"summary_large_image","twitter_site":"@templatetoaster","twitter_misc":{"Odhadovan\u00e1 doba \u010dten\u00ed":"4 minuty"},"schema":{"@context":"https:\/\/schema.org","@graph":[{"@type":"WebPage","@id":"https:\/\/templatetoaster.com\/cs\/faqs","url":"https:\/\/templatetoaster.com\/cs\/faqs","name":"\u010casto kladen\u00e9 ot\u00e1zky - TemplateToaster","isPartOf":{"@id":"https:\/\/templatetoaster.com\/#website"},"datePublished":"2018-04-14T05:32:42+00:00","dateModified":"2019-08-09T07:56:10+00:00","description":"TemplateToaster \u010casto kladen\u00e9 ot\u00e1zky","breadcrumb":{"@id":"https:\/\/templatetoaster.com\/cs\/faqs#breadcrumb"},"inLanguage":"cs","potentialAction":[{"@type":"ReadAction","target":["https:\/\/templatetoaster.com\/cs\/faqs"]}]},{"@type":"BreadcrumbList","@id":"https:\/\/templatetoaster.com\/cs\/faqs#breadcrumb","itemListElement":[{"@type":"ListItem","position":1,"name":"Home","item":"https:\/\/templatetoaster.com\/cs"},{"@type":"ListItem","position":2,"name":"\u010casto kladen\u00e9 ot\u00e1zky"}]},{"@type":"WebSite","@id":"https:\/\/templatetoaster.com\/#website","url":"https:\/\/templatetoaster.com\/","name":"TemplateToaster","description":"","publisher":{"@id":"https:\/\/templatetoaster.com\/#organization"},"inLanguage":"cs"},{"@type":"Organization","@id":"https:\/\/templatetoaster.com\/#organization","name":"TemplateToaster","url":"https:\/\/templatetoaster.com\/","logo":{"@type":"ImageObject","inLanguage":"cs","@id":"https:\/\/templatetoaster.com\/#\/schema\/logo\/image\/","url":"https:\/\/templatetoaster.com\/wp-content\/uploads\/2019\/11\/TemplateToaster_Logo.jpg","contentUrl":"https:\/\/templatetoaster.com\/wp-content\/uploads\/2019\/11\/TemplateToaster_Logo.jpg","width":85,"height":85,"caption":"TemplateToaster"},"image":{"@id":"https:\/\/templatetoaster.com\/#\/schema\/logo\/image\/"},"sameAs":["https:\/\/www.facebook.com\/TemplateToaster","https:\/\/x.com\/templatetoaster","https:\/\/www.instagram.com\/templatetoaster\/","https:\/\/www.linkedin.com\/company\/templatetoaster\/","https:\/\/www.pinterest.com\/templatetoaster\/","https:\/\/www.youtube.com\/@TemplateToaster"]}]}},"_links":{"self":[{"href":"https:\/\/templatetoaster.com\/cs\/wp-json\/wp\/v2\/pages\/4334"}],"collection":[{"href":"https:\/\/templatetoaster.com\/cs\/wp-json\/wp\/v2\/pages"}],"about":[{"href":"https:\/\/templatetoaster.com\/cs\/wp-json\/wp\/v2\/types\/page"}],"author":[{"embeddable":true,"href":"https:\/\/templatetoaster.com\/cs\/wp-json\/wp\/v2\/users\/13434"}],"replies":[{"embeddable":true,"href":"https:\/\/templatetoaster.com\/cs\/wp-json\/wp\/v2\/comments?post=4334"}],"version-history":[{"count":5,"href":"https:\/\/templatetoaster.com\/cs\/wp-json\/wp\/v2\/pages\/4334\/revisions"}],"predecessor-version":[{"id":63970,"href":"https:\/\/templatetoaster.com\/cs\/wp-json\/wp\/v2\/pages\/4334\/revisions\/63970"}],"wp:attachment":[{"href":"https:\/\/templatetoaster.com\/cs\/wp-json\/wp\/v2\/media?parent=4334"}],"curies":[{"name":"wp","href":"https:\/\/api.w.org\/{rel}","templated":true}]}}