{"id":4330,"date":"2018-04-14T05:30:02","date_gmt":"2018-04-14T05:30:02","guid":{"rendered":"http:\/\/templatetoaster.com?page_id=4330"},"modified":"2018-11-20T06:15:10","modified_gmt":"2018-11-20T06:15:10","slug":"drupal-theme-generator","status":"publish","type":"page","link":"https:\/\/templatetoaster.com\/cs\/drupal-theme-generator","title":{"rendered":"Gener\u00e1tor t\u00e9mat Drupal"},"content":{"rendered":"<div class=\"section1 wp-theme-generator\">\n<div style=\"margin: 115px 0 16px;\">\n<h1>Brilantn\u00ed Theme Builder Software pro Drupal<\/h1>\n<p class=\"text-center\">Nepou\u017e\u00edvejte jen navrhnout t\u00e9ma, tk\u00e1t kouzlo do sv\u00e9 webov\u00e9 str\u00e1nky!\n<\/p>\n<p><br clear=\"all\"><\/p>\n<div style=\"text-align:center;\">\n<a href=\"https:\/\/templatetoaster.com\/cs\/download\" class=\"btn download_btn\">St\u00e1hnout nyn\u00ed<\/a><\/div>\n<div class=\"clearfix\"><\/div>\n<\/div>\n<\/div>\n<p><!--- What is TemplateToaster Section ---><\/p>\n<div class=\"section2 wp-theme-generator\">\n<div class=\"section2-inner\">\n<h2>Pro\u010d pou\u017e\u00edvat TemplateToaster jako Drupal Theme Generator Software?<\/h2>\n<p>Vyrobeno k dokonalosti, vyzkou\u0161et TemplateToaster navrhnout ty \u201epixel perfektn\u00ed!\u201cmotivy Drupal. \u017d\u00e1dn\u00e9 po\u017eadavky k\u00f3dov\u00e1n\u00ed CSS \/ HTML. V\u016fbec! Tento software v\u00e1m bude v\u011b\u0159it v n\u011bco vz\u00e1cn\u00e9, \u017ee je v\u00e1\u0161 web pozoruhodn\u011b kr\u00e1sn\u00e9! <\/p>\n<\/div>\n<\/div>\n<p><!---- section 3 starts ---><\/p>\n<div class=\"section3 wp-theme-generator\">\n<div class=\"section3-inner\">\n<h2>Jak to funguje?<\/h2>\n<div class=\"row\">\n<div class=\"col-lg-4 col-md-4 col-sm-6 col-xs-12\">\n<div class=\"media\">\n<div class=\"landing_page_svg\" style=\"background-position: 20px -690px; display: block; height: 115px; margin: auto; width: 142px;\"><\/div>\n<\/p>\n<h3 class=\"text-center\">St\u00e1hnout TemplateToaster. Poj\u010fme na to!<\/h3>\n<p class=\"text-center\">Nastavit TemplateToaster na plo\u0161e po jeho sta\u017een\u00ed. Vyzkou\u0161et v\u0161echny funkce a z\u00edskat zahnut\u00fd! Za\u010dn\u011bme konstrukci tak, jak jste v\u017edy cht\u011bli!<\/p>\n<\/div>\n<\/div>\n<div class=\"clearfix visible-xs-block\"><\/div>\n<div class=\"col-lg-4 col-md-4 col-sm-6 col-xs-12\">\n<div class=\"media\">\n<div class=\"landing_page_svg\" style=\"background-position: -115px -690px; display: block; height: 115px; margin: auto; width: 142px;\"><\/div>\n<\/p>\n<h3 class=\"text-center\">Drag and Drop UI Design. Hezky ud\u011bl\u00e1no!<\/h3>\n<p class=\"text-center\">Modifikovat p\u0159edem navr\u017een\u00fdch \u0161ablon, aby vyhovoval va\u0161im pot\u0159eb\u00e1m, nebo za\u010d\u00edt od za\u010d\u00e1tku! Do zna\u010dn\u00e9 m\u00edry vytvo\u0159it jak\u00fdkoliv typ motivu, kter\u00fd chcete, b\u011bhem n\u011bkolika minut!<\/p>\n<\/div>\n<\/div>\n<div class=\"clearfix visible-sm-block visible-xs-block\"><\/div>\n<div class=\"col-lg-4 col-md-4 col-sm-6 col-xs-12\">\n<div class=\"media\">\n<div class=\"landing_page_svg\" style=\"background-position: -240px -690px; display: block; height: 115px; margin: auto; width: 142px;\"><\/div>\n<\/p>\n<h3 class=\"text-center\">Nahr\u00e1t sv\u00e9 motivy v 1-2-3 a Voila!<\/h3>\n<p class=\"text-center\">Ud\u011blal s designem a spokojen\u00fd s podrobnostmi?  Export a nahr\u00e1t nov\u00fd design. Povolit nov\u00e9 t\u00e9ma a p\u0159ej\u00edt na domovskou str\u00e1nku vid\u011bt zm\u011bny projevily!<\/p>\n<\/div>\n<\/div>\n<div class=\"clearfix visible-lg-block visible-md-block visible-sm-block visible-xs-block\"><\/div>\n<\/div>\n<\/div>\n<\/div>\n<div class=\"section4 wp-theme-generator\">\n<h2 style=\"text-transform:none;\">Rysy TemplateToaster jako Drupal T\u00e9ma Creator<\/h2>\n<p class=\"section4-paragraph\">Pozoruhodn\u00e1 software zabaleno s t\u011bmi nejlep\u0161\u00edmi funkcemi \u2013 Navrhovat profi t\u00e9mat b\u011bhem n\u011bkolika minut!<\/p>\n<div class=\"row\">\n<div class=\"col-lg-4 col-md-4 col-sm-6 col-sx-12\">\n<div style=\"padding: 20px;\">\n<div class=\"text-center\">\n<div style=\"margin-right:10px; display: inline-block; float:none; vertical-align:middle; background-position: -295px -1310px \" class=\"wp_feature landing_page_svg\"><\/div>\n<\/div>\n<h3 style=\"margin: 20px 0px 10px; text-align: center;\">Kompatibiln\u00ed Drupal verze <\/h3>\n<p class=\"text-center\"> Se softwarem TemplateToaster, navrhovat Drupal t\u00e9mata, kter\u00e1 jsou pln\u011b kompatibiln\u00ed s nejnov\u011bj\u0161\u00ed verze Drupal 8 a Version 7. T\u00e9mata generovan\u00e9 v souladu s nejnov\u011bj\u0161\u00edmi funkcemi v Drupalu 8 p\u0159id\u00e1vat k moci vytv\u00e1\u0159et high-end webov\u00e9 str\u00e1nky.<\/p>\n<\/div>\n<\/div>\n<div class=\"clearfix visible-xs-block\"><\/div>\n<div class=\"col-lg-4 col-md-4 col-sm-6 col-sx-12\">\n<div style=\"padding: 20px;\">\n<div class=\"text-center\">\n<div style=\"margin-right:10px; display: inline-block; float:none; vertical-align:middle; background-position: -302px -85px; \" class=\"wp_feature landing_page_svg\"><\/div>\n<\/div>\n<h3 style=\"margin:20px 0 10px; text-align:center\"> Neomezen\u00e9 blok\u016f Regiony<\/h3>\n<p class=\"text-center\">Toto t\u00e9ma editor Drupal podporuje vytv\u00e1\u0159en\u00ed neomezen\u00fd po\u010det blok\u016f regiony t\u00e9matech pro pokro\u010dil\u00e9 funkce. Vytvo\u0159te si vlastn\u00ed regiony kdekoli jako nad a pod z\u00e1hlav\u00edm, z\u00e1pat\u00ed, obsah, slider etc. nav\u00edc, p\u0159id\u00e1vat vlastn\u00ed styly jako je barva pozad\u00ed, obr\u00e1zky atd. <\/p>\n<\/div>\n<\/div>\n<div class=\"clearfix visible-sm-block visible-xs-block\"><\/div>\n<div class=\"col-md-4 col-sm-6 col-sx-12\">\n<div style=\"padding: 20px;\">\n<div class=\"text-center\">\n<div class=\"wp_feature landing_page_svg\" style=\"margin-right:10px; display: inline-block; float:none; vertical-align:middle;background-position: -22px -815px;\"><\/div>\n<\/div>\n<h3 style=\"margin:20px 0 10px; text-align:center\"> U\u017eivatelsk\u00e9 volby rozvr\u017een\u00ed<\/h3>\n<p class=\"text-center\">Dispozice t\u00e9ma Drupal vytvo\u0159en\u00e9 pomoc\u00ed TemplateToaster lze upevnit na \u0161\u00ed\u0159ku nebo \u0161\u00ed\u0159ku tekutin. Drupal t\u00e9mata s \u0161\u00ed\u0159kou tekutin (procento zalo\u017een\u00e9) kter\u00e9 jsou extr\u00e9mn\u011b citliv\u00e9. Vlastn\u00ed styly lze aplikovat na rozlo\u017een\u00ed jako barvu pozad\u00ed, barva fontu, typ p\u00edsma atd.<\/p>\n<\/div>\n<\/div>\n<div class=\"clearfix  visible-lg-block visible-md-block  visible-xs-block\"><\/div>\n<div class=\"col-md-4 col-sm-6 col-sx-12\">\n<div style=\"padding: 20px;\">\n<div class=\"text-center\">\n<div class=\"wp_feature landing_page_svg\" style=\"margin-right:10px; display: inline-block; float:none; vertical-align:middle;background-position: -220px -1300px;\"><\/div>\n<\/div>\n<h3 style=\"margin:20px 0 10px; text-align:center\">Slider Positioning <\/h3>\n<p class=\"text-center\">Osl\u0148uj\u00edc\u00ed posuvn\u00edky na domovsk\u00e9 str\u00e1nce webov\u00fdch str\u00e1nek upout\u00e1 pozornost n\u00e1v\u0161t\u011bvn\u00edk\u016f. Design a p\u0159izp\u016fsobit jezdce, jak si p\u0159ejete, a um\u00edst\u011bte jezdec nad z\u00e1hlav\u00ed nebo menu, pod z\u00e1hlav\u00ed nebo menu a mezi z\u00e1hlav\u00ed a menu. <\/p>\n<\/div>\n<\/div>\n<div class=\"clearfix visible-sm-block visible-xs-block\"><\/div>\n<div class=\"col-md-4 col-sm-6 col-sx-12\">\n<div style=\"padding: 20px;\">\n<div class=\"text-center\">\n<div class=\"wp_feature landing_page_svg\" style=\"margin-right:10px; display: inline-block; float:none; vertical-align:middle;background-position: -70px -80px;\"><\/div>\n<\/div>\n<h3 style=\"margin:20px 0 10px; text-align:center\">Na Framework Bootstrap zalo\u017een\u00fd<\/h3>\n<p class=\"text-center\">Drupal motivy vytvo\u0159en\u00e9 TemplateToaster vych\u00e1zej\u00ed z r\u00e1mce Bootstrap a jsou pln\u011b citliv\u00fd a mobily. TemplateToaster software vyu\u017e\u00edv\u00e1 nejnov\u011bj\u0161\u00ed verzi Bootstrap 3.x.x. Budeme velmi v\u00fdzva k aktualizaci bootstrapu 4, jakmile je to spustila!<\/p>\n<\/div>\n<\/div>\n<div class=\"clearfix visible-xs-block\"><\/div>\n<div class=\"col-md-4 col-sm-6 col-sx-12\">\n<div style=\"padding: 20px;\">\n<div class=\"text-center\">\n<div class=\"wp_feature landing_page_svg\" style=\"float: none; height: 52px; vertical-align: middle; width: 44px; display: inline-block; background-position: -220px -813px;\"><\/div>\n<\/div>\n<h3 style=\"margin:20px 0 10px; text-align:center\"> Modul pro d\u011bti T\u00e9mata<\/h3>\n<p class=\"text-center\">Motivy vytvo\u0159en\u00e9 pomoc\u00ed tohoto softwaru je modul s d\u011btmi, kter\u00fd umo\u017e\u0148uje nainstalovat libovoln\u00fd po\u010det roz\u0161\u00ed\u0159en\u00ed na va\u0161e webov\u00e9 str\u00e1nky poh\u00e1n\u011bn\u00e9 Drupal. Spousta roz\u0161\u00ed\u0159en\u00ed mohou b\u00fdt p\u0159id\u00e1ny do Drupal webov\u00e9 str\u00e1nky, jako je z\u00e1lohov\u00e1n\u00ed &amp; Migrovat, Drush + drush u\u010dinit, devel,Lightbox2 etc.<\/p>\n<\/div>\n<\/div>\n<div class=\"clearfix visible-lg-block visible-md-block visible-sm-block visible-xs-block\"><\/div>\n<\/div>\n<\/div>\n<p><!--Section Features with WP--><\/p>\n<div class=\"section5 wp-theme-generator\" style=\"padding:70px 10px;margin-bottom:2px;\">\n<div style=\"margin:40px 0px 20px;\">\n<h2 style=\"margin-bottom:65px; text-transform:none;\">Pro komfort a pohodl\u00ed TemplateToaster <\/h2>\n<div class=\"feature_with_wp row\">\n<div class=\"col-lg-4  col-md-4 col-sm-4 col-xs-6\">\n<div class=\"feature_wpimg\">\n\t\t\t<img decoding=\"async\" src=\"https:\/\/templatetoaster.com\/wp-content\/uploads\/2017\/04\/multiple-language.png\" class=\"img-responsive\" alt=\"Podpora v\u00edce jazyk\u016f\">\n\t\t<\/div>\n<\/p>\n<\/div>\n<div class=\"col-lg-4  col-md-4 col-sm-4 col-xs-6\">\n<div class=\"feature_wpimg\">\n\t\t\t<img decoding=\"async\" src=\"https:\/\/templatetoaster.com\/wp-content\/uploads\/2017\/04\/mobile-optimization.png\" class=\"img-responsive\" alt=\"Mobile Optimization\">\n\t\t<\/div>\n<\/p>\n<\/div>\n<div class=\"clearfix visible-xs-block\"><\/div>\n<div class=\"col-lg-4  col-md-4 col-sm-4 col-xs-6\">\n<div class=\"feature_wpimg\">\n\t\t\t<img decoding=\"async\" src=\"https:\/\/templatetoaster.com\/wp-content\/uploads\/2017\/04\/drag-drop.png\" class=\"img-responsive\" alt=\"Drag and Drop\">\n\t\t<\/div>\n<\/p>\n<\/div>\n<div class=\"clearfix visible-lg-block visible-md-block visible-sm-block\"><\/div>\n<div class=\"col-lg-4  col-md-4 col-sm-4 col-xs-6\">\n<div class=\"feature_wpimg\">\n\t\t\t<img decoding=\"async\" src=\"https:\/\/templatetoaster.com\/wp-content\/uploads\/2017\/04\/demo-templats.png\" class=\"img-responsive\" alt=\"demo t\u00e9mata\">\n\t\t<\/div>\n<\/p>\n<\/div>\n<div class=\"clearfix visible-xs-block\"><\/div>\n<div class=\"col-lg-4  col-md-4 col-sm-4 col-xs-6\">\n<div class=\"feature_wpimg\">\n\t\t\t<img decoding=\"async\" src=\"https:\/\/templatetoaster.com\/wp-content\/uploads\/2017\/04\/mega-menu.png\" class=\"img-responsive\" alt=\"Mega Menu\">\n\t\t<\/div>\n<\/p>\n<\/div>\n<div class=\"col-lg-4  col-md-4 col-sm-4 col-xs-6\">\n<div class=\"feature_wpimg\">\n\t\t\t<img decoding=\"async\" src=\"https:\/\/templatetoaster.com\/wp-content\/uploads\/2017\/04\/right-to-left.png\" class=\"img-responsive\" alt=\"Zprava doleva\">\n\t\t<\/div>\n<\/p>\n<\/div>\n<div class=\"clearfix visible-lg-block visible-md-block visible-sm-block visible-xs-block\"><\/div>\n<div class=\"col-lg-4  col-md-4 col-sm-4 col-xs-6\">\n<div class=\"feature_wpimg\">\n\t\t\t<img decoding=\"async\" src=\"https:\/\/templatetoaster.com\/wp-content\/uploads\/2017\/04\/amazing-slideshow.png\" class=\"img-responsive\" alt=\"Amazing Slideshow\">\n\t\t<\/div>\n<\/p>\n<\/div>\n<div class=\"col-lg-4  col-md-4 col-sm-4 col-xs-6\">\n<div class=\"feature_wpimg\">\n\t\t\t<img decoding=\"async\" src=\"https:\/\/templatetoaster.com\/wp-content\/uploads\/2017\/04\/zero-coding.png\" class=\"img-responsive\" alt=\"Zero Coding\">\n\t\t<\/div>\n<\/p>\n<\/div>\n<div class=\"clearfix visible-xs-block\"><\/div>\n<div class=\"col-lg-4  col-md-4 col-sm-4 col-xs-6\">\n<div class=\"feature_wpimg\">\n\t\t\t<img decoding=\"async\" src=\"https:\/\/templatetoaster.com\/wp-content\/uploads\/2017\/04\/custom-css.png\" class=\"img-responsive\" alt=\"Vlastn\u00ed CSS, JS a PHP\">\n\t\t<\/div>\n<\/p>\n<\/div>\n<div class=\"clearfix visible-lg-block visible-md-block visible-sm-block visible-xs-block\"><\/div>\n<\/div>\n<\/div>\n<\/div>\n<p><!--Section Gallery--><\/p>\n<div class=\"section7 wp-theme-generator\" style=\"padding:100px 10px; background-color:#f1f4f8;  margin-bottom:2px;\">\n<h2 style=\"text-transform:none;\">Na\u0161e standardy<\/h2>\n<div class=\"row\">\n<div class=\"col-lg-4 col-md-4 col-sm-6 col-xs-12\">\n<div style=\"padding: 20px;\">\n<div class=\"text-center\">\n<div style=\"margin-right:10px; display: inline-block; float:none; vertical-align:middle; background-position: -75px -153px; width:75px;\" class=\"wp_feature landing_page_svg\"><\/div>\n<\/div>\n<h3 style=\"margin: 20px 0px 10px; text-align: center;\">W3C validace <\/h3>\n<p class=\"text-center\"> Motivy vytvo\u0159en\u00e9 TemplateToaster softwaru jsou W3C platn\u00e9 a v souladu s mezin\u00e1rodn\u00edmi standardy. Ty \u010din\u00ed bez probl\u00e9m\u016f na v\u0161ech hlavn\u00edch webov\u00fdch prohl\u00ed\u017ee\u010d\u016f.<\/p>\n<\/div>\n<\/div>\n<div class=\"clearfix visible-xs-block\"><\/div>\n<div class=\"col-lg-4 col-md-4 col-sm-6 col-xs-12\">\n<div style=\"padding: 20px;\">\n<div class=\"text-center\">\n<div style=\"margin-right:10px; display: inline-block; float:none; vertical-align:middle; background-position: -165px -153px; width:65px;\" class=\"wp_feature landing_page_svg\"><\/div>\n<\/div>\n<h3 style=\"margin:20px 0 10px; text-align:center\">HTML5 &amp; CSS3 Standards<\/h3>\n<p class=\"text-center\">TemplateToaster podporuje nejnov\u011bj\u0161\u00ed HTML5 a CSS3 standardy. Heavy sada divs a obraz\u016f jsou odstran\u011bny za n\u00e1sledek lehk\u00fdch motiv\u016f.<\/p>\n<\/div>\n<\/div>\n<div class=\"clearfix visible-sm-block visible-xs-block\"><\/div>\n<div class=\"col-lg-4 col-md-4 col-sm-6 col-xs-12\">\n<div style=\"padding: 20px;\">\n<div class=\"text-center\">\n<div style=\"margin-right:10px; display: inline-block; float:none; vertical-align:middle; background-position: -260px -147px; width:65px;\" class=\"wp_feature landing_page_svg\"><\/div>\n<\/div>\n<h3 style=\"margin:20px 0 10px; text-align:center\"> Super Fast Speed<\/h3>\n<p class=\"text-center\">Vzhledem k tomu, aby nedoch\u00e1zelo ke t\u011b\u017ek\u00fd sada divs a k\u00f3d\u016f, Rychlost str\u00e1nka je optimalizov\u00e1na t\u011b\u017ece. Tato optimalizace vede k mnohem lep\u0161\u00ed u\u017eivatelsk\u00e9 zku\u0161enosti.<\/p>\n<\/div>\n<\/div>\n<div class=\"clearfix  visible-lg-block visible-md-block  visible-xs-block\"><\/div>\n<\/div>\n<\/div>\n<p><!---- section 6 starts ---><\/p>\n<div class=\"section6 wp-theme-generator\" style=\"padding:50px 10px;\">\n<div style=\"margin:70px 0px 20px;\">\n<h2>Podporuj\u00ed v\u0161echny hlavn\u00ed CMSes<\/h2>\n<div class=\"section-center\" style=\"padding-bottom: 50px;\">\n<div class=\"main-cms-section\">\n<div class=\"cms-section\">\n<div class=\"text-center\">\n<div class=\"wp_feature landing_page_svg\" style=\"width: 120px; height: 120px; background-position:-135px -1025px;\"><\/div>\n<\/div>\n<\/div>\n<\/div>\n<div class=\"other-cms-section\">\n<div class=\"cms-section\">\n<div class=\"text-center\">\n<div class=\"wp_feature landing_page_svg\" style=\"width: 110px; height: 100px; background-position:-100px -596px;\"><\/div>\n<\/div>\n<\/div>\n<div class=\"cms-section\">\n<div class=\"text-center\">\n<div class=\"wp_feature landing_page_svg\" style=\"width: 130px; height: 100px; background-position:-212px -596px;\"><\/div>\n<\/div>\n<\/div>\n<div class=\"cms-section\">\n<div class=\"text-center\">\n<div class=\"wp_feature landing_page_svg\" style=\"width: 90px; height: 102px; background-position:-250px -377px;\"><\/div>\n<\/div>\n<\/div>\n<div class=\"cms-section\">\n<div class=\"text-center\">\n<div class=\"wp_feature landing_page_svg\" style=\"width: 100px; height: 102px; background-position:-160px -377px;\"><\/div>\n<\/div>\n<\/div>\n<div class=\"cms-section\">\n<div class=\"text-center\">\n<div class=\"wp_feature landing_page_svg\" style=\"width: 90px; height: 120px; background-position:12px -359px;\"><\/div>\n<\/div>\n<\/div>\n<div class=\"cms-section\">\n<div class=\"text-center\">\n<div class=\"wp_feature landing_page_svg\" style=\"width: 110px; height: 100px; background-position:-240px -495px;\"><\/div>\n<\/div>\n<\/div>\n<div class=\"cms-section\">\n<div class=\"text-center\">\n<div class=\"wp_feature landing_page_svg\" style=\"width: 110px; height: 100px; background-position:-0px -495px;\"><\/div>\n<\/div>\n<\/div>\n<div class=\"cms-section\">\n<div class=\"text-center\">\n<div class=\"wp_feature landing_page_svg\" style=\"width: 110px; height: 100px; background-position:-125px -495px;\"><\/div>\n<\/div>\n<\/div>\n<div class=\"cms-section\">\n<div class=\"text-center\">\n<div class=\"wp_feature landing_page_svg\" style=\"width: 110px; height: 100px; background-position:-0px -598px;\"><\/div>\n<\/div>\n<\/div>\n<\/div>\n<\/div>\n<div style=\"text-align:center; margin-top: 30px;\">\n<a href=\"https:\/\/templatetoaster.com\/cs\/download\" class=\"btn download_btn\">St\u00e1hnout nyn\u00ed<\/a><\/div>\n<\/div>\n<\/div>\n","protected":false},"excerpt":{"rendered":"<p>Brilantn\u00ed Theme Builder Software pro Drupal Nepou\u017e\u00edvejte jen navrhnout t\u00e9ma, tk\u00e1t kouzlo do sv\u00e9 webov\u00e9 str\u00e1nky! St\u00e1hnout nyn\u00ed Pro\u010d pou\u017e\u00edvat TemplateToaster jako Drupal Theme Generator Software? Vyrobeno k dokonalosti, vyzkou\u0161et TemplateToaster navrhnout ty \u201epixel perfektn\u00ed!\u201cmotivy Drupal. \u017d\u00e1dn\u00e9 po\u017eadavky k\u00f3dov\u00e1n\u00ed CSS &hellip; <a href=\"https:\/\/templatetoaster.com\/cs\/drupal-theme-generator\">Continue Reading<span class=\"meta-nav\">&rarr;<\/span><\/a><\/p>\n","protected":false},"author":13434,"featured_media":0,"parent":0,"menu_order":0,"comment_status":"closed","ping_status":"closed","template":"","meta":{"footnotes":""},"yoast_head":"<!-- This site is optimized with the Yoast SEO plugin v23.5 - https:\/\/yoast.com\/wordpress\/plugins\/seo\/ -->\n<title>Gener\u00e1tor t\u00e9mat Drupal - TemplateToaster<\/title>\n<meta name=\"description\" content=\"TemplateToaster je gener\u00e1tor t\u00e9mat Drupal\" \/>\n<meta name=\"robots\" content=\"index, follow, max-snippet:-1, max-image-preview:large, max-video-preview:-1\" \/>\n<link rel=\"canonical\" href=\"https:\/\/templatetoaster.com\/cs\/drupal-theme-generator\" \/>\n<meta property=\"og:locale\" content=\"cs_CZ\" \/>\n<meta property=\"og:type\" content=\"article\" \/>\n<meta property=\"og:title\" content=\"Gener\u00e1tor t\u00e9mat Drupal - TemplateToaster\" \/>\n<meta property=\"og:description\" content=\"TemplateToaster je gener\u00e1tor t\u00e9mat Drupal\" \/>\n<meta property=\"og:url\" content=\"https:\/\/templatetoaster.com\/cs\/drupal-theme-generator\" \/>\n<meta property=\"og:site_name\" content=\"TemplateToaster\" \/>\n<meta property=\"article:publisher\" content=\"https:\/\/www.facebook.com\/TemplateToaster\" \/>\n<meta property=\"article:modified_time\" content=\"2018-11-20T06:15:10+00:00\" \/>\n<meta property=\"og:image\" content=\"https:\/\/templatetoaster.com\/wp-content\/uploads\/2017\/04\/multiple-language.png\" \/>\n<meta name=\"twitter:card\" content=\"summary_large_image\" \/>\n<meta name=\"twitter:site\" content=\"@templatetoaster\" \/>\n<meta name=\"twitter:label1\" content=\"Odhadovan\u00e1 doba \u010dten\u00ed\" \/>\n\t<meta name=\"twitter:data1\" content=\"3 minuty\" \/>\n<script type=\"application\/ld+json\" class=\"yoast-schema-graph\">{\"@context\":\"https:\/\/schema.org\",\"@graph\":[{\"@type\":\"WebPage\",\"@id\":\"https:\/\/templatetoaster.com\/cs\/drupal-theme-generator\",\"url\":\"https:\/\/templatetoaster.com\/cs\/drupal-theme-generator\",\"name\":\"Gener\u00e1tor t\u00e9mat Drupal - TemplateToaster\",\"isPartOf\":{\"@id\":\"https:\/\/templatetoaster.com\/#website\"},\"primaryImageOfPage\":{\"@id\":\"https:\/\/templatetoaster.com\/cs\/drupal-theme-generator#primaryimage\"},\"image\":{\"@id\":\"https:\/\/templatetoaster.com\/cs\/drupal-theme-generator#primaryimage\"},\"thumbnailUrl\":\"https:\/\/templatetoaster.com\/wp-content\/uploads\/2017\/04\/multiple-language.png\",\"datePublished\":\"2018-04-14T05:30:02+00:00\",\"dateModified\":\"2018-11-20T06:15:10+00:00\",\"description\":\"TemplateToaster je gener\u00e1tor t\u00e9mat Drupal\",\"breadcrumb\":{\"@id\":\"https:\/\/templatetoaster.com\/cs\/drupal-theme-generator#breadcrumb\"},\"inLanguage\":\"cs\",\"potentialAction\":[{\"@type\":\"ReadAction\",\"target\":[\"https:\/\/templatetoaster.com\/cs\/drupal-theme-generator\"]}]},{\"@type\":\"ImageObject\",\"inLanguage\":\"cs\",\"@id\":\"https:\/\/templatetoaster.com\/cs\/drupal-theme-generator#primaryimage\",\"url\":\"https:\/\/templatetoaster.com\/wp-content\/uploads\/2017\/04\/multiple-language.png\",\"contentUrl\":\"https:\/\/templatetoaster.com\/wp-content\/uploads\/2017\/04\/multiple-language.png\"},{\"@type\":\"BreadcrumbList\",\"@id\":\"https:\/\/templatetoaster.com\/cs\/drupal-theme-generator#breadcrumb\",\"itemListElement\":[{\"@type\":\"ListItem\",\"position\":1,\"name\":\"Home\",\"item\":\"https:\/\/templatetoaster.com\/cs\"},{\"@type\":\"ListItem\",\"position\":2,\"name\":\"Gener\u00e1tor t\u00e9mat Drupal\"}]},{\"@type\":\"WebSite\",\"@id\":\"https:\/\/templatetoaster.com\/#website\",\"url\":\"https:\/\/templatetoaster.com\/\",\"name\":\"TemplateToaster\",\"description\":\"\",\"publisher\":{\"@id\":\"https:\/\/templatetoaster.com\/#organization\"},\"inLanguage\":\"cs\"},{\"@type\":\"Organization\",\"@id\":\"https:\/\/templatetoaster.com\/#organization\",\"name\":\"TemplateToaster\",\"url\":\"https:\/\/templatetoaster.com\/\",\"logo\":{\"@type\":\"ImageObject\",\"inLanguage\":\"cs\",\"@id\":\"https:\/\/templatetoaster.com\/#\/schema\/logo\/image\/\",\"url\":\"https:\/\/templatetoaster.com\/wp-content\/uploads\/2019\/11\/TemplateToaster_Logo.jpg\",\"contentUrl\":\"https:\/\/templatetoaster.com\/wp-content\/uploads\/2019\/11\/TemplateToaster_Logo.jpg\",\"width\":85,\"height\":85,\"caption\":\"TemplateToaster\"},\"image\":{\"@id\":\"https:\/\/templatetoaster.com\/#\/schema\/logo\/image\/\"},\"sameAs\":[\"https:\/\/www.facebook.com\/TemplateToaster\",\"https:\/\/x.com\/templatetoaster\",\"https:\/\/www.instagram.com\/templatetoaster\/\",\"https:\/\/www.linkedin.com\/company\/templatetoaster\/\",\"https:\/\/www.pinterest.com\/templatetoaster\/\",\"https:\/\/www.youtube.com\/@TemplateToaster\"]}]}<\/script>\n<!-- \/ Yoast SEO plugin. -->","yoast_head_json":{"title":"Gener\u00e1tor t\u00e9mat Drupal - TemplateToaster","description":"TemplateToaster je gener\u00e1tor t\u00e9mat Drupal","robots":{"index":"index","follow":"follow","max-snippet":"max-snippet:-1","max-image-preview":"max-image-preview:large","max-video-preview":"max-video-preview:-1"},"canonical":"https:\/\/templatetoaster.com\/cs\/drupal-theme-generator","og_locale":"cs_CZ","og_type":"article","og_title":"Gener\u00e1tor t\u00e9mat Drupal - TemplateToaster","og_description":"TemplateToaster je gener\u00e1tor t\u00e9mat Drupal","og_url":"https:\/\/templatetoaster.com\/cs\/drupal-theme-generator","og_site_name":"TemplateToaster","article_publisher":"https:\/\/www.facebook.com\/TemplateToaster","article_modified_time":"2018-11-20T06:15:10+00:00","og_image":[{"url":"https:\/\/templatetoaster.com\/wp-content\/uploads\/2017\/04\/multiple-language.png"}],"twitter_card":"summary_large_image","twitter_site":"@templatetoaster","twitter_misc":{"Odhadovan\u00e1 doba \u010dten\u00ed":"3 minuty"},"schema":{"@context":"https:\/\/schema.org","@graph":[{"@type":"WebPage","@id":"https:\/\/templatetoaster.com\/cs\/drupal-theme-generator","url":"https:\/\/templatetoaster.com\/cs\/drupal-theme-generator","name":"Gener\u00e1tor t\u00e9mat Drupal - TemplateToaster","isPartOf":{"@id":"https:\/\/templatetoaster.com\/#website"},"primaryImageOfPage":{"@id":"https:\/\/templatetoaster.com\/cs\/drupal-theme-generator#primaryimage"},"image":{"@id":"https:\/\/templatetoaster.com\/cs\/drupal-theme-generator#primaryimage"},"thumbnailUrl":"https:\/\/templatetoaster.com\/wp-content\/uploads\/2017\/04\/multiple-language.png","datePublished":"2018-04-14T05:30:02+00:00","dateModified":"2018-11-20T06:15:10+00:00","description":"TemplateToaster je gener\u00e1tor t\u00e9mat Drupal","breadcrumb":{"@id":"https:\/\/templatetoaster.com\/cs\/drupal-theme-generator#breadcrumb"},"inLanguage":"cs","potentialAction":[{"@type":"ReadAction","target":["https:\/\/templatetoaster.com\/cs\/drupal-theme-generator"]}]},{"@type":"ImageObject","inLanguage":"cs","@id":"https:\/\/templatetoaster.com\/cs\/drupal-theme-generator#primaryimage","url":"https:\/\/templatetoaster.com\/wp-content\/uploads\/2017\/04\/multiple-language.png","contentUrl":"https:\/\/templatetoaster.com\/wp-content\/uploads\/2017\/04\/multiple-language.png"},{"@type":"BreadcrumbList","@id":"https:\/\/templatetoaster.com\/cs\/drupal-theme-generator#breadcrumb","itemListElement":[{"@type":"ListItem","position":1,"name":"Home","item":"https:\/\/templatetoaster.com\/cs"},{"@type":"ListItem","position":2,"name":"Gener\u00e1tor t\u00e9mat Drupal"}]},{"@type":"WebSite","@id":"https:\/\/templatetoaster.com\/#website","url":"https:\/\/templatetoaster.com\/","name":"TemplateToaster","description":"","publisher":{"@id":"https:\/\/templatetoaster.com\/#organization"},"inLanguage":"cs"},{"@type":"Organization","@id":"https:\/\/templatetoaster.com\/#organization","name":"TemplateToaster","url":"https:\/\/templatetoaster.com\/","logo":{"@type":"ImageObject","inLanguage":"cs","@id":"https:\/\/templatetoaster.com\/#\/schema\/logo\/image\/","url":"https:\/\/templatetoaster.com\/wp-content\/uploads\/2019\/11\/TemplateToaster_Logo.jpg","contentUrl":"https:\/\/templatetoaster.com\/wp-content\/uploads\/2019\/11\/TemplateToaster_Logo.jpg","width":85,"height":85,"caption":"TemplateToaster"},"image":{"@id":"https:\/\/templatetoaster.com\/#\/schema\/logo\/image\/"},"sameAs":["https:\/\/www.facebook.com\/TemplateToaster","https:\/\/x.com\/templatetoaster","https:\/\/www.instagram.com\/templatetoaster\/","https:\/\/www.linkedin.com\/company\/templatetoaster\/","https:\/\/www.pinterest.com\/templatetoaster\/","https:\/\/www.youtube.com\/@TemplateToaster"]}]}},"_links":{"self":[{"href":"https:\/\/templatetoaster.com\/cs\/wp-json\/wp\/v2\/pages\/4330"}],"collection":[{"href":"https:\/\/templatetoaster.com\/cs\/wp-json\/wp\/v2\/pages"}],"about":[{"href":"https:\/\/templatetoaster.com\/cs\/wp-json\/wp\/v2\/types\/page"}],"author":[{"embeddable":true,"href":"https:\/\/templatetoaster.com\/cs\/wp-json\/wp\/v2\/users\/13434"}],"replies":[{"embeddable":true,"href":"https:\/\/templatetoaster.com\/cs\/wp-json\/wp\/v2\/comments?post=4330"}],"version-history":[{"count":3,"href":"https:\/\/templatetoaster.com\/cs\/wp-json\/wp\/v2\/pages\/4330\/revisions"}],"predecessor-version":[{"id":5853,"href":"https:\/\/templatetoaster.com\/cs\/wp-json\/wp\/v2\/pages\/4330\/revisions\/5853"}],"wp:attachment":[{"href":"https:\/\/templatetoaster.com\/cs\/wp-json\/wp\/v2\/media?parent=4330"}],"curies":[{"name":"wp","href":"https:\/\/api.w.org\/{rel}","templated":true}]}}