{"id":4324,"date":"2018-04-14T05:21:31","date_gmt":"2018-04-14T05:21:31","guid":{"rendered":"http:\/\/templatetoaster.com?page_id=4324"},"modified":"2018-11-20T11:31:35","modified_gmt":"2018-11-20T11:31:35","slug":"bootstrap","status":"publish","type":"page","link":"https:\/\/templatetoaster.com\/cs\/bootstrap","title":{"rendered":"Bootstrap Website Builder"},"content":{"rendered":"<div class=\"section1 wp-theme-generator\">\n<div style=\"margin: 115px 0 16px;\">\n<div class=\"section1-inner\">\n<h1>Robustn\u00ed Software Bootstrap Website Builder<\/h1>\n<p class=\"text-center\">TemplateToaster je zalo\u017een na r\u00e1mci Bootstrap. To se chov\u00e1 jako dokonal\u00fd software Bootstrap Website Builder poskytovat mimo\u0159\u00e1dn\u011b citliv\u00e9 webov\u00e9 str\u00e1nky.  <\/p>\n<p><br clear=\"all\"><\/p>\n<\/div>\n<div style=\"text-align:center;\">\n<a href=\"https:\/\/templatetoaster.com\/cs\/download\" class=\"btn download_btn\">St\u00e1hnout nyn\u00ed<\/a><\/div>\n<div class=\"clearfix\"><\/div>\n<\/div>\n<\/div>\n<p><!--- What is TemplateToaster Section ---><\/p>\n<div class=\"section2 wp-theme-generator\">\n<div class=\"section2-inner-bs\">\n<h2>Pro\u010d pou\u017e\u00edvat TemplateToaster jako Bootstrap zalo\u017een\u00e9 Builder Website Software?<\/h2>\n<p>TemplateToaster je dokonale osazeny distribu\u010dn\u00ed soustavy bootstrap, aby produkovat vysoce optim\u00e1ln\u00edch v\u00fdsledk\u016f. nav\u00edc, Tento desktop zalo\u017een\u00fd software je ur\u010den v\u00fdhradn\u011b k vytv\u00e1\u0159en\u00ed vysoce profesion\u00e1ln\u00ed webov\u00e9 str\u00e1nky s nejlep\u0161\u00ed u\u017eivatelsk\u00fd z\u00e1\u017eitek. To se vyd\u00e1v\u00e1 na bezprobl\u00e9movou pou\u017eitelnost pro amat\u00e9ry i profesion\u00e1ly. To v\u00e1m umo\u017en\u00ed vytvo\u0159it sv\u00e9 webov\u00e9 str\u00e1nky sn\u016f od nuly bezbolestn\u011b. Proto, v\u0161e, co pot\u0159ebujete, je vize pro va\u0161e webov\u00e9 str\u00e1nky a TemplateToaster p\u0159inese ji k \u017eivotu! <\/p>\n<\/div>\n<div class=\"row section2-bs\">\n<div class=\"col-lg-4 col-md-4 col-sm-6 col-xs-12\">\n<div style=\"padding: 20px;\">\n<div class=\"text-center\">\n<div style=\"margin-right:10px; display: inline-block; float:none; vertical-align:middle; background-position: -155px -1600px; width:75px;\" class=\"wp_feature landing_page_svg\"><\/div>\n<\/div>\n<h3 style=\"margin: 20px 0px 10px; text-align: center;\">k\u00f3d Standardizace\t <\/h3>\n<p class=\"text-center\"> Jako Bootstrap Framework je dob\u0159e zn\u00e1m\u00fd pro sv\u00e9 standardizovan\u00e9 \u010dist\u00fdm k\u00f3dem. TemplateToaster p\u0159ilne k n\u011bmu a vytv\u00e1\u0159et ohromuj\u00edc\u00ed t\u00e9mata vych\u00e1z\u00ed z r\u00e1mce Bootstrap.<\/p>\n<\/div>\n<\/div>\n<div class=\"clearfix visible-xs-block\"><\/div>\n<div class=\"col-lg-4 col-md-4 col-sm-6 col-xs-12\">\n<div style=\"padding: 20px;\">\n<div class=\"text-center\">\n<div style=\"margin-right:10px; display: inline-block; float:none; vertical-align:middle; background-position: -165px -153px; width:65px;\" class=\"wp_feature landing_page_svg\"><\/div>\n<\/div>\n<h3 style=\"margin:20px 0 10px; text-align:center\">Familiar Interface<\/h3>\n<p class=\"text-center\">V dne\u0161n\u00ed dob\u011b t\u00e9m\u011b\u0159 ka\u017ed\u00fd web designer zn\u00e1 bootstrap, to se vyv\u00edj\u00ed z hlediska jej\u00edho v\u00fdvoje. Tak, zam\u011bstn\u00e1vat TemplateToaster st\u00e1v\u00e1 ne m\u00e9n\u011b ne\u017e dort ch\u016fze.<\/p>\n<\/div>\n<\/div>\n<div class=\"clearfix visible-sm-block visible-xs-block\"><\/div>\n<div class=\"col-lg-4 col-md-4 col-sm-6 col-xs-12\">\n<div style=\"padding: 20px;\">\n<div class=\"text-center\">\n<div style=\"margin-right:10px; display: inline-block; float:none; vertical-align:middle; background-position: -10px -242px; width:65px;\" class=\"wp_feature landing_page_svg\"><\/div>\n<\/div>\n<h3 style=\"margin:20px 0 10px; text-align:center\"> vn\u00edmavost<\/h3>\n<p class=\"text-center\">Bootstrap je vn\u00edmavost plemena TemplateToaster, t\u00edm, aby va\u0161e webov\u00e9 str\u00e1nky za\u0159\u00edzen\u00ed \u0161etrn\u011bj\u0161\u00ed, ne\u017e kdy p\u0159edt\u00edm. <\/p>\n<\/div>\n<\/div>\n<div class=\"clearfix  visible-lg-block visible-md-block  visible-xs-block\"><\/div>\n<\/div>\n<p>Jsme pln\u011b zam\u011b\u0159ena-up pro roz\u0161\u00ed\u0159en\u00ed kompatibility s bootstrap 4, jakmile se spust\u00ed.<\/p>\n<\/div>\n<p><!---- section 3 starts ---><\/p>\n<div class=\"section3 wp-theme-generator\">\n<div class=\"section3-inner\">\n<h2>Jak TemplateToaster Works?<\/h2>\n<div class=\"row\">\n<div class=\"col-lg-4 col-md-4 col-sm-6 col-xs-12\">\n<div class=\"media\">\n<div class=\"landing_page_svg\" style=\"background-position: 20px -690px; display: block; height: 115px; margin: auto; width: 142px;\"><\/div>\n<\/p>\n<h3 class=\"text-center\">St\u00e1hnout<\/h3>\n<p class=\"text-center\">Ty jsou nab\u00edzeny neomezen\u00fd proces t\u00fdkaj\u00edc\u00ed \u017e\u00e1dn\u00e9 n\u00e1klady. St\u00e1hnout, Nainstalovat &amp; Za\u010d\u00edn\u00e1me s n\u00edm.<\/p>\n<\/div>\n<\/div>\n<div class=\"clearfix visible-xs-block\"><\/div>\n<div class=\"col-lg-4 col-md-4 col-sm-6 col-xs-12\">\n<div class=\"media\">\n<div class=\"landing_page_svg\" style=\"background-position: -115px -690px; display: block; height: 115px; margin: auto; width: 142px;\"><\/div>\n<\/p>\n<h3 class=\"text-center\">Konstruk\u010dn\u00ed T\u00e9mata \/ \u0161ablony \/ Webov\u00e9 str\u00e1nky<\/h3>\n<p class=\"text-center\">Design dle Va\u0161ich po\u017eadavk\u016f; m\u016f\u017eete za\u010d\u00edt od za\u010d\u00e1tku, nebo upravit jak\u00fdkoliv vzorek \u0161ablonu pro v\u00e1s k dispozici.  <\/p>\n<\/div>\n<\/div>\n<div class=\"clearfix visible-sm-block visible-xs-block\"><\/div>\n<div class=\"col-lg-4 col-md-4 col-sm-6 col-xs-12\">\n<div class=\"media\">\n<div class=\"landing_page_svg\" style=\"background-position: -240px -690px; display: block; height: 115px; margin: auto; width: 142px;\"><\/div>\n<\/p>\n<h3 class=\"text-center\">Export a uploadu<\/h3>\n<p class=\"text-center\">Jakmile budete m\u00edt n\u00e1vrh hotov, exportovat soubory motivu, a nahr\u00e1t na server hosting.<\/p>\n<\/div>\n<\/div>\n<div class=\"clearfix visible-lg-block visible-md-block visible-sm-block visible-xs-block\"><\/div>\n<\/div>\n<\/div>\n<\/div>\n<p><!---- section 6 starts ---><\/p>\n<div class=\"section6 \twp-theme-generator\" style=\"padding:50px 10px; background-color: #f1f4f8;\">\n<div style=\"margin:70px 0px 20px;\">\n<h2>T\u00e9ma Builder WordPress Bootstrap<\/h2>\n<div class=\"section-center\" style=\"padding-bottom: 20px;\">\n<div class=\"main-cms-section\">\n<div class=\"cms-section\">\n<div class=\"text-center\">\n<div class=\"wp_feature landing_page_svg\" style=\"width: 120px; height: 120px; background-position:-85px -250px;\"><\/div>\n<\/div>\n<\/div>\n<div class=\"cms-section\">\n<div class=\"text-center\">\n<div class=\"wp_feature landing_page_svg\" style=\"width: 150px; height: 120px; background-position:-200px -250px;\"><\/div>\n<\/div>\n<\/div>\n<\/div>\n<div class=\"other-cms-section\">\n<div class=\"cms-section\">\n<div class=\"text-center\">\n<div class=\"wp_feature landing_page_svg\" style=\"width: 110px; height: 100px; background-position:20px -380px;\"><\/div>\n<\/div>\n<\/div>\n<div class=\"cms-section\">\n<div class=\"text-center\">\n<div class=\"wp_feature landing_page_svg\" style=\"width: 110px; height: 102px; background-position:-68px -380px;\"><\/div>\n<\/div>\n<\/div>\n<div class=\"cms-section\">\n<div class=\"text-center\">\n<div class=\"wp_feature landing_page_svg\" style=\"width: 110px; height: 102px; background-position:-160px -380px;\"><\/div>\n<\/div>\n<\/div>\n<div class=\"cms-section\">\n<div class=\"text-center\">\n<div class=\"wp_feature landing_page_svg\" style=\"width: 110px; height: 100px; background-position:-260px -380px;\"><\/div>\n<\/div>\n<\/div>\n<div class=\"cms-section\">\n<div class=\"text-center\">\n<div class=\"wp_feature landing_page_svg\" style=\"width: 110px; height: 100px; background-position:-0px -495px;\"><\/div>\n<\/div>\n<\/div>\n<div class=\"cms-section\">\n<div class=\"text-center\">\n<div class=\"wp_feature landing_page_svg\" style=\"width: 110px; height: 100px; background-position:-125px -495px;\"><\/div>\n<\/div>\n<\/div>\n<div class=\"cms-section\">\n<div class=\"text-center\">\n<div class=\"wp_feature landing_page_svg\" style=\"width: 110px; height: 100px; background-position:-240px -495px;\"><\/div>\n<\/div>\n<\/div>\n<div class=\"cms-section\">\n<div class=\"text-center\">\n<div class=\"wp_feature landing_page_svg\" style=\"width: 110px; height: 100px; background-position:-0px -600px;\"><\/div>\n<\/div>\n<\/div>\n<div class=\"section6-bs os-content\">\n<p>TemplateToaster m\u016f\u017ee fungovat perfektn\u011b, jak sv\u00e9 vlastn\u00ed Theme Builder WordPress Bootstrap. motivy na b\u00e1zi konstrukce Bootstrap pro WordPress, bezchybn\u011b, ani\u017e by se museli starat o funk\u010dnosti a citlivosti bootstrap je st\u00e1le omezov\u00e1na. <\/p>\n<\/p>\n<p>To se st\u00e1v\u00e1 pom\u011brn\u011b jemn\u011bj\u0161\u00ed generovat bootstrap \u0161ablony zalo\u017een\u00e9 na jin\u00fdch popul\u00e1rn\u00edch CMSes jako Joomla a Drupal. Podobn\u011b, TemplateToaster mohou navrhovat t\u00e9mata vych\u00e1zej\u00edc\u00ed bootstrap pro e-commerce webov\u00e9 str\u00e1nky vyu\u017e\u00edvaj\u00edc\u00ed Magento, Prestashop, VirtueMart, a Opencart. mimoto, to je\u0161t\u011b m\u00e1 kompatibilitu pro z\u00e1kladn\u00ed HTML a Blogger, jako\u017e. <\/p>\n<\/p>\n<p>TemplateToaster je vlo\u017een\u00fd s r\u00e1mcem Bootstrap p\u0159esn\u011b. To m\u00e1 za c\u00edl \u010din\u00ed optim\u00e1ln\u00ed u\u017eivatelsk\u00fd z\u00e1\u017eitek z jak\u00e9hokoli za\u0159\u00edzen\u00ed. A proto je apt volba jako dokonal\u00fd Bootstrap webov\u00e1 str\u00e1nka Builder. Tak, aby va\u0161e webov\u00e9 str\u00e1nky sen s TemplateToaster v \u017e\u00e1dn\u00e9m okam\u017eiku. <\/p>\n<\/div>\n<\/div>\n<\/div>\n<div style=\"text-align:center; margin-top: 30px;\">\n<a href=\"https:\/\/templatetoaster.com\/cs\/download\" class=\"btn download_btn\">St\u00e1hnout nyn\u00ed<\/a><\/div>\n<\/div>\n<\/div>\n","protected":false},"excerpt":{"rendered":"<p>Robustn\u00ed Software Bootstrap Website Builder TemplateToaster je zalo\u017een na r\u00e1mci Bootstrap. To se chov\u00e1 jako dokonal\u00fd software Bootstrap Website Builder poskytovat mimo\u0159\u00e1dn\u011b citliv\u00e9 webov\u00e9 str\u00e1nky. St\u00e1hnout nyn\u00ed Pro\u010d pou\u017e\u00edvat TemplateToaster jako Bootstrap zalo\u017een\u00e9 Builder Website Software? TemplateToaster je dokonale osazeny &hellip; <a href=\"https:\/\/templatetoaster.com\/cs\/bootstrap\">Continue Reading<span class=\"meta-nav\">&rarr;<\/span><\/a><\/p>\n","protected":false},"author":13434,"featured_media":0,"parent":0,"menu_order":0,"comment_status":"closed","ping_status":"closed","template":"","meta":{"footnotes":""},"yoast_head":"<!-- This site is optimized with the Yoast SEO plugin v23.5 - https:\/\/yoast.com\/wordpress\/plugins\/seo\/ -->\n<title>Bootstrap Website Builder - TemplateToaster<\/title>\n<meta name=\"description\" content=\"TemplateToaster je Bootstrap Website Builder\" \/>\n<meta name=\"robots\" content=\"index, follow, max-snippet:-1, max-image-preview:large, max-video-preview:-1\" \/>\n<link rel=\"canonical\" href=\"https:\/\/templatetoaster.com\/cs\/bootstrap\" \/>\n<meta property=\"og:locale\" content=\"cs_CZ\" \/>\n<meta property=\"og:type\" content=\"article\" \/>\n<meta property=\"og:title\" content=\"Bootstrap Website Builder - TemplateToaster\" \/>\n<meta property=\"og:description\" content=\"TemplateToaster je Bootstrap Website Builder\" \/>\n<meta property=\"og:url\" content=\"https:\/\/templatetoaster.com\/cs\/bootstrap\" \/>\n<meta property=\"og:site_name\" content=\"TemplateToaster\" \/>\n<meta property=\"article:publisher\" content=\"https:\/\/www.facebook.com\/TemplateToaster\" \/>\n<meta property=\"article:modified_time\" content=\"2018-11-20T11:31:35+00:00\" \/>\n<meta property=\"og:image\" content=\"https:\/\/templatetoaster.com\/wp-content\/uploads\/2015\/07\/TemplateToaster-325X325.png\" \/>\n\t<meta property=\"og:image:width\" content=\"325\" \/>\n\t<meta property=\"og:image:height\" content=\"325\" \/>\n\t<meta property=\"og:image:type\" content=\"image\/png\" \/>\n<meta name=\"twitter:card\" content=\"summary_large_image\" \/>\n<meta name=\"twitter:site\" content=\"@templatetoaster\" \/>\n<meta name=\"twitter:label1\" content=\"Odhadovan\u00e1 doba \u010dten\u00ed\" \/>\n\t<meta name=\"twitter:data1\" content=\"2 minuty\" \/>\n<script type=\"application\/ld+json\" class=\"yoast-schema-graph\">{\"@context\":\"https:\/\/schema.org\",\"@graph\":[{\"@type\":\"WebPage\",\"@id\":\"https:\/\/templatetoaster.com\/cs\/bootstrap\",\"url\":\"https:\/\/templatetoaster.com\/cs\/bootstrap\",\"name\":\"Bootstrap Website Builder - TemplateToaster\",\"isPartOf\":{\"@id\":\"https:\/\/templatetoaster.com\/#website\"},\"datePublished\":\"2018-04-14T05:21:31+00:00\",\"dateModified\":\"2018-11-20T11:31:35+00:00\",\"description\":\"TemplateToaster je Bootstrap Website Builder\",\"breadcrumb\":{\"@id\":\"https:\/\/templatetoaster.com\/cs\/bootstrap#breadcrumb\"},\"inLanguage\":\"cs\",\"potentialAction\":[{\"@type\":\"ReadAction\",\"target\":[\"https:\/\/templatetoaster.com\/cs\/bootstrap\"]}]},{\"@type\":\"BreadcrumbList\",\"@id\":\"https:\/\/templatetoaster.com\/cs\/bootstrap#breadcrumb\",\"itemListElement\":[{\"@type\":\"ListItem\",\"position\":1,\"name\":\"Home\",\"item\":\"https:\/\/templatetoaster.com\/cs\"},{\"@type\":\"ListItem\",\"position\":2,\"name\":\"Bootstrap Website Builder\"}]},{\"@type\":\"WebSite\",\"@id\":\"https:\/\/templatetoaster.com\/#website\",\"url\":\"https:\/\/templatetoaster.com\/\",\"name\":\"TemplateToaster\",\"description\":\"\",\"publisher\":{\"@id\":\"https:\/\/templatetoaster.com\/#organization\"},\"inLanguage\":\"cs\"},{\"@type\":\"Organization\",\"@id\":\"https:\/\/templatetoaster.com\/#organization\",\"name\":\"TemplateToaster\",\"url\":\"https:\/\/templatetoaster.com\/\",\"logo\":{\"@type\":\"ImageObject\",\"inLanguage\":\"cs\",\"@id\":\"https:\/\/templatetoaster.com\/#\/schema\/logo\/image\/\",\"url\":\"https:\/\/templatetoaster.com\/wp-content\/uploads\/2019\/11\/TemplateToaster_Logo.jpg\",\"contentUrl\":\"https:\/\/templatetoaster.com\/wp-content\/uploads\/2019\/11\/TemplateToaster_Logo.jpg\",\"width\":85,\"height\":85,\"caption\":\"TemplateToaster\"},\"image\":{\"@id\":\"https:\/\/templatetoaster.com\/#\/schema\/logo\/image\/\"},\"sameAs\":[\"https:\/\/www.facebook.com\/TemplateToaster\",\"https:\/\/x.com\/templatetoaster\",\"https:\/\/www.instagram.com\/templatetoaster\/\",\"https:\/\/www.linkedin.com\/company\/templatetoaster\/\",\"https:\/\/www.pinterest.com\/templatetoaster\/\",\"https:\/\/www.youtube.com\/@TemplateToaster\"]}]}<\/script>\n<!-- \/ Yoast SEO plugin. -->","yoast_head_json":{"title":"Bootstrap Website Builder - TemplateToaster","description":"TemplateToaster je Bootstrap Website Builder","robots":{"index":"index","follow":"follow","max-snippet":"max-snippet:-1","max-image-preview":"max-image-preview:large","max-video-preview":"max-video-preview:-1"},"canonical":"https:\/\/templatetoaster.com\/cs\/bootstrap","og_locale":"cs_CZ","og_type":"article","og_title":"Bootstrap Website Builder - TemplateToaster","og_description":"TemplateToaster je Bootstrap Website Builder","og_url":"https:\/\/templatetoaster.com\/cs\/bootstrap","og_site_name":"TemplateToaster","article_publisher":"https:\/\/www.facebook.com\/TemplateToaster","article_modified_time":"2018-11-20T11:31:35+00:00","og_image":[{"width":325,"height":325,"url":"https:\/\/templatetoaster.com\/wp-content\/uploads\/2015\/07\/TemplateToaster-325X325.png","type":"image\/png"}],"twitter_card":"summary_large_image","twitter_site":"@templatetoaster","twitter_misc":{"Odhadovan\u00e1 doba \u010dten\u00ed":"2 minuty"},"schema":{"@context":"https:\/\/schema.org","@graph":[{"@type":"WebPage","@id":"https:\/\/templatetoaster.com\/cs\/bootstrap","url":"https:\/\/templatetoaster.com\/cs\/bootstrap","name":"Bootstrap Website Builder - TemplateToaster","isPartOf":{"@id":"https:\/\/templatetoaster.com\/#website"},"datePublished":"2018-04-14T05:21:31+00:00","dateModified":"2018-11-20T11:31:35+00:00","description":"TemplateToaster je Bootstrap Website Builder","breadcrumb":{"@id":"https:\/\/templatetoaster.com\/cs\/bootstrap#breadcrumb"},"inLanguage":"cs","potentialAction":[{"@type":"ReadAction","target":["https:\/\/templatetoaster.com\/cs\/bootstrap"]}]},{"@type":"BreadcrumbList","@id":"https:\/\/templatetoaster.com\/cs\/bootstrap#breadcrumb","itemListElement":[{"@type":"ListItem","position":1,"name":"Home","item":"https:\/\/templatetoaster.com\/cs"},{"@type":"ListItem","position":2,"name":"Bootstrap Website Builder"}]},{"@type":"WebSite","@id":"https:\/\/templatetoaster.com\/#website","url":"https:\/\/templatetoaster.com\/","name":"TemplateToaster","description":"","publisher":{"@id":"https:\/\/templatetoaster.com\/#organization"},"inLanguage":"cs"},{"@type":"Organization","@id":"https:\/\/templatetoaster.com\/#organization","name":"TemplateToaster","url":"https:\/\/templatetoaster.com\/","logo":{"@type":"ImageObject","inLanguage":"cs","@id":"https:\/\/templatetoaster.com\/#\/schema\/logo\/image\/","url":"https:\/\/templatetoaster.com\/wp-content\/uploads\/2019\/11\/TemplateToaster_Logo.jpg","contentUrl":"https:\/\/templatetoaster.com\/wp-content\/uploads\/2019\/11\/TemplateToaster_Logo.jpg","width":85,"height":85,"caption":"TemplateToaster"},"image":{"@id":"https:\/\/templatetoaster.com\/#\/schema\/logo\/image\/"},"sameAs":["https:\/\/www.facebook.com\/TemplateToaster","https:\/\/x.com\/templatetoaster","https:\/\/www.instagram.com\/templatetoaster\/","https:\/\/www.linkedin.com\/company\/templatetoaster\/","https:\/\/www.pinterest.com\/templatetoaster\/","https:\/\/www.youtube.com\/@TemplateToaster"]}]}},"_links":{"self":[{"href":"https:\/\/templatetoaster.com\/cs\/wp-json\/wp\/v2\/pages\/4324"}],"collection":[{"href":"https:\/\/templatetoaster.com\/cs\/wp-json\/wp\/v2\/pages"}],"about":[{"href":"https:\/\/templatetoaster.com\/cs\/wp-json\/wp\/v2\/types\/page"}],"author":[{"embeddable":true,"href":"https:\/\/templatetoaster.com\/cs\/wp-json\/wp\/v2\/users\/13434"}],"replies":[{"embeddable":true,"href":"https:\/\/templatetoaster.com\/cs\/wp-json\/wp\/v2\/comments?post=4324"}],"version-history":[{"count":3,"href":"https:\/\/templatetoaster.com\/cs\/wp-json\/wp\/v2\/pages\/4324\/revisions"}],"predecessor-version":[{"id":5870,"href":"https:\/\/templatetoaster.com\/cs\/wp-json\/wp\/v2\/pages\/4324\/revisions\/5870"}],"wp:attachment":[{"href":"https:\/\/templatetoaster.com\/cs\/wp-json\/wp\/v2\/media?parent=4324"}],"curies":[{"name":"wp","href":"https:\/\/api.w.org\/{rel}","templated":true}]}}