{"id":4318,"date":"2018-04-14T05:11:36","date_gmt":"2018-04-14T05:11:36","guid":{"rendered":"http:\/\/templatetoaster.com?page_id=4318"},"modified":"2019-08-09T08:52:33","modified_gmt":"2019-08-09T08:52:33","slug":"affiliates","status":"publish","type":"page","link":"https:\/\/templatetoaster.com\/cs\/affiliates","title":{"rendered":"Affiliates"},"content":{"rendered":"<div class=\"tt_affiliates_row row\">\n&nbsp;<\/p>\n<h1 class=\"heading_border\">TemplateToaster partnersk\u00fd Program<\/h1>\n<h4 class=\"joomla\">Podporovat TemplateToaster na sv\u00fdch webov\u00fdch str\u00e1nk\u00e1ch a dostat za to zaplaceno!<\/h4>\n<p class=\"wordpress\">Z\u00edskat <strong>16%<\/strong> Komise o ka\u017ed\u00e9m prodeji, zmi\u0148ujete!, \u017ee bude asi $25 Pro TemplateToaster Professional Edition. Sta\u0148te se TemplateToaster affiliate dnes! Na\u0161e softwarov\u00e9 produkty jsou k dispozici k prodeji prost\u0159ednictv\u00edm Avangate Affiliate Network. Chcete-li za\u010d\u00edt prod\u00e1vat, v\u0161e, co mus\u00edte ud\u011blat je &#8222;Koupit nyn\u00ed&#8220; odkazy na webu a zobraz\u00ed informace o produktu.<\/p>\n<h4 class=\"joomla\">Zaru\u010den\u00e9 d\u016fstojnick\u00fd<\/h4>\n<p class=\"wordpress\">Kdy\u017e n\u00e1v\u0161t\u011bvn\u00edk n\u00e1sleduje odkaz nebo banner na webu, Avangate <em>vede z\u00e1znamy o v\u00e1\u0161 partnersk\u00fd ID 120 kalend\u00e1\u0159n\u00ed dny<\/em>. \u017de \u2019 s 4 m\u011bs\u00edc\u016f, b\u011bhem nich\u017e ve\u0161ker\u00e9 objedn\u00e1vky od stejn\u00e9ho u\u017eivatele zaru\u010duje va\u0161e partnersk\u00e9 provize.<\/p>\n<h4 class=\"joomla\">To \u2019 s stejn\u011b snadn\u00e9 jako 1, 2, 3\u2026<\/h4>\n<p class=\"wordpress\">Avangate star\u00e1 procesu objedn\u00e1v\u00e1n\u00ed, dod\u00e1vky produkt\u016f a podpora z\u00e1kazn\u00edk\u016f.<br \/>\n\u2013 Nen\u00ed t\u0159eba ukl\u00e1dat jak\u00fdkoli software na serverech, nebo je sledovat licenc\u00ed<br \/>\n\u2013 \u017d\u00e1dn\u00e9 h\u00e1dky, vztahuj\u00edc\u00ed se k fakturaci nebo plateb od z\u00e1kazn\u00edk\u016f<br \/>\n\u2013 Z\u0159izovac\u00ed poplatek, \u017e\u00e1dn\u00e9 po\u010d\u00e1te\u010dn\u00ed n\u00e1klady, \u017e\u00e1dn\u00e9 skryt\u00e9 v\u00fdkonnostn\u00ed c\u00edle dos\u00e1hnout!<br \/>\nBudete m\u00edt prosp\u011bch z komplexn\u00ed affiliate zpr\u00e1vy, kter\u00e9 v\u00e1m uk\u00e1\u017ee, p\u0159esn\u011b jak prov\u00e9st.<\/p>\n<h4 class=\"joomla\">M\u011bs\u00ed\u010dn\u00ed platby<\/h4>\n<p class=\"wordpress\">Budete m\u00edt va\u0161e provize ka\u017ed\u00fd m\u011bs\u00edc, bu\u010f p\u0159evedeny na v\u00e1\u0161 Avangate Prepaid MasterCard debetn\u00ed nebo prost\u0159ednictv\u00edm bankovn\u00ed p\u0159evod, Kontrola nebo PayPal.<\/p>\n<h4 class=\"joomla\">Za\u010d\u00edt prod\u00e1vat nyn\u00ed!<\/h4>\n<p class=\"wordpress\"><em>Pou\u017e\u00edt v\u0161echny dostupn\u00e9 kan\u00e1l propagace, kterou m\u00e1te \u2013 webov\u00e9 str\u00e1nky, Bulletin, atd!<\/em> Pamatujte \u2013 v\u00edce postoupen\u00ed odkazy, kter\u00e9 vytvo\u0159\u00edte, v\u011bt\u0161\u00ed \u0161ance, budete muset vyd\u011blat pen\u00edze z va\u0161eho webu!<\/p>\n<p style=\"text-align: center; clear: both;\"><a class=\"btn download_button btn-feature\" href=\"https:\/\/www.avangate.com\/affiliates\/sign-up.php?merchant=TEMPLATT&amp;template=Default+Template&amp;lang=en\">P\u0159idej se te\u010f<\/a><\/p>\n<\/div>\n","protected":false},"excerpt":{"rendered":"<p>&nbsp; TemplateToaster partnersk\u00fd Program Podporovat TemplateToaster na sv\u00fdch webov\u00fdch str\u00e1nk\u00e1ch a dostat za to zaplaceno! Z\u00edskat 16% Komise o ka\u017ed\u00e9m prodeji, zmi\u0148ujete!, \u017ee bude asi $25 Pro TemplateToaster Professional Edition. Sta\u0148te se TemplateToaster affiliate dnes! Na\u0161e softwarov\u00e9 produkty jsou k &hellip; <a href=\"https:\/\/templatetoaster.com\/cs\/affiliates\">Continue Reading<span class=\"meta-nav\">&rarr;<\/span><\/a><\/p>\n","protected":false},"author":13434,"featured_media":0,"parent":0,"menu_order":0,"comment_status":"closed","ping_status":"closed","template":"PageTemplate1.php","meta":{"footnotes":""},"yoast_head":"<!-- This site is optimized with the Yoast SEO plugin v23.5 - https:\/\/yoast.com\/wordpress\/plugins\/seo\/ -->\n<title>Affiliates - TemplateToaster<\/title>\n<meta name=\"description\" content=\"TemplateToaster Affiliates\" \/>\n<meta name=\"robots\" content=\"index, follow, max-snippet:-1, max-image-preview:large, max-video-preview:-1\" \/>\n<link rel=\"canonical\" href=\"https:\/\/templatetoaster.com\/cs\/affiliates\" \/>\n<meta property=\"og:locale\" content=\"cs_CZ\" \/>\n<meta property=\"og:type\" content=\"article\" \/>\n<meta property=\"og:title\" content=\"Affiliates - TemplateToaster\" \/>\n<meta property=\"og:description\" content=\"TemplateToaster Affiliates\" \/>\n<meta property=\"og:url\" content=\"https:\/\/templatetoaster.com\/cs\/affiliates\" \/>\n<meta property=\"og:site_name\" content=\"TemplateToaster\" \/>\n<meta property=\"article:publisher\" content=\"https:\/\/www.facebook.com\/TemplateToaster\" \/>\n<meta property=\"article:modified_time\" content=\"2019-08-09T08:52:33+00:00\" \/>\n<meta property=\"og:image\" content=\"https:\/\/templatetoaster.com\/wp-content\/uploads\/2015\/07\/TemplateToaster-325X325.png\" \/>\n\t<meta property=\"og:image:width\" content=\"325\" \/>\n\t<meta property=\"og:image:height\" content=\"325\" \/>\n\t<meta property=\"og:image:type\" content=\"image\/png\" \/>\n<meta name=\"twitter:card\" content=\"summary_large_image\" \/>\n<meta name=\"twitter:site\" content=\"@templatetoaster\" \/>\n<meta name=\"twitter:label1\" content=\"Odhadovan\u00e1 doba \u010dten\u00ed\" \/>\n\t<meta name=\"twitter:data1\" content=\"1 minuta\" \/>\n<script type=\"application\/ld+json\" class=\"yoast-schema-graph\">{\"@context\":\"https:\/\/schema.org\",\"@graph\":[{\"@type\":\"WebPage\",\"@id\":\"https:\/\/templatetoaster.com\/cs\/affiliates\",\"url\":\"https:\/\/templatetoaster.com\/cs\/affiliates\",\"name\":\"Affiliates - TemplateToaster\",\"isPartOf\":{\"@id\":\"https:\/\/templatetoaster.com\/#website\"},\"datePublished\":\"2018-04-14T05:11:36+00:00\",\"dateModified\":\"2019-08-09T08:52:33+00:00\",\"description\":\"TemplateToaster Affiliates\",\"breadcrumb\":{\"@id\":\"https:\/\/templatetoaster.com\/cs\/affiliates#breadcrumb\"},\"inLanguage\":\"cs\",\"potentialAction\":[{\"@type\":\"ReadAction\",\"target\":[\"https:\/\/templatetoaster.com\/cs\/affiliates\"]}]},{\"@type\":\"BreadcrumbList\",\"@id\":\"https:\/\/templatetoaster.com\/cs\/affiliates#breadcrumb\",\"itemListElement\":[{\"@type\":\"ListItem\",\"position\":1,\"name\":\"Home\",\"item\":\"https:\/\/templatetoaster.com\/cs\"},{\"@type\":\"ListItem\",\"position\":2,\"name\":\"Affiliates\"}]},{\"@type\":\"WebSite\",\"@id\":\"https:\/\/templatetoaster.com\/#website\",\"url\":\"https:\/\/templatetoaster.com\/\",\"name\":\"TemplateToaster\",\"description\":\"\",\"publisher\":{\"@id\":\"https:\/\/templatetoaster.com\/#organization\"},\"inLanguage\":\"cs\"},{\"@type\":\"Organization\",\"@id\":\"https:\/\/templatetoaster.com\/#organization\",\"name\":\"TemplateToaster\",\"url\":\"https:\/\/templatetoaster.com\/\",\"logo\":{\"@type\":\"ImageObject\",\"inLanguage\":\"cs\",\"@id\":\"https:\/\/templatetoaster.com\/#\/schema\/logo\/image\/\",\"url\":\"https:\/\/templatetoaster.com\/wp-content\/uploads\/2019\/11\/TemplateToaster_Logo.jpg\",\"contentUrl\":\"https:\/\/templatetoaster.com\/wp-content\/uploads\/2019\/11\/TemplateToaster_Logo.jpg\",\"width\":85,\"height\":85,\"caption\":\"TemplateToaster\"},\"image\":{\"@id\":\"https:\/\/templatetoaster.com\/#\/schema\/logo\/image\/\"},\"sameAs\":[\"https:\/\/www.facebook.com\/TemplateToaster\",\"https:\/\/x.com\/templatetoaster\",\"https:\/\/www.instagram.com\/templatetoaster\/\",\"https:\/\/www.linkedin.com\/company\/templatetoaster\/\",\"https:\/\/www.pinterest.com\/templatetoaster\/\",\"https:\/\/www.youtube.com\/@TemplateToaster\"]}]}<\/script>\n<!-- \/ Yoast SEO plugin. -->","yoast_head_json":{"title":"Affiliates - TemplateToaster","description":"TemplateToaster Affiliates","robots":{"index":"index","follow":"follow","max-snippet":"max-snippet:-1","max-image-preview":"max-image-preview:large","max-video-preview":"max-video-preview:-1"},"canonical":"https:\/\/templatetoaster.com\/cs\/affiliates","og_locale":"cs_CZ","og_type":"article","og_title":"Affiliates - TemplateToaster","og_description":"TemplateToaster Affiliates","og_url":"https:\/\/templatetoaster.com\/cs\/affiliates","og_site_name":"TemplateToaster","article_publisher":"https:\/\/www.facebook.com\/TemplateToaster","article_modified_time":"2019-08-09T08:52:33+00:00","og_image":[{"width":325,"height":325,"url":"https:\/\/templatetoaster.com\/wp-content\/uploads\/2015\/07\/TemplateToaster-325X325.png","type":"image\/png"}],"twitter_card":"summary_large_image","twitter_site":"@templatetoaster","twitter_misc":{"Odhadovan\u00e1 doba \u010dten\u00ed":"1 minuta"},"schema":{"@context":"https:\/\/schema.org","@graph":[{"@type":"WebPage","@id":"https:\/\/templatetoaster.com\/cs\/affiliates","url":"https:\/\/templatetoaster.com\/cs\/affiliates","name":"Affiliates - TemplateToaster","isPartOf":{"@id":"https:\/\/templatetoaster.com\/#website"},"datePublished":"2018-04-14T05:11:36+00:00","dateModified":"2019-08-09T08:52:33+00:00","description":"TemplateToaster Affiliates","breadcrumb":{"@id":"https:\/\/templatetoaster.com\/cs\/affiliates#breadcrumb"},"inLanguage":"cs","potentialAction":[{"@type":"ReadAction","target":["https:\/\/templatetoaster.com\/cs\/affiliates"]}]},{"@type":"BreadcrumbList","@id":"https:\/\/templatetoaster.com\/cs\/affiliates#breadcrumb","itemListElement":[{"@type":"ListItem","position":1,"name":"Home","item":"https:\/\/templatetoaster.com\/cs"},{"@type":"ListItem","position":2,"name":"Affiliates"}]},{"@type":"WebSite","@id":"https:\/\/templatetoaster.com\/#website","url":"https:\/\/templatetoaster.com\/","name":"TemplateToaster","description":"","publisher":{"@id":"https:\/\/templatetoaster.com\/#organization"},"inLanguage":"cs"},{"@type":"Organization","@id":"https:\/\/templatetoaster.com\/#organization","name":"TemplateToaster","url":"https:\/\/templatetoaster.com\/","logo":{"@type":"ImageObject","inLanguage":"cs","@id":"https:\/\/templatetoaster.com\/#\/schema\/logo\/image\/","url":"https:\/\/templatetoaster.com\/wp-content\/uploads\/2019\/11\/TemplateToaster_Logo.jpg","contentUrl":"https:\/\/templatetoaster.com\/wp-content\/uploads\/2019\/11\/TemplateToaster_Logo.jpg","width":85,"height":85,"caption":"TemplateToaster"},"image":{"@id":"https:\/\/templatetoaster.com\/#\/schema\/logo\/image\/"},"sameAs":["https:\/\/www.facebook.com\/TemplateToaster","https:\/\/x.com\/templatetoaster","https:\/\/www.instagram.com\/templatetoaster\/","https:\/\/www.linkedin.com\/company\/templatetoaster\/","https:\/\/www.pinterest.com\/templatetoaster\/","https:\/\/www.youtube.com\/@TemplateToaster"]}]}},"_links":{"self":[{"href":"https:\/\/templatetoaster.com\/cs\/wp-json\/wp\/v2\/pages\/4318"}],"collection":[{"href":"https:\/\/templatetoaster.com\/cs\/wp-json\/wp\/v2\/pages"}],"about":[{"href":"https:\/\/templatetoaster.com\/cs\/wp-json\/wp\/v2\/types\/page"}],"author":[{"embeddable":true,"href":"https:\/\/templatetoaster.com\/cs\/wp-json\/wp\/v2\/users\/13434"}],"replies":[{"embeddable":true,"href":"https:\/\/templatetoaster.com\/cs\/wp-json\/wp\/v2\/comments?post=4318"}],"version-history":[{"count":2,"href":"https:\/\/templatetoaster.com\/cs\/wp-json\/wp\/v2\/pages\/4318\/revisions"}],"predecessor-version":[{"id":63987,"href":"https:\/\/templatetoaster.com\/cs\/wp-json\/wp\/v2\/pages\/4318\/revisions\/63987"}],"wp:attachment":[{"href":"https:\/\/templatetoaster.com\/cs\/wp-json\/wp\/v2\/media?parent=4318"}],"curies":[{"name":"wp","href":"https:\/\/api.w.org\/{rel}","templated":true}]}}