{"id":3854,"date":"2018-04-11T07:03:29","date_gmt":"2018-04-11T07:03:29","guid":{"rendered":"http:\/\/templatetoaster.com?page_id=3854"},"modified":"2019-08-20T09:38:06","modified_gmt":"2019-08-20T09:38:06","slug":"download","status":"publish","type":"page","link":"https:\/\/templatetoaster.com\/cs\/download","title":{"rendered":"sta\u017een\u00ed"},"content":{"rendered":"<div class=\"ttr_download_section\">\n<h1 class=\"heading_border heading2\" style=\"background-size: 362px 1px;\">St\u00e1hnout TemplateToaster<\/h1>\n<p>Nejnov\u011bj\u0161\u00ed verze TemplateToaster je k dispozici na t\u00e9to str\u00e1nce. Nab\u00edz\u00edme neomezen\u00e9 v\u00fdrobek zku\u0161ebn\u00ed, M\u016f\u017ee\u0161 <a style=\"text-decoration: underline;\" href=\"https:\/\/kb.templatetoaster.com\/templatetoaster-license-activation\/\" target=\"_blank\" rel=\"noopener\">Aktivovat TemplateToaster<\/a> kdykoli t\u00edm, \u017ee koup\u00ed v\u00e1\u0161 aktiva\u010dn\u00ed kl\u00ed\u010d z na\u0161eho <a style=\"text-decoration: underline;\" href=\"https:\/\/templatetoaster.com\/cs\/purchase\" target=\"_blank\" rel=\"noopener\">Str\u00e1nka n\u00e1kupu<\/a>.<\/p>\n<div class=\"download_side\" style=\"text-align: center; font-size: 10px;\">\n<div class=\"download-release\"><a class=\"btn download_button\" href=\"https:\/\/templatetoaster.com\/downloads\/TemplateToaster.exe\">St\u00e1hnout te\u010f<\/a><\/p>\n<div class=\"download-version\">\n<p><b>Verze: 8.1.0.21130 <\/b><\/p>\n<p>Datum vyd\u00e1n\u00ed: Mar 23, 2026<\/p>\n<p><a style=\"font-size: 14px;\" href=\"https:\/\/templatetoaster.com\/changelog\">(Changelog) <\/a><\/p>\n<p>&nbsp;<\/p>\n<p><a style=\"font-size: 16px;\" href=\"https:\/\/templatetoaster.com\/downloads\/beta\/TemplateToaster-web.exe\">St\u00e1hnout <\/a> TemplateToaster v8 Beta<\/p>\n<p>(<a style=\"font-size: 14px;\" href=\"https:\/\/templatetoaster.com\/templatetoaster-8\" target=\"_blank\" rel=\"noopener\">Co je nov\u00e9ho<\/a>)\n<\/div>\n<\/div>\n<\/div>\n<\/div>\n<div class=\"clearfix\"><\/div>\n<div class=\"ttr_download_section2 row\">\n<div class=\"ttr_download_section_content\">\n<h2 style=\"font-weight: 500;\">Po\u017eadavky na syst\u00e9m<\/h2>\n<p>&nbsp;<\/p>\n<p>Windows XP(SP3), Vista, Windows 7, Windows 8, Windows 8.1, Windows 10<\/p>\n<p>MAC Through Virtual Machines<\/p>\n<\/div>\n<\/div>\n","protected":false},"excerpt":{"rendered":"<p>St\u00e1hnout TemplateToaster Nejnov\u011bj\u0161\u00ed verze TemplateToaster je k dispozici na t\u00e9to str\u00e1nce. Nab\u00edz\u00edme neomezen\u00e9 v\u00fdrobek zku\u0161ebn\u00ed, M\u016f\u017ee\u0161 Aktivovat TemplateToaster kdykoli t\u00edm, \u017ee koup\u00ed v\u00e1\u0161 aktiva\u010dn\u00ed kl\u00ed\u010d z na\u0161eho Str\u00e1nka n\u00e1kupu. St\u00e1hnout te\u010f Verze: Datum vyd\u00e1n\u00ed: (Changelog) &nbsp; St\u00e1hnout TemplateToaster v8 Beta &hellip; <a href=\"https:\/\/templatetoaster.com\/cs\/download\">Continue Reading<span class=\"meta-nav\">&rarr;<\/span><\/a><\/p>\n","protected":false},"author":1,"featured_media":0,"parent":0,"menu_order":0,"comment_status":"closed","ping_status":"closed","template":"PageTemplate1.php","meta":{"footnotes":""},"yoast_head":"<!-- This site is optimized with the Yoast SEO plugin v23.5 - https:\/\/yoast.com\/wordpress\/plugins\/seo\/ -->\n<title>sta\u017een\u00ed - TemplateToaster<\/title>\n<meta name=\"description\" content=\"St\u00e1hnout TemplateToaster zde\" \/>\n<meta name=\"robots\" content=\"index, follow, max-snippet:-1, max-image-preview:large, max-video-preview:-1\" \/>\n<link rel=\"canonical\" href=\"https:\/\/templatetoaster.com\/cs\/download\" \/>\n<meta property=\"og:locale\" content=\"cs_CZ\" \/>\n<meta property=\"og:type\" content=\"article\" \/>\n<meta property=\"og:title\" content=\"sta\u017een\u00ed - TemplateToaster\" \/>\n<meta property=\"og:description\" content=\"St\u00e1hnout TemplateToaster zde\" \/>\n<meta property=\"og:url\" content=\"https:\/\/templatetoaster.com\/cs\/download\" \/>\n<meta property=\"og:site_name\" content=\"TemplateToaster\" \/>\n<meta property=\"article:publisher\" content=\"https:\/\/www.facebook.com\/TemplateToaster\" \/>\n<meta property=\"article:modified_time\" content=\"2019-08-20T09:38:06+00:00\" \/>\n<meta property=\"og:image\" content=\"https:\/\/templatetoaster.com\/wp-content\/uploads\/2015\/07\/TemplateToaster-325X325.png\" \/>\n\t<meta property=\"og:image:width\" content=\"325\" \/>\n\t<meta property=\"og:image:height\" content=\"325\" \/>\n\t<meta property=\"og:image:type\" content=\"image\/png\" \/>\n<meta name=\"twitter:card\" content=\"summary_large_image\" \/>\n<meta name=\"twitter:site\" content=\"@templatetoaster\" \/>\n<script type=\"application\/ld+json\" class=\"yoast-schema-graph\">{\"@context\":\"https:\/\/schema.org\",\"@graph\":[{\"@type\":\"WebPage\",\"@id\":\"https:\/\/templatetoaster.com\/cs\/download\",\"url\":\"https:\/\/templatetoaster.com\/cs\/download\",\"name\":\"sta\u017een\u00ed - TemplateToaster\",\"isPartOf\":{\"@id\":\"https:\/\/templatetoaster.com\/#website\"},\"datePublished\":\"2018-04-11T07:03:29+00:00\",\"dateModified\":\"2019-08-20T09:38:06+00:00\",\"description\":\"St\u00e1hnout TemplateToaster zde\",\"breadcrumb\":{\"@id\":\"https:\/\/templatetoaster.com\/cs\/download#breadcrumb\"},\"inLanguage\":\"cs\",\"potentialAction\":[{\"@type\":\"ReadAction\",\"target\":[\"https:\/\/templatetoaster.com\/cs\/download\"]}]},{\"@type\":\"BreadcrumbList\",\"@id\":\"https:\/\/templatetoaster.com\/cs\/download#breadcrumb\",\"itemListElement\":[{\"@type\":\"ListItem\",\"position\":1,\"name\":\"Home\",\"item\":\"https:\/\/templatetoaster.com\/cs\"},{\"@type\":\"ListItem\",\"position\":2,\"name\":\"sta\u017een\u00ed\"}]},{\"@type\":\"WebSite\",\"@id\":\"https:\/\/templatetoaster.com\/#website\",\"url\":\"https:\/\/templatetoaster.com\/\",\"name\":\"TemplateToaster\",\"description\":\"\",\"publisher\":{\"@id\":\"https:\/\/templatetoaster.com\/#organization\"},\"inLanguage\":\"cs\"},{\"@type\":\"Organization\",\"@id\":\"https:\/\/templatetoaster.com\/#organization\",\"name\":\"TemplateToaster\",\"url\":\"https:\/\/templatetoaster.com\/\",\"logo\":{\"@type\":\"ImageObject\",\"inLanguage\":\"cs\",\"@id\":\"https:\/\/templatetoaster.com\/#\/schema\/logo\/image\/\",\"url\":\"https:\/\/templatetoaster.com\/wp-content\/uploads\/2019\/11\/TemplateToaster_Logo.jpg\",\"contentUrl\":\"https:\/\/templatetoaster.com\/wp-content\/uploads\/2019\/11\/TemplateToaster_Logo.jpg\",\"width\":85,\"height\":85,\"caption\":\"TemplateToaster\"},\"image\":{\"@id\":\"https:\/\/templatetoaster.com\/#\/schema\/logo\/image\/\"},\"sameAs\":[\"https:\/\/www.facebook.com\/TemplateToaster\",\"https:\/\/x.com\/templatetoaster\",\"https:\/\/www.instagram.com\/templatetoaster\/\",\"https:\/\/www.linkedin.com\/company\/templatetoaster\/\",\"https:\/\/www.pinterest.com\/templatetoaster\/\",\"https:\/\/www.youtube.com\/@TemplateToaster\"]}]}<\/script>\n<!-- \/ Yoast SEO plugin. -->","yoast_head_json":{"title":"sta\u017een\u00ed - TemplateToaster","description":"St\u00e1hnout TemplateToaster zde","robots":{"index":"index","follow":"follow","max-snippet":"max-snippet:-1","max-image-preview":"max-image-preview:large","max-video-preview":"max-video-preview:-1"},"canonical":"https:\/\/templatetoaster.com\/cs\/download","og_locale":"cs_CZ","og_type":"article","og_title":"sta\u017een\u00ed - TemplateToaster","og_description":"St\u00e1hnout TemplateToaster zde","og_url":"https:\/\/templatetoaster.com\/cs\/download","og_site_name":"TemplateToaster","article_publisher":"https:\/\/www.facebook.com\/TemplateToaster","article_modified_time":"2019-08-20T09:38:06+00:00","og_image":[{"width":325,"height":325,"url":"https:\/\/templatetoaster.com\/wp-content\/uploads\/2015\/07\/TemplateToaster-325X325.png","type":"image\/png"}],"twitter_card":"summary_large_image","twitter_site":"@templatetoaster","schema":{"@context":"https:\/\/schema.org","@graph":[{"@type":"WebPage","@id":"https:\/\/templatetoaster.com\/cs\/download","url":"https:\/\/templatetoaster.com\/cs\/download","name":"sta\u017een\u00ed - TemplateToaster","isPartOf":{"@id":"https:\/\/templatetoaster.com\/#website"},"datePublished":"2018-04-11T07:03:29+00:00","dateModified":"2019-08-20T09:38:06+00:00","description":"St\u00e1hnout TemplateToaster zde","breadcrumb":{"@id":"https:\/\/templatetoaster.com\/cs\/download#breadcrumb"},"inLanguage":"cs","potentialAction":[{"@type":"ReadAction","target":["https:\/\/templatetoaster.com\/cs\/download"]}]},{"@type":"BreadcrumbList","@id":"https:\/\/templatetoaster.com\/cs\/download#breadcrumb","itemListElement":[{"@type":"ListItem","position":1,"name":"Home","item":"https:\/\/templatetoaster.com\/cs"},{"@type":"ListItem","position":2,"name":"sta\u017een\u00ed"}]},{"@type":"WebSite","@id":"https:\/\/templatetoaster.com\/#website","url":"https:\/\/templatetoaster.com\/","name":"TemplateToaster","description":"","publisher":{"@id":"https:\/\/templatetoaster.com\/#organization"},"inLanguage":"cs"},{"@type":"Organization","@id":"https:\/\/templatetoaster.com\/#organization","name":"TemplateToaster","url":"https:\/\/templatetoaster.com\/","logo":{"@type":"ImageObject","inLanguage":"cs","@id":"https:\/\/templatetoaster.com\/#\/schema\/logo\/image\/","url":"https:\/\/templatetoaster.com\/wp-content\/uploads\/2019\/11\/TemplateToaster_Logo.jpg","contentUrl":"https:\/\/templatetoaster.com\/wp-content\/uploads\/2019\/11\/TemplateToaster_Logo.jpg","width":85,"height":85,"caption":"TemplateToaster"},"image":{"@id":"https:\/\/templatetoaster.com\/#\/schema\/logo\/image\/"},"sameAs":["https:\/\/www.facebook.com\/TemplateToaster","https:\/\/x.com\/templatetoaster","https:\/\/www.instagram.com\/templatetoaster\/","https:\/\/www.linkedin.com\/company\/templatetoaster\/","https:\/\/www.pinterest.com\/templatetoaster\/","https:\/\/www.youtube.com\/@TemplateToaster"]}]}},"_links":{"self":[{"href":"https:\/\/templatetoaster.com\/cs\/wp-json\/wp\/v2\/pages\/3854"}],"collection":[{"href":"https:\/\/templatetoaster.com\/cs\/wp-json\/wp\/v2\/pages"}],"about":[{"href":"https:\/\/templatetoaster.com\/cs\/wp-json\/wp\/v2\/types\/page"}],"author":[{"embeddable":true,"href":"https:\/\/templatetoaster.com\/cs\/wp-json\/wp\/v2\/users\/1"}],"replies":[{"embeddable":true,"href":"https:\/\/templatetoaster.com\/cs\/wp-json\/wp\/v2\/comments?post=3854"}],"version-history":[{"count":5,"href":"https:\/\/templatetoaster.com\/cs\/wp-json\/wp\/v2\/pages\/3854\/revisions"}],"predecessor-version":[{"id":64767,"href":"https:\/\/templatetoaster.com\/cs\/wp-json\/wp\/v2\/pages\/3854\/revisions\/64767"}],"wp:attachment":[{"href":"https:\/\/templatetoaster.com\/cs\/wp-json\/wp\/v2\/media?parent=3854"}],"curies":[{"name":"wp","href":"https:\/\/api.w.org\/{rel}","templated":true}]}}