{"id":3786,"date":"2018-04-09T09:45:51","date_gmt":"2018-04-09T09:45:51","guid":{"rendered":"http:\/\/templatetoaster.com?page_id=3786"},"modified":"2019-06-12T05:53:06","modified_gmt":"2019-06-12T05:53:06","slug":"prestashop-theme-maker","status":"publish","type":"page","link":"https:\/\/templatetoaster.com\/cs\/prestashop-theme-maker","title":{"rendered":"Prestashop T\u00e9ma Builder"},"content":{"rendered":"<div class=\"section1 wp-theme-generator\">\n<div style=\"margin: 115px 0 16px;\">\n<h1>Prestashop Theme Maker byl postaven k dokonalosti<\/h1>\n<p class=\"text-center\">Navrhnout t\u00e9ma, kter\u00e9 mluv\u00ed samo za sebe. \u017d\u00e1dn\u00e9 po\u017eadavky k\u00f3dov\u00e1n\u00ed!<\/p>\n<p>&nbsp;<\/p>\n<div style=\"text-align: center;\"><a class=\"btn download_btn\" href=\"https:\/\/templatetoaster.com\/cs\/download\">St\u00e1hnout nyn\u00ed<\/a><\/div>\n<div class=\"clearfix\"><\/div>\n<\/div>\n<\/div>\n<p><!--- What is TemplateToaster Section ---><\/p>\n<div class=\"section2 wp-theme-generator\">\n<div class=\"section2-inner\">\n<h2>Pro\u010d pou\u017e\u00edvat TemplateToaster as PrestaShop Theme Generator Software?<\/h2>\n<p>TemplateToaster Software je navrhnout p\u0159ekvapuj\u00edc\u00ed t\u00e9mata pro v\u00e1\u0161 e-commerce str\u00e1nky, kter\u00e9 se p\u016fj\u010duj\u00ed zcela nov\u00fd vzhled pro ni. Nemus\u00edte b\u00fdt kod\u00e9r! To je pravda. Designov\u00e9 motivy p\u0159i p\u0159etahov\u00e1n\u00ed &amp; Pokles TT a vytv\u00e1\u0159et motivy pomoc\u00ed n\u011bkolika kliknut\u00ed!<\/p>\n<\/div>\n<\/div>\n<p><!---- section 3 starts ---><\/p>\n<div class=\"section3 wp-theme-generator\">\n<div class=\"section3-inner\">\n<h2>Jak to funguje?<\/h2>\n<div class=\"row\">\n<div class=\"col-lg-4 col-md-4 col-sm-6 col-xs-12\">\n<div class=\"media\">\n<div class=\"landing_page_svg\" style=\"background-position: 20px -690px; display: block; height: 115px; margin: auto; width: 142px;\"><\/div>\n<h3 class=\"text-center\">St\u00e1hnout software. Poj\u010fme to za\u010dalo!<\/h3>\n<p class=\"text-center\">Po sta\u017een\u00ed TemplateToaster, Nainstalujte si jej a za\u010d\u00edt navrhovat sv\u00e9 motivy PrestaShop b\u011bhem n\u011bkolika minut! Neomezen\u00e9 zku\u0161ebn\u00ed p\u0159\u00edstup ke v\u0161em funkc\u00edm! U\u017eijme si Web navrhov\u00e1n\u00ed!<\/p>\n<\/div>\n<\/div>\n<div class=\"clearfix visible-xs-block\"><\/div>\n<div class=\"col-lg-4 col-md-4 col-sm-6 col-xs-12\">\n<div class=\"media\">\n<div class=\"landing_page_svg\" style=\"background-position: -115px -690px; display: block; height: 115px; margin: auto; width: 142px;\"><\/div>\n<h3 class=\"text-center\">intuitivn\u00ed Drag &amp; Pokles. Design v n\u011bkolika minut\u00e1ch!<\/h3>\n<p class=\"text-center\">Za\u010d\u00edt od sam\u00e9ho za\u010d\u00e1tku, nebo si vybrat z 100s p\u0159edem navr\u017een\u00fdch \u0161ablon! D\u00e1t to nejlep\u0161\u00ed nohou vp\u0159ed a intuitivn\u00ed Drag and Drop budou n\u00e1sledovat. \u017d\u00e1dn\u00e9 probl\u00e9my projektov\u00e1n\u00ed!<\/p>\n<\/div>\n<\/div>\n<div class=\"clearfix visible-sm-block visible-xs-block\"><\/div>\n<div class=\"col-lg-4 col-md-4 col-sm-6 col-xs-12\">\n<div class=\"media\">\n<div class=\"landing_page_svg\" style=\"background-position: -240px -690px; display: block; height: 115px; margin: auto; width: 142px;\"><\/div>\n<h3 class=\"text-center\">V\u00e1\u0161 PrestaShop Site, V\u0161e T\u00e9matick\u00e1 up!<\/h3>\n<p class=\"text-center\">Spokojeni s designem va\u0161eho webu elektronick\u00e9ho obchodu? Nahr\u00e1t nov\u00fd design v n\u011bkolika dal\u0161\u00edch kliknut\u00ed a va\u0161e \u00falo\u017ei\u0161t\u011b v\u0161e p\u0159izp\u016fsobili se vzhled jste v\u017edy snili!<\/p>\n<\/div>\n<\/div>\n<div class=\"clearfix visible-lg-block visible-md-block visible-sm-block visible-xs-block\"><\/div>\n<\/div>\n<\/div>\n<\/div>\n<div class=\"section4 wp-theme-generator\">\n<h2 style=\"text-transform: none;\">Rysy TemplateToaster jako PrestaShop Theme Creator<\/h2>\n<p class=\"section4-paragraph\">Power-balen\u00e9 s pozoruhodn\u00fdch vlastnost\u00ed \u4e00 design t\u00e9mat s vyu\u017eit\u00edm softwaru TemplateToaster!<\/p>\n<div class=\"row\">\n<div class=\"col-lg-4 col-md-4 col-sm-6 col-sx-12\">\n<div style=\"padding: 20px;\">\n<div class=\"text-center\">\n<div class=\"wp_feature landing_page_svg\" style=\"margin-right: 10px; display: inline-block; float: none; vertical-align: middle; background-position: -155px -1305px;\"><\/div>\n<\/div>\n<h3 style=\"margin: 20px 0px 10px; text-align: center;\">Optimalizovan\u00e9 pro mobiln\u00ed za\u0159\u00edzen\u00ed produktu Str\u00e1nky<\/h3>\n<p class=\"text-center\">PrestaShop motivy vytvo\u0159en\u00e9 TemplateToaster jsou hladce reaguj\u00ed. Tento mobily zaru\u010duje, \u017ee va\u0161i z\u00e1kazn\u00edci mohou m\u00edt optim\u00e1ln\u00ed z\u00e1\u017eitek ze sledov\u00e1n\u00ed. Aby, mohou nakupovat v\u00fdrobky bez pot\u00ed\u017e\u00ed z libovoln\u00e9ho mobiln\u00edho za\u0159\u00edzen\u00ed.<\/p>\n<\/div>\n<\/div>\n<div class=\"clearfix visible-xs-block\"><\/div>\n<div class=\"col-lg-4 col-md-4 col-sm-6 col-sx-12\">\n<div style=\"padding: 20px;\">\n<div class=\"text-center\">\n<div class=\"wp_feature landing_page_svg\" style=\"margin-right: 10px; display: inline-block; float: none; vertical-align: middle; background-position: -22px -815px;\"><\/div>\n<\/div>\n<h3 style=\"margin: 20px 0 10px; text-align: center;\">U\u017eivatelsk\u00e9 volby rozvr\u017een\u00ed<\/h3>\n<p class=\"text-center\">Tento software v\u00e1m umo\u017en\u00ed navrhnout t\u00e9mata s mo\u017enost\u00ed vlastn\u00edho uspo\u0159\u00e1d\u00e1n\u00ed, jako je 1 Sloupec, 2 Sloupec (postrann\u00ed panel a jeden sloupec) a 3 Sloupec (postrann\u00ed panel,jeden sloupec, postrann\u00ed panel). Ty mohou b\u00fdt p\u0159izp\u016fsobeny i, zm\u011bnou barvy pozad\u00ed, barva p\u00edsma atd.<\/p>\n<\/div>\n<\/div>\n<div class=\"clearfix visible-sm-block visible-xs-block\"><\/div>\n<div class=\"col-md-4 col-sm-6 col-sx-12\">\n<div style=\"padding: 20px;\">\n<div class=\"text-center\">\n<div class=\"wp_feature landing_page_svg\" style=\"margin-right: 10px; display: inline-block; float: none; vertical-align: middle; background-position: -90px -1370px;\"><\/div>\n<\/div>\n<h3 style=\"margin: 20px 0 10px; text-align: center;\">Kompatibiln\u00ed verze<\/h3>\n<p class=\"text-center\">Toto t\u00e9ma tv\u016frce PrestaShop podporuje PrestaShop 1.5.x a 1.6.x T\u00e9mata navr\u017eeny s TemplateToaster jsou kompatibiln\u00ed se v\u0161emi nejnov\u011bj\u0161\u00ed aktualizace a funkcionalit PrestaShop. V\u0161echny nov\u00e9 TemplateToaster 7 Podpora PrestaShop 1.7.x.x<\/p>\n<\/div>\n<\/div>\n<div class=\"clearfix visible-lg-block visible-md-block visible-xs-block\"><\/div>\n<div class=\"col-md-4 col-sm-6 col-sx-12\">\n<div style=\"padding: 20px;\">\n<div class=\"text-center\">\n<div class=\"wp_feature landing_page_svg\" style=\"margin-right: 10px; display: inline-block; float: none; vertical-align: middle; background-position: -288px -1015px;\"><\/div>\n<\/div>\n<h3 style=\"margin: 20px 0 10px; text-align: center;\">Pokladna Str\u00e1nky<\/h3>\n<p class=\"text-center\">P\u0159idejte dotek personalizace na str\u00e1nku multi-pokladny va\u0161eho webu PrestaShop. Dej splash barvu pozad\u00ed a vybrat si z 100+ p\u00edsma styl\u016f a barev d\u00e1t nov\u00fd vzhled va\u0161eho elektronick\u00e9ho obchodu! Str\u00e1nky jako \u201aSouhrn\u2018, \u201aP\u0159ihl\u00e1sit se\u2018, \u201aAdresa\u2018, \u201aZ\u00e1silka\u2018 etc. lze p\u0159izp\u016fsobit rovnou.<\/p>\n<\/div>\n<\/div>\n<div class=\"clearfix visible-sm-block visible-xs-block\"><\/div>\n<div class=\"col-md-4 col-sm-6 col-sx-12\">\n<div style=\"padding: 20px;\">\n<div class=\"text-center\">\n<div class=\"wp_feature landing_page_svg\" style=\"margin-right: 10px; display: inline-block; float: none; vertical-align: middle; background-position: -18px -1374px;\"><\/div>\n<\/div>\n<h3 style=\"margin: 20px 0 10px; text-align: center;\">Multiple Product Grid Styling<\/h3>\n<p class=\"text-center\">V\u00edcen\u00e1sobn\u00e9 produkty jsou zobrazeny v zobrazen\u00ed m\u0159\u00ed\u017eky nebo v zobrazen\u00ed seznamu na jedn\u00e9 str\u00e1nce va\u0161eho webu elektronick\u00e9ho obchodu PrestaShop. Prov\u00e9st zm\u011bny v rozlo\u017een\u00ed zobrazen\u00ed m\u0159\u00ed\u017eky v\u00fdb\u011brem z 1 Sloupec, 2 Sloupec, 3 sloupec a 4 m\u0159\u00ed\u017eky sloupc\u016f. Pro zm\u011bnu stylu, mo\u017enosti, jako barvu p\u00edsma, typ p\u00edsma a barvu pozad\u00ed jsou k dispozici.<\/p>\n<\/div>\n<\/div>\n<div class=\"clearfix visible-xs-block\"><\/div>\n<div class=\"col-md-4 col-sm-6 col-sx-12\">\n<div style=\"padding: 20px;\">\n<div class=\"text-center\">\n<div class=\"wp_feature landing_page_svg\" style=\"float: none; height: 52px; vertical-align: middle; width: 44px; display: inline-block; background-position: -290px -1090px;\"><\/div>\n<\/div>\n<h3 style=\"margin: 20px 0 10px; text-align: center;\">Mo\u017enosti product-Page<\/h3>\n<p class=\"text-center\">Vylep\u0161it vzhled va\u0161eho elektronick\u00e9ho obchodu t\u00edm, \u017ee m\u011bn\u00ed barvu pozad\u00ed a styl p\u00edsma, jak chcete na v\u0161ech produktov\u00fdch str\u00e1nek. M\u016f\u017eete snadno stylizovat str\u00e1nku t\u00edm, \u017ee zm\u011bny v designu a stylu Swatch Tabs, n\u00e1hledy, Popis, Specifikace, Recenze poutka atd.<\/p>\n<\/div>\n<\/div>\n<div class=\"clearfix visible-lg-block visible-md-block visible-sm-block visible-xs-block\"><\/div>\n<\/div>\n<\/div>\n<p><!--Section Features with WP--><\/p>\n<div class=\"section5 wp-theme-generator\" style=\"padding: 70px 10px; margin-bottom: 2px;\">\n<div style=\"margin: 40px 0px 20px;\">\n<h2 style=\"margin-bottom: 65px; text-transform: none;\">Pro komfort a pohodl\u00ed TemplateToaster<\/h2>\n<div class=\"feature_with_wp row\">\n<div class=\"col-lg-4 col-md-4 col-sm-4 col-xs-6\">\n<div class=\"feature_wpimg\"><img decoding=\"async\" class=\"img-responsive\" src=\"https:\/\/templatetoaster.com\/wp-content\/uploads\/2017\/04\/multiple-language.png\" alt=\"Podpora v\u00edce jazyk\u016f\" \/><\/div>\n<\/div>\n<div class=\"col-lg-4 col-md-4 col-sm-4 col-xs-6\">\n<div class=\"feature_wpimg\"><img decoding=\"async\" class=\"img-responsive\" src=\"https:\/\/templatetoaster.com\/wp-content\/uploads\/2017\/04\/mobile-optimization.png\" alt=\"Mobile Optimization\" \/><\/div>\n<\/div>\n<div class=\"clearfix visible-xs-block\"><\/div>\n<div class=\"col-lg-4 col-md-4 col-sm-4 col-xs-6\">\n<div class=\"feature_wpimg\"><img decoding=\"async\" class=\"img-responsive\" src=\"https:\/\/templatetoaster.com\/wp-content\/uploads\/2017\/04\/drag-drop.png\" alt=\"Drag and Drop\" \/><\/div>\n<\/div>\n<div class=\"clearfix visible-lg-block visible-md-block visible-sm-block\"><\/div>\n<div class=\"col-lg-4 col-md-4 col-sm-4 col-xs-6\">\n<div class=\"feature_wpimg\"><img decoding=\"async\" class=\"img-responsive\" src=\"https:\/\/templatetoaster.com\/wp-content\/uploads\/2017\/04\/demo-templats.png\" alt=\"demo t\u00e9mata\" \/><\/div>\n<\/div>\n<div class=\"clearfix visible-xs-block\"><\/div>\n<div class=\"col-lg-4 col-md-4 col-sm-4 col-xs-6\">\n<div class=\"feature_wpimg\"><img decoding=\"async\" class=\"img-responsive\" src=\"https:\/\/templatetoaster.com\/wp-content\/uploads\/2017\/04\/mega-menu.png\" alt=\"Mega Menu\" \/><\/div>\n<\/div>\n<div class=\"col-lg-4 col-md-4 col-sm-4 col-xs-6\">\n<div class=\"feature_wpimg\"><img decoding=\"async\" class=\"img-responsive\" src=\"https:\/\/templatetoaster.com\/wp-content\/uploads\/2017\/04\/right-to-left.png\" alt=\"Zprava doleva\" \/><\/div>\n<\/div>\n<div class=\"clearfix visible-lg-block visible-md-block visible-sm-block visible-xs-block\"><\/div>\n<div class=\"col-lg-4 col-md-4 col-sm-4 col-xs-6\">\n<div class=\"feature_wpimg\"><img decoding=\"async\" class=\"img-responsive\" src=\"https:\/\/templatetoaster.com\/wp-content\/uploads\/2017\/04\/amazing-slideshow.png\" alt=\"Amazing Slideshow\" \/><\/div>\n<\/div>\n<div class=\"col-lg-4 col-md-4 col-sm-4 col-xs-6\">\n<div class=\"feature_wpimg\"><img decoding=\"async\" class=\"img-responsive\" src=\"https:\/\/templatetoaster.com\/wp-content\/uploads\/2017\/04\/zero-coding.png\" alt=\"Zero Coding\" \/><\/div>\n<\/div>\n<div class=\"clearfix visible-xs-block\"><\/div>\n<div class=\"col-lg-4 col-md-4 col-sm-4 col-xs-6\">\n<div class=\"feature_wpimg\"><img decoding=\"async\" class=\"img-responsive\" src=\"https:\/\/templatetoaster.com\/wp-content\/uploads\/2017\/04\/custom-css.png\" alt=\"Vlastn\u00ed CSS, JS a PHP\" \/><\/div>\n<\/div>\n<div class=\"clearfix visible-lg-block visible-md-block visible-sm-block visible-xs-block\"><\/div>\n<\/div>\n<\/div>\n<\/div>\n<p><!--Section Gallery--><\/p>\n<div class=\"section7 wp-theme-generator\" style=\"padding: 100px 10px; background-color: #f1f4f8; margin-bottom: 2px;\">\n<h2 style=\"text-transform: none;\">Na\u0161e standardy<\/h2>\n<div class=\"row\">\n<div class=\"col-lg-4 col-md-4 col-sm-6 col-xs-12\">\n<div style=\"padding: 20px;\">\n<div class=\"text-center\">\n<div class=\"wp_feature landing_page_svg\" style=\"margin-right: 10px; display: inline-block; float: none; vertical-align: middle; background-position: -75px -153px; width: 75px;\"><\/div>\n<\/div>\n<h3 style=\"margin: 20px 0px 10px; text-align: center;\">W3C validace<\/h3>\n<p class=\"text-center\">PrestaShop motivy vytvo\u0159en\u00e9 pomoc\u00ed tohoto softwaru jsou W3C platn\u00e9, kter\u00fd poskytuje v\u00fdhody, jako k\u0159\u00ed\u017eov\u00e9 kompatibility prohl\u00ed\u017ee\u010d\u016f, Optim\u00e1ln\u00ed zobrazen\u00ed webov\u00e9 str\u00e1nky a dal\u0161\u00ed!<\/p>\n<\/div>\n<\/div>\n<div class=\"clearfix visible-xs-block\"><\/div>\n<div class=\"col-lg-4 col-md-4 col-sm-6 col-xs-12\">\n<div style=\"padding: 20px;\">\n<div class=\"text-center\">\n<div class=\"wp_feature landing_page_svg\" style=\"margin-right: 10px; display: inline-block; float: none; vertical-align: middle; background-position: -165px -153px; width: 65px;\"><\/div>\n<\/div>\n<h3 style=\"margin: 20px 0 10px; text-align: center;\">HTML5 &amp; CSS3 Standards<\/h3>\n<p class=\"text-center\">TemplateToaster software \u0159\u00edd\u00ed HTML5 a CSS3 norem. Heavy sada divs a obraz\u016f jsou odstran\u011bny, tedy generov\u00e1n\u00ed t\u00e9mata, kter\u00e1 jsou velmi lehk\u00e9.<\/p>\n<\/div>\n<\/div>\n<div class=\"clearfix visible-sm-block visible-xs-block\"><\/div>\n<div class=\"col-lg-4 col-md-4 col-sm-6 col-xs-12\">\n<div style=\"padding: 20px;\">\n<div class=\"text-center\">\n<div class=\"wp_feature landing_page_svg\" style=\"margin-right: 10px; display: inline-block; float: none; vertical-align: middle; background-position: -260px -147px; width: 65px;\"><\/div>\n<\/div>\n<h3 style=\"margin: 20px 0 10px; text-align: center;\">Lightning Fast Speed<\/h3>\n<p class=\"text-center\">T\u00e9mata generovan\u00e9 s t\u00edmto softwarem z\u00e1t\u011b\u017ee s rychlou rychlost\u00ed blesku, kter\u00fd pos\u00edl\u00ed do provozu, p\u0159epo\u010d\u00edtac\u00ed koeficienty, a prodej va\u0161eho elektronick\u00e9ho obchodu.<\/p>\n<\/div>\n<\/div>\n<div class=\"clearfix visible-lg-block visible-md-block visible-xs-block\"><\/div>\n<\/div>\n<\/div>\n<p><!---- section 6 starts ---><\/p>\n<div class=\"section6 wp-theme-generator\" style=\"padding: 50px 10px;\">\n<div style=\"margin: 70px 0px 20px;\">\n<h2>Podporuj\u00ed v\u0161echny hlavn\u00ed CMSes<\/h2>\n<div class=\"section-center\" style=\"padding-bottom: 50px;\">\n<div class=\"main-cms-section\">\n<div class=\"cms-section\">\n<div class=\"text-center\">\n<div class=\"wp_feature landing_page_svg\" style=\"width: 120px; height: 120px; background-position: -5px -1165px;\"><\/div>\n<\/div>\n<\/div>\n<\/div>\n<div class=\"other-cms-section\">\n<div class=\"cms-section\">\n<div class=\"text-center\">\n<div class=\"wp_feature landing_page_svg\" style=\"width: 110px; height: 100px; background-position: -100px -596px;\"><\/div>\n<\/div>\n<\/div>\n<div class=\"cms-section\">\n<div class=\"text-center\">\n<div class=\"wp_feature landing_page_svg\" style=\"width: 130px; height: 100px; background-position: -212px -596px;\"><\/div>\n<\/div>\n<\/div>\n<div class=\"cms-section\">\n<div class=\"text-center\">\n<div class=\"wp_feature landing_page_svg\" style=\"width: 90px; height: 102px; background-position: -250px -377px;\"><\/div>\n<\/div>\n<\/div>\n<div class=\"cms-section\">\n<div class=\"text-center\">\n<div class=\"wp_feature landing_page_svg\" style=\"width: 100px; height: 102px; background-position: -160px -377px;\"><\/div>\n<\/div>\n<\/div>\n<div class=\"cms-section\">\n<div class=\"text-center\">\n<div class=\"wp_feature landing_page_svg\" style=\"width: 90px; height: 120px; background-position: 12px -359px;\"><\/div>\n<\/div>\n<\/div>\n<div class=\"cms-section\">\n<div class=\"text-center\">\n<div class=\"wp_feature landing_page_svg\" style=\"width: 110px; height: 100px; background-position: -240px -495px;\"><\/div>\n<\/div>\n<\/div>\n<div class=\"cms-section\">\n<div class=\"text-center\">\n<div class=\"wp_feature landing_page_svg\" style=\"width: 110px; height: 100px; background-position: -65px -379px;\"><\/div>\n<\/div>\n<\/div>\n<div class=\"cms-section\">\n<div class=\"text-center\">\n<div class=\"wp_feature landing_page_svg\" style=\"width: 110px; height: 100px; background-position: -125px -495px;\"><\/div>\n<\/div>\n<\/div>\n<div class=\"cms-section\">\n<div class=\"text-center\">\n<div class=\"wp_feature landing_page_svg\" style=\"width: 110px; height: 100px; background-position: -0px -598px;\"><\/div>\n<\/div>\n<\/div>\n<\/div>\n<\/div>\n<div style=\"text-align: center; margin-top: 30px;\"><a class=\"btn download_btn\" href=\"https:\/\/templatetoaster.com\/cs\/download\">St\u00e1hnout nyn\u00ed<\/a><\/div>\n<\/div>\n<\/div>\n","protected":false},"excerpt":{"rendered":"<p>Prestashop Theme Maker byl postaven k dokonalosti Navrhnout t\u00e9ma, kter\u00e9 mluv\u00ed samo za sebe. \u017d\u00e1dn\u00e9 po\u017eadavky k\u00f3dov\u00e1n\u00ed! &nbsp; St\u00e1hnout nyn\u00ed Pro\u010d pou\u017e\u00edvat TemplateToaster as PrestaShop Theme Generator Software? TemplateToaster Software je navrhnout p\u0159ekvapuj\u00edc\u00ed t\u00e9mata pro v\u00e1\u0161 e-commerce str\u00e1nky, kter\u00e9 se &hellip; <a href=\"https:\/\/templatetoaster.com\/cs\/prestashop-theme-maker\">Continue Reading<span class=\"meta-nav\">&rarr;<\/span><\/a><\/p>\n","protected":false},"author":1,"featured_media":0,"parent":0,"menu_order":0,"comment_status":"closed","ping_status":"closed","template":"","meta":{"footnotes":""},"yoast_head":"<!-- This site is optimized with the Yoast SEO plugin v23.5 - https:\/\/yoast.com\/wordpress\/plugins\/seo\/ -->\n<title>Prestashop T\u00e9ma Builder - TemplateToaster<\/title>\n<meta name=\"description\" content=\"Z\u00edskejte TemplateToaster nejlep\u0161\u00ed Prestashop Theme Builder\" \/>\n<meta name=\"robots\" content=\"index, follow, max-snippet:-1, max-image-preview:large, max-video-preview:-1\" \/>\n<link rel=\"canonical\" href=\"https:\/\/templatetoaster.com\/cs\/prestashop-theme-maker\" \/>\n<meta property=\"og:locale\" content=\"cs_CZ\" \/>\n<meta property=\"og:type\" content=\"article\" \/>\n<meta property=\"og:title\" content=\"Prestashop T\u00e9ma Builder - TemplateToaster\" \/>\n<meta property=\"og:description\" content=\"Z\u00edskejte TemplateToaster nejlep\u0161\u00ed Prestashop Theme Builder\" \/>\n<meta property=\"og:url\" content=\"https:\/\/templatetoaster.com\/cs\/prestashop-theme-maker\" \/>\n<meta property=\"og:site_name\" content=\"TemplateToaster\" \/>\n<meta property=\"article:publisher\" content=\"https:\/\/www.facebook.com\/TemplateToaster\" \/>\n<meta property=\"article:modified_time\" content=\"2019-06-12T05:53:06+00:00\" \/>\n<meta property=\"og:image\" content=\"https:\/\/templatetoaster.com\/wp-content\/uploads\/2017\/04\/multiple-language.png\" \/>\n<meta name=\"twitter:card\" content=\"summary_large_image\" \/>\n<meta name=\"twitter:site\" content=\"@templatetoaster\" \/>\n<meta name=\"twitter:label1\" content=\"Odhadovan\u00e1 doba \u010dten\u00ed\" \/>\n\t<meta name=\"twitter:data1\" content=\"3 minuty\" \/>\n<script type=\"application\/ld+json\" class=\"yoast-schema-graph\">{\"@context\":\"https:\/\/schema.org\",\"@graph\":[{\"@type\":\"WebPage\",\"@id\":\"https:\/\/templatetoaster.com\/cs\/prestashop-theme-maker\",\"url\":\"https:\/\/templatetoaster.com\/cs\/prestashop-theme-maker\",\"name\":\"Prestashop T\u00e9ma Builder - TemplateToaster\",\"isPartOf\":{\"@id\":\"https:\/\/templatetoaster.com\/#website\"},\"primaryImageOfPage\":{\"@id\":\"https:\/\/templatetoaster.com\/cs\/prestashop-theme-maker#primaryimage\"},\"image\":{\"@id\":\"https:\/\/templatetoaster.com\/cs\/prestashop-theme-maker#primaryimage\"},\"thumbnailUrl\":\"https:\/\/templatetoaster.com\/wp-content\/uploads\/2017\/04\/multiple-language.png\",\"datePublished\":\"2018-04-09T09:45:51+00:00\",\"dateModified\":\"2019-06-12T05:53:06+00:00\",\"description\":\"Z\u00edskejte TemplateToaster nejlep\u0161\u00ed Prestashop Theme Builder\",\"breadcrumb\":{\"@id\":\"https:\/\/templatetoaster.com\/cs\/prestashop-theme-maker#breadcrumb\"},\"inLanguage\":\"cs\",\"potentialAction\":[{\"@type\":\"ReadAction\",\"target\":[\"https:\/\/templatetoaster.com\/cs\/prestashop-theme-maker\"]}]},{\"@type\":\"ImageObject\",\"inLanguage\":\"cs\",\"@id\":\"https:\/\/templatetoaster.com\/cs\/prestashop-theme-maker#primaryimage\",\"url\":\"https:\/\/templatetoaster.com\/wp-content\/uploads\/2017\/04\/multiple-language.png\",\"contentUrl\":\"https:\/\/templatetoaster.com\/wp-content\/uploads\/2017\/04\/multiple-language.png\"},{\"@type\":\"BreadcrumbList\",\"@id\":\"https:\/\/templatetoaster.com\/cs\/prestashop-theme-maker#breadcrumb\",\"itemListElement\":[{\"@type\":\"ListItem\",\"position\":1,\"name\":\"Home\",\"item\":\"https:\/\/templatetoaster.com\/cs\"},{\"@type\":\"ListItem\",\"position\":2,\"name\":\"Prestashop T\u00e9ma Builder\"}]},{\"@type\":\"WebSite\",\"@id\":\"https:\/\/templatetoaster.com\/#website\",\"url\":\"https:\/\/templatetoaster.com\/\",\"name\":\"TemplateToaster\",\"description\":\"\",\"publisher\":{\"@id\":\"https:\/\/templatetoaster.com\/#organization\"},\"inLanguage\":\"cs\"},{\"@type\":\"Organization\",\"@id\":\"https:\/\/templatetoaster.com\/#organization\",\"name\":\"TemplateToaster\",\"url\":\"https:\/\/templatetoaster.com\/\",\"logo\":{\"@type\":\"ImageObject\",\"inLanguage\":\"cs\",\"@id\":\"https:\/\/templatetoaster.com\/#\/schema\/logo\/image\/\",\"url\":\"https:\/\/templatetoaster.com\/wp-content\/uploads\/2019\/11\/TemplateToaster_Logo.jpg\",\"contentUrl\":\"https:\/\/templatetoaster.com\/wp-content\/uploads\/2019\/11\/TemplateToaster_Logo.jpg\",\"width\":85,\"height\":85,\"caption\":\"TemplateToaster\"},\"image\":{\"@id\":\"https:\/\/templatetoaster.com\/#\/schema\/logo\/image\/\"},\"sameAs\":[\"https:\/\/www.facebook.com\/TemplateToaster\",\"https:\/\/x.com\/templatetoaster\",\"https:\/\/www.instagram.com\/templatetoaster\/\",\"https:\/\/www.linkedin.com\/company\/templatetoaster\/\",\"https:\/\/www.pinterest.com\/templatetoaster\/\",\"https:\/\/www.youtube.com\/@TemplateToaster\"]}]}<\/script>\n<!-- \/ Yoast SEO plugin. -->","yoast_head_json":{"title":"Prestashop T\u00e9ma Builder - TemplateToaster","description":"Z\u00edskejte TemplateToaster nejlep\u0161\u00ed Prestashop Theme Builder","robots":{"index":"index","follow":"follow","max-snippet":"max-snippet:-1","max-image-preview":"max-image-preview:large","max-video-preview":"max-video-preview:-1"},"canonical":"https:\/\/templatetoaster.com\/cs\/prestashop-theme-maker","og_locale":"cs_CZ","og_type":"article","og_title":"Prestashop T\u00e9ma Builder - TemplateToaster","og_description":"Z\u00edskejte TemplateToaster nejlep\u0161\u00ed Prestashop Theme Builder","og_url":"https:\/\/templatetoaster.com\/cs\/prestashop-theme-maker","og_site_name":"TemplateToaster","article_publisher":"https:\/\/www.facebook.com\/TemplateToaster","article_modified_time":"2019-06-12T05:53:06+00:00","og_image":[{"url":"https:\/\/templatetoaster.com\/wp-content\/uploads\/2017\/04\/multiple-language.png"}],"twitter_card":"summary_large_image","twitter_site":"@templatetoaster","twitter_misc":{"Odhadovan\u00e1 doba \u010dten\u00ed":"3 minuty"},"schema":{"@context":"https:\/\/schema.org","@graph":[{"@type":"WebPage","@id":"https:\/\/templatetoaster.com\/cs\/prestashop-theme-maker","url":"https:\/\/templatetoaster.com\/cs\/prestashop-theme-maker","name":"Prestashop T\u00e9ma Builder - TemplateToaster","isPartOf":{"@id":"https:\/\/templatetoaster.com\/#website"},"primaryImageOfPage":{"@id":"https:\/\/templatetoaster.com\/cs\/prestashop-theme-maker#primaryimage"},"image":{"@id":"https:\/\/templatetoaster.com\/cs\/prestashop-theme-maker#primaryimage"},"thumbnailUrl":"https:\/\/templatetoaster.com\/wp-content\/uploads\/2017\/04\/multiple-language.png","datePublished":"2018-04-09T09:45:51+00:00","dateModified":"2019-06-12T05:53:06+00:00","description":"Z\u00edskejte TemplateToaster nejlep\u0161\u00ed Prestashop Theme Builder","breadcrumb":{"@id":"https:\/\/templatetoaster.com\/cs\/prestashop-theme-maker#breadcrumb"},"inLanguage":"cs","potentialAction":[{"@type":"ReadAction","target":["https:\/\/templatetoaster.com\/cs\/prestashop-theme-maker"]}]},{"@type":"ImageObject","inLanguage":"cs","@id":"https:\/\/templatetoaster.com\/cs\/prestashop-theme-maker#primaryimage","url":"https:\/\/templatetoaster.com\/wp-content\/uploads\/2017\/04\/multiple-language.png","contentUrl":"https:\/\/templatetoaster.com\/wp-content\/uploads\/2017\/04\/multiple-language.png"},{"@type":"BreadcrumbList","@id":"https:\/\/templatetoaster.com\/cs\/prestashop-theme-maker#breadcrumb","itemListElement":[{"@type":"ListItem","position":1,"name":"Home","item":"https:\/\/templatetoaster.com\/cs"},{"@type":"ListItem","position":2,"name":"Prestashop T\u00e9ma Builder"}]},{"@type":"WebSite","@id":"https:\/\/templatetoaster.com\/#website","url":"https:\/\/templatetoaster.com\/","name":"TemplateToaster","description":"","publisher":{"@id":"https:\/\/templatetoaster.com\/#organization"},"inLanguage":"cs"},{"@type":"Organization","@id":"https:\/\/templatetoaster.com\/#organization","name":"TemplateToaster","url":"https:\/\/templatetoaster.com\/","logo":{"@type":"ImageObject","inLanguage":"cs","@id":"https:\/\/templatetoaster.com\/#\/schema\/logo\/image\/","url":"https:\/\/templatetoaster.com\/wp-content\/uploads\/2019\/11\/TemplateToaster_Logo.jpg","contentUrl":"https:\/\/templatetoaster.com\/wp-content\/uploads\/2019\/11\/TemplateToaster_Logo.jpg","width":85,"height":85,"caption":"TemplateToaster"},"image":{"@id":"https:\/\/templatetoaster.com\/#\/schema\/logo\/image\/"},"sameAs":["https:\/\/www.facebook.com\/TemplateToaster","https:\/\/x.com\/templatetoaster","https:\/\/www.instagram.com\/templatetoaster\/","https:\/\/www.linkedin.com\/company\/templatetoaster\/","https:\/\/www.pinterest.com\/templatetoaster\/","https:\/\/www.youtube.com\/@TemplateToaster"]}]}},"_links":{"self":[{"href":"https:\/\/templatetoaster.com\/cs\/wp-json\/wp\/v2\/pages\/3786"}],"collection":[{"href":"https:\/\/templatetoaster.com\/cs\/wp-json\/wp\/v2\/pages"}],"about":[{"href":"https:\/\/templatetoaster.com\/cs\/wp-json\/wp\/v2\/types\/page"}],"author":[{"embeddable":true,"href":"https:\/\/templatetoaster.com\/cs\/wp-json\/wp\/v2\/users\/1"}],"replies":[{"embeddable":true,"href":"https:\/\/templatetoaster.com\/cs\/wp-json\/wp\/v2\/comments?post=3786"}],"version-history":[{"count":4,"href":"https:\/\/templatetoaster.com\/cs\/wp-json\/wp\/v2\/pages\/3786\/revisions"}],"predecessor-version":[{"id":33572,"href":"https:\/\/templatetoaster.com\/cs\/wp-json\/wp\/v2\/pages\/3786\/revisions\/33572"}],"wp:attachment":[{"href":"https:\/\/templatetoaster.com\/cs\/wp-json\/wp\/v2\/media?parent=3786"}],"curies":[{"name":"wp","href":"https:\/\/api.w.org\/{rel}","templated":true}]}}