{"id":3682,"date":"2018-04-05T06:56:51","date_gmt":"2018-04-05T06:56:51","guid":{"rendered":"http:\/\/templatetoaster.com?page_id=3682"},"modified":"2019-08-13T11:52:18","modified_gmt":"2019-08-13T11:52:18","slug":"joomla","status":"publish","type":"page","link":"https:\/\/templatetoaster.com\/cs\/joomla","title":{"rendered":"Jak nahr\u00e1t instalaci a konfiguraci \u0161ablon Joomla"},"content":{"rendered":"<div class=\"tt_documentation_instruction_row row\">\n<h1 class=\"heading_border\" style=\"background-size: 488px 1px;\">Jak nahr\u00e1t instalace a konfigurace Joomla Templates<\/h1>\n<p>&nbsp;<\/p>\n<div class=\"demo_row1 even row\" style=\"padding-top: 15px;\">\n<div class=\"row\">\n<div class=\"col-md-6 col-sm-6 col-xs-12\">\n<div class=\"vedio_bg\">\n<div class=\"tt_video_modal\"><a href=\"https:\/\/youtu.be\/SAdktPTGCqU\" data-toggle=\"lightbox\" data-width=\"950\" data-gallery=\"youtubevideos\" data-title=\"How to Create Joomla Theme in TemplateToaster\"><img decoding=\"async\" src=\"https:\/\/templatetoaster.com\/wp-content\/uploads\/2018\/02\/youtube.png\" \/><\/a><\/p>\n<div class=\"video-content\">\n<h3>Jak vytvo\u0159it Joomla t\u00e9ma v TemplateToaster<\/h3>\n<\/div>\n<\/div>\n<\/div>\n<\/div>\n<div class=\"col-md-6 col-sm-6 col-xs-12\">\n<div class=\"vedio_bg\">\n<div class=\"tt_video_modal\"><a href=\"https:\/\/youtu.be\/o3_csR3JFME\" data-toggle=\"lightbox\" data-width=\"950\" data-gallery=\"youtubevideos\" data-title=\"How to Upload TemplateToaster generated Theme on Joomla\"><img decoding=\"async\" src=\"https:\/\/templatetoaster.com\/wp-content\/uploads\/2018\/02\/youtube.png\" \/><\/a><\/p>\n<div class=\"video-content\">\n<h3>Jak nahr\u00e1t TemplateToaster generovan\u00e9 t\u00e9ma Joomla<\/h3>\n<\/div>\n<\/div>\n<\/div>\n<\/div>\n<div class=\"clearfix visible-lg-block visible-md-block\"><\/div>\n<\/div>\n<\/div>\n<h4 class=\"joomla\">Vytvo\u0159en\u00ed a export Joomla \u0161ablony<\/h4>\n<p class=\"wordpress\">Spus\u0165te TemplateToaster a zvolte Joomla na kart\u011b Obecn\u00e9(M\u016f\u017eete tak\u00e9 vybrat z \u00favodn\u00ed str\u00e1nka). Za\u010d\u00edt od za\u010d\u00e1tku navrhov\u00e1n\u00ed Joomla \u0161ablony, nebo vyskladn\u011bn\u00ed p\u0159edem ur\u010den\u00e9 jeden, exportovat do va\u0161eho po\u010d\u00edta\u010de ze souboru &gt;&gt; Export &gt;&gt; Joomla Template.<\/p>\n<h4 class=\"joomla\">Nahr\u00e1v\u00e1n\u00ed a instalace Joomla \u0161ablony<\/h4>\n<p class=\"wordpress\">P\u0159ihlaste se k Joomla admin &gt;&gt; p\u0159ej\u00edt na roz\u0161\u00ed\u0159en\u00ed &gt;&gt; instalovat\/odinstalovat &gt;&gt; proch\u00e1zet nov\u011b vytvo\u0159enou \u0161ablonu z po\u010d\u00edta\u010de &gt;&gt; nahr\u00e1t a nastavit jako v\u00fdchoz\u00ed \u0161ablonu z roz\u0161\u00ed\u0159en\u00ed &gt;&gt; \u0161ablony.<\/p>\n<h4 class=\"joomla\">Konfigurace modul\u016f<\/h4>\n<p class=\"wordpress\">Je t\u0159eba uv\u00e9st po\u017eadovan\u00e9 moduly na pozice, kter\u00e9 jsou k dispozici v nov\u00e9 \u0161ablon\u011b z roz\u0161\u00ed\u0159en\u00ed &gt;&gt; modul Spr\u00e1vce z Joomla admin a p\u0159idejte obsah\/str\u00e1nky z \u010dl\u00e1nku Manager. P\u0159i um\u00eds\u0165ov\u00e1n\u00ed modul na dostupn\u00e9 pozice nezapome\u0148te vybrat po\u017eadovan\u00e9 str\u00e1nky (z doln\u00ed \u010d\u00e1sti str\u00e1nky) Pokud chcete zobrazit nab\u00eddku.<\/p>\n<h4 class=\"joomla\">Konfigurace horizont\u00e1ln\u00ed Menu<\/h4>\n<p class=\"wordpress\">P\u0159ej\u00edt na menu &gt;&gt; hlavn\u00ed nab\u00eddka nebo vytvo\u0159it nov\u00e9 menu odtud, P\u0159idat nov\u00e9 polo\u017eky nab\u00eddky a k n\u011bmu p\u0159i\u0159adit po\u017eadovan\u00fd \u010dl\u00e1nek, Um\u00edst\u011bte na pozici &#8222;Menu&#8220; od roz\u0161\u00ed\u0159en\u00ed menu modul &gt;&gt; modul Spr\u00e1vce. Zat\u00edmco um\u00edst\u011bn\u00ed nab\u00eddky na menu pozice nezapome\u0148te vybrat po\u017eadovan\u00e9 str\u00e1nky (z doln\u00ed \u010d\u00e1sti str\u00e1nky) Pokud chcete zobrazit nab\u00eddku.<\/p>\n<h4 class=\"joomla\">Konfigurace postrann\u00edho Menu<\/h4>\n<p class=\"wordpress\">P\u0159ej\u00edt na menu &gt;&gt; hlavn\u00ed nab\u00eddka nebo vytvo\u0159it nov\u00e9 menu odtud, P\u0159idat nov\u00e9 polo\u017eky nab\u00eddky a k n\u011bmu p\u0159i\u0159adit po\u017eadovan\u00fd \u010dl\u00e1nek, va\u0161e menu modul na &#8222;levice&#8220; nebo &#8222;spr\u00e1vn\u00e9&#8220; polohy od roz\u0161\u00ed\u0159en\u00ed &gt;&gt; spr\u00e1vce modul\u016f. Zat\u00edmco um\u00edst\u011bn\u00ed nab\u00eddky na menu pozice nezapome\u0148te vybrat po\u017eadovan\u00e9 str\u00e1nky (z doln\u00ed \u010d\u00e1sti str\u00e1nky) Pokud chcete zobrazit nab\u00eddku.<\/p>\n<h4 class=\"joomla\">Pati\u010dka odkazy<\/h4>\n<p class=\"wordpress\">P\u0159ej\u00edt na roz\u0161\u00ed\u0159en\u00ed &gt;&gt; modul Spr\u00e1vce &gt;&gt; klepn\u011bte na tla\u010d\u00edtko Nov\u00e1 zprava shora &gt;&gt; Vybrat vlastn\u00ed HTML &gt;&gt; klepn\u011bte na tla\u010d\u00edtko Nov\u00fd na horn\u00ed prav\u00e9 &gt;&gt; na dal\u0161\u00ed str\u00e1nce vyberte &#8222;Z\u00e1pat\u00ed&#8220; v pozici rozbalovac\u00edho menu &gt;&gt; p\u0159idat po\u017eadovan\u00fd obsah a odkazy pomoc\u00ed Editoru obsahu na dn\u011b &gt;&gt; hodiny zachr\u00e1nit p\u0159ed vpravo naho\u0159e.<\/p>\n<\/div>\n","protected":false},"excerpt":{"rendered":"<p>Jak nahr\u00e1t instalace a konfigurace Joomla Templates &nbsp; Jak vytvo\u0159it Joomla t\u00e9ma v TemplateToaster Jak nahr\u00e1t TemplateToaster generovan\u00e9 t\u00e9ma Joomla Vytvo\u0159en\u00ed a export Joomla \u0161ablony Spus\u0165te TemplateToaster a zvolte Joomla na kart\u011b Obecn\u00e9(M\u016f\u017eete tak\u00e9 vybrat z \u00favodn\u00ed str\u00e1nka). Za\u010d\u00edt od &hellip; <a href=\"https:\/\/templatetoaster.com\/cs\/joomla\">Continue Reading<span class=\"meta-nav\">&rarr;<\/span><\/a><\/p>\n","protected":false},"author":1,"featured_media":0,"parent":0,"menu_order":0,"comment_status":"closed","ping_status":"closed","template":"PageTemplate1.php","meta":{"footnotes":""},"yoast_head":"<!-- This site is optimized with the Yoast SEO plugin v23.5 - https:\/\/yoast.com\/wordpress\/plugins\/seo\/ -->\n<title>Jak nahr\u00e1t instalaci a konfiguraci \u0161ablon Joomla - TemplateToaster<\/title>\n<meta name=\"description\" content=\"P\u0159e\u010dt\u011bte si n\u00e1vod, jak nahr\u00e1t instalaci a konfigurovat TemplateToaster Joomla Templates\" \/>\n<meta name=\"robots\" content=\"index, follow, max-snippet:-1, max-image-preview:large, max-video-preview:-1\" \/>\n<link rel=\"canonical\" href=\"https:\/\/templatetoaster.com\/cs\/joomla\" \/>\n<meta property=\"og:locale\" content=\"cs_CZ\" \/>\n<meta property=\"og:type\" content=\"article\" \/>\n<meta property=\"og:title\" content=\"Jak nahr\u00e1t instalaci a konfiguraci \u0161ablon Joomla - TemplateToaster\" \/>\n<meta property=\"og:description\" content=\"P\u0159e\u010dt\u011bte si n\u00e1vod, jak nahr\u00e1t instalaci a konfigurovat TemplateToaster Joomla Templates\" \/>\n<meta property=\"og:url\" content=\"https:\/\/templatetoaster.com\/cs\/joomla\" \/>\n<meta property=\"og:site_name\" content=\"TemplateToaster\" \/>\n<meta property=\"article:publisher\" content=\"https:\/\/www.facebook.com\/TemplateToaster\" \/>\n<meta property=\"article:modified_time\" content=\"2019-08-13T11:52:18+00:00\" \/>\n<meta property=\"og:image\" content=\"https:\/\/templatetoaster.com\/wp-content\/uploads\/2018\/02\/youtube.png\" \/>\n<meta name=\"twitter:card\" content=\"summary_large_image\" \/>\n<meta name=\"twitter:site\" content=\"@templatetoaster\" \/>\n<meta name=\"twitter:label1\" content=\"Odhadovan\u00e1 doba \u010dten\u00ed\" \/>\n\t<meta name=\"twitter:data1\" content=\"2 minuty\" \/>\n<script type=\"application\/ld+json\" class=\"yoast-schema-graph\">{\"@context\":\"https:\/\/schema.org\",\"@graph\":[{\"@type\":\"WebPage\",\"@id\":\"https:\/\/templatetoaster.com\/cs\/joomla\",\"url\":\"https:\/\/templatetoaster.com\/cs\/joomla\",\"name\":\"Jak nahr\u00e1t instalaci a konfiguraci \u0161ablon Joomla - TemplateToaster\",\"isPartOf\":{\"@id\":\"https:\/\/templatetoaster.com\/#website\"},\"primaryImageOfPage\":{\"@id\":\"https:\/\/templatetoaster.com\/cs\/joomla#primaryimage\"},\"image\":{\"@id\":\"https:\/\/templatetoaster.com\/cs\/joomla#primaryimage\"},\"thumbnailUrl\":\"https:\/\/templatetoaster.com\/wp-content\/uploads\/2018\/02\/youtube.png\",\"datePublished\":\"2018-04-05T06:56:51+00:00\",\"dateModified\":\"2019-08-13T11:52:18+00:00\",\"description\":\"P\u0159e\u010dt\u011bte si n\u00e1vod, jak nahr\u00e1t instalaci a konfigurovat TemplateToaster Joomla Templates\",\"breadcrumb\":{\"@id\":\"https:\/\/templatetoaster.com\/cs\/joomla#breadcrumb\"},\"inLanguage\":\"cs\",\"potentialAction\":[{\"@type\":\"ReadAction\",\"target\":[\"https:\/\/templatetoaster.com\/cs\/joomla\"]}]},{\"@type\":\"ImageObject\",\"inLanguage\":\"cs\",\"@id\":\"https:\/\/templatetoaster.com\/cs\/joomla#primaryimage\",\"url\":\"https:\/\/templatetoaster.com\/wp-content\/uploads\/2018\/02\/youtube.png\",\"contentUrl\":\"https:\/\/templatetoaster.com\/wp-content\/uploads\/2018\/02\/youtube.png\"},{\"@type\":\"BreadcrumbList\",\"@id\":\"https:\/\/templatetoaster.com\/cs\/joomla#breadcrumb\",\"itemListElement\":[{\"@type\":\"ListItem\",\"position\":1,\"name\":\"Home\",\"item\":\"https:\/\/templatetoaster.com\/cs\"},{\"@type\":\"ListItem\",\"position\":2,\"name\":\"Jak nahr\u00e1t instalaci a konfiguraci \u0161ablon Joomla\"}]},{\"@type\":\"WebSite\",\"@id\":\"https:\/\/templatetoaster.com\/#website\",\"url\":\"https:\/\/templatetoaster.com\/\",\"name\":\"TemplateToaster\",\"description\":\"\",\"publisher\":{\"@id\":\"https:\/\/templatetoaster.com\/#organization\"},\"inLanguage\":\"cs\"},{\"@type\":\"Organization\",\"@id\":\"https:\/\/templatetoaster.com\/#organization\",\"name\":\"TemplateToaster\",\"url\":\"https:\/\/templatetoaster.com\/\",\"logo\":{\"@type\":\"ImageObject\",\"inLanguage\":\"cs\",\"@id\":\"https:\/\/templatetoaster.com\/#\/schema\/logo\/image\/\",\"url\":\"https:\/\/templatetoaster.com\/wp-content\/uploads\/2019\/11\/TemplateToaster_Logo.jpg\",\"contentUrl\":\"https:\/\/templatetoaster.com\/wp-content\/uploads\/2019\/11\/TemplateToaster_Logo.jpg\",\"width\":85,\"height\":85,\"caption\":\"TemplateToaster\"},\"image\":{\"@id\":\"https:\/\/templatetoaster.com\/#\/schema\/logo\/image\/\"},\"sameAs\":[\"https:\/\/www.facebook.com\/TemplateToaster\",\"https:\/\/x.com\/templatetoaster\",\"https:\/\/www.instagram.com\/templatetoaster\/\",\"https:\/\/www.linkedin.com\/company\/templatetoaster\/\",\"https:\/\/www.pinterest.com\/templatetoaster\/\",\"https:\/\/www.youtube.com\/@TemplateToaster\"]}]}<\/script>\n<!-- \/ Yoast SEO plugin. -->","yoast_head_json":{"title":"Jak nahr\u00e1t instalaci a konfiguraci \u0161ablon Joomla - TemplateToaster","description":"P\u0159e\u010dt\u011bte si n\u00e1vod, jak nahr\u00e1t instalaci a konfigurovat TemplateToaster Joomla Templates","robots":{"index":"index","follow":"follow","max-snippet":"max-snippet:-1","max-image-preview":"max-image-preview:large","max-video-preview":"max-video-preview:-1"},"canonical":"https:\/\/templatetoaster.com\/cs\/joomla","og_locale":"cs_CZ","og_type":"article","og_title":"Jak nahr\u00e1t instalaci a konfiguraci \u0161ablon Joomla - TemplateToaster","og_description":"P\u0159e\u010dt\u011bte si n\u00e1vod, jak nahr\u00e1t instalaci a konfigurovat TemplateToaster Joomla Templates","og_url":"https:\/\/templatetoaster.com\/cs\/joomla","og_site_name":"TemplateToaster","article_publisher":"https:\/\/www.facebook.com\/TemplateToaster","article_modified_time":"2019-08-13T11:52:18+00:00","og_image":[{"url":"https:\/\/templatetoaster.com\/wp-content\/uploads\/2018\/02\/youtube.png"}],"twitter_card":"summary_large_image","twitter_site":"@templatetoaster","twitter_misc":{"Odhadovan\u00e1 doba \u010dten\u00ed":"2 minuty"},"schema":{"@context":"https:\/\/schema.org","@graph":[{"@type":"WebPage","@id":"https:\/\/templatetoaster.com\/cs\/joomla","url":"https:\/\/templatetoaster.com\/cs\/joomla","name":"Jak nahr\u00e1t instalaci a konfiguraci \u0161ablon Joomla - TemplateToaster","isPartOf":{"@id":"https:\/\/templatetoaster.com\/#website"},"primaryImageOfPage":{"@id":"https:\/\/templatetoaster.com\/cs\/joomla#primaryimage"},"image":{"@id":"https:\/\/templatetoaster.com\/cs\/joomla#primaryimage"},"thumbnailUrl":"https:\/\/templatetoaster.com\/wp-content\/uploads\/2018\/02\/youtube.png","datePublished":"2018-04-05T06:56:51+00:00","dateModified":"2019-08-13T11:52:18+00:00","description":"P\u0159e\u010dt\u011bte si n\u00e1vod, jak nahr\u00e1t instalaci a konfigurovat TemplateToaster Joomla Templates","breadcrumb":{"@id":"https:\/\/templatetoaster.com\/cs\/joomla#breadcrumb"},"inLanguage":"cs","potentialAction":[{"@type":"ReadAction","target":["https:\/\/templatetoaster.com\/cs\/joomla"]}]},{"@type":"ImageObject","inLanguage":"cs","@id":"https:\/\/templatetoaster.com\/cs\/joomla#primaryimage","url":"https:\/\/templatetoaster.com\/wp-content\/uploads\/2018\/02\/youtube.png","contentUrl":"https:\/\/templatetoaster.com\/wp-content\/uploads\/2018\/02\/youtube.png"},{"@type":"BreadcrumbList","@id":"https:\/\/templatetoaster.com\/cs\/joomla#breadcrumb","itemListElement":[{"@type":"ListItem","position":1,"name":"Home","item":"https:\/\/templatetoaster.com\/cs"},{"@type":"ListItem","position":2,"name":"Jak nahr\u00e1t instalaci a konfiguraci \u0161ablon Joomla"}]},{"@type":"WebSite","@id":"https:\/\/templatetoaster.com\/#website","url":"https:\/\/templatetoaster.com\/","name":"TemplateToaster","description":"","publisher":{"@id":"https:\/\/templatetoaster.com\/#organization"},"inLanguage":"cs"},{"@type":"Organization","@id":"https:\/\/templatetoaster.com\/#organization","name":"TemplateToaster","url":"https:\/\/templatetoaster.com\/","logo":{"@type":"ImageObject","inLanguage":"cs","@id":"https:\/\/templatetoaster.com\/#\/schema\/logo\/image\/","url":"https:\/\/templatetoaster.com\/wp-content\/uploads\/2019\/11\/TemplateToaster_Logo.jpg","contentUrl":"https:\/\/templatetoaster.com\/wp-content\/uploads\/2019\/11\/TemplateToaster_Logo.jpg","width":85,"height":85,"caption":"TemplateToaster"},"image":{"@id":"https:\/\/templatetoaster.com\/#\/schema\/logo\/image\/"},"sameAs":["https:\/\/www.facebook.com\/TemplateToaster","https:\/\/x.com\/templatetoaster","https:\/\/www.instagram.com\/templatetoaster\/","https:\/\/www.linkedin.com\/company\/templatetoaster\/","https:\/\/www.pinterest.com\/templatetoaster\/","https:\/\/www.youtube.com\/@TemplateToaster"]}]}},"_links":{"self":[{"href":"https:\/\/templatetoaster.com\/cs\/wp-json\/wp\/v2\/pages\/3682"}],"collection":[{"href":"https:\/\/templatetoaster.com\/cs\/wp-json\/wp\/v2\/pages"}],"about":[{"href":"https:\/\/templatetoaster.com\/cs\/wp-json\/wp\/v2\/types\/page"}],"author":[{"embeddable":true,"href":"https:\/\/templatetoaster.com\/cs\/wp-json\/wp\/v2\/users\/1"}],"replies":[{"embeddable":true,"href":"https:\/\/templatetoaster.com\/cs\/wp-json\/wp\/v2\/comments?post=3682"}],"version-history":[{"count":3,"href":"https:\/\/templatetoaster.com\/cs\/wp-json\/wp\/v2\/pages\/3682\/revisions"}],"predecessor-version":[{"id":64454,"href":"https:\/\/templatetoaster.com\/cs\/wp-json\/wp\/v2\/pages\/3682\/revisions\/64454"}],"wp:attachment":[{"href":"https:\/\/templatetoaster.com\/cs\/wp-json\/wp\/v2\/media?parent=3682"}],"curies":[{"name":"wp","href":"https:\/\/api.w.org\/{rel}","templated":true}]}}